{"id":22230,"date":"2025-01-17T09:10:07","date_gmt":"2025-01-17T09:10:07","guid":{"rendered":"https:\/\/tajkertesz.com\/?post_type=product&#038;p=22230"},"modified":"2026-02-12T14:14:38","modified_gmt":"2026-02-12T14:14:38","slug":"palantanevelo-keszlet-68db-os","status":"publish","type":"product","link":"https:\/\/tajkertesz.com\/en_US\/product\/palantanevelo-keszlet-68db-os\/","title":{"rendered":"Pal\u00e1ntanevel\u0151 k\u00e9szlet 68db-os"},"content":{"rendered":"<h2>Pal\u00e1ntanevel\u0151 k\u00e9szlet 68db-os<\/h2>\n<p>Pal\u00e1ntanevel\u0151 k\u00e9szlet 68db-os<\/p>\n<p>M\u00e1rka: Strend pro garden<\/p>\n<p>Meleg\u00e1gy m\u00e9rete: 37,5x23x6 cm<\/p>\n<p>T\u00f6bb r\u00e9szes pal\u00e1ntanevel\u0151 k\u00e9szlet mely pal\u00e1nt\u00e1z\u00f3 t\u00e1lc\u00e1t, bio leboml\u00f3 cserepeket, keszty\u0171t, jelt\u00e1bl\u00e1kat, \u00fcltet\u0151eszk\u00f6z\u00f6ket \u00e9s ceruz\u00e1t is tartalmaz.<\/p>\n<p>A mini meleg\u00e1gy nagyszer\u0171 seg\u00edt\u0151 az \u00e1t\u00fcltetett n\u00f6v\u00e9nyek, f\u0171szern\u00f6v\u00e9nyek termeszt\u00e9s\u00e9hez \u00e9s a dugv\u00e1nyok gy\u00f6kerez\u00e9s\u00e9hez. Alkalmas belt\u00e9ri haszn\u00e1latra, p\u00e9ld\u00e1ul ablakp\u00e1rk\u00e1nyra vagy erk\u00e9lyre.<\/p>\n<div id=\"AQ7Eo9nkL3XMFmRTJJoLi-user-message\" tabindex=\"0\" role=\"article\" data-tabster=\"{&quot;groupper&quot;:{&quot;tabbability&quot;:2},&quot;focusable&quot;:{}}\" aria-labelledby=\"AQ7Eo9nkL3XMFmRTJJoLi-user-message\">\n<div data-content=\"user-message\">\n<h4>Mi\u00e9rt haszn\u00e1ljunk mini meleg\u00e1gyat magvet\u00e9sn\u00e9l?<\/h4>\n<\/div>\n<\/div>\n<div tabindex=\"0\" role=\"article\" data-tabster=\"{&quot;groupper&quot;:{&quot;tabbability&quot;:2},&quot;focusable&quot;:{}}\" data-content=\"ai-message\" aria-labelledby=\"jt7GjQqYfujX76PcVUR9r-author} jt7GjQqYfujX76PcVUR9r-content-0\">\n<div id=\"jt7GjQqYfujX76PcVUR9r-content-0\" class=\"space-y-3 break-words\">\n<p>A mini meleg\u00e1gyak haszn\u00e1lata t\u00f6bb el\u0151nyt is k\u00edn\u00e1l a magvet\u00e9sn\u00e9l. \u00cdme n\u00e9h\u00e1ny ok, ami\u00e9rt \u00e9rdemes \u0151ket haszn\u00e1lni:<\/p>\n<ol start=\"1\">\n<li><strong>H\u0151m\u00e9rs\u00e9klet-szab\u00e1lyoz\u00e1s<\/strong>: A mini meleg\u00e1gyak lehet\u0151v\u00e9 teszik, hogy szab\u00e1lyozzuk a h\u0151m\u00e9rs\u00e9kletet, ami k\u00fcl\u00f6n\u00f6sen hasznos a hidegebb h\u00f3napokban. Ez\u00e1ltal a magok gyorsabban \u00e9s egyenletesebben cs\u00edr\u00e1znak.<\/li>\n<li><strong>V\u00e9delem a k\u00fcls\u0151 t\u00e9nyez\u0151kt\u0151l<\/strong>: A mini meleg\u00e1gyak v\u00e9delmet ny\u00fajtanak a sz\u00e9lt\u0151l, es\u0151t\u0151l, hidegt\u0151l \u00e9s k\u00e1rtev\u0151kt\u0151l, \u00edgy a magok biztons\u00e1gban fejl\u0151dhetnek.<\/li>\n<li><strong>Optim\u00e1lis p\u00e1ratartalom<\/strong>: A meleg\u00e1gyak seg\u00edtenek fenntartani az optim\u00e1lis p\u00e1ratartalmat, amely elengedhetetlen a magvak eg\u00e9szs\u00e9ges cs\u00edr\u00e1z\u00e1s\u00e1hoz \u00e9s n\u00f6veked\u00e9s\u00e9hez.<\/li>\n<li><strong>Korai vet\u00e9s<\/strong>: A mini meleg\u00e1gyak haszn\u00e1lat\u00e1val kor\u00e1bban kezdhetj\u00fck a vet\u00e9st, ami hosszabb n\u00f6veked\u00e9si id\u0151szakot biztos\u00edt a n\u00f6v\u00e9nyek sz\u00e1m\u00e1ra.<\/li>\n<li><strong>Helytakar\u00e9koss\u00e1g<\/strong>: Kis m\u00e9ret\u00fck miatt ak\u00e1r egy erk\u00e9lyen vagy ablakp\u00e1rk\u00e1nyon is elhelyezhet\u0151k, \u00edgy helyhi\u00e1ny eset\u00e9n is megold\u00e1st ny\u00fajtanak.<\/li>\n<\/ol>\n<div id=\"6RH7TuxB93z8iqRT8LXJP-user-message\" tabindex=\"0\" role=\"article\" data-tabster=\"{&quot;groupper&quot;:{&quot;tabbability&quot;:2},&quot;focusable&quot;:{}}\" aria-labelledby=\"6RH7TuxB93z8iqRT8LXJP-user-message\">\n<div data-content=\"user-message\">\n<h4>Mib\u0151l van a leboml\u00f3 cser\u00e9p?<\/h4>\n<\/div>\n<\/div>\n<div tabindex=\"0\" role=\"article\" data-tabster=\"{&quot;groupper&quot;:{&quot;tabbability&quot;:2},&quot;focusable&quot;:{}}\" data-content=\"ai-message\" aria-labelledby=\"zU3fzrCTzPuQAQeZCBCUV-author} zU3fzrCTzPuQAQeZCBCUV-content-0\">\n<div id=\"zU3fzrCTzPuQAQeZCBCUV-content-0\" class=\"space-y-3 break-words\">\n<p>A leboml\u00f3 cserepek k\u00f6rnyezetbar\u00e1t anyagokb\u00f3l k\u00e9sz\u00fclnek, amelyek a talajban term\u00e9szetes \u00faton lebomlanak.<\/p>\n<p><strong>Pap\u00edr cser\u00e9p<\/strong>: \u00dajrahasznos\u00edtott pap\u00edrb\u00f3l k\u00e9sz\u00fclt cserepek, amelyek k\u00f6nnyen lebomlanak \u00e9s kev\u00e9sb\u00e9 terhelik a k\u00f6rnyezetet.<\/p>\n<p>Ezek az anyagok lehet\u0151v\u00e9 teszik, hogy a pal\u00e1nt\u00e1k \u00e1t\u00fcltet\u00e9sekor a cserepet ne kelljen elt\u00e1vol\u00edtani, mivel az mag\u00e1t\u00f3l lebomlik a talajban, \u00e9s t\u00e1panyagokkal l\u00e1tja el a n\u00f6v\u00e9nyt.<\/p>\n<\/div>\n<\/div>\n<\/div>\n<\/div>\n<h4>Csomag tartalma:<\/h4>\n<ul>\n<li>1db t\u00e1lca<\/li>\n<li>1db \u00e1tl\u00e1tsz\u00f3 tet\u0151<\/li>\n<li>1db ceruza<\/li>\n<li>1 p\u00e1r keszty\u0171<\/li>\n<li>20db jelt\u00e1bla<\/li>\n<li>2db \u00fcltet\u0151 eszk\u00f6z<\/li>\n<li>40db pal\u00e1nt\u00e1z\u00f3 leboml\u00f3 cser\u00e9p<\/li>\n<li>2db leboml\u00f3 t\u00e1lca<\/li>\n<\/ul>\n<p>&nbsp;<\/p>\n<p style=\"line-height: 18.0pt; background: white; margin: 0cm 0cm 15.0pt 0cm;\"><b><span style=\"font-family: 'Ubuntu',sans-serif; color: black;\">K\u00e9szlet\u00fcnk napi szinten v\u00e1ltozik, ez\u00e9rt k\u00e9rj\u00fck, \u00e9rdekl\u0151dj\u00f6n szem\u00e9lyesen, telefonon vagy email-en.<br \/>\nA v\u00e1ltoztat\u00e1s jog\u00e1t fenntartjuk!\u00a0<\/span><\/b><\/p>\n<p><a href=\"https:\/\/tajkertesz.com\/\">https:\/\/tajkertesz.com\/<\/a><\/p>\n<p><a href=\"https:\/\/www.facebook.com\/tajkertesz\/\">https:\/\/www.facebook.com\/tajkertesz\/<\/a><\/p>\n<p>Kisz\u00e1ll\u00edt\u00e1s: 200cm-ig \u00e9s 40 kg-ig a sz\u00e1ll\u00edt\u00e1s fut\u00e1rszolg\u00e1lattal t\u00f6rt\u00e9nik.<\/p>\n<p>Szem\u00e9lyes \u00e1tv\u00e9tel nyitvatart\u00e1si id\u0151ben a 17. ker\u00fclet Bakancsos utca 7. sz\u00e1m alatti Kert\u00e9szeti \u00e1rud\u00e1nkban.<\/p>\n<p>Kert\u00e9p\u00edt\u0151k \u00e9s viszontelad\u00f3k regisztr\u00e1l\u00e1s ut\u00e1n egyedi kedvezm\u00e9nnyel v\u00e1s\u00e1rolhatnak kert\u00e9szeti kis-\u00e9s nagykeresked\u00e9s\u00fcnkben.<\/p>\n<p>A logisztikai c\u00e9ggel t\u00f6rt\u00e9n\u0151 sz\u00e1ll\u00edt\u00e1s eset\u00e9n a partnereink\u00a0esetleges a\u00a0cs\u00fasz\u00e1sai\u00e9rt nem v\u00e1llalunk felel\u0151ss\u00e9get!<\/p>\n<p><strong>Az \u00e1rak egy darab term\u00e9kre vonatkoznak.<\/strong><\/p>\n<p>&nbsp;<\/p>\n<p>&nbsp;<\/p>\n<p>&nbsp;<\/p>","protected":false},"excerpt":{"rendered":"<p>T\u00f6bb r\u00e9szes pal\u00e1ntanevel\u0151 k\u00e9szlet mely pal\u00e1nt\u00e1z\u00f3 t\u00e1lc\u00e1kat, bio leboml\u00f3 cserepeket, keszty\u0171t, jelt\u00e1bl\u00e1kat, \u00fcltet\u0151eszk\u00f6z\u00f6ket \u00e9s ceruz\u00e1t is tartalmaz.<\/p>\n<p>&nbsp;<\/p>","protected":false},"featured_media":22231,"template":"","meta":{"_et_pb_use_builder":"","_et_pb_old_content":"","_et_gb_content_width":""},"product_brand":[],"product_cat":[3652],"product_tag":[5624,1467,5623,5625,1022],"class_list":{"0":"post-22230","1":"product","2":"type-product","3":"status-publish","4":"has-post-thumbnail","6":"product_cat-magvetes-palantazas","7":"product_tag-magvetes","8":"product_tag-palanta","9":"product_tag-palantanevelo","10":"product_tag-palantazas","11":"product_tag-strend-pro","13":"first","14":"instock","15":"shipping-taxable","16":"purchasable","17":"product-type-simple"},"yoast_head":"<!-- This site is optimized with the Yoast SEO plugin v27.5 - https:\/\/yoast.com\/product\/yoast-seo-wordpress\/ -->\n<title>Pal\u00e1ntanevel\u0151 k\u00e9szlet 68db-os - T\u00e1jkert\u00e9sz<\/title>\n<meta name=\"description\" content=\"Pal\u00e1ntanevel\u0151 k\u00e9szlet 68db-os. T\u00f6bb r\u00e9szes pal\u00e1ntanevel\u0151 k\u00e9szlet mely bio leboml\u00f3 cserepeket, keszty\u0171t, jelt\u00e1bl\u00e1kat, \u00fcltet\u0151eszk\u00f6z\u00f6ket \u00e9s ceruz\u00e1t is tar...\" \/>\n<meta name=\"robots\" content=\"index, follow, max-snippet:-1, max-image-preview:large, max-video-preview:-1\" \/>\n<link rel=\"canonical\" href=\"https:\/\/tajkertesz.com\/en_US\/product\/palantanevelo-keszlet-68db-os\/\" \/>\n<meta property=\"og:locale\" content=\"en_US\" \/>\n<meta property=\"og:type\" content=\"article\" \/>\n<meta property=\"og:title\" content=\"Pal\u00e1ntanevel\u0151 k\u00e9szlet 68db-os - T\u00e1jkert\u00e9sz\" \/>\n<meta property=\"og:description\" content=\"Pal\u00e1ntanevel\u0151 k\u00e9szlet 68db-os. T\u00f6bb r\u00e9szes pal\u00e1ntanevel\u0151 k\u00e9szlet mely bio leboml\u00f3 cserepeket, keszty\u0171t, jelt\u00e1bl\u00e1kat, \u00fcltet\u0151eszk\u00f6z\u00f6ket \u00e9s ceruz\u00e1t is tar...\" \/>\n<meta property=\"og:url\" content=\"https:\/\/tajkertesz.com\/en_US\/product\/palantanevelo-keszlet-68db-os\/\" \/>\n<meta property=\"og:site_name\" content=\"T\u00e1jkert\u00e9sz\" \/>\n<meta property=\"article:publisher\" content=\"https:\/\/www.facebook.com\/Tajkertesz\/\" \/>\n<meta property=\"article:modified_time\" content=\"2026-02-12T14:14:38+00:00\" \/>\n<meta property=\"og:image\" content=\"https:\/\/tajkertesz.com\/wp-content\/uploads\/2025\/01\/20250117_093003-1-scaled.jpg\" \/>\n\t<meta property=\"og:image:width\" content=\"2560\" \/>\n\t<meta property=\"og:image:height\" content=\"1588\" \/>\n\t<meta property=\"og:image:type\" content=\"image\/jpeg\" \/>\n<meta name=\"twitter:card\" content=\"summary_large_image\" \/>\n<meta name=\"twitter:label1\" content=\"Est. reading time\" \/>\n\t<meta name=\"twitter:data1\" content=\"2 minutes\" \/>\n<script type=\"application\/ld+json\" class=\"yoast-schema-graph\">{\"@context\":\"https:\\\/\\\/schema.org\",\"@graph\":[{\"@type\":\"WebPage\",\"@id\":\"https:\\\/\\\/tajkertesz.com\\\/termek\\\/palantanevelo-keszlet-68db-os\\\/\",\"url\":\"https:\\\/\\\/tajkertesz.com\\\/termek\\\/palantanevelo-keszlet-68db-os\\\/\",\"name\":\"Pal\u00e1ntanevel\u0151 k\u00e9szlet 68db-os - T\u00e1jkert\u00e9sz\",\"isPartOf\":{\"@id\":\"https:\\\/\\\/tajkertesz.com\\\/#website\"},\"primaryImageOfPage\":{\"@id\":\"https:\\\/\\\/tajkertesz.com\\\/termek\\\/palantanevelo-keszlet-68db-os\\\/#primaryimage\"},\"image\":{\"@id\":\"https:\\\/\\\/tajkertesz.com\\\/termek\\\/palantanevelo-keszlet-68db-os\\\/#primaryimage\"},\"thumbnailUrl\":\"https:\\\/\\\/tajkertesz.com\\\/wp-content\\\/uploads\\\/2025\\\/01\\\/20250117_093003-1-scaled.jpg\",\"datePublished\":\"2025-01-17T09:10:07+00:00\",\"dateModified\":\"2026-02-12T14:14:38+00:00\",\"description\":\"Pal\u00e1ntanevel\u0151 k\u00e9szlet 68db-os. T\u00f6bb r\u00e9szes pal\u00e1ntanevel\u0151 k\u00e9szlet mely bio leboml\u00f3 cserepeket, keszty\u0171t, jelt\u00e1bl\u00e1kat, \u00fcltet\u0151eszk\u00f6z\u00f6ket \u00e9s ceruz\u00e1t is tar...\",\"breadcrumb\":{\"@id\":\"https:\\\/\\\/tajkertesz.com\\\/termek\\\/palantanevelo-keszlet-68db-os\\\/#breadcrumb\"},\"inLanguage\":\"en-US\",\"potentialAction\":[{\"@type\":\"ReadAction\",\"target\":[\"https:\\\/\\\/tajkertesz.com\\\/termek\\\/palantanevelo-keszlet-68db-os\\\/\"]}]},{\"@type\":\"ImageObject\",\"inLanguage\":\"en-US\",\"@id\":\"https:\\\/\\\/tajkertesz.com\\\/termek\\\/palantanevelo-keszlet-68db-os\\\/#primaryimage\",\"url\":\"https:\\\/\\\/tajkertesz.com\\\/wp-content\\\/uploads\\\/2025\\\/01\\\/20250117_093003-1-scaled.jpg\",\"contentUrl\":\"https:\\\/\\\/tajkertesz.com\\\/wp-content\\\/uploads\\\/2025\\\/01\\\/20250117_093003-1-scaled.jpg\",\"width\":2560,\"height\":1588,\"caption\":\"Pal\u00e1nta nevel\u0151 k\u00e9szlet 68db-os\"},{\"@type\":\"BreadcrumbList\",\"@id\":\"https:\\\/\\\/tajkertesz.com\\\/termek\\\/palantanevelo-keszlet-68db-os\\\/#breadcrumb\",\"itemListElement\":[{\"@type\":\"ListItem\",\"position\":1,\"name\":\"Home\",\"item\":\"https:\\\/\\\/tajkertesz.com\\\/\"},{\"@type\":\"ListItem\",\"position\":2,\"name\":\"Kezd\u0151lap\",\"item\":\"https:\\\/\\\/tajkertesz.com\\\/\"},{\"@type\":\"ListItem\",\"position\":3,\"name\":\"Pal\u00e1ntanevel\u0151 k\u00e9szlet 68db-os\"}]},{\"@type\":\"WebSite\",\"@id\":\"https:\\\/\\\/tajkertesz.com\\\/#website\",\"url\":\"https:\\\/\\\/tajkertesz.com\\\/\",\"name\":\"T\u00e1j-Kert\u00e9sz 84 Kft.\",\"description\":\"Kert\u00e9szeti kis- \u00e9s nagykeresked\u00e9s, D\u00edszn\u00f6v\u00e9ny web\u00e1ruh\u00e1z orsz\u00e1gos h\u00e1zhozsz\u00e1ll\u00edt\u00e1ssal!\",\"publisher\":{\"@id\":\"https:\\\/\\\/tajkertesz.com\\\/#organization\"},\"potentialAction\":[{\"@type\":\"SearchAction\",\"target\":{\"@type\":\"EntryPoint\",\"urlTemplate\":\"https:\\\/\\\/tajkertesz.com\\\/?s={search_term_string}\"},\"query-input\":{\"@type\":\"PropertyValueSpecification\",\"valueRequired\":true,\"valueName\":\"search_term_string\"}}],\"inLanguage\":\"en-US\"},{\"@type\":\"Organization\",\"@id\":\"https:\\\/\\\/tajkertesz.com\\\/#organization\",\"name\":\"T\u00e1j-Kert\u00e9sz 84 Kft.\",\"url\":\"https:\\\/\\\/tajkertesz.com\\\/\",\"logo\":{\"@type\":\"ImageObject\",\"inLanguage\":\"en-US\",\"@id\":\"https:\\\/\\\/tajkertesz.com\\\/#\\\/schema\\\/logo\\\/image\\\/\",\"url\":\"https:\\\/\\\/tajkertesz.com\\\/wp-content\\\/uploads\\\/2018\\\/02\\\/logo-2-e1518678052539.png\",\"contentUrl\":\"https:\\\/\\\/tajkertesz.com\\\/wp-content\\\/uploads\\\/2018\\\/02\\\/logo-2-e1518678052539.png\",\"width\":81,\"height\":140,\"caption\":\"T\u00e1j-Kert\u00e9sz 84 Kft.\"},\"image\":{\"@id\":\"https:\\\/\\\/tajkertesz.com\\\/#\\\/schema\\\/logo\\\/image\\\/\"},\"sameAs\":[\"https:\\\/\\\/www.facebook.com\\\/Tajkertesz\\\/\"]}]}<\/script>\n<!-- \/ Yoast SEO plugin. -->","yoast_head_json":{"title":"Pal\u00e1ntanevel\u0151 k\u00e9szlet 68db-os - T\u00e1jkert\u00e9sz","description":"Pal\u00e1ntanevel\u0151 k\u00e9szlet 68db-os. T\u00f6bb r\u00e9szes pal\u00e1ntanevel\u0151 k\u00e9szlet mely bio leboml\u00f3 cserepeket, keszty\u0171t, jelt\u00e1bl\u00e1kat, \u00fcltet\u0151eszk\u00f6z\u00f6ket \u00e9s ceruz\u00e1t is tar...","robots":{"index":"index","follow":"follow","max-snippet":"max-snippet:-1","max-image-preview":"max-image-preview:large","max-video-preview":"max-video-preview:-1"},"canonical":"https:\/\/tajkertesz.com\/en_US\/product\/palantanevelo-keszlet-68db-os\/","og_locale":"en_US","og_type":"article","og_title":"Pal\u00e1ntanevel\u0151 k\u00e9szlet 68db-os - T\u00e1jkert\u00e9sz","og_description":"Pal\u00e1ntanevel\u0151 k\u00e9szlet 68db-os. T\u00f6bb r\u00e9szes pal\u00e1ntanevel\u0151 k\u00e9szlet mely bio leboml\u00f3 cserepeket, keszty\u0171t, jelt\u00e1bl\u00e1kat, \u00fcltet\u0151eszk\u00f6z\u00f6ket \u00e9s ceruz\u00e1t is tar...","og_url":"https:\/\/tajkertesz.com\/en_US\/product\/palantanevelo-keszlet-68db-os\/","og_site_name":"T\u00e1jkert\u00e9sz","article_publisher":"https:\/\/www.facebook.com\/Tajkertesz\/","article_modified_time":"2026-02-12T14:14:38+00:00","og_image":[{"width":2560,"height":1588,"url":"https:\/\/tajkertesz.com\/wp-content\/uploads\/2025\/01\/20250117_093003-1-scaled.jpg","type":"image\/jpeg"}],"twitter_card":"summary_large_image","twitter_misc":{"Est. reading time":"2 minutes"},"schema":{"@context":"https:\/\/schema.org","@graph":[{"@type":"WebPage","@id":"https:\/\/tajkertesz.com\/termek\/palantanevelo-keszlet-68db-os\/","url":"https:\/\/tajkertesz.com\/termek\/palantanevelo-keszlet-68db-os\/","name":"Pal\u00e1ntanevel\u0151 k\u00e9szlet 68db-os - T\u00e1jkert\u00e9sz","isPartOf":{"@id":"https:\/\/tajkertesz.com\/#website"},"primaryImageOfPage":{"@id":"https:\/\/tajkertesz.com\/termek\/palantanevelo-keszlet-68db-os\/#primaryimage"},"image":{"@id":"https:\/\/tajkertesz.com\/termek\/palantanevelo-keszlet-68db-os\/#primaryimage"},"thumbnailUrl":"https:\/\/tajkertesz.com\/wp-content\/uploads\/2025\/01\/20250117_093003-1-scaled.jpg","datePublished":"2025-01-17T09:10:07+00:00","dateModified":"2026-02-12T14:14:38+00:00","description":"Pal\u00e1ntanevel\u0151 k\u00e9szlet 68db-os. T\u00f6bb r\u00e9szes pal\u00e1ntanevel\u0151 k\u00e9szlet mely bio leboml\u00f3 cserepeket, keszty\u0171t, jelt\u00e1bl\u00e1kat, \u00fcltet\u0151eszk\u00f6z\u00f6ket \u00e9s ceruz\u00e1t is tar...","breadcrumb":{"@id":"https:\/\/tajkertesz.com\/termek\/palantanevelo-keszlet-68db-os\/#breadcrumb"},"inLanguage":"en-US","potentialAction":[{"@type":"ReadAction","target":["https:\/\/tajkertesz.com\/termek\/palantanevelo-keszlet-68db-os\/"]}]},{"@type":"ImageObject","inLanguage":"en-US","@id":"https:\/\/tajkertesz.com\/termek\/palantanevelo-keszlet-68db-os\/#primaryimage","url":"https:\/\/tajkertesz.com\/wp-content\/uploads\/2025\/01\/20250117_093003-1-scaled.jpg","contentUrl":"https:\/\/tajkertesz.com\/wp-content\/uploads\/2025\/01\/20250117_093003-1-scaled.jpg","width":2560,"height":1588,"caption":"Pal\u00e1nta nevel\u0151 k\u00e9szlet 68db-os"},{"@type":"BreadcrumbList","@id":"https:\/\/tajkertesz.com\/termek\/palantanevelo-keszlet-68db-os\/#breadcrumb","itemListElement":[{"@type":"ListItem","position":1,"name":"Home","item":"https:\/\/tajkertesz.com\/"},{"@type":"ListItem","position":2,"name":"Kezd\u0151lap","item":"https:\/\/tajkertesz.com\/"},{"@type":"ListItem","position":3,"name":"Pal\u00e1ntanevel\u0151 k\u00e9szlet 68db-os"}]},{"@type":"WebSite","@id":"https:\/\/tajkertesz.com\/#website","url":"https:\/\/tajkertesz.com\/","name":"T\u00e1j-Kert\u00e9sz 84 Kft.","description":"Kert\u00e9szeti kis- \u00e9s nagykeresked\u00e9s, D\u00edszn\u00f6v\u00e9ny web\u00e1ruh\u00e1z orsz\u00e1gos h\u00e1zhozsz\u00e1ll\u00edt\u00e1ssal!","publisher":{"@id":"https:\/\/tajkertesz.com\/#organization"},"potentialAction":[{"@type":"SearchAction","target":{"@type":"EntryPoint","urlTemplate":"https:\/\/tajkertesz.com\/?s={search_term_string}"},"query-input":{"@type":"PropertyValueSpecification","valueRequired":true,"valueName":"search_term_string"}}],"inLanguage":"en-US"},{"@type":"Organization","@id":"https:\/\/tajkertesz.com\/#organization","name":"T\u00e1j-Kert\u00e9sz 84 Kft.","url":"https:\/\/tajkertesz.com\/","logo":{"@type":"ImageObject","inLanguage":"en-US","@id":"https:\/\/tajkertesz.com\/#\/schema\/logo\/image\/","url":"https:\/\/tajkertesz.com\/wp-content\/uploads\/2018\/02\/logo-2-e1518678052539.png","contentUrl":"https:\/\/tajkertesz.com\/wp-content\/uploads\/2018\/02\/logo-2-e1518678052539.png","width":81,"height":140,"caption":"T\u00e1j-Kert\u00e9sz 84 Kft."},"image":{"@id":"https:\/\/tajkertesz.com\/#\/schema\/logo\/image\/"},"sameAs":["https:\/\/www.facebook.com\/Tajkertesz\/"]}]}},"_links":{"self":[{"href":"https:\/\/tajkertesz.com\/en_US\/wp-json\/wp\/v2\/product\/22230","targetHints":{"allow":["GET"]}}],"collection":[{"href":"https:\/\/tajkertesz.com\/en_US\/wp-json\/wp\/v2\/product"}],"about":[{"href":"https:\/\/tajkertesz.com\/en_US\/wp-json\/wp\/v2\/types\/product"}],"wp:featuredmedia":[{"embeddable":true,"href":"https:\/\/tajkertesz.com\/en_US\/wp-json\/wp\/v2\/media\/22231"}],"wp:attachment":[{"href":"https:\/\/tajkertesz.com\/en_US\/wp-json\/wp\/v2\/media?parent=22230"}],"wp:term":[{"taxonomy":"product_brand","embeddable":true,"href":"https:\/\/tajkertesz.com\/en_US\/wp-json\/wp\/v2\/product_brand?post=22230"},{"taxonomy":"product_cat","embeddable":true,"href":"https:\/\/tajkertesz.com\/en_US\/wp-json\/wp\/v2\/product_cat?post=22230"},{"taxonomy":"product_tag","embeddable":true,"href":"https:\/\/tajkertesz.com\/en_US\/wp-json\/wp\/v2\/product_tag?post=22230"}],"curies":[{"name":"wp","href":"https:\/\/api.w.org\/{rel}","templated":true}]}}