{"id":2224,"date":"2020-10-12T11:10:27","date_gmt":"2020-10-12T11:10:27","guid":{"rendered":"https:\/\/tajkertesz.com\/?post_type=product&#038;p=2224"},"modified":"2025-11-02T09:39:31","modified_gmt":"2025-11-02T09:39:31","slug":"agrecol-oszi-univerzalis-tragya-3-kg","status":"publish","type":"product","link":"https:\/\/tajkertesz.com\/en_US\/product\/agrecol-oszi-univerzalis-tragya-3-kg\/","title":{"rendered":"Agrecol , \u0150szi Univerz\u00e1lis tr\u00e1gya 3 kg"},"content":{"rendered":"<div id=\"bodyContent\" class=\"mw-body-content\">\n<div id=\"mw-content-text\" class=\"mw-content-ltr\" dir=\"ltr\" lang=\"hu\">\n<div id=\"bodyContent\" class=\"mw-body-content\">\n<div id=\"mw-content-text\" class=\"mw-content-ltr\" dir=\"ltr\" lang=\"hu\"><\/div>\n<\/div>\n<\/div>\n<\/div>\n<p><strong>Az Agrecol\u00a0 , \u0150szi Univerz\u00e1lis tr\u00e1gya 3 kg<em><strong>\u00a0 magas k\u00e1lium tartalom biztos\u00edtja a n\u00f6v\u00e9nyeket t\u00e9li\u00a0k\u00f6r\u00fclm\u00e9nyekhez val\u00f3 alkalmazkod\u00e1s\u00e1t.\u00a0 \u00a0 \u00a0<\/strong><\/em><\/strong><\/p>\n<p><strong><em>Agrecol , \u0150szi Univerz\u00e1lis tr\u00e1gya 3 kg \u00a0 \u00a0 \u00a0 \u00a0 \u00a0 \u00a0 \u00a0 \u00a0 \u00a0 \u00a0 \u00a0 \u00a0 \u00a0 \u00a0 \u00a0 \u00a0 \u00a0\u00a0<\/em><\/strong><\/p>\n<p><em>\u00a0\u00d6sszet\u00e9tel: P<sub>2<\/sub>O<sub>2<\/sub> 13%, K <sub>2<\/sub>O 27%,\u00a0 <\/em><\/p>\n<p><em>Felhaszn\u00e1l\u00e1si javaslat: 25 g \/m<sup>2\u00a0 <\/sup><\/em><\/p>\n<p><em>Kisz\u00f3r\u00e1s ut\u00e1n b\u0151s\u00e9gesen be kell \u00f6nt\u00f6zni!\u00a0 <\/em><em>Alkalmaz\u00e1sa augusztust\u00f3l a\u00a0 fagyokig lehets\u00e9ges.\u00a0 <\/em><\/p>\n<p><em>F\u00e1khoz, cserj\u00e9khez,\u00a0<\/em><em>\u00f6r\u00f6kz\u00f6ldekhez, f\u0171re \u00e9s minden kerti n\u00f6v\u00e9nyhez.<\/em><\/p>\n<p><em>Gyermekekt\u0151l elz\u00e1rva tartand\u00f3. M\u00e9regjelz\u00e9s n\u00e9lk\u00fcli k\u00e9sz\u00edtm\u00e9ny.<\/em><\/p>\n<p><em>\u00a0K\u00f6zeg\u00e9szs\u00e9g\u00fcgyi szempontb\u00f3l nem vesz\u00e9lyes.<\/em><\/p>\n<p><em>Eredeti z\u00e1rt csomagol\u00e1sban sz\u00e1raz, napf\u00e9nyt\u0151l v\u00e9dett,\u00a0<\/em><em>\u00a0fagymentes helyen a csomagol\u00e1son jelzett id\u0151pontig eltarthat\u00f3.<\/em><\/p>\n<p><em>Helytelen haszn\u00e1lat\u00e9rt felel\u0151ss\u00e9get nem v\u00e1llalunk!<\/em><\/p>\n<p><em>Sz\u00e1rmaz\u00e1si hely: PL,\u00a0 \u00a0EK m\u0171tr\u00e1gya\u00a0<\/em><\/p>\n<p><em>\u00a0Forgalmaz\u00f3: T\u00e1j-Kert\u00e9sz 84 Kft\u00a0 \u00a0 \u00a0 \u00a0 \u00a0\u00a0<\/em><\/p>\n<p><a href=\"https:\/\/tajkertesz.com\/\">https:\/\/tajkertesz.com\/<\/a><\/p>\n<p><a href=\"https:\/\/balintgazda.hu\/aktualis-kert\/oktober\/tragyazas-osszel.html\">https:\/\/balintgazda.hu\/aktualis-kert\/oktober\/tragyazas-osszel.html<\/a><\/p>\n<p><a href=\"https:\/\/tajkertesz.com\/wp-content\/uploads\/2021\/05\/Agrecol-bizt.adatl_..pdf\">Agrecol bizt.adatl.<\/a><\/p>\n<p>&nbsp;<\/p>\n<div class=\"entry-content g1-typography-xl\">\n<div class=\"entry-introtext\">\n<p><span style=\"color: #ffffff;\">Talaj sokak sz\u00e1m\u00e1ra valami nagyon egyszer\u0171, mag\u00e1t\u00f3l \u00e9rtet\u0151d\u0151 eleme a k\u00f6rnyezet\u00fcnknek. Ott van, j\u00e1runk rajta, a sz\u00e1nt\u00f3-vet\u0151 emberek felsz\u00e1ntj\u00e1k, a kert\u00e9szek fel\u00e1ss\u00e1k &#8211; \u00e9s annyi! Pedig a talaj roppant bonyolult fizikai, k\u00e9miai \u00e9s biol\u00f3giai rendszer.<\/span><\/p>\n<\/div>\n<div class=\"moduletable\">\n<div class=\"custom\">\n<div id=\"zone76835\" class=\"goAdverticum\"><\/div>\n<\/div>\n<\/div>\n<p><span style=\"color: #ffffff;\">A n\u00f6v\u00e9nyek t\u00f6bbs\u00e9ge &#8211; a v\u00edzi \u00e9s a parazita n\u00f6v\u00e9nyek kiv\u00e9tel\u00e9vel &#8211; a talajon \u00e9s a talajb\u00f3l \u00e9l, innen veszi fel a n\u00f6veked\u00e9s\u00fckh\u00f6z \u00e9s szaporod\u00e1sukhoz sz\u00fcks\u00e9ges t\u00e1panyagokat.<\/span><\/p>\n<p><span style=\"color: #ffffff;\">A talaj t\u00e1pl\u00e1l\u00e1s\u00e1nak, tr\u00e1gy\u00e1z\u00e1s\u00e1nak legfontosabb id\u0151szaka az \u0151sz. Miel\u0151tt fel\u00e1sn\u00e1k a f\u00e1k \u00e9s a bokrok alj\u00e1t, a ki\u00fcresedett vir\u00e1g- \u00e9s vetem\u00e9nyes \u00e1gy\u00e1sokat, a talajba kell keverni a tr\u00e1gy\u00e1kat. Ezek lehetnek szerves \u00e9s m\u0171tr\u00e1gy\u00e1k.<\/span><\/p>\n<h3><span style=\"color: #ffffff;\">Ha szerves<\/span><\/h3>\n<p><span style=\"color: #ffffff;\">A legt\u00f6k\u00e9letesebb szerves tr\u00e1gya a j\u00f3l kezelt, \u00e9rett ist\u00e1ll\u00f3tr\u00e1gya, amelyet azonban a v\u00e1rosokban egyre nehezebb beszerezni \u00e9s helybe sz\u00e1ll\u00edtani. Helyette haszn\u00e1lhatunk \u00e9rett komposztot, d\u00fas\u00edtott t\u0151zeget, sz\u00e1r\u00edtott marhatr\u00e1gy\u00e1t, stb. Ezek a talaj term\u0151k\u00e9pess\u00e9g\u00e9nek fenntart\u00e1s\u00e1hoz sz\u00fcks\u00e9ges szerves anyagot, humuszt \u00e9s a h\u00e1rom legfontosabb t\u00e1panyagot &#8211; a nitrog\u00e9nt, a k\u00e1liumot \u00e9s a foszfort &#8211; valamint szinte az \u00f6sszes, \u00fa.n. mikroelemet (magn\u00e9zium, vas, k\u00e9n, r\u00e9z, szil\u00edcium, kalcium, b\u00f3r) &#8211; tartalmazz\u00e1k. (Csak z\u00e1r\u00f3jelben mondom: a n\u00f6v\u00e9nyi test legt\u00f6megesebb elem\u00e9t, sz\u00e9nt a z\u00f6ld n\u00f6v\u00e9nyek a leveg\u0151b\u0151l veszik fel sz\u00e9ndioxid alakj\u00e1ban.)<\/span><\/p>\n<div class=\"moduletable\">\n<div class=\"custom\">\n<p align=\"center\">\n<\/div>\n<\/div>\n<\/div>\n<div class=\"moduletable banner-group\">\n<div class=\"custom banner-group\">\n<div class=\"flex-row\">\n<div><\/div>\n<\/div>\n<\/div>\n<\/div>\n<p>&nbsp;<\/p>","protected":false},"excerpt":{"rendered":"<p>Agrecol , \u0150szi Univerz\u00e1lis tr\u00e1gya 3 kg<strong><em>\u00a0 \u00a0 \u00a0<\/em><\/strong><\/p>\n<div id=\"bodyContent\" class=\"mw-body-content\">\n<div id=\"mw-content-text\" class=\"mw-content-ltr\" dir=\"ltr\" lang=\"hu\">\n<div id=\"bodyContent\" class=\"mw-body-content\">\n<div id=\"mw-content-text\" class=\"mw-content-ltr\" dir=\"ltr\" lang=\"hu\">\n<p><b>K\u00e9szlet\u00fcnk napi szinten v\u00e1ltozik, ez\u00e9rt k\u00e9rj\u00fck, \u00e9rdekl\u0151dj\u00f6n szem\u00e9lyesen, telefonon vagy email-en.<\/b><\/p>\n<p>Term\u00e9keinket szem\u00e9lyesen is \u00e1tveheti a h\u00e9t minden napj\u00e1n nyitvatart\u00e1si id\u0151ben!<\/p>\n<p>Kisz\u00e1ll\u00edt\u00e1s: 200 cm \u00e9s 40 kg-ig a sz\u00e1ll\u00edt\u00e1s fut\u00e1rszolg\u00e1lattal t\u00f6rt\u00e9nik.<\/p>\n<\/div>\n<\/div>\n<\/div>\n<\/div>\n<p><b>A v\u00e1ltoztat\u00e1s jog\u00e1t fenntartjuk!\u00a0<\/b><\/p>\n<p><strong><em>\u00a0 \u00a0 \u00a0 \u00a0 \u00a0 \u00a0 \u00a0 \u00a0 \u00a0 \u00a0 \u00a0 \u00a0 \u00a0 \u00a0 \u00a0 \u00a0 \u00a0 \u00a0\u00a0<\/em><\/strong><\/p>\n<p><em>\u00d6sszet\u00e9tel: P<sub>2<\/sub>O<sub>2<\/sub> 13%, K <sub>2<\/sub>O 27%,\u00a0 <\/em><\/p>\n<p><em>Felhaszn\u00e1l\u00e1si javaslat: 25 g \/m<sup>2\u00a0 <\/sup><\/em><em>A magas k\u00e1lium tartalom biztos\u00edtja a n\u00f6v\u00e9nyeket t\u00e9li\u00a0<\/em><em>k\u00f6r\u00fclm\u00e9nyekhez val\u00f3 alkalmazkod\u00e1s\u00e1t.<\/em><\/p>\n<p><em>Kisz\u00f3r\u00e1s ut\u00e1n b\u0151s\u00e9gesen be kell \u00f6nt\u00f6zni!\u00a0 <\/em><em>Alkalmaz\u00e1sa augusztust\u00f3l a\u00a0 fagyokig lehets\u00e9ges.\u00a0 <\/em><\/p>\n<p><em>F\u00e1khoz, cserj\u00e9khez,\u00a0<\/em><em>\u00f6r\u00f6kz\u00f6ldekhez, f\u0171re \u00e9s minden kerti n\u00f6v\u00e9nyhez.<\/em><\/p>","protected":false},"featured_media":16798,"template":"","meta":{"_et_pb_use_builder":"","_et_pb_old_content":"","_et_gb_content_width":""},"product_brand":[],"product_cat":[1416],"product_tag":[708,537,698,36,707],"class_list":{"0":"post-2224","1":"product","2":"type-product","3":"status-publish","4":"has-post-thumbnail","6":"product_cat-agrecol-oszi-mutragyak","7":"product_tag-3kg","8":"product_tag-agrecol","9":"product_tag-oszi","10":"product_tag-tragya","11":"product_tag-univerzalis","13":"first","14":"instock","15":"virtual","16":"purchasable","17":"product-type-simple"},"yoast_head":"<!-- This site is optimized with the Yoast SEO plugin v27.3 - https:\/\/yoast.com\/product\/yoast-seo-wordpress\/ -->\n<title>Agrecol , \u0150szi Univerz\u00e1lis tr\u00e1gya 3 kg - T\u00e1jkert\u00e9sz<\/title>\n<meta name=\"description\" content=\"Agrecol , \u0150szi Univerz\u00e1lis tr\u00e1gya 3 kg\u00a0 seg\u00edti a t\u00e9li\u00a0k\u00f6r\u00fclm\u00e9nyekhez val\u00f3 alkalmazkod\u00e1s\u00e1t. F\u00e1k, cserj\u00e9k , illetve \u00f6r\u00f6kz\u00f6ldekhez.\" \/>\n<meta name=\"robots\" content=\"index, follow, max-snippet:-1, max-image-preview:large, max-video-preview:-1\" \/>\n<link rel=\"canonical\" href=\"https:\/\/tajkertesz.com\/en_US\/product\/agrecol-oszi-univerzalis-tragya-3-kg\/\" \/>\n<meta property=\"og:locale\" content=\"en_US\" \/>\n<meta property=\"og:type\" content=\"article\" \/>\n<meta property=\"og:title\" content=\"https:\/\/www.facebook.com\/tajkertesz\" \/>\n<meta property=\"og:description\" content=\"Az Agrecol\u00a0 , \u0150szi Univerz\u00e1lis tr\u00e1gya 3 kg\u00a0 magas k\u00e1lium tartalom biztos\u00edtja a n\u00f6v\u00e9nyeket t\u00e9li\u00a0k\u00f6r\u00fclm\u00e9nyekhez val\u00f3 alkalmazkod\u00e1s\u00e1t.\u00a0 \u00a0 \u00a0Agrecol , \u0150szi Univerz\u00e1lis tr\u00e1gya 3 kg \u00a0 \u00a0 \u00a0 \u00a0 \u00a0 \u00a0 \u00a0 \u00a0 \u00a0 \u00a0 \u00a0 \u00a0 \u00a0 \u00a0 \u00a0 \u00a0 \u00a0\u00a0\u00a0\u00d6sszet\u00e9tel: P2O2 13%, K 2O 27%,\u00a0Felhaszn\u00e1l\u00e1si javaslat: 25 g \/m2\u00a0Kisz\u00f3r\u00e1s ut\u00e1n b\u0151s\u00e9gesen be kell \u00f6nt\u00f6zni!\u00a0 Alkalmaz\u00e1sa augusztust\u00f3l a\u00a0 fagyokig lehets\u00e9ges.\u00a0\" \/>\n<meta property=\"og:url\" content=\"https:\/\/tajkertesz.com\/en_US\/product\/agrecol-oszi-univerzalis-tragya-3-kg\/\" \/>\n<meta property=\"og:site_name\" content=\"T\u00e1jkert\u00e9sz\" \/>\n<meta property=\"article:publisher\" content=\"https:\/\/www.facebook.com\/Tajkertesz\/\" \/>\n<meta property=\"article:modified_time\" content=\"2025-11-02T09:39:31+00:00\" \/>\n<meta property=\"og:image\" content=\"https:\/\/tajkertesz.com\/wp-content\/uploads\/2020\/10\/611-H-uni-jesienna-1kg-wiz-370-300x300-1.png\" \/>\n\t<meta property=\"og:image:width\" content=\"300\" \/>\n\t<meta property=\"og:image:height\" content=\"300\" \/>\n\t<meta property=\"og:image:type\" content=\"image\/png\" \/>\n<meta name=\"twitter:card\" content=\"summary_large_image\" \/>\n<meta name=\"twitter:label1\" content=\"Est. reading time\" \/>\n\t<meta name=\"twitter:data1\" content=\"2 minutes\" \/>\n<script type=\"application\/ld+json\" class=\"yoast-schema-graph\">{\"@context\":\"https:\\\/\\\/schema.org\",\"@graph\":[{\"@type\":\"WebPage\",\"@id\":\"https:\\\/\\\/tajkertesz.com\\\/termek\\\/agrecol-oszi-univerzalis-tragya-3-kg\\\/\",\"url\":\"https:\\\/\\\/tajkertesz.com\\\/termek\\\/agrecol-oszi-univerzalis-tragya-3-kg\\\/\",\"name\":\"Agrecol , \u0150szi Univerz\u00e1lis tr\u00e1gya 3 kg - T\u00e1jkert\u00e9sz\",\"isPartOf\":{\"@id\":\"https:\\\/\\\/tajkertesz.com\\\/#website\"},\"primaryImageOfPage\":{\"@id\":\"https:\\\/\\\/tajkertesz.com\\\/termek\\\/agrecol-oszi-univerzalis-tragya-3-kg\\\/#primaryimage\"},\"image\":{\"@id\":\"https:\\\/\\\/tajkertesz.com\\\/termek\\\/agrecol-oszi-univerzalis-tragya-3-kg\\\/#primaryimage\"},\"thumbnailUrl\":\"https:\\\/\\\/tajkertesz.com\\\/wp-content\\\/uploads\\\/2020\\\/10\\\/611-H-uni-jesienna-1kg-wiz-370-300x300-1.png\",\"datePublished\":\"2020-10-12T11:10:27+00:00\",\"dateModified\":\"2025-11-02T09:39:31+00:00\",\"description\":\"Agrecol , \u0150szi Univerz\u00e1lis tr\u00e1gya 3 kg\u00a0 seg\u00edti a t\u00e9li\u00a0k\u00f6r\u00fclm\u00e9nyekhez val\u00f3 alkalmazkod\u00e1s\u00e1t. F\u00e1k, cserj\u00e9k , illetve \u00f6r\u00f6kz\u00f6ldekhez.\",\"breadcrumb\":{\"@id\":\"https:\\\/\\\/tajkertesz.com\\\/termek\\\/agrecol-oszi-univerzalis-tragya-3-kg\\\/#breadcrumb\"},\"inLanguage\":\"en-US\",\"potentialAction\":[{\"@type\":\"ReadAction\",\"target\":[\"https:\\\/\\\/tajkertesz.com\\\/termek\\\/agrecol-oszi-univerzalis-tragya-3-kg\\\/\"]}]},{\"@type\":\"ImageObject\",\"inLanguage\":\"en-US\",\"@id\":\"https:\\\/\\\/tajkertesz.com\\\/termek\\\/agrecol-oszi-univerzalis-tragya-3-kg\\\/#primaryimage\",\"url\":\"https:\\\/\\\/tajkertesz.com\\\/wp-content\\\/uploads\\\/2020\\\/10\\\/611-H-uni-jesienna-1kg-wiz-370-300x300-1.png\",\"contentUrl\":\"https:\\\/\\\/tajkertesz.com\\\/wp-content\\\/uploads\\\/2020\\\/10\\\/611-H-uni-jesienna-1kg-wiz-370-300x300-1.png\",\"width\":300,\"height\":300},{\"@type\":\"BreadcrumbList\",\"@id\":\"https:\\\/\\\/tajkertesz.com\\\/termek\\\/agrecol-oszi-univerzalis-tragya-3-kg\\\/#breadcrumb\",\"itemListElement\":[{\"@type\":\"ListItem\",\"position\":1,\"name\":\"Home\",\"item\":\"https:\\\/\\\/tajkertesz.com\\\/\"},{\"@type\":\"ListItem\",\"position\":2,\"name\":\"Kezd\u0151lap\",\"item\":\"https:\\\/\\\/tajkertesz.com\\\/\"},{\"@type\":\"ListItem\",\"position\":3,\"name\":\"Agrecol , \u0150szi Univerz\u00e1lis tr\u00e1gya 3 kg\"}]},{\"@type\":\"WebSite\",\"@id\":\"https:\\\/\\\/tajkertesz.com\\\/#website\",\"url\":\"https:\\\/\\\/tajkertesz.com\\\/\",\"name\":\"T\u00e1j-Kert\u00e9sz 84 Kft.\",\"description\":\"Kert\u00e9szeti kis- \u00e9s nagykeresked\u00e9s, D\u00edszn\u00f6v\u00e9ny web\u00e1ruh\u00e1z orsz\u00e1gos h\u00e1zhozsz\u00e1ll\u00edt\u00e1ssal!\",\"publisher\":{\"@id\":\"https:\\\/\\\/tajkertesz.com\\\/#organization\"},\"potentialAction\":[{\"@type\":\"SearchAction\",\"target\":{\"@type\":\"EntryPoint\",\"urlTemplate\":\"https:\\\/\\\/tajkertesz.com\\\/?s={search_term_string}\"},\"query-input\":{\"@type\":\"PropertyValueSpecification\",\"valueRequired\":true,\"valueName\":\"search_term_string\"}}],\"inLanguage\":\"en-US\"},{\"@type\":\"Organization\",\"@id\":\"https:\\\/\\\/tajkertesz.com\\\/#organization\",\"name\":\"T\u00e1j-Kert\u00e9sz 84 Kft.\",\"url\":\"https:\\\/\\\/tajkertesz.com\\\/\",\"logo\":{\"@type\":\"ImageObject\",\"inLanguage\":\"en-US\",\"@id\":\"https:\\\/\\\/tajkertesz.com\\\/#\\\/schema\\\/logo\\\/image\\\/\",\"url\":\"https:\\\/\\\/tajkertesz.com\\\/wp-content\\\/uploads\\\/2018\\\/02\\\/logo-2-e1518678052539.png\",\"contentUrl\":\"https:\\\/\\\/tajkertesz.com\\\/wp-content\\\/uploads\\\/2018\\\/02\\\/logo-2-e1518678052539.png\",\"width\":81,\"height\":140,\"caption\":\"T\u00e1j-Kert\u00e9sz 84 Kft.\"},\"image\":{\"@id\":\"https:\\\/\\\/tajkertesz.com\\\/#\\\/schema\\\/logo\\\/image\\\/\"},\"sameAs\":[\"https:\\\/\\\/www.facebook.com\\\/Tajkertesz\\\/\"]}]}<\/script>\n<!-- \/ Yoast SEO plugin. -->","yoast_head_json":{"title":"Agrecol , \u0150szi Univerz\u00e1lis tr\u00e1gya 3 kg - T\u00e1jkert\u00e9sz","description":"Agrecol , \u0150szi Univerz\u00e1lis tr\u00e1gya 3 kg\u00a0 seg\u00edti a t\u00e9li\u00a0k\u00f6r\u00fclm\u00e9nyekhez val\u00f3 alkalmazkod\u00e1s\u00e1t. F\u00e1k, cserj\u00e9k , illetve \u00f6r\u00f6kz\u00f6ldekhez.","robots":{"index":"index","follow":"follow","max-snippet":"max-snippet:-1","max-image-preview":"max-image-preview:large","max-video-preview":"max-video-preview:-1"},"canonical":"https:\/\/tajkertesz.com\/en_US\/product\/agrecol-oszi-univerzalis-tragya-3-kg\/","og_locale":"en_US","og_type":"article","og_title":"https:\/\/www.facebook.com\/tajkertesz","og_description":"Az Agrecol\u00a0 , \u0150szi Univerz\u00e1lis tr\u00e1gya 3 kg\u00a0 magas k\u00e1lium tartalom biztos\u00edtja a n\u00f6v\u00e9nyeket t\u00e9li\u00a0k\u00f6r\u00fclm\u00e9nyekhez val\u00f3 alkalmazkod\u00e1s\u00e1t.\u00a0 \u00a0 \u00a0Agrecol , \u0150szi Univerz\u00e1lis tr\u00e1gya 3 kg \u00a0 \u00a0 \u00a0 \u00a0 \u00a0 \u00a0 \u00a0 \u00a0 \u00a0 \u00a0 \u00a0 \u00a0 \u00a0 \u00a0 \u00a0 \u00a0 \u00a0\u00a0\u00a0\u00d6sszet\u00e9tel: P2O2 13%, K 2O 27%,\u00a0Felhaszn\u00e1l\u00e1si javaslat: 25 g \/m2\u00a0Kisz\u00f3r\u00e1s ut\u00e1n b\u0151s\u00e9gesen be kell \u00f6nt\u00f6zni!\u00a0 Alkalmaz\u00e1sa augusztust\u00f3l a\u00a0 fagyokig lehets\u00e9ges.\u00a0","og_url":"https:\/\/tajkertesz.com\/en_US\/product\/agrecol-oszi-univerzalis-tragya-3-kg\/","og_site_name":"T\u00e1jkert\u00e9sz","article_publisher":"https:\/\/www.facebook.com\/Tajkertesz\/","article_modified_time":"2025-11-02T09:39:31+00:00","og_image":[{"width":300,"height":300,"url":"https:\/\/tajkertesz.com\/wp-content\/uploads\/2020\/10\/611-H-uni-jesienna-1kg-wiz-370-300x300-1.png","type":"image\/png"}],"twitter_card":"summary_large_image","twitter_misc":{"Est. reading time":"2 minutes"},"schema":{"@context":"https:\/\/schema.org","@graph":[{"@type":"WebPage","@id":"https:\/\/tajkertesz.com\/termek\/agrecol-oszi-univerzalis-tragya-3-kg\/","url":"https:\/\/tajkertesz.com\/termek\/agrecol-oszi-univerzalis-tragya-3-kg\/","name":"Agrecol , \u0150szi Univerz\u00e1lis tr\u00e1gya 3 kg - T\u00e1jkert\u00e9sz","isPartOf":{"@id":"https:\/\/tajkertesz.com\/#website"},"primaryImageOfPage":{"@id":"https:\/\/tajkertesz.com\/termek\/agrecol-oszi-univerzalis-tragya-3-kg\/#primaryimage"},"image":{"@id":"https:\/\/tajkertesz.com\/termek\/agrecol-oszi-univerzalis-tragya-3-kg\/#primaryimage"},"thumbnailUrl":"https:\/\/tajkertesz.com\/wp-content\/uploads\/2020\/10\/611-H-uni-jesienna-1kg-wiz-370-300x300-1.png","datePublished":"2020-10-12T11:10:27+00:00","dateModified":"2025-11-02T09:39:31+00:00","description":"Agrecol , \u0150szi Univerz\u00e1lis tr\u00e1gya 3 kg\u00a0 seg\u00edti a t\u00e9li\u00a0k\u00f6r\u00fclm\u00e9nyekhez val\u00f3 alkalmazkod\u00e1s\u00e1t. F\u00e1k, cserj\u00e9k , illetve \u00f6r\u00f6kz\u00f6ldekhez.","breadcrumb":{"@id":"https:\/\/tajkertesz.com\/termek\/agrecol-oszi-univerzalis-tragya-3-kg\/#breadcrumb"},"inLanguage":"en-US","potentialAction":[{"@type":"ReadAction","target":["https:\/\/tajkertesz.com\/termek\/agrecol-oszi-univerzalis-tragya-3-kg\/"]}]},{"@type":"ImageObject","inLanguage":"en-US","@id":"https:\/\/tajkertesz.com\/termek\/agrecol-oszi-univerzalis-tragya-3-kg\/#primaryimage","url":"https:\/\/tajkertesz.com\/wp-content\/uploads\/2020\/10\/611-H-uni-jesienna-1kg-wiz-370-300x300-1.png","contentUrl":"https:\/\/tajkertesz.com\/wp-content\/uploads\/2020\/10\/611-H-uni-jesienna-1kg-wiz-370-300x300-1.png","width":300,"height":300},{"@type":"BreadcrumbList","@id":"https:\/\/tajkertesz.com\/termek\/agrecol-oszi-univerzalis-tragya-3-kg\/#breadcrumb","itemListElement":[{"@type":"ListItem","position":1,"name":"Home","item":"https:\/\/tajkertesz.com\/"},{"@type":"ListItem","position":2,"name":"Kezd\u0151lap","item":"https:\/\/tajkertesz.com\/"},{"@type":"ListItem","position":3,"name":"Agrecol , \u0150szi Univerz\u00e1lis tr\u00e1gya 3 kg"}]},{"@type":"WebSite","@id":"https:\/\/tajkertesz.com\/#website","url":"https:\/\/tajkertesz.com\/","name":"T\u00e1j-Kert\u00e9sz 84 Kft.","description":"Kert\u00e9szeti kis- \u00e9s nagykeresked\u00e9s, D\u00edszn\u00f6v\u00e9ny web\u00e1ruh\u00e1z orsz\u00e1gos h\u00e1zhozsz\u00e1ll\u00edt\u00e1ssal!","publisher":{"@id":"https:\/\/tajkertesz.com\/#organization"},"potentialAction":[{"@type":"SearchAction","target":{"@type":"EntryPoint","urlTemplate":"https:\/\/tajkertesz.com\/?s={search_term_string}"},"query-input":{"@type":"PropertyValueSpecification","valueRequired":true,"valueName":"search_term_string"}}],"inLanguage":"en-US"},{"@type":"Organization","@id":"https:\/\/tajkertesz.com\/#organization","name":"T\u00e1j-Kert\u00e9sz 84 Kft.","url":"https:\/\/tajkertesz.com\/","logo":{"@type":"ImageObject","inLanguage":"en-US","@id":"https:\/\/tajkertesz.com\/#\/schema\/logo\/image\/","url":"https:\/\/tajkertesz.com\/wp-content\/uploads\/2018\/02\/logo-2-e1518678052539.png","contentUrl":"https:\/\/tajkertesz.com\/wp-content\/uploads\/2018\/02\/logo-2-e1518678052539.png","width":81,"height":140,"caption":"T\u00e1j-Kert\u00e9sz 84 Kft."},"image":{"@id":"https:\/\/tajkertesz.com\/#\/schema\/logo\/image\/"},"sameAs":["https:\/\/www.facebook.com\/Tajkertesz\/"]}]}},"_links":{"self":[{"href":"https:\/\/tajkertesz.com\/en_US\/wp-json\/wp\/v2\/product\/2224","targetHints":{"allow":["GET"]}}],"collection":[{"href":"https:\/\/tajkertesz.com\/en_US\/wp-json\/wp\/v2\/product"}],"about":[{"href":"https:\/\/tajkertesz.com\/en_US\/wp-json\/wp\/v2\/types\/product"}],"wp:featuredmedia":[{"embeddable":true,"href":"https:\/\/tajkertesz.com\/en_US\/wp-json\/wp\/v2\/media\/16798"}],"wp:attachment":[{"href":"https:\/\/tajkertesz.com\/en_US\/wp-json\/wp\/v2\/media?parent=2224"}],"wp:term":[{"taxonomy":"product_brand","embeddable":true,"href":"https:\/\/tajkertesz.com\/en_US\/wp-json\/wp\/v2\/product_brand?post=2224"},{"taxonomy":"product_cat","embeddable":true,"href":"https:\/\/tajkertesz.com\/en_US\/wp-json\/wp\/v2\/product_cat?post=2224"},{"taxonomy":"product_tag","embeddable":true,"href":"https:\/\/tajkertesz.com\/en_US\/wp-json\/wp\/v2\/product_tag?post=2224"}],"curies":[{"name":"wp","href":"https:\/\/api.w.org\/{rel}","templated":true}]}}