{"id":22255,"date":"2025-01-23T10:52:41","date_gmt":"2025-01-23T10:52:41","guid":{"rendered":"https:\/\/tajkertesz.com\/?post_type=product&#038;p=22255"},"modified":"2026-02-12T14:11:58","modified_gmt":"2026-02-12T14:11:58","slug":"substral-orchidea-taprud-10db-os","status":"publish","type":"product","link":"https:\/\/tajkertesz.com\/en_US\/product\/substral-orchidea-taprud-10db-os\/","title":{"rendered":"Substral Orchidea t\u00e1pr\u00fad 10db-os"},"content":{"rendered":"<h2>Substral Orchidea t\u00e1pr\u00fad 10db-os<\/h2>\n<p>Substral Orchidea t\u00e1pr\u00fad 10db-os<\/p>\n<p>Speci\u00e1lis t\u00e1pr\u00fad c\u00e9lzottan orchide\u00e1k sz\u00e1m\u00e1ra kifejlesztve.<\/p>\n<p><strong>2 h\u00f3napos hat\u00e1startam!<\/strong><\/p>\n<p>SUBSTRAL Vita-Plus formula tartalmazza az \u00f6sszes fontos t\u00e1panyagot \u00e9s \u00e9rt\u00e9kes mikroelemet amelyre az orchidea f\u00e9l\u00e9knek sz\u00fcks\u00e9ge van &#8211; a n\u00f6v\u00e9ny optim\u00e1lis n\u00f6veked\u00e9si \u00fctemben fejl\u0151dik \u00e9s hosszan, d\u00fasan vir\u00e1gzik.<\/p>\n<p>A Vas-Plusz meg\u00f3vja a n\u00f6v\u00e9nyt a a vashi\u00e1nyos \u00e1llapott\u00f3l, a lev\u00e9ls\u00e1rgul\u00e1st\u00f3l.<\/p>\n<p>EK m\u0171tr\u00e1gya<\/p>\n<p>NPK &#8211; t\u00e1pr\u00fad 10,5 : 10,8 : 10,2 karbamid formaldehiddel \u00e9s mikroelemekkel: b\u00f3r (B), r\u00e9z (Cu), vas (Fe), mang\u00e1n (Mn), molibd\u00e9n (Mo), cink (Zn)<\/p>\n<p>Alacsony kl\u00f3rtartalm\u00fa.<\/p>\n<h4><strong>Felhaszn\u00e1l\u00e1s<\/strong>:<\/h4>\n<p>A n\u00f6v\u00e9ny fejl\u0151d\u00e9s\u00e9nek akt\u00edv id\u0151szak\u00e1ban haszn\u00e1lja (vir\u00e1gz\u00e1skor, \u00faj levelek, gy\u00f6kerek megjelen\u00e9s\u00e9nek idej\u00e9n) \u00c9vk\u00f6zben 2 havonta alkalmazza, okt\u00f3ber-febru\u00e1r k\u00f6z\u00f6tt fele d\u00f3zisban.<\/p>\n<p>11-13 cm \u00e1tm\u00e9r\u0151j\u0171 cser\u00e9p eset\u00e9n t\u00f6rj\u00f6n kett\u00e9 1 db t\u00e1prudat \u00e9s mindk\u00e9t fel\u00e9t sz\u00farja a n\u00f6v\u00e9ny mell\u00e9. Nagyobb ed\u00e9ny eset\u00e9ben a t\u00e1ptalaj mennyis\u00e9ge alapj\u00e1n adagolja.<\/p>\n<p><strong>T\u00e1rol\u00e1s<\/strong>: Sz\u00e1raz, h\u0171v\u00f6s helyen. Gyermekek \u00e9s h\u00e1zi\u00e1llatok sz\u00e1m\u00e1ra hozz\u00e1f\u00e9rhetetlen helyen.<\/p>\n<p>Min\u0151s\u00e9g\u00e9t meg\u0151rzi &#8211; el\u0151\u00edr\u00e1s szerint t\u00e1rolva &#8211; 5 \u00e9vig.<\/p>\n<p>10 db t\u00e1prudacska\/csomag<\/p>\n<p style=\"line-height: 18.0pt; background: white; margin: 0cm 0cm 15.0pt 0cm;\"><b><span style=\"font-family: 'Ubuntu',sans-serif; color: black;\">K\u00e9szlet\u00fcnk napi szinten v\u00e1ltozik, ez\u00e9rt k\u00e9rj\u00fck, \u00e9rdekl\u0151dj\u00f6n szem\u00e9lyesen, telefonon vagy email-en.<br \/>\nA v\u00e1ltoztat\u00e1s jog\u00e1t fenntartjuk!\u00a0<\/span><\/b><\/p>\n<p><a href=\"https:\/\/tajkertesz.com\/\">https:\/\/tajkertesz.com\/<\/a><\/p>\n<p><a href=\"https:\/\/www.facebook.com\/tajkertesz\/\">https:\/\/www.facebook.com\/tajkertesz\/<\/a><\/p>\n<p>Kisz\u00e1ll\u00edt\u00e1s: 200cm-ig \u00e9s 40 kg-ig a sz\u00e1ll\u00edt\u00e1s fut\u00e1rszolg\u00e1lattal t\u00f6rt\u00e9nik.<\/p>\n<p>Szem\u00e9lyes \u00e1tv\u00e9tel nyitvatart\u00e1si id\u0151ben a 17. ker\u00fclet Bakancsos utca 7. sz\u00e1m alatti Kert\u00e9szeti \u00e1rud\u00e1nkban.<\/p>\n<p>Kert\u00e9p\u00edt\u0151k \u00e9s viszontelad\u00f3k regisztr\u00e1l\u00e1s ut\u00e1n egyedi kedvezm\u00e9nnyel v\u00e1s\u00e1rolhatnak kert\u00e9szeti kis-\u00e9s nagykeresked\u00e9s\u00fcnkben.<\/p>\n<p>A logisztikai c\u00e9ggel t\u00f6rt\u00e9n\u0151 sz\u00e1ll\u00edt\u00e1s eset\u00e9n a partnereink\u00a0esetleges a\u00a0cs\u00fasz\u00e1sai\u00e9rt nem v\u00e1llalunk felel\u0151ss\u00e9get!<\/p>\n<p><strong>Az \u00e1rak egy darab term\u00e9kre vonatkoznak.<\/strong><\/p>\n<p>&nbsp;<\/p>","protected":false},"excerpt":{"rendered":"<p>Speci\u00e1lis t\u00e1pr\u00fad c\u00e9lzottan orchide\u00e1k sz\u00e1m\u00e1ra kifejlesztve.<\/p>\n<p>Min\u0151s\u00e9g\u00e9t meg\u0151rzi &#8211; el\u0151\u00edr\u00e1s szerint t\u00e1rolva &#8211; 5 \u00e9vig.<\/p>\n<p>10 db t\u00e1prudacska\/csomag<\/p>\n<p>&nbsp;<\/p>","protected":false},"featured_media":22256,"template":"","meta":{"_et_pb_use_builder":"","_et_pb_old_content":"","_et_gb_content_width":""},"product_brand":[6046],"product_cat":[1455],"product_tag":[705,1441,1476,1480],"class_list":{"0":"post-22255","1":"product","2":"type-product","3":"status-publish","4":"has-post-thumbnail","6":"product_brand-substral","7":"product_cat-substral-mutragyak-tapoldatok","8":"product_tag-mutragya","9":"product_tag-orchidea","10":"product_tag-substral","11":"product_tag-taprud","13":"first","14":"instock","15":"shipping-taxable","16":"purchasable","17":"product-type-simple"},"yoast_head":"<!-- This site is optimized with the Yoast SEO plugin v27.3 - https:\/\/yoast.com\/product\/yoast-seo-wordpress\/ -->\n<title>Substral Orchidea t\u00e1pr\u00fad 10db-os - T\u00e1jkert\u00e9sz<\/title>\n<meta name=\"description\" content=\"Substral Orchidea t\u00e1pr\u00fad 10db-os. Speci\u00e1lis t\u00e1pr\u00fad c\u00e9lzottan orchide\u00e1k sz\u00e1m\u00e1ra kifejlesztve. SUBSTRAL Vita-Plus formula tartalmazza az \u00f6sszes fontos t\u00e1p...\" \/>\n<meta name=\"robots\" content=\"index, follow, max-snippet:-1, max-image-preview:large, max-video-preview:-1\" \/>\n<link rel=\"canonical\" href=\"https:\/\/tajkertesz.com\/en_US\/product\/substral-orchidea-taprud-10db-os\/\" \/>\n<meta property=\"og:locale\" content=\"en_US\" \/>\n<meta property=\"og:type\" content=\"article\" \/>\n<meta property=\"og:title\" content=\"Substral Orchidea t\u00e1pr\u00fad 10db-os - T\u00e1jkert\u00e9sz\" \/>\n<meta property=\"og:description\" content=\"Substral Orchidea t\u00e1pr\u00fad 10db-os. Speci\u00e1lis t\u00e1pr\u00fad c\u00e9lzottan orchide\u00e1k sz\u00e1m\u00e1ra kifejlesztve. SUBSTRAL Vita-Plus formula tartalmazza az \u00f6sszes fontos t\u00e1p...\" \/>\n<meta property=\"og:url\" content=\"https:\/\/tajkertesz.com\/en_US\/product\/substral-orchidea-taprud-10db-os\/\" \/>\n<meta property=\"og:site_name\" content=\"T\u00e1jkert\u00e9sz\" \/>\n<meta property=\"article:publisher\" content=\"https:\/\/www.facebook.com\/Tajkertesz\/\" \/>\n<meta property=\"article:modified_time\" content=\"2026-02-12T14:11:58+00:00\" \/>\n<meta property=\"og:image\" content=\"https:\/\/tajkertesz.com\/wp-content\/uploads\/2025\/01\/orchidea-taprud-substral-10-db.png\" \/>\n\t<meta property=\"og:image:width\" content=\"700\" \/>\n\t<meta property=\"og:image:height\" content=\"700\" \/>\n\t<meta property=\"og:image:type\" content=\"image\/png\" \/>\n<meta name=\"twitter:card\" content=\"summary_large_image\" \/>\n<meta name=\"twitter:label1\" content=\"Est. reading time\" \/>\n\t<meta name=\"twitter:data1\" content=\"2 minutes\" \/>\n<script type=\"application\/ld+json\" class=\"yoast-schema-graph\">{\"@context\":\"https:\\\/\\\/schema.org\",\"@graph\":[{\"@type\":\"WebPage\",\"@id\":\"https:\\\/\\\/tajkertesz.com\\\/termek\\\/substral-orchidea-taprud-10db-os\\\/\",\"url\":\"https:\\\/\\\/tajkertesz.com\\\/termek\\\/substral-orchidea-taprud-10db-os\\\/\",\"name\":\"Substral Orchidea t\u00e1pr\u00fad 10db-os - T\u00e1jkert\u00e9sz\",\"isPartOf\":{\"@id\":\"https:\\\/\\\/tajkertesz.com\\\/#website\"},\"primaryImageOfPage\":{\"@id\":\"https:\\\/\\\/tajkertesz.com\\\/termek\\\/substral-orchidea-taprud-10db-os\\\/#primaryimage\"},\"image\":{\"@id\":\"https:\\\/\\\/tajkertesz.com\\\/termek\\\/substral-orchidea-taprud-10db-os\\\/#primaryimage\"},\"thumbnailUrl\":\"https:\\\/\\\/tajkertesz.com\\\/wp-content\\\/uploads\\\/2025\\\/01\\\/orchidea-taprud-substral-10-db.png\",\"datePublished\":\"2025-01-23T10:52:41+00:00\",\"dateModified\":\"2026-02-12T14:11:58+00:00\",\"description\":\"Substral Orchidea t\u00e1pr\u00fad 10db-os. Speci\u00e1lis t\u00e1pr\u00fad c\u00e9lzottan orchide\u00e1k sz\u00e1m\u00e1ra kifejlesztve. SUBSTRAL Vita-Plus formula tartalmazza az \u00f6sszes fontos t\u00e1p...\",\"breadcrumb\":{\"@id\":\"https:\\\/\\\/tajkertesz.com\\\/termek\\\/substral-orchidea-taprud-10db-os\\\/#breadcrumb\"},\"inLanguage\":\"en-US\",\"potentialAction\":[{\"@type\":\"ReadAction\",\"target\":[\"https:\\\/\\\/tajkertesz.com\\\/termek\\\/substral-orchidea-taprud-10db-os\\\/\"]}]},{\"@type\":\"ImageObject\",\"inLanguage\":\"en-US\",\"@id\":\"https:\\\/\\\/tajkertesz.com\\\/termek\\\/substral-orchidea-taprud-10db-os\\\/#primaryimage\",\"url\":\"https:\\\/\\\/tajkertesz.com\\\/wp-content\\\/uploads\\\/2025\\\/01\\\/orchidea-taprud-substral-10-db.png\",\"contentUrl\":\"https:\\\/\\\/tajkertesz.com\\\/wp-content\\\/uploads\\\/2025\\\/01\\\/orchidea-taprud-substral-10-db.png\",\"width\":700,\"height\":700,\"caption\":\"Substral Orchidea t\u00e1pr\u00fad 10db-os\"},{\"@type\":\"BreadcrumbList\",\"@id\":\"https:\\\/\\\/tajkertesz.com\\\/termek\\\/substral-orchidea-taprud-10db-os\\\/#breadcrumb\",\"itemListElement\":[{\"@type\":\"ListItem\",\"position\":1,\"name\":\"Home\",\"item\":\"https:\\\/\\\/tajkertesz.com\\\/\"},{\"@type\":\"ListItem\",\"position\":2,\"name\":\"Kezd\u0151lap\",\"item\":\"https:\\\/\\\/tajkertesz.com\\\/\"},{\"@type\":\"ListItem\",\"position\":3,\"name\":\"Substral Orchidea t\u00e1pr\u00fad 10db-os\"}]},{\"@type\":\"WebSite\",\"@id\":\"https:\\\/\\\/tajkertesz.com\\\/#website\",\"url\":\"https:\\\/\\\/tajkertesz.com\\\/\",\"name\":\"T\u00e1j-Kert\u00e9sz 84 Kft.\",\"description\":\"Kert\u00e9szeti kis- \u00e9s nagykeresked\u00e9s, D\u00edszn\u00f6v\u00e9ny web\u00e1ruh\u00e1z orsz\u00e1gos h\u00e1zhozsz\u00e1ll\u00edt\u00e1ssal!\",\"publisher\":{\"@id\":\"https:\\\/\\\/tajkertesz.com\\\/#organization\"},\"potentialAction\":[{\"@type\":\"SearchAction\",\"target\":{\"@type\":\"EntryPoint\",\"urlTemplate\":\"https:\\\/\\\/tajkertesz.com\\\/?s={search_term_string}\"},\"query-input\":{\"@type\":\"PropertyValueSpecification\",\"valueRequired\":true,\"valueName\":\"search_term_string\"}}],\"inLanguage\":\"en-US\"},{\"@type\":\"Organization\",\"@id\":\"https:\\\/\\\/tajkertesz.com\\\/#organization\",\"name\":\"T\u00e1j-Kert\u00e9sz 84 Kft.\",\"url\":\"https:\\\/\\\/tajkertesz.com\\\/\",\"logo\":{\"@type\":\"ImageObject\",\"inLanguage\":\"en-US\",\"@id\":\"https:\\\/\\\/tajkertesz.com\\\/#\\\/schema\\\/logo\\\/image\\\/\",\"url\":\"https:\\\/\\\/tajkertesz.com\\\/wp-content\\\/uploads\\\/2018\\\/02\\\/logo-2-e1518678052539.png\",\"contentUrl\":\"https:\\\/\\\/tajkertesz.com\\\/wp-content\\\/uploads\\\/2018\\\/02\\\/logo-2-e1518678052539.png\",\"width\":81,\"height\":140,\"caption\":\"T\u00e1j-Kert\u00e9sz 84 Kft.\"},\"image\":{\"@id\":\"https:\\\/\\\/tajkertesz.com\\\/#\\\/schema\\\/logo\\\/image\\\/\"},\"sameAs\":[\"https:\\\/\\\/www.facebook.com\\\/Tajkertesz\\\/\"]}]}<\/script>\n<!-- \/ Yoast SEO plugin. -->","yoast_head_json":{"title":"Substral Orchidea t\u00e1pr\u00fad 10db-os - T\u00e1jkert\u00e9sz","description":"Substral Orchidea t\u00e1pr\u00fad 10db-os. Speci\u00e1lis t\u00e1pr\u00fad c\u00e9lzottan orchide\u00e1k sz\u00e1m\u00e1ra kifejlesztve. SUBSTRAL Vita-Plus formula tartalmazza az \u00f6sszes fontos t\u00e1p...","robots":{"index":"index","follow":"follow","max-snippet":"max-snippet:-1","max-image-preview":"max-image-preview:large","max-video-preview":"max-video-preview:-1"},"canonical":"https:\/\/tajkertesz.com\/en_US\/product\/substral-orchidea-taprud-10db-os\/","og_locale":"en_US","og_type":"article","og_title":"Substral Orchidea t\u00e1pr\u00fad 10db-os - T\u00e1jkert\u00e9sz","og_description":"Substral Orchidea t\u00e1pr\u00fad 10db-os. Speci\u00e1lis t\u00e1pr\u00fad c\u00e9lzottan orchide\u00e1k sz\u00e1m\u00e1ra kifejlesztve. SUBSTRAL Vita-Plus formula tartalmazza az \u00f6sszes fontos t\u00e1p...","og_url":"https:\/\/tajkertesz.com\/en_US\/product\/substral-orchidea-taprud-10db-os\/","og_site_name":"T\u00e1jkert\u00e9sz","article_publisher":"https:\/\/www.facebook.com\/Tajkertesz\/","article_modified_time":"2026-02-12T14:11:58+00:00","og_image":[{"width":700,"height":700,"url":"https:\/\/tajkertesz.com\/wp-content\/uploads\/2025\/01\/orchidea-taprud-substral-10-db.png","type":"image\/png"}],"twitter_card":"summary_large_image","twitter_misc":{"Est. reading time":"2 minutes"},"schema":{"@context":"https:\/\/schema.org","@graph":[{"@type":"WebPage","@id":"https:\/\/tajkertesz.com\/termek\/substral-orchidea-taprud-10db-os\/","url":"https:\/\/tajkertesz.com\/termek\/substral-orchidea-taprud-10db-os\/","name":"Substral Orchidea t\u00e1pr\u00fad 10db-os - T\u00e1jkert\u00e9sz","isPartOf":{"@id":"https:\/\/tajkertesz.com\/#website"},"primaryImageOfPage":{"@id":"https:\/\/tajkertesz.com\/termek\/substral-orchidea-taprud-10db-os\/#primaryimage"},"image":{"@id":"https:\/\/tajkertesz.com\/termek\/substral-orchidea-taprud-10db-os\/#primaryimage"},"thumbnailUrl":"https:\/\/tajkertesz.com\/wp-content\/uploads\/2025\/01\/orchidea-taprud-substral-10-db.png","datePublished":"2025-01-23T10:52:41+00:00","dateModified":"2026-02-12T14:11:58+00:00","description":"Substral Orchidea t\u00e1pr\u00fad 10db-os. Speci\u00e1lis t\u00e1pr\u00fad c\u00e9lzottan orchide\u00e1k sz\u00e1m\u00e1ra kifejlesztve. SUBSTRAL Vita-Plus formula tartalmazza az \u00f6sszes fontos t\u00e1p...","breadcrumb":{"@id":"https:\/\/tajkertesz.com\/termek\/substral-orchidea-taprud-10db-os\/#breadcrumb"},"inLanguage":"en-US","potentialAction":[{"@type":"ReadAction","target":["https:\/\/tajkertesz.com\/termek\/substral-orchidea-taprud-10db-os\/"]}]},{"@type":"ImageObject","inLanguage":"en-US","@id":"https:\/\/tajkertesz.com\/termek\/substral-orchidea-taprud-10db-os\/#primaryimage","url":"https:\/\/tajkertesz.com\/wp-content\/uploads\/2025\/01\/orchidea-taprud-substral-10-db.png","contentUrl":"https:\/\/tajkertesz.com\/wp-content\/uploads\/2025\/01\/orchidea-taprud-substral-10-db.png","width":700,"height":700,"caption":"Substral Orchidea t\u00e1pr\u00fad 10db-os"},{"@type":"BreadcrumbList","@id":"https:\/\/tajkertesz.com\/termek\/substral-orchidea-taprud-10db-os\/#breadcrumb","itemListElement":[{"@type":"ListItem","position":1,"name":"Home","item":"https:\/\/tajkertesz.com\/"},{"@type":"ListItem","position":2,"name":"Kezd\u0151lap","item":"https:\/\/tajkertesz.com\/"},{"@type":"ListItem","position":3,"name":"Substral Orchidea t\u00e1pr\u00fad 10db-os"}]},{"@type":"WebSite","@id":"https:\/\/tajkertesz.com\/#website","url":"https:\/\/tajkertesz.com\/","name":"T\u00e1j-Kert\u00e9sz 84 Kft.","description":"Kert\u00e9szeti kis- \u00e9s nagykeresked\u00e9s, D\u00edszn\u00f6v\u00e9ny web\u00e1ruh\u00e1z orsz\u00e1gos h\u00e1zhozsz\u00e1ll\u00edt\u00e1ssal!","publisher":{"@id":"https:\/\/tajkertesz.com\/#organization"},"potentialAction":[{"@type":"SearchAction","target":{"@type":"EntryPoint","urlTemplate":"https:\/\/tajkertesz.com\/?s={search_term_string}"},"query-input":{"@type":"PropertyValueSpecification","valueRequired":true,"valueName":"search_term_string"}}],"inLanguage":"en-US"},{"@type":"Organization","@id":"https:\/\/tajkertesz.com\/#organization","name":"T\u00e1j-Kert\u00e9sz 84 Kft.","url":"https:\/\/tajkertesz.com\/","logo":{"@type":"ImageObject","inLanguage":"en-US","@id":"https:\/\/tajkertesz.com\/#\/schema\/logo\/image\/","url":"https:\/\/tajkertesz.com\/wp-content\/uploads\/2018\/02\/logo-2-e1518678052539.png","contentUrl":"https:\/\/tajkertesz.com\/wp-content\/uploads\/2018\/02\/logo-2-e1518678052539.png","width":81,"height":140,"caption":"T\u00e1j-Kert\u00e9sz 84 Kft."},"image":{"@id":"https:\/\/tajkertesz.com\/#\/schema\/logo\/image\/"},"sameAs":["https:\/\/www.facebook.com\/Tajkertesz\/"]}]}},"_links":{"self":[{"href":"https:\/\/tajkertesz.com\/en_US\/wp-json\/wp\/v2\/product\/22255","targetHints":{"allow":["GET"]}}],"collection":[{"href":"https:\/\/tajkertesz.com\/en_US\/wp-json\/wp\/v2\/product"}],"about":[{"href":"https:\/\/tajkertesz.com\/en_US\/wp-json\/wp\/v2\/types\/product"}],"wp:featuredmedia":[{"embeddable":true,"href":"https:\/\/tajkertesz.com\/en_US\/wp-json\/wp\/v2\/media\/22256"}],"wp:attachment":[{"href":"https:\/\/tajkertesz.com\/en_US\/wp-json\/wp\/v2\/media?parent=22255"}],"wp:term":[{"taxonomy":"product_brand","embeddable":true,"href":"https:\/\/tajkertesz.com\/en_US\/wp-json\/wp\/v2\/product_brand?post=22255"},{"taxonomy":"product_cat","embeddable":true,"href":"https:\/\/tajkertesz.com\/en_US\/wp-json\/wp\/v2\/product_cat?post=22255"},{"taxonomy":"product_tag","embeddable":true,"href":"https:\/\/tajkertesz.com\/en_US\/wp-json\/wp\/v2\/product_tag?post=22255"}],"curies":[{"name":"wp","href":"https:\/\/api.w.org\/{rel}","templated":true}]}}