{"id":22258,"date":"2025-01-23T10:57:58","date_gmt":"2025-01-23T10:57:58","guid":{"rendered":"https:\/\/tajkertesz.com\/?post_type=product&#038;p=22258"},"modified":"2026-02-12T14:11:49","modified_gmt":"2026-02-12T14:11:49","slug":"substral-zold-taprudacskak-30-db-csomag-2","status":"publish","type":"product","link":"https:\/\/tajkertesz.com\/en_US\/product\/substral-zold-taprudacskak-30-db-csomag-2\/","title":{"rendered":"SUBSTRAL Z\u00f6ld t\u00e1prudacsk\u00e1k 60 db\/csomag"},"content":{"rendered":"<div class=\"artdet__name-rating d-none d-lg-block\">\n<div class=\"row gutters-5\">\n<div class=\"col\">\n<h3>SUBSTRAL Z\u00f6ld t\u00e1prudacsk\u00e1k 60 db\/csomag<\/h3>\n<p>SUBSTRAL Z\u00f6ld t\u00e1prudacsk\u00e1k 60 db\/csomag<\/p>\n<p>K\u00e9sz t\u00e1panyag a cserepes d\u00edszn\u00f6v\u00e9nyek sz\u00e1m\u00e1ra.<\/p>\n<p>Tartalmazza az \u00f6sszes sz\u00fcks\u00e9ges t\u00e1panyagot \u00e9s fontos mikroelemet, melyek 2 h\u00f3napon kereszt\u00fcl biztos\u00edtj\u00e1k a leveles d\u00edszn\u00f6v\u00e9ny optim\u00e1lis fejl\u0151d\u00e9d\u00e9t<\/p>\n<p>EK-m\u0171tr\u00e1gya<\/p>\n<p><strong>NPK(10-7-9)-2 magn\u00e9zium + mikroelemek<\/strong><\/p>\n<p>Biztos\u00edtja a kiegyens\u00falyozott t\u00e1panyagell\u00e1t\u00e1st.<\/p>\n<p>Substral<sup>\u00ae<\/sup>\u00a0Vital-Akt\u00edv formul\u00e1val &#8211; meger\u0151s\u00edti a n\u00f6v\u00e9nyt \u00e9s gondoskodik annak lend\u00fcletes fejl\u0151d\u00e9s\u00e9r\u0151l.<\/p>\n<p>Vas-plusz &#8211; a hozz\u00e1adott vas megel\u0151zi a vashi\u00e1nyos \u00e1llapotot \u00e9s a levelek s\u00e1rgul\u00e1s\u00e1t.<\/p>\n<p><strong>Felhaszn\u00e1l\u00e1s:<\/strong>\u00a0Besz\u00farni a t\u00e1prudacsk\u00e1t a n\u00f6v\u00e9ny \u00e9s a cser\u00e9p fala k\u00f6z\u00e9 a f\u00f6ldbe, \u00fcgyelve az egyenletes eloszt\u00e1sra!<\/p>\n<p><strong>Adagol\u00e1s<\/strong>\u00a0(cser\u00e9p\u00e1tm\u00e9r\u0151 f\u00fcggv\u00e9ny\u00e9ben):\u00a0\u22058 cm-1x\/ \u220512 cm-2x\/ \u220516 cm-3x\/ \u220520 cm 4x<\/p>\n<p><strong>Alkalmazhat\u00f3:<\/strong>\u00a0janu\u00e1rt\u00f3l decemberig, k\u00e9thavonta. Okt\u00f3ber \u00e9s febru\u00e1r k\u00f6z\u00f6tt fel\u00e9re cs\u00f6kkenteni az adagot.<\/p>\n<p><strong>T\u00e1rol\u00e1s:\u00a0<\/strong>H\u0171v\u00f6s, sz\u00e1raz helyen, mindig az eredeti csomagol\u00e1sban.\u00a0\u00c9telt\u0151l, italt\u00f3l \u00e9s \u00e1llati takarm\u00e1nyt\u00f3l elk\u00fcl\u00f6n\u00edtve.\u00a0Gyermekek \u00e9s h\u00e1zi\u00e1llatok sz\u00e1m\u00e1ra hozz\u00e1f\u00e9rhetetlen helyen.<\/p>\n<p>Alkalmazhat\u00f3: janu\u00e1rt\u00f3l decemberig<\/p>\n<p>60 db t\u00e1prudacska\/csomag<\/p>\n<p><b>K\u00e9szlet\u00fcnk napi szinten v\u00e1ltozik, ez\u00e9rt k\u00e9rj\u00fck, \u00e9rdekl\u0151dj\u00f6n szem\u00e9lyesen, telefonon vagy email-en.<br \/>\nA v\u00e1ltoztat\u00e1s jog\u00e1t fenntartjuk!\u00a0<\/b><\/p>\n<p><a href=\"https:\/\/tajkertesz.com\/\">https:\/\/tajkertesz.com\/<\/a><\/p>\n<p><a href=\"https:\/\/www.facebook.com\/tajkertesz\/\">https:\/\/www.facebook.com\/tajkertesz\/<\/a><\/p>\n<p>Kisz\u00e1ll\u00edt\u00e1s: 200cm-ig \u00e9s 40 kg-ig a sz\u00e1ll\u00edt\u00e1s fut\u00e1rszolg\u00e1lattal t\u00f6rt\u00e9nik.<\/p>\n<p>Szem\u00e9lyes \u00e1tv\u00e9tel nyitvatart\u00e1si id\u0151ben a 17. ker\u00fclet Bakancsos utca 7. sz\u00e1m alatti Kert\u00e9szeti \u00e1rud\u00e1nkban.<\/p>\n<p>Kert\u00e9p\u00edt\u0151k \u00e9s viszontelad\u00f3k regisztr\u00e1l\u00e1s ut\u00e1n egyedi kedvezm\u00e9nnyel v\u00e1s\u00e1rolhatnak kert\u00e9szeti kis-\u00e9s nagykeresked\u00e9s\u00fcnkben.<\/p>\n<p>A logisztikai c\u00e9ggel t\u00f6rt\u00e9n\u0151 sz\u00e1ll\u00edt\u00e1s eset\u00e9n a partnereink\u00a0esetleges a\u00a0cs\u00fasz\u00e1sai\u00e9rt nem v\u00e1llalunk felel\u0151ss\u00e9get!<\/p>\n<p><strong>Az \u00e1rak egy darab term\u00e9kre vonatkoznak.<\/strong><\/p>\n<\/div>\n<\/div>\n<\/div>\n<p>&nbsp;<\/p>","protected":false},"excerpt":{"rendered":"<div class=\"artdet__name-rating d-none d-lg-block\">\n<div class=\"row gutters-5\">\n<div class=\"col\">\n<div class=\"artdet__name-rating d-none d-lg-block\">\n<div class=\"row gutters-5\">\n<div class=\"col\">\n<div class=\"artdet__name-rating d-none d-lg-block\">\n<div class=\"row gutters-5\">\n<div class=\"col\">\n<div class=\"artdet__name-rating d-none d-lg-block\">\n<div class=\"row gutters-5\">\n<div class=\"col\">\n<div class=\"artdet__name-rating d-none d-lg-block\">\n<div class=\"row gutters-5\">\n<div class=\"col\">\n<div class=\"artdet__name-rating d-none d-lg-block\">\n<div class=\"row gutters-5\">\n<div class=\"col\">\n<div class=\"artdet__name-rating d-none d-lg-block\">\n<div class=\"row gutters-5\">\n<div class=\"col\">\n<div class=\"artdet__name-rating d-none d-lg-block\">\n<div class=\"row gutters-5\">\n<div class=\"col\">\n<div class=\"artdet__name-rating d-none d-lg-block\">\n<div class=\"row gutters-5\">\n<div class=\"col\">\n<div class=\"artdet__name-rating d-none d-lg-block\">\n<div class=\"row gutters-5\">\n<div class=\"col\">\n<div class=\"artdet__name-rating d-none d-lg-block\">\n<div class=\"row gutters-5\">\n<div class=\"col\">\n<div class=\"artdet__name-rating d-none d-lg-block\">\n<div class=\"row gutters-5\">\n<div class=\"col\">\n<h2 class=\"artdet__name line-clamp--3-12\">SUBSTRAL Z\u00f6ld t\u00e1prudacsk\u00e1k 30 db\/csomag<\/h2>\n<p class=\"artdet__name line-clamp--3-12\">K\u00e9sz t\u00e1panyag a cserepes d\u00edszn\u00f6v\u00e9nyek sz\u00e1m\u00e1ra. NPK 10 : 6 : 8 + 2 magn\u00e9zium + mikroelemek. Biztos\u00edtja a kiegyens\u00falyozott t\u00e1panyagell\u00e1t\u00e1st. Egyetlen alkalmaz\u00e1s 2 h\u00f3napra elegend\u0151 t\u00e1panyagot biztos\u00edt &#8211; rendk\u00edv\u00fcl k\u00e9nyelmess\u00e9 teszi a n\u00f6v\u00e9nyek t\u00e1panyag ut\u00e1np\u00f3tl\u00e1s\u00e1t. Vital-Akt\u00edv formul\u00e1val. Hozz\u00e1adott vassal. EK m\u0171tr\u00e1gya<\/p>\n<\/div>\n<\/div>\n<\/div>\n<\/div>\n<\/div>\n<\/div>\n<\/div>\n<\/div>\n<\/div>\n<\/div>\n<\/div>\n<\/div>\n<\/div>\n<\/div>\n<\/div>\n<\/div>\n<\/div>\n<\/div>\n<\/div>\n<\/div>\n<\/div>\n<\/div>\n<\/div>\n<\/div>\n<\/div>\n<\/div>\n<\/div>\n<\/div>\n<\/div>\n<\/div>\n<\/div>\n<\/div>\n<\/div>\n<\/div>\n<\/div>\n<\/div>","protected":false},"featured_media":22259,"template":"","meta":{"_et_pb_use_builder":"","_et_pb_old_content":"","_et_gb_content_width":""},"product_brand":[],"product_cat":[1455],"product_tag":[705,1476,1480,1481],"class_list":{"0":"post-22258","1":"product","2":"type-product","3":"status-publish","4":"has-post-thumbnail","6":"product_cat-substral-mutragyak-tapoldatok","7":"product_tag-mutragya","8":"product_tag-substral","9":"product_tag-taprud","10":"product_tag-zold-novenyekhez","12":"first","13":"instock","14":"shipping-taxable","15":"purchasable","16":"product-type-simple"},"yoast_head":"<!-- This site is optimized with the Yoast SEO plugin v27.5 - https:\/\/yoast.com\/product\/yoast-seo-wordpress\/ -->\n<title>SUBSTRAL Z\u00f6ld t\u00e1prudacsk\u00e1k 60 db\/csomag - T\u00e1jkert\u00e9sz<\/title>\n<meta name=\"description\" content=\"SUBSTRAL Z\u00f6ld t\u00e1prudacsk\u00e1k 60 db\/csomag , K\u00e9sz t\u00e1panyag a cserepes d\u00edszn\u00f6v\u00e9nyek sz\u00e1m\u00e1ra. NPK 10 : 7 : 9 + 2 magn\u00e9zium + mikroelemek\" \/>\n<meta name=\"robots\" content=\"index, follow, max-snippet:-1, max-image-preview:large, max-video-preview:-1\" \/>\n<link rel=\"canonical\" href=\"https:\/\/tajkertesz.com\/en_US\/product\/substral-zold-taprudacskak-30-db-csomag-2\/\" \/>\n<meta property=\"og:locale\" content=\"en_US\" \/>\n<meta property=\"og:type\" content=\"article\" \/>\n<meta property=\"og:title\" content=\"SUBSTRAL Z\u00f6ld t\u00e1prudacsk\u00e1k 60 db\/csomag - T\u00e1jkert\u00e9sz\" \/>\n<meta property=\"og:description\" content=\"SUBSTRAL Z\u00f6ld t\u00e1prudacsk\u00e1k 60 db\/csomag , K\u00e9sz t\u00e1panyag a cserepes d\u00edszn\u00f6v\u00e9nyek sz\u00e1m\u00e1ra. NPK 10 : 7 : 9 + 2 magn\u00e9zium + mikroelemek\" \/>\n<meta property=\"og:url\" content=\"https:\/\/tajkertesz.com\/en_US\/product\/substral-zold-taprudacskak-30-db-csomag-2\/\" \/>\n<meta property=\"og:site_name\" content=\"T\u00e1jkert\u00e9sz\" \/>\n<meta property=\"article:publisher\" content=\"https:\/\/www.facebook.com\/Tajkertesz\/\" \/>\n<meta property=\"article:modified_time\" content=\"2026-02-12T14:11:49+00:00\" \/>\n<meta property=\"og:image\" content=\"https:\/\/tajkertesz.com\/wp-content\/uploads\/2025\/01\/1295525__01.png.webp\" \/>\n\t<meta property=\"og:image:width\" content=\"600\" \/>\n\t<meta property=\"og:image:height\" content=\"600\" \/>\n\t<meta property=\"og:image:type\" content=\"image\/webp\" \/>\n<meta name=\"twitter:card\" content=\"summary_large_image\" \/>\n<meta name=\"twitter:label1\" content=\"Est. reading time\" \/>\n\t<meta name=\"twitter:data1\" content=\"2 minutes\" \/>\n<script type=\"application\/ld+json\" class=\"yoast-schema-graph\">{\"@context\":\"https:\\\/\\\/schema.org\",\"@graph\":[{\"@type\":\"WebPage\",\"@id\":\"https:\\\/\\\/tajkertesz.com\\\/termek\\\/substral-zold-taprudacskak-30-db-csomag-2\\\/\",\"url\":\"https:\\\/\\\/tajkertesz.com\\\/termek\\\/substral-zold-taprudacskak-30-db-csomag-2\\\/\",\"name\":\"SUBSTRAL Z\u00f6ld t\u00e1prudacsk\u00e1k 60 db\\\/csomag - T\u00e1jkert\u00e9sz\",\"isPartOf\":{\"@id\":\"https:\\\/\\\/tajkertesz.com\\\/#website\"},\"primaryImageOfPage\":{\"@id\":\"https:\\\/\\\/tajkertesz.com\\\/termek\\\/substral-zold-taprudacskak-30-db-csomag-2\\\/#primaryimage\"},\"image\":{\"@id\":\"https:\\\/\\\/tajkertesz.com\\\/termek\\\/substral-zold-taprudacskak-30-db-csomag-2\\\/#primaryimage\"},\"thumbnailUrl\":\"https:\\\/\\\/tajkertesz.com\\\/wp-content\\\/uploads\\\/2025\\\/01\\\/1295525__01.png.webp\",\"datePublished\":\"2025-01-23T10:57:58+00:00\",\"dateModified\":\"2026-02-12T14:11:49+00:00\",\"description\":\"SUBSTRAL Z\u00f6ld t\u00e1prudacsk\u00e1k 60 db\\\/csomag , K\u00e9sz t\u00e1panyag a cserepes d\u00edszn\u00f6v\u00e9nyek sz\u00e1m\u00e1ra. NPK 10 : 7 : 9 + 2 magn\u00e9zium + mikroelemek\",\"breadcrumb\":{\"@id\":\"https:\\\/\\\/tajkertesz.com\\\/termek\\\/substral-zold-taprudacskak-30-db-csomag-2\\\/#breadcrumb\"},\"inLanguage\":\"en-US\",\"potentialAction\":[{\"@type\":\"ReadAction\",\"target\":[\"https:\\\/\\\/tajkertesz.com\\\/termek\\\/substral-zold-taprudacskak-30-db-csomag-2\\\/\"]}]},{\"@type\":\"ImageObject\",\"inLanguage\":\"en-US\",\"@id\":\"https:\\\/\\\/tajkertesz.com\\\/termek\\\/substral-zold-taprudacskak-30-db-csomag-2\\\/#primaryimage\",\"url\":\"https:\\\/\\\/tajkertesz.com\\\/wp-content\\\/uploads\\\/2025\\\/01\\\/1295525__01.png.webp\",\"contentUrl\":\"https:\\\/\\\/tajkertesz.com\\\/wp-content\\\/uploads\\\/2025\\\/01\\\/1295525__01.png.webp\",\"width\":600,\"height\":600,\"caption\":\"SUBSTRAL Z\u00f6ld t\u00e1prudacsk\u00e1k 60 db\\\/csomag\"},{\"@type\":\"BreadcrumbList\",\"@id\":\"https:\\\/\\\/tajkertesz.com\\\/termek\\\/substral-zold-taprudacskak-30-db-csomag-2\\\/#breadcrumb\",\"itemListElement\":[{\"@type\":\"ListItem\",\"position\":1,\"name\":\"Home\",\"item\":\"https:\\\/\\\/tajkertesz.com\\\/\"},{\"@type\":\"ListItem\",\"position\":2,\"name\":\"Kezd\u0151lap\",\"item\":\"https:\\\/\\\/tajkertesz.com\\\/\"},{\"@type\":\"ListItem\",\"position\":3,\"name\":\"SUBSTRAL Z\u00f6ld t\u00e1prudacsk\u00e1k 60 db\\\/csomag\"}]},{\"@type\":\"WebSite\",\"@id\":\"https:\\\/\\\/tajkertesz.com\\\/#website\",\"url\":\"https:\\\/\\\/tajkertesz.com\\\/\",\"name\":\"T\u00e1j-Kert\u00e9sz 84 Kft.\",\"description\":\"Kert\u00e9szeti kis- \u00e9s nagykeresked\u00e9s, D\u00edszn\u00f6v\u00e9ny web\u00e1ruh\u00e1z orsz\u00e1gos h\u00e1zhozsz\u00e1ll\u00edt\u00e1ssal!\",\"publisher\":{\"@id\":\"https:\\\/\\\/tajkertesz.com\\\/#organization\"},\"potentialAction\":[{\"@type\":\"SearchAction\",\"target\":{\"@type\":\"EntryPoint\",\"urlTemplate\":\"https:\\\/\\\/tajkertesz.com\\\/?s={search_term_string}\"},\"query-input\":{\"@type\":\"PropertyValueSpecification\",\"valueRequired\":true,\"valueName\":\"search_term_string\"}}],\"inLanguage\":\"en-US\"},{\"@type\":\"Organization\",\"@id\":\"https:\\\/\\\/tajkertesz.com\\\/#organization\",\"name\":\"T\u00e1j-Kert\u00e9sz 84 Kft.\",\"url\":\"https:\\\/\\\/tajkertesz.com\\\/\",\"logo\":{\"@type\":\"ImageObject\",\"inLanguage\":\"en-US\",\"@id\":\"https:\\\/\\\/tajkertesz.com\\\/#\\\/schema\\\/logo\\\/image\\\/\",\"url\":\"https:\\\/\\\/tajkertesz.com\\\/wp-content\\\/uploads\\\/2018\\\/02\\\/logo-2-e1518678052539.png\",\"contentUrl\":\"https:\\\/\\\/tajkertesz.com\\\/wp-content\\\/uploads\\\/2018\\\/02\\\/logo-2-e1518678052539.png\",\"width\":81,\"height\":140,\"caption\":\"T\u00e1j-Kert\u00e9sz 84 Kft.\"},\"image\":{\"@id\":\"https:\\\/\\\/tajkertesz.com\\\/#\\\/schema\\\/logo\\\/image\\\/\"},\"sameAs\":[\"https:\\\/\\\/www.facebook.com\\\/Tajkertesz\\\/\"]}]}<\/script>\n<!-- \/ Yoast SEO plugin. -->","yoast_head_json":{"title":"SUBSTRAL Z\u00f6ld t\u00e1prudacsk\u00e1k 60 db\/csomag - T\u00e1jkert\u00e9sz","description":"SUBSTRAL Z\u00f6ld t\u00e1prudacsk\u00e1k 60 db\/csomag , K\u00e9sz t\u00e1panyag a cserepes d\u00edszn\u00f6v\u00e9nyek sz\u00e1m\u00e1ra. NPK 10 : 7 : 9 + 2 magn\u00e9zium + mikroelemek","robots":{"index":"index","follow":"follow","max-snippet":"max-snippet:-1","max-image-preview":"max-image-preview:large","max-video-preview":"max-video-preview:-1"},"canonical":"https:\/\/tajkertesz.com\/en_US\/product\/substral-zold-taprudacskak-30-db-csomag-2\/","og_locale":"en_US","og_type":"article","og_title":"SUBSTRAL Z\u00f6ld t\u00e1prudacsk\u00e1k 60 db\/csomag - T\u00e1jkert\u00e9sz","og_description":"SUBSTRAL Z\u00f6ld t\u00e1prudacsk\u00e1k 60 db\/csomag , K\u00e9sz t\u00e1panyag a cserepes d\u00edszn\u00f6v\u00e9nyek sz\u00e1m\u00e1ra. NPK 10 : 7 : 9 + 2 magn\u00e9zium + mikroelemek","og_url":"https:\/\/tajkertesz.com\/en_US\/product\/substral-zold-taprudacskak-30-db-csomag-2\/","og_site_name":"T\u00e1jkert\u00e9sz","article_publisher":"https:\/\/www.facebook.com\/Tajkertesz\/","article_modified_time":"2026-02-12T14:11:49+00:00","og_image":[{"width":600,"height":600,"url":"https:\/\/tajkertesz.com\/wp-content\/uploads\/2025\/01\/1295525__01.png.webp","type":"image\/webp"}],"twitter_card":"summary_large_image","twitter_misc":{"Est. reading time":"2 minutes"},"schema":{"@context":"https:\/\/schema.org","@graph":[{"@type":"WebPage","@id":"https:\/\/tajkertesz.com\/termek\/substral-zold-taprudacskak-30-db-csomag-2\/","url":"https:\/\/tajkertesz.com\/termek\/substral-zold-taprudacskak-30-db-csomag-2\/","name":"SUBSTRAL Z\u00f6ld t\u00e1prudacsk\u00e1k 60 db\/csomag - T\u00e1jkert\u00e9sz","isPartOf":{"@id":"https:\/\/tajkertesz.com\/#website"},"primaryImageOfPage":{"@id":"https:\/\/tajkertesz.com\/termek\/substral-zold-taprudacskak-30-db-csomag-2\/#primaryimage"},"image":{"@id":"https:\/\/tajkertesz.com\/termek\/substral-zold-taprudacskak-30-db-csomag-2\/#primaryimage"},"thumbnailUrl":"https:\/\/tajkertesz.com\/wp-content\/uploads\/2025\/01\/1295525__01.png.webp","datePublished":"2025-01-23T10:57:58+00:00","dateModified":"2026-02-12T14:11:49+00:00","description":"SUBSTRAL Z\u00f6ld t\u00e1prudacsk\u00e1k 60 db\/csomag , K\u00e9sz t\u00e1panyag a cserepes d\u00edszn\u00f6v\u00e9nyek sz\u00e1m\u00e1ra. NPK 10 : 7 : 9 + 2 magn\u00e9zium + mikroelemek","breadcrumb":{"@id":"https:\/\/tajkertesz.com\/termek\/substral-zold-taprudacskak-30-db-csomag-2\/#breadcrumb"},"inLanguage":"en-US","potentialAction":[{"@type":"ReadAction","target":["https:\/\/tajkertesz.com\/termek\/substral-zold-taprudacskak-30-db-csomag-2\/"]}]},{"@type":"ImageObject","inLanguage":"en-US","@id":"https:\/\/tajkertesz.com\/termek\/substral-zold-taprudacskak-30-db-csomag-2\/#primaryimage","url":"https:\/\/tajkertesz.com\/wp-content\/uploads\/2025\/01\/1295525__01.png.webp","contentUrl":"https:\/\/tajkertesz.com\/wp-content\/uploads\/2025\/01\/1295525__01.png.webp","width":600,"height":600,"caption":"SUBSTRAL Z\u00f6ld t\u00e1prudacsk\u00e1k 60 db\/csomag"},{"@type":"BreadcrumbList","@id":"https:\/\/tajkertesz.com\/termek\/substral-zold-taprudacskak-30-db-csomag-2\/#breadcrumb","itemListElement":[{"@type":"ListItem","position":1,"name":"Home","item":"https:\/\/tajkertesz.com\/"},{"@type":"ListItem","position":2,"name":"Kezd\u0151lap","item":"https:\/\/tajkertesz.com\/"},{"@type":"ListItem","position":3,"name":"SUBSTRAL Z\u00f6ld t\u00e1prudacsk\u00e1k 60 db\/csomag"}]},{"@type":"WebSite","@id":"https:\/\/tajkertesz.com\/#website","url":"https:\/\/tajkertesz.com\/","name":"T\u00e1j-Kert\u00e9sz 84 Kft.","description":"Kert\u00e9szeti kis- \u00e9s nagykeresked\u00e9s, D\u00edszn\u00f6v\u00e9ny web\u00e1ruh\u00e1z orsz\u00e1gos h\u00e1zhozsz\u00e1ll\u00edt\u00e1ssal!","publisher":{"@id":"https:\/\/tajkertesz.com\/#organization"},"potentialAction":[{"@type":"SearchAction","target":{"@type":"EntryPoint","urlTemplate":"https:\/\/tajkertesz.com\/?s={search_term_string}"},"query-input":{"@type":"PropertyValueSpecification","valueRequired":true,"valueName":"search_term_string"}}],"inLanguage":"en-US"},{"@type":"Organization","@id":"https:\/\/tajkertesz.com\/#organization","name":"T\u00e1j-Kert\u00e9sz 84 Kft.","url":"https:\/\/tajkertesz.com\/","logo":{"@type":"ImageObject","inLanguage":"en-US","@id":"https:\/\/tajkertesz.com\/#\/schema\/logo\/image\/","url":"https:\/\/tajkertesz.com\/wp-content\/uploads\/2018\/02\/logo-2-e1518678052539.png","contentUrl":"https:\/\/tajkertesz.com\/wp-content\/uploads\/2018\/02\/logo-2-e1518678052539.png","width":81,"height":140,"caption":"T\u00e1j-Kert\u00e9sz 84 Kft."},"image":{"@id":"https:\/\/tajkertesz.com\/#\/schema\/logo\/image\/"},"sameAs":["https:\/\/www.facebook.com\/Tajkertesz\/"]}]}},"_links":{"self":[{"href":"https:\/\/tajkertesz.com\/en_US\/wp-json\/wp\/v2\/product\/22258","targetHints":{"allow":["GET"]}}],"collection":[{"href":"https:\/\/tajkertesz.com\/en_US\/wp-json\/wp\/v2\/product"}],"about":[{"href":"https:\/\/tajkertesz.com\/en_US\/wp-json\/wp\/v2\/types\/product"}],"wp:featuredmedia":[{"embeddable":true,"href":"https:\/\/tajkertesz.com\/en_US\/wp-json\/wp\/v2\/media\/22259"}],"wp:attachment":[{"href":"https:\/\/tajkertesz.com\/en_US\/wp-json\/wp\/v2\/media?parent=22258"}],"wp:term":[{"taxonomy":"product_brand","embeddable":true,"href":"https:\/\/tajkertesz.com\/en_US\/wp-json\/wp\/v2\/product_brand?post=22258"},{"taxonomy":"product_cat","embeddable":true,"href":"https:\/\/tajkertesz.com\/en_US\/wp-json\/wp\/v2\/product_cat?post=22258"},{"taxonomy":"product_tag","embeddable":true,"href":"https:\/\/tajkertesz.com\/en_US\/wp-json\/wp\/v2\/product_tag?post=22258"}],"curies":[{"name":"wp","href":"https:\/\/api.w.org\/{rel}","templated":true}]}}