{"id":22266,"date":"2025-01-24T10:53:55","date_gmt":"2025-01-24T10:53:55","guid":{"rendered":"https:\/\/tajkertesz.com\/?post_type=product&#038;p=22266"},"modified":"2026-02-12T14:11:40","modified_gmt":"2026-02-12T14:11:40","slug":"damisol-gold-frigomax-fagyvedelem-1l","status":"publish","type":"product","link":"https:\/\/tajkertesz.com\/en_US\/product\/damisol-gold-frigomax-fagyvedelem-1l\/","title":{"rendered":"Damisol Gold Frigomax fagyv\u00e9delem 1L."},"content":{"rendered":"<h2>Damisol Gold Frigomax fagyv\u00e9delem 1L.<\/h2>\n<p>Damisol Gold Frigomax fagyv\u00e9delem 1L.<\/p>\n<p>A DAMISOL GOLD FRIGOMAX egyed\u00fcl\u00e1ll\u00f3 hat\u00e9konys\u00e1ggal k\u00e9pes a gy\u00fcm\u00f6lcskult\u00far\u00e1kban a tavaszi, vir\u00e1gz\u00e1skori fagyok hat\u00e1s\u00e1nak kiv\u00e9d\u00e9s\u00e9re, cs\u00f6kkent\u00e9s\u00e9re, a fagy el\u0151tt legal\u00e1bb 10-12 \u00f3r\u00e1val kijuttatva. Elh\u00faz\u00f3d\u00f3, ism\u00e9tl\u0151d\u0151 fagyok eset\u00e9n a kezel\u00e9st 10-12 nap m\u00falva meg kell ism\u00e9telni. Csonth\u00e9jasokban -4 C\u00b0ig, almaterm\u00e9s\u0171ekben -5 C\u00b0-ig hat\u00e1sosan v\u00e9di a vir\u00e1gokat.<\/p>\n<p>A csonth\u00e9jas kult\u00far\u00e1kban az \u00e9ves vessz\u0151k h\u00e1ncs\u00e1n kereszt\u00fcl is felsz\u00edv\u00f3dik \u00e9s j\u00f3l sz\u00e1ll\u00edt\u00f3dik a k\u00e9sz\u00edtm\u00e9ny a vir\u00e1gzat fel\u00e9. Csonth\u00e9jas \u00e9s alm\u00e1sterm\u00e9s\u0171ekben a magk\u00f6t\u0151d\u00e9s el\u0151tti h\u0171v\u00f6s id\u0151j\u00e1r\u00e1sb\u00f3l fakad\u00f3 gy\u00fcm\u00f6lcshull\u00e1s is g\u00e1tolhat\u00f3 vele.<\/p>\n<p>\u00d6kol\u00f3giai gazd\u00e1lkod\u00e1sban \u00e9s biotermeszt\u00e9sben is felhaszn\u00e1lhat\u00f3. Tov\u00e1bbi felhaszn\u00e1l\u00e1si ter\u00fcleteit l\u00e1sd, mint a Borosty\u00e1nmax term\u00e9kn\u00e9l.<\/p>\n<h4>Hat\u00f3anyagtartalom (g\/l):<\/h4>\n<ul>\n<li>60 g\/l b\u00f3r<\/li>\n<li>120 g\/l borosty\u00e1nk\u0151sav<\/li>\n<\/ul>\n<h4>Alkalmaz\u00e1si javaslatok:<\/h4>\n<ul>\n<li>fagyvesz\u00e9lyes id\u0151j\u00e1r\u00e1s el\u0151tt alkalmazhat\u00f3<\/li>\n<\/ul>\n<ul>\n<li>gabonaf\u00e9l\u00e9kben az els\u0151 sz\u00e1rcsom\u00f3k \u00e9szlel\u00e9sekor<\/li>\n<li>kukoric\u00e1ban 4-8 leveles \u00e1llapotban<\/li>\n<li>uborka, bab, bors\u00f3, lencse: vir\u00e1gz\u00e1s el\u0151tt<\/li>\n<li>pritamin- \u00e9s f\u0171szerpaprika, determin\u00e1lt paradicsom: az els\u0151 k\u00f6t\u00e9sek sz\u00ednez\u0151d\u00e9s\u00e9nek kezdet\u00e9n, az egy\u00fctt\u00e9r\u00e9s \u00e9s a sz\u00ednberak\u00f3d\u00e1s, a min\u0151s\u00e9g fokoz\u00e1s\u00e1ra<\/li>\n<li>gy\u00fcm\u00f6lcs\u00f6s\u00f6kben a vir\u00e1gz\u00e1skori fagyk\u00e1rok gy\u00f3gy\u00edt\u00e1s\u00e1ra.<\/li>\n<\/ul>\n<h2>Fagyk\u00e1rok elleni v\u00e9dekez\u00e9s:<\/h2>\n<p>A DAMISOL lev\u00e9ltr\u00e1gya csal\u00e1d k\u00fcl\u00f6nleges, egyed\u00fcl\u00e1ll\u00f3 hat\u00e1s\u00fa k\u00e9sz\u00edtm\u00e9nyeinek alkalmaz\u00e1s\u00e1val a vir\u00e1gmegf\u00e1z\u00e1sok gy\u00f3gy\u00edthat\u00f3k, illetve a fagyok hat\u00e1sa m\u00e9rs\u00e9kelhet\u0151. A k\u00e9sz\u00edtm\u00e9nyek alkalmaz\u00e1s technol\u00f3gi\u00e1ja a k\u00f6vetkez\u0151:<\/p>\n<p>A fagy el\u0151tt k\u00f6zvetlen\u00fcl (minimum 4 \u00f3ra kell a felsz\u00edv\u00f3d\u00e1shoz) kell juttatni a DAMISOL Gold Frigomax 5 l\/ha mennyis\u00e9g\u00e9t. A lev\u00e9ltr\u00e1gya olyan er\u0151s, a vir\u00e1gok fel\u00e9 t\u00f6rt\u00e9n\u0151 t\u00e1panyagsz\u00e1ll\u00edt\u00e1st induk\u00e1l, amely seg\u00edts\u00e9g\u00e9vel jelent\u0151sen megn\u0151 a vir\u00e1gok sz\u00e9nhidr\u00e1t koncentr\u00e1ci\u00f3ja.<\/p>\n<p>Ez a megn\u00f6vekedett sz\u00e9nhidr\u00e1t tartalom, amely \u00f3r\u00e1k alatt j\u00f6n l\u00e9tre, v\u00e9di a vir\u00e1gokat a hideg hat\u00e1s\u00e1t\u00f3l. Alma, k\u00f6rte eset\u00e9ben -5 &#8211; -7\u00baC, csonth\u00e9jasok eset\u00e9ben -3 &#8211; -5\u00baC fagy hat\u00e1s\u00e1t tudja a szer orvosolni. A csonth\u00e9jasokn\u00e1l az \u00e9ves vessz\u0151 h\u00e1ncs\u00e1n is felsz\u00edv\u00f3dik a k\u00e9sz\u00edtm\u00e9ny. A szert nagyon finom porlaszt\u00e1ssal, kis v\u00edzmennyis\u00e9ggel kel a koron\u00e1ra permetezni.<\/p>\n<p>A c\u00e9l az, hogy annyi akt\u00edv vir\u00e1got siker\u00fclj\u00f6n megmenteni, amennyi megakad\u00e1lyozza a fa hormonegyens\u00faly\u00e1nak felborul\u00e1s\u00e1t, \u00e9s \u00edgy megakad\u00e1lyozza a szakaszos term\u00e9s, az alternancia kialakul\u00e1s\u00e1t.<\/p>\n<p>A DAMISOL Gold\u00a0Frigomax kijuttat\u00e1sa ut\u00e1n n\u00e9h\u00e1ny nappal c\u00e9lszer\u0171 kipermetezni a m\u00e1sik k\u00fcl\u00f6nleges \u00f6sszet\u00e9tel\u0171 lev\u00e9ltr\u00e1gy\u00e1nkat, a DAMISOL Magnust. Ebb\u0151l az alma- \u00e9s k\u00f6rte\u00fcltetv\u00e9nyekre 2 x 2 l\/ha mennyis\u00e9get sz\u00fcks\u00e9ges kisz\u00f3rni, 7-10 nap differenci\u00e1val. A csonth\u00e9jasokn\u00e1l elegend\u0151 1 alkalommal kijuttatni a DAMISOL\u00ae Magnust 2 l\/ha mennyis\u00e9gben.<\/p>\n<p>A v\u00e1zolt technol\u00f3gia alkalmaz\u00e1s\u00e1val az elm\u00falt, imm\u00e1ron 20 \u00e9v tapasztalatai szerint mindig volt annyi term\u00e9s, amely biztos\u00edtotta azt, hogy a termeszt\u00e9s ne legyen vesztes\u00e9ges, illetve a lev\u00e9ltr\u00e1gy\u00e1z\u00e1s megakad\u00e1lyozta az alternancia kialakul\u00e1s\u00e1t.<\/p>\n<h2>Alkalmazhat\u00f3 d\u00f3zis:<\/h2>\n<ul>\n<li>5 l\/ha<\/li>\n<li>t\u00f6m\u00e9nys\u00e9g: minimum n\u00e9gyszeres h\u00edg\u00edt\u00e1sban alkalmazand\u00f3<\/li>\n<\/ul>\n<h2>Kiszerel\u00e9s:<\/h2>\n<p>1 liter, 5 liter, 10 liter, 20 liter<\/p>\n<p style=\"line-height: 18.0pt; background: white; margin: 0cm 0cm 15.0pt 0cm;\"><b><span style=\"font-family: 'Ubuntu',sans-serif; color: black;\">K\u00e9szlet\u00fcnk napi szinten v\u00e1ltozik, ez\u00e9rt k\u00e9rj\u00fck, \u00e9rdekl\u0151dj\u00f6n szem\u00e9lyesen, telefonon vagy email-en.<br \/>\nA v\u00e1ltoztat\u00e1s jog\u00e1t fenntartjuk!\u00a0<\/span><\/b><\/p>\n<p><a href=\"https:\/\/tajkertesz.com\/\">https:\/\/tajkertesz.com\/<\/a><\/p>\n<p><a href=\"https:\/\/www.facebook.com\/tajkertesz\/\">https:\/\/www.facebook.com\/tajkertesz\/<\/a><\/p>\n<p>Kisz\u00e1ll\u00edt\u00e1s: 200cm-ig \u00e9s 40 kg-ig a sz\u00e1ll\u00edt\u00e1s fut\u00e1rszolg\u00e1lattal t\u00f6rt\u00e9nik.<\/p>\n<p>Szem\u00e9lyes \u00e1tv\u00e9tel nyitvatart\u00e1si id\u0151ben a 17. ker\u00fclet Bakancsos utca 7. sz\u00e1m alatti Kert\u00e9szeti \u00e1rud\u00e1nkban.<\/p>\n<p>Kert\u00e9p\u00edt\u0151k \u00e9s viszontelad\u00f3k regisztr\u00e1l\u00e1s ut\u00e1n egyedi kedvezm\u00e9nnyel v\u00e1s\u00e1rolhatnak kert\u00e9szeti kis-\u00e9s nagykeresked\u00e9s\u00fcnkben.<\/p>\n<p>A logisztikai c\u00e9ggel t\u00f6rt\u00e9n\u0151 sz\u00e1ll\u00edt\u00e1s eset\u00e9n a partnereink\u00a0esetleges a\u00a0cs\u00fasz\u00e1sai\u00e9rt nem v\u00e1llalunk felel\u0151ss\u00e9get!<\/p>\n<p><strong>Az \u00e1rak egy darab term\u00e9kre vonatkoznak.<\/strong><\/p>","protected":false},"excerpt":{"rendered":"<ul>\n<li><strong><em>Hat\u00f3anyagtartalom (g\/l):<\/em><\/strong><br \/>\n<span class=\"paremeter_text\"><em>75 B\u00f3r, 150 Borosty\u00e1nk\u0151sav<\/em><\/span><\/li>\n<li><strong><em>Alkalmaz\u00e1si javaslatok:<\/em><\/strong><br \/>\n<span class=\"paremeter_text\"><em>Gy\u00fcm\u00f6lcskult\u00far\u00e1kban a tavaszi, vir\u00e1gz\u00e1skori fagyok hat\u00e1s\u00e1nak kiv\u00e9d\u00e9s\u00e9re, cs\u00f6kkent\u00e9s\u00e9re, a fagy el\u0151tt legal\u00e1bb 10-12 \u00f3r\u00e1val kijuttatva 4 l\/ha mennyis\u00e9gben. Elh\u00faz\u00f3d\u00f3, ism\u00e9tl\u0151d\u0151 fagyok eset\u00e9n a kezel\u00e9st 10-12 nap m\u00falva meg kell ism\u00e9telni. A csonth\u00e9jas kult\u00far\u00e1kban az \u00e9ves vessz\u0151k h\u00e1ncs\u00e1n kereszt\u00fcl is felsz\u00edv\u00f3dik.<\/em><\/span><\/li>\n<li><strong><em>Alkalmazhat\u00f3 d\u00f3zis:<\/em><\/strong><\/li>\n<li><strong>l\/ha:<\/strong>\u00a0<em>4<\/em><br \/>\n<strong>%:<\/strong>\u00a0<em>0,4-0,5<\/em><\/li>\n<\/ul>","protected":false},"featured_media":22267,"template":"","meta":{"_et_pb_use_builder":"","_et_pb_old_content":"","_et_gb_content_width":""},"product_brand":[],"product_cat":[4093,866],"product_tag":[5629,5627,869,5630,5628],"class_list":{"0":"post-22266","1":"product","2":"type-product","3":"status-publish","4":"has-post-thumbnail","6":"product_cat-novenyapolo-szerek","7":"product_cat-teli-novenyvedelem","8":"product_tag-damisol","9":"product_tag-fagyvedelem","10":"product_tag-fagyvedo","11":"product_tag-frigomax","12":"product_tag-novenyapolo","14":"first","15":"instock","16":"shipping-taxable","17":"purchasable","18":"product-type-simple"},"yoast_head":"<!-- This site is optimized with the Yoast SEO plugin v27.4 - https:\/\/yoast.com\/product\/yoast-seo-wordpress\/ -->\n<title>Damisol Gold Frigomax fagyv\u00e9delem 1L. - T\u00e1jkert\u00e9sz<\/title>\n<meta name=\"description\" content=\"Damisol Gold Frigomax fagyv\u00e9delem 1L. Gy\u00fcm\u00f6lcskult\u00far\u00e1kban a tavaszi, vir\u00e1gz\u00e1skori fagyok hat\u00e1s\u00e1nak kiv\u00e9d\u00e9s\u00e9re, cs\u00f6kkent\u00e9s\u00e9re, a fagy el\u0151tt 1-2 \u00f3r\u00e1val kijutt\" \/>\n<meta name=\"robots\" content=\"index, follow, max-snippet:-1, max-image-preview:large, max-video-preview:-1\" \/>\n<link rel=\"canonical\" href=\"https:\/\/tajkertesz.com\/en_US\/product\/damisol-gold-frigomax-fagyvedelem-1l\/\" \/>\n<meta property=\"og:locale\" content=\"en_US\" \/>\n<meta property=\"og:type\" content=\"article\" \/>\n<meta property=\"og:title\" content=\"Damisol Gold Frigomax fagyv\u00e9delem 1L. - T\u00e1jkert\u00e9sz\" \/>\n<meta property=\"og:description\" content=\"Damisol Gold Frigomax fagyv\u00e9delem 1L. Gy\u00fcm\u00f6lcskult\u00far\u00e1kban a tavaszi, vir\u00e1gz\u00e1skori fagyok hat\u00e1s\u00e1nak kiv\u00e9d\u00e9s\u00e9re, cs\u00f6kkent\u00e9s\u00e9re, a fagy el\u0151tt 1-2 \u00f3r\u00e1val kijutt\" \/>\n<meta property=\"og:url\" content=\"https:\/\/tajkertesz.com\/en_US\/product\/damisol-gold-frigomax-fagyvedelem-1l\/\" \/>\n<meta property=\"og:site_name\" content=\"T\u00e1jkert\u00e9sz\" \/>\n<meta property=\"article:publisher\" content=\"https:\/\/www.facebook.com\/Tajkertesz\/\" \/>\n<meta property=\"article:modified_time\" content=\"2026-02-12T14:11:40+00:00\" \/>\n<meta property=\"og:image\" content=\"https:\/\/tajkertesz.com\/wp-content\/uploads\/2025\/01\/damisol_gold_frigomax_1_liter_fagykar_ellen.jpeg.webp\" \/>\n\t<meta property=\"og:image:width\" content=\"1200\" \/>\n\t<meta property=\"og:image:height\" content=\"600\" \/>\n\t<meta property=\"og:image:type\" content=\"image\/webp\" \/>\n<meta name=\"twitter:card\" content=\"summary_large_image\" \/>\n<meta name=\"twitter:label1\" content=\"Est. reading time\" \/>\n\t<meta name=\"twitter:data1\" content=\"3 minutes\" \/>\n<script type=\"application\/ld+json\" class=\"yoast-schema-graph\">{\"@context\":\"https:\\\/\\\/schema.org\",\"@graph\":[{\"@type\":\"WebPage\",\"@id\":\"https:\\\/\\\/tajkertesz.com\\\/termek\\\/damisol-gold-frigomax-fagyvedelem-1l\\\/\",\"url\":\"https:\\\/\\\/tajkertesz.com\\\/termek\\\/damisol-gold-frigomax-fagyvedelem-1l\\\/\",\"name\":\"Damisol Gold Frigomax fagyv\u00e9delem 1L. - T\u00e1jkert\u00e9sz\",\"isPartOf\":{\"@id\":\"https:\\\/\\\/tajkertesz.com\\\/#website\"},\"primaryImageOfPage\":{\"@id\":\"https:\\\/\\\/tajkertesz.com\\\/termek\\\/damisol-gold-frigomax-fagyvedelem-1l\\\/#primaryimage\"},\"image\":{\"@id\":\"https:\\\/\\\/tajkertesz.com\\\/termek\\\/damisol-gold-frigomax-fagyvedelem-1l\\\/#primaryimage\"},\"thumbnailUrl\":\"https:\\\/\\\/tajkertesz.com\\\/wp-content\\\/uploads\\\/2025\\\/01\\\/damisol_gold_frigomax_1_liter_fagykar_ellen.jpeg.webp\",\"datePublished\":\"2025-01-24T10:53:55+00:00\",\"dateModified\":\"2026-02-12T14:11:40+00:00\",\"description\":\"Damisol Gold Frigomax fagyv\u00e9delem 1L. Gy\u00fcm\u00f6lcskult\u00far\u00e1kban a tavaszi, vir\u00e1gz\u00e1skori fagyok hat\u00e1s\u00e1nak kiv\u00e9d\u00e9s\u00e9re, cs\u00f6kkent\u00e9s\u00e9re, a fagy el\u0151tt 1-2 \u00f3r\u00e1val kijutt\",\"breadcrumb\":{\"@id\":\"https:\\\/\\\/tajkertesz.com\\\/termek\\\/damisol-gold-frigomax-fagyvedelem-1l\\\/#breadcrumb\"},\"inLanguage\":\"en-US\",\"potentialAction\":[{\"@type\":\"ReadAction\",\"target\":[\"https:\\\/\\\/tajkertesz.com\\\/termek\\\/damisol-gold-frigomax-fagyvedelem-1l\\\/\"]}]},{\"@type\":\"ImageObject\",\"inLanguage\":\"en-US\",\"@id\":\"https:\\\/\\\/tajkertesz.com\\\/termek\\\/damisol-gold-frigomax-fagyvedelem-1l\\\/#primaryimage\",\"url\":\"https:\\\/\\\/tajkertesz.com\\\/wp-content\\\/uploads\\\/2025\\\/01\\\/damisol_gold_frigomax_1_liter_fagykar_ellen.jpeg.webp\",\"contentUrl\":\"https:\\\/\\\/tajkertesz.com\\\/wp-content\\\/uploads\\\/2025\\\/01\\\/damisol_gold_frigomax_1_liter_fagykar_ellen.jpeg.webp\",\"width\":1200,\"height\":600,\"caption\":\"Damisol Gold Frigomax fagyv\u00e9delem 1L.\"},{\"@type\":\"BreadcrumbList\",\"@id\":\"https:\\\/\\\/tajkertesz.com\\\/termek\\\/damisol-gold-frigomax-fagyvedelem-1l\\\/#breadcrumb\",\"itemListElement\":[{\"@type\":\"ListItem\",\"position\":1,\"name\":\"Home\",\"item\":\"https:\\\/\\\/tajkertesz.com\\\/\"},{\"@type\":\"ListItem\",\"position\":2,\"name\":\"Kezd\u0151lap\",\"item\":\"https:\\\/\\\/tajkertesz.com\\\/\"},{\"@type\":\"ListItem\",\"position\":3,\"name\":\"Damisol Gold Frigomax fagyv\u00e9delem 1L.\"}]},{\"@type\":\"WebSite\",\"@id\":\"https:\\\/\\\/tajkertesz.com\\\/#website\",\"url\":\"https:\\\/\\\/tajkertesz.com\\\/\",\"name\":\"T\u00e1j-Kert\u00e9sz 84 Kft.\",\"description\":\"Kert\u00e9szeti kis- \u00e9s nagykeresked\u00e9s, D\u00edszn\u00f6v\u00e9ny web\u00e1ruh\u00e1z orsz\u00e1gos h\u00e1zhozsz\u00e1ll\u00edt\u00e1ssal!\",\"publisher\":{\"@id\":\"https:\\\/\\\/tajkertesz.com\\\/#organization\"},\"potentialAction\":[{\"@type\":\"SearchAction\",\"target\":{\"@type\":\"EntryPoint\",\"urlTemplate\":\"https:\\\/\\\/tajkertesz.com\\\/?s={search_term_string}\"},\"query-input\":{\"@type\":\"PropertyValueSpecification\",\"valueRequired\":true,\"valueName\":\"search_term_string\"}}],\"inLanguage\":\"en-US\"},{\"@type\":\"Organization\",\"@id\":\"https:\\\/\\\/tajkertesz.com\\\/#organization\",\"name\":\"T\u00e1j-Kert\u00e9sz 84 Kft.\",\"url\":\"https:\\\/\\\/tajkertesz.com\\\/\",\"logo\":{\"@type\":\"ImageObject\",\"inLanguage\":\"en-US\",\"@id\":\"https:\\\/\\\/tajkertesz.com\\\/#\\\/schema\\\/logo\\\/image\\\/\",\"url\":\"https:\\\/\\\/tajkertesz.com\\\/wp-content\\\/uploads\\\/2018\\\/02\\\/logo-2-e1518678052539.png\",\"contentUrl\":\"https:\\\/\\\/tajkertesz.com\\\/wp-content\\\/uploads\\\/2018\\\/02\\\/logo-2-e1518678052539.png\",\"width\":81,\"height\":140,\"caption\":\"T\u00e1j-Kert\u00e9sz 84 Kft.\"},\"image\":{\"@id\":\"https:\\\/\\\/tajkertesz.com\\\/#\\\/schema\\\/logo\\\/image\\\/\"},\"sameAs\":[\"https:\\\/\\\/www.facebook.com\\\/Tajkertesz\\\/\"]}]}<\/script>\n<!-- \/ Yoast SEO plugin. -->","yoast_head_json":{"title":"Damisol Gold Frigomax fagyv\u00e9delem 1L. - T\u00e1jkert\u00e9sz","description":"Damisol Gold Frigomax fagyv\u00e9delem 1L. Gy\u00fcm\u00f6lcskult\u00far\u00e1kban a tavaszi, vir\u00e1gz\u00e1skori fagyok hat\u00e1s\u00e1nak kiv\u00e9d\u00e9s\u00e9re, cs\u00f6kkent\u00e9s\u00e9re, a fagy el\u0151tt 1-2 \u00f3r\u00e1val kijutt","robots":{"index":"index","follow":"follow","max-snippet":"max-snippet:-1","max-image-preview":"max-image-preview:large","max-video-preview":"max-video-preview:-1"},"canonical":"https:\/\/tajkertesz.com\/en_US\/product\/damisol-gold-frigomax-fagyvedelem-1l\/","og_locale":"en_US","og_type":"article","og_title":"Damisol Gold Frigomax fagyv\u00e9delem 1L. - T\u00e1jkert\u00e9sz","og_description":"Damisol Gold Frigomax fagyv\u00e9delem 1L. Gy\u00fcm\u00f6lcskult\u00far\u00e1kban a tavaszi, vir\u00e1gz\u00e1skori fagyok hat\u00e1s\u00e1nak kiv\u00e9d\u00e9s\u00e9re, cs\u00f6kkent\u00e9s\u00e9re, a fagy el\u0151tt 1-2 \u00f3r\u00e1val kijutt","og_url":"https:\/\/tajkertesz.com\/en_US\/product\/damisol-gold-frigomax-fagyvedelem-1l\/","og_site_name":"T\u00e1jkert\u00e9sz","article_publisher":"https:\/\/www.facebook.com\/Tajkertesz\/","article_modified_time":"2026-02-12T14:11:40+00:00","og_image":[{"width":1200,"height":600,"url":"https:\/\/tajkertesz.com\/wp-content\/uploads\/2025\/01\/damisol_gold_frigomax_1_liter_fagykar_ellen.jpeg.webp","type":"image\/webp"}],"twitter_card":"summary_large_image","twitter_misc":{"Est. reading time":"3 minutes"},"schema":{"@context":"https:\/\/schema.org","@graph":[{"@type":"WebPage","@id":"https:\/\/tajkertesz.com\/termek\/damisol-gold-frigomax-fagyvedelem-1l\/","url":"https:\/\/tajkertesz.com\/termek\/damisol-gold-frigomax-fagyvedelem-1l\/","name":"Damisol Gold Frigomax fagyv\u00e9delem 1L. - T\u00e1jkert\u00e9sz","isPartOf":{"@id":"https:\/\/tajkertesz.com\/#website"},"primaryImageOfPage":{"@id":"https:\/\/tajkertesz.com\/termek\/damisol-gold-frigomax-fagyvedelem-1l\/#primaryimage"},"image":{"@id":"https:\/\/tajkertesz.com\/termek\/damisol-gold-frigomax-fagyvedelem-1l\/#primaryimage"},"thumbnailUrl":"https:\/\/tajkertesz.com\/wp-content\/uploads\/2025\/01\/damisol_gold_frigomax_1_liter_fagykar_ellen.jpeg.webp","datePublished":"2025-01-24T10:53:55+00:00","dateModified":"2026-02-12T14:11:40+00:00","description":"Damisol Gold Frigomax fagyv\u00e9delem 1L. Gy\u00fcm\u00f6lcskult\u00far\u00e1kban a tavaszi, vir\u00e1gz\u00e1skori fagyok hat\u00e1s\u00e1nak kiv\u00e9d\u00e9s\u00e9re, cs\u00f6kkent\u00e9s\u00e9re, a fagy el\u0151tt 1-2 \u00f3r\u00e1val kijutt","breadcrumb":{"@id":"https:\/\/tajkertesz.com\/termek\/damisol-gold-frigomax-fagyvedelem-1l\/#breadcrumb"},"inLanguage":"en-US","potentialAction":[{"@type":"ReadAction","target":["https:\/\/tajkertesz.com\/termek\/damisol-gold-frigomax-fagyvedelem-1l\/"]}]},{"@type":"ImageObject","inLanguage":"en-US","@id":"https:\/\/tajkertesz.com\/termek\/damisol-gold-frigomax-fagyvedelem-1l\/#primaryimage","url":"https:\/\/tajkertesz.com\/wp-content\/uploads\/2025\/01\/damisol_gold_frigomax_1_liter_fagykar_ellen.jpeg.webp","contentUrl":"https:\/\/tajkertesz.com\/wp-content\/uploads\/2025\/01\/damisol_gold_frigomax_1_liter_fagykar_ellen.jpeg.webp","width":1200,"height":600,"caption":"Damisol Gold Frigomax fagyv\u00e9delem 1L."},{"@type":"BreadcrumbList","@id":"https:\/\/tajkertesz.com\/termek\/damisol-gold-frigomax-fagyvedelem-1l\/#breadcrumb","itemListElement":[{"@type":"ListItem","position":1,"name":"Home","item":"https:\/\/tajkertesz.com\/"},{"@type":"ListItem","position":2,"name":"Kezd\u0151lap","item":"https:\/\/tajkertesz.com\/"},{"@type":"ListItem","position":3,"name":"Damisol Gold Frigomax fagyv\u00e9delem 1L."}]},{"@type":"WebSite","@id":"https:\/\/tajkertesz.com\/#website","url":"https:\/\/tajkertesz.com\/","name":"T\u00e1j-Kert\u00e9sz 84 Kft.","description":"Kert\u00e9szeti kis- \u00e9s nagykeresked\u00e9s, D\u00edszn\u00f6v\u00e9ny web\u00e1ruh\u00e1z orsz\u00e1gos h\u00e1zhozsz\u00e1ll\u00edt\u00e1ssal!","publisher":{"@id":"https:\/\/tajkertesz.com\/#organization"},"potentialAction":[{"@type":"SearchAction","target":{"@type":"EntryPoint","urlTemplate":"https:\/\/tajkertesz.com\/?s={search_term_string}"},"query-input":{"@type":"PropertyValueSpecification","valueRequired":true,"valueName":"search_term_string"}}],"inLanguage":"en-US"},{"@type":"Organization","@id":"https:\/\/tajkertesz.com\/#organization","name":"T\u00e1j-Kert\u00e9sz 84 Kft.","url":"https:\/\/tajkertesz.com\/","logo":{"@type":"ImageObject","inLanguage":"en-US","@id":"https:\/\/tajkertesz.com\/#\/schema\/logo\/image\/","url":"https:\/\/tajkertesz.com\/wp-content\/uploads\/2018\/02\/logo-2-e1518678052539.png","contentUrl":"https:\/\/tajkertesz.com\/wp-content\/uploads\/2018\/02\/logo-2-e1518678052539.png","width":81,"height":140,"caption":"T\u00e1j-Kert\u00e9sz 84 Kft."},"image":{"@id":"https:\/\/tajkertesz.com\/#\/schema\/logo\/image\/"},"sameAs":["https:\/\/www.facebook.com\/Tajkertesz\/"]}]}},"_links":{"self":[{"href":"https:\/\/tajkertesz.com\/en_US\/wp-json\/wp\/v2\/product\/22266","targetHints":{"allow":["GET"]}}],"collection":[{"href":"https:\/\/tajkertesz.com\/en_US\/wp-json\/wp\/v2\/product"}],"about":[{"href":"https:\/\/tajkertesz.com\/en_US\/wp-json\/wp\/v2\/types\/product"}],"wp:featuredmedia":[{"embeddable":true,"href":"https:\/\/tajkertesz.com\/en_US\/wp-json\/wp\/v2\/media\/22267"}],"wp:attachment":[{"href":"https:\/\/tajkertesz.com\/en_US\/wp-json\/wp\/v2\/media?parent=22266"}],"wp:term":[{"taxonomy":"product_brand","embeddable":true,"href":"https:\/\/tajkertesz.com\/en_US\/wp-json\/wp\/v2\/product_brand?post=22266"},{"taxonomy":"product_cat","embeddable":true,"href":"https:\/\/tajkertesz.com\/en_US\/wp-json\/wp\/v2\/product_cat?post=22266"},{"taxonomy":"product_tag","embeddable":true,"href":"https:\/\/tajkertesz.com\/en_US\/wp-json\/wp\/v2\/product_tag?post=22266"}],"curies":[{"name":"wp","href":"https:\/\/api.w.org\/{rel}","templated":true}]}}