{"id":22302,"date":"2025-01-31T10:19:54","date_gmt":"2025-01-31T10:19:54","guid":{"rendered":"https:\/\/tajkertesz.com\/?post_type=product&#038;p=22302"},"modified":"2026-02-12T14:11:26","modified_gmt":"2026-02-12T14:11:26","slug":"zenby-gombaolo-permetezoszer-3x5ml","status":"publish","type":"product","link":"https:\/\/tajkertesz.com\/en_US\/product\/zenby-gombaolo-permetezoszer-3x5ml\/","title":{"rendered":"Zenby gomba\u00f6l\u0151 permetez\u0151szer 3x5ml."},"content":{"rendered":"<h2>Zenby gomba\u00f6l\u0151 permetez\u0151szer 3x5ml.<\/h2>\n<p>Zenby gomba\u00f6l\u0151 permetez\u0151szer 3x5ml.<\/p>\n<p><strong>Gomba\u00f6l\u0151 permetez\u0151szer cseresznye, meggy, kajszi \u00e9s sz\u0151l\u0151 kult\u00far\u00e1ban.<\/strong><\/p>\n<p><strong>H\u00e1zikerti adagol\u00e1sa: 5-7 ml \/ 10 liter permetl\u00e9 felhaszn\u00e1l\u00e1ssal alkalmazza.<\/strong><\/p>\n<p><strong>Hat\u00f3anyag:<\/strong>\u00a0400g\/ izofetamid, 36,36m\/m% izofetamid<\/p>\n<p>&nbsp;<\/p>\n<table width=\"100%\">\n<tbody>\n<tr>\n<td><strong>Kult\u00fara<\/strong><\/td>\n<td><strong>K\u00e1ros\u00edt\u00f3<\/strong><\/td>\n<td><strong>A kezel\u00e9sek \u00e9venk\u00e9nti maxim\u00e1lis sz\u00e1ma<\/strong><\/td>\n<td><strong>K\u00e9t kezel\u00e9s k\u00f6z\u00f6tt eltelt min. id\u0151tart.(nap)<\/strong><\/td>\n<td><strong>D\u00f3zis (l\/ha)<\/strong><\/td>\n<td><strong>Permetl\u00e9(l\/ha)<\/strong><\/td>\n<td><strong>Kezel\u00e9s ideje (fenol\u00f3giai \u00e1llapot szerint)<\/strong><\/td>\n<\/tr>\n<tr>\n<td>cseresznye,meggy, kajszi<\/td>\n<td>mon\u00edli\u00e1s vir\u00e1g-\u00e9s hajt\u00e1selhal\u00e1s<\/td>\n<td>2<\/td>\n<td>9<\/td>\n<td>500-1000<\/td>\n<td>feh\u00e9r-iletve pirosbimb\u00f3s \u00e1llapot kezdet\u00e9t\u0151l (BBCH 57)vir\u00e1gz\u00e1s v\u00e9g\u00e9ig (BBCH69)<\/td>\n<td><\/td>\n<\/tr>\n<tr>\n<td>sz\u0151l\u0151 (bor-, csemege)<\/td>\n<td>sz\u00fcrkepen\u00e9sz<\/td>\n<td>2<\/td>\n<td>21<\/td>\n<td>400-1000<\/td>\n<td>vir\u00e1gz\u00e1s kezdet\u00e9t\u0151l (BBCH61) zsend\u00fcl\u00e9sig (BBCH85)<\/p>\n<p>&nbsp;<\/td>\n<td><\/td>\n<\/tr>\n<\/tbody>\n<\/table>\n<p><strong>V\u00e1rakoz\u00e1si id\u0151k:<\/strong><\/p>\n<p><strong>Munka-eg\u00e9szs\u00e9g\u00fcgyi v\u00e1rakoz\u00e1si id\u0151:<\/strong>\u00a00nap (sz\u00e1rad\u00e1sig)<\/p>\n<p><strong>\u00c9lelmez\u00e9s-eg\u00e9szs\u00e9g\u00fcgyi v\u00e1rakoz\u00e1si id\u0151: cseresznye, meggy, kajszi:\u00a0<\/strong>az el\u0151\u00edrt n\u00f6v\u00e9nyv\u00e9delmi technol\u00f3gia alkalmaz\u00e1sa eset\u00e9n el\u0151\u00edr\u00e1sa nem sz\u00fcks\u00e9ges;\u00a0<strong>sz\u0151l\u0151<\/strong>\u00a0(bor-csemege-):\u00a0<strong>21nap<\/strong><\/p>\n<p><strong>Forgalmaz\u00e1si kateg\u00f3ria: III. (szabadforgalm\u00fa, n\u00f6v\u00e9nyv\u00e9delmi z\u00f6ldk\u00f6nyv n\u00e9lk\u00fcl v\u00e1s\u00e1rolhat\u00f3)<\/strong><\/p>\n<div>\n<p>Kijuttat\u00e1skor v\u00e9d\u0151felszerel\u00e9s visel\u00e9se aj\u00e1nlott!<\/p>\n<\/div>\n<p><strong><br \/>\nA term\u00e9kle\u00edr\u00e1s t\u00e1j\u00e9koztat\u00f3 jelleg\u0171, a k\u00e9sz\u00edtm\u00e9ny felhaszn\u00e1l\u00e1sa el\u0151tt k\u00e9rj\u00fck olvassa el a term\u00e9k haszn\u00e1lati utas\u00edt\u00e1st!<\/strong><br \/>\nGy\u00e1rt\u00f3: ISK Biosences Europe N.V.<br \/>\nKateg\u00f3ria: Gomba\u00f6l\u0151 szer<br \/>\nT\u00f6meg: 3x5ml<br \/>\nForgalmaz\u00e1si kateg\u00f3ria III<\/p>\n<p>El\u00e9rhet\u0151 t\u00f6bbf\u00e9le m\u00e9retben \u00e9s \u00e1rban.<\/p>\n<p><strong>K\u00e9szlet\u00fcnk napi szinten v\u00e1ltozik, ez\u00e9rt k\u00e9rj\u00fck, \u00e9rdekl\u0151dj\u00f6n szem\u00e9lyesen, telefonon vagy email-en.<br \/>\nA v\u00e1ltoztat\u00e1s jog\u00e1t fenntartjuk!\u00a0<\/strong><\/p>\n<p><a href=\"https:\/\/tajkertesz.com\/\">https:\/\/tajkertesz.com\/<\/a><\/p>\n<p><a href=\"https:\/\/www.facebook.com\/tajkertesz\/\">https:\/\/www.facebook.com\/tajkertesz\/<\/a><\/p>\n<p>Szem\u00e9lyes \u00e1tv\u00e9tel nyitvatart\u00e1si id\u0151ben a 17. ker\u00fclet Bakancsos utca 7. sz\u00e1m alatti Kert\u00e9szeti \u00e1rud\u00e1ban.<\/p>","protected":false},"excerpt":{"rendered":"<h2>Zenby gomba\u00f6l\u0151 permetez\u0151szer 3x5ml.<\/h2>\n<p><strong>Gomba\u00f6l\u0151 permetez\u0151szer cseresznye, meggy, kajszi \u00e9s sz\u0151l\u0151 kult\u00far\u00e1ban.<\/strong><\/p>\n<p><strong>H\u00e1zikerti adagol\u00e1sa:\u00a05-7 ml\u00a0\/ 10 liter permetl\u00e9<\/strong><\/p>\n<p><strong>Hat\u00f3anyag:<\/strong>\u00a0400g\/ izofetamid, 36,36m\/m% izofetamid<\/p>\n<h3 align=\"justify\">Kiz\u00e1r\u00f3lag szem\u00e9lyes \u00e1tv\u00e9tellel lehets\u00e9ges a term\u00e9k megv\u00e1s\u00e1rl\u00e1sa!<\/h3>","protected":false},"featured_media":22303,"template":"","meta":{"_et_pb_use_builder":"","_et_pb_old_content":"","_et_gb_content_width":""},"product_brand":[],"product_cat":[3421],"product_tag":[4850,4332,4849],"class_list":{"0":"post-22302","1":"product","2":"type-product","3":"status-publish","4":"has-post-thumbnail","6":"product_cat-gombaolo-szer","7":"product_tag-gombaolo-permetezoszer","8":"product_tag-permetszer","9":"product_tag-zenby","11":"first","12":"instock","13":"shipping-taxable","14":"purchasable","15":"product-type-simple"},"yoast_head":"<!-- This site is optimized with the Yoast SEO plugin v27.4 - https:\/\/yoast.com\/product\/yoast-seo-wordpress\/ -->\n<title>Zenby gomba\u00f6l\u0151 permetez\u0151szer 3x5ml. - T\u00e1jkert\u00e9sz<\/title>\n<meta name=\"description\" content=\"Zenby gomba\u00f6l\u0151 permetez\u0151szer 3x5ml.Gomba\u00f6l\u0151 permetez\u0151szer cseresznye, meggy, kajszi \u00e9s sz\u0151l\u0151 kult\u00far\u00e1ban. H\u00e1zikerti adagol\u00e1sa:\u00a05-7 ml\u00a0\/ 10 liter permetl\u00e9\" \/>\n<meta name=\"robots\" content=\"index, follow, max-snippet:-1, max-image-preview:large, max-video-preview:-1\" \/>\n<link rel=\"canonical\" href=\"https:\/\/tajkertesz.com\/en_US\/product\/zenby-gombaolo-permetezoszer-3x5ml\/\" \/>\n<meta property=\"og:locale\" content=\"en_US\" \/>\n<meta property=\"og:type\" content=\"article\" \/>\n<meta property=\"og:title\" content=\"Zenby gomba\u00f6l\u0151 permetez\u0151szer 3x5ml. - T\u00e1jkert\u00e9sz\" \/>\n<meta property=\"og:description\" content=\"Zenby gomba\u00f6l\u0151 permetez\u0151szer 3x5ml.Gomba\u00f6l\u0151 permetez\u0151szer cseresznye, meggy, kajszi \u00e9s sz\u0151l\u0151 kult\u00far\u00e1ban. H\u00e1zikerti adagol\u00e1sa:\u00a05-7 ml\u00a0\/ 10 liter permetl\u00e9\" \/>\n<meta property=\"og:url\" content=\"https:\/\/tajkertesz.com\/en_US\/product\/zenby-gombaolo-permetezoszer-3x5ml\/\" \/>\n<meta property=\"og:site_name\" content=\"T\u00e1jkert\u00e9sz\" \/>\n<meta property=\"article:publisher\" content=\"https:\/\/www.facebook.com\/Tajkertesz\/\" \/>\n<meta property=\"article:modified_time\" content=\"2026-02-12T14:11:26+00:00\" \/>\n<meta property=\"og:image\" content=\"https:\/\/tajkertesz.com\/wp-content\/uploads\/2025\/01\/zenby-kenja-gombaolo-szer-3x5ml.jpg.webp\" \/>\n\t<meta property=\"og:image:width\" content=\"500\" \/>\n\t<meta property=\"og:image:height\" content=\"500\" \/>\n\t<meta property=\"og:image:type\" content=\"image\/webp\" \/>\n<meta name=\"twitter:card\" content=\"summary_large_image\" \/>\n<meta name=\"twitter:label1\" content=\"Est. reading time\" \/>\n\t<meta name=\"twitter:data1\" content=\"2 minutes\" \/>\n<script type=\"application\/ld+json\" class=\"yoast-schema-graph\">{\"@context\":\"https:\\\/\\\/schema.org\",\"@graph\":[{\"@type\":\"WebPage\",\"@id\":\"https:\\\/\\\/tajkertesz.com\\\/termek\\\/zenby-gombaolo-permetezoszer-3x5ml\\\/\",\"url\":\"https:\\\/\\\/tajkertesz.com\\\/termek\\\/zenby-gombaolo-permetezoszer-3x5ml\\\/\",\"name\":\"Zenby gomba\u00f6l\u0151 permetez\u0151szer 3x5ml. - T\u00e1jkert\u00e9sz\",\"isPartOf\":{\"@id\":\"https:\\\/\\\/tajkertesz.com\\\/#website\"},\"primaryImageOfPage\":{\"@id\":\"https:\\\/\\\/tajkertesz.com\\\/termek\\\/zenby-gombaolo-permetezoszer-3x5ml\\\/#primaryimage\"},\"image\":{\"@id\":\"https:\\\/\\\/tajkertesz.com\\\/termek\\\/zenby-gombaolo-permetezoszer-3x5ml\\\/#primaryimage\"},\"thumbnailUrl\":\"https:\\\/\\\/tajkertesz.com\\\/wp-content\\\/uploads\\\/2025\\\/01\\\/zenby-kenja-gombaolo-szer-3x5ml.jpg.webp\",\"datePublished\":\"2025-01-31T10:19:54+00:00\",\"dateModified\":\"2026-02-12T14:11:26+00:00\",\"description\":\"Zenby gomba\u00f6l\u0151 permetez\u0151szer 3x5ml.Gomba\u00f6l\u0151 permetez\u0151szer cseresznye, meggy, kajszi \u00e9s sz\u0151l\u0151 kult\u00far\u00e1ban. H\u00e1zikerti adagol\u00e1sa:\u00a05-7 ml\u00a0\\\/ 10 liter permetl\u00e9\",\"breadcrumb\":{\"@id\":\"https:\\\/\\\/tajkertesz.com\\\/termek\\\/zenby-gombaolo-permetezoszer-3x5ml\\\/#breadcrumb\"},\"inLanguage\":\"en-US\",\"potentialAction\":[{\"@type\":\"ReadAction\",\"target\":[\"https:\\\/\\\/tajkertesz.com\\\/termek\\\/zenby-gombaolo-permetezoszer-3x5ml\\\/\"]}]},{\"@type\":\"ImageObject\",\"inLanguage\":\"en-US\",\"@id\":\"https:\\\/\\\/tajkertesz.com\\\/termek\\\/zenby-gombaolo-permetezoszer-3x5ml\\\/#primaryimage\",\"url\":\"https:\\\/\\\/tajkertesz.com\\\/wp-content\\\/uploads\\\/2025\\\/01\\\/zenby-kenja-gombaolo-szer-3x5ml.jpg.webp\",\"contentUrl\":\"https:\\\/\\\/tajkertesz.com\\\/wp-content\\\/uploads\\\/2025\\\/01\\\/zenby-kenja-gombaolo-szer-3x5ml.jpg.webp\",\"width\":500,\"height\":500,\"caption\":\"Zenby gomba\u00f6l\u0151 permetez\u0151szer 3x5ml.\"},{\"@type\":\"BreadcrumbList\",\"@id\":\"https:\\\/\\\/tajkertesz.com\\\/termek\\\/zenby-gombaolo-permetezoszer-3x5ml\\\/#breadcrumb\",\"itemListElement\":[{\"@type\":\"ListItem\",\"position\":1,\"name\":\"Home\",\"item\":\"https:\\\/\\\/tajkertesz.com\\\/\"},{\"@type\":\"ListItem\",\"position\":2,\"name\":\"Kezd\u0151lap\",\"item\":\"https:\\\/\\\/tajkertesz.com\\\/\"},{\"@type\":\"ListItem\",\"position\":3,\"name\":\"Zenby gomba\u00f6l\u0151 permetez\u0151szer 3x5ml.\"}]},{\"@type\":\"WebSite\",\"@id\":\"https:\\\/\\\/tajkertesz.com\\\/#website\",\"url\":\"https:\\\/\\\/tajkertesz.com\\\/\",\"name\":\"T\u00e1j-Kert\u00e9sz 84 Kft.\",\"description\":\"Kert\u00e9szeti kis- \u00e9s nagykeresked\u00e9s, D\u00edszn\u00f6v\u00e9ny web\u00e1ruh\u00e1z orsz\u00e1gos h\u00e1zhozsz\u00e1ll\u00edt\u00e1ssal!\",\"publisher\":{\"@id\":\"https:\\\/\\\/tajkertesz.com\\\/#organization\"},\"potentialAction\":[{\"@type\":\"SearchAction\",\"target\":{\"@type\":\"EntryPoint\",\"urlTemplate\":\"https:\\\/\\\/tajkertesz.com\\\/?s={search_term_string}\"},\"query-input\":{\"@type\":\"PropertyValueSpecification\",\"valueRequired\":true,\"valueName\":\"search_term_string\"}}],\"inLanguage\":\"en-US\"},{\"@type\":\"Organization\",\"@id\":\"https:\\\/\\\/tajkertesz.com\\\/#organization\",\"name\":\"T\u00e1j-Kert\u00e9sz 84 Kft.\",\"url\":\"https:\\\/\\\/tajkertesz.com\\\/\",\"logo\":{\"@type\":\"ImageObject\",\"inLanguage\":\"en-US\",\"@id\":\"https:\\\/\\\/tajkertesz.com\\\/#\\\/schema\\\/logo\\\/image\\\/\",\"url\":\"https:\\\/\\\/tajkertesz.com\\\/wp-content\\\/uploads\\\/2018\\\/02\\\/logo-2-e1518678052539.png\",\"contentUrl\":\"https:\\\/\\\/tajkertesz.com\\\/wp-content\\\/uploads\\\/2018\\\/02\\\/logo-2-e1518678052539.png\",\"width\":81,\"height\":140,\"caption\":\"T\u00e1j-Kert\u00e9sz 84 Kft.\"},\"image\":{\"@id\":\"https:\\\/\\\/tajkertesz.com\\\/#\\\/schema\\\/logo\\\/image\\\/\"},\"sameAs\":[\"https:\\\/\\\/www.facebook.com\\\/Tajkertesz\\\/\"]}]}<\/script>\n<!-- \/ Yoast SEO plugin. -->","yoast_head_json":{"title":"Zenby gomba\u00f6l\u0151 permetez\u0151szer 3x5ml. - T\u00e1jkert\u00e9sz","description":"Zenby gomba\u00f6l\u0151 permetez\u0151szer 3x5ml.Gomba\u00f6l\u0151 permetez\u0151szer cseresznye, meggy, kajszi \u00e9s sz\u0151l\u0151 kult\u00far\u00e1ban. H\u00e1zikerti adagol\u00e1sa:\u00a05-7 ml\u00a0\/ 10 liter permetl\u00e9","robots":{"index":"index","follow":"follow","max-snippet":"max-snippet:-1","max-image-preview":"max-image-preview:large","max-video-preview":"max-video-preview:-1"},"canonical":"https:\/\/tajkertesz.com\/en_US\/product\/zenby-gombaolo-permetezoszer-3x5ml\/","og_locale":"en_US","og_type":"article","og_title":"Zenby gomba\u00f6l\u0151 permetez\u0151szer 3x5ml. - T\u00e1jkert\u00e9sz","og_description":"Zenby gomba\u00f6l\u0151 permetez\u0151szer 3x5ml.Gomba\u00f6l\u0151 permetez\u0151szer cseresznye, meggy, kajszi \u00e9s sz\u0151l\u0151 kult\u00far\u00e1ban. H\u00e1zikerti adagol\u00e1sa:\u00a05-7 ml\u00a0\/ 10 liter permetl\u00e9","og_url":"https:\/\/tajkertesz.com\/en_US\/product\/zenby-gombaolo-permetezoszer-3x5ml\/","og_site_name":"T\u00e1jkert\u00e9sz","article_publisher":"https:\/\/www.facebook.com\/Tajkertesz\/","article_modified_time":"2026-02-12T14:11:26+00:00","og_image":[{"width":500,"height":500,"url":"https:\/\/tajkertesz.com\/wp-content\/uploads\/2025\/01\/zenby-kenja-gombaolo-szer-3x5ml.jpg.webp","type":"image\/webp"}],"twitter_card":"summary_large_image","twitter_misc":{"Est. reading time":"2 minutes"},"schema":{"@context":"https:\/\/schema.org","@graph":[{"@type":"WebPage","@id":"https:\/\/tajkertesz.com\/termek\/zenby-gombaolo-permetezoszer-3x5ml\/","url":"https:\/\/tajkertesz.com\/termek\/zenby-gombaolo-permetezoszer-3x5ml\/","name":"Zenby gomba\u00f6l\u0151 permetez\u0151szer 3x5ml. - T\u00e1jkert\u00e9sz","isPartOf":{"@id":"https:\/\/tajkertesz.com\/#website"},"primaryImageOfPage":{"@id":"https:\/\/tajkertesz.com\/termek\/zenby-gombaolo-permetezoszer-3x5ml\/#primaryimage"},"image":{"@id":"https:\/\/tajkertesz.com\/termek\/zenby-gombaolo-permetezoszer-3x5ml\/#primaryimage"},"thumbnailUrl":"https:\/\/tajkertesz.com\/wp-content\/uploads\/2025\/01\/zenby-kenja-gombaolo-szer-3x5ml.jpg.webp","datePublished":"2025-01-31T10:19:54+00:00","dateModified":"2026-02-12T14:11:26+00:00","description":"Zenby gomba\u00f6l\u0151 permetez\u0151szer 3x5ml.Gomba\u00f6l\u0151 permetez\u0151szer cseresznye, meggy, kajszi \u00e9s sz\u0151l\u0151 kult\u00far\u00e1ban. H\u00e1zikerti adagol\u00e1sa:\u00a05-7 ml\u00a0\/ 10 liter permetl\u00e9","breadcrumb":{"@id":"https:\/\/tajkertesz.com\/termek\/zenby-gombaolo-permetezoszer-3x5ml\/#breadcrumb"},"inLanguage":"en-US","potentialAction":[{"@type":"ReadAction","target":["https:\/\/tajkertesz.com\/termek\/zenby-gombaolo-permetezoszer-3x5ml\/"]}]},{"@type":"ImageObject","inLanguage":"en-US","@id":"https:\/\/tajkertesz.com\/termek\/zenby-gombaolo-permetezoszer-3x5ml\/#primaryimage","url":"https:\/\/tajkertesz.com\/wp-content\/uploads\/2025\/01\/zenby-kenja-gombaolo-szer-3x5ml.jpg.webp","contentUrl":"https:\/\/tajkertesz.com\/wp-content\/uploads\/2025\/01\/zenby-kenja-gombaolo-szer-3x5ml.jpg.webp","width":500,"height":500,"caption":"Zenby gomba\u00f6l\u0151 permetez\u0151szer 3x5ml."},{"@type":"BreadcrumbList","@id":"https:\/\/tajkertesz.com\/termek\/zenby-gombaolo-permetezoszer-3x5ml\/#breadcrumb","itemListElement":[{"@type":"ListItem","position":1,"name":"Home","item":"https:\/\/tajkertesz.com\/"},{"@type":"ListItem","position":2,"name":"Kezd\u0151lap","item":"https:\/\/tajkertesz.com\/"},{"@type":"ListItem","position":3,"name":"Zenby gomba\u00f6l\u0151 permetez\u0151szer 3x5ml."}]},{"@type":"WebSite","@id":"https:\/\/tajkertesz.com\/#website","url":"https:\/\/tajkertesz.com\/","name":"T\u00e1j-Kert\u00e9sz 84 Kft.","description":"Kert\u00e9szeti kis- \u00e9s nagykeresked\u00e9s, D\u00edszn\u00f6v\u00e9ny web\u00e1ruh\u00e1z orsz\u00e1gos h\u00e1zhozsz\u00e1ll\u00edt\u00e1ssal!","publisher":{"@id":"https:\/\/tajkertesz.com\/#organization"},"potentialAction":[{"@type":"SearchAction","target":{"@type":"EntryPoint","urlTemplate":"https:\/\/tajkertesz.com\/?s={search_term_string}"},"query-input":{"@type":"PropertyValueSpecification","valueRequired":true,"valueName":"search_term_string"}}],"inLanguage":"en-US"},{"@type":"Organization","@id":"https:\/\/tajkertesz.com\/#organization","name":"T\u00e1j-Kert\u00e9sz 84 Kft.","url":"https:\/\/tajkertesz.com\/","logo":{"@type":"ImageObject","inLanguage":"en-US","@id":"https:\/\/tajkertesz.com\/#\/schema\/logo\/image\/","url":"https:\/\/tajkertesz.com\/wp-content\/uploads\/2018\/02\/logo-2-e1518678052539.png","contentUrl":"https:\/\/tajkertesz.com\/wp-content\/uploads\/2018\/02\/logo-2-e1518678052539.png","width":81,"height":140,"caption":"T\u00e1j-Kert\u00e9sz 84 Kft."},"image":{"@id":"https:\/\/tajkertesz.com\/#\/schema\/logo\/image\/"},"sameAs":["https:\/\/www.facebook.com\/Tajkertesz\/"]}]}},"_links":{"self":[{"href":"https:\/\/tajkertesz.com\/en_US\/wp-json\/wp\/v2\/product\/22302","targetHints":{"allow":["GET"]}}],"collection":[{"href":"https:\/\/tajkertesz.com\/en_US\/wp-json\/wp\/v2\/product"}],"about":[{"href":"https:\/\/tajkertesz.com\/en_US\/wp-json\/wp\/v2\/types\/product"}],"wp:featuredmedia":[{"embeddable":true,"href":"https:\/\/tajkertesz.com\/en_US\/wp-json\/wp\/v2\/media\/22303"}],"wp:attachment":[{"href":"https:\/\/tajkertesz.com\/en_US\/wp-json\/wp\/v2\/media?parent=22302"}],"wp:term":[{"taxonomy":"product_brand","embeddable":true,"href":"https:\/\/tajkertesz.com\/en_US\/wp-json\/wp\/v2\/product_brand?post=22302"},{"taxonomy":"product_cat","embeddable":true,"href":"https:\/\/tajkertesz.com\/en_US\/wp-json\/wp\/v2\/product_cat?post=22302"},{"taxonomy":"product_tag","embeddable":true,"href":"https:\/\/tajkertesz.com\/en_US\/wp-json\/wp\/v2\/product_tag?post=22302"}],"curies":[{"name":"wp","href":"https:\/\/api.w.org\/{rel}","templated":true}]}}