{"id":2231,"date":"2020-10-14T06:53:21","date_gmt":"2020-10-14T06:53:21","guid":{"rendered":"https:\/\/tajkertesz.com\/?post_type=product&#038;p=2231"},"modified":"2025-03-26T12:31:30","modified_gmt":"2025-03-26T12:31:30","slug":"prunus-serrulata-kansan-japan-diszcseresznye-2","status":"publish","type":"product","link":"https:\/\/tajkertesz.com\/en_US\/product\/prunus-serrulata-kansan-japan-diszcseresznye-2\/","title":{"rendered":"Prunus serrulata &#8216;Kansan&#8217; , Jap\u00e1n d\u00edszcseresznye"},"content":{"rendered":"<h3>Prunus serrulata &#8216;Kansan&#8217; , Jap\u00e1n d\u00edszcseresznye<\/h3>\n<p>A Prunus serrulata &#8216;Kansan&#8217; , Jap\u00e1n d\u00edszcseresznye t\u00f6m\u00f6tten, f\u00fcrt\u00f6kben \u00e1ll\u00f3, cs\u00fcng\u0151 \u00e9l\u00e9nk r\u00f3zsasz\u00edn vir\u00e1g\u00fa\u00a0 k\u00f6zkedvelt d\u00edszfa.<\/p>\n<p><b>N\u00f6veked\u00e9s, alak:<\/b>\u00a0Tipikus t\u00f6lcs\u00e9r\/v\u00e1za koronaform\u00e1j\u00e1r\u00f3l k\u00f6nnyen felismerhet\u0151, 8-10 m magas d\u00edszfa.<br \/>\n<b>Lev\u00e9l:<\/b>\u00a010 cm-es, hegyes, elliptikus, fakad\u00e1skor bronzos, k\u00e9s\u0151bb z\u00f6ld\/s\u00f6t\u00e9tz\u00f6ld, \u0151sszel narancsv\u00f6r\u00f6s.<br \/>\n<b>Vir\u00e1g:<\/b>\u00a0T\u00f6m\u00f6tten, f\u00fcrt\u00f6kben \u00e1ll\u00f3\/cs\u00fcng\u0151, nagyon ismert, \u00e9l\u00e9nk r\u00f3zsasz\u00edn, telt, nagym\u00e9ret\u0171. \u00c1prilis\/m\u00e1jusban vir\u00e1gzik rendk\u00edv\u00fcl d\u00fasan.<br \/>\n<b>Term\u00e9s:<\/b>\u00a0Ritka<br \/>\n<b>Term\u0151hely, ig\u00e9ny:<\/b>\u00a0\u00dcde m\u00e9lyr\u00e9teg\u0171, t\u00e1pd\u00fas, k\u00f6t\u00f6tt talaj.<br \/>\n<b>Felhaszn\u00e1l\u00e1s:<\/b>\u00a0A legismertebb \u00e9s a legelterjedtebb jap\u00e1ncseresznye fajta. Kertbe, parkba, utc\u00e1ra nagy d\u00edsz\u00e9rt\u00e9ket ad\u00f3 sorf\u00e1nak alkalmas.<\/p>\n<p>Jelen term\u00e9k\u00fcnk 9,5 literes kont\u00e9nerben kaphat\u00f3 \u00e9s kb 160 cm.<\/p>\n<h1>M\u00e9rete miatt postai \u00faton nem rendelhet\u0151.<\/h1>\n<p><strong>K\u00e9szlet\u00fcnk napi szinten v\u00e1ltozik, ez\u00e9rt k\u00e9rj\u00fck, \u00e9rdekl\u0151dj\u00f6n szem\u00e9lyesen, telefonon vagy email-en.<br \/>\nA v\u00e1ltoztat\u00e1s jog\u00e1t fenntartjuk!\u00a0<\/strong><\/p>\n<p><a href=\"https:\/\/tajkertesz.com\/\">https:\/\/tajkertesz.com\/<\/a><\/p>\n<p><a href=\"https:\/\/en.wikipedia.org\/wiki\/Prunus_%27Kanzan%27\">https:\/\/en.wikipedia.org\/wiki\/Prunus_%27Kanzan%27<\/a><\/p>\n<h2><span style=\"color: #ffffff;\"><strong>Jap\u00e1n d\u00edszcseresznye fa jellemz\u0151i<\/strong><\/span><\/h2>\n<p><span style=\"color: #ffffff;\">Lombhullat\u00f3 d\u00edszfa.<\/span><\/p>\n<p><span style=\"color: #ffffff;\">A haz\u00e1nkban tal\u00e1lhat\u00f3 legn\u00e9pszer\u0171bb fajta a Prunus serrulata \u2019Kanzan\u2019, ez\u00e9rt most els\u0151sorban r\u00f3la lesz sz\u00f3.<\/span><\/p>\n<p><span style=\"color: #ffffff;\">Egy\u00e9b fajt\u00e1i k\u00f6z\u00f6tt tal\u00e1lsz cs\u00fcng\u0151 \u00e1g\u00fat, oszlopos n\u00f6veked\u00e9s\u0171t, feh\u00e9r vir\u00e1g\u00fat \u00e9s lila lev\u00e9llel d\u00edsz\u00edt\u0151t is.<\/span><\/p>\n<p><span style=\"color: #ffffff;\">N\u00f6veked\u00e9se gyors, kifejlett n\u00f6v\u00e9nyk\u00e9nt a magass\u00e1ga 8-10 m\u00e9ter.<\/span><\/p>\n<p><span style=\"color: #ffffff;\">A v\u00e1rosi kl\u00edm\u00e1t j\u00f3l t\u0171ri, parkokban \u00e9s utcai sorfak\u00e9nt is tal\u00e1lkozhatsz vele.<\/span><\/p>\n<p><span style=\"color: #ffffff;\">Koron\u00e1ja ford\u00edtott k\u00fap alak\u00fa, sz\u00e9les, ez\u00e9rt sz\u0171k kiskertekbe nem aj\u00e1nlott \u00fcltetni.<\/span><\/p>\n<p><span style=\"color: #ffffff;\">Term\u00e9se nincs, \u00edgy\u00a0nem szemetel.<\/span><\/p>\n<p><span style=\"color: #ffffff;\">Telt vir\u00e1gai r\u00f3zsasz\u00ednek, vir\u00e1gz\u00e1sa \u00e1prilist\u00f3l m\u00e1jusig tart.<\/span><\/p>\n<p><span style=\"color: #ffffff;\">Levelei a vir\u00e1gz\u00e1s v\u00e9g\u00e9n jelennek csak meg. Kihajt\u00e1skor v\u00f6r\u00f6sesbarna, \u0151sszel narancs-bronzos sz\u00ednt \u00f6ltenek.<\/span><\/p>\n<p><span style=\"color: #ffffff;\"><b>N\u00f6veked\u00e9s, alak:<\/b>\u00a0Tipikus t\u00f6lcs\u00e9r\/v\u00e1za koronaform\u00e1j\u00e1r\u00f3l k\u00f6nnyen felismerhet\u0151, 8-10 m magas d\u00edszfa.<\/span><br \/>\n<span style=\"color: #ffffff;\"><b>Lev\u00e9l:<\/b>\u00a010 cm-es, hegyes, elliptikus, fakad\u00e1skor bronzos, k\u00e9s\u0151bb z\u00f6ld\/s\u00f6t\u00e9tz\u00f6ld, \u0151sszel narancsv\u00f6r\u00f6s.<\/span><br \/>\n<span style=\"color: #ffffff;\"><b>Vir\u00e1g:<\/b>\u00a0T\u00f6m\u00f6tten, f\u00fcrt\u00f6kben \u00e1ll\u00f3\/cs\u00fcng\u0151, nagyon ismert, \u00e9l\u00e9nk r\u00f3zsasz\u00edn, telt, nagym\u00e9ret\u0171. \u00c1prilis\/m\u00e1jusban vir\u00e1gzik rendk\u00edv\u00fcl d\u00fasan.<\/span><br \/>\n<span style=\"color: #ffffff;\"><b>Term\u00e9s:<\/b>\u00a0Ritka<\/span><br \/>\n<span style=\"color: #ffffff;\"><b>Term\u0151hely, ig\u00e9ny:<\/b>\u00a0\u00dcde m\u00e9lyr\u00e9teg\u0171, t\u00e1pd\u00fas, k\u00f6t\u00f6tt talaj.<\/span><br \/>\n<span style=\"color: #ffffff;\"><b>Felhaszn\u00e1l\u00e1s:<\/b>\u00a0A legismertebb \u00e9s a legelterjedtebb jap\u00e1ncseresznye fajta. Kertbe, parkba, utc\u00e1ra nagy d\u00edsz\u00e9rt\u00e9ket ad\u00f3 sorf\u00e1nak alkalmas.<\/span><\/p>\n<p>&nbsp;<\/p>","protected":false},"excerpt":{"rendered":"<p>A Prunus serrulata &#8216;Kansan&#8217; , Jap\u00e1n d\u00edszcseresznye t\u00f6m\u00f6tten, f\u00fcrt\u00f6kben \u00e1ll\u00f3, cs\u00fcng\u0151 \u00e9l\u00e9nk r\u00f3zsasz\u00edn vir\u00e1g\u00fa\u00a0 k\u00f6zkedvelt d\u00edszfa.<\/p>\n<p><b>N\u00f6veked\u00e9s, alak:<\/b>\u00a0Tipikus t\u00f6lcs\u00e9r\/v\u00e1za koronaform\u00e1j\u00e1r\u00f3l k\u00f6nnyen felismerhet\u0151, 8-10 m magas d\u00edszfa.<br \/>\n<b>Lev\u00e9l:<\/b>\u00a010 cm-es, hegyes, elliptikus, fakad\u00e1skor bronzos, k\u00e9s\u0151bb z\u00f6ld\/s\u00f6t\u00e9tz\u00f6ld, \u0151sszel narancsv\u00f6r\u00f6s.<br \/>\n<b>Vir\u00e1g:<\/b>\u00a0T\u00f6m\u00f6tten, f\u00fcrt\u00f6kben \u00e1ll\u00f3\/cs\u00fcng\u0151, nagyon ismert, \u00e9l\u00e9nk r\u00f3zsasz\u00edn, telt, nagym\u00e9ret\u0171. \u00c1prilis\/m\u00e1jusban vir\u00e1gzik rendk\u00edv\u00fcl d\u00fasan.<br \/>\n<b>Term\u00e9s:<\/b>\u00a0Ritka<br \/>\n<b>Term\u0151hely, ig\u00e9ny:<\/b>\u00a0\u00dcde m\u00e9lyr\u00e9teg\u0171, t\u00e1pd\u00fas, k\u00f6t\u00f6tt talaj.<br \/>\n<b>Felhaszn\u00e1l\u00e1s:<\/b>\u00a0A legismertebb \u00e9s a legelterjedtebb jap\u00e1ncseresznye fajta. Kertbe, parkba, utc\u00e1ra nagy d\u00edsz\u00e9rt\u00e9ket ad\u00f3 sorf\u00e1nak alkalmas.<\/p>\n<p>Jelen term\u00e9k\u00fcnk 9,5 literes kont\u00e9nerben kaphat\u00f3 \u00e9s kb 160 cm.<\/p>","protected":false},"featured_media":1509,"template":"","meta":{"_et_pb_use_builder":"","_et_pb_old_content":"","_et_gb_content_width":""},"product_brand":[],"product_cat":[28],"product_tag":[129,709,379],"class_list":{"0":"post-2231","1":"product","2":"type-product","3":"status-publish","4":"has-post-thumbnail","6":"product_cat-diszfak","7":"product_tag-japan-diszcseresznye","8":"product_tag-kanzan","9":"product_tag-prunus-serrulata-kansan","11":"first","12":"outofstock","13":"shipping-taxable","14":"product-type-simple"},"yoast_head":"<!-- This site is optimized with the Yoast SEO plugin v27.3 - https:\/\/yoast.com\/product\/yoast-seo-wordpress\/ -->\n<title>Prunus serrulata &#039;Kansan&#039; , Jap\u00e1n d\u00edszcseresznye - T\u00e1jkert\u00e9sz<\/title>\n<meta name=\"description\" content=\"A Prunus serrulata &#039;Kansan&#039; , Jap\u00e1n d\u00edszcseresznye t\u00f6m\u00f6tten, f\u00fcrt\u00f6kben \u00e1ll\u00f3, cs\u00fcng\u0151 \u00e9l\u00e9nk r\u00f3zsasz\u00edn vir\u00e1g\u00fa\u00a0 k\u00f6zkedvelt d\u00edszfa.\" \/>\n<meta name=\"robots\" content=\"index, follow, max-snippet:-1, max-image-preview:large, max-video-preview:-1\" \/>\n<link rel=\"canonical\" href=\"https:\/\/tajkertesz.com\/en_US\/product\/prunus-serrulata-kansan-japan-diszcseresznye-2\/\" \/>\n<meta property=\"og:locale\" content=\"en_US\" \/>\n<meta property=\"og:type\" content=\"article\" \/>\n<meta property=\"og:title\" content=\"Prunus serrulata &#039;Kansan&#039; , Jap\u00e1n d\u00edszcseresznye - T\u00e1jkert\u00e9sz\" \/>\n<meta property=\"og:description\" content=\"A Prunus serrulata &#039;Kansan&#039; , Jap\u00e1n d\u00edszcseresznye t\u00f6m\u00f6tten, f\u00fcrt\u00f6kben \u00e1ll\u00f3, cs\u00fcng\u0151 \u00e9l\u00e9nk r\u00f3zsasz\u00edn vir\u00e1g\u00fa\u00a0 k\u00f6zkedvelt d\u00edszfa.\" \/>\n<meta property=\"og:url\" content=\"https:\/\/tajkertesz.com\/en_US\/product\/prunus-serrulata-kansan-japan-diszcseresznye-2\/\" \/>\n<meta property=\"og:site_name\" content=\"T\u00e1jkert\u00e9sz\" \/>\n<meta property=\"article:publisher\" content=\"https:\/\/www.facebook.com\/Tajkertesz\/\" \/>\n<meta property=\"article:modified_time\" content=\"2025-03-26T12:31:30+00:00\" \/>\n<meta property=\"og:image\" content=\"https:\/\/tajkertesz.com\/wp-content\/uploads\/2020\/03\/prunus-kansan.jpg2_.jpg\" \/>\n\t<meta property=\"og:image:width\" content=\"750\" \/>\n\t<meta property=\"og:image:height\" content=\"563\" \/>\n\t<meta property=\"og:image:type\" content=\"image\/jpeg\" \/>\n<meta name=\"twitter:card\" content=\"summary_large_image\" \/>\n<meta name=\"twitter:label1\" content=\"Est. reading time\" \/>\n\t<meta name=\"twitter:data1\" content=\"2 minutes\" \/>\n<script type=\"application\/ld+json\" class=\"yoast-schema-graph\">{\"@context\":\"https:\\\/\\\/schema.org\",\"@graph\":[{\"@type\":\"WebPage\",\"@id\":\"https:\\\/\\\/tajkertesz.com\\\/termek\\\/prunus-serrulata-kansan-japan-diszcseresznye-2\\\/\",\"url\":\"https:\\\/\\\/tajkertesz.com\\\/termek\\\/prunus-serrulata-kansan-japan-diszcseresznye-2\\\/\",\"name\":\"Prunus serrulata 'Kansan' , Jap\u00e1n d\u00edszcseresznye - T\u00e1jkert\u00e9sz\",\"isPartOf\":{\"@id\":\"https:\\\/\\\/tajkertesz.com\\\/#website\"},\"primaryImageOfPage\":{\"@id\":\"https:\\\/\\\/tajkertesz.com\\\/termek\\\/prunus-serrulata-kansan-japan-diszcseresznye-2\\\/#primaryimage\"},\"image\":{\"@id\":\"https:\\\/\\\/tajkertesz.com\\\/termek\\\/prunus-serrulata-kansan-japan-diszcseresznye-2\\\/#primaryimage\"},\"thumbnailUrl\":\"https:\\\/\\\/tajkertesz.com\\\/wp-content\\\/uploads\\\/2020\\\/03\\\/prunus-kansan.jpg2_.jpg\",\"datePublished\":\"2020-10-14T06:53:21+00:00\",\"dateModified\":\"2025-03-26T12:31:30+00:00\",\"description\":\"A Prunus serrulata 'Kansan' , Jap\u00e1n d\u00edszcseresznye t\u00f6m\u00f6tten, f\u00fcrt\u00f6kben \u00e1ll\u00f3, cs\u00fcng\u0151 \u00e9l\u00e9nk r\u00f3zsasz\u00edn vir\u00e1g\u00fa\u00a0 k\u00f6zkedvelt d\u00edszfa.\",\"breadcrumb\":{\"@id\":\"https:\\\/\\\/tajkertesz.com\\\/termek\\\/prunus-serrulata-kansan-japan-diszcseresznye-2\\\/#breadcrumb\"},\"inLanguage\":\"en-US\",\"potentialAction\":[{\"@type\":\"ReadAction\",\"target\":[\"https:\\\/\\\/tajkertesz.com\\\/termek\\\/prunus-serrulata-kansan-japan-diszcseresznye-2\\\/\"]}]},{\"@type\":\"ImageObject\",\"inLanguage\":\"en-US\",\"@id\":\"https:\\\/\\\/tajkertesz.com\\\/termek\\\/prunus-serrulata-kansan-japan-diszcseresznye-2\\\/#primaryimage\",\"url\":\"https:\\\/\\\/tajkertesz.com\\\/wp-content\\\/uploads\\\/2020\\\/03\\\/prunus-kansan.jpg2_.jpg\",\"contentUrl\":\"https:\\\/\\\/tajkertesz.com\\\/wp-content\\\/uploads\\\/2020\\\/03\\\/prunus-kansan.jpg2_.jpg\",\"width\":750,\"height\":563},{\"@type\":\"BreadcrumbList\",\"@id\":\"https:\\\/\\\/tajkertesz.com\\\/termek\\\/prunus-serrulata-kansan-japan-diszcseresznye-2\\\/#breadcrumb\",\"itemListElement\":[{\"@type\":\"ListItem\",\"position\":1,\"name\":\"Home\",\"item\":\"https:\\\/\\\/tajkertesz.com\\\/\"},{\"@type\":\"ListItem\",\"position\":2,\"name\":\"Kezd\u0151lap\",\"item\":\"https:\\\/\\\/tajkertesz.com\\\/\"},{\"@type\":\"ListItem\",\"position\":3,\"name\":\"Prunus serrulata &#8216;Kansan&#8217; , Jap\u00e1n d\u00edszcseresznye\"}]},{\"@type\":\"WebSite\",\"@id\":\"https:\\\/\\\/tajkertesz.com\\\/#website\",\"url\":\"https:\\\/\\\/tajkertesz.com\\\/\",\"name\":\"T\u00e1j-Kert\u00e9sz 84 Kft.\",\"description\":\"Kert\u00e9szeti kis- \u00e9s nagykeresked\u00e9s, D\u00edszn\u00f6v\u00e9ny web\u00e1ruh\u00e1z orsz\u00e1gos h\u00e1zhozsz\u00e1ll\u00edt\u00e1ssal!\",\"publisher\":{\"@id\":\"https:\\\/\\\/tajkertesz.com\\\/#organization\"},\"potentialAction\":[{\"@type\":\"SearchAction\",\"target\":{\"@type\":\"EntryPoint\",\"urlTemplate\":\"https:\\\/\\\/tajkertesz.com\\\/?s={search_term_string}\"},\"query-input\":{\"@type\":\"PropertyValueSpecification\",\"valueRequired\":true,\"valueName\":\"search_term_string\"}}],\"inLanguage\":\"en-US\"},{\"@type\":\"Organization\",\"@id\":\"https:\\\/\\\/tajkertesz.com\\\/#organization\",\"name\":\"T\u00e1j-Kert\u00e9sz 84 Kft.\",\"url\":\"https:\\\/\\\/tajkertesz.com\\\/\",\"logo\":{\"@type\":\"ImageObject\",\"inLanguage\":\"en-US\",\"@id\":\"https:\\\/\\\/tajkertesz.com\\\/#\\\/schema\\\/logo\\\/image\\\/\",\"url\":\"https:\\\/\\\/tajkertesz.com\\\/wp-content\\\/uploads\\\/2018\\\/02\\\/logo-2-e1518678052539.png\",\"contentUrl\":\"https:\\\/\\\/tajkertesz.com\\\/wp-content\\\/uploads\\\/2018\\\/02\\\/logo-2-e1518678052539.png\",\"width\":81,\"height\":140,\"caption\":\"T\u00e1j-Kert\u00e9sz 84 Kft.\"},\"image\":{\"@id\":\"https:\\\/\\\/tajkertesz.com\\\/#\\\/schema\\\/logo\\\/image\\\/\"},\"sameAs\":[\"https:\\\/\\\/www.facebook.com\\\/Tajkertesz\\\/\"]}]}<\/script>\n<!-- \/ Yoast SEO plugin. -->","yoast_head_json":{"title":"Prunus serrulata 'Kansan' , Jap\u00e1n d\u00edszcseresznye - T\u00e1jkert\u00e9sz","description":"A Prunus serrulata 'Kansan' , Jap\u00e1n d\u00edszcseresznye t\u00f6m\u00f6tten, f\u00fcrt\u00f6kben \u00e1ll\u00f3, cs\u00fcng\u0151 \u00e9l\u00e9nk r\u00f3zsasz\u00edn vir\u00e1g\u00fa\u00a0 k\u00f6zkedvelt d\u00edszfa.","robots":{"index":"index","follow":"follow","max-snippet":"max-snippet:-1","max-image-preview":"max-image-preview:large","max-video-preview":"max-video-preview:-1"},"canonical":"https:\/\/tajkertesz.com\/en_US\/product\/prunus-serrulata-kansan-japan-diszcseresznye-2\/","og_locale":"en_US","og_type":"article","og_title":"Prunus serrulata 'Kansan' , Jap\u00e1n d\u00edszcseresznye - T\u00e1jkert\u00e9sz","og_description":"A Prunus serrulata 'Kansan' , Jap\u00e1n d\u00edszcseresznye t\u00f6m\u00f6tten, f\u00fcrt\u00f6kben \u00e1ll\u00f3, cs\u00fcng\u0151 \u00e9l\u00e9nk r\u00f3zsasz\u00edn vir\u00e1g\u00fa\u00a0 k\u00f6zkedvelt d\u00edszfa.","og_url":"https:\/\/tajkertesz.com\/en_US\/product\/prunus-serrulata-kansan-japan-diszcseresznye-2\/","og_site_name":"T\u00e1jkert\u00e9sz","article_publisher":"https:\/\/www.facebook.com\/Tajkertesz\/","article_modified_time":"2025-03-26T12:31:30+00:00","og_image":[{"width":750,"height":563,"url":"https:\/\/tajkertesz.com\/wp-content\/uploads\/2020\/03\/prunus-kansan.jpg2_.jpg","type":"image\/jpeg"}],"twitter_card":"summary_large_image","twitter_misc":{"Est. reading time":"2 minutes"},"schema":{"@context":"https:\/\/schema.org","@graph":[{"@type":"WebPage","@id":"https:\/\/tajkertesz.com\/termek\/prunus-serrulata-kansan-japan-diszcseresznye-2\/","url":"https:\/\/tajkertesz.com\/termek\/prunus-serrulata-kansan-japan-diszcseresznye-2\/","name":"Prunus serrulata 'Kansan' , Jap\u00e1n d\u00edszcseresznye - T\u00e1jkert\u00e9sz","isPartOf":{"@id":"https:\/\/tajkertesz.com\/#website"},"primaryImageOfPage":{"@id":"https:\/\/tajkertesz.com\/termek\/prunus-serrulata-kansan-japan-diszcseresznye-2\/#primaryimage"},"image":{"@id":"https:\/\/tajkertesz.com\/termek\/prunus-serrulata-kansan-japan-diszcseresznye-2\/#primaryimage"},"thumbnailUrl":"https:\/\/tajkertesz.com\/wp-content\/uploads\/2020\/03\/prunus-kansan.jpg2_.jpg","datePublished":"2020-10-14T06:53:21+00:00","dateModified":"2025-03-26T12:31:30+00:00","description":"A Prunus serrulata 'Kansan' , Jap\u00e1n d\u00edszcseresznye t\u00f6m\u00f6tten, f\u00fcrt\u00f6kben \u00e1ll\u00f3, cs\u00fcng\u0151 \u00e9l\u00e9nk r\u00f3zsasz\u00edn vir\u00e1g\u00fa\u00a0 k\u00f6zkedvelt d\u00edszfa.","breadcrumb":{"@id":"https:\/\/tajkertesz.com\/termek\/prunus-serrulata-kansan-japan-diszcseresznye-2\/#breadcrumb"},"inLanguage":"en-US","potentialAction":[{"@type":"ReadAction","target":["https:\/\/tajkertesz.com\/termek\/prunus-serrulata-kansan-japan-diszcseresznye-2\/"]}]},{"@type":"ImageObject","inLanguage":"en-US","@id":"https:\/\/tajkertesz.com\/termek\/prunus-serrulata-kansan-japan-diszcseresznye-2\/#primaryimage","url":"https:\/\/tajkertesz.com\/wp-content\/uploads\/2020\/03\/prunus-kansan.jpg2_.jpg","contentUrl":"https:\/\/tajkertesz.com\/wp-content\/uploads\/2020\/03\/prunus-kansan.jpg2_.jpg","width":750,"height":563},{"@type":"BreadcrumbList","@id":"https:\/\/tajkertesz.com\/termek\/prunus-serrulata-kansan-japan-diszcseresznye-2\/#breadcrumb","itemListElement":[{"@type":"ListItem","position":1,"name":"Home","item":"https:\/\/tajkertesz.com\/"},{"@type":"ListItem","position":2,"name":"Kezd\u0151lap","item":"https:\/\/tajkertesz.com\/"},{"@type":"ListItem","position":3,"name":"Prunus serrulata &#8216;Kansan&#8217; , Jap\u00e1n d\u00edszcseresznye"}]},{"@type":"WebSite","@id":"https:\/\/tajkertesz.com\/#website","url":"https:\/\/tajkertesz.com\/","name":"T\u00e1j-Kert\u00e9sz 84 Kft.","description":"Kert\u00e9szeti kis- \u00e9s nagykeresked\u00e9s, D\u00edszn\u00f6v\u00e9ny web\u00e1ruh\u00e1z orsz\u00e1gos h\u00e1zhozsz\u00e1ll\u00edt\u00e1ssal!","publisher":{"@id":"https:\/\/tajkertesz.com\/#organization"},"potentialAction":[{"@type":"SearchAction","target":{"@type":"EntryPoint","urlTemplate":"https:\/\/tajkertesz.com\/?s={search_term_string}"},"query-input":{"@type":"PropertyValueSpecification","valueRequired":true,"valueName":"search_term_string"}}],"inLanguage":"en-US"},{"@type":"Organization","@id":"https:\/\/tajkertesz.com\/#organization","name":"T\u00e1j-Kert\u00e9sz 84 Kft.","url":"https:\/\/tajkertesz.com\/","logo":{"@type":"ImageObject","inLanguage":"en-US","@id":"https:\/\/tajkertesz.com\/#\/schema\/logo\/image\/","url":"https:\/\/tajkertesz.com\/wp-content\/uploads\/2018\/02\/logo-2-e1518678052539.png","contentUrl":"https:\/\/tajkertesz.com\/wp-content\/uploads\/2018\/02\/logo-2-e1518678052539.png","width":81,"height":140,"caption":"T\u00e1j-Kert\u00e9sz 84 Kft."},"image":{"@id":"https:\/\/tajkertesz.com\/#\/schema\/logo\/image\/"},"sameAs":["https:\/\/www.facebook.com\/Tajkertesz\/"]}]}},"_links":{"self":[{"href":"https:\/\/tajkertesz.com\/en_US\/wp-json\/wp\/v2\/product\/2231","targetHints":{"allow":["GET"]}}],"collection":[{"href":"https:\/\/tajkertesz.com\/en_US\/wp-json\/wp\/v2\/product"}],"about":[{"href":"https:\/\/tajkertesz.com\/en_US\/wp-json\/wp\/v2\/types\/product"}],"wp:featuredmedia":[{"embeddable":true,"href":"https:\/\/tajkertesz.com\/en_US\/wp-json\/wp\/v2\/media\/1509"}],"wp:attachment":[{"href":"https:\/\/tajkertesz.com\/en_US\/wp-json\/wp\/v2\/media?parent=2231"}],"wp:term":[{"taxonomy":"product_brand","embeddable":true,"href":"https:\/\/tajkertesz.com\/en_US\/wp-json\/wp\/v2\/product_brand?post=2231"},{"taxonomy":"product_cat","embeddable":true,"href":"https:\/\/tajkertesz.com\/en_US\/wp-json\/wp\/v2\/product_cat?post=2231"},{"taxonomy":"product_tag","embeddable":true,"href":"https:\/\/tajkertesz.com\/en_US\/wp-json\/wp\/v2\/product_tag?post=2231"}],"curies":[{"name":"wp","href":"https:\/\/api.w.org\/{rel}","templated":true}]}}