{"id":22315,"date":"2025-01-31T11:51:05","date_gmt":"2025-01-31T11:51:05","guid":{"rendered":"https:\/\/tajkertesz.com\/?post_type=product&#038;p=22315"},"modified":"2026-02-12T14:11:02","modified_gmt":"2026-02-12T14:11:02","slug":"colpenn-wg-ken-gombaolo-szer-1kg","status":"publish","type":"product","link":"https:\/\/tajkertesz.com\/en_US\/product\/colpenn-wg-ken-gombaolo-szer-1kg\/","title":{"rendered":"Colpenn WG k\u00e9n gomba\u00f6l\u0151 szer 1kg"},"content":{"rendered":"<h1 class=\"page-head-title product-page-head-title position-relative\">Colpenn WG k\u00e9n gomba\u00f6l\u0151 szer 1kg<\/h1>\n<p>Colpenn WG k\u00e9n gomba\u00f6l\u0151 szer 1kg<\/p>\n<p>A k\u00e9ntartalm\u00fa fungicidek prevent\u00edv hat\u00e1s\u00fa k\u00e9sz\u00edtm\u00e9nyek. A sp\u00f3r\u00e1ba magas g\u0151znyom\u00e1suk r\u00e9v\u00e9n hatolnak be. Ennek m\u00e9rt\u00e9ke f\u00fcgg a h\u0151m\u00e9rs\u00e9klett\u0151l, a d\u00f3zist\u00f3l, a szemcsem\u00e9rett\u0151l \u00e9s a sz\u00e9ler\u0151ss\u00e9gt\u0151l.<\/p>\n<p>Az elemi k\u00e9n felv\u00e9tele ut\u00e1n a gombasp\u00f3r\u00e1ban H2S k\u00e9pz\u0151dik, ami a k\u00fcl\u00f6nf\u00e9le enzimek szulfhidril-csoportjait hat\u00e1stalan\u00edtja. A keletkez\u0151 H2S is toxikus: a f\u00e9mtartalm\u00fa enzimekkel, f\u0151k\u00e9nt a citokr\u00f3mok vasanionjaival k\u00e9pez vegy\u00fcletet. Ez a reakci\u00f3 a gomba l\u00e9gz\u00e9s\u00e9nek tov\u00e1bbi g\u00e1tl\u00e1s\u00e1t id\u00e9zi el\u0151.<\/p>\n<p>A sp\u00f3r\u00e1ba val\u00f3 behatol\u00e1st a membr\u00e1nok lipidtartalma seg\u00edti el\u0151. Ezzel magyar\u00e1zhat\u00f3 az, hogy a k\u00e9nre els\u0151sorban a nagy zs\u00edrtartalm\u00fa gomb\u00e1k \u00e9rz\u00e9kenyek (lisztharmat), a vizet kedvel\u0151k (peronoszp\u00f3ra, botritisz) ellen a k\u00e9n nem hat.<\/p>\n<h5><strong>A k\u00e9sz\u00edtm\u00e9ny 25<sup>\u00a00<\/sup>C felett &#8211; az esetleges perzsel\u00e9sek elker\u00fcl\u00e9se \u00e9rdek\u00e9ben &#8211; nem alkalmazhat\u00f3!<\/strong><\/h5>\n<p><strong>Kal\u00e1szosokban\u00a0<\/strong>(\u0151szi \u00e9s tavaszi b\u00faza, \u0151szi \u00e9s tavaszi \u00e1rpa, rozs, zab, tritik\u00e1le), k\u00f6lesben \u00e9s poh\u00e1nk\u00e1ban a fert\u0151z\u00e9s m\u00e9rt\u00e9k\u00e9t\u0151l f\u00fcgg\u0151en egy \u2013h\u00e1rom alkalommal sz\u00fcks\u00e9ges v\u00e9dekezni. A permetez\u00e9st el\u0151rejelz\u00e9sre alapozva, megel\u0151z\u0151 jelleggel, de legk\u00e9s\u0151bb az els\u0151 t\u00fcnetek megjelen\u00e9sekor \u2013 bokrosod\u00e1s v\u00e9g\u00e9n, sz\u00e1rbaindul\u00e1s elej\u00e9n \u2013 kell megkezdeni \u00e9s sz\u00fcks\u00e9g eset\u00e9n megism\u00e9telni a kal\u00e1szh\u00e1ny\u00e1s-vir\u00e1gz\u00e1s idej\u00e9n.<\/p>\n<p><strong>Sz\u0151l\u0151ben\u00a0<\/strong>(bor-, csemege-) lisztharmat ellen a kezel\u00e9seket el\u0151rejelz\u00e9sre alapozva prevent\u00edven kell elkezdeni, majd a fert\u0151z\u00e9s alakul\u00e1sa szerint 7-10 naponk\u00e9nt sz\u00fcks\u00e9g szerint megism\u00e9telni. Melegebb, sz\u00e1razabb id\u0151j\u00e1r\u00e1sn\u00e1l alacsonyabb d\u00f3zis, s\u00falyos fert\u0151z\u00e9svesz\u00e9ly eset\u00e9n a magasabb d\u00f3zis \u00e9s a r\u00f6videbb (7 napos) permetez\u00e9si fordul\u00f3 alkalmaz\u00e1sa aj\u00e1nlott. A sz\u0151l\u0151 intenz\u00edv fejl\u0151d\u00e9si szakasz\u00e1ban a k\u00e9sz\u00edtm\u00e9ny felhaszn\u00e1lhat\u00f3 a felsz\u00edv\u00f3d\u00f3 szerek kontakt kieg\u00e9sz\u00edt\u0151jek\u00e9nt.<\/p>\n<p><strong>Almaterm\u00e9s\u0171ekben\u00a0<\/strong>(alma, k\u00f6rte, birs, naspolya) a permetez\u00e9st eg\u00e9rf\u00fcl \u00e1llapotban kell megkezdeni \u00e9s 7-14 naponk\u00e9nt, a fert\u0151z\u00e9si nyom\u00e1st\u00f3l f\u00fcgg\u0151en c\u00e9lszer\u0171 megism\u00e9telni.<\/p>\n<p><strong>Csonth\u00e9jasokban\u00a0<\/strong>(cseresznye, meggy, szilva, \u0151szibarack, kajszi) a permetez\u00e9s az els\u0151 levelek kiemelked\u00e9s\u00e9t\u0151l megkezdhet\u0151 \u00e9s 7-10 naponk\u00e9nt, a fert\u0151z\u00e9si nyom\u00e1st\u00f3l f\u00fcgg\u0151en c\u00e9lszer\u0171 megism\u00e9telni.<\/p>\n<p><strong>Bogy\u00f3sokban\u00a0<\/strong>(k\u00f6szm\u00e9te, piros- \u00e9s feketeribiszke, szam\u00f3ca, m\u00e1lna, szeder, bodza, \u00e1fonya, csipkebogy\u00f3) r\u00fcgypattan\u00e1st k\u00f6vet\u0151en vir\u00e1gz\u00e1s el\u0151tt, a lisztharmat primer t\u00fcneteinek blokkol\u00e1s\u00e1ra 1-2 alkalommal kell v\u00e9dekezni, a magasabb d\u00f3zis felhaszn\u00e1l\u00e1s\u00e1val. A teny\u00e9szid\u0151szak tov\u00e1bbi r\u00e9sz\u00e9ben a fert\u0151z\u00e9s er\u0151ss\u00e9g\u00e9t\u0151l f\u00fcgg\u0151en v\u00e1lasszuk meg a d\u00f3zist.<\/p>\n<p><strong>Cukorr\u00e9p\u00e1ban\u00a0<\/strong>lisztharmat ellen a kezel\u00e9st a fert\u0151z\u00e9s megjelen\u00e9sekor c\u00e9lszer\u0171 v\u00e9grehajtani, amely fert\u0151z\u00e9svesz\u00e9ly fenn\u00e1ll\u00e1sa eset\u00e9n h\u00e1romszor megism\u00e9telhet\u0151.<\/p>\n<p><strong>Lencse<\/strong>, csicseribors\u00f3, \u00e9s l\u00f3bab kult\u00far\u00e1kban a permetez\u00e9seket megel\u0151z\u0151 jelleggel, de legk\u00e9s\u0151bb az els\u0151 t\u00fcnetek megjelen\u00e9sekor kell megkezdeni, majd sz\u00fcks\u00e9g eset\u00e9n 10-14 nap m\u00falva megism\u00e9telni.<\/p>\n<p>Az enged\u00e9lyezett z\u00f6lds\u00e9gf\u00e9l\u00e9kben, gy\u00f3gy- \u00e9s f\u0171szern\u00f6v\u00e9nyekben, tov\u00e1bb\u00e1 mogyor\u00f3ban, f\u00f6ldimogyor\u00f3ban, kenderben, olajretekben, valamint k\u00f6zter\u00fcleti d\u00edszf\u00e1k \u00e9s d\u00edszcserj\u00e9kben a kezel\u00e9st a fert\u0151z\u00e9s megjelen\u00e9sekor c\u00e9lszer\u0171 v\u00e9grehajtani, \u00e9s annak m\u00e9rt\u00e9k\u00e9t\u0151l f\u00fcgg\u0151en t\u00f6bbsz\u00f6r megism\u00e9telhet\u0151. A szer alkalmaz\u00e1sakor figyelemmel kell lenni egyes n\u00f6v\u00e9nyfajt\u00e1k k\u00e9n\u00e9rz\u00e9kenys\u00e9g\u00e9re.<\/p>\n<p>Az enged\u00e9lyezett sz\u0151l\u0151, almaterm\u00e9s\u0171, csonth\u00e9jas \u00e9s kabakos kult\u00far\u00e1kban a k\u00e9sz\u00edtm\u00e9ny atk\u00e1k gy\u00e9r\u00edt\u00e9s\u00e9re is alkalmas.<\/p>\n<p style=\"line-height: 18.0pt; background: white; margin: 0cm 0cm 15.0pt 0cm;\"><b><span style=\"font-family: 'Ubuntu',sans-serif; color: black;\">K\u00e9szlet\u00fcnk napi szinten v\u00e1ltozik, ez\u00e9rt k\u00e9rj\u00fck, \u00e9rdekl\u0151dj\u00f6n szem\u00e9lyesen, telefonon vagy email-en.<br \/>\nA v\u00e1ltoztat\u00e1s jog\u00e1t fenntartjuk!\u00a0<\/span><\/b><\/p>\n<p><a href=\"https:\/\/tajkertesz.com\/\">https:\/\/tajkertesz.com\/<\/a><\/p>\n<p><a href=\"https:\/\/www.facebook.com\/tajkertesz\/\">https:\/\/www.facebook.com\/tajkertesz\/<\/a><\/p>\n<p>Kisz\u00e1ll\u00edt\u00e1s: 200cm-ig \u00e9s 40 kg-ig a sz\u00e1ll\u00edt\u00e1s fut\u00e1rszolg\u00e1lattal t\u00f6rt\u00e9nik.<\/p>\n<p>Szem\u00e9lyes \u00e1tv\u00e9tel nyitvatart\u00e1si id\u0151ben a 17. ker\u00fclet Bakancsos utca 7. sz\u00e1m alatti Kert\u00e9szeti \u00e1rud\u00e1nkban.<\/p>\n<p><b><u>Kert\u00e9p\u00edt\u0151k \u00e9s viszontelad\u00f3k regisztr\u00e1l\u00e1s ut\u00e1n egyedi kedvezm\u00e9nnyel v\u00e1s\u00e1rolhatnak kert\u00e9szeti kis-\u00e9s nagykeresked\u00e9s\u00fcnkben.<\/u><\/b><\/p>","protected":false},"excerpt":{"rendered":"<p>A k\u00e9ntartalm\u00fa fungicidek prevent\u00edv hat\u00e1s\u00fa k\u00e9sz\u00edtm\u00e9nyek. A sp\u00f3r\u00e1ba magas g\u0151znyom\u00e1suk r\u00e9v\u00e9n hatolnak be. Ennek m\u00e9rt\u00e9ke f\u00fcgg a h\u0151m\u00e9rs\u00e9klett\u0151l, a d\u00f3zist\u00f3l, a szemcsem\u00e9rett\u0151l \u00e9s a sz\u00e9ler\u0151ss\u00e9gt\u0151l.<\/p>","protected":false},"featured_media":22316,"template":"","meta":{"_et_pb_use_builder":"","_et_pb_old_content":"","_et_gb_content_width":""},"product_brand":[],"product_cat":[3421],"product_tag":[5633,4740,5634,4752],"class_list":{"0":"post-22315","1":"product","2":"type-product","3":"status-publish","4":"has-post-thumbnail","6":"product_cat-gombaolo-szer","7":"product_tag-colpenn","8":"product_tag-gombaolo","9":"product_tag-ken","10":"product_tag-permetezoszer","12":"first","13":"instock","14":"shipping-taxable","15":"purchasable","16":"product-type-simple"},"yoast_head":"<!-- This site is optimized with the Yoast SEO plugin v27.5 - https:\/\/yoast.com\/product\/yoast-seo-wordpress\/ -->\n<title>Colpenn WG k\u00e9n gomba\u00f6l\u0151 szer 1kg - T\u00e1jkert\u00e9sz<\/title>\n<meta name=\"description\" content=\"Colpenn WG k\u00e9n gomba\u00f6l\u0151 szer 1kg. A k\u00e9ntartalm\u00fa fungicidek prevent\u00edv hat\u00e1s\u00fa k\u00e9sz\u00edtm\u00e9nyek. A sp\u00f3r\u00e1ba magas g\u0151znyom\u00e1suk r\u00e9v\u00e9n hatolnak be.\" \/>\n<meta name=\"robots\" content=\"index, follow, max-snippet:-1, max-image-preview:large, max-video-preview:-1\" \/>\n<link rel=\"canonical\" href=\"https:\/\/tajkertesz.com\/en_US\/product\/colpenn-wg-ken-gombaolo-szer-1kg\/\" \/>\n<meta property=\"og:locale\" content=\"en_US\" \/>\n<meta property=\"og:type\" content=\"article\" \/>\n<meta property=\"og:title\" content=\"Colpenn WG k\u00e9n gomba\u00f6l\u0151 szer 1kg - T\u00e1jkert\u00e9sz\" \/>\n<meta property=\"og:description\" content=\"Colpenn WG k\u00e9n gomba\u00f6l\u0151 szer 1kg. A k\u00e9ntartalm\u00fa fungicidek prevent\u00edv hat\u00e1s\u00fa k\u00e9sz\u00edtm\u00e9nyek. A sp\u00f3r\u00e1ba magas g\u0151znyom\u00e1suk r\u00e9v\u00e9n hatolnak be.\" \/>\n<meta property=\"og:url\" content=\"https:\/\/tajkertesz.com\/en_US\/product\/colpenn-wg-ken-gombaolo-szer-1kg\/\" \/>\n<meta property=\"og:site_name\" content=\"T\u00e1jkert\u00e9sz\" \/>\n<meta property=\"article:publisher\" content=\"https:\/\/www.facebook.com\/Tajkertesz\/\" \/>\n<meta property=\"article:modified_time\" content=\"2026-02-12T14:11:02+00:00\" \/>\n<meta property=\"og:image\" content=\"https:\/\/tajkertesz.com\/wp-content\/uploads\/2025\/01\/colp4401.jpg\" \/>\n\t<meta property=\"og:image:width\" content=\"940\" \/>\n\t<meta property=\"og:image:height\" content=\"788\" \/>\n\t<meta property=\"og:image:type\" content=\"image\/jpeg\" \/>\n<meta name=\"twitter:card\" content=\"summary_large_image\" \/>\n<meta name=\"twitter:label1\" content=\"Est. reading time\" \/>\n\t<meta name=\"twitter:data1\" content=\"3 minutes\" \/>\n<script type=\"application\/ld+json\" class=\"yoast-schema-graph\">{\"@context\":\"https:\\\/\\\/schema.org\",\"@graph\":[{\"@type\":\"WebPage\",\"@id\":\"https:\\\/\\\/tajkertesz.com\\\/termek\\\/colpenn-wg-ken-gombaolo-szer-1kg\\\/\",\"url\":\"https:\\\/\\\/tajkertesz.com\\\/termek\\\/colpenn-wg-ken-gombaolo-szer-1kg\\\/\",\"name\":\"Colpenn WG k\u00e9n gomba\u00f6l\u0151 szer 1kg - T\u00e1jkert\u00e9sz\",\"isPartOf\":{\"@id\":\"https:\\\/\\\/tajkertesz.com\\\/#website\"},\"primaryImageOfPage\":{\"@id\":\"https:\\\/\\\/tajkertesz.com\\\/termek\\\/colpenn-wg-ken-gombaolo-szer-1kg\\\/#primaryimage\"},\"image\":{\"@id\":\"https:\\\/\\\/tajkertesz.com\\\/termek\\\/colpenn-wg-ken-gombaolo-szer-1kg\\\/#primaryimage\"},\"thumbnailUrl\":\"https:\\\/\\\/tajkertesz.com\\\/wp-content\\\/uploads\\\/2025\\\/01\\\/colp4401.jpg\",\"datePublished\":\"2025-01-31T11:51:05+00:00\",\"dateModified\":\"2026-02-12T14:11:02+00:00\",\"description\":\"Colpenn WG k\u00e9n gomba\u00f6l\u0151 szer 1kg. A k\u00e9ntartalm\u00fa fungicidek prevent\u00edv hat\u00e1s\u00fa k\u00e9sz\u00edtm\u00e9nyek. A sp\u00f3r\u00e1ba magas g\u0151znyom\u00e1suk r\u00e9v\u00e9n hatolnak be.\",\"breadcrumb\":{\"@id\":\"https:\\\/\\\/tajkertesz.com\\\/termek\\\/colpenn-wg-ken-gombaolo-szer-1kg\\\/#breadcrumb\"},\"inLanguage\":\"en-US\",\"potentialAction\":[{\"@type\":\"ReadAction\",\"target\":[\"https:\\\/\\\/tajkertesz.com\\\/termek\\\/colpenn-wg-ken-gombaolo-szer-1kg\\\/\"]}]},{\"@type\":\"ImageObject\",\"inLanguage\":\"en-US\",\"@id\":\"https:\\\/\\\/tajkertesz.com\\\/termek\\\/colpenn-wg-ken-gombaolo-szer-1kg\\\/#primaryimage\",\"url\":\"https:\\\/\\\/tajkertesz.com\\\/wp-content\\\/uploads\\\/2025\\\/01\\\/colp4401.jpg\",\"contentUrl\":\"https:\\\/\\\/tajkertesz.com\\\/wp-content\\\/uploads\\\/2025\\\/01\\\/colp4401.jpg\",\"width\":940,\"height\":788,\"caption\":\"Colpenn WG k\u00e9n gomba\u00f6l\u0151 szer 1kg\"},{\"@type\":\"BreadcrumbList\",\"@id\":\"https:\\\/\\\/tajkertesz.com\\\/termek\\\/colpenn-wg-ken-gombaolo-szer-1kg\\\/#breadcrumb\",\"itemListElement\":[{\"@type\":\"ListItem\",\"position\":1,\"name\":\"Home\",\"item\":\"https:\\\/\\\/tajkertesz.com\\\/\"},{\"@type\":\"ListItem\",\"position\":2,\"name\":\"Kezd\u0151lap\",\"item\":\"https:\\\/\\\/tajkertesz.com\\\/\"},{\"@type\":\"ListItem\",\"position\":3,\"name\":\"Colpenn WG k\u00e9n gomba\u00f6l\u0151 szer 1kg\"}]},{\"@type\":\"WebSite\",\"@id\":\"https:\\\/\\\/tajkertesz.com\\\/#website\",\"url\":\"https:\\\/\\\/tajkertesz.com\\\/\",\"name\":\"T\u00e1j-Kert\u00e9sz 84 Kft.\",\"description\":\"Kert\u00e9szeti kis- \u00e9s nagykeresked\u00e9s, D\u00edszn\u00f6v\u00e9ny web\u00e1ruh\u00e1z orsz\u00e1gos h\u00e1zhozsz\u00e1ll\u00edt\u00e1ssal!\",\"publisher\":{\"@id\":\"https:\\\/\\\/tajkertesz.com\\\/#organization\"},\"potentialAction\":[{\"@type\":\"SearchAction\",\"target\":{\"@type\":\"EntryPoint\",\"urlTemplate\":\"https:\\\/\\\/tajkertesz.com\\\/?s={search_term_string}\"},\"query-input\":{\"@type\":\"PropertyValueSpecification\",\"valueRequired\":true,\"valueName\":\"search_term_string\"}}],\"inLanguage\":\"en-US\"},{\"@type\":\"Organization\",\"@id\":\"https:\\\/\\\/tajkertesz.com\\\/#organization\",\"name\":\"T\u00e1j-Kert\u00e9sz 84 Kft.\",\"url\":\"https:\\\/\\\/tajkertesz.com\\\/\",\"logo\":{\"@type\":\"ImageObject\",\"inLanguage\":\"en-US\",\"@id\":\"https:\\\/\\\/tajkertesz.com\\\/#\\\/schema\\\/logo\\\/image\\\/\",\"url\":\"https:\\\/\\\/tajkertesz.com\\\/wp-content\\\/uploads\\\/2018\\\/02\\\/logo-2-e1518678052539.png\",\"contentUrl\":\"https:\\\/\\\/tajkertesz.com\\\/wp-content\\\/uploads\\\/2018\\\/02\\\/logo-2-e1518678052539.png\",\"width\":81,\"height\":140,\"caption\":\"T\u00e1j-Kert\u00e9sz 84 Kft.\"},\"image\":{\"@id\":\"https:\\\/\\\/tajkertesz.com\\\/#\\\/schema\\\/logo\\\/image\\\/\"},\"sameAs\":[\"https:\\\/\\\/www.facebook.com\\\/Tajkertesz\\\/\"]}]}<\/script>\n<!-- \/ Yoast SEO plugin. -->","yoast_head_json":{"title":"Colpenn WG k\u00e9n gomba\u00f6l\u0151 szer 1kg - T\u00e1jkert\u00e9sz","description":"Colpenn WG k\u00e9n gomba\u00f6l\u0151 szer 1kg. A k\u00e9ntartalm\u00fa fungicidek prevent\u00edv hat\u00e1s\u00fa k\u00e9sz\u00edtm\u00e9nyek. A sp\u00f3r\u00e1ba magas g\u0151znyom\u00e1suk r\u00e9v\u00e9n hatolnak be.","robots":{"index":"index","follow":"follow","max-snippet":"max-snippet:-1","max-image-preview":"max-image-preview:large","max-video-preview":"max-video-preview:-1"},"canonical":"https:\/\/tajkertesz.com\/en_US\/product\/colpenn-wg-ken-gombaolo-szer-1kg\/","og_locale":"en_US","og_type":"article","og_title":"Colpenn WG k\u00e9n gomba\u00f6l\u0151 szer 1kg - T\u00e1jkert\u00e9sz","og_description":"Colpenn WG k\u00e9n gomba\u00f6l\u0151 szer 1kg. A k\u00e9ntartalm\u00fa fungicidek prevent\u00edv hat\u00e1s\u00fa k\u00e9sz\u00edtm\u00e9nyek. A sp\u00f3r\u00e1ba magas g\u0151znyom\u00e1suk r\u00e9v\u00e9n hatolnak be.","og_url":"https:\/\/tajkertesz.com\/en_US\/product\/colpenn-wg-ken-gombaolo-szer-1kg\/","og_site_name":"T\u00e1jkert\u00e9sz","article_publisher":"https:\/\/www.facebook.com\/Tajkertesz\/","article_modified_time":"2026-02-12T14:11:02+00:00","og_image":[{"width":940,"height":788,"url":"https:\/\/tajkertesz.com\/wp-content\/uploads\/2025\/01\/colp4401.jpg","type":"image\/jpeg"}],"twitter_card":"summary_large_image","twitter_misc":{"Est. reading time":"3 minutes"},"schema":{"@context":"https:\/\/schema.org","@graph":[{"@type":"WebPage","@id":"https:\/\/tajkertesz.com\/termek\/colpenn-wg-ken-gombaolo-szer-1kg\/","url":"https:\/\/tajkertesz.com\/termek\/colpenn-wg-ken-gombaolo-szer-1kg\/","name":"Colpenn WG k\u00e9n gomba\u00f6l\u0151 szer 1kg - T\u00e1jkert\u00e9sz","isPartOf":{"@id":"https:\/\/tajkertesz.com\/#website"},"primaryImageOfPage":{"@id":"https:\/\/tajkertesz.com\/termek\/colpenn-wg-ken-gombaolo-szer-1kg\/#primaryimage"},"image":{"@id":"https:\/\/tajkertesz.com\/termek\/colpenn-wg-ken-gombaolo-szer-1kg\/#primaryimage"},"thumbnailUrl":"https:\/\/tajkertesz.com\/wp-content\/uploads\/2025\/01\/colp4401.jpg","datePublished":"2025-01-31T11:51:05+00:00","dateModified":"2026-02-12T14:11:02+00:00","description":"Colpenn WG k\u00e9n gomba\u00f6l\u0151 szer 1kg. A k\u00e9ntartalm\u00fa fungicidek prevent\u00edv hat\u00e1s\u00fa k\u00e9sz\u00edtm\u00e9nyek. A sp\u00f3r\u00e1ba magas g\u0151znyom\u00e1suk r\u00e9v\u00e9n hatolnak be.","breadcrumb":{"@id":"https:\/\/tajkertesz.com\/termek\/colpenn-wg-ken-gombaolo-szer-1kg\/#breadcrumb"},"inLanguage":"en-US","potentialAction":[{"@type":"ReadAction","target":["https:\/\/tajkertesz.com\/termek\/colpenn-wg-ken-gombaolo-szer-1kg\/"]}]},{"@type":"ImageObject","inLanguage":"en-US","@id":"https:\/\/tajkertesz.com\/termek\/colpenn-wg-ken-gombaolo-szer-1kg\/#primaryimage","url":"https:\/\/tajkertesz.com\/wp-content\/uploads\/2025\/01\/colp4401.jpg","contentUrl":"https:\/\/tajkertesz.com\/wp-content\/uploads\/2025\/01\/colp4401.jpg","width":940,"height":788,"caption":"Colpenn WG k\u00e9n gomba\u00f6l\u0151 szer 1kg"},{"@type":"BreadcrumbList","@id":"https:\/\/tajkertesz.com\/termek\/colpenn-wg-ken-gombaolo-szer-1kg\/#breadcrumb","itemListElement":[{"@type":"ListItem","position":1,"name":"Home","item":"https:\/\/tajkertesz.com\/"},{"@type":"ListItem","position":2,"name":"Kezd\u0151lap","item":"https:\/\/tajkertesz.com\/"},{"@type":"ListItem","position":3,"name":"Colpenn WG k\u00e9n gomba\u00f6l\u0151 szer 1kg"}]},{"@type":"WebSite","@id":"https:\/\/tajkertesz.com\/#website","url":"https:\/\/tajkertesz.com\/","name":"T\u00e1j-Kert\u00e9sz 84 Kft.","description":"Kert\u00e9szeti kis- \u00e9s nagykeresked\u00e9s, D\u00edszn\u00f6v\u00e9ny web\u00e1ruh\u00e1z orsz\u00e1gos h\u00e1zhozsz\u00e1ll\u00edt\u00e1ssal!","publisher":{"@id":"https:\/\/tajkertesz.com\/#organization"},"potentialAction":[{"@type":"SearchAction","target":{"@type":"EntryPoint","urlTemplate":"https:\/\/tajkertesz.com\/?s={search_term_string}"},"query-input":{"@type":"PropertyValueSpecification","valueRequired":true,"valueName":"search_term_string"}}],"inLanguage":"en-US"},{"@type":"Organization","@id":"https:\/\/tajkertesz.com\/#organization","name":"T\u00e1j-Kert\u00e9sz 84 Kft.","url":"https:\/\/tajkertesz.com\/","logo":{"@type":"ImageObject","inLanguage":"en-US","@id":"https:\/\/tajkertesz.com\/#\/schema\/logo\/image\/","url":"https:\/\/tajkertesz.com\/wp-content\/uploads\/2018\/02\/logo-2-e1518678052539.png","contentUrl":"https:\/\/tajkertesz.com\/wp-content\/uploads\/2018\/02\/logo-2-e1518678052539.png","width":81,"height":140,"caption":"T\u00e1j-Kert\u00e9sz 84 Kft."},"image":{"@id":"https:\/\/tajkertesz.com\/#\/schema\/logo\/image\/"},"sameAs":["https:\/\/www.facebook.com\/Tajkertesz\/"]}]}},"_links":{"self":[{"href":"https:\/\/tajkertesz.com\/en_US\/wp-json\/wp\/v2\/product\/22315","targetHints":{"allow":["GET"]}}],"collection":[{"href":"https:\/\/tajkertesz.com\/en_US\/wp-json\/wp\/v2\/product"}],"about":[{"href":"https:\/\/tajkertesz.com\/en_US\/wp-json\/wp\/v2\/types\/product"}],"wp:featuredmedia":[{"embeddable":true,"href":"https:\/\/tajkertesz.com\/en_US\/wp-json\/wp\/v2\/media\/22316"}],"wp:attachment":[{"href":"https:\/\/tajkertesz.com\/en_US\/wp-json\/wp\/v2\/media?parent=22315"}],"wp:term":[{"taxonomy":"product_brand","embeddable":true,"href":"https:\/\/tajkertesz.com\/en_US\/wp-json\/wp\/v2\/product_brand?post=22315"},{"taxonomy":"product_cat","embeddable":true,"href":"https:\/\/tajkertesz.com\/en_US\/wp-json\/wp\/v2\/product_cat?post=22315"},{"taxonomy":"product_tag","embeddable":true,"href":"https:\/\/tajkertesz.com\/en_US\/wp-json\/wp\/v2\/product_tag?post=22315"}],"curies":[{"name":"wp","href":"https:\/\/api.w.org\/{rel}","templated":true}]}}