{"id":22373,"date":"2025-02-07T11:00:42","date_gmt":"2025-02-07T11:00:42","guid":{"rendered":"https:\/\/tajkertesz.com\/?post_type=product&#038;p=22373"},"modified":"2026-02-19T10:27:54","modified_gmt":"2026-02-19T10:27:54","slug":"hovirag-galanthus-nivalis","status":"publish","type":"product","link":"https:\/\/tajkertesz.com\/en_US\/product\/hovirag-galanthus-nivalis\/","title":{"rendered":"H\u00f3vir\u00e1g\/Galanthus nivalis"},"content":{"rendered":"<h2>H\u00f3vir\u00e1g\/Galanthus nivalis<\/h2>\n<p>H\u00f3vir\u00e1g\/Galanthus nivalis<\/p>\n<p>Mi\u00e9rt \u00fcltess\u00fcnk h\u00f3vir\u00e1got kert\u00fcnkbe?\u00a0Az egyik ok, hogy a h\u00f3vir\u00e1gok sz\u00e9pek \u00e9s vonz\u00f3ak, \u00e9s hozz\u00e1j\u00e1rulhatnak a kert sz\u00e9ps\u00e9g\u00e9hez a t\u00e9li-tavaszi id\u0151szakban. Ezenk\u00edv\u00fcl a h\u00f3vir\u00e1gok rendk\u00edv\u00fcl ellen\u00e1ll\u00f3ak, \u00e9s k\u00f6nnyen termeszthet\u0151k, \u00edgy a kezd\u0151 kert\u00e9szek sz\u00e1m\u00e1ra is j\u00f3 v\u00e1laszt\u00e1s lehet. Emellett a h\u00f3vir\u00e1gok n\u00f6v\u00e9nyek, amelyek j\u00f3l viselik a hideget, \u00e9s gyakran az els\u0151 n\u00f6v\u00e9nyek, amelyek megjelennek a t\u00e9li id\u0151szakban, amikor m\u00e9g a fagyok is jelen vannak.<\/p>\n<header class=\"entry-header\">\n<div class=\"entry-meta\"><\/div>\n<\/header>\n<div style=\"width: 650px\" class=\"wp-caption alignnone\"><img loading=\"lazy\" decoding=\"async\" class=\"attachment-hitmag-featured colorbox-2231 wp-post-image lazyloaded\" src=\"https:\/\/kezdokertesz.hu\/wp-content\/uploads\/hovirag-1-1-640x400.jpg\" alt=\"H\u00f3vir\u00e1g (Galanthus nivalis)\" width=\"640\" height=\"400\" data-lazy-src=\"https:\/\/kezdokertesz.hu\/wp-content\/uploads\/hovirag-1-1-640x400.jpg\" data-was-processed=\"true\" \/><p class=\"wp-caption-text\">H\u00f3vir\u00e1g<\/p><\/div>\n<div class=\"entry-content\">\n<div class=\"w-full border-b border-black\/10 dark:border-gray-900\/50 text-gray-800 dark:text-gray-100 group dark:bg-gray-800\">\n<div class=\"text-base gap-4 md:gap-6 m-auto md:max-w-2xl lg:max-w-2xl xl:max-w-3xl p-4 md:py-6 flex lg:px-0\">\n<div class=\"relative flex w-[calc(100%-50px)] md:flex-col lg:w-[calc(100%-115px)]\">\n<div class=\"flex flex-grow flex-col gap-3\">\n<div class=\"min-h-[20px] flex flex-col items-start gap-4 whitespace-pre-wrap\"><\/div>\n<div>\n<div>\n<p>&nbsp;<\/p>\n<div id=\"aswift_1_host\"><\/div>\n<p>&nbsp;<\/p>\n<\/div>\n<\/div>\n<\/div>\n<\/div>\n<\/div>\n<\/div>\n<h2 class=\"western\">H\u00f3vir\u00e1g (Galanthus nivalis) jellemz\u00e9se, rendszertani besorol\u00e1sa<\/h2>\n<p>A h\u00f3vir\u00e1g (Galanthus nivalis) egy kis m\u00e9ret\u0171 \u00e9vel\u0151 vir\u00e1g, amely \u00e1ltal\u00e1ban 15-20 cm magas \u00e9s 10-15 cm sz\u00e9les telepeket alkot. A levelei v\u00e9konyak \u00e9s l\u00e1ndzs\u00e1sak, a vir\u00e1gai pedig feh\u00e9rek, \u00e9s k\u00e9t kis sziromlevelet tartalmaznak, amelyek \u00e1ltal\u00e1ban m\u00e1rcius \u00e9s \u00e1prilis k\u00f6z\u00f6tt ny\u00edlnak.<\/p>\n<p>A h\u00f3vir\u00e1g hagym\u00e1s n\u00f6v\u00e9ny, ami azt jelenti, hogy a n\u00f6veked\u00e9s\u00e9t a f\u00f6ld alatt tal\u00e1lhat\u00f3 hagym\u00e1k ir\u00e1ny\u00edtj\u00e1k. Rendszertanilag a h\u00f3vir\u00e1g a Liliaceae csal\u00e1dba tartozik.<\/p>\n<h2 class=\"western\">H\u00f3vir\u00e1g gondoz\u00e1sa<\/h2>\n<p>A h\u00f3vir\u00e1g (Galanthus nivalis) gondoz\u00e1sa nagyon egyszer\u0171 \u00e9s k\u00f6nny\u0171. A k\u00f6vetkez\u0151kben n\u00e9h\u00e1ny fontos tippet adok a h\u00f3vir\u00e1g gondoz\u00e1s\u00e1hoz:<\/p>\n<ol>\n<li>Talaj: A h\u00f3vir\u00e1g szereti a j\u00f3 v\u00edz\u00e1tereszt\u0151, humuszos talajt, \u00e9s \u00e1ltal\u00e1ban savany\u00fa talajban fejl\u0151dik a legjobban. A talajt \u00e1ltal\u00e1ban permetezni kell, hogy meg\u0151rizze a nedvess\u00e9get.<\/li>\n<li>Napf\u00e9ny: A h\u00f3vir\u00e1g szereti a f\u00e9l\u00e1rny\u00e9kos ter\u00fcleteket, de elviseli a teljes napf\u00e9nyt is, ami \u00e1ltal\u00e1ban a vir\u00e1gz\u00e1s id\u0151szak\u00e1ban hozza ki a legjobb eredm\u00e9nyt.<\/li>\n<li>\u00d6nt\u00f6z\u00e9s: A h\u00f3vir\u00e1g szereti a nedves talajt, de ker\u00fclni kell a t\u00falzott \u00f6nt\u00f6z\u00e9st, mert a hagym\u00e1k \u00e1ltal\u00e1ban rothadnak ha t\u00fal nedves a talaj.<\/li>\n<li>T\u00e1panyag: A h\u00f3vir\u00e1g \u00e1ltal\u00e1ban kev\u00e9s t\u00e1panyagot ig\u00e9nyel. Ha sz\u00fcks\u00e9ges, akkor komposztot vagy tr\u00e1gy\u00e1t adhatunk a talajba.<\/li>\n<li>Visszav\u00e1g\u00e1s: A h\u00f3vir\u00e1g vir\u00e1gz\u00e1sa ut\u00e1n vissza kell v\u00e1gni a leveleket, hogy a hagym\u00e1k \u00fajra er\u0151sebbek legyenek a k\u00f6vetkez\u0151 \u00e9vre.<\/li>\n<li>Szapor\u00edt\u00e1s: A h\u00f3vir\u00e1g \u00f6nmag\u00e1t\u00f3l is szaporodhat, a hagym\u00e1k term\u00e9szetesen meggy\u00f6keresednek \u00e9s \u00faj hagym\u00e1kat hozhatnak l\u00e9tre.<\/li>\n<li>V\u00e9delem: A h\u00f3vir\u00e1g \u00e1ltal\u00e1ban nem ig\u00e9nyli a v\u00e9delmet a k\u00e1rtev\u0151kt\u0151l \u00e9s betegs\u00e9gekt\u0151l.<\/li>\n<\/ol>\n<p style=\"line-height: 18.0pt; background: white; margin: 0cm 0cm 15.0pt 0cm;\"><b><span style=\"font-family: 'Ubuntu',sans-serif; color: black;\">K\u00e9szlet\u00fcnk napi szinten v\u00e1ltozik, ez\u00e9rt k\u00e9rj\u00fck, \u00e9rdekl\u0151dj\u00f6n szem\u00e9lyesen, telefonon vagy email-en.<br \/>\nA v\u00e1ltoztat\u00e1s jog\u00e1t fenntartjuk!\u00a0<\/span><\/b><\/p>\n<p><a href=\"https:\/\/tajkertesz.com\/\">https:\/\/tajkertesz.com\/<\/a><\/p>\n<p><a href=\"https:\/\/www.facebook.com\/tajkertesz\/\">https:\/\/www.facebook.com\/tajkertesz\/<\/a><\/p>\n<p>Kisz\u00e1ll\u00edt\u00e1s: 200cm-ig \u00e9s 40 kg-ig a sz\u00e1ll\u00edt\u00e1s fut\u00e1rszolg\u00e1lattal t\u00f6rt\u00e9nik.<\/p>\n<p>Szem\u00e9lyes \u00e1tv\u00e9tel nyitvatart\u00e1si id\u0151ben a 17. ker\u00fclet Bakancsos utca 7. sz\u00e1m alatti Kert\u00e9szeti \u00e1rud\u00e1nkban.<\/p>\n<p><b><u>Kert\u00e9p\u00edt\u0151k \u00e9s viszontelad\u00f3k regisztr\u00e1l\u00e1s ut\u00e1n egyedi kedvezm\u00e9nnyel v\u00e1s\u00e1rolhatnak kert\u00e9szeti kis-\u00e9s nagykeresked\u00e9s\u00fcnkben.<\/u><\/b><\/p>\n<p>A logisztikai c\u00e9ggel t\u00f6rt\u00e9n\u0151 sz\u00e1ll\u00edt\u00e1s eset\u00e9n a partnereink\u00a0esetleges a\u00a0cs\u00fasz\u00e1sai\u00e9rt nem v\u00e1llalunk felel\u0151ss\u00e9get!<\/p>\n<p><strong>Az \u00e1rak egy darab term\u00e9kre vonatkoznak.<\/strong><\/p>\n<p><strong>J\u00f3 tudni!<\/strong><\/p>\n<p>K\u00e9pek-elt\u00e9r\u00e9sek:<\/p>\n<p>A n\u00f6v\u00e9nyekr\u0151l felt\u00f6lt\u00f6tt k\u00e9pek illusztr\u00e1ci\u00f3k. N\u00f6v\u00e9nyekn\u00e9l el\u0151fordulhatnak minim\u00e1lis elt\u00e9r\u00e9sek a k\u00e9peken szerepl\u0151 n\u00f6v\u00e9nyek \u00e9s az \u00e1tvett n\u00f6v\u00e9nyek k\u00f6z\u00f6tt, mivel minden n\u00f6v\u00e9ny egyedi.<\/p>\n<p>N\u00f6v\u00e9nyek sz\u00e1ll\u00edt\u00e1sa:<\/p>\n<p>A megrendelt n\u00f6v\u00e9nyeket igyeksz\u00fcnk a lehet\u0151 legbiztons\u00e1gosabban egyes\u00e9vel csomagolni, azonban a sz\u00e1ll\u00edt\u00e1s sor\u00e1n m\u00e9g ennek ellen\u00e9re is\u00a0bek\u00f6vetkezhetnek apr\u00f3bb s\u00e9r\u00fcl\u00e9sek (lev\u00e9l- vagy vir\u00e1ghull\u00e1s).<br \/>\nN\u00f6v\u00e9ny rendel\u00e9s eset\u00e9n k\u00e9rj\u00fck a k\u00e9zbes\u00edt\u00e9st k\u00f6vet\u0151en a lehet\u0151 leghamarabb bonts\u00e1k ki a csomagot.<\/p>\n<p>Abban az esetben, ha a megrendelt n\u00f6v\u00e9ny\u00a0a sz\u00e1ll\u00edt\u00e1st k\u00f6vet\u0151en\u00a0nem megfelel\u0151 gondoz\u00e1sban r\u00e9szes\u00fcl \u00e9s ebb\u0151l kifoly\u00f3lag\u00a0k\u00e1rosodik,\u00a0elpusztul, felel\u0151ss\u00e9get sajnos nem tudunk v\u00e1llalni.<\/p>\n<p>V\u00e1s\u00e1rl\u00e1st\u00f3l val\u00f3 el\u00e1ll\u00e1s \u00e9l\u0151 n\u00f6v\u00e9ny v\u00e1s\u00e1rl\u00e1sa eset\u00e9n:<\/p>\n<p>Az \u00e1ltal\u00e1nos 14 napos el\u00e1ll\u00e1s lehet\u0151s\u00e9ge \u00e9l\u0151 n\u00f6v\u00e9nyekre nem vonatkozik. V\u00e1s\u00e1rl\u00e1st\u00f3l val\u00f3 el\u00e1ll\u00e1sra, visszak\u00fcld\u00e9sre nincs lehet\u0151s\u00e9g.\u00a0(17\/1999. (II. 5.) Korm. rendelet 5c pontja)<\/p>\n<p><span style=\"color: #ff0000;\"><strong>K\u00e9rj\u00fck fentiek figyelembev\u00e9tel\u00e9t n\u00f6v\u00e9ny rendel\u00e9se sor\u00e1n!<\/strong><\/span><\/p>\n<\/div>\n","protected":false},"excerpt":{"rendered":"<p>A\u00a0<strong>h\u00f3vir\u00e1g (Galanthus nivalis)<\/strong>\u00a0egy kis m\u00e9ret\u0171 \u00e9vel\u0151 vir\u00e1g, amely \u00e1ltal\u00e1ban 15-20 cm magas \u00e9s 10-15 cm sz\u00e9les telepeket alkot.<\/p>\n<p>Cser\u00e9p m\u00e9rete: 6cm<\/p>\n<p>&nbsp;<\/p>\n<p>&nbsp;<\/p>","protected":false},"featured_media":22374,"template":"","meta":{"_et_pb_use_builder":"","_et_pb_old_content":"","_et_gb_content_width":""},"product_brand":[],"product_cat":[433],"product_tag":[4338,5636,3925,5637,4357],"class_list":{"0":"post-22373","1":"product","2":"type-product","3":"status-publish","4":"has-post-thumbnail","6":"product_cat-evelo-novenyek","7":"product_tag-evelo","8":"product_tag-hagymas","9":"product_tag-hovirag","10":"product_tag-tavaszivirag","11":"product_tag-virag","13":"first","14":"instock","15":"shipping-taxable","16":"purchasable","17":"product-type-simple"},"yoast_head":"<!-- This site is optimized with the Yoast SEO plugin v27.4 - https:\/\/yoast.com\/product\/yoast-seo-wordpress\/ -->\n<title>H\u00f3vir\u00e1g\/Galanthus nivalis - T\u00e1jkert\u00e9sz<\/title>\n<meta name=\"description\" content=\"H\u00f3vir\u00e1g\/Galanthus nivalis. A h\u00f3vir\u00e1g egy kis m\u00e9ret\u0171 \u00e9vel\u0151 vir\u00e1g, amely \u00e1ltal\u00e1ban 15-20 cm magas \u00e9s 10-15 cm sz\u00e9les telepeket alkot.\" \/>\n<meta name=\"robots\" content=\"index, follow, max-snippet:-1, max-image-preview:large, max-video-preview:-1\" \/>\n<link rel=\"canonical\" href=\"https:\/\/tajkertesz.com\/en_US\/product\/hovirag-galanthus-nivalis\/\" \/>\n<meta property=\"og:locale\" content=\"en_US\" \/>\n<meta property=\"og:type\" content=\"article\" \/>\n<meta property=\"og:title\" content=\"H\u00f3vir\u00e1g\/Galanthus nivalis - T\u00e1jkert\u00e9sz\" \/>\n<meta property=\"og:description\" content=\"H\u00f3vir\u00e1g\/Galanthus nivalis. A h\u00f3vir\u00e1g egy kis m\u00e9ret\u0171 \u00e9vel\u0151 vir\u00e1g, amely \u00e1ltal\u00e1ban 15-20 cm magas \u00e9s 10-15 cm sz\u00e9les telepeket alkot.\" \/>\n<meta property=\"og:url\" content=\"https:\/\/tajkertesz.com\/en_US\/product\/hovirag-galanthus-nivalis\/\" \/>\n<meta property=\"og:site_name\" content=\"T\u00e1jkert\u00e9sz\" \/>\n<meta property=\"article:publisher\" content=\"https:\/\/www.facebook.com\/Tajkertesz\/\" \/>\n<meta property=\"article:modified_time\" content=\"2026-02-19T10:27:54+00:00\" \/>\n<meta property=\"og:image\" content=\"https:\/\/tajkertesz.com\/wp-content\/uploads\/2025\/02\/475635464_1033071592169248_1298974721025740642_n.jpg\" \/>\n\t<meta property=\"og:image:width\" content=\"2048\" \/>\n\t<meta property=\"og:image:height\" content=\"1153\" \/>\n\t<meta property=\"og:image:type\" content=\"image\/jpeg\" \/>\n<meta name=\"twitter:card\" content=\"summary_large_image\" \/>\n<meta name=\"twitter:label1\" content=\"Est. reading time\" \/>\n\t<meta name=\"twitter:data1\" content=\"4 minutes\" \/>\n<script type=\"application\/ld+json\" class=\"yoast-schema-graph\">{\"@context\":\"https:\\\/\\\/schema.org\",\"@graph\":[{\"@type\":\"WebPage\",\"@id\":\"https:\\\/\\\/tajkertesz.com\\\/termek\\\/hovirag-galanthus-nivalis\\\/\",\"url\":\"https:\\\/\\\/tajkertesz.com\\\/termek\\\/hovirag-galanthus-nivalis\\\/\",\"name\":\"H\u00f3vir\u00e1g\\\/Galanthus nivalis - T\u00e1jkert\u00e9sz\",\"isPartOf\":{\"@id\":\"https:\\\/\\\/tajkertesz.com\\\/#website\"},\"primaryImageOfPage\":{\"@id\":\"https:\\\/\\\/tajkertesz.com\\\/termek\\\/hovirag-galanthus-nivalis\\\/#primaryimage\"},\"image\":{\"@id\":\"https:\\\/\\\/tajkertesz.com\\\/termek\\\/hovirag-galanthus-nivalis\\\/#primaryimage\"},\"thumbnailUrl\":\"https:\\\/\\\/tajkertesz.com\\\/wp-content\\\/uploads\\\/2025\\\/02\\\/475635464_1033071592169248_1298974721025740642_n.jpg\",\"datePublished\":\"2025-02-07T11:00:42+00:00\",\"dateModified\":\"2026-02-19T10:27:54+00:00\",\"description\":\"H\u00f3vir\u00e1g\\\/Galanthus nivalis. A h\u00f3vir\u00e1g egy kis m\u00e9ret\u0171 \u00e9vel\u0151 vir\u00e1g, amely \u00e1ltal\u00e1ban 15-20 cm magas \u00e9s 10-15 cm sz\u00e9les telepeket alkot.\",\"breadcrumb\":{\"@id\":\"https:\\\/\\\/tajkertesz.com\\\/termek\\\/hovirag-galanthus-nivalis\\\/#breadcrumb\"},\"inLanguage\":\"en-US\",\"potentialAction\":[{\"@type\":\"ReadAction\",\"target\":[\"https:\\\/\\\/tajkertesz.com\\\/termek\\\/hovirag-galanthus-nivalis\\\/\"]}]},{\"@type\":\"ImageObject\",\"inLanguage\":\"en-US\",\"@id\":\"https:\\\/\\\/tajkertesz.com\\\/termek\\\/hovirag-galanthus-nivalis\\\/#primaryimage\",\"url\":\"https:\\\/\\\/tajkertesz.com\\\/wp-content\\\/uploads\\\/2025\\\/02\\\/475635464_1033071592169248_1298974721025740642_n.jpg\",\"contentUrl\":\"https:\\\/\\\/tajkertesz.com\\\/wp-content\\\/uploads\\\/2025\\\/02\\\/475635464_1033071592169248_1298974721025740642_n.jpg\",\"width\":2048,\"height\":1153,\"caption\":\"H\u00f3vir\u00e1g\\\/Galanthus nivalis\"},{\"@type\":\"BreadcrumbList\",\"@id\":\"https:\\\/\\\/tajkertesz.com\\\/termek\\\/hovirag-galanthus-nivalis\\\/#breadcrumb\",\"itemListElement\":[{\"@type\":\"ListItem\",\"position\":1,\"name\":\"Home\",\"item\":\"https:\\\/\\\/tajkertesz.com\\\/\"},{\"@type\":\"ListItem\",\"position\":2,\"name\":\"Kezd\u0151lap\",\"item\":\"https:\\\/\\\/tajkertesz.com\\\/\"},{\"@type\":\"ListItem\",\"position\":3,\"name\":\"H\u00f3vir\u00e1g\\\/Galanthus nivalis\"}]},{\"@type\":\"WebSite\",\"@id\":\"https:\\\/\\\/tajkertesz.com\\\/#website\",\"url\":\"https:\\\/\\\/tajkertesz.com\\\/\",\"name\":\"T\u00e1j-Kert\u00e9sz 84 Kft.\",\"description\":\"Kert\u00e9szeti kis- \u00e9s nagykeresked\u00e9s, D\u00edszn\u00f6v\u00e9ny web\u00e1ruh\u00e1z orsz\u00e1gos h\u00e1zhozsz\u00e1ll\u00edt\u00e1ssal!\",\"publisher\":{\"@id\":\"https:\\\/\\\/tajkertesz.com\\\/#organization\"},\"potentialAction\":[{\"@type\":\"SearchAction\",\"target\":{\"@type\":\"EntryPoint\",\"urlTemplate\":\"https:\\\/\\\/tajkertesz.com\\\/?s={search_term_string}\"},\"query-input\":{\"@type\":\"PropertyValueSpecification\",\"valueRequired\":true,\"valueName\":\"search_term_string\"}}],\"inLanguage\":\"en-US\"},{\"@type\":\"Organization\",\"@id\":\"https:\\\/\\\/tajkertesz.com\\\/#organization\",\"name\":\"T\u00e1j-Kert\u00e9sz 84 Kft.\",\"url\":\"https:\\\/\\\/tajkertesz.com\\\/\",\"logo\":{\"@type\":\"ImageObject\",\"inLanguage\":\"en-US\",\"@id\":\"https:\\\/\\\/tajkertesz.com\\\/#\\\/schema\\\/logo\\\/image\\\/\",\"url\":\"https:\\\/\\\/tajkertesz.com\\\/wp-content\\\/uploads\\\/2018\\\/02\\\/logo-2-e1518678052539.png\",\"contentUrl\":\"https:\\\/\\\/tajkertesz.com\\\/wp-content\\\/uploads\\\/2018\\\/02\\\/logo-2-e1518678052539.png\",\"width\":81,\"height\":140,\"caption\":\"T\u00e1j-Kert\u00e9sz 84 Kft.\"},\"image\":{\"@id\":\"https:\\\/\\\/tajkertesz.com\\\/#\\\/schema\\\/logo\\\/image\\\/\"},\"sameAs\":[\"https:\\\/\\\/www.facebook.com\\\/Tajkertesz\\\/\"]}]}<\/script>\n<!-- \/ Yoast SEO plugin. -->","yoast_head_json":{"title":"H\u00f3vir\u00e1g\/Galanthus nivalis - T\u00e1jkert\u00e9sz","description":"H\u00f3vir\u00e1g\/Galanthus nivalis. A h\u00f3vir\u00e1g egy kis m\u00e9ret\u0171 \u00e9vel\u0151 vir\u00e1g, amely \u00e1ltal\u00e1ban 15-20 cm magas \u00e9s 10-15 cm sz\u00e9les telepeket alkot.","robots":{"index":"index","follow":"follow","max-snippet":"max-snippet:-1","max-image-preview":"max-image-preview:large","max-video-preview":"max-video-preview:-1"},"canonical":"https:\/\/tajkertesz.com\/en_US\/product\/hovirag-galanthus-nivalis\/","og_locale":"en_US","og_type":"article","og_title":"H\u00f3vir\u00e1g\/Galanthus nivalis - T\u00e1jkert\u00e9sz","og_description":"H\u00f3vir\u00e1g\/Galanthus nivalis. A h\u00f3vir\u00e1g egy kis m\u00e9ret\u0171 \u00e9vel\u0151 vir\u00e1g, amely \u00e1ltal\u00e1ban 15-20 cm magas \u00e9s 10-15 cm sz\u00e9les telepeket alkot.","og_url":"https:\/\/tajkertesz.com\/en_US\/product\/hovirag-galanthus-nivalis\/","og_site_name":"T\u00e1jkert\u00e9sz","article_publisher":"https:\/\/www.facebook.com\/Tajkertesz\/","article_modified_time":"2026-02-19T10:27:54+00:00","og_image":[{"width":2048,"height":1153,"url":"https:\/\/tajkertesz.com\/wp-content\/uploads\/2025\/02\/475635464_1033071592169248_1298974721025740642_n.jpg","type":"image\/jpeg"}],"twitter_card":"summary_large_image","twitter_misc":{"Est. reading time":"4 minutes"},"schema":{"@context":"https:\/\/schema.org","@graph":[{"@type":"WebPage","@id":"https:\/\/tajkertesz.com\/termek\/hovirag-galanthus-nivalis\/","url":"https:\/\/tajkertesz.com\/termek\/hovirag-galanthus-nivalis\/","name":"H\u00f3vir\u00e1g\/Galanthus nivalis - T\u00e1jkert\u00e9sz","isPartOf":{"@id":"https:\/\/tajkertesz.com\/#website"},"primaryImageOfPage":{"@id":"https:\/\/tajkertesz.com\/termek\/hovirag-galanthus-nivalis\/#primaryimage"},"image":{"@id":"https:\/\/tajkertesz.com\/termek\/hovirag-galanthus-nivalis\/#primaryimage"},"thumbnailUrl":"https:\/\/tajkertesz.com\/wp-content\/uploads\/2025\/02\/475635464_1033071592169248_1298974721025740642_n.jpg","datePublished":"2025-02-07T11:00:42+00:00","dateModified":"2026-02-19T10:27:54+00:00","description":"H\u00f3vir\u00e1g\/Galanthus nivalis. A h\u00f3vir\u00e1g egy kis m\u00e9ret\u0171 \u00e9vel\u0151 vir\u00e1g, amely \u00e1ltal\u00e1ban 15-20 cm magas \u00e9s 10-15 cm sz\u00e9les telepeket alkot.","breadcrumb":{"@id":"https:\/\/tajkertesz.com\/termek\/hovirag-galanthus-nivalis\/#breadcrumb"},"inLanguage":"en-US","potentialAction":[{"@type":"ReadAction","target":["https:\/\/tajkertesz.com\/termek\/hovirag-galanthus-nivalis\/"]}]},{"@type":"ImageObject","inLanguage":"en-US","@id":"https:\/\/tajkertesz.com\/termek\/hovirag-galanthus-nivalis\/#primaryimage","url":"https:\/\/tajkertesz.com\/wp-content\/uploads\/2025\/02\/475635464_1033071592169248_1298974721025740642_n.jpg","contentUrl":"https:\/\/tajkertesz.com\/wp-content\/uploads\/2025\/02\/475635464_1033071592169248_1298974721025740642_n.jpg","width":2048,"height":1153,"caption":"H\u00f3vir\u00e1g\/Galanthus nivalis"},{"@type":"BreadcrumbList","@id":"https:\/\/tajkertesz.com\/termek\/hovirag-galanthus-nivalis\/#breadcrumb","itemListElement":[{"@type":"ListItem","position":1,"name":"Home","item":"https:\/\/tajkertesz.com\/"},{"@type":"ListItem","position":2,"name":"Kezd\u0151lap","item":"https:\/\/tajkertesz.com\/"},{"@type":"ListItem","position":3,"name":"H\u00f3vir\u00e1g\/Galanthus nivalis"}]},{"@type":"WebSite","@id":"https:\/\/tajkertesz.com\/#website","url":"https:\/\/tajkertesz.com\/","name":"T\u00e1j-Kert\u00e9sz 84 Kft.","description":"Kert\u00e9szeti kis- \u00e9s nagykeresked\u00e9s, D\u00edszn\u00f6v\u00e9ny web\u00e1ruh\u00e1z orsz\u00e1gos h\u00e1zhozsz\u00e1ll\u00edt\u00e1ssal!","publisher":{"@id":"https:\/\/tajkertesz.com\/#organization"},"potentialAction":[{"@type":"SearchAction","target":{"@type":"EntryPoint","urlTemplate":"https:\/\/tajkertesz.com\/?s={search_term_string}"},"query-input":{"@type":"PropertyValueSpecification","valueRequired":true,"valueName":"search_term_string"}}],"inLanguage":"en-US"},{"@type":"Organization","@id":"https:\/\/tajkertesz.com\/#organization","name":"T\u00e1j-Kert\u00e9sz 84 Kft.","url":"https:\/\/tajkertesz.com\/","logo":{"@type":"ImageObject","inLanguage":"en-US","@id":"https:\/\/tajkertesz.com\/#\/schema\/logo\/image\/","url":"https:\/\/tajkertesz.com\/wp-content\/uploads\/2018\/02\/logo-2-e1518678052539.png","contentUrl":"https:\/\/tajkertesz.com\/wp-content\/uploads\/2018\/02\/logo-2-e1518678052539.png","width":81,"height":140,"caption":"T\u00e1j-Kert\u00e9sz 84 Kft."},"image":{"@id":"https:\/\/tajkertesz.com\/#\/schema\/logo\/image\/"},"sameAs":["https:\/\/www.facebook.com\/Tajkertesz\/"]}]}},"_links":{"self":[{"href":"https:\/\/tajkertesz.com\/en_US\/wp-json\/wp\/v2\/product\/22373","targetHints":{"allow":["GET"]}}],"collection":[{"href":"https:\/\/tajkertesz.com\/en_US\/wp-json\/wp\/v2\/product"}],"about":[{"href":"https:\/\/tajkertesz.com\/en_US\/wp-json\/wp\/v2\/types\/product"}],"wp:featuredmedia":[{"embeddable":true,"href":"https:\/\/tajkertesz.com\/en_US\/wp-json\/wp\/v2\/media\/22374"}],"wp:attachment":[{"href":"https:\/\/tajkertesz.com\/en_US\/wp-json\/wp\/v2\/media?parent=22373"}],"wp:term":[{"taxonomy":"product_brand","embeddable":true,"href":"https:\/\/tajkertesz.com\/en_US\/wp-json\/wp\/v2\/product_brand?post=22373"},{"taxonomy":"product_cat","embeddable":true,"href":"https:\/\/tajkertesz.com\/en_US\/wp-json\/wp\/v2\/product_cat?post=22373"},{"taxonomy":"product_tag","embeddable":true,"href":"https:\/\/tajkertesz.com\/en_US\/wp-json\/wp\/v2\/product_tag?post=22373"}],"curies":[{"name":"wp","href":"https:\/\/api.w.org\/{rel}","templated":true}]}}