{"id":22417,"date":"2025-02-12T08:26:33","date_gmt":"2025-02-12T08:26:33","guid":{"rendered":"https:\/\/tajkertesz.com\/?post_type=product&#038;p=22417"},"modified":"2025-12-12T15:24:43","modified_gmt":"2025-12-12T15:24:43","slug":"danuba-mikomax-garden-360g","status":"publish","type":"product","link":"https:\/\/tajkertesz.com\/en_US\/product\/danuba-mikomax-garden-360g\/","title":{"rendered":"Danuba MikoMax Garden mikorrhiza 360g"},"content":{"rendered":"<h3>Danuba MikoMax Garden mikorrhiza 360g<\/h3>\n<p>Danuba MikoMax Garden mikorrhiza 360g<\/p>\n<h4><strong>Vide\u00f3 a Danuba Garden vegyszermentes \u00e9s bio term\u00e9keir\u0151l!<\/strong><\/h4>\n<p>A Kert\u00e9sz Kertje Pilisszentkereszten blog \u00edr\u00f3ja Szomor\u00fa Mikl\u00f3s toll\u00e1b\u00f3l: \u201cJ\u00f3 f\u00e9l\u00f3r\u00e1s vide\u00f3t hoztam most nektek. De \u00e9rdemes v\u00e9gign\u00e9zni, vagy hallgatni. Talaj\u00e9let, alg\u00e1k, michorriza gomb\u00e1k, \u00e9s \u00f6ko n\u00f6v\u00e9nyv\u00e9delem.<\/p>\n<p>Permetszerek \u00e9s m\u0171tr\u00e1gy\u00e1k helyett haszn\u00e1ljuk ezen anyagokat. De term\u00e9szetesen maga a komposzt a legjobb ami t\u00f6rt\u00e9nhet egy kertben. Vel\u00fck csak tov\u00e1bb jav\u00edthatjuk \u00e9s gyors\u00edtjuk az egyens\u00faly kialakul\u00e1s\u00e1t.\u201d<\/p>\n<p><iframe loading=\"lazy\" title=\"Biol\u00f3giai n\u00f6v\u00e9nyv\u00e9delem, talajjav\u00edt\u00e1s, hasznos term\u00e9szetes seg\u00edts\u00e9gek a kertben.\" width=\"1080\" height=\"608\" src=\"https:\/\/www.youtube.com\/embed\/yFiI25MtD8s?feature=oembed\"  allow=\"accelerometer; autoplay; clipboard-write; encrypted-media; gyroscope; picture-in-picture; web-share\" referrerpolicy=\"strict-origin-when-cross-origin\" allowfullscreen><\/iframe><\/p>\n<p>&nbsp;<\/p>\n<p>&nbsp;<\/p>\n<p><b>\ud83c\udf44 T\u00f6bbet a Mikorrhiz\u00e1r\u00f3l<\/b><\/p>\n<p>A gazdan\u00f6v\u00e9nnyel szimbi\u00f3zisra l\u00e9pve, azt t\u00e1mogatja olyan stresszes id\u0151szakokban is mint a fagy vagy asz\u00e1ly, a megfelel\u0151 mennyis\u00e9g\u0171 v\u00edz- \u00e9s t\u00e1panyag felv\u00e9telben.<\/p>\n<p>A mikorrhiza, a gazdan\u00f6v\u00e9ny gy\u00f6ker\u00e9hez k\u00e9pest, soksz\u00e1zszoros m\u00e9ret\u0171 hifa fonal\u00e1val sokkal messzebbr\u0151l \u00e9s hat\u00e9konyabban tudja felvenni a vizet \u00e9s a t\u00e1panyagokat a gazdan\u00f6v\u00e9nynek.<\/p>\n<p>Mivel a mikorrhiza gomb\u00e1nak gy\u00f6k\u00e9rkapcsolat kell, ez\u00e9rt a kijuttat\u00e1skor azt kell el\u00e9rn\u00fcnk, hogy a gy\u00f6k\u00e9r k\u00f6zel\u00e9be, max 1-2 cm-re ker\u00fclj\u00f6n a gy\u00f6k\u00e9r mell\u00e9. Nagyobb f\u00e1k eset\u00e9n a lombkorona csurg\u00f3ja al\u00e1 k\u00f6rbe t\u00f6bb helyen. Javasolt a kisebb, v\u00e9konyabb gy\u00f6kerekhez juttatni.<\/p>\n<p><a href=\"http:\/\/danubagarden.hu\/wp-content\/uploads\/IMG_0338.jpeg\"><img loading=\"lazy\" decoding=\"async\" class=\"aligncenter wp-image-3958\" src=\"http:\/\/danubagarden.hu\/wp-content\/uploads\/IMG_0338.jpeg\" alt=\"\" width=\"453\" height=\"471\" \/><\/a><\/p>\n<p>A mikorrhiza gomba behatolva a gazdan\u00f6v\u00e9nybe er\u0151s\u00edti annak term\u00e9szetes immunrendszer\u00e9t, \u00edgy ellen\u00e1ll\u00f3bb lesz a gombabetegs\u00e9gekkel szemben. A mikorrhiza olyan anyagokat v\u00e1laszt ki, melyek n\u00f6velik \u00e9s jav\u00edtj\u00e1k a talaj aggreg\u00e1tumokat, melyek a talaj legfontosabb alkot\u00f3elemei k\u00f6z\u00e9 tartoznak.<\/p>\n<p><a href=\"http:\/\/danubagarden.hu\/wp-content\/uploads\/IMG_0339.jpeg\"><img loading=\"lazy\" decoding=\"async\" class=\"aligncenter wp-image-3959\" src=\"http:\/\/danubagarden.hu\/wp-content\/uploads\/IMG_0339.jpeg\" alt=\"\" width=\"445\" height=\"330\" \/><\/a><\/p>\n<p>&nbsp;<\/p>\n<p><b>\ud83e\udd1d Mi\u00e9rt j\u00f3 ez az egy\u00fcttm\u0171k\u00f6d\u00e9s a kult\u00farn\u00f6v\u00e9nynek, \u00e9s hogyan j\u00f6n l\u00e9tre?<\/b><\/p>\n<p>A n\u00f6v\u00e9nyek a n\u00f6veked\u00e9si id\u0151szakuk elej\u00e9n a mikorrhiza gomb\u00e1kt\u00f3l term\u00e9szetes seg\u00edts\u00e9get kapnak, hogy t\u00f6bb vizet \u00e9s t\u00e1panyagot tudjanak felvenni. Ilyenkor a n\u00f6v\u00e9nyek olyan anyagokat v\u00e1lasztanak ki, amik odacsalogatj\u00e1k ezeket a gomb\u00e1kat, \u00e9s arra \u00f6szt\u00f6nzik \u0151ket, hogy a hifa fonaluk egy r\u00e9sz\u00e9vel hatoljanak be a kult\u00farn\u00f6v\u00e9ny gy\u00f6ker\u00e9be.<\/p>\n<p><strong>\ud83c\udf31 Gyepes\u00edt\u00e9s Mikorrhiz\u00e1val<\/strong><\/p>\n<div>Ez egy arbuszkul\u00e1ris, vagyis endo mikorrhiza, mely szimbi\u00f3zist alak\u00edt ki a n\u00f6v\u00e9nyek 90%-val, \u00edgy p\u00e9ld\u00e1ul a\u00a0<em><strong>gyeppel<\/strong>\u00a0is<\/em>.<\/div>\n<div><em>\u00c9rdemes ezt a term\u00e9ket az al\u00e1bbi m\u00f3dok egyik\u00e9n kijuttatni:<\/em><\/div>\n<div><\/div>\n<div><\/div>\n<div>1. Gyepes\u00edt\u00e9s el\u0151tt kell kisz\u00f3rni \u00a0a term\u00e9ket \u00e9s sek\u00e9lyen bedolgozni azt.<\/div>\n<div>2. A gyep magokkal \u00f6ssze kell keverni \u00e9s egyben kijuttatni a kever\u00e9ket.<\/div>\n<div>.<\/div>\n<div><\/div>\n<div><\/div>\n<div>\n<div><a href=\"http:\/\/danubagarden.hu\/wp-content\/uploads\/IMG_0337.jpeg\"><img loading=\"lazy\" decoding=\"async\" class=\"aligncenter wp-image-3960\" src=\"http:\/\/danubagarden.hu\/wp-content\/uploads\/IMG_0337.jpeg\" alt=\"\" width=\"314\" height=\"471\" \/><\/a><\/div>\n<\/div>\n<p>&nbsp;<\/p>\n<div>\n<p><strong>Ha m\u00e1r a gyepes\u00edt\u00e9s megt\u00f6rt\u00e9nt a m\u00e9g k\u00f6vetkez\u0151 lehet\u0151s\u00e9gek vannak a mikorrhiza kijuttat\u00e1s\u00e1ra:<\/strong><\/p>\n<div><\/div>\n<div>1. Gyepszell\u0151ztet\u00e9s alkalm\u00e1val kell bejuttatni a talaj fels\u0151 r\u00e9teg\u00e9be \u00e9s azt ut\u00e1na j\u00f3l belocsolni azt.<\/div>\n<div>2. Ami biztosabb m\u00f3dszer: az\u00a0Ino-Myc\u00a0foly\u00e9kony mikorrhiza term\u00e9k kijuttat\u00e1sa a gyepre, permetezve vagy nagy mennyis\u00e9g\u0171 v\u00edzzel be\u00f6nt\u00f6zve.<\/div>\n<div>.<\/div>\n<div><\/div>\n<\/div>\n<div>\n<p><a href=\"http:\/\/danubagarden.hu\/wp-content\/uploads\/IMG_9679-scaled.jpeg\"><img loading=\"lazy\" decoding=\"async\" class=\"aligncenter wp-image-3488\" src=\"http:\/\/danubagarden.hu\/wp-content\/uploads\/IMG_9679-scaled.jpeg\" alt=\"\" width=\"408\" height=\"272\" \/><\/a><\/p>\n<\/div>\n<p>&nbsp;<\/p>\n<div>\n<h3><b>\ud83e\udd1d Mi\u00e9rt j\u00f3 ez az egy\u00fcttm\u0171k\u00f6d\u00e9s a kult\u00farn\u00f6v\u00e9nynek, \u00e9s hogyan j\u00f6n l\u00e9tre?<\/b><\/h3>\n<\/div>\n<p>A n\u00f6v\u00e9nyek a n\u00f6veked\u00e9si id\u0151szakuk elej\u00e9n a mikorrhiza gomb\u00e1kt\u00f3l term\u00e9szetes seg\u00edts\u00e9get kapnak, hogy t\u00f6bb vizet \u00e9s t\u00e1panyagot tudjanak felvenni. Ilyenkor a n\u00f6v\u00e9nyek olyan anyagokat v\u00e1lasztanak ki, amik odacsalogatj\u00e1k ezeket a gomb\u00e1kat, \u00e9s arra \u00f6szt\u00f6nzik \u0151ket, hogy a hifa fonaluk egy r\u00e9sz\u00e9vel hatoljanak be a kult\u00farn\u00f6v\u00e9ny gy\u00f6ker\u00e9be.<\/p>\n<p>A n\u00f6v\u00e9ny \u00e9rz\u00e9keli, hogy k\u00e9pes-e egyed\u00fcl megbirk\u00f3zni azzal a feladattal, hogy a talajban l\u00e9v\u0151 vizet \u00e9s t\u00e1panyagokat egyed\u00fcl felvegye, vagy a term\u00e9szet seg\u00edts\u00e9g\u00e9t k\u00e9ri.<\/p>\n<p>Ha \u00fagy \u00e9rz\u00e9keli, hogy kell a seg\u00edts\u00e9g, akkor \u00e1ltala el\u0151\u00e1ll\u00edtott k\u00e9sz t\u00e1panyagokat, sz\u00e9nhidr\u00e1tokat, aminosavat \u00e9s egy\u00e9b jelz\u0151anyagokat v\u00e1laszt ki a gy\u00f6ker\u00e9n kereszt\u00fcl a talajba. Ezt a jelet a mikorrhiza gomba \u00e9rz\u00e9keli \u00e9s elindul a gy\u00f6k\u00e9r fel\u00e9, majd behatol a gy\u00f6k\u00e9rbe.<\/p>\n<p style=\"line-height: 18.0pt; background: white; margin: 0cm 0cm 15.0pt 0cm;\"><b><span style=\"font-family: 'Ubuntu',sans-serif; color: black;\">K\u00e9szlet\u00fcnk napi szinten v\u00e1ltozik, ez\u00e9rt k\u00e9rj\u00fck, \u00e9rdekl\u0151dj\u00f6n szem\u00e9lyesen, telefonon vagy email-en.<br \/>\nA v\u00e1ltoztat\u00e1s jog\u00e1t fenntartjuk!\u00a0<\/span><\/b><\/p>\n<p><a href=\"https:\/\/tajkertesz.com\/\">https:\/\/tajkertesz.com\/<\/a><\/p>\n<p><a href=\"https:\/\/www.facebook.com\/tajkertesz\/\">https:\/\/www.facebook.com\/tajkertesz\/<\/a><\/p>\n<p>Szem\u00e9lyes \u00e1tv\u00e9tel nyitvatart\u00e1si id\u0151ben a 17. ker\u00fclet Bakancsos utca 7. sz\u00e1m alatti Kert\u00e9szeti \u00e1rud\u00e1nkban.<\/p>\n<p><b><u>Kert\u00e9p\u00edt\u0151k \u00e9s viszontelad\u00f3k regisztr\u00e1l\u00e1s ut\u00e1n egyedi kedvezm\u00e9nnyel v\u00e1s\u00e1rolhatnak kert\u00e9szeti kis-\u00e9s nagykeresked\u00e9s\u00fcnkben.<\/u><\/b><\/p>","protected":false},"excerpt":{"rendered":"<p><b>Mire j\u00f3 a mikorrhiza gomba \u00e9s biostimul\u00e1ns tartalm\u00fa MikoMax Garden?<\/b><\/p>\n<ol>\n<li>Fokozza a t\u00e1panyagok felv\u00e9tel\u00e9t a talajb\u00f3l a n\u00f6v\u00e9nyek sz\u00e1m\u00e1ra<\/li>\n<li>Jav\u00edtja a n\u00f6v\u00e9ny hat\u00e9konyabb v\u00edzfelhaszn\u00e1l\u00e1s\u00e1t<\/li>\n<li>Er\u0151s\u00edti a n\u00f6v\u00e9nyek term\u00e9szetes ellen\u00e1ll\u00f3k\u00e9pess\u00e9g\u00e9t<\/li>\n<li>Alkalmaz\u00e1s\u00e1val akt\u00edvabb \u00e9s eg\u00e9szs\u00e9gesebb talaj\u00e9letet hoz l\u00e9tre<\/li>\n<li>A fentieknek k\u00f6sz\u00f6nhet\u0151en jav\u00edtja a term\u00e9smin\u0151s\u00e9g\u00e9t \u00e9s n\u00f6veli a term\u00e9smennyis\u00e9get<\/li>\n<li>A 6 f\u00e9le gombanemzets\u00e9g tartalma miatt k\u00fcl\u00f6nb\u00f6z\u0151 pH tartalm\u00fa (savany\u00fa, semleges vagy l\u00fagos) talajokban is alkalmazhat\u00f3<\/li>\n<li>Nem csak a n\u00f6v\u00e9nyek kezdeti id\u0151szak\u00e1ban seg\u00edtik a n\u00f6v\u00e9nyt, hanem v\u00e9gig az \u00e9lete sor\u00e1n pl. sz\u0151l\u0151ben ak\u00e1r 50 \u00e9vig.<\/li>\n<\/ol>\n<div class=\"page\" title=\"Page 5\">\n<div class=\"section\">\n<div class=\"layoutArea\">\n<div class=\"column\">\n<p><strong>Hogyan kell kijuttatni?<\/strong><\/p>\n<p>A MikoMax Gardent az u\u0308lteto\u030bgo\u0308do\u0308rbe kell szo\u0301rni, hogy a no\u0308ve\u0301ny gyo\u0308kere\u0301hez ko\u0308zel helyezkedjen el. Nem kell sokat beleszo\u0301rni (kb. ka\u0301ve\u0301skana\u0301lnyi), mert elme\u0301letileg, csak egyetlen spo\u0301ra hifa fonala ha beleno\u030b a no\u0308ve\u0301ny gyo\u0308kere\u0301be, az ma\u0301r uta\u0301na beha\u0301lo\u0301zza a no\u0308ve\u0301nyt.<\/p>\n<div class=\"elementor-element elementor-element-857caab elementor-widget elementor-widget-heading\" data-id=\"857caab\" data-element_type=\"widget\" data-widget_type=\"heading.default\">\n<div class=\"elementor-widget-container\">\n<h3 class=\"elementor-heading-title elementor-size-default\">Mi\u00e9rt ezt v\u00e1lasszam?<\/h3>\n<\/div>\n<\/div>\n<div class=\"elementor-element elementor-element-94ccfe8 elementor-widget elementor-widget-jet-listing-dynamic-field\" data-id=\"94ccfe8\" data-element_type=\"widget\" data-widget_type=\"jet-listing-dynamic-field.default\">\n<div class=\"elementor-widget-container\">\n<div class=\"jet-listing jet-listing-dynamic-field display-inline\">\n<div class=\"jet-listing-dynamic-field__inline-wrap\">\n<div class=\"jet-listing-dynamic-field__content\">\n<ol class=\"wp-block-list\">\n<li>Mikorrhiza fajok sokf\u00e9les\u00e9ge: k\u00f6zel 200 mikorrhiza gomba t\u00f6rzs van \u00e9s ezek mindegyike m\u00e1s-m\u00e1s talajon fejt ki er\u0151sebb hat\u00e1st. \u00cdgy, ha egy term\u00e9kben pl. 6 f\u00e9le mikorrhiza t\u00f6rzs van \u2013 mint a\u00a0MikoMax Garden-ben \u2013 akkor annak 6-szor jobb az adapt\u00e1ci\u00f3s (alkalmazkod\u00f3) k\u00e9pess\u00e9ge, mint az egyt\u00f6rzses term\u00e9keknek.<\/li>\n<li>Fontos m\u00e9r\u0151sz\u00e1m a\u00a0szapor\u00edt\u00f3k\u00e9pletek\u00a0mennyis\u00e9ge\u00a0egy cm3\u00a0term\u00e9kben. Ez a legr\u00e9gebb \u00f3ta forgalmazott mikorrhiza term\u00e9kben 20, m\u00edg a\u00a0MikoMax Garden\u00a0term\u00e9kben 500. Vagyis a\u00a0MikoMax Garden\u00a0mikorrhiza term\u00e9kben 25-sz\u00f6r t\u00f6bb a hat\u00f3anyag!<\/li>\n<li>Hat\u00f3anyag tartalmat: 6 mikorrhiza t\u00f6rzsb\u0151l \u00f6sszesen 500.000 db sp\u00f3ra\/kg.<\/li>\n<\/ol>\n<\/div>\n<\/div>\n<\/div>\n<\/div>\n<\/div>\n<\/div>\n<\/div>\n<\/div>\n<\/div>\n<div class=\"page\" title=\"Page 5\">\n<div class=\"section\">\n<div class=\"layoutArea\">\n<div class=\"column\">\n<p><strong>Ta\u0301rola\u0301sa<\/strong><\/p>\n<p>5-30 Celsius ko\u0308zo\u0308tt eredeti csomagola\u0301sban legala\u0301bb 18 ho\u0301napig mego\u030brzi a szavatossa\u0301ga\u0301t. Felbonta\u0301s uta\u0301n mihamarabb kijuttatando\u0301, de szorosan visszaza\u0301rva hu\u030bvo\u0308s, fagymentes helyen ta\u0301rolva 6 ho\u0301napig mino\u030bse\u0301gromla\u0301s ne\u0301lku\u0308l felhaszna\u0301lhato\u0301.<\/p>\n<\/div>\n<\/div>\n<\/div>\n<\/div>\n<p><b>\ud83e\uddd0 Tudta?<\/b><\/p>\n<p>A\u00a0mikorrhiza gombafajok\u00a0szimbiotikus kapcsolatot alak\u00edtanak ki a gazdan\u00f6v\u00e9nnyel, megn\u00f6velik annak v\u00edz- \u00e9s t\u00e1panyagell\u00e1totts\u00e1g\u00e1t, stresszt\u0171r\u0151 k\u00e9pess\u00e9g\u00e9t, k\u00e1rtev\u0151kkel szembeni ellen\u00e1ll\u00f3k\u00e9pess\u00e9g\u00e9t.<\/p>","protected":false},"featured_media":22421,"template":"","meta":{"_et_pb_use_builder":"","_et_pb_old_content":"","_et_gb_content_width":""},"product_brand":[],"product_cat":[5639,1414],"product_tag":[5640,5003,4747,5641,5642,5643],"class_list":{"0":"post-22417","1":"product","2":"type-product","3":"status-publish","4":"has-post-thumbnail","6":"product_cat-danuba-garden-termekek","7":"product_cat-tapoldatok-mutragyak","8":"product_tag-danuba","9":"product_tag-garden","10":"product_tag-gomba","11":"product_tag-mikomax","12":"product_tag-mikorrhiza","13":"product_tag-ultetes","15":"first","16":"instock","17":"shipping-taxable","18":"purchasable","19":"product-type-simple"},"yoast_head":"<!-- This site is optimized with the Yoast SEO plugin v27.4 - https:\/\/yoast.com\/product\/yoast-seo-wordpress\/ -->\n<title>Danuba MikoMax Garden mikorrhiza 360g - T\u00e1jkert\u00e9sz<\/title>\n<meta name=\"description\" content=\"Danuba MikoMax Garden mikorrhiza 360g. Fokozza a t\u00e1panyagok felv\u00e9tel\u00e9t a talajb\u00f3l a n\u00f6v\u00e9nyek sz\u00e1m\u00e1ra Jav\u00edtja a n\u00f6v\u00e9ny hat\u00e9konyabb v\u00edzfelhaszn\u00e1l\u00e1s\u00e1t.\" \/>\n<meta name=\"robots\" content=\"index, follow, max-snippet:-1, max-image-preview:large, max-video-preview:-1\" \/>\n<link rel=\"canonical\" href=\"https:\/\/tajkertesz.com\/en_US\/product\/danuba-mikomax-garden-360g\/\" \/>\n<meta property=\"og:locale\" content=\"en_US\" \/>\n<meta property=\"og:type\" content=\"article\" \/>\n<meta property=\"og:title\" content=\"Danuba MikoMax Garden mikorrhiza 360g - T\u00e1jkert\u00e9sz\" \/>\n<meta property=\"og:description\" content=\"Danuba MikoMax Garden mikorrhiza 360g. Fokozza a t\u00e1panyagok felv\u00e9tel\u00e9t a talajb\u00f3l a n\u00f6v\u00e9nyek sz\u00e1m\u00e1ra Jav\u00edtja a n\u00f6v\u00e9ny hat\u00e9konyabb v\u00edzfelhaszn\u00e1l\u00e1s\u00e1t.\" \/>\n<meta property=\"og:url\" content=\"https:\/\/tajkertesz.com\/en_US\/product\/danuba-mikomax-garden-360g\/\" \/>\n<meta property=\"og:site_name\" content=\"T\u00e1jkert\u00e9sz\" \/>\n<meta property=\"article:publisher\" content=\"https:\/\/www.facebook.com\/Tajkertesz\/\" \/>\n<meta property=\"article:modified_time\" content=\"2025-12-12T15:24:43+00:00\" \/>\n<meta property=\"og:image\" content=\"https:\/\/tajkertesz.com\/wp-content\/uploads\/2025\/02\/mikomax_garden_360g-768x1160-1.webp\" \/>\n\t<meta property=\"og:image:width\" content=\"768\" \/>\n\t<meta property=\"og:image:height\" content=\"1160\" \/>\n\t<meta property=\"og:image:type\" content=\"image\/webp\" \/>\n<meta name=\"twitter:card\" content=\"summary_large_image\" \/>\n<meta name=\"twitter:label1\" content=\"Est. reading time\" \/>\n\t<meta name=\"twitter:data1\" content=\"4 minutes\" \/>\n<script type=\"application\/ld+json\" class=\"yoast-schema-graph\">{\"@context\":\"https:\\\/\\\/schema.org\",\"@graph\":[{\"@type\":\"WebPage\",\"@id\":\"https:\\\/\\\/tajkertesz.com\\\/termek\\\/danuba-mikomax-garden-360g\\\/\",\"url\":\"https:\\\/\\\/tajkertesz.com\\\/termek\\\/danuba-mikomax-garden-360g\\\/\",\"name\":\"Danuba MikoMax Garden mikorrhiza 360g - T\u00e1jkert\u00e9sz\",\"isPartOf\":{\"@id\":\"https:\\\/\\\/tajkertesz.com\\\/#website\"},\"primaryImageOfPage\":{\"@id\":\"https:\\\/\\\/tajkertesz.com\\\/termek\\\/danuba-mikomax-garden-360g\\\/#primaryimage\"},\"image\":{\"@id\":\"https:\\\/\\\/tajkertesz.com\\\/termek\\\/danuba-mikomax-garden-360g\\\/#primaryimage\"},\"thumbnailUrl\":\"https:\\\/\\\/tajkertesz.com\\\/wp-content\\\/uploads\\\/2025\\\/02\\\/mikomax_garden_360g-768x1160-1.webp\",\"datePublished\":\"2025-02-12T08:26:33+00:00\",\"dateModified\":\"2025-12-12T15:24:43+00:00\",\"description\":\"Danuba MikoMax Garden mikorrhiza 360g. Fokozza a t\u00e1panyagok felv\u00e9tel\u00e9t a talajb\u00f3l a n\u00f6v\u00e9nyek sz\u00e1m\u00e1ra Jav\u00edtja a n\u00f6v\u00e9ny hat\u00e9konyabb v\u00edzfelhaszn\u00e1l\u00e1s\u00e1t.\",\"breadcrumb\":{\"@id\":\"https:\\\/\\\/tajkertesz.com\\\/termek\\\/danuba-mikomax-garden-360g\\\/#breadcrumb\"},\"inLanguage\":\"en-US\",\"potentialAction\":[{\"@type\":\"ReadAction\",\"target\":[\"https:\\\/\\\/tajkertesz.com\\\/termek\\\/danuba-mikomax-garden-360g\\\/\"]}]},{\"@type\":\"ImageObject\",\"inLanguage\":\"en-US\",\"@id\":\"https:\\\/\\\/tajkertesz.com\\\/termek\\\/danuba-mikomax-garden-360g\\\/#primaryimage\",\"url\":\"https:\\\/\\\/tajkertesz.com\\\/wp-content\\\/uploads\\\/2025\\\/02\\\/mikomax_garden_360g-768x1160-1.webp\",\"contentUrl\":\"https:\\\/\\\/tajkertesz.com\\\/wp-content\\\/uploads\\\/2025\\\/02\\\/mikomax_garden_360g-768x1160-1.webp\",\"width\":768,\"height\":1160,\"caption\":\"Danuba Asco Start Bio Bakter szervestr\u00e1gya 1kg\"},{\"@type\":\"BreadcrumbList\",\"@id\":\"https:\\\/\\\/tajkertesz.com\\\/termek\\\/danuba-mikomax-garden-360g\\\/#breadcrumb\",\"itemListElement\":[{\"@type\":\"ListItem\",\"position\":1,\"name\":\"Home\",\"item\":\"https:\\\/\\\/tajkertesz.com\\\/\"},{\"@type\":\"ListItem\",\"position\":2,\"name\":\"Kezd\u0151lap\",\"item\":\"https:\\\/\\\/tajkertesz.com\\\/\"},{\"@type\":\"ListItem\",\"position\":3,\"name\":\"Danuba MikoMax Garden mikorrhiza 360g\"}]},{\"@type\":\"WebSite\",\"@id\":\"https:\\\/\\\/tajkertesz.com\\\/#website\",\"url\":\"https:\\\/\\\/tajkertesz.com\\\/\",\"name\":\"T\u00e1j-Kert\u00e9sz 84 Kft.\",\"description\":\"Kert\u00e9szeti kis- \u00e9s nagykeresked\u00e9s, D\u00edszn\u00f6v\u00e9ny web\u00e1ruh\u00e1z orsz\u00e1gos h\u00e1zhozsz\u00e1ll\u00edt\u00e1ssal!\",\"publisher\":{\"@id\":\"https:\\\/\\\/tajkertesz.com\\\/#organization\"},\"potentialAction\":[{\"@type\":\"SearchAction\",\"target\":{\"@type\":\"EntryPoint\",\"urlTemplate\":\"https:\\\/\\\/tajkertesz.com\\\/?s={search_term_string}\"},\"query-input\":{\"@type\":\"PropertyValueSpecification\",\"valueRequired\":true,\"valueName\":\"search_term_string\"}}],\"inLanguage\":\"en-US\"},{\"@type\":\"Organization\",\"@id\":\"https:\\\/\\\/tajkertesz.com\\\/#organization\",\"name\":\"T\u00e1j-Kert\u00e9sz 84 Kft.\",\"url\":\"https:\\\/\\\/tajkertesz.com\\\/\",\"logo\":{\"@type\":\"ImageObject\",\"inLanguage\":\"en-US\",\"@id\":\"https:\\\/\\\/tajkertesz.com\\\/#\\\/schema\\\/logo\\\/image\\\/\",\"url\":\"https:\\\/\\\/tajkertesz.com\\\/wp-content\\\/uploads\\\/2018\\\/02\\\/logo-2-e1518678052539.png\",\"contentUrl\":\"https:\\\/\\\/tajkertesz.com\\\/wp-content\\\/uploads\\\/2018\\\/02\\\/logo-2-e1518678052539.png\",\"width\":81,\"height\":140,\"caption\":\"T\u00e1j-Kert\u00e9sz 84 Kft.\"},\"image\":{\"@id\":\"https:\\\/\\\/tajkertesz.com\\\/#\\\/schema\\\/logo\\\/image\\\/\"},\"sameAs\":[\"https:\\\/\\\/www.facebook.com\\\/Tajkertesz\\\/\"]}]}<\/script>\n<!-- \/ Yoast SEO plugin. -->","yoast_head_json":{"title":"Danuba MikoMax Garden mikorrhiza 360g - T\u00e1jkert\u00e9sz","description":"Danuba MikoMax Garden mikorrhiza 360g. Fokozza a t\u00e1panyagok felv\u00e9tel\u00e9t a talajb\u00f3l a n\u00f6v\u00e9nyek sz\u00e1m\u00e1ra Jav\u00edtja a n\u00f6v\u00e9ny hat\u00e9konyabb v\u00edzfelhaszn\u00e1l\u00e1s\u00e1t.","robots":{"index":"index","follow":"follow","max-snippet":"max-snippet:-1","max-image-preview":"max-image-preview:large","max-video-preview":"max-video-preview:-1"},"canonical":"https:\/\/tajkertesz.com\/en_US\/product\/danuba-mikomax-garden-360g\/","og_locale":"en_US","og_type":"article","og_title":"Danuba MikoMax Garden mikorrhiza 360g - T\u00e1jkert\u00e9sz","og_description":"Danuba MikoMax Garden mikorrhiza 360g. Fokozza a t\u00e1panyagok felv\u00e9tel\u00e9t a talajb\u00f3l a n\u00f6v\u00e9nyek sz\u00e1m\u00e1ra Jav\u00edtja a n\u00f6v\u00e9ny hat\u00e9konyabb v\u00edzfelhaszn\u00e1l\u00e1s\u00e1t.","og_url":"https:\/\/tajkertesz.com\/en_US\/product\/danuba-mikomax-garden-360g\/","og_site_name":"T\u00e1jkert\u00e9sz","article_publisher":"https:\/\/www.facebook.com\/Tajkertesz\/","article_modified_time":"2025-12-12T15:24:43+00:00","og_image":[{"width":768,"height":1160,"url":"https:\/\/tajkertesz.com\/wp-content\/uploads\/2025\/02\/mikomax_garden_360g-768x1160-1.webp","type":"image\/webp"}],"twitter_card":"summary_large_image","twitter_misc":{"Est. reading time":"4 minutes"},"schema":{"@context":"https:\/\/schema.org","@graph":[{"@type":"WebPage","@id":"https:\/\/tajkertesz.com\/termek\/danuba-mikomax-garden-360g\/","url":"https:\/\/tajkertesz.com\/termek\/danuba-mikomax-garden-360g\/","name":"Danuba MikoMax Garden mikorrhiza 360g - T\u00e1jkert\u00e9sz","isPartOf":{"@id":"https:\/\/tajkertesz.com\/#website"},"primaryImageOfPage":{"@id":"https:\/\/tajkertesz.com\/termek\/danuba-mikomax-garden-360g\/#primaryimage"},"image":{"@id":"https:\/\/tajkertesz.com\/termek\/danuba-mikomax-garden-360g\/#primaryimage"},"thumbnailUrl":"https:\/\/tajkertesz.com\/wp-content\/uploads\/2025\/02\/mikomax_garden_360g-768x1160-1.webp","datePublished":"2025-02-12T08:26:33+00:00","dateModified":"2025-12-12T15:24:43+00:00","description":"Danuba MikoMax Garden mikorrhiza 360g. Fokozza a t\u00e1panyagok felv\u00e9tel\u00e9t a talajb\u00f3l a n\u00f6v\u00e9nyek sz\u00e1m\u00e1ra Jav\u00edtja a n\u00f6v\u00e9ny hat\u00e9konyabb v\u00edzfelhaszn\u00e1l\u00e1s\u00e1t.","breadcrumb":{"@id":"https:\/\/tajkertesz.com\/termek\/danuba-mikomax-garden-360g\/#breadcrumb"},"inLanguage":"en-US","potentialAction":[{"@type":"ReadAction","target":["https:\/\/tajkertesz.com\/termek\/danuba-mikomax-garden-360g\/"]}]},{"@type":"ImageObject","inLanguage":"en-US","@id":"https:\/\/tajkertesz.com\/termek\/danuba-mikomax-garden-360g\/#primaryimage","url":"https:\/\/tajkertesz.com\/wp-content\/uploads\/2025\/02\/mikomax_garden_360g-768x1160-1.webp","contentUrl":"https:\/\/tajkertesz.com\/wp-content\/uploads\/2025\/02\/mikomax_garden_360g-768x1160-1.webp","width":768,"height":1160,"caption":"Danuba Asco Start Bio Bakter szervestr\u00e1gya 1kg"},{"@type":"BreadcrumbList","@id":"https:\/\/tajkertesz.com\/termek\/danuba-mikomax-garden-360g\/#breadcrumb","itemListElement":[{"@type":"ListItem","position":1,"name":"Home","item":"https:\/\/tajkertesz.com\/"},{"@type":"ListItem","position":2,"name":"Kezd\u0151lap","item":"https:\/\/tajkertesz.com\/"},{"@type":"ListItem","position":3,"name":"Danuba MikoMax Garden mikorrhiza 360g"}]},{"@type":"WebSite","@id":"https:\/\/tajkertesz.com\/#website","url":"https:\/\/tajkertesz.com\/","name":"T\u00e1j-Kert\u00e9sz 84 Kft.","description":"Kert\u00e9szeti kis- \u00e9s nagykeresked\u00e9s, D\u00edszn\u00f6v\u00e9ny web\u00e1ruh\u00e1z orsz\u00e1gos h\u00e1zhozsz\u00e1ll\u00edt\u00e1ssal!","publisher":{"@id":"https:\/\/tajkertesz.com\/#organization"},"potentialAction":[{"@type":"SearchAction","target":{"@type":"EntryPoint","urlTemplate":"https:\/\/tajkertesz.com\/?s={search_term_string}"},"query-input":{"@type":"PropertyValueSpecification","valueRequired":true,"valueName":"search_term_string"}}],"inLanguage":"en-US"},{"@type":"Organization","@id":"https:\/\/tajkertesz.com\/#organization","name":"T\u00e1j-Kert\u00e9sz 84 Kft.","url":"https:\/\/tajkertesz.com\/","logo":{"@type":"ImageObject","inLanguage":"en-US","@id":"https:\/\/tajkertesz.com\/#\/schema\/logo\/image\/","url":"https:\/\/tajkertesz.com\/wp-content\/uploads\/2018\/02\/logo-2-e1518678052539.png","contentUrl":"https:\/\/tajkertesz.com\/wp-content\/uploads\/2018\/02\/logo-2-e1518678052539.png","width":81,"height":140,"caption":"T\u00e1j-Kert\u00e9sz 84 Kft."},"image":{"@id":"https:\/\/tajkertesz.com\/#\/schema\/logo\/image\/"},"sameAs":["https:\/\/www.facebook.com\/Tajkertesz\/"]}]}},"_links":{"self":[{"href":"https:\/\/tajkertesz.com\/en_US\/wp-json\/wp\/v2\/product\/22417","targetHints":{"allow":["GET"]}}],"collection":[{"href":"https:\/\/tajkertesz.com\/en_US\/wp-json\/wp\/v2\/product"}],"about":[{"href":"https:\/\/tajkertesz.com\/en_US\/wp-json\/wp\/v2\/types\/product"}],"wp:featuredmedia":[{"embeddable":true,"href":"https:\/\/tajkertesz.com\/en_US\/wp-json\/wp\/v2\/media\/22421"}],"wp:attachment":[{"href":"https:\/\/tajkertesz.com\/en_US\/wp-json\/wp\/v2\/media?parent=22417"}],"wp:term":[{"taxonomy":"product_brand","embeddable":true,"href":"https:\/\/tajkertesz.com\/en_US\/wp-json\/wp\/v2\/product_brand?post=22417"},{"taxonomy":"product_cat","embeddable":true,"href":"https:\/\/tajkertesz.com\/en_US\/wp-json\/wp\/v2\/product_cat?post=22417"},{"taxonomy":"product_tag","embeddable":true,"href":"https:\/\/tajkertesz.com\/en_US\/wp-json\/wp\/v2\/product_tag?post=22417"}],"curies":[{"name":"wp","href":"https:\/\/api.w.org\/{rel}","templated":true}]}}