{"id":22422,"date":"2025-02-12T09:29:07","date_gmt":"2025-02-12T09:29:07","guid":{"rendered":"https:\/\/tajkertesz.com\/?post_type=product&#038;p=22422"},"modified":"2025-10-18T12:38:07","modified_gmt":"2025-10-18T12:38:07","slug":"danuba-asco-start-bio-bakter-szervestragya-1kg","status":"publish","type":"product","link":"https:\/\/tajkertesz.com\/en_US\/product\/danuba-asco-start-bio-bakter-szervestragya-1kg\/","title":{"rendered":"Danuba Asco Start Bio Bakter szervestr\u00e1gya 1kg"},"content":{"rendered":"<div class=\"elementor-element elementor-element-694dea5 elementor-widget elementor-widget-heading\" data-id=\"694dea5\" data-element_type=\"widget\" data-widget_type=\"heading.default\">\n<div class=\"elementor-widget-container\">\n<h1 class=\"elementor-heading-title elementor-size-default\">Danuba Asco Start Bio Bakter szervestr\u00e1gya 1kg<\/h1>\n<p>Danuba Asco Start Bio Bakter szervestr\u00e1gya 1kg<\/p>\n<p><b>D\u00f3zis:\u00a0<\/b>15-20 kg\/hekt\u00e1r vagy egy m\u00e9r\u0151kan\u00e1llal \u00fcltet\u0151 g\u00f6dr\u00f6nk\u00e9nt.<\/p>\n<h3><b>Mi\u00e9rt Asco Start Bio Bakter?<\/b><\/h3>\n<p>Hisz ez Magyarorsza\u0301gon az elso\u030b bio termeszte\u0301sben is haszna\u0301lhato\u0301 starter mikrogranula\u0301tum, hasznos bakte\u0301rium kiege\u0301szi\u0301te\u0301ssel. Tov\u00e1bb\u00e1 magas foszfor tartalma segi\u0301ti az energiaige\u0301nyes gyo\u0308keresede\u0301st.<\/p>\n<p><strong>Haszn\u00e1lati javaslat a kertben:<\/strong><\/p>\n<p>Legjobb a term\u00e9ket egy kan\u00e1llal a n\u00f6v\u00e9ny gy\u00f6kere al\u00e1 tenni, kicsit \u00f6sszekeverve a talajjal m\u00e9g jobb hat\u00e1st \u00e9rhet\u00fcnk el. A term\u00e9k organikus eredet\u0171.<\/p>\n<\/div>\n<div class=\"elementor-element elementor-element-857caab elementor-widget elementor-widget-heading\" data-id=\"857caab\" data-element_type=\"widget\" data-widget_type=\"heading.default\">\n<div class=\"elementor-widget-container\">\n<h3 class=\"elementor-heading-title elementor-size-default\">Mi\u00e9rt ezt v\u00e1lasszam?<\/h3>\n<\/div>\n<\/div>\n<div class=\"elementor-element elementor-element-94ccfe8 elementor-widget elementor-widget-jet-listing-dynamic-field\" data-id=\"94ccfe8\" data-element_type=\"widget\" data-widget_type=\"jet-listing-dynamic-field.default\">\n<div class=\"elementor-widget-container\">\n<div class=\"jet-listing jet-listing-dynamic-field display-inline\">\n<div class=\"jet-listing-dynamic-field__inline-wrap\">\n<div class=\"jet-listing-dynamic-field__content\">\n<div>1. makro t\u00e1pelemek (NPK) organikus, bio form\u00e1ban<\/div>\n<div>2. t\u00e1panyag felt\u00e1r\u00f3 bakt\u00e9riumok seg\u00edtik a lek\u00f6t\u00f6tt t\u00e1pelemek hozz\u00e1f\u00e9rhet\u0151s\u00e9g\u00e9t<\/div>\n<div>3. mikorrhiz\u00e1val (MikoMax Garden) is egy\u00fctt kijutathat\u00f3<\/div>\n<\/div>\n<div><\/div>\n<\/div>\n<\/div>\n<\/div>\n<\/div>\n<div class=\"elementor-widget-container\">\n<h4><b>\ud83e\uddd0 Mik ezek a bakt\u00e9riumok \u00e9s mi is a szerep\u00fck?<\/b><\/h4>\n<p><b>Bacillus megaterium\u00a0<\/b><\/p>\n<ul>\n<li>a\u0301sva\u0301nyi ko\u0308to\u0308tt foszfor oldhato\u0301va\u0301 te\u0301tele<\/li>\n<li>no\u0308ve\u0301nyi hormonok termele\u0301se<\/li>\n<li>csi\u0301ra\u0301za\u0301s serkente\u0301se<\/li>\n<li>nagyon gyors no\u0308vekede\u0301s e\u0301s o\u0301 adapta\u0301cio\u0301 a ku\u0308lo\u0308nbo\u0308zo\u030b talajokhoz<\/li>\n<li>a leko\u0308to\u0308tt foszfor felolda\u0301sa lu\u0301gos talajon is<\/li>\n<\/ul>\n<p><b>Streptomyces beta-vulgaris\u00a0<\/b><\/p>\n<ul>\n<li>no\u0308ve\u0301nyi hormonok termele\u0301se (jelento\u030bs auxin termelo\u030b ke\u0301pesse\u0301g)<\/li>\n<li>gyo\u0308ke\u0301rrendszer stimula\u0301la\u0301sa<br \/>\na talaj mikrobiolo\u0301giai aktivita\u0301sa\u0301nak serkente\u0301se \u00b7 nagyobb ta\u0301volsa\u0301gra ke\u0301pes no\u0308vekede\u0301s,<\/li>\n<li>i\u0301gy a to\u0308bbi mikroorganizmus kiszori\u0301ta\u0301sa<br \/>\ntalaj vastartalma\u0301nak (Fe) megko\u0308te\u0301se, ka\u0301ros<\/li>\n<li>mikroorganizmusok szaporoda\u0301sa\u0301nak nehezi\u0301te\u0301se<\/li>\n<\/ul>\n<p><b>Burkholderia sp.\u00a0<\/b><\/p>\n<ul>\n<li>gyors no\u0308vekede\u0301s, jo\u0301 adapta\u0301cio\u0301<\/li>\n<li>szerves foszfor felveheto\u030bve\u0301 te\u0301tele<\/li>\n<li>auxin gyo\u0308keresi\u0301to\u030b hormon no\u0308vele\u0301se<\/li>\n<li>sziderofor termele\u0301s (vas elvona\u0301sa a ka\u0301ros mikroorganizmusokto\u0301l)<\/li>\n<li>foszfor mobiliza\u0301cio\u0301ja savas e\u0301s lu\u0301gos talajban is<\/li>\n<\/ul>\n<p><img decoding=\"async\" class=\"emoji\" role=\"img\" draggable=\"false\" src=\"https:\/\/s.w.org\/images\/core\/emoji\/15.0.3\/svg\/1f1ed-1f1fa.svg\" alt=\"\ud83c\udded\ud83c\uddfa\" \/>\u00a0Magyarorsza\u0301gon az elso\u030b bio termeszte\u0301sben is haszna\u0301lhato\u0301 starter mikrogranula\u0301tum, hasznos bakte\u0301rium kiege\u0301szi\u0301te\u0301ssel. Tov\u00e1bb\u00e1 magas foszfor tartalma segi\u0301ti az energiaige\u0301nyes gyo\u0308keresede\u0301st. D\u00f3zis: 15-20 kg\/hekt\u00e1r<\/p>\n<h3><span class=\"style-scope yt-formatted-string\" dir=\"auto\">\ud83d\udc9a\ud83c\udf31\ud83e\udebbBio, termeszte\u0301sben is haszna\u0301lhato\u0301 starter mikrogranula\u0301tum, t\u00f6k\u00e9letes \u00fcltet\u00e9s \u00e9s vetem\u00e9nyez\u00e9sn\u00e9l!<\/span><\/h3>\n<\/div>\n<p style=\"line-height: 18.0pt; background: white; margin: 0cm 0cm 15.0pt 0cm;\"><b><span style=\"font-family: 'Ubuntu',sans-serif; color: black;\">K\u00e9szlet\u00fcnk napi szinten v\u00e1ltozik, ez\u00e9rt k\u00e9rj\u00fck, \u00e9rdekl\u0151dj\u00f6n szem\u00e9lyesen, telefonon vagy email-en.<br \/>\nA v\u00e1ltoztat\u00e1s jog\u00e1t fenntartjuk!\u00a0<\/span><\/b><\/p>\n<p><a href=\"https:\/\/tajkertesz.com\/\">https:\/\/tajkertesz.com\/<\/a><\/p>\n<p><a href=\"https:\/\/www.facebook.com\/tajkertesz\/\">https:\/\/www.facebook.com\/tajkertesz\/<\/a><\/p>\n<p>Kisz\u00e1ll\u00edt\u00e1s: 200cm-ig \u00e9s 40 kg-ig a sz\u00e1ll\u00edt\u00e1s fut\u00e1rszolg\u00e1lattal t\u00f6rt\u00e9nik.<\/p>\n<p>Szem\u00e9lyes \u00e1tv\u00e9tel nyitvatart\u00e1si id\u0151ben a 17. ker\u00fclet Bakancsos utca 7. sz\u00e1m alatti Kert\u00e9szeti \u00e1rud\u00e1nkban.<\/p>\n<p><b><u>Kert\u00e9p\u00edt\u0151k \u00e9s viszontelad\u00f3k regisztr\u00e1l\u00e1s ut\u00e1n egyedi kedvezm\u00e9nnyel v\u00e1s\u00e1rolhatnak kert\u00e9szeti kis-\u00e9s nagykeresked\u00e9s\u00fcnkben.<\/u><\/b><\/p>\n<p>A logisztikai c\u00e9ggel t\u00f6rt\u00e9n\u0151 sz\u00e1ll\u00edt\u00e1s eset\u00e9n a partnereink\u00a0esetleges a\u00a0cs\u00fasz\u00e1sai\u00e9rt nem v\u00e1llalunk felel\u0151ss\u00e9get!<\/p>\n<p><strong>Az \u00e1rak egy darab term\u00e9kre vonatkoznak.<\/strong><\/p>\n<p>&nbsp;<\/p>\n<\/div>\n<div class=\"elementor-element elementor-element-1d1b18f elementor-absolute elementor-hidden-mobile elementor-widget elementor-widget-image\" data-id=\"1d1b18f\" data-element_type=\"widget\" data-settings=\"{&quot;_position&quot;:&quot;absolute&quot;}\" data-widget_type=\"image.default\"><\/div>","protected":false},"excerpt":{"rendered":"<p><b>D\u00f3zis:\u00a0<\/b>15-20 kg\/hekt\u00e1r vagy egy m\u00e9r\u0151kan\u00e1llal \u00fcltet\u0151 g\u00f6dr\u00f6nk\u00e9nt.<\/p>\n<p><b>Mi\u00e9rt Asco Start Bio Bakter?<\/b><\/p>\n<p>Hisz ez Magyarorsza\u0301gon az elso\u030b bio termeszte\u0301sben is haszna\u0301lhato\u0301 starter mikrogranula\u0301tum, hasznos bakte\u0301rium kiege\u0301szi\u0301te\u0301ssel. Tov\u00e1bb\u00e1 magas foszfor tartalma segi\u0301ti az energiaige\u0301nyes gyo\u0308keresede\u0301st.<\/p>\n<p><strong>Haszn\u00e1lati javaslat a kertben:<\/strong><\/p>\n<p>Legjobb a term\u00e9ket egy kan\u00e1llal a n\u00f6v\u00e9ny gy\u00f6kere al\u00e1 tenni, kicsit \u00f6sszekeverve a talajjal m\u00e9g jobb hat\u00e1st \u00e9rhet\u00fcnk el. A term\u00e9k organikus eredet\u0171.<\/p>","protected":false},"featured_media":22423,"template":"","meta":{"_et_pb_use_builder":"","_et_pb_old_content":"","_et_gb_content_width":""},"product_brand":[],"product_cat":[5639],"product_tag":[5645,5646,5644,5647,4104,36],"class_list":{"0":"post-22422","1":"product","2":"type-product","3":"status-publish","4":"has-post-thumbnail","6":"product_cat-danuba-garden-termekek","7":"product_tag-asco-start","8":"product_tag-bio-bakter","9":"product_tag-danuba-garden","10":"product_tag-szervestragya","11":"product_tag-tapanyag","12":"product_tag-tragya","14":"first","15":"outofstock","16":"shipping-taxable","17":"purchasable","18":"product-type-simple"},"yoast_head":"<!-- This site is optimized with the Yoast SEO plugin v27.5 - https:\/\/yoast.com\/product\/yoast-seo-wordpress\/ -->\n<title>Danuba Asco Start Bio Bakter szervestr\u00e1gya 1kg - T\u00e1jkert\u00e9sz<\/title>\n<meta name=\"description\" content=\"Danuba Asco Start Bio Bakter szervestr\u00e1gya 1kg. Magyarorsza\u0301gon az elso\u030b bio termeszte\u0301sben is haszna\u0301lhato\u0301 starter mikrogranula\u0301tum,\" \/>\n<meta name=\"robots\" content=\"index, follow, max-snippet:-1, max-image-preview:large, max-video-preview:-1\" \/>\n<link rel=\"canonical\" href=\"https:\/\/tajkertesz.com\/en_US\/product\/danuba-asco-start-bio-bakter-szervestragya-1kg\/\" \/>\n<meta property=\"og:locale\" content=\"en_US\" \/>\n<meta property=\"og:type\" content=\"article\" \/>\n<meta property=\"og:title\" content=\"Danuba Asco Start Bio Bakter szervestr\u00e1gya 1kg - T\u00e1jkert\u00e9sz\" \/>\n<meta property=\"og:description\" content=\"Danuba Asco Start Bio Bakter szervestr\u00e1gya 1kg. Magyarorsza\u0301gon az elso\u030b bio termeszte\u0301sben is haszna\u0301lhato\u0301 starter mikrogranula\u0301tum,\" \/>\n<meta property=\"og:url\" content=\"https:\/\/tajkertesz.com\/en_US\/product\/danuba-asco-start-bio-bakter-szervestragya-1kg\/\" \/>\n<meta property=\"og:site_name\" content=\"T\u00e1jkert\u00e9sz\" \/>\n<meta property=\"article:publisher\" content=\"https:\/\/www.facebook.com\/Tajkertesz\/\" \/>\n<meta property=\"article:modified_time\" content=\"2025-10-18T12:38:07+00:00\" \/>\n<meta property=\"og:image\" content=\"https:\/\/tajkertesz.com\/wp-content\/uploads\/2025\/02\/Asco_Start_Bio_bakter_1kg_sima-e1736150395405-768x1324-1.webp\" \/>\n\t<meta property=\"og:image:width\" content=\"768\" \/>\n\t<meta property=\"og:image:height\" content=\"1324\" \/>\n\t<meta property=\"og:image:type\" content=\"image\/webp\" \/>\n<meta name=\"twitter:card\" content=\"summary_large_image\" \/>\n<meta name=\"twitter:label1\" content=\"Est. reading time\" \/>\n\t<meta name=\"twitter:data1\" content=\"3 minutes\" \/>\n<script type=\"application\/ld+json\" class=\"yoast-schema-graph\">{\"@context\":\"https:\\\/\\\/schema.org\",\"@graph\":[{\"@type\":\"WebPage\",\"@id\":\"https:\\\/\\\/tajkertesz.com\\\/termek\\\/danuba-asco-start-bio-bakter-szervestragya-1kg\\\/\",\"url\":\"https:\\\/\\\/tajkertesz.com\\\/termek\\\/danuba-asco-start-bio-bakter-szervestragya-1kg\\\/\",\"name\":\"Danuba Asco Start Bio Bakter szervestr\u00e1gya 1kg - T\u00e1jkert\u00e9sz\",\"isPartOf\":{\"@id\":\"https:\\\/\\\/tajkertesz.com\\\/#website\"},\"primaryImageOfPage\":{\"@id\":\"https:\\\/\\\/tajkertesz.com\\\/termek\\\/danuba-asco-start-bio-bakter-szervestragya-1kg\\\/#primaryimage\"},\"image\":{\"@id\":\"https:\\\/\\\/tajkertesz.com\\\/termek\\\/danuba-asco-start-bio-bakter-szervestragya-1kg\\\/#primaryimage\"},\"thumbnailUrl\":\"https:\\\/\\\/tajkertesz.com\\\/wp-content\\\/uploads\\\/2025\\\/02\\\/Asco_Start_Bio_bakter_1kg_sima-e1736150395405-768x1324-1.webp\",\"datePublished\":\"2025-02-12T09:29:07+00:00\",\"dateModified\":\"2025-10-18T12:38:07+00:00\",\"description\":\"Danuba Asco Start Bio Bakter szervestr\u00e1gya 1kg. Magyarorsza\u0301gon az elso\u030b bio termeszte\u0301sben is haszna\u0301lhato\u0301 starter mikrogranula\u0301tum,\",\"breadcrumb\":{\"@id\":\"https:\\\/\\\/tajkertesz.com\\\/termek\\\/danuba-asco-start-bio-bakter-szervestragya-1kg\\\/#breadcrumb\"},\"inLanguage\":\"en-US\",\"potentialAction\":[{\"@type\":\"ReadAction\",\"target\":[\"https:\\\/\\\/tajkertesz.com\\\/termek\\\/danuba-asco-start-bio-bakter-szervestragya-1kg\\\/\"]}]},{\"@type\":\"ImageObject\",\"inLanguage\":\"en-US\",\"@id\":\"https:\\\/\\\/tajkertesz.com\\\/termek\\\/danuba-asco-start-bio-bakter-szervestragya-1kg\\\/#primaryimage\",\"url\":\"https:\\\/\\\/tajkertesz.com\\\/wp-content\\\/uploads\\\/2025\\\/02\\\/Asco_Start_Bio_bakter_1kg_sima-e1736150395405-768x1324-1.webp\",\"contentUrl\":\"https:\\\/\\\/tajkertesz.com\\\/wp-content\\\/uploads\\\/2025\\\/02\\\/Asco_Start_Bio_bakter_1kg_sima-e1736150395405-768x1324-1.webp\",\"width\":768,\"height\":1324,\"caption\":\"Danuba Asco Start Bio Bakter szervestr\u00e1gya 1kg\"},{\"@type\":\"BreadcrumbList\",\"@id\":\"https:\\\/\\\/tajkertesz.com\\\/termek\\\/danuba-asco-start-bio-bakter-szervestragya-1kg\\\/#breadcrumb\",\"itemListElement\":[{\"@type\":\"ListItem\",\"position\":1,\"name\":\"Home\",\"item\":\"https:\\\/\\\/tajkertesz.com\\\/\"},{\"@type\":\"ListItem\",\"position\":2,\"name\":\"Kezd\u0151lap\",\"item\":\"https:\\\/\\\/tajkertesz.com\\\/\"},{\"@type\":\"ListItem\",\"position\":3,\"name\":\"Danuba Asco Start Bio Bakter szervestr\u00e1gya 1kg\"}]},{\"@type\":\"WebSite\",\"@id\":\"https:\\\/\\\/tajkertesz.com\\\/#website\",\"url\":\"https:\\\/\\\/tajkertesz.com\\\/\",\"name\":\"T\u00e1j-Kert\u00e9sz 84 Kft.\",\"description\":\"Kert\u00e9szeti kis- \u00e9s nagykeresked\u00e9s, D\u00edszn\u00f6v\u00e9ny web\u00e1ruh\u00e1z orsz\u00e1gos h\u00e1zhozsz\u00e1ll\u00edt\u00e1ssal!\",\"publisher\":{\"@id\":\"https:\\\/\\\/tajkertesz.com\\\/#organization\"},\"potentialAction\":[{\"@type\":\"SearchAction\",\"target\":{\"@type\":\"EntryPoint\",\"urlTemplate\":\"https:\\\/\\\/tajkertesz.com\\\/?s={search_term_string}\"},\"query-input\":{\"@type\":\"PropertyValueSpecification\",\"valueRequired\":true,\"valueName\":\"search_term_string\"}}],\"inLanguage\":\"en-US\"},{\"@type\":\"Organization\",\"@id\":\"https:\\\/\\\/tajkertesz.com\\\/#organization\",\"name\":\"T\u00e1j-Kert\u00e9sz 84 Kft.\",\"url\":\"https:\\\/\\\/tajkertesz.com\\\/\",\"logo\":{\"@type\":\"ImageObject\",\"inLanguage\":\"en-US\",\"@id\":\"https:\\\/\\\/tajkertesz.com\\\/#\\\/schema\\\/logo\\\/image\\\/\",\"url\":\"https:\\\/\\\/tajkertesz.com\\\/wp-content\\\/uploads\\\/2018\\\/02\\\/logo-2-e1518678052539.png\",\"contentUrl\":\"https:\\\/\\\/tajkertesz.com\\\/wp-content\\\/uploads\\\/2018\\\/02\\\/logo-2-e1518678052539.png\",\"width\":81,\"height\":140,\"caption\":\"T\u00e1j-Kert\u00e9sz 84 Kft.\"},\"image\":{\"@id\":\"https:\\\/\\\/tajkertesz.com\\\/#\\\/schema\\\/logo\\\/image\\\/\"},\"sameAs\":[\"https:\\\/\\\/www.facebook.com\\\/Tajkertesz\\\/\"]}]}<\/script>\n<!-- \/ Yoast SEO plugin. -->","yoast_head_json":{"title":"Danuba Asco Start Bio Bakter szervestr\u00e1gya 1kg - T\u00e1jkert\u00e9sz","description":"Danuba Asco Start Bio Bakter szervestr\u00e1gya 1kg. Magyarorsza\u0301gon az elso\u030b bio termeszte\u0301sben is haszna\u0301lhato\u0301 starter mikrogranula\u0301tum,","robots":{"index":"index","follow":"follow","max-snippet":"max-snippet:-1","max-image-preview":"max-image-preview:large","max-video-preview":"max-video-preview:-1"},"canonical":"https:\/\/tajkertesz.com\/en_US\/product\/danuba-asco-start-bio-bakter-szervestragya-1kg\/","og_locale":"en_US","og_type":"article","og_title":"Danuba Asco Start Bio Bakter szervestr\u00e1gya 1kg - T\u00e1jkert\u00e9sz","og_description":"Danuba Asco Start Bio Bakter szervestr\u00e1gya 1kg. Magyarorsza\u0301gon az elso\u030b bio termeszte\u0301sben is haszna\u0301lhato\u0301 starter mikrogranula\u0301tum,","og_url":"https:\/\/tajkertesz.com\/en_US\/product\/danuba-asco-start-bio-bakter-szervestragya-1kg\/","og_site_name":"T\u00e1jkert\u00e9sz","article_publisher":"https:\/\/www.facebook.com\/Tajkertesz\/","article_modified_time":"2025-10-18T12:38:07+00:00","og_image":[{"width":768,"height":1324,"url":"https:\/\/tajkertesz.com\/wp-content\/uploads\/2025\/02\/Asco_Start_Bio_bakter_1kg_sima-e1736150395405-768x1324-1.webp","type":"image\/webp"}],"twitter_card":"summary_large_image","twitter_misc":{"Est. reading time":"3 minutes"},"schema":{"@context":"https:\/\/schema.org","@graph":[{"@type":"WebPage","@id":"https:\/\/tajkertesz.com\/termek\/danuba-asco-start-bio-bakter-szervestragya-1kg\/","url":"https:\/\/tajkertesz.com\/termek\/danuba-asco-start-bio-bakter-szervestragya-1kg\/","name":"Danuba Asco Start Bio Bakter szervestr\u00e1gya 1kg - T\u00e1jkert\u00e9sz","isPartOf":{"@id":"https:\/\/tajkertesz.com\/#website"},"primaryImageOfPage":{"@id":"https:\/\/tajkertesz.com\/termek\/danuba-asco-start-bio-bakter-szervestragya-1kg\/#primaryimage"},"image":{"@id":"https:\/\/tajkertesz.com\/termek\/danuba-asco-start-bio-bakter-szervestragya-1kg\/#primaryimage"},"thumbnailUrl":"https:\/\/tajkertesz.com\/wp-content\/uploads\/2025\/02\/Asco_Start_Bio_bakter_1kg_sima-e1736150395405-768x1324-1.webp","datePublished":"2025-02-12T09:29:07+00:00","dateModified":"2025-10-18T12:38:07+00:00","description":"Danuba Asco Start Bio Bakter szervestr\u00e1gya 1kg. Magyarorsza\u0301gon az elso\u030b bio termeszte\u0301sben is haszna\u0301lhato\u0301 starter mikrogranula\u0301tum,","breadcrumb":{"@id":"https:\/\/tajkertesz.com\/termek\/danuba-asco-start-bio-bakter-szervestragya-1kg\/#breadcrumb"},"inLanguage":"en-US","potentialAction":[{"@type":"ReadAction","target":["https:\/\/tajkertesz.com\/termek\/danuba-asco-start-bio-bakter-szervestragya-1kg\/"]}]},{"@type":"ImageObject","inLanguage":"en-US","@id":"https:\/\/tajkertesz.com\/termek\/danuba-asco-start-bio-bakter-szervestragya-1kg\/#primaryimage","url":"https:\/\/tajkertesz.com\/wp-content\/uploads\/2025\/02\/Asco_Start_Bio_bakter_1kg_sima-e1736150395405-768x1324-1.webp","contentUrl":"https:\/\/tajkertesz.com\/wp-content\/uploads\/2025\/02\/Asco_Start_Bio_bakter_1kg_sima-e1736150395405-768x1324-1.webp","width":768,"height":1324,"caption":"Danuba Asco Start Bio Bakter szervestr\u00e1gya 1kg"},{"@type":"BreadcrumbList","@id":"https:\/\/tajkertesz.com\/termek\/danuba-asco-start-bio-bakter-szervestragya-1kg\/#breadcrumb","itemListElement":[{"@type":"ListItem","position":1,"name":"Home","item":"https:\/\/tajkertesz.com\/"},{"@type":"ListItem","position":2,"name":"Kezd\u0151lap","item":"https:\/\/tajkertesz.com\/"},{"@type":"ListItem","position":3,"name":"Danuba Asco Start Bio Bakter szervestr\u00e1gya 1kg"}]},{"@type":"WebSite","@id":"https:\/\/tajkertesz.com\/#website","url":"https:\/\/tajkertesz.com\/","name":"T\u00e1j-Kert\u00e9sz 84 Kft.","description":"Kert\u00e9szeti kis- \u00e9s nagykeresked\u00e9s, D\u00edszn\u00f6v\u00e9ny web\u00e1ruh\u00e1z orsz\u00e1gos h\u00e1zhozsz\u00e1ll\u00edt\u00e1ssal!","publisher":{"@id":"https:\/\/tajkertesz.com\/#organization"},"potentialAction":[{"@type":"SearchAction","target":{"@type":"EntryPoint","urlTemplate":"https:\/\/tajkertesz.com\/?s={search_term_string}"},"query-input":{"@type":"PropertyValueSpecification","valueRequired":true,"valueName":"search_term_string"}}],"inLanguage":"en-US"},{"@type":"Organization","@id":"https:\/\/tajkertesz.com\/#organization","name":"T\u00e1j-Kert\u00e9sz 84 Kft.","url":"https:\/\/tajkertesz.com\/","logo":{"@type":"ImageObject","inLanguage":"en-US","@id":"https:\/\/tajkertesz.com\/#\/schema\/logo\/image\/","url":"https:\/\/tajkertesz.com\/wp-content\/uploads\/2018\/02\/logo-2-e1518678052539.png","contentUrl":"https:\/\/tajkertesz.com\/wp-content\/uploads\/2018\/02\/logo-2-e1518678052539.png","width":81,"height":140,"caption":"T\u00e1j-Kert\u00e9sz 84 Kft."},"image":{"@id":"https:\/\/tajkertesz.com\/#\/schema\/logo\/image\/"},"sameAs":["https:\/\/www.facebook.com\/Tajkertesz\/"]}]}},"_links":{"self":[{"href":"https:\/\/tajkertesz.com\/en_US\/wp-json\/wp\/v2\/product\/22422","targetHints":{"allow":["GET"]}}],"collection":[{"href":"https:\/\/tajkertesz.com\/en_US\/wp-json\/wp\/v2\/product"}],"about":[{"href":"https:\/\/tajkertesz.com\/en_US\/wp-json\/wp\/v2\/types\/product"}],"wp:featuredmedia":[{"embeddable":true,"href":"https:\/\/tajkertesz.com\/en_US\/wp-json\/wp\/v2\/media\/22423"}],"wp:attachment":[{"href":"https:\/\/tajkertesz.com\/en_US\/wp-json\/wp\/v2\/media?parent=22422"}],"wp:term":[{"taxonomy":"product_brand","embeddable":true,"href":"https:\/\/tajkertesz.com\/en_US\/wp-json\/wp\/v2\/product_brand?post=22422"},{"taxonomy":"product_cat","embeddable":true,"href":"https:\/\/tajkertesz.com\/en_US\/wp-json\/wp\/v2\/product_cat?post=22422"},{"taxonomy":"product_tag","embeddable":true,"href":"https:\/\/tajkertesz.com\/en_US\/wp-json\/wp\/v2\/product_tag?post=22422"}],"curies":[{"name":"wp","href":"https:\/\/api.w.org\/{rel}","templated":true}]}}