{"id":22424,"date":"2025-02-12T10:01:09","date_gmt":"2025-02-12T10:01:09","guid":{"rendered":"https:\/\/tajkertesz.com\/?post_type=product&#038;p=22424"},"modified":"2025-05-06T07:42:30","modified_gmt":"2025-05-06T07:42:30","slug":"danuba-blackjak-humusz-02l","status":"publish","type":"product","link":"https:\/\/tajkertesz.com\/en_US\/product\/danuba-blackjak-humusz-02l\/","title":{"rendered":"Danuba Blackjak humusz 0,2L."},"content":{"rendered":"<h2>Danuba Blackjak humusz 0,2L.<\/h2>\n<p>Danuba Blackjak humusz 0,2L.<\/p>\n<p><b>D\u00f3zis: 2 dl\/10 liter permetl\u00e9<\/b><\/p>\n<h4><b>Miben seg\u00edt a humusztartalm\u00fa Blackjack?<\/b><\/h4>\n<ol>\n<li>A Blackjak-ben l\u00e9v\u0151 humusz jav\u00edtja a talajmin\u0151s\u00e9get<\/li>\n<li>Seg\u00edti azt, hogy a n\u00f6v\u00e9ny gy\u00f6kere t\u00f6bb vizet \u00e9s t\u00e1panyagot tudjon felvenni<\/li>\n<li>A Blackjak el\u0151nye a t\u00f6bbi humusz term\u00e9kkel szemben, hogy nem l\u00fagos anyaggal pl. n\u00e1trium\/k\u00e1lium hidroxiddal oldj\u00e1k fel, hogy az v\u00edzold\u00e9kony legyen, hanem apr\u00f3 kb. 4 mikronos m\u00e9ret\u0171re apr\u00edtj\u00e1k egy gy\u00e9m\u00e1nt kem\u00e9nys\u00e9g\u0171 k\u00e9sekkel ell\u00e1tott apr\u00edt\u00f3 hengerben<\/li>\n<\/ol>\n<p>A Leonardit a barna \u00e9s fekete sz\u00e9nhez hasonl\u00f3. A b\u00e1ny\u00e1szata is hasonl\u00f3an t\u00f6rt\u00e9nik. J\u00f3 min\u0151s\u00e9g\u0171 Leonardit tal\u00e1lhat\u00f3 az USA-ban, Kanad\u00e1ban \u00e9s Ausztr\u00e1li\u00e1ban is. De, mint ahogy a F\u00f6ld sz\u00e9n k\u00e9szlete is v\u00e9ges, \u00edgy a Leonardit k\u00e9szlet is.<\/p>\n<div class=\"page\" title=\"Page 12\">\n<div class=\"section\">\n<div class=\"layoutArea\">\n<div class=\"column\">\n<h3><strong>Hogyan kell kijuttatni?<\/strong><\/h3>\n<p>A terme\u0301ket 1-2%-os koncentra\u0301cio\u0301ban kell beoldani, vagyis 10 L permetle\u0301be 1-2 dl Blackjak szu\u0308kse\u0301ges. A kezele\u0301st 2-3 hetente e\u0301rdemes megisme\u0301telni. Amennyiben a Blackjak-et leve\u0301lre juttatjuk ki, u\u0301gy sza\u0301moljunk az- zal, hogy azon apro\u0301 fekete po\u0308ttyo\u0308ket ke\u0301pez, melyek ke\u0301so\u030bbb eltu\u030bnnek. Amennyiben szeretne\u0301nk a leromlott talajunkat feljavi\u0301tani, u\u0301gy magasabb do\u0301zist kell kijuttatni, aka\u0301r 1 litert is 10 m2 teru\u0308letre.<\/p>\n<div class=\"elementor-element elementor-element-857caab elementor-widget elementor-widget-heading\" data-id=\"857caab\" data-element_type=\"widget\" data-widget_type=\"heading.default\">\n<h3 class=\"elementor-widget-container\">Mi\u00e9rt ezt v\u00e1lasszam?<\/h3>\n<\/div>\n<div class=\"elementor-element elementor-element-94ccfe8 elementor-widget elementor-widget-jet-listing-dynamic-field\" data-id=\"94ccfe8\" data-element_type=\"widget\" data-widget_type=\"jet-listing-dynamic-field.default\">\n<div class=\"elementor-widget-container\">\n<div class=\"jet-listing jet-listing-dynamic-field display-inline\">\n<div class=\"jet-listing-dynamic-field__inline-wrap\">\n<div class=\"jet-listing-dynamic-field__content\">\n<ol class=\"wp-block-list\">\n<li>\u00c9rdemes megn\u00e9zni, hogy mi a term\u00e9k\u00a0hat\u00f3anyaga. Ha nincs felt\u00fcntetve, az m\u00e1r gyan\u00fas lehet. A legjobb min\u0151s\u00e9g\u0171 humusz term\u00e9keket Leonarditb\u00f3l \u00e1ll\u00edtj\u00e1k el\u0151.\u00a0A Leonardit t\u00f6bb 10 milli\u00f3 \u00e9ve elhalt n\u00f6v\u00e9nyek elszenesed\u00e9s\u00e9b\u0151l j\u00f6tt l\u00e9tre, melyet 10 mikronn\u00e1l kisebb r\u00e9szecsk\u00e9kre \u0151r\u00f6lnek. A\u00a0<a href=\"https:\/\/danubagarden.us8.list-manage.com\/track\/click?u=d80223ada1ef33303d6a8f053&amp;id=90bec47997&amp;e=21a5cf7c86\" target=\"_blank\" rel=\"noreferrer noopener\">Blackjak<\/a>\u00a0100% Leonarditb\u00f3l k\u00e9sz\u00fcl.<\/li>\n<li>Fontos m\u00e9g a humusz term\u00e9k\u00a0pH-ja, hogy savas, l\u00fagos, vagy semleges k\u00e9mhat\u00e1s\u00fa. A szakirodalom szerint a legjobb hat\u00e1st a savas pH-j\u00fa term\u00e9kekt\u0151l v\u00e1rhatjuk,\u00a0mert a n\u00f6v\u00e9nyeknek is jobb, a t\u00e1pelemek is jobban felvehet\u0151k ebben a tartom\u00e1nyban, s\u0151t m\u00e9g m\u00e1s term\u00e9kekkel is jobban keverhet\u0151k.\u00a0A\u00a0<a href=\"https:\/\/danubagarden.us8.list-manage.com\/track\/click?u=d80223ada1ef33303d6a8f053&amp;id=f8a7f3f231&amp;e=21a5cf7c86\" target=\"_blank\" rel=\"noreferrer noopener\">Blackjak<\/a>\u00a0pH-ja 6 alatt van, ami optim\u00e1lis hat\u00e1st biztos\u00edt!<\/li>\n<\/ol>\n<div class=\"page\" title=\"Page 12\">\n<div class=\"section\">\n<div class=\"layoutArea\">\n<div class=\"column\">\n<p><em><strong>Term\u00e9k\u00fcnket a j\u00f3 min\u0151s\u00e9g\u0171 f\u00f6ldekre kijuttatva minim\u00e1lis plusz hat\u00e1st eredm\u00e9nyez, ha nem biztos, hogy sz\u00fcks\u00e9ges-e a Blackjak alkalmaz\u00e1sa \u00e9rdekl\u0151dj\u00f6n kert\u00e9szeti szak\u00e9rt\u0151inkt\u0151l.\u00a0<\/strong><\/em><\/p>\n<h3><strong>Danuba Blackjak humusz 0,2L. ta\u0301rola\u0301sa<\/strong><\/h3>\n<p>5-30 Celsius ko\u0308zo\u0308tt eredeti csomagola\u0301sban legala\u0301bb 36 ho\u0301napig mego\u030brzi a szavatossa\u0301ga\u0301t. Felbonta\u0301s uta\u0301n mihamarabb kijuttatando\u0301, de szorosan visszaza\u0301rva hu\u030bvo\u0308s, fagymentes helyen ta\u0301rolva 6 ho\u0301napig mino\u030bse\u0301gromla\u0301s ne\u0301lku\u0308l felhaszna\u0301lhato\u0301.<\/p>\n<\/div>\n<\/div>\n<\/div>\n<\/div>\n<h3><b>R\u00e9szletes le\u00edr\u00e1s<\/b><\/h3>\n<p>A Blackjak-ben l\u00e9v\u0151 humuszt a n\u00f6v\u00e9ny\u00fcnk gy\u00f6ker\u00e9hez juttatva ott k\u00e9pes jelent\u0151sen megn\u00f6velni a v\u00edz \u00e9s t\u00e1panyag felvehet\u0151s\u00e9get \u00e9s jav\u00edtani a talajmin\u0151s\u00e9get. A kijuttatott Balckjak k\u00e9pes a k\u00f6rnyezet\u00e9ben ide\u00e1lis talaj\u00e1llapotot biztos\u00edtani a kult\u00farn\u00f6v\u00e9ny gy\u00f6ker\u00e9nek m\u00e9g akkor is, ha az egy\u00e9bk\u00e9nt szervesanyaggal, t\u00e1panyaggal rosszul ell\u00e1tott, vagy rossz pH-val rendelkezik! \u00cdgy haszn\u00e1lata rosszabb talajokn\u00e1l szinte k\u00f6telez\u0151!<\/p>\n<h4><strong>\ud83d\udc9a Mire is j\u00f3?<\/strong><\/h4>\n<p>A Blackjakkel lombot \u00e9s talajt is kezelhet 1-2 dl\/10 liter v\u00edz d\u00f3zisban. A k\u00e9sz\u00edtm\u00e9ny fekete sz\u00edn\u0171, ami lombr\u00f3l n\u00e9h\u00e1ny nap alatt elt\u0171nik, de \u00f3vatosan kell kezelni j\u00e1rda, feh\u00e9r fal mellett, mert bizony okozhat elsz\u00ednez\u0151d\u00e9st. A term\u00e9ket haszn\u00e1lat el\u0151tt fel kell r\u00e1zni, mert a palack fal\u00e1ra, alj\u00e1ra \u00fclepszik. Pont emiatt az \u00f6nt\u00f6z\u0151kann\u00e1t vagy permetez\u0151t is j\u00f3 t\u00f6bbsz\u00f6r m\u00e9g ki\u00f6bl\u00edteni, hogy egy csepp term\u00e9k se vesszen k\u00e1rba.<\/p>\n<div class=\"page\" title=\"Page 1\">\n<div class=\"section\">\n<div class=\"layoutArea\">\n<div class=\"column\">\n<h4><strong>\ud83c\udf31 Mit tartalmaz a Blackjak?\u00a0<\/strong><\/h4>\n<\/div>\n<\/div>\n<div class=\"layoutArea\">\n<div class=\"column\">\n<p>Legala\u0301bb 28% szervesanyagot tartalmaz, melynek legala\u0301bb 20%-a terme\u0301szetes humusz ke\u0301pzo\u030b anyagok (Humin, fulvic, ulmik savak e\u0301s huminok).<\/p>\n<p>A Blackjak pH-ja egyedu\u0308like\u0301nt a piacon az optima\u0301lis 4-5 ko\u0308zo\u0308tti, mely sokkal hate\u0301konyabba\u0301 teszi a to\u0308bbi na\u0301trium-\/ka\u0301lium-hid- roxidos (lu\u0301gos) kivono\u0301szert haszna\u0301lo\u0301 terme\u0301kekkel szemben.<\/p>\n<p><strong>A Blackjak ero\u030bs fekete szi\u0301nu\u030b, nagyon jo\u0301l oldo\u0301dik a vi\u0301zben, de a flakont haszna\u0301lat elo\u030btt mindig alaposan fel kell ra\u0301zni, e\u0301s to\u0308bbszo\u0308r kio\u0308bli\u0301teni, mert ez szuszpenzio\u0301 (szila\u0301rd re\u0301szecske\u0301k lebegnek folyade\u0301kban).<\/strong><\/p>\n<div class=\"layoutArea\">\n<div class=\"column\">\n<h4><strong>\ud83c\udf31 Hogyan segi\u0301t a Blackjak a no\u0308ve\u0301nyeknek e\u0301s a talajnak?<\/strong><\/h4>\n<\/div>\n<\/div>\n<div class=\"layoutArea\">\n<div class=\"column\">\n<p>A Blackjak-ben le\u0301vo\u030b humuszt a talajba juttatva ott ke\u0301pes jelento\u030bsen megno\u0308velni a vi\u0301z e\u0301s ta\u0301panyag felveheto\u030bse\u0301get e\u0301s javi\u0301tani a talajmino\u030bse\u0301get. A kijuttatott Blackjak ke\u0301pes a ko\u0308rnyezete\u0301ben idea\u0301lis talaja\u0301llapotot biztosi\u0301tani a no\u0308ve\u0301ny gyo\u0308kere\u0301nek me\u0301g akkor is, ha az egye\u0301bke\u0301nt szervesanyaggal, ta\u0301panyaggal rosszul ella\u0301tott, vagy nem idea\u0301lis pH-val rendelkezik!<\/p>\n<h3><strong>\ud83c\udf33 Blackjak mint biostimul\u00e1ns a lombon!<\/strong><\/h3>\n<p class=\"ql-align-justify\">A Blackjak lombon kiadagolva az al\u00e1bbi el\u0151ny\u00f6kkel j\u00e1r:<\/p>\n<ul>\n<li class=\"ql-align-justify\">a benne l\u00e9v\u0151 kismolekul\u00e1j\u00fa fulvik savak k\u00f6nnyen bejutnak a lev\u00e9lbe. S\u0151t ha m\u00e1s anyagot is adunk hozz\u00e1 pl. lombtr\u00e1gya vagy felsz\u00edv\u00f3d\u00f3 n\u00f6v\u00e9nyv\u00e9d\u0151 szer, akkor annak meggyors\u00edtja a bejut\u00e1s\u00e1t<\/li>\n<li class=\"ql-align-justify\">a Blackjak lombon alkalmazva fokozza a n\u00f6v\u00e9ny t\u00e1panyag felv\u00e9tel\u00e9t. Mivel ez\u00e1ltal megn\u0151 a t\u00e1pelemek koncentr\u00e1ci\u00f3ja a n\u00f6v\u00e9nyben, ez egy sz\u00edv\u00f3 hat\u00e1st fejt ki a talajban l\u00e9v\u0151 v\u00edzre. \u00cdgy beindul egy t\u00e1panyag \u00e9s v\u00edz pumpa a talaj fel\u0151l \u00e9s a n\u00f6v\u00e9nybe! Ez pedig nagyobb n\u00f6v\u00e9nyt\u00f6meget eredm\u00e9nyez<\/li>\n<li class=\"ql-align-justify\">ennek a v\u00edzpumpa hat\u00e1snak az eredm\u00e9nye az intenz\u00edvebb p\u00e1rologtat\u00e1s, ami h\u0171ti a n\u00f6v\u00e9nyt! Ez a p\u00e1r fokos h\u0171t\u00e9s azt eredm\u00e9nyezi, hogy a n\u00f6v\u00e9ny tov\u00e1bb fotoszintetiz\u00e1l \u00e9s \u00e9p\u00edti fel a biomassz\u00e1j\u00e1t<\/li>\n<\/ul>\n<p class=\"ql-align-justify\">Szinte minden forgalomban l\u00e9v\u0151 humusz term\u00e9ke pH-ja 7 feletti. A humusz savak &#8211; ahogy a nev\u00e9ben is benne van &#8211; enyh\u00e9n savas tartom\u00e1nyban hat\u00e9konyak. A Blackjak pH-ja 4-5 k\u00f6z\u00f6tti, ami ide\u00e1lis a hasznosul\u00e1s\u00e1hoz, \u00e9s ugyancsak ide\u00e1lis, ha n\u00f6v\u00e9nyv\u00e9d\u0151 szerekkel egy\u00fctt juttatjuk ki a n\u00f6v\u00e9ny lombfel\u00fclet\u00e9re. A legjobb min\u0151s\u00e9g\u0171 humuszt az amerikai geol\u00f3gus kutat\u00f3j\u00e1r\u00f3l, A. G. Leonard professzorr\u00f3l nevezt\u00e9k el. Ezen Leonardit anyagok t\u00f6bb 10 milli\u00f3 \u00e9v alatt alakulnak ki, \u00e9s a vil\u00e1gon csak nagyon kev\u00e9s helyen b\u00e1ny\u00e1szhat\u00f3ak j\u00f3 min\u0151s\u00e9gben. A Danuba humusz tartalm\u00fa term\u00e9kei mind Leonardit alap\u00faak!<\/p>\n<h2><b>\ud83e\udd14 Tudta?<\/b><\/h2>\n<p>A legjobb min\u0151s\u00e9g\u0171 szervesanyag a talajban a humusz, mely szivacsk\u00e9nt k\u00f6ti meg a t\u00e1panyagokat \u00e9s vizet, valamint \u00e9letteret \u00e9s t\u00e1pl\u00e1l\u00e9kot ad a talaj hasznos bakt\u00e9riumainak \u00e9s gomb\u00e1inak. A legjobb min\u0151s\u00e9g\u0171 humuszt a kutat\u00f3j\u00e1r\u00f3l Leonard professzorr\u00f3l nevezt\u00e9k el. Ezen Leonardit anyagok t\u00f6bb 10 milli\u00f3 \u00e9v alatt alakulnak ki \u00e9s a vil\u00e1gon csak nagyon kev\u00e9s helyen b\u00e1ny\u00e1szhat\u00f3ak.<\/p>\n<h2><strong>\u26a1\ufe0f Mi is az a Leonardit?\u00a0<\/strong><\/h2>\n<div class=\"page\" title=\"Page 1\">\n<div class=\"section\">\n<div class=\"layoutArea\">\n<div class=\"column\">\n<p>A legjobb mino\u030bse\u0301gu\u030b humuszt a kutato\u0301ja\u0301ro\u0301l, Leonard professzorro\u0301l nevezte\u0301k el. Ezen Leonardit anyagok to\u0308bb 10 millio\u0301 e\u0301v alatt alakulnak ki e\u0301s a vila\u0301gon csak nagyon keve\u0301s helyen ba\u0301nya\u0301szhato\u0301ak.<\/p>\n<p>A Danuba humusz tartalmu\u0301 terme\u0301kei mind Leonardit alapu\u0301ak!<\/p>\n<p style=\"line-height: 18.0pt; background: white; margin: 0cm 0cm 15.0pt 0cm;\"><b><span style=\"font-family: 'Ubuntu',sans-serif; color: black;\">K\u00e9szlet\u00fcnk napi szinten v\u00e1ltozik, ez\u00e9rt k\u00e9rj\u00fck, \u00e9rdekl\u0151dj\u00f6n szem\u00e9lyesen, telefonon vagy email-en.<br \/>\nA v\u00e1ltoztat\u00e1s jog\u00e1t fenntartjuk!\u00a0<\/span><\/b><\/p>\n<p><a href=\"https:\/\/tajkertesz.com\/\">https:\/\/tajkertesz.com\/<\/a><\/p>\n<p><a href=\"https:\/\/www.facebook.com\/tajkertesz\/\">https:\/\/www.facebook.com\/tajkertesz\/<\/a><\/p>\n<p>Kisz\u00e1ll\u00edt\u00e1s: 200cm-ig \u00e9s 40 kg-ig a sz\u00e1ll\u00edt\u00e1s fut\u00e1rszolg\u00e1lattal t\u00f6rt\u00e9nik.<\/p>\n<p>Szem\u00e9lyes \u00e1tv\u00e9tel nyitvatart\u00e1si id\u0151ben a 17. ker\u00fclet Bakancsos utca 7. sz\u00e1m alatti Kert\u00e9szeti \u00e1rud\u00e1nkban.<\/p>\n<p><b><u>Kert\u00e9p\u00edt\u0151k \u00e9s viszontelad\u00f3k regisztr\u00e1l\u00e1s ut\u00e1n egyedi kedvezm\u00e9nnyel v\u00e1s\u00e1rolhatnak kert\u00e9szeti kis-\u00e9s nagykeresked\u00e9s\u00fcnkben.<\/u><\/b><\/p>\n<\/div>\n<\/div>\n<\/div>\n<\/div>\n<\/div>\n<\/div>\n<p>&nbsp;<\/p>\n<\/div>\n<\/div>\n<\/div>\n<\/div>\n<\/div>\n<\/div>\n<\/div>\n<\/div>\n<\/div>\n<\/div>\n<\/div>\n<\/div>\n<\/div>","protected":false},"excerpt":{"rendered":"<p><b>D\u00f3zis: 2 dl\/10 liter permetl\u00e9<\/b><\/p>\n<p><b>Miben seg\u00edt a humusztartalm\u00fa Blackjack?<\/b><\/p>\n<ol>\n<li>A Blackjak-ben l\u00e9v\u0151 humusz jav\u00edtja a talajmin\u0151s\u00e9get<\/li>\n<li>Seg\u00edti azt, hogy a n\u00f6v\u00e9ny gy\u00f6kere t\u00f6bb vizet \u00e9s t\u00e1panyagot tudjon felvenni<\/li>\n<li>A Blackjak el\u0151nye a t\u00f6bbi humusz term\u00e9kkel szemben, hogy nem l\u00fagos anyaggal pl. n\u00e1trium\/k\u00e1lium hidroxiddal oldj\u00e1k fel, hogy az v\u00edzold\u00e9kony legyen, hanem apr\u00f3 kb. 4 mikronos m\u00e9ret\u0171re apr\u00edtj\u00e1k egy gy\u00e9m\u00e1nt kem\u00e9nys\u00e9g\u0171 k\u00e9sekkel ell\u00e1tott apr\u00edt\u00f3 hengerben<\/li>\n<\/ol>\n<p>A Leonardit a barna \u00e9s fekete sz\u00e9nhez hasonl\u00f3. A b\u00e1ny\u00e1szata is hasonl\u00f3an t\u00f6rt\u00e9nik. J\u00f3 min\u0151s\u00e9g\u0171 Leonardit tal\u00e1lhat\u00f3 az USA-ban, Kanad\u00e1ban \u00e9s Ausztr\u00e1li\u00e1ban is. De, mint ahogy a F\u00f6ld sz\u00e9n k\u00e9szlete is v\u00e9ges, \u00edgy a Leonardit k\u00e9szlet is.<\/p>\n<div class=\"page\" title=\"Page 12\">\n<div class=\"section\">\n<div class=\"layoutArea\">\n<div class=\"column\">\n<p><strong>Hogyan kell kijuttatni?<\/strong><\/p>\n<p>A terme\u0301ket 1-2%-os koncentra\u0301cio\u0301ban kell beoldani, vagyis 10 L permetle\u0301be 1-2 dl Blackjak szu\u0308kse\u0301ges. A kezele\u0301st 2-3 hetente e\u0301rdemes megisme\u0301telni. Amennyiben a Blackjak-et leve\u0301lre juttatjuk ki, u\u0301gy sza\u0301moljunk az- zal, hogy azon apro\u0301 fekete po\u0308ttyo\u0308ket ke\u0301pez, melyek ke\u0301so\u030bbb eltu\u030bnnek. Amennyiben szeretne\u0301nk a leromlott talajunkat feljavi\u0301tani, u\u0301gy magasabb do\u0301zist kell kijuttatni, aka\u0301r 1 litert is 10 m2 teru\u0308letre.<\/p>\n<\/div>\n<\/div>\n<\/div>\n<\/div>","protected":false},"featured_media":22425,"template":"","meta":{"_et_pb_use_builder":"","_et_pb_old_content":"","_et_gb_content_width":""},"product_brand":[],"product_cat":[5639],"product_tag":[5648,5640,5264],"class_list":{"0":"post-22424","1":"product","2":"type-product","3":"status-publish","4":"has-post-thumbnail","6":"product_cat-danuba-garden-termekek","7":"product_tag-blackjak","8":"product_tag-danuba","9":"product_tag-humusz","11":"first","12":"instock","13":"shipping-taxable","14":"purchasable","15":"product-type-simple"},"yoast_head":"<!-- This site is optimized with the Yoast SEO plugin v27.4 - https:\/\/yoast.com\/product\/yoast-seo-wordpress\/ -->\n<title>Danuba Blackjak humusz 0,2L. - T\u00e1jkert\u00e9sz<\/title>\n<meta name=\"description\" content=\"Danuba Blackjak humusz. A talajba juttatva ke\u0301pes jelento\u030bsen megno\u0308velni a vi\u0301z e\u0301s ta\u0301panyag felveheto\u030bse\u0301get, javi\u0301tani a talajmino\u030bse\u0301get.\" \/>\n<meta name=\"robots\" content=\"index, follow, max-snippet:-1, max-image-preview:large, max-video-preview:-1\" \/>\n<link rel=\"canonical\" href=\"https:\/\/tajkertesz.com\/en_US\/product\/danuba-blackjak-humusz-02l\/\" \/>\n<meta property=\"og:locale\" content=\"en_US\" \/>\n<meta property=\"og:type\" content=\"article\" \/>\n<meta property=\"og:title\" content=\"Danuba Blackjak humusz 0,2L. - T\u00e1jkert\u00e9sz\" \/>\n<meta property=\"og:description\" content=\"Danuba Blackjak humusz. A talajba juttatva ke\u0301pes jelento\u030bsen megno\u0308velni a vi\u0301z e\u0301s ta\u0301panyag felveheto\u030bse\u0301get, javi\u0301tani a talajmino\u030bse\u0301get.\" \/>\n<meta property=\"og:url\" content=\"https:\/\/tajkertesz.com\/en_US\/product\/danuba-blackjak-humusz-02l\/\" \/>\n<meta property=\"og:site_name\" content=\"T\u00e1jkert\u00e9sz\" \/>\n<meta property=\"article:publisher\" content=\"https:\/\/www.facebook.com\/Tajkertesz\/\" \/>\n<meta property=\"article:modified_time\" content=\"2025-05-06T07:42:30+00:00\" \/>\n<meta property=\"og:image\" content=\"https:\/\/tajkertesz.com\/wp-content\/uploads\/2025\/02\/blackjak_1L-1.webp\" \/>\n\t<meta property=\"og:image:width\" content=\"763\" \/>\n\t<meta property=\"og:image:height\" content=\"2048\" \/>\n\t<meta property=\"og:image:type\" content=\"image\/webp\" \/>\n<meta name=\"twitter:card\" content=\"summary_large_image\" \/>\n<meta name=\"twitter:label1\" content=\"Est. reading time\" \/>\n\t<meta name=\"twitter:data1\" content=\"6 minutes\" \/>\n<script type=\"application\/ld+json\" class=\"yoast-schema-graph\">{\"@context\":\"https:\\\/\\\/schema.org\",\"@graph\":[{\"@type\":\"WebPage\",\"@id\":\"https:\\\/\\\/tajkertesz.com\\\/termek\\\/danuba-blackjak-humusz-02l\\\/\",\"url\":\"https:\\\/\\\/tajkertesz.com\\\/termek\\\/danuba-blackjak-humusz-02l\\\/\",\"name\":\"Danuba Blackjak humusz 0,2L. - T\u00e1jkert\u00e9sz\",\"isPartOf\":{\"@id\":\"https:\\\/\\\/tajkertesz.com\\\/#website\"},\"primaryImageOfPage\":{\"@id\":\"https:\\\/\\\/tajkertesz.com\\\/termek\\\/danuba-blackjak-humusz-02l\\\/#primaryimage\"},\"image\":{\"@id\":\"https:\\\/\\\/tajkertesz.com\\\/termek\\\/danuba-blackjak-humusz-02l\\\/#primaryimage\"},\"thumbnailUrl\":\"https:\\\/\\\/tajkertesz.com\\\/wp-content\\\/uploads\\\/2025\\\/02\\\/blackjak_1L-1.webp\",\"datePublished\":\"2025-02-12T10:01:09+00:00\",\"dateModified\":\"2025-05-06T07:42:30+00:00\",\"description\":\"Danuba Blackjak humusz. A talajba juttatva ke\u0301pes jelento\u030bsen megno\u0308velni a vi\u0301z e\u0301s ta\u0301panyag felveheto\u030bse\u0301get, javi\u0301tani a talajmino\u030bse\u0301get.\",\"breadcrumb\":{\"@id\":\"https:\\\/\\\/tajkertesz.com\\\/termek\\\/danuba-blackjak-humusz-02l\\\/#breadcrumb\"},\"inLanguage\":\"en-US\",\"potentialAction\":[{\"@type\":\"ReadAction\",\"target\":[\"https:\\\/\\\/tajkertesz.com\\\/termek\\\/danuba-blackjak-humusz-02l\\\/\"]}]},{\"@type\":\"ImageObject\",\"inLanguage\":\"en-US\",\"@id\":\"https:\\\/\\\/tajkertesz.com\\\/termek\\\/danuba-blackjak-humusz-02l\\\/#primaryimage\",\"url\":\"https:\\\/\\\/tajkertesz.com\\\/wp-content\\\/uploads\\\/2025\\\/02\\\/blackjak_1L-1.webp\",\"contentUrl\":\"https:\\\/\\\/tajkertesz.com\\\/wp-content\\\/uploads\\\/2025\\\/02\\\/blackjak_1L-1.webp\",\"width\":763,\"height\":2048,\"caption\":\"Danuba Blackjak humusz 0,2L.\"},{\"@type\":\"BreadcrumbList\",\"@id\":\"https:\\\/\\\/tajkertesz.com\\\/termek\\\/danuba-blackjak-humusz-02l\\\/#breadcrumb\",\"itemListElement\":[{\"@type\":\"ListItem\",\"position\":1,\"name\":\"Home\",\"item\":\"https:\\\/\\\/tajkertesz.com\\\/\"},{\"@type\":\"ListItem\",\"position\":2,\"name\":\"Kezd\u0151lap\",\"item\":\"https:\\\/\\\/tajkertesz.com\\\/\"},{\"@type\":\"ListItem\",\"position\":3,\"name\":\"Danuba Blackjak humusz 0,2L.\"}]},{\"@type\":\"WebSite\",\"@id\":\"https:\\\/\\\/tajkertesz.com\\\/#website\",\"url\":\"https:\\\/\\\/tajkertesz.com\\\/\",\"name\":\"T\u00e1j-Kert\u00e9sz 84 Kft.\",\"description\":\"Kert\u00e9szeti kis- \u00e9s nagykeresked\u00e9s, D\u00edszn\u00f6v\u00e9ny web\u00e1ruh\u00e1z orsz\u00e1gos h\u00e1zhozsz\u00e1ll\u00edt\u00e1ssal!\",\"publisher\":{\"@id\":\"https:\\\/\\\/tajkertesz.com\\\/#organization\"},\"potentialAction\":[{\"@type\":\"SearchAction\",\"target\":{\"@type\":\"EntryPoint\",\"urlTemplate\":\"https:\\\/\\\/tajkertesz.com\\\/?s={search_term_string}\"},\"query-input\":{\"@type\":\"PropertyValueSpecification\",\"valueRequired\":true,\"valueName\":\"search_term_string\"}}],\"inLanguage\":\"en-US\"},{\"@type\":\"Organization\",\"@id\":\"https:\\\/\\\/tajkertesz.com\\\/#organization\",\"name\":\"T\u00e1j-Kert\u00e9sz 84 Kft.\",\"url\":\"https:\\\/\\\/tajkertesz.com\\\/\",\"logo\":{\"@type\":\"ImageObject\",\"inLanguage\":\"en-US\",\"@id\":\"https:\\\/\\\/tajkertesz.com\\\/#\\\/schema\\\/logo\\\/image\\\/\",\"url\":\"https:\\\/\\\/tajkertesz.com\\\/wp-content\\\/uploads\\\/2018\\\/02\\\/logo-2-e1518678052539.png\",\"contentUrl\":\"https:\\\/\\\/tajkertesz.com\\\/wp-content\\\/uploads\\\/2018\\\/02\\\/logo-2-e1518678052539.png\",\"width\":81,\"height\":140,\"caption\":\"T\u00e1j-Kert\u00e9sz 84 Kft.\"},\"image\":{\"@id\":\"https:\\\/\\\/tajkertesz.com\\\/#\\\/schema\\\/logo\\\/image\\\/\"},\"sameAs\":[\"https:\\\/\\\/www.facebook.com\\\/Tajkertesz\\\/\"]}]}<\/script>\n<!-- \/ Yoast SEO plugin. -->","yoast_head_json":{"title":"Danuba Blackjak humusz 0,2L. - T\u00e1jkert\u00e9sz","description":"Danuba Blackjak humusz. A talajba juttatva ke\u0301pes jelento\u030bsen megno\u0308velni a vi\u0301z e\u0301s ta\u0301panyag felveheto\u030bse\u0301get, javi\u0301tani a talajmino\u030bse\u0301get.","robots":{"index":"index","follow":"follow","max-snippet":"max-snippet:-1","max-image-preview":"max-image-preview:large","max-video-preview":"max-video-preview:-1"},"canonical":"https:\/\/tajkertesz.com\/en_US\/product\/danuba-blackjak-humusz-02l\/","og_locale":"en_US","og_type":"article","og_title":"Danuba Blackjak humusz 0,2L. - T\u00e1jkert\u00e9sz","og_description":"Danuba Blackjak humusz. A talajba juttatva ke\u0301pes jelento\u030bsen megno\u0308velni a vi\u0301z e\u0301s ta\u0301panyag felveheto\u030bse\u0301get, javi\u0301tani a talajmino\u030bse\u0301get.","og_url":"https:\/\/tajkertesz.com\/en_US\/product\/danuba-blackjak-humusz-02l\/","og_site_name":"T\u00e1jkert\u00e9sz","article_publisher":"https:\/\/www.facebook.com\/Tajkertesz\/","article_modified_time":"2025-05-06T07:42:30+00:00","og_image":[{"width":763,"height":2048,"url":"https:\/\/tajkertesz.com\/wp-content\/uploads\/2025\/02\/blackjak_1L-1.webp","type":"image\/webp"}],"twitter_card":"summary_large_image","twitter_misc":{"Est. reading time":"6 minutes"},"schema":{"@context":"https:\/\/schema.org","@graph":[{"@type":"WebPage","@id":"https:\/\/tajkertesz.com\/termek\/danuba-blackjak-humusz-02l\/","url":"https:\/\/tajkertesz.com\/termek\/danuba-blackjak-humusz-02l\/","name":"Danuba Blackjak humusz 0,2L. - T\u00e1jkert\u00e9sz","isPartOf":{"@id":"https:\/\/tajkertesz.com\/#website"},"primaryImageOfPage":{"@id":"https:\/\/tajkertesz.com\/termek\/danuba-blackjak-humusz-02l\/#primaryimage"},"image":{"@id":"https:\/\/tajkertesz.com\/termek\/danuba-blackjak-humusz-02l\/#primaryimage"},"thumbnailUrl":"https:\/\/tajkertesz.com\/wp-content\/uploads\/2025\/02\/blackjak_1L-1.webp","datePublished":"2025-02-12T10:01:09+00:00","dateModified":"2025-05-06T07:42:30+00:00","description":"Danuba Blackjak humusz. A talajba juttatva ke\u0301pes jelento\u030bsen megno\u0308velni a vi\u0301z e\u0301s ta\u0301panyag felveheto\u030bse\u0301get, javi\u0301tani a talajmino\u030bse\u0301get.","breadcrumb":{"@id":"https:\/\/tajkertesz.com\/termek\/danuba-blackjak-humusz-02l\/#breadcrumb"},"inLanguage":"en-US","potentialAction":[{"@type":"ReadAction","target":["https:\/\/tajkertesz.com\/termek\/danuba-blackjak-humusz-02l\/"]}]},{"@type":"ImageObject","inLanguage":"en-US","@id":"https:\/\/tajkertesz.com\/termek\/danuba-blackjak-humusz-02l\/#primaryimage","url":"https:\/\/tajkertesz.com\/wp-content\/uploads\/2025\/02\/blackjak_1L-1.webp","contentUrl":"https:\/\/tajkertesz.com\/wp-content\/uploads\/2025\/02\/blackjak_1L-1.webp","width":763,"height":2048,"caption":"Danuba Blackjak humusz 0,2L."},{"@type":"BreadcrumbList","@id":"https:\/\/tajkertesz.com\/termek\/danuba-blackjak-humusz-02l\/#breadcrumb","itemListElement":[{"@type":"ListItem","position":1,"name":"Home","item":"https:\/\/tajkertesz.com\/"},{"@type":"ListItem","position":2,"name":"Kezd\u0151lap","item":"https:\/\/tajkertesz.com\/"},{"@type":"ListItem","position":3,"name":"Danuba Blackjak humusz 0,2L."}]},{"@type":"WebSite","@id":"https:\/\/tajkertesz.com\/#website","url":"https:\/\/tajkertesz.com\/","name":"T\u00e1j-Kert\u00e9sz 84 Kft.","description":"Kert\u00e9szeti kis- \u00e9s nagykeresked\u00e9s, D\u00edszn\u00f6v\u00e9ny web\u00e1ruh\u00e1z orsz\u00e1gos h\u00e1zhozsz\u00e1ll\u00edt\u00e1ssal!","publisher":{"@id":"https:\/\/tajkertesz.com\/#organization"},"potentialAction":[{"@type":"SearchAction","target":{"@type":"EntryPoint","urlTemplate":"https:\/\/tajkertesz.com\/?s={search_term_string}"},"query-input":{"@type":"PropertyValueSpecification","valueRequired":true,"valueName":"search_term_string"}}],"inLanguage":"en-US"},{"@type":"Organization","@id":"https:\/\/tajkertesz.com\/#organization","name":"T\u00e1j-Kert\u00e9sz 84 Kft.","url":"https:\/\/tajkertesz.com\/","logo":{"@type":"ImageObject","inLanguage":"en-US","@id":"https:\/\/tajkertesz.com\/#\/schema\/logo\/image\/","url":"https:\/\/tajkertesz.com\/wp-content\/uploads\/2018\/02\/logo-2-e1518678052539.png","contentUrl":"https:\/\/tajkertesz.com\/wp-content\/uploads\/2018\/02\/logo-2-e1518678052539.png","width":81,"height":140,"caption":"T\u00e1j-Kert\u00e9sz 84 Kft."},"image":{"@id":"https:\/\/tajkertesz.com\/#\/schema\/logo\/image\/"},"sameAs":["https:\/\/www.facebook.com\/Tajkertesz\/"]}]}},"_links":{"self":[{"href":"https:\/\/tajkertesz.com\/en_US\/wp-json\/wp\/v2\/product\/22424","targetHints":{"allow":["GET"]}}],"collection":[{"href":"https:\/\/tajkertesz.com\/en_US\/wp-json\/wp\/v2\/product"}],"about":[{"href":"https:\/\/tajkertesz.com\/en_US\/wp-json\/wp\/v2\/types\/product"}],"wp:featuredmedia":[{"embeddable":true,"href":"https:\/\/tajkertesz.com\/en_US\/wp-json\/wp\/v2\/media\/22425"}],"wp:attachment":[{"href":"https:\/\/tajkertesz.com\/en_US\/wp-json\/wp\/v2\/media?parent=22424"}],"wp:term":[{"taxonomy":"product_brand","embeddable":true,"href":"https:\/\/tajkertesz.com\/en_US\/wp-json\/wp\/v2\/product_brand?post=22424"},{"taxonomy":"product_cat","embeddable":true,"href":"https:\/\/tajkertesz.com\/en_US\/wp-json\/wp\/v2\/product_cat?post=22424"},{"taxonomy":"product_tag","embeddable":true,"href":"https:\/\/tajkertesz.com\/en_US\/wp-json\/wp\/v2\/product_tag?post=22424"}],"curies":[{"name":"wp","href":"https:\/\/api.w.org\/{rel}","templated":true}]}}