{"id":22435,"date":"2025-02-12T13:45:43","date_gmt":"2025-02-12T13:45:43","guid":{"rendered":"https:\/\/tajkertesz.com\/?post_type=product&#038;p=22435"},"modified":"2025-05-06T07:57:35","modified_gmt":"2025-05-06T07:57:35","slug":"danuba-vital-bio-lombtragya-1l","status":"publish","type":"product","link":"https:\/\/tajkertesz.com\/en_US\/product\/danuba-vital-bio-lombtragya-1l\/","title":{"rendered":"Danuba Vital BIO+ lombtr\u00e1gya 1L."},"content":{"rendered":"<h1 class=\"elementor-heading-title elementor-size-default\">Danuba Vital BIO+ lombtr\u00e1gya 1L.<\/h1>\n<p>Danuba Vital BIO+ lombtr\u00e1gya 1L.<\/p>\n<div class=\"elementor-element elementor-element-857caab elementor-widget elementor-widget-heading\" data-id=\"857caab\" data-element_type=\"widget\" data-widget_type=\"heading.default\">\n<div class=\"elementor-widget-container\">\n<h3 class=\"elementor-heading-title elementor-size-default\">Mi\u00e9rt ezt v\u00e1lasszam?<\/h3>\n<\/div>\n<\/div>\n<div class=\"elementor-element elementor-element-94ccfe8 elementor-widget elementor-widget-jet-listing-dynamic-field\" data-id=\"94ccfe8\" data-element_type=\"widget\" data-widget_type=\"jet-listing-dynamic-field.default\">\n<div class=\"elementor-widget-container\">\n<div class=\"jet-listing jet-listing-dynamic-field display-inline\">\n<div class=\"jet-listing-dynamic-field__inline-wrap\">\n<div class=\"jet-listing-dynamic-field__content\">\n<ol class=\"wp-block-list\">\n<li>A piacon l\u00e9v\u0151 lombtr\u00e1gy\u00e1k t\u00f6bb, mint 90%-a nem organikus, hanem vegyi alapanyagokb\u00f3l k\u00e9sz\u00fclt. Csak nagyon kev\u00e9sbe tesznek\u00a0organikus eredet\u0171\u00a0alapanyagokat, mint pl. a n\u00f6v\u00e9nyi aminosavak, halcsont, vagy melasz.<\/li>\n<li>A n\u00f6v\u00e9nyek sz\u00e1m\u00e1ra a legmagasabb mennyis\u00e9gben sz\u00fcks\u00e9ges t\u00e1pelem, amit p\u00f3tolni sz\u00fcks\u00e9ges az a\u00a0nitrog\u00e9n. A\u00a0DanuVital Bio+-ban l\u00e9v\u0151 40 g\/l nitrog\u00e9n tartalom az egyik \u2013 ha nem a \u2013 legmagasabb a piacon.<\/li>\n<li>\u00d6sszes hat\u00f3anyagtartalom: javasolt n\u00e9zni a lombtr\u00e1gy\u00e1k c\u00edmk\u00e9j\u00e9t \u00e9s 100 g\/liter \u00f6sszes (vagyis N+K+P+ mezo \u00e9s mikroelemek) hat\u00f3anyag tartalom alatt ne vegy\u00fcnk term\u00e9ket, mert ott nagyr\u00e9szt csak a vizet \u00e9s a flakon fizetj\u00fck ki.<\/li>\n<\/ol>\n<div class=\"page\" title=\"Page 6\">\n<div class=\"section\">\n<div class=\"layoutArea\">\n<div class=\"column\">\n<h3><strong>Ta\u0301rola\u0301sa<\/strong><\/h3>\n<p>5-30 Celsius ko\u0308zo\u0308tt eredeti csomagola\u0301sban legala\u0301bb 36 ho\u0301napig mego\u030brzi a szavatossa\u0301ga\u0301t. Felbonta\u0301s uta\u0301n mihamarabb kijuttatando\u0301, de szorosan visszaza\u0301rva hu\u030bvo\u0308s, fagymentes helyen ta\u0301rolva 6 ho\u0301napig mino\u030bse\u0301gromla\u0301s ne\u0301lku\u0308l felhaszna\u0301lhato\u0301.<\/p>\n<\/div>\n<\/div>\n<\/div>\n<\/div>\n<h3>\ud83e\udd59\u00a0<strong>B\u0151vebben a t\u00e1pelemekr\u0151l!<\/strong><\/h3>\n<p>A DanuVital BIO+ egy olyan lombtr\u00e1gya a n\u00f6v\u00e9nyek sz\u00e1m\u00e1ra, mely 100%-ban organikus, valamint az \u00f6sszes fontos (11 f\u00e9le) t\u00e1pelemet tartalmazza a n\u00f6v\u00e9ny sz\u00e1m\u00e1ra. Ezek a t\u00e1pelemek, mikroelemek a: \u00a0N, P, K, Mg, S, Ca, Fe, B, Mn, Mo, Zn.<\/p>\n<p>A DanuVital Bio 10 f\u00e9le t\u00e1peleme \u00fagy lett megalkotva, hogy egy eg\u00e9szs\u00e9ges n\u00f6v\u00e9ny nedv\u00e9nek az optim\u00e1lis ar\u00e1ny\u00e1t vett\u00e9k figyelembe. A term\u00e9kben l\u00e9v\u0151 makro \u00e9s mezo t\u00e1pelemek (NPK + Mg+Ca +S) 6-szoros mennyis\u00e9gben vannak, m\u00edg a mikroelemek 2-szeres koncentr\u00e1ci\u00f3ban. Ezzel lehet hat\u00e9konyan bes\u0171r\u00edteni a n\u00f6v\u00e9nyi nedvek koncentr\u00e1ci\u00f3j\u00e1t, ami elind\u00edt egy v\u00edz \u00e9s t\u00e1panyag pump\u00e1t a gy\u00f6kerek fel\u0151l!<\/p>\n<p>&nbsp;<\/p>\n<p><a href=\"https:\/\/danubagarden.hu\/wp-content\/uploads\/Kepernyofoto-2024-06-11-11.49.49.png\"><img loading=\"lazy\" decoding=\"async\" class=\"aligncenter wp-image-6103 size-full\" src=\"https:\/\/danubagarden.hu\/wp-content\/uploads\/Kepernyofoto-2024-06-11-11.49.49.png\" alt=\"Danu-vital-bio-\u00f6sszet\u00e9tel\" width=\"1446\" height=\"124\" \/><\/a><\/p>\n<p>&nbsp;<\/p>\n<p>Miben seg\u00edt a DanuVital BIO+? Intenz\u00edv n\u00f6veked\u00e9s id\u0151szak\u00e1ban seg\u00edti a n\u00f6v\u00e9nyt, biztos\u00edtva annak folyamatos fejl\u0151d\u00e9s\u00e9t.<\/p>\n<p>Ugyan \u00fagy ahogy az embern\u00e9l, egy eg\u00e9szs\u00e9ges n\u00f6v\u00e9ny is ellen\u00e1ll\u00f3bb a betegs\u00e9gekkel szemben. Mint ahogy az oroszl\u00e1n is a gn\u00fa csorda v\u00e9g\u00e9n cammog\u00f3 egyedet kapja el, \u00fagy a betegs\u00e9gek is a legyeng\u00fclt n\u00f6v\u00e9nyt beteg\u00edtik meg els\u0151nek.<\/p>\n<div class=\"page\" title=\"Page 13\">\n<div class=\"section\">\n<div class=\"layoutArea\">\n<div class=\"column\">\n<h3><strong>\u2728 Hogyan hat?<\/strong><\/h3>\n<p>A DanuVital Bio+ leve\u0301lre permeteze\u0301se uta\u0301n ne\u0301ha\u0301ny o\u0301ra\u0301val bejut a no\u0308ve\u0301nybe, majd kb. 2-3 he\u0301tig ta\u0301pla\u0301lja. A DanuVital BIO-nak h\u00e1la, a kiegyensu\u0301lyozott ta\u0301panyagella\u0301ta\u0301s biztos\u00edtott \u00a0a no\u0308ve\u0301ny sz\u00e1m\u00e1ra, e\u0301s fokozza annak ellena\u0301llo\u0301ke\u0301pesse\u0301ge\u0301t.<\/p>\n<\/div>\n<\/div>\n<\/div>\n<\/div>\n<div class=\"page\" title=\"Page 13\">\n<div class=\"section\">\n<div class=\"layoutArea\">\n<h3><strong>\ud83c\udf31 Kieg\u00e9sz\u00edt\u0151 term\u00e9kek alkalmaz\u00e1sa:<\/strong><\/h3>\n<ol>\n<li>Els\u0151 l\u00e9p\u00e9s: Tricho Immun kijuttat\u00e1sa<br \/>\nAlkalmazd el\u0151sz\u00f6r a Tricho Immun term\u00e9ket. Ennek sz\u00fcks\u00e9ge van n\u00e9h\u00e1ny \u00f3r\u00e1ra, hogy bejusson a n\u00f6v\u00e9nybe, \u00e9s n\u00e9h\u00e1ny h\u00e9tre, hogy teljesen elterjedjen \u00e9s megkezdje a n\u00f6v\u00e9ny bels\u0151 v\u00e9delm\u00e9t \u00e9s er\u0151s\u00edt\u00e9s\u00e9t.<\/li>\n<li>Els\u0151 l\u00e9p\u00e9s kieg\u00e9sz\u00edt\u00e9se: Asco Alga hozz\u00e1ad\u00e1sa<br \/>\nA Tricho Immun alkalmaz\u00e1sa mellett az Asco Alga term\u00e9ket is kijuttathatod, amely j\u00f3l kieg\u00e9sz\u00edti a Tricho Immun hat\u00e1s\u00e1t.<\/li>\n<li>M\u00e1sodik l\u00e9p\u00e9s: SoftGuard \u00e9s DanuVital Bio kijuttat\u00e1sa egy h\u00e9ttel k\u00e9s\u0151bb<br \/>\nEgy h\u00e9t eltelt\u00e9vel kipermetezheted a SoftGuard term\u00e9ket egy\u00fctt a DanuVital Bio-val. Fontos, hogy ez csak a Tricho Immun \u00e9s az Asco Alga alkalmaz\u00e1sa ut\u00e1n t\u00f6rt\u00e9njen, hogy elker\u00fcld a k\u00e1ros k\u00f6lcs\u00f6nhat\u00e1sokat.<\/li>\n<li>Ism\u00e9tl\u0151d\u0151 kezel\u00e9sek: SoftGuard kombin\u00e1ci\u00f3k 2-3 hetente<br \/>\nA kezel\u00e9si ciklusokat 2-3 hetente ism\u00e9telheted, v\u00e1ltogatva a SoftGuard + Asco Alga \u00e9s a SoftGuard + DanuVital Bio kombin\u00e1ci\u00f3k k\u00f6z\u00f6tt.<\/li>\n<\/ol>\n<p style=\"line-height: 18.0pt; background: white; margin: 0cm 0cm 15.0pt 0cm;\"><b><span style=\"font-family: 'Ubuntu',sans-serif; color: black;\">K\u00e9szlet\u00fcnk napi szinten v\u00e1ltozik, ez\u00e9rt k\u00e9rj\u00fck, \u00e9rdekl\u0151dj\u00f6n szem\u00e9lyesen, telefonon vagy email-en.<br \/>\nA v\u00e1ltoztat\u00e1s jog\u00e1t fenntartjuk!\u00a0<\/span><\/b><\/p>\n<p><a href=\"https:\/\/tajkertesz.com\/\">https:\/\/tajkertesz.com\/<\/a><\/p>\n<p><a href=\"https:\/\/www.facebook.com\/tajkertesz\/\">https:\/\/www.facebook.com\/tajkertesz\/<\/a><\/p>\n<p>Kisz\u00e1ll\u00edt\u00e1s: 200cm-ig \u00e9s 40 kg-ig a sz\u00e1ll\u00edt\u00e1s fut\u00e1rszolg\u00e1lattal t\u00f6rt\u00e9nik.<\/p>\n<p>Szem\u00e9lyes \u00e1tv\u00e9tel nyitvatart\u00e1si id\u0151ben a 17. ker\u00fclet Bakancsos utca 7. sz\u00e1m alatti Kert\u00e9szeti \u00e1rud\u00e1nkban.<\/p>\n<p><b><u>Kert\u00e9p\u00edt\u0151k \u00e9s viszontelad\u00f3k regisztr\u00e1l\u00e1s ut\u00e1n egyedi kedvezm\u00e9nnyel v\u00e1s\u00e1rolhatnak kert\u00e9szeti kis-\u00e9s nagykeresked\u00e9s\u00fcnkben.<\/u><\/b><\/p>\n<\/div>\n<\/div>\n<\/div>\n<\/div>\n<\/div>\n<\/div>\n<\/div>\n<\/div>","protected":false},"excerpt":{"rendered":"<div class=\"elementor-element elementor-element-999081d elementor-widget elementor-widget-jet-listing-dynamic-terms\" data-id=\"999081d\" data-element_type=\"widget\" data-widget_type=\"jet-listing-dynamic-terms.default\">\n<div class=\"elementor-widget-container\">\n<div class=\"jet-listing jet-listing-dynamic-terms\">100% organikus, intenz\u00edv n\u00f6veked\u00e9st t\u00e1mogat\u00f3 speci\u00e1lis lombtr\u00e1gya, vegyszermentes<\/div>\n<\/div>\n<\/div>\n<div class=\"elementor-element elementor-element-58e49db elementor-widget elementor-widget-jet-single-excerpt\" data-id=\"58e49db\" data-element_type=\"widget\" data-widget_type=\"jet-single-excerpt.default\">\n<div class=\"elementor-widget-container\">\n<div class=\"elementor-jet-single-excerpt jet-woo-builder\">\n<div class=\"woocommerce-product-details__short-description\">\n<p><b>D\u00f3zis:\u00a0<\/b>2 dl\/10 liter permetl\u00e9.<\/p>\n<p>K\u00e9rj\u00fck a d\u00f3zis \u00e9s a kijuttat\u00e1s idej\u00e9nek (h\u0151fok, napszak) fokozott figyelembe v\u00e9tel\u00e9t, hogy elker\u00fclj\u00fck az esetlges perzsel\u00e9st. T\u0171z\u0151 napon val\u00f3 kijuttat\u00e1s elker\u00fclend\u0151, 22 fok felett a term\u00e9k kijuttat\u00e1sa nem aj\u00e1nlott. Permetez\u00e9s el\u0151tt \u00e9s ut\u00e1n tiszta v\u00edzzel tiszt\u00edtsuk ki a haszn\u00e1lt kijuttat\u00e1si eszk\u00f6zt.<\/p>\n<p>&nbsp;<\/p>\n<p><b>Miben seg\u00edt a DanuVital BIO+?<\/b><\/p>\n<ol>\n<li>Intenz\u00edv n\u00f6veked\u00e9s id\u0151szak\u00e1ban seg\u00edti a folyamatos n\u00f6veked\u00e9st<\/li>\n<li>Haszn\u00e1lat\u00e1val elker\u00fclhetj\u00fck a n\u00f6veked\u00e9st \u00e9s term\u00e9st cs\u00f6kkent\u0151 t\u00e1pelem hi\u00e1nyokat. P\u00e9ld\u00e1ul: Nitrog\u00e9n, K\u00e9n, Magn\u00e9zium, Vas, B\u00f3r, Mang\u00e1n, Cink, K\u00e1lium, Kalcium<\/li>\n<li>A term\u00e9k a n\u00f6v\u00e9nyre juttatva megemeli annak a t\u00e1panyag koncentr\u00e1ci\u00f3j\u00e1t, \u00edgy elindul egy v\u00edzpumpa a gy\u00f6k\u00e9r fel\u0151l, mivel a v\u00edz a kisebb koncentr\u00e1ci\u00f3 fel\u0151l a nagyobb koncentr\u00e1ci\u00f3 fel\u00e9 mozog. Ez a v\u00edzpumpa tov\u00e1bbi t\u00e1panyagokat hoz a n\u00f6v\u00e9nynek \u00e9s seg\u00edti annak az optim\u00e1lis p\u00e1rologtat\u00e1s\u00e1t.<\/li>\n<li>Egy h\u00e9ten bel\u00fcl l\u00e1that\u00f3 a term\u00e9k z\u00f6ld\u00edt\u0151 hat\u00e1sa, mely eg\u00e9szs\u00e9gesebb n\u00f6v\u00e9nyt eredm\u00e9nyez!<\/li>\n<\/ol>\n<div class=\"page\" title=\"Page 6\">\n<div class=\"section\">\n<div class=\"layoutArea\">\n<div class=\"column\">\n<p><strong>Hogyan kell kijuttatni?<\/strong><\/p>\n<p>Egy 10 literes permetezo\u030bben 1-2 dl DanuVital Bio+ terme\u0301ket oldjunk fel, e\u0301s azt permetezzu\u0308k a zo\u0308ld lombra.<\/p>\n<\/div>\n<\/div>\n<\/div>\n<\/div>\n<p><strong>\u00daj 1 literes kiszerel\u00e9s el\u00e9rhet\u0151! \ud83d\udc9a<\/strong><\/p>\n<\/div>\n<\/div>\n<\/div>\n<\/div>","protected":false},"featured_media":22436,"template":"","meta":{"_et_pb_use_builder":"","_et_pb_old_content":"","_et_gb_content_width":""},"product_brand":[],"product_cat":[5639],"product_tag":[5652,5640,5644,4344,4104],"class_list":{"0":"post-22435","1":"product","2":"type-product","3":"status-publish","4":"has-post-thumbnail","6":"product_cat-danuba-garden-termekek","7":"product_tag-danu-vital","8":"product_tag-danuba","9":"product_tag-danuba-garden","10":"product_tag-lombtragya","11":"product_tag-tapanyag","13":"first","14":"instock","15":"shipping-taxable","16":"purchasable","17":"product-type-simple"},"yoast_head":"<!-- This site is optimized with the Yoast SEO plugin v27.4 - https:\/\/yoast.com\/product\/yoast-seo-wordpress\/ -->\n<title>Danuba Vital BIO+ lombtr\u00e1gya 1L. - T\u00e1jkert\u00e9sz<\/title>\n<meta name=\"description\" content=\"Danuba Vital BIO+ lombtr\u00e1gya 1L. A term\u00e9kben l\u00e9v\u0151 makro \u00e9s mezo t\u00e1pelemek (NPK + Mg+Ca +S) 6-szoros mennyis\u00e9gben vannak, m\u00edg a mikroelemek 2-szeres\" \/>\n<meta name=\"robots\" content=\"index, follow, max-snippet:-1, max-image-preview:large, max-video-preview:-1\" \/>\n<link rel=\"canonical\" href=\"https:\/\/tajkertesz.com\/en_US\/product\/danuba-vital-bio-lombtragya-1l\/\" \/>\n<meta property=\"og:locale\" content=\"en_US\" \/>\n<meta property=\"og:type\" content=\"article\" \/>\n<meta property=\"og:title\" content=\"Danuba Vital BIO+ lombtr\u00e1gya 1L. - T\u00e1jkert\u00e9sz\" \/>\n<meta property=\"og:description\" content=\"Danuba Vital BIO+ lombtr\u00e1gya 1L. A term\u00e9kben l\u00e9v\u0151 makro \u00e9s mezo t\u00e1pelemek (NPK + Mg+Ca +S) 6-szoros mennyis\u00e9gben vannak, m\u00edg a mikroelemek 2-szeres\" \/>\n<meta property=\"og:url\" content=\"https:\/\/tajkertesz.com\/en_US\/product\/danuba-vital-bio-lombtragya-1l\/\" \/>\n<meta property=\"og:site_name\" content=\"T\u00e1jkert\u00e9sz\" \/>\n<meta property=\"article:publisher\" content=\"https:\/\/www.facebook.com\/Tajkertesz\/\" \/>\n<meta property=\"article:modified_time\" content=\"2025-05-06T07:57:35+00:00\" \/>\n<meta property=\"og:image\" content=\"https:\/\/tajkertesz.com\/wp-content\/uploads\/2025\/02\/DanuVital-BIO-1.webp\" \/>\n\t<meta property=\"og:image:width\" content=\"1600\" \/>\n\t<meta property=\"og:image:height\" content=\"1600\" \/>\n\t<meta property=\"og:image:type\" content=\"image\/webp\" \/>\n<meta name=\"twitter:card\" content=\"summary_large_image\" \/>\n<meta name=\"twitter:label1\" content=\"Est. reading time\" \/>\n\t<meta name=\"twitter:data1\" content=\"4 minutes\" \/>\n<script type=\"application\/ld+json\" class=\"yoast-schema-graph\">{\"@context\":\"https:\\\/\\\/schema.org\",\"@graph\":[{\"@type\":\"WebPage\",\"@id\":\"https:\\\/\\\/tajkertesz.com\\\/termek\\\/danuba-vital-bio-lombtragya-1l\\\/\",\"url\":\"https:\\\/\\\/tajkertesz.com\\\/termek\\\/danuba-vital-bio-lombtragya-1l\\\/\",\"name\":\"Danuba Vital BIO+ lombtr\u00e1gya 1L. - T\u00e1jkert\u00e9sz\",\"isPartOf\":{\"@id\":\"https:\\\/\\\/tajkertesz.com\\\/#website\"},\"primaryImageOfPage\":{\"@id\":\"https:\\\/\\\/tajkertesz.com\\\/termek\\\/danuba-vital-bio-lombtragya-1l\\\/#primaryimage\"},\"image\":{\"@id\":\"https:\\\/\\\/tajkertesz.com\\\/termek\\\/danuba-vital-bio-lombtragya-1l\\\/#primaryimage\"},\"thumbnailUrl\":\"https:\\\/\\\/tajkertesz.com\\\/wp-content\\\/uploads\\\/2025\\\/02\\\/DanuVital-BIO-1.webp\",\"datePublished\":\"2025-02-12T13:45:43+00:00\",\"dateModified\":\"2025-05-06T07:57:35+00:00\",\"description\":\"Danuba Vital BIO+ lombtr\u00e1gya 1L. A term\u00e9kben l\u00e9v\u0151 makro \u00e9s mezo t\u00e1pelemek (NPK + Mg+Ca +S) 6-szoros mennyis\u00e9gben vannak, m\u00edg a mikroelemek 2-szeres\",\"breadcrumb\":{\"@id\":\"https:\\\/\\\/tajkertesz.com\\\/termek\\\/danuba-vital-bio-lombtragya-1l\\\/#breadcrumb\"},\"inLanguage\":\"en-US\",\"potentialAction\":[{\"@type\":\"ReadAction\",\"target\":[\"https:\\\/\\\/tajkertesz.com\\\/termek\\\/danuba-vital-bio-lombtragya-1l\\\/\"]}]},{\"@type\":\"ImageObject\",\"inLanguage\":\"en-US\",\"@id\":\"https:\\\/\\\/tajkertesz.com\\\/termek\\\/danuba-vital-bio-lombtragya-1l\\\/#primaryimage\",\"url\":\"https:\\\/\\\/tajkertesz.com\\\/wp-content\\\/uploads\\\/2025\\\/02\\\/DanuVital-BIO-1.webp\",\"contentUrl\":\"https:\\\/\\\/tajkertesz.com\\\/wp-content\\\/uploads\\\/2025\\\/02\\\/DanuVital-BIO-1.webp\",\"width\":1600,\"height\":1600,\"caption\":\"Danuba Vital BIO+ lombtr\u00e1gya 1L.\"},{\"@type\":\"BreadcrumbList\",\"@id\":\"https:\\\/\\\/tajkertesz.com\\\/termek\\\/danuba-vital-bio-lombtragya-1l\\\/#breadcrumb\",\"itemListElement\":[{\"@type\":\"ListItem\",\"position\":1,\"name\":\"Home\",\"item\":\"https:\\\/\\\/tajkertesz.com\\\/\"},{\"@type\":\"ListItem\",\"position\":2,\"name\":\"Kezd\u0151lap\",\"item\":\"https:\\\/\\\/tajkertesz.com\\\/\"},{\"@type\":\"ListItem\",\"position\":3,\"name\":\"Danuba Vital BIO+ lombtr\u00e1gya 1L.\"}]},{\"@type\":\"WebSite\",\"@id\":\"https:\\\/\\\/tajkertesz.com\\\/#website\",\"url\":\"https:\\\/\\\/tajkertesz.com\\\/\",\"name\":\"T\u00e1j-Kert\u00e9sz 84 Kft.\",\"description\":\"Kert\u00e9szeti kis- \u00e9s nagykeresked\u00e9s, D\u00edszn\u00f6v\u00e9ny web\u00e1ruh\u00e1z orsz\u00e1gos h\u00e1zhozsz\u00e1ll\u00edt\u00e1ssal!\",\"publisher\":{\"@id\":\"https:\\\/\\\/tajkertesz.com\\\/#organization\"},\"potentialAction\":[{\"@type\":\"SearchAction\",\"target\":{\"@type\":\"EntryPoint\",\"urlTemplate\":\"https:\\\/\\\/tajkertesz.com\\\/?s={search_term_string}\"},\"query-input\":{\"@type\":\"PropertyValueSpecification\",\"valueRequired\":true,\"valueName\":\"search_term_string\"}}],\"inLanguage\":\"en-US\"},{\"@type\":\"Organization\",\"@id\":\"https:\\\/\\\/tajkertesz.com\\\/#organization\",\"name\":\"T\u00e1j-Kert\u00e9sz 84 Kft.\",\"url\":\"https:\\\/\\\/tajkertesz.com\\\/\",\"logo\":{\"@type\":\"ImageObject\",\"inLanguage\":\"en-US\",\"@id\":\"https:\\\/\\\/tajkertesz.com\\\/#\\\/schema\\\/logo\\\/image\\\/\",\"url\":\"https:\\\/\\\/tajkertesz.com\\\/wp-content\\\/uploads\\\/2018\\\/02\\\/logo-2-e1518678052539.png\",\"contentUrl\":\"https:\\\/\\\/tajkertesz.com\\\/wp-content\\\/uploads\\\/2018\\\/02\\\/logo-2-e1518678052539.png\",\"width\":81,\"height\":140,\"caption\":\"T\u00e1j-Kert\u00e9sz 84 Kft.\"},\"image\":{\"@id\":\"https:\\\/\\\/tajkertesz.com\\\/#\\\/schema\\\/logo\\\/image\\\/\"},\"sameAs\":[\"https:\\\/\\\/www.facebook.com\\\/Tajkertesz\\\/\"]}]}<\/script>\n<!-- \/ Yoast SEO plugin. -->","yoast_head_json":{"title":"Danuba Vital BIO+ lombtr\u00e1gya 1L. - T\u00e1jkert\u00e9sz","description":"Danuba Vital BIO+ lombtr\u00e1gya 1L. A term\u00e9kben l\u00e9v\u0151 makro \u00e9s mezo t\u00e1pelemek (NPK + Mg+Ca +S) 6-szoros mennyis\u00e9gben vannak, m\u00edg a mikroelemek 2-szeres","robots":{"index":"index","follow":"follow","max-snippet":"max-snippet:-1","max-image-preview":"max-image-preview:large","max-video-preview":"max-video-preview:-1"},"canonical":"https:\/\/tajkertesz.com\/en_US\/product\/danuba-vital-bio-lombtragya-1l\/","og_locale":"en_US","og_type":"article","og_title":"Danuba Vital BIO+ lombtr\u00e1gya 1L. - T\u00e1jkert\u00e9sz","og_description":"Danuba Vital BIO+ lombtr\u00e1gya 1L. A term\u00e9kben l\u00e9v\u0151 makro \u00e9s mezo t\u00e1pelemek (NPK + Mg+Ca +S) 6-szoros mennyis\u00e9gben vannak, m\u00edg a mikroelemek 2-szeres","og_url":"https:\/\/tajkertesz.com\/en_US\/product\/danuba-vital-bio-lombtragya-1l\/","og_site_name":"T\u00e1jkert\u00e9sz","article_publisher":"https:\/\/www.facebook.com\/Tajkertesz\/","article_modified_time":"2025-05-06T07:57:35+00:00","og_image":[{"width":1600,"height":1600,"url":"https:\/\/tajkertesz.com\/wp-content\/uploads\/2025\/02\/DanuVital-BIO-1.webp","type":"image\/webp"}],"twitter_card":"summary_large_image","twitter_misc":{"Est. reading time":"4 minutes"},"schema":{"@context":"https:\/\/schema.org","@graph":[{"@type":"WebPage","@id":"https:\/\/tajkertesz.com\/termek\/danuba-vital-bio-lombtragya-1l\/","url":"https:\/\/tajkertesz.com\/termek\/danuba-vital-bio-lombtragya-1l\/","name":"Danuba Vital BIO+ lombtr\u00e1gya 1L. - T\u00e1jkert\u00e9sz","isPartOf":{"@id":"https:\/\/tajkertesz.com\/#website"},"primaryImageOfPage":{"@id":"https:\/\/tajkertesz.com\/termek\/danuba-vital-bio-lombtragya-1l\/#primaryimage"},"image":{"@id":"https:\/\/tajkertesz.com\/termek\/danuba-vital-bio-lombtragya-1l\/#primaryimage"},"thumbnailUrl":"https:\/\/tajkertesz.com\/wp-content\/uploads\/2025\/02\/DanuVital-BIO-1.webp","datePublished":"2025-02-12T13:45:43+00:00","dateModified":"2025-05-06T07:57:35+00:00","description":"Danuba Vital BIO+ lombtr\u00e1gya 1L. A term\u00e9kben l\u00e9v\u0151 makro \u00e9s mezo t\u00e1pelemek (NPK + Mg+Ca +S) 6-szoros mennyis\u00e9gben vannak, m\u00edg a mikroelemek 2-szeres","breadcrumb":{"@id":"https:\/\/tajkertesz.com\/termek\/danuba-vital-bio-lombtragya-1l\/#breadcrumb"},"inLanguage":"en-US","potentialAction":[{"@type":"ReadAction","target":["https:\/\/tajkertesz.com\/termek\/danuba-vital-bio-lombtragya-1l\/"]}]},{"@type":"ImageObject","inLanguage":"en-US","@id":"https:\/\/tajkertesz.com\/termek\/danuba-vital-bio-lombtragya-1l\/#primaryimage","url":"https:\/\/tajkertesz.com\/wp-content\/uploads\/2025\/02\/DanuVital-BIO-1.webp","contentUrl":"https:\/\/tajkertesz.com\/wp-content\/uploads\/2025\/02\/DanuVital-BIO-1.webp","width":1600,"height":1600,"caption":"Danuba Vital BIO+ lombtr\u00e1gya 1L."},{"@type":"BreadcrumbList","@id":"https:\/\/tajkertesz.com\/termek\/danuba-vital-bio-lombtragya-1l\/#breadcrumb","itemListElement":[{"@type":"ListItem","position":1,"name":"Home","item":"https:\/\/tajkertesz.com\/"},{"@type":"ListItem","position":2,"name":"Kezd\u0151lap","item":"https:\/\/tajkertesz.com\/"},{"@type":"ListItem","position":3,"name":"Danuba Vital BIO+ lombtr\u00e1gya 1L."}]},{"@type":"WebSite","@id":"https:\/\/tajkertesz.com\/#website","url":"https:\/\/tajkertesz.com\/","name":"T\u00e1j-Kert\u00e9sz 84 Kft.","description":"Kert\u00e9szeti kis- \u00e9s nagykeresked\u00e9s, D\u00edszn\u00f6v\u00e9ny web\u00e1ruh\u00e1z orsz\u00e1gos h\u00e1zhozsz\u00e1ll\u00edt\u00e1ssal!","publisher":{"@id":"https:\/\/tajkertesz.com\/#organization"},"potentialAction":[{"@type":"SearchAction","target":{"@type":"EntryPoint","urlTemplate":"https:\/\/tajkertesz.com\/?s={search_term_string}"},"query-input":{"@type":"PropertyValueSpecification","valueRequired":true,"valueName":"search_term_string"}}],"inLanguage":"en-US"},{"@type":"Organization","@id":"https:\/\/tajkertesz.com\/#organization","name":"T\u00e1j-Kert\u00e9sz 84 Kft.","url":"https:\/\/tajkertesz.com\/","logo":{"@type":"ImageObject","inLanguage":"en-US","@id":"https:\/\/tajkertesz.com\/#\/schema\/logo\/image\/","url":"https:\/\/tajkertesz.com\/wp-content\/uploads\/2018\/02\/logo-2-e1518678052539.png","contentUrl":"https:\/\/tajkertesz.com\/wp-content\/uploads\/2018\/02\/logo-2-e1518678052539.png","width":81,"height":140,"caption":"T\u00e1j-Kert\u00e9sz 84 Kft."},"image":{"@id":"https:\/\/tajkertesz.com\/#\/schema\/logo\/image\/"},"sameAs":["https:\/\/www.facebook.com\/Tajkertesz\/"]}]}},"_links":{"self":[{"href":"https:\/\/tajkertesz.com\/en_US\/wp-json\/wp\/v2\/product\/22435","targetHints":{"allow":["GET"]}}],"collection":[{"href":"https:\/\/tajkertesz.com\/en_US\/wp-json\/wp\/v2\/product"}],"about":[{"href":"https:\/\/tajkertesz.com\/en_US\/wp-json\/wp\/v2\/types\/product"}],"wp:featuredmedia":[{"embeddable":true,"href":"https:\/\/tajkertesz.com\/en_US\/wp-json\/wp\/v2\/media\/22436"}],"wp:attachment":[{"href":"https:\/\/tajkertesz.com\/en_US\/wp-json\/wp\/v2\/media?parent=22435"}],"wp:term":[{"taxonomy":"product_brand","embeddable":true,"href":"https:\/\/tajkertesz.com\/en_US\/wp-json\/wp\/v2\/product_brand?post=22435"},{"taxonomy":"product_cat","embeddable":true,"href":"https:\/\/tajkertesz.com\/en_US\/wp-json\/wp\/v2\/product_cat?post=22435"},{"taxonomy":"product_tag","embeddable":true,"href":"https:\/\/tajkertesz.com\/en_US\/wp-json\/wp\/v2\/product_tag?post=22435"}],"curies":[{"name":"wp","href":"https:\/\/api.w.org\/{rel}","templated":true}]}}