{"id":22437,"date":"2025-02-12T14:26:07","date_gmt":"2025-02-12T14:26:07","guid":{"rendered":"https:\/\/tajkertesz.com\/?post_type=product&#038;p=22437"},"modified":"2025-10-18T12:36:35","modified_gmt":"2025-10-18T12:36:35","slug":"danuba-ino-si-1l-specialis-lombtragya","status":"publish","type":"product","link":"https:\/\/tajkertesz.com\/en_US\/product\/danuba-ino-si-1l-specialis-lombtragya\/","title":{"rendered":"Danuba Ino Si 1L. speci\u00e1lis lombtr\u00e1gya"},"content":{"rendered":"<h2>Danuba Ino Si 1L. speci\u00e1lis lombtr\u00e1gya<\/h2>\n<p>Danuba Ino Si 1L. speci\u00e1lis lombtr\u00e1gya<\/p>\n<p>V\u00edzhi\u00e1ny \u00e9s biotikus stressz hat\u00e1s cs\u00f6kkent\u00e9s\u00e9re<\/p>\n<div class=\"elementor-element elementor-element-857caab elementor-widget elementor-widget-heading\" data-id=\"857caab\" data-element_type=\"widget\" data-widget_type=\"heading.default\">\n<h3 class=\"elementor-widget-container\">Mi\u00e9rt ezt v\u00e1lasszam?<\/h3>\n<\/div>\n<div class=\"elementor-element elementor-element-94ccfe8 elementor-widget elementor-widget-jet-listing-dynamic-field\" data-id=\"94ccfe8\" data-element_type=\"widget\" data-widget_type=\"jet-listing-dynamic-field.default\">\n<div class=\"elementor-widget-container\">\n<div class=\"jet-listing jet-listing-dynamic-field display-inline\">\n<div class=\"jet-listing-dynamic-field__inline-wrap\">\n<div class=\"jet-listing-dynamic-field__content\">\n<div>1. legmagasabb szil\u00edcium tartalm\u00fa term\u00e9k<\/div>\n<div>2. visszaveri a k\u00e1ros UV \u00e9s \u00e9get\u0151 napsugarak egy r\u00e9sz\u00e9t, \u00edgy v\u00e9di \u00e9s h\u0171ti a n\u00f6v\u00e9nyt<\/div>\n<div>3. a szil\u00edcium be\u00e9p\u00fclve a lev\u00e9lbe azt er\u0151sebb\u00e9 teszi, \u00edgy jobban ellen\u00e1ll a sz\u00e9lnek \u00e9s a r\u00e1g\u00f3 rovaroknak<\/div>\n<\/div>\n<div>\n<h3>\ud83c\udf31<b>\u00a0Mib\u0151l k\u00e9sz\u00fcl?<\/b><\/h3>\n<p>Ebben a lombtr\u00e1gy\u00e1ban nagyon magas (200 g\/l) szil\u00edcium tartalom van mang\u00e1nnal \u00e9s cinkkel kieg\u00e9sz\u00edtve. A term\u00e9kben l\u00e9v\u0151 szil\u00edcium mikroniz\u00e1lt, ami azt jelenti, hogy nagyon apr\u00f3ra (10 mikron alatti szemcsem\u00e9rete) van \u0151r\u00f6lve, \u00edgy t\u00f6k\u00e9letes fed\u00e9st biztos\u00edt a lev\u00e9l fel\u00fclet\u00e9n.<\/p>\n<p>Ez a szil\u00edciumos term\u00e9k olyan adjuv\u00e1nsokkal van kieg\u00e9sz\u00edtve, ami seg\u00edti hogy a lev\u00e9len jobban megtapadjon, \u00e9s abba gyorsabban bejusson. Haszn\u00e1lat el\u0151tt felr\u00e1zand\u00f3, mivel ezen apr\u00f3 hat\u00f3anyagok le\u00fclepednek a t\u00e1rol\u00e1s sor\u00e1n a kanna alj\u00e1ra, de r\u00e1z\u00e1s hat\u00e1s\u00e1ra \u00fajra oldatba ker\u00fclnek.<\/p>\n<h3>\u2728<b>\u00a0Hogyan hat?<\/b><\/h3>\n<p>A term\u00e9kben l\u00e9v\u0151 h\u00e1rom hat\u00f3anyag k\u00fcz\u00fcl a f\u0151 hat\u00e1s a szil\u00edcium (Si) adja. Ez a lev\u00e9lre permetezve be\u00e9p\u00fcl annak fel\u00fcleti sejtjeibe (epidermisz), \u00e9s er\u0151s\u00edti azt. \u00cdgy a n\u00f6v\u00e9ny sz\u00e1ra \u00e9s levele is kem\u00e9nyebb lesz, \u00e9s jobban ellen\u00e1ll az id\u0151j\u00e1r\u00e1s viszontags\u00e1gainak. K\u00fcl\u00f6n\u00f6sen a f\u0171f\u00e9le n\u00f6v\u00e9nyek pl. gyep ig\u00e9nyel nagy mennyis\u00e9g\u0171 szil\u00edciumot.<\/p>\n<p>A biol\u00f3giai v\u00e9delem nem olyan egyszer\u0171, mint a vegyszeres, \u00edgy a k\u00fcl\u00f6nb\u00f6z\u0151 m\u00f3dokat \u00e9rdemes kombin\u00e1lni. \u00cdgy a veget\u00e1ci\u00f3 elej\u00e9n, \u00e9s \u0151sszel kijuttahat\u00f3\u00a0<b>Tricho Immun<\/b>\u00a0kezel\u00e9seket \u00e9rdemes a\u00a0<b>SoftGuard<\/b>, \u00e9s\u00a0<b>Ino Si\u00a0<\/b>kezel\u00e9seknek k\u00f6vetni. Ezen h\u00e1rom hat\u00e1s egy\u00fctt magasabb hat\u00e9konys\u00e1got jelent a n\u00f6v\u00e9nyeink sz\u00e1m\u00e1ra.<\/p>\n<h3>\ud83d\udcaa<b>\u00a0Mi\u00e9rt hasznos a n\u00f6v\u00e9nynek?<\/b><\/h3>\n<p>A n\u00f6v\u00e9nyt ha t\u00e1mad\u00e1s \u00e9ri, akkor term\u00e9szetes m\u00f3don is n\u00f6veli mag\u00e1ban a szil\u00edcium tartalmat. A magasabb szil\u00edcium tartalm\u00fa n\u00f6v\u00e9nyeket elker\u00fclik a rovarok, \u00e9s ink\u00e1bb oda mennek, ahol puh\u00e1bb a lev\u00e9l \u00e9s a sz\u00e1r.<\/p>\n<p>A gomba h\u00edfa fonalak, \u00e9s a herny\u00f3k se szeretik az \u00e9les szil\u00edcium kriszt\u00e1lyokon val\u00f3 k\u00f6zeleked\u00e9st. A szil\u00edcium krist\u00e1lyok k\u00e9pesek visszaverni a f\u00e9nyt, \u00e9s a ny\u00e1ri h\u0151s\u00e9gben 1-2 fokkal h\u0171thetik a n\u00f6v\u00e9nyt. Optimaliz\u00e1lj\u00e1k a n\u00f6v\u00e9nyek l\u00e9gcsereny\u00edl\u00e1s\u00e1nak a m\u0171k\u00f6d\u00e9s\u00e9t, ez\u00e1ltal n\u00f6velik az asz\u00e9yt\u0171r\u00e9s\u00e9t.<\/p>\n<h3><strong>\ud83e\udeb2 Rovarok ellen rovar\u00f6l\u0151 szer n\u00e9lk\u00fcl?<\/strong><\/h3>\n<p>Sk\u00f3ci\u00e1ban figyeltek fel arra, hogy a domboldalakon l\u00e9v\u0151 legel\u0151k\u00f6n vannak olyan ter\u00fcletek, melyek z\u00f6ldebbek, mert az \u00e1llatok kev\u00e9sb\u00e9 legelik le. Megvizsg\u00e1lt\u00e1k ezen n\u00f6v\u00e9nyeket, \u00e9s azt tapasztalt\u00e1k, hogy a lev\u00e9lfel\u00fclet\u00fck \u00e9rdesebb, \u00e9s t\u00f6bb szil\u00edciumot (Si) tartalmaznak.<\/p>\n<p>Megfigyelt\u00e9k, hogy\u00a0<b>a n\u00f6v\u00e9nyek sejtfal\u00e1nak er\u0151ss\u00e9ge n\u00f6velhet\u0151<\/b>, ha emelik a szil\u00edcium tartalmukat. Ezzel egy\u00fctt azt is tapasztalt\u00e1k, hogy n\u0151 az ellen\u00e1ll\u00f3k\u00e9pess\u00e9g\u00fck a rovarok \u00e9s gomb\u00e1k t\u00e1mad\u00e1sai ellen. Azt m\u00e9rt\u00e9k, hogy a szil\u00edcium k\u00e9pes aktiv\u00e1lni a n\u00f6v\u00e9nyi fitoalexineket, melyeknek jelent\u0151s szerep\u00fck van a n\u00f6v\u00e9nyek v\u00e9dekez\u0151 rendszer\u00e9ben.<\/p>\n<p style=\"line-height: 18.0pt; background: white; margin: 0cm 0cm 15.0pt 0cm;\"><b><span style=\"font-family: 'Ubuntu',sans-serif; color: black;\">K\u00e9szlet\u00fcnk napi szinten v\u00e1ltozik, ez\u00e9rt k\u00e9rj\u00fck, \u00e9rdekl\u0151dj\u00f6n szem\u00e9lyesen, telefonon vagy email-en.<br \/>\nA v\u00e1ltoztat\u00e1s jog\u00e1t fenntartjuk!\u00a0<\/span><\/b><\/p>\n<p><a href=\"https:\/\/tajkertesz.com\/\">https:\/\/tajkertesz.com\/<\/a><\/p>\n<p><a href=\"https:\/\/www.facebook.com\/tajkertesz\/\">https:\/\/www.facebook.com\/tajkertesz\/<\/a><\/p>\n<p>Kisz\u00e1ll\u00edt\u00e1s: 200cm-ig \u00e9s 40 kg-ig a sz\u00e1ll\u00edt\u00e1s fut\u00e1rszolg\u00e1lattal t\u00f6rt\u00e9nik.<\/p>\n<p>Szem\u00e9lyes \u00e1tv\u00e9tel nyitvatart\u00e1si id\u0151ben a 17. ker\u00fclet Bakancsos utca 7. sz\u00e1m alatti Kert\u00e9szeti \u00e1rud\u00e1nkban.<\/p>\n<p><b><u>Kert\u00e9p\u00edt\u0151k \u00e9s viszontelad\u00f3k regisztr\u00e1l\u00e1s ut\u00e1n egyedi kedvezm\u00e9nnyel v\u00e1s\u00e1rolhatnak kert\u00e9szeti kis-\u00e9s nagykeresked\u00e9s\u00fcnkben.<\/u><\/b><\/p>\n<p>&nbsp;<\/p>\n<p>&nbsp;<\/p>\n<\/div>\n<\/div>\n<\/div>\n<\/div>\n<\/div>","protected":false},"excerpt":{"rendered":"<div class=\"elementor-element elementor-element-999081d elementor-widget elementor-widget-jet-listing-dynamic-terms\" data-id=\"999081d\" data-element_type=\"widget\" data-widget_type=\"jet-listing-dynamic-terms.default\">\n<div class=\"elementor-widget-container\">\n<div class=\"jet-listing jet-listing-dynamic-terms\">Speci\u00e1lis vegyszermentes lombtr\u00e1gya<\/div>\n<div><\/div>\n<div>V\u00edzhi\u00e1ny \u00e9s biotikus stressz hat\u00e1s cs\u00f6kkent\u00e9s\u00e9re<\/div>\n<\/div>\n<\/div>\n<div class=\"elementor-element elementor-element-58e49db elementor-widget elementor-widget-jet-single-excerpt\" data-id=\"58e49db\" data-element_type=\"widget\" data-widget_type=\"jet-single-excerpt.default\">\n<div class=\"elementor-widget-container\">\n<div class=\"elementor-jet-single-excerpt jet-woo-builder\">\n<div class=\"woocommerce-product-details__short-description\">\n<div>\n<div>\n<p><strong>Ino Si \u2013 fizikai v\u00e9delem a n\u00f6v\u00e9nye sz\u00e1m\u00e1ra<\/strong><\/p>\n<\/div>\n<\/div>\n<div class=\"page\" title=\"Page 11\">\n<div class=\"section\">\n<div class=\"layoutArea\">\n<div class=\"column\">\n<p><strong>Hogyan kell kijuttatni?<\/strong><\/p>\n<p>A terme\u0301ket 1-2%-os koncentra\u0301cio\u0301ban kell bekeverni, vagyis 10 L permetle\u0301- be 1-2dl Ino Si terme\u0301ket kell o\u0308nteni. A kezele\u0301st 2-4 hetente meg lehet is- me\u0301telni, aka\u0301r 5 alkalommal is. Keru\u0308l- ju\u0308k a 10 fok alatti, e\u0301s 22 fok feletti ho\u030bme\u0301rse\u0301kleten valo\u0301 kipermeteze\u0301st.<\/p>\n<\/div>\n<\/div>\n<\/div>\n<\/div>\n<p><b>T\u00e1rol\u00e1sa<\/b><\/p>\n<p>Eredeti z\u00e1rt csomagol\u00e1sban, sz\u00e1raz, h\u0171v\u00f6s \u00e9s fagymentes helyen, k\u00f6zvetlen napf\u00e9nyt\u0151l t\u00e1v\u00f3l a szavatoss\u00e1g\u00e1t 24 h\u00f3napig meg\u0151rzi. Felbont\u00e1s ut\u00e1n azonnal visszaz\u00e1rva, \u00e9s megfelel\u0151en t\u00e1rolva, m\u00e9g 6 h\u00f3napig \u00fajra felhaszn\u00e1lhat\u00f3.<\/p>\n<\/div>\n<\/div>\n<\/div>\n<\/div>","protected":false},"featured_media":22438,"template":"","meta":{"_et_pb_use_builder":"","_et_pb_old_content":"","_et_gb_content_width":""},"product_brand":[],"product_cat":[5639],"product_tag":[5640,5644,5653,4344,5654],"class_list":{"0":"post-22437","1":"product","2":"type-product","3":"status-publish","4":"has-post-thumbnail","6":"product_cat-danuba-garden-termekek","7":"product_tag-danuba","8":"product_tag-danuba-garden","9":"product_tag-ino-si","10":"product_tag-lombtragya","11":"product_tag-vizhiany","13":"first","14":"outofstock","15":"shipping-taxable","16":"purchasable","17":"product-type-simple"},"yoast_head":"<!-- This site is optimized with the Yoast SEO plugin v27.5 - https:\/\/yoast.com\/product\/yoast-seo-wordpress\/ -->\n<title>Danuba Ino Si 1L. speci\u00e1lis lombtr\u00e1gya - T\u00e1jkert\u00e9sz<\/title>\n<meta name=\"description\" content=\"Danuba Ino Si 1L. speci\u00e1lis lombtr\u00e1gya. Haszn\u00e1lata alkalm\u00e1val a n\u00f6v\u00e9ny sz\u00e1ra \u00e9s levele is kem\u00e9nyebb lesz, \u00e9s jobban ellen\u00e1ll az id\u0151j\u00e1r\u00e1s viszontags\u00e1gainak.\" \/>\n<meta name=\"robots\" content=\"index, follow, max-snippet:-1, max-image-preview:large, max-video-preview:-1\" \/>\n<link rel=\"canonical\" href=\"https:\/\/tajkertesz.com\/en_US\/product\/danuba-ino-si-1l-specialis-lombtragya\/\" \/>\n<meta property=\"og:locale\" content=\"en_US\" \/>\n<meta property=\"og:type\" content=\"article\" \/>\n<meta property=\"og:title\" content=\"Danuba Ino Si 1L. speci\u00e1lis lombtr\u00e1gya - T\u00e1jkert\u00e9sz\" \/>\n<meta property=\"og:description\" content=\"Danuba Ino Si 1L. speci\u00e1lis lombtr\u00e1gya. Haszn\u00e1lata alkalm\u00e1val a n\u00f6v\u00e9ny sz\u00e1ra \u00e9s levele is kem\u00e9nyebb lesz, \u00e9s jobban ellen\u00e1ll az id\u0151j\u00e1r\u00e1s viszontags\u00e1gainak.\" \/>\n<meta property=\"og:url\" content=\"https:\/\/tajkertesz.com\/en_US\/product\/danuba-ino-si-1l-specialis-lombtragya\/\" \/>\n<meta property=\"og:site_name\" content=\"T\u00e1jkert\u00e9sz\" \/>\n<meta property=\"article:publisher\" content=\"https:\/\/www.facebook.com\/Tajkertesz\/\" \/>\n<meta property=\"article:modified_time\" content=\"2025-10-18T12:36:35+00:00\" \/>\n<meta property=\"og:image\" content=\"https:\/\/tajkertesz.com\/wp-content\/uploads\/2025\/02\/Danuba-453-1-e1726665267261-768x1434-1.webp\" \/>\n\t<meta property=\"og:image:width\" content=\"768\" \/>\n\t<meta property=\"og:image:height\" content=\"1434\" \/>\n\t<meta property=\"og:image:type\" content=\"image\/webp\" \/>\n<meta name=\"twitter:card\" content=\"summary_large_image\" \/>\n<meta name=\"twitter:label1\" content=\"Est. reading time\" \/>\n\t<meta name=\"twitter:data1\" content=\"3 minutes\" \/>\n<script type=\"application\/ld+json\" class=\"yoast-schema-graph\">{\"@context\":\"https:\\\/\\\/schema.org\",\"@graph\":[{\"@type\":\"WebPage\",\"@id\":\"https:\\\/\\\/tajkertesz.com\\\/termek\\\/danuba-ino-si-1l-specialis-lombtragya\\\/\",\"url\":\"https:\\\/\\\/tajkertesz.com\\\/termek\\\/danuba-ino-si-1l-specialis-lombtragya\\\/\",\"name\":\"Danuba Ino Si 1L. speci\u00e1lis lombtr\u00e1gya - T\u00e1jkert\u00e9sz\",\"isPartOf\":{\"@id\":\"https:\\\/\\\/tajkertesz.com\\\/#website\"},\"primaryImageOfPage\":{\"@id\":\"https:\\\/\\\/tajkertesz.com\\\/termek\\\/danuba-ino-si-1l-specialis-lombtragya\\\/#primaryimage\"},\"image\":{\"@id\":\"https:\\\/\\\/tajkertesz.com\\\/termek\\\/danuba-ino-si-1l-specialis-lombtragya\\\/#primaryimage\"},\"thumbnailUrl\":\"https:\\\/\\\/tajkertesz.com\\\/wp-content\\\/uploads\\\/2025\\\/02\\\/Danuba-453-1-e1726665267261-768x1434-1.webp\",\"datePublished\":\"2025-02-12T14:26:07+00:00\",\"dateModified\":\"2025-10-18T12:36:35+00:00\",\"description\":\"Danuba Ino Si 1L. speci\u00e1lis lombtr\u00e1gya. Haszn\u00e1lata alkalm\u00e1val a n\u00f6v\u00e9ny sz\u00e1ra \u00e9s levele is kem\u00e9nyebb lesz, \u00e9s jobban ellen\u00e1ll az id\u0151j\u00e1r\u00e1s viszontags\u00e1gainak.\",\"breadcrumb\":{\"@id\":\"https:\\\/\\\/tajkertesz.com\\\/termek\\\/danuba-ino-si-1l-specialis-lombtragya\\\/#breadcrumb\"},\"inLanguage\":\"en-US\",\"potentialAction\":[{\"@type\":\"ReadAction\",\"target\":[\"https:\\\/\\\/tajkertesz.com\\\/termek\\\/danuba-ino-si-1l-specialis-lombtragya\\\/\"]}]},{\"@type\":\"ImageObject\",\"inLanguage\":\"en-US\",\"@id\":\"https:\\\/\\\/tajkertesz.com\\\/termek\\\/danuba-ino-si-1l-specialis-lombtragya\\\/#primaryimage\",\"url\":\"https:\\\/\\\/tajkertesz.com\\\/wp-content\\\/uploads\\\/2025\\\/02\\\/Danuba-453-1-e1726665267261-768x1434-1.webp\",\"contentUrl\":\"https:\\\/\\\/tajkertesz.com\\\/wp-content\\\/uploads\\\/2025\\\/02\\\/Danuba-453-1-e1726665267261-768x1434-1.webp\",\"width\":768,\"height\":1434,\"caption\":\"Danuba Ino Si 1L. speci\u00e1lis lombtr\u00e1gya\"},{\"@type\":\"BreadcrumbList\",\"@id\":\"https:\\\/\\\/tajkertesz.com\\\/termek\\\/danuba-ino-si-1l-specialis-lombtragya\\\/#breadcrumb\",\"itemListElement\":[{\"@type\":\"ListItem\",\"position\":1,\"name\":\"Home\",\"item\":\"https:\\\/\\\/tajkertesz.com\\\/\"},{\"@type\":\"ListItem\",\"position\":2,\"name\":\"Kezd\u0151lap\",\"item\":\"https:\\\/\\\/tajkertesz.com\\\/\"},{\"@type\":\"ListItem\",\"position\":3,\"name\":\"Danuba Ino Si 1L. speci\u00e1lis lombtr\u00e1gya\"}]},{\"@type\":\"WebSite\",\"@id\":\"https:\\\/\\\/tajkertesz.com\\\/#website\",\"url\":\"https:\\\/\\\/tajkertesz.com\\\/\",\"name\":\"T\u00e1j-Kert\u00e9sz 84 Kft.\",\"description\":\"Kert\u00e9szeti kis- \u00e9s nagykeresked\u00e9s, D\u00edszn\u00f6v\u00e9ny web\u00e1ruh\u00e1z orsz\u00e1gos h\u00e1zhozsz\u00e1ll\u00edt\u00e1ssal!\",\"publisher\":{\"@id\":\"https:\\\/\\\/tajkertesz.com\\\/#organization\"},\"potentialAction\":[{\"@type\":\"SearchAction\",\"target\":{\"@type\":\"EntryPoint\",\"urlTemplate\":\"https:\\\/\\\/tajkertesz.com\\\/?s={search_term_string}\"},\"query-input\":{\"@type\":\"PropertyValueSpecification\",\"valueRequired\":true,\"valueName\":\"search_term_string\"}}],\"inLanguage\":\"en-US\"},{\"@type\":\"Organization\",\"@id\":\"https:\\\/\\\/tajkertesz.com\\\/#organization\",\"name\":\"T\u00e1j-Kert\u00e9sz 84 Kft.\",\"url\":\"https:\\\/\\\/tajkertesz.com\\\/\",\"logo\":{\"@type\":\"ImageObject\",\"inLanguage\":\"en-US\",\"@id\":\"https:\\\/\\\/tajkertesz.com\\\/#\\\/schema\\\/logo\\\/image\\\/\",\"url\":\"https:\\\/\\\/tajkertesz.com\\\/wp-content\\\/uploads\\\/2018\\\/02\\\/logo-2-e1518678052539.png\",\"contentUrl\":\"https:\\\/\\\/tajkertesz.com\\\/wp-content\\\/uploads\\\/2018\\\/02\\\/logo-2-e1518678052539.png\",\"width\":81,\"height\":140,\"caption\":\"T\u00e1j-Kert\u00e9sz 84 Kft.\"},\"image\":{\"@id\":\"https:\\\/\\\/tajkertesz.com\\\/#\\\/schema\\\/logo\\\/image\\\/\"},\"sameAs\":[\"https:\\\/\\\/www.facebook.com\\\/Tajkertesz\\\/\"]}]}<\/script>\n<!-- \/ Yoast SEO plugin. -->","yoast_head_json":{"title":"Danuba Ino Si 1L. speci\u00e1lis lombtr\u00e1gya - T\u00e1jkert\u00e9sz","description":"Danuba Ino Si 1L. speci\u00e1lis lombtr\u00e1gya. Haszn\u00e1lata alkalm\u00e1val a n\u00f6v\u00e9ny sz\u00e1ra \u00e9s levele is kem\u00e9nyebb lesz, \u00e9s jobban ellen\u00e1ll az id\u0151j\u00e1r\u00e1s viszontags\u00e1gainak.","robots":{"index":"index","follow":"follow","max-snippet":"max-snippet:-1","max-image-preview":"max-image-preview:large","max-video-preview":"max-video-preview:-1"},"canonical":"https:\/\/tajkertesz.com\/en_US\/product\/danuba-ino-si-1l-specialis-lombtragya\/","og_locale":"en_US","og_type":"article","og_title":"Danuba Ino Si 1L. speci\u00e1lis lombtr\u00e1gya - T\u00e1jkert\u00e9sz","og_description":"Danuba Ino Si 1L. speci\u00e1lis lombtr\u00e1gya. Haszn\u00e1lata alkalm\u00e1val a n\u00f6v\u00e9ny sz\u00e1ra \u00e9s levele is kem\u00e9nyebb lesz, \u00e9s jobban ellen\u00e1ll az id\u0151j\u00e1r\u00e1s viszontags\u00e1gainak.","og_url":"https:\/\/tajkertesz.com\/en_US\/product\/danuba-ino-si-1l-specialis-lombtragya\/","og_site_name":"T\u00e1jkert\u00e9sz","article_publisher":"https:\/\/www.facebook.com\/Tajkertesz\/","article_modified_time":"2025-10-18T12:36:35+00:00","og_image":[{"width":768,"height":1434,"url":"https:\/\/tajkertesz.com\/wp-content\/uploads\/2025\/02\/Danuba-453-1-e1726665267261-768x1434-1.webp","type":"image\/webp"}],"twitter_card":"summary_large_image","twitter_misc":{"Est. reading time":"3 minutes"},"schema":{"@context":"https:\/\/schema.org","@graph":[{"@type":"WebPage","@id":"https:\/\/tajkertesz.com\/termek\/danuba-ino-si-1l-specialis-lombtragya\/","url":"https:\/\/tajkertesz.com\/termek\/danuba-ino-si-1l-specialis-lombtragya\/","name":"Danuba Ino Si 1L. speci\u00e1lis lombtr\u00e1gya - T\u00e1jkert\u00e9sz","isPartOf":{"@id":"https:\/\/tajkertesz.com\/#website"},"primaryImageOfPage":{"@id":"https:\/\/tajkertesz.com\/termek\/danuba-ino-si-1l-specialis-lombtragya\/#primaryimage"},"image":{"@id":"https:\/\/tajkertesz.com\/termek\/danuba-ino-si-1l-specialis-lombtragya\/#primaryimage"},"thumbnailUrl":"https:\/\/tajkertesz.com\/wp-content\/uploads\/2025\/02\/Danuba-453-1-e1726665267261-768x1434-1.webp","datePublished":"2025-02-12T14:26:07+00:00","dateModified":"2025-10-18T12:36:35+00:00","description":"Danuba Ino Si 1L. speci\u00e1lis lombtr\u00e1gya. Haszn\u00e1lata alkalm\u00e1val a n\u00f6v\u00e9ny sz\u00e1ra \u00e9s levele is kem\u00e9nyebb lesz, \u00e9s jobban ellen\u00e1ll az id\u0151j\u00e1r\u00e1s viszontags\u00e1gainak.","breadcrumb":{"@id":"https:\/\/tajkertesz.com\/termek\/danuba-ino-si-1l-specialis-lombtragya\/#breadcrumb"},"inLanguage":"en-US","potentialAction":[{"@type":"ReadAction","target":["https:\/\/tajkertesz.com\/termek\/danuba-ino-si-1l-specialis-lombtragya\/"]}]},{"@type":"ImageObject","inLanguage":"en-US","@id":"https:\/\/tajkertesz.com\/termek\/danuba-ino-si-1l-specialis-lombtragya\/#primaryimage","url":"https:\/\/tajkertesz.com\/wp-content\/uploads\/2025\/02\/Danuba-453-1-e1726665267261-768x1434-1.webp","contentUrl":"https:\/\/tajkertesz.com\/wp-content\/uploads\/2025\/02\/Danuba-453-1-e1726665267261-768x1434-1.webp","width":768,"height":1434,"caption":"Danuba Ino Si 1L. speci\u00e1lis lombtr\u00e1gya"},{"@type":"BreadcrumbList","@id":"https:\/\/tajkertesz.com\/termek\/danuba-ino-si-1l-specialis-lombtragya\/#breadcrumb","itemListElement":[{"@type":"ListItem","position":1,"name":"Home","item":"https:\/\/tajkertesz.com\/"},{"@type":"ListItem","position":2,"name":"Kezd\u0151lap","item":"https:\/\/tajkertesz.com\/"},{"@type":"ListItem","position":3,"name":"Danuba Ino Si 1L. speci\u00e1lis lombtr\u00e1gya"}]},{"@type":"WebSite","@id":"https:\/\/tajkertesz.com\/#website","url":"https:\/\/tajkertesz.com\/","name":"T\u00e1j-Kert\u00e9sz 84 Kft.","description":"Kert\u00e9szeti kis- \u00e9s nagykeresked\u00e9s, D\u00edszn\u00f6v\u00e9ny web\u00e1ruh\u00e1z orsz\u00e1gos h\u00e1zhozsz\u00e1ll\u00edt\u00e1ssal!","publisher":{"@id":"https:\/\/tajkertesz.com\/#organization"},"potentialAction":[{"@type":"SearchAction","target":{"@type":"EntryPoint","urlTemplate":"https:\/\/tajkertesz.com\/?s={search_term_string}"},"query-input":{"@type":"PropertyValueSpecification","valueRequired":true,"valueName":"search_term_string"}}],"inLanguage":"en-US"},{"@type":"Organization","@id":"https:\/\/tajkertesz.com\/#organization","name":"T\u00e1j-Kert\u00e9sz 84 Kft.","url":"https:\/\/tajkertesz.com\/","logo":{"@type":"ImageObject","inLanguage":"en-US","@id":"https:\/\/tajkertesz.com\/#\/schema\/logo\/image\/","url":"https:\/\/tajkertesz.com\/wp-content\/uploads\/2018\/02\/logo-2-e1518678052539.png","contentUrl":"https:\/\/tajkertesz.com\/wp-content\/uploads\/2018\/02\/logo-2-e1518678052539.png","width":81,"height":140,"caption":"T\u00e1j-Kert\u00e9sz 84 Kft."},"image":{"@id":"https:\/\/tajkertesz.com\/#\/schema\/logo\/image\/"},"sameAs":["https:\/\/www.facebook.com\/Tajkertesz\/"]}]}},"_links":{"self":[{"href":"https:\/\/tajkertesz.com\/en_US\/wp-json\/wp\/v2\/product\/22437","targetHints":{"allow":["GET"]}}],"collection":[{"href":"https:\/\/tajkertesz.com\/en_US\/wp-json\/wp\/v2\/product"}],"about":[{"href":"https:\/\/tajkertesz.com\/en_US\/wp-json\/wp\/v2\/types\/product"}],"wp:featuredmedia":[{"embeddable":true,"href":"https:\/\/tajkertesz.com\/en_US\/wp-json\/wp\/v2\/media\/22438"}],"wp:attachment":[{"href":"https:\/\/tajkertesz.com\/en_US\/wp-json\/wp\/v2\/media?parent=22437"}],"wp:term":[{"taxonomy":"product_brand","embeddable":true,"href":"https:\/\/tajkertesz.com\/en_US\/wp-json\/wp\/v2\/product_brand?post=22437"},{"taxonomy":"product_cat","embeddable":true,"href":"https:\/\/tajkertesz.com\/en_US\/wp-json\/wp\/v2\/product_cat?post=22437"},{"taxonomy":"product_tag","embeddable":true,"href":"https:\/\/tajkertesz.com\/en_US\/wp-json\/wp\/v2\/product_tag?post=22437"}],"curies":[{"name":"wp","href":"https:\/\/api.w.org\/{rel}","templated":true}]}}