{"id":22487,"date":"2025-02-20T08:10:48","date_gmt":"2025-02-20T08:10:48","guid":{"rendered":"https:\/\/tajkertesz.com\/?post_type=product&#038;p=22487"},"modified":"2025-10-11T13:49:59","modified_gmt":"2025-10-11T13:49:59","slug":"danuba-softguard-novenyapolo-szer-gomba-rovar-1l","status":"publish","type":"product","link":"https:\/\/tajkertesz.com\/en_US\/product\/danuba-softguard-novenyapolo-szer-gomba-rovar-1l\/","title":{"rendered":"Danuba SoftGuard n\u00f6v\u00e9ny\u00e1pol\u00f3 szer gomba \/ rovar 1L"},"content":{"rendered":"<h2>Danuba SoftGuard n\u00f6v\u00e9ny\u00e1pol\u00f3 szer gomba \/ rovar 1L<\/h2>\n<p>Danuba SoftGuard n\u00f6v\u00e9ny\u00e1pol\u00f3 szer gomba \/ rovar 1L<\/p>\n<div><strong>Figyelem! A 0.5 \u00e9s 1 L-es flakon deform\u00e1l\u00f3dhat! Ez a term\u00e9k min\u0151s\u00e9g\u00e9t nem befoly\u00e1solja!<\/strong><\/div>\n<p><b>D\u00f3zis<\/b>: 2 dl\/10 liter permetl\u00e9<\/p>\n<div class=\"page\" title=\"Page 10\">\n<div class=\"section\">\n<div class=\"layoutArea\">\n<div class=\"column\">\n<h4><span style=\"color: #333333; font-size: 22px;\">Mi\u00e9rt ezt v\u00e1lasszam?<\/span><\/h4>\n<div class=\"elementor-element elementor-element-94ccfe8 elementor-widget elementor-widget-jet-listing-dynamic-field\" data-id=\"94ccfe8\" data-element_type=\"widget\" data-widget_type=\"jet-listing-dynamic-field.default\">\n<div class=\"elementor-widget-container\">\n<div class=\"jet-listing jet-listing-dynamic-field display-inline\">\n<div class=\"jet-listing-dynamic-field__inline-wrap\">\n<div class=\"jet-listing-dynamic-field__content\">\n<ol class=\"wp-block-list\">\n<li>Fontos m\u00e9r\u0151sz\u00e1ma a kitoz\u00e1n term\u00e9keknek, hogy az alapanyagk\u00e9nt haszn\u00e1lt kitint milyen m\u00e9rt\u00e9kben \u201ev\u00e1gt\u00e1k\u201d apr\u00f3bb kitoz\u00e1n darabokra. Ennek a m\u00e9r\u0151sz\u00e1ma a\u00a0Dalton. Min\u00e9l magasabb ez a sz\u00e1m, ann\u00e1l kisebbek benne a kitoz\u00e1n r\u00e9szecs\u00e9k, \u00e9s ann\u00e1l hat\u00e9konyabban felsz\u00edv\u00f3dik a n\u00f6v\u00e9nyben. A\u00a0SoftGuard\u00a0Dalton sz\u00e1ma 3.000.<\/li>\n<li>\u00c9rdemesebb\u00a0savas pH-j\u00fa, vagyis 6 alatti term\u00e9ket v\u00e1lasztani a jobb kompatibilit\u00e1s miatt a t\u00f6bbi term\u00e9kkel.<\/li>\n<\/ol>\n<div class=\"page\" title=\"Page 10\">\n<div class=\"section\">\n<div class=\"layoutArea\">\n<div class=\"column\">\n<h4><strong>Ta\u0301rola\u0301sa<\/strong><\/h4>\n<p>5-30 Celsius ko\u0308zo\u0308tt eredeti csomagola\u0301sban legala\u0301bb 36 ho\u0301napig mego\u030brzi a szavatossa\u0301ga\u0301t. Felbonta\u0301s uta\u0301n mihamarabb kijuttatando\u0301, de szorosan visszaza\u0301rva hu\u030bvo\u0308s, fagymentes helyen ta\u0301rolva 6 ho\u0301napig mino\u030bse\u0301gromla\u0301s ne\u0301lku\u0308l felhaszna\u0301lhato\u0301.<\/p>\n<\/div>\n<\/div>\n<\/div>\n<\/div>\n<h4><b>\ud83e\uddd0 Tudta?<\/b><\/h4>\n<p><i>Mi is a kitoz\u00e1n, a SoftGuard hat\u00f3anyaga?<\/i>\u00a0A kitoz\u00e1nt a kitinb\u0151l \u00e1ll\u00edtj\u00e1k el\u0151 &#8211; els\u0151sorban &#8211; a kagyl\u00f3k \u00e9s r\u00e1kok kitinp\u00e1nc\u00e9lj\u00e1b\u00f3l. A kitin a cellul\u00f3z ut\u00e1n a f\u00f6ld\u00f6n a m\u00e1sodik legelterjedtebb szerves molekula. A cellul\u00f3z a n\u00f6v\u00e9nyek alapv\u00e1za, m\u00edg a kitin a bakt\u00e9riumok, gomb\u00e1k \u00e9s rovarok\u00e9. Az EU 2014-ben enged\u00e9lyezte a kitoz\u00e1nt, mint a n\u00f6v\u00e9nyek ellen\u00e1ll\u00f3 k\u00e9pess\u00e9g\u00e9t fokoz\u00f3 hat\u00f3anyagot.<\/p>\n<h4><b>R\u00e9szletes le\u00edr\u00e1s:<\/b><\/h4>\n<h4><b>\ud83d\udcaa Hogyan er\u0151s\u00edti az immunrendszert a kitoz\u00e1n?<\/b><\/h4>\n<ul>\n<li>Mivel a kitin a bakt\u00e9riumokhoz, gomb\u00e1khoz \u00e9s rovarokhoz kapcsol\u00f3dik, \u00edgy azt a n\u00f6v\u00e9ny idegen \u00e9l\u0151l\u00e9nyk\u00e9nt, vagyis t\u00e1mad\u00e1sk\u00e9nt \u00e9li meg annak jelenl\u00e9t\u00e9t.<\/li>\n<li>Ez\u00e1ltal a kitoz\u00e1n a n\u00f6v\u00e9ny v\u00e9dekez\u0151 rendszer\u00e9t fokozza. Ez azt jelenti, hogy olyan alv\u00f3 g\u00e9neket aktiv\u00e1l a kromosz\u00f3m\u00e1n, amelyek csak ebben a specifikus \u201charci\u201d helyzetben sz\u00fcks\u00e9gesek.<\/li>\n<li>Hasonl\u00f3 immunreakci\u00f3t v\u00e1lt ki a Trichoderma vagy a Mikorrhiza gomba is a n\u00f6v\u00e9nyb\u0151l.<\/li>\n<li>A kitoz\u00e1n egy szerves molekula, mely ugyan \u00fagy a fotoszint\u00e9zis sor\u00e1n l\u00e9trej\u00f6tt gl\u00fck\u00f3z \u201cLEGO\u201d elemb\u0151l \u00e9p\u00fcl fel, mint szinte minden az \u00e9l\u0151vil\u00e1gban, vagyis hasznos t\u00e1panyag a n\u00f6v\u00e9nynek sz\u00e1m\u00e1ra.<\/li>\n<\/ul>\n<h4><strong>\ud83e\udd1e Kieg\u00e9sz\u00edt\u0151 term\u00e9kek alkalmaz\u00e1sa:<\/strong><\/h4>\n<ol>\n<li>Els\u0151 l\u00e9p\u00e9s: Tricho Immun kijuttat\u00e1sa<br \/>\nAlkalmazd el\u0151sz\u00f6r a Tricho Immun term\u00e9ket. Ennek sz\u00fcks\u00e9ge van n\u00e9h\u00e1ny \u00f3r\u00e1ra, hogy bejusson a n\u00f6v\u00e9nybe, \u00e9s n\u00e9h\u00e1ny h\u00e9tre, hogy teljesen elterjedjen \u00e9s megkezdje a n\u00f6v\u00e9ny bels\u0151 v\u00e9delm\u00e9t \u00e9s er\u0151s\u00edt\u00e9s\u00e9t.<\/li>\n<li>Els\u0151 l\u00e9p\u00e9s kieg\u00e9sz\u00edt\u00e9se: Asco Alga hozz\u00e1ad\u00e1sa<br \/>\nA Tricho Immun alkalmaz\u00e1sa mellett az Asco Alga term\u00e9ket is kijuttathatod, amely j\u00f3l kieg\u00e9sz\u00edti a Tricho Immun hat\u00e1s\u00e1t.<\/li>\n<li>M\u00e1sodik l\u00e9p\u00e9s: SoftGuard \u00e9s DanuVital Bio kijuttat\u00e1sa egy h\u00e9ttel k\u00e9s\u0151bb<br \/>\nEgy h\u00e9t eltelt\u00e9vel kipermetezheted a SoftGuard term\u00e9ket egy\u00fctt a DanuVital Bio-val. Fontos, hogy ez csak a Tricho Immun \u00e9s az Asco Alga alkalmaz\u00e1sa ut\u00e1n t\u00f6rt\u00e9njen, hogy elker\u00fcld a k\u00e1ros k\u00f6lcs\u00f6nhat\u00e1sokat.<\/li>\n<li>Ism\u00e9tl\u0151d\u0151 kezel\u00e9sek: SoftGuard kombin\u00e1ci\u00f3k 2-3 hetente<br \/>\nA kezel\u00e9si ciklusokat 2-3 hetente ism\u00e9telheted, v\u00e1ltogatva a SoftGuard + Asco Alga \u00e9s a SoftGuard + DanuVital Bio kombin\u00e1ci\u00f3k k\u00f6z\u00f6tt.<\/li>\n<\/ol>\n<h3 class=\"style-scope ytd-watch-metadata\">\u0150szi lemos\u00f3 permetez\u00e9s &#8211; helyett&#8230;<\/h3>\n<p><b>McMenemy M\u00e1rk (KertTV):\u00a0<\/b>&#8230; \u00e9n egy ideje m\u00e1r csak biostimul\u00e1nsokkal permetezem a n\u00f6v\u00e9nyeimet, mert \u00fagy tapasztalom, hogy a szok\u00e1sos k\u00e9nes-, rezes lemos\u00f3z\u00e1s sok hasznos gomb\u00e1t is elpuszt\u00edt nem csak a k\u00e1rosakat. Mutatom, hogy mit haszn\u00e1lok helyette.<\/p>\n<p><iframe loading=\"lazy\" title=\"\u0150szi lemos\u00f3 permetez\u00e9s - helyett... | kert TV\" width=\"1080\" height=\"608\" src=\"https:\/\/www.youtube.com\/embed\/pDoaMlxfxFE?feature=oembed\"  allow=\"accelerometer; autoplay; clipboard-write; encrypted-media; gyroscope; picture-in-picture; web-share\" referrerpolicy=\"strict-origin-when-cross-origin\" allowfullscreen><\/iframe><\/p>\n<p style=\"line-height: 18.0pt; background: white; margin: 0cm 0cm 15.0pt 0cm;\"><b><span style=\"font-family: 'Ubuntu',sans-serif; color: black;\">K\u00e9szlet\u00fcnk napi szinten v\u00e1ltozik, ez\u00e9rt k\u00e9rj\u00fck, \u00e9rdekl\u0151dj\u00f6n szem\u00e9lyesen, telefonon vagy email-en.<br \/>\nA v\u00e1ltoztat\u00e1s jog\u00e1t fenntartjuk!\u00a0<\/span><\/b><\/p>\n<p><a href=\"https:\/\/tajkertesz.com\/\">https:\/\/tajkertesz.com\/<\/a><\/p>\n<p><a href=\"https:\/\/www.facebook.com\/tajkertesz\/\">https:\/\/www.facebook.com\/tajkertesz\/<\/a><\/p>\n<p>Kisz\u00e1ll\u00edt\u00e1s: 200cm-ig \u00e9s 40 kg-ig a sz\u00e1ll\u00edt\u00e1s fut\u00e1rszolg\u00e1lattal t\u00f6rt\u00e9nik.<\/p>\n<p>Szem\u00e9lyes \u00e1tv\u00e9tel nyitvatart\u00e1si id\u0151ben a 17. ker\u00fclet Bakancsos utca 7. sz\u00e1m alatti Kert\u00e9szeti \u00e1rud\u00e1nkban.<\/p>\n<p><b><u>Kert\u00e9p\u00edt\u0151k \u00e9s viszontelad\u00f3k regisztr\u00e1l\u00e1s ut\u00e1n egyedi kedvezm\u00e9nnyel v\u00e1s\u00e1rolhatnak kert\u00e9szeti kis-\u00e9s nagykeresked\u00e9s\u00fcnkben.<\/u><\/b><\/p>\n<\/div>\n<\/div>\n<\/div>\n<\/div>\n<\/div>\n<\/div>\n<\/div>\n<\/div>\n<\/div>","protected":false},"excerpt":{"rendered":"<div><strong>Figyelem! A 0.5 \u00e9s 1 L-es flakon deform\u00e1l\u00f3dhat! Ez a term\u00e9k min\u0151s\u00e9g\u00e9t nem befoly\u00e1solja!<\/strong><\/div>\n<p><b>D\u00f3zis<\/b>: 2 dl\/10 liter permetl\u00e9<\/p>\n<p><b>Mire j\u00f3 a SoftGuard?<\/b><\/p>\n<ol>\n<li>Er\u0151s\u00edti a n\u00f6v\u00e9ny immunrendszer\u00e9t, \u00edgy az k\u00f6nnyebben lek\u00fczdi a k\u00f3rokoz\u00f3k t\u00e1mad\u00e1s\u00e1t<\/li>\n<li>Gyors\u00edtja a sebek gy\u00f3gyul\u00e1s\u00e1t<\/li>\n<li>Fokozza a sz\u00ednesed\u00e9st<\/li>\n<li>T\u00e1pl\u00e1l\u00e9kforr\u00e1s is a n\u00f6v\u00e9ny sz\u00e1m\u00e1ra (\u00f6sszetett cukor), \u00edgy n\u00f6veli annak term\u00e9s\u00e9t<\/li>\n<li>Bakt\u00e9rium-, gomba-, rovar\u00f6l\u0151, rovarijeszt\u0151 hat\u00e1s\u00fa<\/li>\n<li>Tov\u00e1bb\u00e1, nem csak er\u0151s\u00edti a n\u00f6v\u00e9ny immunrendszer\u00e9t, hanem ink\u00e1bb aktiv\u00e1lja. Mivel a DNS-ben t\u00e1rolt g\u00e9neknek csak egy r\u00e9sze m\u0171k\u00f6dik, amire sz\u00fcks\u00e9g van. A v\u00e9dekez\u0151 g\u00e9nek nagy r\u00e9sze inakt\u00edv, ha nincs baj.<\/li>\n<\/ol>\n<div class=\"page\" title=\"Page 10\">\n<div class=\"section\">\n<div class=\"layoutArea\">\n<div class=\"column\">\n<p><strong>Hogyan kell kijuttatni?<\/strong><\/p>\n<p>A terme\u0301ket 1-2%-os koncentra\u0301cio\u0301ban kell feloldani, vagyis 10L permetle\u0301be 1-2dl SoftGuard szu\u0308kse\u0301ges. A kezele\u0301st 2-3 hetente e\u0301rdemes megisme\u0301telni vagy Ino Si (magas szili\u0301cium tartalmu\u0301) terme\u0301kkel felva\u0301ltva alkalmazni. Szobano\u0308ve\u0301nyek ve\u0301delme\u0301re ko\u0308nnyede\u0301n haszna\u0301lhato\u0301 az elo\u030bre bekevert 0,5 literes szo\u0301ro\u0301flakonos kiszerele\u0301s.<\/p>\n<\/div>\n<\/div>\n<\/div>\n<\/div>","protected":false},"featured_media":22433,"template":"","meta":{"_et_pb_use_builder":"","_et_pb_old_content":"","_et_gb_content_width":""},"product_brand":[],"product_cat":[5639],"product_tag":[7188,5651,7178,5640,7184,4747,7185,7190,7189,7183,5650,4796,4734,7186,5649,7187],"class_list":{"0":"post-22487","1":"product","2":"type-product","3":"status-publish","4":"has-post-thumbnail","6":"product_cat-danuba-garden-termekek","7":"product_tag-1-literes","8":"product_tag-bakterium","9":"product_tag-bio-kerteszet","10":"product_tag-danuba","11":"product_tag-danuba-softguard","12":"product_tag-gomba","13":"product_tag-gomba-elleni-vedelem","14":"product_tag-gombabetegsegek-ellen","15":"product_tag-kartevok-ellen","16":"product_tag-novenyapolo-szer","17":"product_tag-novenyapoloszer","18":"product_tag-novenykondicionalo","19":"product_tag-rovar","20":"product_tag-rovar-elleni-vedelem","21":"product_tag-soft-guard","22":"product_tag-termeszetes-novenyvedelem","24":"first","25":"instock","26":"shipping-taxable","27":"purchasable","28":"product-type-simple"},"yoast_head":"<!-- This site is optimized with the Yoast SEO plugin v27.5 - https:\/\/yoast.com\/product\/yoast-seo-wordpress\/ -->\n<title>Danuba SoftGuard n\u00f6v\u00e9ny\u00e1pol\u00f3 szer gomba \/ rovar 1L - T\u00e1jkert\u00e9sz<\/title>\n<meta name=\"description\" content=\"Danuba SoftGuard n\u00f6v\u00e9ny\u00e1pol\u00f3 szer gomba\/rovar 1L. Er\u0151s\u00edti a n\u00f6v\u00e9ny immunrendszer\u00e9t, \u00edgy az k\u00f6nnyebben lek\u00fczdi a k\u00f3rokoz\u00f3k t\u00e1mad\u00e1s\u00e1t\" \/>\n<meta name=\"robots\" content=\"index, follow, max-snippet:-1, max-image-preview:large, max-video-preview:-1\" \/>\n<link rel=\"canonical\" href=\"https:\/\/tajkertesz.com\/en_US\/product\/danuba-softguard-novenyapolo-szer-gomba-rovar-1l\/\" \/>\n<meta property=\"og:locale\" content=\"en_US\" \/>\n<meta property=\"og:type\" content=\"article\" \/>\n<meta property=\"og:title\" content=\"Danuba SoftGuard n\u00f6v\u00e9ny\u00e1pol\u00f3 szer gomba \/ rovar 1L - T\u00e1jkert\u00e9sz\" \/>\n<meta property=\"og:description\" content=\"Danuba SoftGuard n\u00f6v\u00e9ny\u00e1pol\u00f3 szer gomba\/rovar 1L. Er\u0151s\u00edti a n\u00f6v\u00e9ny immunrendszer\u00e9t, \u00edgy az k\u00f6nnyebben lek\u00fczdi a k\u00f3rokoz\u00f3k t\u00e1mad\u00e1s\u00e1t\" \/>\n<meta property=\"og:url\" content=\"https:\/\/tajkertesz.com\/en_US\/product\/danuba-softguard-novenyapolo-szer-gomba-rovar-1l\/\" \/>\n<meta property=\"og:site_name\" content=\"T\u00e1jkert\u00e9sz\" \/>\n<meta property=\"article:publisher\" content=\"https:\/\/www.facebook.com\/Tajkertesz\/\" \/>\n<meta property=\"article:modified_time\" content=\"2025-10-11T13:49:59+00:00\" \/>\n<meta property=\"og:image\" content=\"https:\/\/tajkertesz.com\/wp-content\/uploads\/2025\/02\/SoftGuard-szorofej-is.webp\" \/>\n\t<meta property=\"og:image:width\" content=\"1600\" \/>\n\t<meta property=\"og:image:height\" content=\"1600\" \/>\n\t<meta property=\"og:image:type\" content=\"image\/webp\" \/>\n<meta name=\"twitter:card\" content=\"summary_large_image\" \/>\n<meta name=\"twitter:label1\" content=\"Est. reading time\" \/>\n\t<meta name=\"twitter:data1\" content=\"3 minutes\" \/>\n<script type=\"application\/ld+json\" class=\"yoast-schema-graph\">{\"@context\":\"https:\\\/\\\/schema.org\",\"@graph\":[{\"@type\":\"WebPage\",\"@id\":\"https:\\\/\\\/tajkertesz.com\\\/termek\\\/danuba-softguard-novenyapolo-szer-gomba-rovar-1l\\\/\",\"url\":\"https:\\\/\\\/tajkertesz.com\\\/termek\\\/danuba-softguard-novenyapolo-szer-gomba-rovar-1l\\\/\",\"name\":\"Danuba SoftGuard n\u00f6v\u00e9ny\u00e1pol\u00f3 szer gomba \\\/ rovar 1L - T\u00e1jkert\u00e9sz\",\"isPartOf\":{\"@id\":\"https:\\\/\\\/tajkertesz.com\\\/#website\"},\"primaryImageOfPage\":{\"@id\":\"https:\\\/\\\/tajkertesz.com\\\/termek\\\/danuba-softguard-novenyapolo-szer-gomba-rovar-1l\\\/#primaryimage\"},\"image\":{\"@id\":\"https:\\\/\\\/tajkertesz.com\\\/termek\\\/danuba-softguard-novenyapolo-szer-gomba-rovar-1l\\\/#primaryimage\"},\"thumbnailUrl\":\"https:\\\/\\\/tajkertesz.com\\\/wp-content\\\/uploads\\\/2025\\\/02\\\/SoftGuard-szorofej-is.webp\",\"datePublished\":\"2025-02-20T08:10:48+00:00\",\"dateModified\":\"2025-10-11T13:49:59+00:00\",\"description\":\"Danuba SoftGuard n\u00f6v\u00e9ny\u00e1pol\u00f3 szer gomba\\\/rovar 1L. Er\u0151s\u00edti a n\u00f6v\u00e9ny immunrendszer\u00e9t, \u00edgy az k\u00f6nnyebben lek\u00fczdi a k\u00f3rokoz\u00f3k t\u00e1mad\u00e1s\u00e1t\",\"breadcrumb\":{\"@id\":\"https:\\\/\\\/tajkertesz.com\\\/termek\\\/danuba-softguard-novenyapolo-szer-gomba-rovar-1l\\\/#breadcrumb\"},\"inLanguage\":\"en-US\",\"potentialAction\":[{\"@type\":\"ReadAction\",\"target\":[\"https:\\\/\\\/tajkertesz.com\\\/termek\\\/danuba-softguard-novenyapolo-szer-gomba-rovar-1l\\\/\"]}]},{\"@type\":\"ImageObject\",\"inLanguage\":\"en-US\",\"@id\":\"https:\\\/\\\/tajkertesz.com\\\/termek\\\/danuba-softguard-novenyapolo-szer-gomba-rovar-1l\\\/#primaryimage\",\"url\":\"https:\\\/\\\/tajkertesz.com\\\/wp-content\\\/uploads\\\/2025\\\/02\\\/SoftGuard-szorofej-is.webp\",\"contentUrl\":\"https:\\\/\\\/tajkertesz.com\\\/wp-content\\\/uploads\\\/2025\\\/02\\\/SoftGuard-szorofej-is.webp\",\"width\":1600,\"height\":1600,\"caption\":\"Danuba SoftGuard n\u00f6v\u00e9ny\u00e1pol\u00f3 szer gomba \\\/ rovar 1L\"},{\"@type\":\"BreadcrumbList\",\"@id\":\"https:\\\/\\\/tajkertesz.com\\\/termek\\\/danuba-softguard-novenyapolo-szer-gomba-rovar-1l\\\/#breadcrumb\",\"itemListElement\":[{\"@type\":\"ListItem\",\"position\":1,\"name\":\"Home\",\"item\":\"https:\\\/\\\/tajkertesz.com\\\/\"},{\"@type\":\"ListItem\",\"position\":2,\"name\":\"Kezd\u0151lap\",\"item\":\"https:\\\/\\\/tajkertesz.com\\\/\"},{\"@type\":\"ListItem\",\"position\":3,\"name\":\"Danuba SoftGuard n\u00f6v\u00e9ny\u00e1pol\u00f3 szer gomba \\\/ rovar 1L\"}]},{\"@type\":\"WebSite\",\"@id\":\"https:\\\/\\\/tajkertesz.com\\\/#website\",\"url\":\"https:\\\/\\\/tajkertesz.com\\\/\",\"name\":\"T\u00e1j-Kert\u00e9sz 84 Kft.\",\"description\":\"Kert\u00e9szeti kis- \u00e9s nagykeresked\u00e9s, D\u00edszn\u00f6v\u00e9ny web\u00e1ruh\u00e1z orsz\u00e1gos h\u00e1zhozsz\u00e1ll\u00edt\u00e1ssal!\",\"publisher\":{\"@id\":\"https:\\\/\\\/tajkertesz.com\\\/#organization\"},\"potentialAction\":[{\"@type\":\"SearchAction\",\"target\":{\"@type\":\"EntryPoint\",\"urlTemplate\":\"https:\\\/\\\/tajkertesz.com\\\/?s={search_term_string}\"},\"query-input\":{\"@type\":\"PropertyValueSpecification\",\"valueRequired\":true,\"valueName\":\"search_term_string\"}}],\"inLanguage\":\"en-US\"},{\"@type\":\"Organization\",\"@id\":\"https:\\\/\\\/tajkertesz.com\\\/#organization\",\"name\":\"T\u00e1j-Kert\u00e9sz 84 Kft.\",\"url\":\"https:\\\/\\\/tajkertesz.com\\\/\",\"logo\":{\"@type\":\"ImageObject\",\"inLanguage\":\"en-US\",\"@id\":\"https:\\\/\\\/tajkertesz.com\\\/#\\\/schema\\\/logo\\\/image\\\/\",\"url\":\"https:\\\/\\\/tajkertesz.com\\\/wp-content\\\/uploads\\\/2018\\\/02\\\/logo-2-e1518678052539.png\",\"contentUrl\":\"https:\\\/\\\/tajkertesz.com\\\/wp-content\\\/uploads\\\/2018\\\/02\\\/logo-2-e1518678052539.png\",\"width\":81,\"height\":140,\"caption\":\"T\u00e1j-Kert\u00e9sz 84 Kft.\"},\"image\":{\"@id\":\"https:\\\/\\\/tajkertesz.com\\\/#\\\/schema\\\/logo\\\/image\\\/\"},\"sameAs\":[\"https:\\\/\\\/www.facebook.com\\\/Tajkertesz\\\/\"]}]}<\/script>\n<!-- \/ Yoast SEO plugin. -->","yoast_head_json":{"title":"Danuba SoftGuard n\u00f6v\u00e9ny\u00e1pol\u00f3 szer gomba \/ rovar 1L - T\u00e1jkert\u00e9sz","description":"Danuba SoftGuard n\u00f6v\u00e9ny\u00e1pol\u00f3 szer gomba\/rovar 1L. Er\u0151s\u00edti a n\u00f6v\u00e9ny immunrendszer\u00e9t, \u00edgy az k\u00f6nnyebben lek\u00fczdi a k\u00f3rokoz\u00f3k t\u00e1mad\u00e1s\u00e1t","robots":{"index":"index","follow":"follow","max-snippet":"max-snippet:-1","max-image-preview":"max-image-preview:large","max-video-preview":"max-video-preview:-1"},"canonical":"https:\/\/tajkertesz.com\/en_US\/product\/danuba-softguard-novenyapolo-szer-gomba-rovar-1l\/","og_locale":"en_US","og_type":"article","og_title":"Danuba SoftGuard n\u00f6v\u00e9ny\u00e1pol\u00f3 szer gomba \/ rovar 1L - T\u00e1jkert\u00e9sz","og_description":"Danuba SoftGuard n\u00f6v\u00e9ny\u00e1pol\u00f3 szer gomba\/rovar 1L. Er\u0151s\u00edti a n\u00f6v\u00e9ny immunrendszer\u00e9t, \u00edgy az k\u00f6nnyebben lek\u00fczdi a k\u00f3rokoz\u00f3k t\u00e1mad\u00e1s\u00e1t","og_url":"https:\/\/tajkertesz.com\/en_US\/product\/danuba-softguard-novenyapolo-szer-gomba-rovar-1l\/","og_site_name":"T\u00e1jkert\u00e9sz","article_publisher":"https:\/\/www.facebook.com\/Tajkertesz\/","article_modified_time":"2025-10-11T13:49:59+00:00","og_image":[{"width":1600,"height":1600,"url":"https:\/\/tajkertesz.com\/wp-content\/uploads\/2025\/02\/SoftGuard-szorofej-is.webp","type":"image\/webp"}],"twitter_card":"summary_large_image","twitter_misc":{"Est. reading time":"3 minutes"},"schema":{"@context":"https:\/\/schema.org","@graph":[{"@type":"WebPage","@id":"https:\/\/tajkertesz.com\/termek\/danuba-softguard-novenyapolo-szer-gomba-rovar-1l\/","url":"https:\/\/tajkertesz.com\/termek\/danuba-softguard-novenyapolo-szer-gomba-rovar-1l\/","name":"Danuba SoftGuard n\u00f6v\u00e9ny\u00e1pol\u00f3 szer gomba \/ rovar 1L - T\u00e1jkert\u00e9sz","isPartOf":{"@id":"https:\/\/tajkertesz.com\/#website"},"primaryImageOfPage":{"@id":"https:\/\/tajkertesz.com\/termek\/danuba-softguard-novenyapolo-szer-gomba-rovar-1l\/#primaryimage"},"image":{"@id":"https:\/\/tajkertesz.com\/termek\/danuba-softguard-novenyapolo-szer-gomba-rovar-1l\/#primaryimage"},"thumbnailUrl":"https:\/\/tajkertesz.com\/wp-content\/uploads\/2025\/02\/SoftGuard-szorofej-is.webp","datePublished":"2025-02-20T08:10:48+00:00","dateModified":"2025-10-11T13:49:59+00:00","description":"Danuba SoftGuard n\u00f6v\u00e9ny\u00e1pol\u00f3 szer gomba\/rovar 1L. Er\u0151s\u00edti a n\u00f6v\u00e9ny immunrendszer\u00e9t, \u00edgy az k\u00f6nnyebben lek\u00fczdi a k\u00f3rokoz\u00f3k t\u00e1mad\u00e1s\u00e1t","breadcrumb":{"@id":"https:\/\/tajkertesz.com\/termek\/danuba-softguard-novenyapolo-szer-gomba-rovar-1l\/#breadcrumb"},"inLanguage":"en-US","potentialAction":[{"@type":"ReadAction","target":["https:\/\/tajkertesz.com\/termek\/danuba-softguard-novenyapolo-szer-gomba-rovar-1l\/"]}]},{"@type":"ImageObject","inLanguage":"en-US","@id":"https:\/\/tajkertesz.com\/termek\/danuba-softguard-novenyapolo-szer-gomba-rovar-1l\/#primaryimage","url":"https:\/\/tajkertesz.com\/wp-content\/uploads\/2025\/02\/SoftGuard-szorofej-is.webp","contentUrl":"https:\/\/tajkertesz.com\/wp-content\/uploads\/2025\/02\/SoftGuard-szorofej-is.webp","width":1600,"height":1600,"caption":"Danuba SoftGuard n\u00f6v\u00e9ny\u00e1pol\u00f3 szer gomba \/ rovar 1L"},{"@type":"BreadcrumbList","@id":"https:\/\/tajkertesz.com\/termek\/danuba-softguard-novenyapolo-szer-gomba-rovar-1l\/#breadcrumb","itemListElement":[{"@type":"ListItem","position":1,"name":"Home","item":"https:\/\/tajkertesz.com\/"},{"@type":"ListItem","position":2,"name":"Kezd\u0151lap","item":"https:\/\/tajkertesz.com\/"},{"@type":"ListItem","position":3,"name":"Danuba SoftGuard n\u00f6v\u00e9ny\u00e1pol\u00f3 szer gomba \/ rovar 1L"}]},{"@type":"WebSite","@id":"https:\/\/tajkertesz.com\/#website","url":"https:\/\/tajkertesz.com\/","name":"T\u00e1j-Kert\u00e9sz 84 Kft.","description":"Kert\u00e9szeti kis- \u00e9s nagykeresked\u00e9s, D\u00edszn\u00f6v\u00e9ny web\u00e1ruh\u00e1z orsz\u00e1gos h\u00e1zhozsz\u00e1ll\u00edt\u00e1ssal!","publisher":{"@id":"https:\/\/tajkertesz.com\/#organization"},"potentialAction":[{"@type":"SearchAction","target":{"@type":"EntryPoint","urlTemplate":"https:\/\/tajkertesz.com\/?s={search_term_string}"},"query-input":{"@type":"PropertyValueSpecification","valueRequired":true,"valueName":"search_term_string"}}],"inLanguage":"en-US"},{"@type":"Organization","@id":"https:\/\/tajkertesz.com\/#organization","name":"T\u00e1j-Kert\u00e9sz 84 Kft.","url":"https:\/\/tajkertesz.com\/","logo":{"@type":"ImageObject","inLanguage":"en-US","@id":"https:\/\/tajkertesz.com\/#\/schema\/logo\/image\/","url":"https:\/\/tajkertesz.com\/wp-content\/uploads\/2018\/02\/logo-2-e1518678052539.png","contentUrl":"https:\/\/tajkertesz.com\/wp-content\/uploads\/2018\/02\/logo-2-e1518678052539.png","width":81,"height":140,"caption":"T\u00e1j-Kert\u00e9sz 84 Kft."},"image":{"@id":"https:\/\/tajkertesz.com\/#\/schema\/logo\/image\/"},"sameAs":["https:\/\/www.facebook.com\/Tajkertesz\/"]}]}},"_links":{"self":[{"href":"https:\/\/tajkertesz.com\/en_US\/wp-json\/wp\/v2\/product\/22487","targetHints":{"allow":["GET"]}}],"collection":[{"href":"https:\/\/tajkertesz.com\/en_US\/wp-json\/wp\/v2\/product"}],"about":[{"href":"https:\/\/tajkertesz.com\/en_US\/wp-json\/wp\/v2\/types\/product"}],"wp:featuredmedia":[{"embeddable":true,"href":"https:\/\/tajkertesz.com\/en_US\/wp-json\/wp\/v2\/media\/22433"}],"wp:attachment":[{"href":"https:\/\/tajkertesz.com\/en_US\/wp-json\/wp\/v2\/media?parent=22487"}],"wp:term":[{"taxonomy":"product_brand","embeddable":true,"href":"https:\/\/tajkertesz.com\/en_US\/wp-json\/wp\/v2\/product_brand?post=22487"},{"taxonomy":"product_cat","embeddable":true,"href":"https:\/\/tajkertesz.com\/en_US\/wp-json\/wp\/v2\/product_cat?post=22487"},{"taxonomy":"product_tag","embeddable":true,"href":"https:\/\/tajkertesz.com\/en_US\/wp-json\/wp\/v2\/product_tag?post=22487"}],"curies":[{"name":"wp","href":"https:\/\/api.w.org\/{rel}","templated":true}]}}