{"id":22488,"date":"2025-02-20T08:37:34","date_gmt":"2025-02-20T08:37:34","guid":{"rendered":"https:\/\/tajkertesz.com\/?post_type=product&#038;p=22488"},"modified":"2025-10-11T13:32:34","modified_gmt":"2025-10-11T13:32:34","slug":"danuba-garden-kelpak-tengeri-alga-1l","status":"publish","type":"product","link":"https:\/\/tajkertesz.com\/en_US\/product\/danuba-garden-kelpak-tengeri-alga-1l\/","title":{"rendered":"Danuba Garden Kelpak tengeri alga 1L."},"content":{"rendered":"<h1>Danuba Garden Kelpak tengeri alga 1L.<\/h1>\n<p>A Danuba Garden Kelpak tengeri alga 1L.\u00a0auxin t\u00fals\u00falyos, ami a gy\u00f6keresed\u00e9st \u00e9s a vir\u00e1gz\u00e1st t\u00e1mogatja els\u0151sorban.<\/p>\n<p>D\u00f3zis: 2 dl\/10 liter permetl\u00e9<\/p>\n<h4>Mi\u00e9rt v\u00e1lassza a Kelpak-ot?<\/h4>\n<p>A Danuba k\u00e9t tengeri alga biostimul\u00e1nst is k\u00edn\u00e1l a termel\u0151k r\u00e9sz\u00e9re. Ahogy fejl\u0151dik a n\u00f6v\u00e9ny, \u00fagy v\u00e1ltozik a n\u00f6veked\u00e9s\u00e9hez sz\u00fcks\u00e9ges n\u00f6v\u00e9nyi hormonok ar\u00e1nya. Gy\u00f6keresed\u00e9s \u00e9s kezdeti n\u00f6veked\u00e9s sor\u00e1n az auxin sz\u00fcks\u00e9ges, \u00edgy a Kelpak-ot kell v\u00e1lasztani.<\/p>\n<p>A Kelpak auxin t\u00fals\u00falyos, ami a gy\u00f6keresed\u00e9st \u00e9s a vir\u00e1gz\u00e1st t\u00e1mogatja els\u0151sorban. Persze nem baj, ha az intenz\u00edv n\u00f6veked\u00e9s sor\u00e1n haszn\u00e1ljuk sem, mert lehet p\u00e9ld\u00e1ul desszerttel kezdeni az eb\u00e9det.\u00a0\ud83d\ude01<\/p>\n<div class=\"page\" title=\"Page 1\">\n<div class=\"section\">\n<div class=\"layoutArea\">\n<div class=\"column\">\n<p>A mino\u030bse\u0301gi alga terme\u0301kek a ko\u0308vetkezo\u030b mo\u0301don hatnak:<\/p>\n<ul>\n<li>A bennu\u0308k le\u0301vo\u030b ta\u0301pelemek \u2013 elso\u030bsorban mezo e\u0301s mikroelemek \u2013 azonnal felveheto\u030bk a no\u0308ve\u0301ny sza\u0301ma\u0301ra. Eza\u0301ltal cso\u0308kkenthetju\u0308k a ta\u0301panyaghia\u0301nyok kialakula\u0301sa\u0301t<br \/>\nAz alga terme\u0301kekben le\u0301vo\u030b betain cso\u0308kkenti az abiotikus stressz hata\u0301st, mint pl. a fagy okozta ka\u0301rok<\/li>\n<li>A pre\u0301mium alga terme\u0301kekben le\u0301vo\u030b lipidek e\u0301s poliszacharidok energia\u0301t adnak a no\u0308ve\u0301ny sza\u0301ma\u0301ra<br \/>\nA Danuba ke\u0301t mino\u030bse\u0301gi alga terme\u0301ket is regisztra\u0301lt Magyarorsza\u0301gon. A\u00a0<em>Kelpak<\/em>\u00a0a gyo\u0308keresede\u0301st e\u0301s a vira\u0301gza\u0301st, mi\u0301g az\u00a0<em>Asco Alga\u00a0<\/em>az intenzi\u0301v no\u0308vekede\u0301st tudja fokozni<\/li>\n<\/ul>\n<\/div>\n<\/div>\n<div class=\"page\" title=\"Page 7\">\n<div class=\"section\">\n<div class=\"layoutArea\">\n<div class=\"column\">\n<h4>Hogyan kell kijuttatni a Danuba Garden Kelpak tengeri alg\u00e1t?<\/h4>\n<div class=\"page\" title=\"Page 7\">\n<p>Gyo\u0308ke\u0301r beo\u0308nto\u0308ze\u0301se\u0301re 1%-os oldatban haszna\u0301ljuk, vagyis 10L vi\u0301zbe 1 dl Kelpak kell. Lombkezele\u0301sre 1-2% oldatban, vagyis 10L permetle\u0301be 1-2 dl Kelpakot tegyu\u0308nk e\u0301s azt permetezzu\u0308k a zo\u0308ld lombfelu\u0308letre.<\/p>\n<div class=\"page\" title=\"Page 7\">\n<p>Asco Alga term\u00e9k\u00fcnk (TSL 29)\u00a0EU-megfelel\u0151s\u00e9gi nyilatkozattal\u00a0rendelkezik (EU Declaration of Conformity).<\/p>\n<div class=\"section\">\n<div class=\"layoutArea\">\n<div class=\"column\">\n<p>Danuba Garden Kelpak tengeri alga 1L. ta\u0301rola\u0301sa:<\/p>\n<div class=\"page\" title=\"Page 7\">\n<div class=\"section\">\n<div class=\"layoutArea\">\n<div class=\"column\">\n<p>5-30 Celsius ko\u0308zo\u0308tt eredeti csomagola\u0301sban legala\u0301bb 36 ho\u0301napig mego\u030brzi a szavatossa\u0301ga\u0301t. Felbonta\u0301s uta\u0301n mihamarabb kijuttatando\u0301, de szorosan visszaza\u0301rva e\u0301s hu\u030btve ta\u0301rolva 6 ho\u0301napig mino\u030bse\u0301gromla\u0301s ne\u0301lku\u0308l felhaszna\u0301lhato\u0301.<\/p>\n<p>&nbsp;<\/p>\n<\/div>\n<\/div>\n<\/div>\n<\/div>\n<\/div>\n<\/div>\n<\/div>\n<\/div>\n<h4>\ud83d\udc69\u200d\ud83c\udf3e Mit tartalmaz?<\/h4>\n<p>A\u00a0DanubaGarden\u00a0k\u00edn\u00e1lat\u00e1ban a\u00a0Kelpak algak\u00e9sz\u00edtm\u00e9ny tartalmaz auxinhat\u00e1s\u00fa anyagokat.\u00a0<em>Ecklonia maxima<\/em>\u00a0alg\u00e1t tartalmaz, melyet D\u00e9l-Afrika partjain\u00e1l termesztenek az \u00f3ce\u00e1nban.<\/p>\n<p class=\"last-child\">A\u00a0Kelpak\u00a0k\u00f6zel 100 f\u00e9le biol\u00f3giailag akt\u00edv anyagot tartalmaz, melyek egy\u00fcttesen okoznak auxin jelleg\u0171 hat\u00e1st: sz\u00e9nhidr\u00e1tok, \u00e1sv\u00e1nyi anyagok, amin\u00f3savak, algin\u00e1tok, poliaminok, lipidek, florotanninok, brassinoszteroidok.<\/p>\n<p>A\u00a0Kelpak\u00a0alga a mag cs\u00edr\u00e1z\u00e1s\u00e1nak t\u00e1mogat\u00e1s\u00e1n \u00e9s a gy\u00f6k\u00e9rt\u00f6meg fejleszt\u00e9s\u00e9n k\u00edv\u00fcl sz\u00e1mos m\u00e1s pozit\u00edv hat\u00e1ssal is rendelkezik:<\/p>\n<ul>\n<li>fokozza a vir\u00e1gpollen cs\u00edr\u00e1z\u00e1s\u00e1t \u00e9s a pollent\u00f6ml\u0151k kihajt\u00e1s\u00e1t a vir\u00e1gban<\/li>\n<li>megel\u0151z\u00e9sk\u00e9ppen v\u00e9delmet ad k\u00fcl\u00f6nb\u00f6z\u0151 biotikus \u00e9s abiotikus stresszforr\u00e1sok ellen pl. fagyk\u00e1r<\/li>\n<\/ul>\n<h4>\ud83e\udeb8 Mi\u00e9rt hasznosak a tengeri alg\u00e1k?<\/h4>\n<ol>\n<li>A min\u0151s\u00e9gi alga term\u00e9kek k\u00e9pesek seg\u00edteni a n\u00f6v\u00e9nynek az al\u00e1bbiak eset\u00e9n: asz\u00e1ly, h\u0151stressz, v\u00e1g\u00e1si s\u00e9r\u00fcl\u00e9s, t\u00e1panyaghi\u00e1ny, megterm\u00e9keny\u00fcl\u00e9s, sz\u00ednesed\u00e9s, beltartalom \u00e9s t\u00e1rolhat\u00f3s\u00e1g jav\u00edt\u00e1sa<\/li>\n<li>A tengeri alg\u00e1k rendk\u00edv\u00fcl neh\u00e9z k\u00f6r\u00fclm\u00e9nyek k\u00f6z\u00f6tt k\u00e9nytelenek feln\u0151ni, hiszen az ap\u00e1ly-dag\u00e1ly miatt hol v\u00edzben vannak, hol a tengerparton, hideg meleg \u00e1ramlatok v\u00e1ltakoznak k\u00f6r\u00fcl\u00f6tte, folyamatosan puszt\u00edtj\u00e1k \u0151ket a tengeri \u00e1llatok<\/li>\n<li>Ilyen k\u00f6r\u00fclm\u00e9nyek k\u00f6z\u00f6tt, ha alkalmas a k\u00f6rnyezet, akkor nagyon gyorsan kell n\u0151ni\u00fck<\/li>\n<li>Az alg\u00e1k ak\u00e1r 100-szor gyorsabban k\u00e9pesek n\u0151ni, mint a mi sz\u00e1nt\u00f3f\u00f6ldi n\u00f6v\u00e9nyeink, ak\u00e1r 1 m\u00e9tert is egy nap alatt<\/li>\n<li>Az alg\u00e1kban k\u00f6zel 100 f\u00e9le hasznos bioakt\u00edv alkot\u00f3elem van, melyek abban seg\u00edtenek, hogy berobbanjon a n\u00f6v\u00e9ny<\/li>\n<\/ol>\n<p>\ud83d\udc1a Tov\u00e1bbi inform\u00e1ci\u00f3A Danuba k\u00e9t tengeri alga biostimul\u00e1nst is k\u00edn\u00e1l a termel\u0151k r\u00e9sz\u00e9re. Ahogy fejl\u0151dik a n\u00f6v\u00e9ny, \u00fagy v\u00e1ltozik a n\u00f6veked\u00e9s\u00e9hez sz\u00fcks\u00e9ges n\u00f6v\u00e9nyi hormonok ar\u00e1nya. Gy\u00f6keresed\u00e9s \u00e9s kezdeti n\u00f6veked\u00e9s sor\u00e1n az auxin sz\u00fcks\u00e9ges, \u00edgy a Kelpak-ot kell v\u00e1lasztani.A min\u0151s\u00e9gi alga term\u00e9kek k\u00e9pesek seg\u00edteni a n\u00f6v\u00e9nynek az al\u00e1bbiak eset\u00e9n: asz\u00e1ly, h\u0151stressz, v\u00e1g\u00e1si s\u00e9r\u00fcl\u00e9s, t\u00e1panyaghi\u00e1ny, megterm\u00e9keny\u00fcl\u00e9s, sz\u00ednesed\u00e9s, beltartalom \u00e9s t\u00e1rolhat\u00f3s\u00e1g jav\u00edt\u00e1sa.<\/p>\n<p>A Kelpak legink\u00e1bb a gy\u00f6keresed\u00e9st \u00e9s a vir\u00e1gz\u00e1st t\u00e1mogatja. Ha a vir\u00e1gz\u00e1st szeretn\u00e9nk el\u0151t\u00e9rbe helyezni, akkor a vir\u00e1gz\u00e1st megel\u0151z\u0151 id\u0151szakban aj\u00e1nlott kijuttatni a term\u00e9ket, egy-k\u00e9t alkalommal.<\/p>\n<h4>\u2744\ufe0f A Fagy el\u0151tt az alg\u00e1kkal! \u2744\ufe0f<\/h4>\n<div class=\"page\" title=\"Page 1\">\n<div class=\"section\">\n<div class=\"layoutArea\">\n<div class=\"column\">\n<p>No\u0308velju\u0308k a no\u0308ve\u0301nyu\u0308nk nedv koncenctra\u0301cio\u0301ja\u0301t egy ma\u0301sik \u201eno\u0308ve\u0301ny\u201d su\u030bri\u0301tme\u0301nye\u0301vel. Erre a legjobbak az alga\u0301s kezele\u0301sek. Mint ahogy az emberek is haszna\u0301lja\u0301k az alga\u0301kat a bo\u030bru\u0308k fiatali\u0301ta\u0301sa\u0301ra, ero\u030bsi\u0301te\u0301se\u0301re, valamint ta\u0301pla\u0301le\u0301k kiege\u0301szi\u0301te\u0301sre (spirulina), ugyan u\u0301gy haszna\u0301lhatjuk az alga terme\u0301keket a no\u0308ve\u0301nyeinken is.<\/p>\n<\/div>\n<div>\n<p>\u2728\u00a0Mit\u0151l k\u00fcl\u00f6nleges a Kelpak?1. D\u00e9l-Afrikai Ecklonia maxima alg\u00e1b\u00f3l k\u00e9sz\u00fcl, ami csak a hideg d\u00e9l-afrikai partokn\u00e1l n\u0151<\/p>\n<p>2. ebben az alga fajban magasabb az auxin tipus\u00fa n\u00f6v\u00e9nyi hormonok ar\u00e1nya, mely a gy\u00f6keresed\u00e9st \u00e9s vir\u00e1gz\u00e1st t\u00e1mogatja. \u00cdgy haszn\u00e1lat\u00e1t a vet\u00e9s, pal\u00e1nt\u00e1z\u00e1s id\u0151szak\u00e1ban, \u00e9s vir\u00e1gz\u00e1s el\u0151tt javasolt legink\u00e1bb.<\/p>\n<\/div>\n<\/div>\n<p style=\"line-height: 18.0pt; background: white; margin: 0cm 0cm 15.0pt 0cm;\"><span style=\"font-family: 'Ubuntu',sans-serif; color: black;\">K\u00e9szlet\u00fcnk napi szinten v\u00e1ltozik, ez\u00e9rt k\u00e9rj\u00fck, \u00e9rdekl\u0151dj\u00f6n szem\u00e9lyesen, telefonon vagy email-en.<br \/>\nA v\u00e1ltoztat\u00e1s jog\u00e1t fenntartjuk!\u00a0<\/span><\/p>\n<p><a href=\"https:\/\/tajkertesz.com\/\">https:\/\/tajkertesz.com\/<\/a><\/p>\n<p><a href=\"https:\/\/www.facebook.com\/tajkertesz\/\">https:\/\/www.facebook.com\/tajkertesz\/<\/a><\/p>\n<p>Kisz\u00e1ll\u00edt\u00e1s: 200cm-ig \u00e9s 40 kg-ig a sz\u00e1ll\u00edt\u00e1s fut\u00e1rszolg\u00e1lattal t\u00f6rt\u00e9nik.<\/p>\n<p>Szem\u00e9lyes \u00e1tv\u00e9tel nyitvatart\u00e1si id\u0151ben a 17. ker\u00fclet Bakancsos utca 7. sz\u00e1m alatti Kert\u00e9szeti \u00e1rud\u00e1nkban.<\/p>\n<p><u>Kert\u00e9p\u00edt\u0151k \u00e9s viszontelad\u00f3k regisztr\u00e1l\u00e1s ut\u00e1n egyedi kedvezm\u00e9nnyel v\u00e1s\u00e1rolhatnak kert\u00e9szeti kis-\u00e9s nagykeresked\u00e9s\u00fcnkben.<\/u><\/p>\n<\/div>\n<\/div>\n<\/div>\n<\/div>\n<\/div>\n<\/div>\n<\/div>\n<\/div>\n<\/div>","protected":false},"excerpt":{"rendered":"<p><b>D\u00f3zis: 2 dl\/10 liter permetl\u00e9<\/b><\/p>\n<p><b>Mi\u00e9rt v\u00e1lassza a Kelpak-ot?<\/b><\/p>\n<p>A Danuba k\u00e9t tengeri alga biostimul\u00e1nst is k\u00edn\u00e1l a termel\u0151k r\u00e9sz\u00e9re. Ahogy fejl\u0151dik a n\u00f6v\u00e9ny, \u00fagy v\u00e1ltozik a n\u00f6veked\u00e9s\u00e9hez sz\u00fcks\u00e9ges n\u00f6v\u00e9nyi hormonok ar\u00e1nya. Gy\u00f6keresed\u00e9s \u00e9s kezdeti n\u00f6veked\u00e9s sor\u00e1n az auxin sz\u00fcks\u00e9ges, \u00edgy a Kelpak-ot kell v\u00e1lasztani.<\/p>","protected":false},"featured_media":22490,"template":"","meta":{"_et_pb_use_builder":"","_et_pb_old_content":"","_et_gb_content_width":""},"product_brand":[],"product_cat":[5639],"product_tag":[5662,7168,5644,7169,5661,4564,7170,4796,4798,5663,7171],"class_list":{"0":"post-22488","1":"product","2":"type-product","3":"status-publish","4":"has-post-thumbnail","6":"product_cat-danuba-garden-termekek","7":"product_tag-alga","8":"product_tag-biostimulator","9":"product_tag-danuba-garden","10":"product_tag-gyokererosito","11":"product_tag-kelpak","12":"product_tag-kerteszet","13":"product_tag-novekedesserkento","14":"product_tag-novenykondicionalo","15":"product_tag-novenytap","16":"product_tag-tengeri-alga","17":"product_tag-termeszetes-novenytap","19":"first","20":"instock","21":"shipping-taxable","22":"purchasable","23":"product-type-simple"},"yoast_head":"<!-- This site is optimized with the Yoast SEO plugin v27.4 - https:\/\/yoast.com\/product\/yoast-seo-wordpress\/ -->\n<title>Danuba Garden Kelpak tengeri alga 1L. - T\u00e1jkert\u00e9sz<\/title>\n<meta name=\"description\" content=\"Danuba Garden Kelpak tengeri alga 1L. Az alga terme\u0301kekben le\u0301vo\u030b betain cso\u0308kkenti az abiotikus stressz hata\u0301st, mint pl. a fagy okozta ka\u0301rok.\" \/>\n<meta name=\"robots\" content=\"index, follow, max-snippet:-1, max-image-preview:large, max-video-preview:-1\" \/>\n<link rel=\"canonical\" href=\"https:\/\/tajkertesz.com\/en_US\/product\/danuba-garden-kelpak-tengeri-alga-1l\/\" \/>\n<meta property=\"og:locale\" content=\"en_US\" \/>\n<meta property=\"og:type\" content=\"article\" \/>\n<meta property=\"og:title\" content=\"Danuba Garden Kelpak tengeri alga 1L. - T\u00e1jkert\u00e9sz\" \/>\n<meta property=\"og:description\" content=\"Danuba Garden Kelpak tengeri alga 1L. Az alga terme\u0301kekben le\u0301vo\u030b betain cso\u0308kkenti az abiotikus stressz hata\u0301st, mint pl. a fagy okozta ka\u0301rok.\" \/>\n<meta property=\"og:url\" content=\"https:\/\/tajkertesz.com\/en_US\/product\/danuba-garden-kelpak-tengeri-alga-1l\/\" \/>\n<meta property=\"og:site_name\" content=\"T\u00e1jkert\u00e9sz\" \/>\n<meta property=\"article:publisher\" content=\"https:\/\/www.facebook.com\/Tajkertesz\/\" \/>\n<meta property=\"article:modified_time\" content=\"2025-10-11T13:32:34+00:00\" \/>\n<meta property=\"og:image\" content=\"https:\/\/tajkertesz.com\/wp-content\/uploads\/2025\/02\/Kelpak-1L.webp\" \/>\n\t<meta property=\"og:image:width\" content=\"1600\" \/>\n\t<meta property=\"og:image:height\" content=\"1600\" \/>\n\t<meta property=\"og:image:type\" content=\"image\/webp\" \/>\n<meta name=\"twitter:card\" content=\"summary_large_image\" \/>\n<meta name=\"twitter:label1\" content=\"Est. reading time\" \/>\n\t<meta name=\"twitter:data1\" content=\"4 minutes\" \/>\n<script type=\"application\/ld+json\" class=\"yoast-schema-graph\">{\"@context\":\"https:\\\/\\\/schema.org\",\"@graph\":[{\"@type\":\"WebPage\",\"@id\":\"https:\\\/\\\/tajkertesz.com\\\/termek\\\/danuba-garden-kelpak-tengeri-alga-1l\\\/\",\"url\":\"https:\\\/\\\/tajkertesz.com\\\/termek\\\/danuba-garden-kelpak-tengeri-alga-1l\\\/\",\"name\":\"Danuba Garden Kelpak tengeri alga 1L. - T\u00e1jkert\u00e9sz\",\"isPartOf\":{\"@id\":\"https:\\\/\\\/tajkertesz.com\\\/#website\"},\"primaryImageOfPage\":{\"@id\":\"https:\\\/\\\/tajkertesz.com\\\/termek\\\/danuba-garden-kelpak-tengeri-alga-1l\\\/#primaryimage\"},\"image\":{\"@id\":\"https:\\\/\\\/tajkertesz.com\\\/termek\\\/danuba-garden-kelpak-tengeri-alga-1l\\\/#primaryimage\"},\"thumbnailUrl\":\"https:\\\/\\\/tajkertesz.com\\\/wp-content\\\/uploads\\\/2025\\\/02\\\/Kelpak-1L.webp\",\"datePublished\":\"2025-02-20T08:37:34+00:00\",\"dateModified\":\"2025-10-11T13:32:34+00:00\",\"description\":\"Danuba Garden Kelpak tengeri alga 1L. Az alga terme\u0301kekben le\u0301vo\u030b betain cso\u0308kkenti az abiotikus stressz hata\u0301st, mint pl. a fagy okozta ka\u0301rok.\",\"breadcrumb\":{\"@id\":\"https:\\\/\\\/tajkertesz.com\\\/termek\\\/danuba-garden-kelpak-tengeri-alga-1l\\\/#breadcrumb\"},\"inLanguage\":\"en-US\",\"potentialAction\":[{\"@type\":\"ReadAction\",\"target\":[\"https:\\\/\\\/tajkertesz.com\\\/termek\\\/danuba-garden-kelpak-tengeri-alga-1l\\\/\"]}]},{\"@type\":\"ImageObject\",\"inLanguage\":\"en-US\",\"@id\":\"https:\\\/\\\/tajkertesz.com\\\/termek\\\/danuba-garden-kelpak-tengeri-alga-1l\\\/#primaryimage\",\"url\":\"https:\\\/\\\/tajkertesz.com\\\/wp-content\\\/uploads\\\/2025\\\/02\\\/Kelpak-1L.webp\",\"contentUrl\":\"https:\\\/\\\/tajkertesz.com\\\/wp-content\\\/uploads\\\/2025\\\/02\\\/Kelpak-1L.webp\",\"width\":1600,\"height\":1600,\"caption\":\"Danuba Garden Kelpak tengeri alga 1L.\"},{\"@type\":\"BreadcrumbList\",\"@id\":\"https:\\\/\\\/tajkertesz.com\\\/termek\\\/danuba-garden-kelpak-tengeri-alga-1l\\\/#breadcrumb\",\"itemListElement\":[{\"@type\":\"ListItem\",\"position\":1,\"name\":\"Home\",\"item\":\"https:\\\/\\\/tajkertesz.com\\\/\"},{\"@type\":\"ListItem\",\"position\":2,\"name\":\"Kezd\u0151lap\",\"item\":\"https:\\\/\\\/tajkertesz.com\\\/\"},{\"@type\":\"ListItem\",\"position\":3,\"name\":\"Danuba Garden Kelpak tengeri alga 1L.\"}]},{\"@type\":\"WebSite\",\"@id\":\"https:\\\/\\\/tajkertesz.com\\\/#website\",\"url\":\"https:\\\/\\\/tajkertesz.com\\\/\",\"name\":\"T\u00e1j-Kert\u00e9sz 84 Kft.\",\"description\":\"Kert\u00e9szeti kis- \u00e9s nagykeresked\u00e9s, D\u00edszn\u00f6v\u00e9ny web\u00e1ruh\u00e1z orsz\u00e1gos h\u00e1zhozsz\u00e1ll\u00edt\u00e1ssal!\",\"publisher\":{\"@id\":\"https:\\\/\\\/tajkertesz.com\\\/#organization\"},\"potentialAction\":[{\"@type\":\"SearchAction\",\"target\":{\"@type\":\"EntryPoint\",\"urlTemplate\":\"https:\\\/\\\/tajkertesz.com\\\/?s={search_term_string}\"},\"query-input\":{\"@type\":\"PropertyValueSpecification\",\"valueRequired\":true,\"valueName\":\"search_term_string\"}}],\"inLanguage\":\"en-US\"},{\"@type\":\"Organization\",\"@id\":\"https:\\\/\\\/tajkertesz.com\\\/#organization\",\"name\":\"T\u00e1j-Kert\u00e9sz 84 Kft.\",\"url\":\"https:\\\/\\\/tajkertesz.com\\\/\",\"logo\":{\"@type\":\"ImageObject\",\"inLanguage\":\"en-US\",\"@id\":\"https:\\\/\\\/tajkertesz.com\\\/#\\\/schema\\\/logo\\\/image\\\/\",\"url\":\"https:\\\/\\\/tajkertesz.com\\\/wp-content\\\/uploads\\\/2018\\\/02\\\/logo-2-e1518678052539.png\",\"contentUrl\":\"https:\\\/\\\/tajkertesz.com\\\/wp-content\\\/uploads\\\/2018\\\/02\\\/logo-2-e1518678052539.png\",\"width\":81,\"height\":140,\"caption\":\"T\u00e1j-Kert\u00e9sz 84 Kft.\"},\"image\":{\"@id\":\"https:\\\/\\\/tajkertesz.com\\\/#\\\/schema\\\/logo\\\/image\\\/\"},\"sameAs\":[\"https:\\\/\\\/www.facebook.com\\\/Tajkertesz\\\/\"]}]}<\/script>\n<!-- \/ Yoast SEO plugin. -->","yoast_head_json":{"title":"Danuba Garden Kelpak tengeri alga 1L. - T\u00e1jkert\u00e9sz","description":"Danuba Garden Kelpak tengeri alga 1L. Az alga terme\u0301kekben le\u0301vo\u030b betain cso\u0308kkenti az abiotikus stressz hata\u0301st, mint pl. a fagy okozta ka\u0301rok.","robots":{"index":"index","follow":"follow","max-snippet":"max-snippet:-1","max-image-preview":"max-image-preview:large","max-video-preview":"max-video-preview:-1"},"canonical":"https:\/\/tajkertesz.com\/en_US\/product\/danuba-garden-kelpak-tengeri-alga-1l\/","og_locale":"en_US","og_type":"article","og_title":"Danuba Garden Kelpak tengeri alga 1L. - T\u00e1jkert\u00e9sz","og_description":"Danuba Garden Kelpak tengeri alga 1L. Az alga terme\u0301kekben le\u0301vo\u030b betain cso\u0308kkenti az abiotikus stressz hata\u0301st, mint pl. a fagy okozta ka\u0301rok.","og_url":"https:\/\/tajkertesz.com\/en_US\/product\/danuba-garden-kelpak-tengeri-alga-1l\/","og_site_name":"T\u00e1jkert\u00e9sz","article_publisher":"https:\/\/www.facebook.com\/Tajkertesz\/","article_modified_time":"2025-10-11T13:32:34+00:00","og_image":[{"width":1600,"height":1600,"url":"https:\/\/tajkertesz.com\/wp-content\/uploads\/2025\/02\/Kelpak-1L.webp","type":"image\/webp"}],"twitter_card":"summary_large_image","twitter_misc":{"Est. reading time":"4 minutes"},"schema":{"@context":"https:\/\/schema.org","@graph":[{"@type":"WebPage","@id":"https:\/\/tajkertesz.com\/termek\/danuba-garden-kelpak-tengeri-alga-1l\/","url":"https:\/\/tajkertesz.com\/termek\/danuba-garden-kelpak-tengeri-alga-1l\/","name":"Danuba Garden Kelpak tengeri alga 1L. - T\u00e1jkert\u00e9sz","isPartOf":{"@id":"https:\/\/tajkertesz.com\/#website"},"primaryImageOfPage":{"@id":"https:\/\/tajkertesz.com\/termek\/danuba-garden-kelpak-tengeri-alga-1l\/#primaryimage"},"image":{"@id":"https:\/\/tajkertesz.com\/termek\/danuba-garden-kelpak-tengeri-alga-1l\/#primaryimage"},"thumbnailUrl":"https:\/\/tajkertesz.com\/wp-content\/uploads\/2025\/02\/Kelpak-1L.webp","datePublished":"2025-02-20T08:37:34+00:00","dateModified":"2025-10-11T13:32:34+00:00","description":"Danuba Garden Kelpak tengeri alga 1L. Az alga terme\u0301kekben le\u0301vo\u030b betain cso\u0308kkenti az abiotikus stressz hata\u0301st, mint pl. a fagy okozta ka\u0301rok.","breadcrumb":{"@id":"https:\/\/tajkertesz.com\/termek\/danuba-garden-kelpak-tengeri-alga-1l\/#breadcrumb"},"inLanguage":"en-US","potentialAction":[{"@type":"ReadAction","target":["https:\/\/tajkertesz.com\/termek\/danuba-garden-kelpak-tengeri-alga-1l\/"]}]},{"@type":"ImageObject","inLanguage":"en-US","@id":"https:\/\/tajkertesz.com\/termek\/danuba-garden-kelpak-tengeri-alga-1l\/#primaryimage","url":"https:\/\/tajkertesz.com\/wp-content\/uploads\/2025\/02\/Kelpak-1L.webp","contentUrl":"https:\/\/tajkertesz.com\/wp-content\/uploads\/2025\/02\/Kelpak-1L.webp","width":1600,"height":1600,"caption":"Danuba Garden Kelpak tengeri alga 1L."},{"@type":"BreadcrumbList","@id":"https:\/\/tajkertesz.com\/termek\/danuba-garden-kelpak-tengeri-alga-1l\/#breadcrumb","itemListElement":[{"@type":"ListItem","position":1,"name":"Home","item":"https:\/\/tajkertesz.com\/"},{"@type":"ListItem","position":2,"name":"Kezd\u0151lap","item":"https:\/\/tajkertesz.com\/"},{"@type":"ListItem","position":3,"name":"Danuba Garden Kelpak tengeri alga 1L."}]},{"@type":"WebSite","@id":"https:\/\/tajkertesz.com\/#website","url":"https:\/\/tajkertesz.com\/","name":"T\u00e1j-Kert\u00e9sz 84 Kft.","description":"Kert\u00e9szeti kis- \u00e9s nagykeresked\u00e9s, D\u00edszn\u00f6v\u00e9ny web\u00e1ruh\u00e1z orsz\u00e1gos h\u00e1zhozsz\u00e1ll\u00edt\u00e1ssal!","publisher":{"@id":"https:\/\/tajkertesz.com\/#organization"},"potentialAction":[{"@type":"SearchAction","target":{"@type":"EntryPoint","urlTemplate":"https:\/\/tajkertesz.com\/?s={search_term_string}"},"query-input":{"@type":"PropertyValueSpecification","valueRequired":true,"valueName":"search_term_string"}}],"inLanguage":"en-US"},{"@type":"Organization","@id":"https:\/\/tajkertesz.com\/#organization","name":"T\u00e1j-Kert\u00e9sz 84 Kft.","url":"https:\/\/tajkertesz.com\/","logo":{"@type":"ImageObject","inLanguage":"en-US","@id":"https:\/\/tajkertesz.com\/#\/schema\/logo\/image\/","url":"https:\/\/tajkertesz.com\/wp-content\/uploads\/2018\/02\/logo-2-e1518678052539.png","contentUrl":"https:\/\/tajkertesz.com\/wp-content\/uploads\/2018\/02\/logo-2-e1518678052539.png","width":81,"height":140,"caption":"T\u00e1j-Kert\u00e9sz 84 Kft."},"image":{"@id":"https:\/\/tajkertesz.com\/#\/schema\/logo\/image\/"},"sameAs":["https:\/\/www.facebook.com\/Tajkertesz\/"]}]}},"_links":{"self":[{"href":"https:\/\/tajkertesz.com\/en_US\/wp-json\/wp\/v2\/product\/22488","targetHints":{"allow":["GET"]}}],"collection":[{"href":"https:\/\/tajkertesz.com\/en_US\/wp-json\/wp\/v2\/product"}],"about":[{"href":"https:\/\/tajkertesz.com\/en_US\/wp-json\/wp\/v2\/types\/product"}],"wp:featuredmedia":[{"embeddable":true,"href":"https:\/\/tajkertesz.com\/en_US\/wp-json\/wp\/v2\/media\/22490"}],"wp:attachment":[{"href":"https:\/\/tajkertesz.com\/en_US\/wp-json\/wp\/v2\/media?parent=22488"}],"wp:term":[{"taxonomy":"product_brand","embeddable":true,"href":"https:\/\/tajkertesz.com\/en_US\/wp-json\/wp\/v2\/product_brand?post=22488"},{"taxonomy":"product_cat","embeddable":true,"href":"https:\/\/tajkertesz.com\/en_US\/wp-json\/wp\/v2\/product_cat?post=22488"},{"taxonomy":"product_tag","embeddable":true,"href":"https:\/\/tajkertesz.com\/en_US\/wp-json\/wp\/v2\/product_tag?post=22488"}],"curies":[{"name":"wp","href":"https:\/\/api.w.org\/{rel}","templated":true}]}}