{"id":2249,"date":"2024-10-09T14:50:33","date_gmt":"2024-10-09T14:50:33","guid":{"rendered":"https:\/\/tajkertesz.com\/?post_type=product&#038;p=2249"},"modified":"2026-04-28T12:57:41","modified_gmt":"2026-04-28T12:57:41","slug":"juniperus-old-gold-oarany-terulo-boroka","status":"publish","type":"product","link":"https:\/\/tajkertesz.com\/en_US\/product\/juniperus-old-gold-oarany-terulo-boroka\/","title":{"rendered":"Juniperus &#8216;Old Gold&#8217; &#8211; \u00d3arany ter\u00fcl\u0151 bor\u00f3ka"},"content":{"rendered":"<h1>Juniperus &#8216;Old Gold&#8217; &#8211; \u00d3arany ter\u00fcl\u0151 bor\u00f3ka<\/h1>\n<p aria-live=\"polite\" aria-atomic=\"true\"><span class=\"\">A\u00a0<strong>Juniperus &#8216;Old Gold&#8217; &#8211; \u00d3<\/strong><strong>arany\u00a0ter\u00fcl\u0151\u00a0bor\u00f3ka<\/strong>, egy lassan n\u00f6vekv\u0151, \u00f6r\u00f6kz\u00f6ld cserje, amely aranys\u00e1rga pikkelylevelei miatt k\u00fcl\u00f6nleges l\u00e1tv\u00e1nyt ny\u00fajt. Ez a hibrid fajta a Juniperus media \u00e9s Juniperus sabina keresztez\u00e9s\u00e9b\u0151l sz\u00e1rmazik. A n\u00f6v\u00e9ny k\u00f6r\u00fclbel\u00fcl 80 cm magas \u00e9s id\u0151vel ak\u00e1r 1,5-2 m\u00e9ter sz\u00e9les is lehet.<\/span><\/p>\n<p aria-live=\"polite\" aria-atomic=\"true\"><span class=\"\"><strong>Gondoz\u00e1sa<\/strong>:<\/span><\/p>\n<ul class=\"relative list-outside marker:text-foreground-750 dark:marker:text-foreground-600 flex flex-col ms-4 px-1\">\n<li class=\"ps-2\">\n<p aria-live=\"polite\" aria-atomic=\"true\"><span class=\"\"><strong>F\u00e9nyig\u00e9ny<\/strong>:\u00a0Kedveli\u00a0a\u00a0napos\u00a0vagy\u00a0f\u00e9l\u00e1rny\u00e9kos\u00a0helyeket.<\/span><\/p>\n<\/li>\n<li class=\"ps-2\">\n<p aria-live=\"polite\" aria-atomic=\"true\"><span class=\"\"><strong>Talajig\u00e9ny<\/strong>:\u00a0J\u00f3l\u00a0v\u00edz\u00e1tereszt\u0151,\u00a0enyh\u00e9n\u00a0savas\u00a0vagy\u00a0semleges\u00a0talajban\u00a0fejl\u0151dik\u00a0a\u00a0legjobban.<\/span><\/p>\n<\/li>\n<li class=\"ps-2\">\n<p aria-live=\"polite\" aria-atomic=\"true\"><span class=\"\"><strong>\u00d6nt\u00f6z\u00e9s<\/strong>: Az els\u0151 \u00e9vekben rendszeres \u00f6nt\u00f6z\u00e9sre van sz\u00fcks\u00e9ge, id\u0151sebb kor\u00e1ban j\u00f3l t\u0171ri a sz\u00e1razs\u00e1got.<\/span><\/p>\n<\/li>\n<li class=\"ps-2\">\n<p aria-live=\"polite\" aria-atomic=\"true\"><span class=\"\"><strong>T\u00e1panyag<\/strong>: Tavasszal \u00e9s \u0151sszel \u00e9rdemes t\u00e1panyagut\u00e1np\u00f3tl\u00e1sr\u00f3l gondoskodni.<\/span><\/p>\n<\/li>\n<li class=\"ps-2\">\n<p aria-live=\"polite\" aria-atomic=\"true\"><span class=\"\"><strong>Metsz\u00e9s<\/strong>: Nem ig\u00e9nyel metsz\u00e9st, de ha alak\u00edtani szeretn\u00e9nk, akkor az \u0151sz vagy kora tavasz a legide\u00e1lisabb id\u0151szak erre.<\/span><\/p>\n<\/li>\n<\/ul>\n<p aria-live=\"polite\" aria-atomic=\"true\"><span class=\"\">A &#8216;Old Gold&#8217; k\u00fcl\u00f6nleges aranys\u00e1rga sz\u00edne eg\u00e9sz \u00e9vben megmarad, \u00edgy kiv\u00e1l\u00f3 talajtakar\u00f3k\u00e9nt is haszn\u00e1lhat\u00f3. Mivel j\u00f3l t\u0171ri a t\u0171z\u0151 napos, sz\u00e1razabb helyeket ez\u00e9rt sziklakertekbe,\u00a0 parkokba \u00e9s kertekbe is ide\u00e1lis v\u00e1laszt\u00e1s.<\/span><\/p>\n<h6><\/h6>\n<p>&nbsp;<\/p>\n<p><strong>K\u00e9szlet\u00fcnk napi szinten v\u00e1ltozik, ez\u00e9rt k\u00e9rj\u00fck, \u00e9rdekl\u0151dj\u00f6n szem\u00e9lyesen, telefonon vagy email-en.<br \/>\nA v\u00e1ltoztat\u00e1s jog\u00e1t fenntartjuk!\u00a0<\/strong><\/p>\n<p><a href=\"https:\/\/tajkertesz.com\/\">https:\/\/tajkertesz.com\/<\/a><\/p>\n<p><a href=\"https:\/\/www.facebook.com\/tajkertesz\/\">https:\/\/www.facebook.com\/tajkertesz\/<\/a><\/p>\n<p>Kisz\u00e1ll\u00edt\u00e1s: 200cm-ig \u00e9s 40 kg-ig a sz\u00e1ll\u00edt\u00e1s fut\u00e1rszolg\u00e1lattal t\u00f6rt\u00e9nik.<\/p>\n<p>Szem\u00e9lyes \u00e1tv\u00e9tel nyitvatart\u00e1si id\u0151ben a 17. ker\u00fclet Bakancsos utca 7. sz\u00e1m alatti Kert\u00e9szeti \u00e1rud\u00e1nkban.<\/p>\n<p>Kert\u00e9p\u00edt\u0151k \u00e9s viszontelad\u00f3k regisztr\u00e1l\u00e1s ut\u00e1n egyedi kedvezm\u00e9nnyel v\u00e1s\u00e1rolhatnak kert\u00e9szeti kis-\u00e9s nagykeresked\u00e9s\u00fcnkben.<\/p>\n<p><strong><u>Figyelem!<\/u><\/strong><\/p>\n<p>A sz\u00e1ll\u00edt\u00e1si k\u00f6lts\u00e9g\u00a0<strong>NEM tartalmazza az \u00f6sszeszerel\u00e9st\u00a0<\/strong>(szalonnas\u00fct\u0151\/kerti k\u0151 grillez\u0151\/k\u00fclt\u00e9ri b\u00fator v\u00e1s\u00e1rl\u00e1sa eset\u00e9n),<strong>\u00a0illetve a term\u00e9k v\u00e9gs\u0151 rendeltet\u00e9si hely\u00e9re t\u00f6rt\u00e9n\u0151 behord\u00e1s\u00e1t \u00e9s elhelyez\u00e9s\u00e9t!<\/strong><br \/>\nA raklap a sz\u00e1ll\u00edt\u00e1st v\u00e9gz\u0151 aut\u00f3t\u00f3l legfeljebb 5 m\u00e9teren bel\u00fcl ker\u00fcl elhelyez\u00e9sre.<\/p>\n<p>A logisztikai c\u00e9ggel t\u00f6rt\u00e9n\u0151 sz\u00e1ll\u00edt\u00e1s eset\u00e9n a partnereink\u00a0esetleges a\u00a0cs\u00fasz\u00e1sai\u00e9rt nem v\u00e1llalunk felel\u0151ss\u00e9get!<\/p>\n<p><strong>Az \u00e1rak egy darab term\u00e9kre vonatkoznak.<\/strong><\/p>\n<p><strong>J\u00f3 tudni!<\/strong><\/p>\n<p>K\u00e9pek-elt\u00e9r\u00e9sek:<\/p>\n<p>A n\u00f6v\u00e9nyekr\u0151l felt\u00f6lt\u00f6tt k\u00e9pek illusztr\u00e1ci\u00f3k. N\u00f6v\u00e9nyekn\u00e9l el\u0151fordulhatnak minim\u00e1lis elt\u00e9r\u00e9sek a k\u00e9peken szerepl\u0151 n\u00f6v\u00e9nyek \u00e9s az \u00e1tvett n\u00f6v\u00e9nyek k\u00f6z\u00f6tt, mivel minden n\u00f6v\u00e9ny egyedi.<\/p>\n<p>N\u00f6v\u00e9nyek sz\u00e1ll\u00edt\u00e1sa:<\/p>\n<p>A megrendelt n\u00f6v\u00e9nyeket igyeksz\u00fcnk a lehet\u0151 legbiztons\u00e1gosabban egyes\u00e9vel csomagolni, azonban a sz\u00e1ll\u00edt\u00e1s sor\u00e1n m\u00e9g ennek ellen\u00e9re is\u00a0bek\u00f6vetkezhetnek apr\u00f3bb s\u00e9r\u00fcl\u00e9sek (lev\u00e9l- vagy vir\u00e1ghull\u00e1s).<br \/>\nN\u00f6v\u00e9ny rendel\u00e9s eset\u00e9n k\u00e9rj\u00fck a k\u00e9zbes\u00edt\u00e9st k\u00f6vet\u0151en a lehet\u0151 leghamarabb bonts\u00e1k ki a csomagot.<\/p>\n<p>Abban az esetben, ha a megrendelt n\u00f6v\u00e9ny\u00a0a sz\u00e1ll\u00edt\u00e1st k\u00f6vet\u0151en\u00a0nem megfelel\u0151 gondoz\u00e1sban r\u00e9szes\u00fcl \u00e9s ebb\u0151l kifoly\u00f3lag\u00a0k\u00e1rosodik,\u00a0elpusztul, felel\u0151ss\u00e9get sajnos nem tudunk v\u00e1llalni.<\/p>\n<p>V\u00e1s\u00e1rl\u00e1st\u00f3l val\u00f3 el\u00e1ll\u00e1s \u00e9l\u0151 n\u00f6v\u00e9ny v\u00e1s\u00e1rl\u00e1sa eset\u00e9n:<\/p>\n<p>Az \u00e1ltal\u00e1nos 14 napos el\u00e1ll\u00e1s lehet\u0151s\u00e9ge \u00e9l\u0151 n\u00f6v\u00e9nyekre nem vonatkozik. V\u00e1s\u00e1rl\u00e1st\u00f3l val\u00f3 el\u00e1ll\u00e1sra, visszak\u00fcld\u00e9sre nincs lehet\u0151s\u00e9g.\u00a0(17\/1999. (II. 5.) Korm. rendelet 5c pontja)<\/p>\n<p><strong>K\u00e9rj\u00fck fentiek figyelembev\u00e9tel\u00e9t n\u00f6v\u00e9ny rendel\u00e9se sor\u00e1n!<\/strong><\/p>","protected":false},"excerpt":{"rendered":"<p>A Juniperus &#8216;Old Gold&#8217; , \u00d3arany ter\u00fcl\u0151 bor\u00f3ka alacsonyan elter\u00fcl\u0151 \u00e1g\u00fa, s\u0171r\u0171n bokrosod\u00f3, lass\u00fa n\u00f6veked\u00e9s\u0171 fajta.<\/p>\n<p>Hajt\u00e1sai \u00e9s pikkelylevelei aranys\u00e1rg\u00e1k, \u00e9s ezt a sz\u00e9p sz\u00ednt t\u00e9len is megtartj\u00e1k.<\/p>\n<p>Kiv\u00e1l\u00f3 talajtakar\u00f3, mely nagyobb foltok viszonylag alacsony befed\u00e9s\u00e9re alkalmas, de \u00fcltethet\u0151 r\u00e9zs\u0171re, sziklakertbe, m\u00e1s sz\u00edn\u00e1rnyalat\u00fa feny\u0151k el\u00e9 is.<\/p>\n<p>Teljesen t\u00e9l\u00e1ll\u00f3.<\/p>\n<p>J\u00f3 talajviszonyok k\u00f6z\u00f6tt a kert egyik legszebb n\u00f6v\u00e9nye lehet.\u00a0 Maxim\u00e1lis m\u00e9rete:150cm<\/p>","protected":false},"featured_media":21320,"template":"","meta":{"_et_pb_use_builder":"","_et_pb_old_content":"","_et_gb_content_width":""},"product_brand":[],"product_cat":[26],"product_tag":[719,716,718,720,722],"class_list":{"0":"post-2249","1":"product","2":"type-product","3":"status-publish","4":"has-post-thumbnail","6":"product_cat-orokzold-novenyek","7":"product_tag-old-gold","8":"product_tag-boroka","9":"product_tag-juniperus","10":"product_tag-oarany","11":"product_tag-terulo-talajtakaro","13":"first","14":"instock","15":"shipping-taxable","16":"purchasable","17":"product-type-simple"},"yoast_head":"<!-- This site is optimized with the Yoast SEO plugin v27.5 - https:\/\/yoast.com\/product\/yoast-seo-wordpress\/ -->\n<title>Juniperus &#039;Old Gold&#039; - \u00d3arany ter\u00fcl\u0151 bor\u00f3ka - T\u00e1jkert\u00e9sz<\/title>\n<meta name=\"description\" content=\"A Juniperus &#039;Old Gold&#039; - \u00d3arany ter\u00fcl\u0151 bor\u00f3ka egy lassan n\u00f6vekv\u0151, \u00f6r\u00f6kz\u00f6ld cserje, amely aranys\u00e1rga pikkelylevelei miatt k\u00fcl\u00f6nleges l\u00e1tv\u00e1nyt ny\u00fajt.\" \/>\n<meta name=\"robots\" content=\"index, follow, max-snippet:-1, max-image-preview:large, max-video-preview:-1\" \/>\n<link rel=\"canonical\" href=\"https:\/\/tajkertesz.com\/en_US\/product\/juniperus-old-gold-oarany-terulo-boroka\/\" \/>\n<meta property=\"og:locale\" content=\"en_US\" \/>\n<meta property=\"og:type\" content=\"article\" \/>\n<meta property=\"og:title\" content=\"Juniperus &#039;Old Gold&#039; - \u00d3arany ter\u00fcl\u0151 bor\u00f3ka - T\u00e1jkert\u00e9sz\" \/>\n<meta property=\"og:description\" content=\"A Juniperus &#039;Old Gold&#039; - \u00d3arany ter\u00fcl\u0151 bor\u00f3ka egy lassan n\u00f6vekv\u0151, \u00f6r\u00f6kz\u00f6ld cserje, amely aranys\u00e1rga pikkelylevelei miatt k\u00fcl\u00f6nleges l\u00e1tv\u00e1nyt ny\u00fajt.\" \/>\n<meta property=\"og:url\" content=\"https:\/\/tajkertesz.com\/en_US\/product\/juniperus-old-gold-oarany-terulo-boroka\/\" \/>\n<meta property=\"og:site_name\" content=\"T\u00e1jkert\u00e9sz\" \/>\n<meta property=\"article:publisher\" content=\"https:\/\/www.facebook.com\/Tajkertesz\/\" \/>\n<meta property=\"article:modified_time\" content=\"2026-04-28T12:57:41+00:00\" \/>\n<meta property=\"og:image\" content=\"https:\/\/tajkertesz.com\/wp-content\/uploads\/2020\/10\/20241009_140745-scaled.jpg\" \/>\n\t<meta property=\"og:image:width\" content=\"1920\" \/>\n\t<meta property=\"og:image:height\" content=\"2560\" \/>\n\t<meta property=\"og:image:type\" content=\"image\/jpeg\" \/>\n<meta name=\"twitter:card\" content=\"summary_large_image\" \/>\n<meta name=\"twitter:label1\" content=\"Est. reading time\" \/>\n\t<meta name=\"twitter:data1\" content=\"3 minutes\" \/>\n<script type=\"application\/ld+json\" class=\"yoast-schema-graph\">{\"@context\":\"https:\\\/\\\/schema.org\",\"@graph\":[{\"@type\":\"WebPage\",\"@id\":\"https:\\\/\\\/tajkertesz.com\\\/termek\\\/juniperus-old-gold-oarany-terulo-boroka\\\/\",\"url\":\"https:\\\/\\\/tajkertesz.com\\\/termek\\\/juniperus-old-gold-oarany-terulo-boroka\\\/\",\"name\":\"Juniperus 'Old Gold' - \u00d3arany ter\u00fcl\u0151 bor\u00f3ka - T\u00e1jkert\u00e9sz\",\"isPartOf\":{\"@id\":\"https:\\\/\\\/tajkertesz.com\\\/#website\"},\"primaryImageOfPage\":{\"@id\":\"https:\\\/\\\/tajkertesz.com\\\/termek\\\/juniperus-old-gold-oarany-terulo-boroka\\\/#primaryimage\"},\"image\":{\"@id\":\"https:\\\/\\\/tajkertesz.com\\\/termek\\\/juniperus-old-gold-oarany-terulo-boroka\\\/#primaryimage\"},\"thumbnailUrl\":\"https:\\\/\\\/tajkertesz.com\\\/wp-content\\\/uploads\\\/2020\\\/10\\\/20241009_140745-scaled.jpg\",\"datePublished\":\"2024-10-09T14:50:33+00:00\",\"dateModified\":\"2026-04-28T12:57:41+00:00\",\"description\":\"A Juniperus 'Old Gold' - \u00d3arany ter\u00fcl\u0151 bor\u00f3ka egy lassan n\u00f6vekv\u0151, \u00f6r\u00f6kz\u00f6ld cserje, amely aranys\u00e1rga pikkelylevelei miatt k\u00fcl\u00f6nleges l\u00e1tv\u00e1nyt ny\u00fajt.\",\"breadcrumb\":{\"@id\":\"https:\\\/\\\/tajkertesz.com\\\/termek\\\/juniperus-old-gold-oarany-terulo-boroka\\\/#breadcrumb\"},\"inLanguage\":\"en-US\",\"potentialAction\":[{\"@type\":\"ReadAction\",\"target\":[\"https:\\\/\\\/tajkertesz.com\\\/termek\\\/juniperus-old-gold-oarany-terulo-boroka\\\/\"]}]},{\"@type\":\"ImageObject\",\"inLanguage\":\"en-US\",\"@id\":\"https:\\\/\\\/tajkertesz.com\\\/termek\\\/juniperus-old-gold-oarany-terulo-boroka\\\/#primaryimage\",\"url\":\"https:\\\/\\\/tajkertesz.com\\\/wp-content\\\/uploads\\\/2020\\\/10\\\/20241009_140745-scaled.jpg\",\"contentUrl\":\"https:\\\/\\\/tajkertesz.com\\\/wp-content\\\/uploads\\\/2020\\\/10\\\/20241009_140745-scaled.jpg\",\"width\":1920,\"height\":2560,\"caption\":\"Juniperus x media 'Old Gold' - \u00d3arany ter\u00fcl\u0151 bor\u00f3ka\"},{\"@type\":\"BreadcrumbList\",\"@id\":\"https:\\\/\\\/tajkertesz.com\\\/termek\\\/juniperus-old-gold-oarany-terulo-boroka\\\/#breadcrumb\",\"itemListElement\":[{\"@type\":\"ListItem\",\"position\":1,\"name\":\"Home\",\"item\":\"https:\\\/\\\/tajkertesz.com\\\/\"},{\"@type\":\"ListItem\",\"position\":2,\"name\":\"Kezd\u0151lap\",\"item\":\"https:\\\/\\\/tajkertesz.com\\\/\"},{\"@type\":\"ListItem\",\"position\":3,\"name\":\"Juniperus &#8216;Old Gold&#8217; &#8211; \u00d3arany ter\u00fcl\u0151 bor\u00f3ka\"}]},{\"@type\":\"WebSite\",\"@id\":\"https:\\\/\\\/tajkertesz.com\\\/#website\",\"url\":\"https:\\\/\\\/tajkertesz.com\\\/\",\"name\":\"T\u00e1j-Kert\u00e9sz 84 Kft.\",\"description\":\"Kert\u00e9szeti kis- \u00e9s nagykeresked\u00e9s, D\u00edszn\u00f6v\u00e9ny web\u00e1ruh\u00e1z orsz\u00e1gos h\u00e1zhozsz\u00e1ll\u00edt\u00e1ssal!\",\"publisher\":{\"@id\":\"https:\\\/\\\/tajkertesz.com\\\/#organization\"},\"potentialAction\":[{\"@type\":\"SearchAction\",\"target\":{\"@type\":\"EntryPoint\",\"urlTemplate\":\"https:\\\/\\\/tajkertesz.com\\\/?s={search_term_string}\"},\"query-input\":{\"@type\":\"PropertyValueSpecification\",\"valueRequired\":true,\"valueName\":\"search_term_string\"}}],\"inLanguage\":\"en-US\"},{\"@type\":\"Organization\",\"@id\":\"https:\\\/\\\/tajkertesz.com\\\/#organization\",\"name\":\"T\u00e1j-Kert\u00e9sz 84 Kft.\",\"url\":\"https:\\\/\\\/tajkertesz.com\\\/\",\"logo\":{\"@type\":\"ImageObject\",\"inLanguage\":\"en-US\",\"@id\":\"https:\\\/\\\/tajkertesz.com\\\/#\\\/schema\\\/logo\\\/image\\\/\",\"url\":\"https:\\\/\\\/tajkertesz.com\\\/wp-content\\\/uploads\\\/2018\\\/02\\\/logo-2-e1518678052539.png\",\"contentUrl\":\"https:\\\/\\\/tajkertesz.com\\\/wp-content\\\/uploads\\\/2018\\\/02\\\/logo-2-e1518678052539.png\",\"width\":81,\"height\":140,\"caption\":\"T\u00e1j-Kert\u00e9sz 84 Kft.\"},\"image\":{\"@id\":\"https:\\\/\\\/tajkertesz.com\\\/#\\\/schema\\\/logo\\\/image\\\/\"},\"sameAs\":[\"https:\\\/\\\/www.facebook.com\\\/Tajkertesz\\\/\"]}]}<\/script>\n<!-- \/ Yoast SEO plugin. -->","yoast_head_json":{"title":"Juniperus 'Old Gold' - \u00d3arany ter\u00fcl\u0151 bor\u00f3ka - T\u00e1jkert\u00e9sz","description":"A Juniperus 'Old Gold' - \u00d3arany ter\u00fcl\u0151 bor\u00f3ka egy lassan n\u00f6vekv\u0151, \u00f6r\u00f6kz\u00f6ld cserje, amely aranys\u00e1rga pikkelylevelei miatt k\u00fcl\u00f6nleges l\u00e1tv\u00e1nyt ny\u00fajt.","robots":{"index":"index","follow":"follow","max-snippet":"max-snippet:-1","max-image-preview":"max-image-preview:large","max-video-preview":"max-video-preview:-1"},"canonical":"https:\/\/tajkertesz.com\/en_US\/product\/juniperus-old-gold-oarany-terulo-boroka\/","og_locale":"en_US","og_type":"article","og_title":"Juniperus 'Old Gold' - \u00d3arany ter\u00fcl\u0151 bor\u00f3ka - T\u00e1jkert\u00e9sz","og_description":"A Juniperus 'Old Gold' - \u00d3arany ter\u00fcl\u0151 bor\u00f3ka egy lassan n\u00f6vekv\u0151, \u00f6r\u00f6kz\u00f6ld cserje, amely aranys\u00e1rga pikkelylevelei miatt k\u00fcl\u00f6nleges l\u00e1tv\u00e1nyt ny\u00fajt.","og_url":"https:\/\/tajkertesz.com\/en_US\/product\/juniperus-old-gold-oarany-terulo-boroka\/","og_site_name":"T\u00e1jkert\u00e9sz","article_publisher":"https:\/\/www.facebook.com\/Tajkertesz\/","article_modified_time":"2026-04-28T12:57:41+00:00","og_image":[{"width":1920,"height":2560,"url":"https:\/\/tajkertesz.com\/wp-content\/uploads\/2020\/10\/20241009_140745-scaled.jpg","type":"image\/jpeg"}],"twitter_card":"summary_large_image","twitter_misc":{"Est. reading time":"3 minutes"},"schema":{"@context":"https:\/\/schema.org","@graph":[{"@type":"WebPage","@id":"https:\/\/tajkertesz.com\/termek\/juniperus-old-gold-oarany-terulo-boroka\/","url":"https:\/\/tajkertesz.com\/termek\/juniperus-old-gold-oarany-terulo-boroka\/","name":"Juniperus 'Old Gold' - \u00d3arany ter\u00fcl\u0151 bor\u00f3ka - T\u00e1jkert\u00e9sz","isPartOf":{"@id":"https:\/\/tajkertesz.com\/#website"},"primaryImageOfPage":{"@id":"https:\/\/tajkertesz.com\/termek\/juniperus-old-gold-oarany-terulo-boroka\/#primaryimage"},"image":{"@id":"https:\/\/tajkertesz.com\/termek\/juniperus-old-gold-oarany-terulo-boroka\/#primaryimage"},"thumbnailUrl":"https:\/\/tajkertesz.com\/wp-content\/uploads\/2020\/10\/20241009_140745-scaled.jpg","datePublished":"2024-10-09T14:50:33+00:00","dateModified":"2026-04-28T12:57:41+00:00","description":"A Juniperus 'Old Gold' - \u00d3arany ter\u00fcl\u0151 bor\u00f3ka egy lassan n\u00f6vekv\u0151, \u00f6r\u00f6kz\u00f6ld cserje, amely aranys\u00e1rga pikkelylevelei miatt k\u00fcl\u00f6nleges l\u00e1tv\u00e1nyt ny\u00fajt.","breadcrumb":{"@id":"https:\/\/tajkertesz.com\/termek\/juniperus-old-gold-oarany-terulo-boroka\/#breadcrumb"},"inLanguage":"en-US","potentialAction":[{"@type":"ReadAction","target":["https:\/\/tajkertesz.com\/termek\/juniperus-old-gold-oarany-terulo-boroka\/"]}]},{"@type":"ImageObject","inLanguage":"en-US","@id":"https:\/\/tajkertesz.com\/termek\/juniperus-old-gold-oarany-terulo-boroka\/#primaryimage","url":"https:\/\/tajkertesz.com\/wp-content\/uploads\/2020\/10\/20241009_140745-scaled.jpg","contentUrl":"https:\/\/tajkertesz.com\/wp-content\/uploads\/2020\/10\/20241009_140745-scaled.jpg","width":1920,"height":2560,"caption":"Juniperus x media 'Old Gold' - \u00d3arany ter\u00fcl\u0151 bor\u00f3ka"},{"@type":"BreadcrumbList","@id":"https:\/\/tajkertesz.com\/termek\/juniperus-old-gold-oarany-terulo-boroka\/#breadcrumb","itemListElement":[{"@type":"ListItem","position":1,"name":"Home","item":"https:\/\/tajkertesz.com\/"},{"@type":"ListItem","position":2,"name":"Kezd\u0151lap","item":"https:\/\/tajkertesz.com\/"},{"@type":"ListItem","position":3,"name":"Juniperus &#8216;Old Gold&#8217; &#8211; \u00d3arany ter\u00fcl\u0151 bor\u00f3ka"}]},{"@type":"WebSite","@id":"https:\/\/tajkertesz.com\/#website","url":"https:\/\/tajkertesz.com\/","name":"T\u00e1j-Kert\u00e9sz 84 Kft.","description":"Kert\u00e9szeti kis- \u00e9s nagykeresked\u00e9s, D\u00edszn\u00f6v\u00e9ny web\u00e1ruh\u00e1z orsz\u00e1gos h\u00e1zhozsz\u00e1ll\u00edt\u00e1ssal!","publisher":{"@id":"https:\/\/tajkertesz.com\/#organization"},"potentialAction":[{"@type":"SearchAction","target":{"@type":"EntryPoint","urlTemplate":"https:\/\/tajkertesz.com\/?s={search_term_string}"},"query-input":{"@type":"PropertyValueSpecification","valueRequired":true,"valueName":"search_term_string"}}],"inLanguage":"en-US"},{"@type":"Organization","@id":"https:\/\/tajkertesz.com\/#organization","name":"T\u00e1j-Kert\u00e9sz 84 Kft.","url":"https:\/\/tajkertesz.com\/","logo":{"@type":"ImageObject","inLanguage":"en-US","@id":"https:\/\/tajkertesz.com\/#\/schema\/logo\/image\/","url":"https:\/\/tajkertesz.com\/wp-content\/uploads\/2018\/02\/logo-2-e1518678052539.png","contentUrl":"https:\/\/tajkertesz.com\/wp-content\/uploads\/2018\/02\/logo-2-e1518678052539.png","width":81,"height":140,"caption":"T\u00e1j-Kert\u00e9sz 84 Kft."},"image":{"@id":"https:\/\/tajkertesz.com\/#\/schema\/logo\/image\/"},"sameAs":["https:\/\/www.facebook.com\/Tajkertesz\/"]}]}},"_links":{"self":[{"href":"https:\/\/tajkertesz.com\/en_US\/wp-json\/wp\/v2\/product\/2249","targetHints":{"allow":["GET"]}}],"collection":[{"href":"https:\/\/tajkertesz.com\/en_US\/wp-json\/wp\/v2\/product"}],"about":[{"href":"https:\/\/tajkertesz.com\/en_US\/wp-json\/wp\/v2\/types\/product"}],"wp:featuredmedia":[{"embeddable":true,"href":"https:\/\/tajkertesz.com\/en_US\/wp-json\/wp\/v2\/media\/21320"}],"wp:attachment":[{"href":"https:\/\/tajkertesz.com\/en_US\/wp-json\/wp\/v2\/media?parent=2249"}],"wp:term":[{"taxonomy":"product_brand","embeddable":true,"href":"https:\/\/tajkertesz.com\/en_US\/wp-json\/wp\/v2\/product_brand?post=2249"},{"taxonomy":"product_cat","embeddable":true,"href":"https:\/\/tajkertesz.com\/en_US\/wp-json\/wp\/v2\/product_cat?post=2249"},{"taxonomy":"product_tag","embeddable":true,"href":"https:\/\/tajkertesz.com\/en_US\/wp-json\/wp\/v2\/product_tag?post=2249"}],"curies":[{"name":"wp","href":"https:\/\/api.w.org\/{rel}","templated":true}]}}