{"id":22503,"date":"2025-02-24T14:34:11","date_gmt":"2025-02-24T14:34:11","guid":{"rendered":"https:\/\/tajkertesz.com\/?post_type=product&#038;p=22503"},"modified":"2026-03-30T14:33:16","modified_gmt":"2026-03-30T14:33:16","slug":"citrus-myrtifolia-chinotto-mirtuszlevelu-torpenarancs","status":"publish","type":"product","link":"https:\/\/tajkertesz.com\/en_US\/product\/citrus-myrtifolia-chinotto-mirtuszlevelu-torpenarancs\/","title":{"rendered":"Citrus myrtifolia Chinotto\/ Mirtuszlevel\u0171 t\u00f6rpenarancs"},"content":{"rendered":"<h1>Citrus myrtifolia Chinotto\/ Mirtuszlevel\u0171 t\u00f6rpenarancs<\/h1>\n<p>Citrus myrtifolia Chinotto\/ Mirtuszlevel\u0171 t\u00f6rpenarancs<\/p>\n<p>Olaszorsz\u00e1gban Liguria, Toszk\u00e1na, Szic\u00edlia \u00e9s Kalabria vid\u00e9k\u00e9n \u00fcltetik.<\/p>\n<p>A Citrus myrtifolia Chinotto \/ Mirtuszlevel\u0171 t\u00f6rpenarancs, alacsony termet\u0171 \u00f6r\u00f6kz\u00f6ld fa, kis levelekkel \u00e9s nincs t\u00fcsk\u00e9je. Gy\u00fcm\u00f6lcse hasonl\u00edt a narancsra, de kisebb. Savany\u00fa vagy keser\u0171, \u00e9s gyakran h\u00edvj\u00e1k az olasz nev\u00e9n: chinotto.<\/p>\n<p>Term\u00e9se a mandarin\u00e9hoz hasonl\u00edt, kiv\u00e1l\u00f3 lekv\u00e1r, gy\u00fcm\u00f6lcsl\u00e9 is k\u00e9sz\u00edthet\u0151 bel\u0151le..<\/p>\n<p>A legt\u00f6bb olasz gyomorkeser\u0171 fontos hozz\u00e1val\u00f3ja, a Campari is tartalmazza. Elnevez\u00e9se K\u00edn\u00e1ra utal, tal\u00e1n onnan is sz\u00e1rmazik. Az 1950-es \u00e9vekben kezdtek sz\u00e9nszavas \u00fcd\u00edt\u0151ket is gy\u00e1rtani \u201eChinotto\u201d n\u00e9ven, m\u00e1ra a Nestl\u00e9 is gy\u00e1rtja \u201eChino\u201d m\u00e1rkan\u00e9v alatt, a Coca-Cola pedig \u201eFanta Chinotto\u201d alatt.<\/p>\n<div class=\"field field-type-text field-field-talajtpus\">\n<div class=\"field-label\">Talajt\u00edpus: Savas (t\u0151zeges)<\/div>\n<\/div>\n<div class=\"field field-type-text field-field-tlllsg\">\n<div class=\"field-label\">T\u00e9l\u00e1ll\u00f3s\u00e1g: 0\/-2 fokig t\u00e9l\u00e1ll\u00f3<\/div>\n<\/div>\n<div class=\"field field-type-text field-field-tpanyagigny\">\n<div class=\"field-label\">T\u00e1panyagig\u00e9ny: Kifejezetten t\u00e1panyagig\u00e9nyes<\/div>\n<\/div>\n<div class=\"field field-type-text field-field-vzigny\">\n<div class=\"field-label\">V\u00edzig\u00e9ny: K\u00f6zepes v\u00edzig\u00e9ny<\/div>\n<\/div>\n<div class=\"field field-type-text field-field-fnyigny\">\n<div class=\"field-label\">F\u00e9nyig\u00e9ny: Teljes napf\u00e9ny<\/div>\n<\/div>\n<div><\/div>\n<div class=\"field field-type-text field-field-fnyigny\">\n<div>K\u00f6zepesen neh\u00e9z v\u00e1lyogos f\u00f6ldj\u00e9hez, keverj\u00fcnk b\u0151s\u00e9ges mennyis\u00e9g\u0171 komposztot \u00e9s homokot hozz\u00e1. Napos r\u00e9szen tartsuk. A pang\u00f3 v\u00edz gy\u00f6k\u00e9rrothad\u00e1shoz, majd a n\u00f6v\u00e9ny hal\u00e1l\u00e1hoz vezethet. A t\u00e9li lombhull\u00e1s, egy term\u00e9szetes folyamat. Teleltet\u00e9skor, min\u00e9l alacsonyabb a t\u00e9li h\u0151m\u00e9rs\u00e9klet ann\u00e1l csek\u00e9lyebb f\u00e9nyviszonyok elegend\u0151ek.<\/div>\n<div>\u00a0Metszeni b\u00e1rmikor lehet. \u00c1t\u00fcltetni tavasszal, 2-3 \u00e9vente sz\u00fcks\u00e9ges.<\/div>\n<\/div>\n<div><\/div>\n<div>\n<p style=\"line-height: 18.0pt; background: white; margin: 0cm 0cm 15.0pt 0cm;\"><b><span style=\"font-family: 'Ubuntu',sans-serif; color: black;\">K\u00e9szlet\u00fcnk napi szinten v\u00e1ltozik, ez\u00e9rt k\u00e9rj\u00fck, \u00e9rdekl\u0151dj\u00f6n szem\u00e9lyesen, telefonon vagy email-en.<br \/>\nA v\u00e1ltoztat\u00e1s jog\u00e1t fenntartjuk!\u00a0<\/span><\/b><\/p>\n<p><a href=\"https:\/\/tajkertesz.com\/\">https:\/\/tajkertesz.com\/<\/a><\/p>\n<p><a href=\"https:\/\/www.facebook.com\/tajkertesz\/\">https:\/\/www.facebook.com\/tajkertesz\/<\/a><\/p>\n<p>Kisz\u00e1ll\u00edt\u00e1s: 200cm-ig \u00e9s 40 kg-ig a sz\u00e1ll\u00edt\u00e1s fut\u00e1rszolg\u00e1lattal t\u00f6rt\u00e9nik.<\/p>\n<p>Szem\u00e9lyes \u00e1tv\u00e9tel nyitvatart\u00e1si id\u0151ben a 17. ker\u00fclet Bakancsos utca 7. sz\u00e1m alatti Kert\u00e9szeti \u00e1rud\u00e1nkban.<\/p>\n<p><b><u>Kert\u00e9p\u00edt\u0151k \u00e9s viszontelad\u00f3k regisztr\u00e1l\u00e1s ut\u00e1n egyedi kedvezm\u00e9nnyel v\u00e1s\u00e1rolhatnak kert\u00e9szeti kis-\u00e9s nagykeresked\u00e9s\u00fcnkben.<\/u><\/b><\/p>\n<p>A logisztikai c\u00e9ggel t\u00f6rt\u00e9n\u0151 sz\u00e1ll\u00edt\u00e1s eset\u00e9n a partnereink\u00a0esetleges a\u00a0cs\u00fasz\u00e1sai\u00e9rt nem v\u00e1llalunk felel\u0151ss\u00e9get!<\/p>\n<p>A n\u00f6v\u00e9nyekr\u0151l felt\u00f6lt\u00f6tt k\u00e9pek illusztr\u00e1ci\u00f3k. N\u00f6v\u00e9nyekn\u00e9l el\u0151fordulhatnak minim\u00e1lis elt\u00e9r\u00e9sek a k\u00e9peken szerepl\u0151 n\u00f6v\u00e9nyek \u00e9s az \u00e1tvett n\u00f6v\u00e9nyek k\u00f6z\u00f6tt, mivel minden n\u00f6v\u00e9ny egyedi.<\/p>\n<p>N\u00f6v\u00e9nyek sz\u00e1ll\u00edt\u00e1sa:<\/p>\n<p>A megrendelt n\u00f6v\u00e9nyeket igyeksz\u00fcnk a lehet\u0151 legbiztons\u00e1gosabban egyes\u00e9vel csomagolni, azonban a sz\u00e1ll\u00edt\u00e1s sor\u00e1n m\u00e9g ennek ellen\u00e9re is\u00a0bek\u00f6vetkezhetnek apr\u00f3bb s\u00e9r\u00fcl\u00e9sek (lev\u00e9l- vagy vir\u00e1ghull\u00e1s).<br \/>\nN\u00f6v\u00e9ny rendel\u00e9s eset\u00e9n k\u00e9rj\u00fck a k\u00e9zbes\u00edt\u00e9st k\u00f6vet\u0151en a lehet\u0151 leghamarabb bonts\u00e1k ki a csomagot.<\/p>\n<p>Abban az esetben, ha a megrendelt n\u00f6v\u00e9ny\u00a0a sz\u00e1ll\u00edt\u00e1st k\u00f6vet\u0151en\u00a0nem megfelel\u0151 gondoz\u00e1sban r\u00e9szes\u00fcl \u00e9s ebb\u0151l kifoly\u00f3lag\u00a0k\u00e1rosodik,\u00a0elpusztul, felel\u0151ss\u00e9get sajnos nem tudunk v\u00e1llalni.<\/p>\n<p>V\u00e1s\u00e1rl\u00e1st\u00f3l val\u00f3 el\u00e1ll\u00e1s \u00e9l\u0151 n\u00f6v\u00e9ny v\u00e1s\u00e1rl\u00e1sa eset\u00e9n:<\/p>\n<p>Az \u00e1ltal\u00e1nos 14 napos el\u00e1ll\u00e1s lehet\u0151s\u00e9ge \u00e9l\u0151 n\u00f6v\u00e9nyekre nem vonatkozik. V\u00e1s\u00e1rl\u00e1st\u00f3l val\u00f3 el\u00e1ll\u00e1sra, visszak\u00fcld\u00e9sre nincs lehet\u0151s\u00e9g.\u00a0(17\/1999. (II. 5.) Korm. rendelet 5c pontja)<\/p>\n<p>&nbsp;<\/p>\n<p><strong>K\u00e9rj\u00fck fentiek figyelembev\u00e9tel\u00e9t n\u00f6v\u00e9ny rendel\u00e9se sor\u00e1n!<\/strong><\/p>\n<\/div>","protected":false},"excerpt":{"rendered":"<p>Term\u00e9se a mandarin\u00e9hoz hasonl\u00edt, kiv\u00e1l\u00f3 lekv\u00e1r, gy\u00fcm\u00f6lcsl\u00e9 is k\u00e9sz\u00edthet\u0151 bel\u0151le..<\/p>\n<h5 class=\"product-attribute-name\">V\u00e1laszthat\u00f3 kiszerel\u00e9s:<\/h5>\n<p><span class=\"product-attribute-value\">Kont\u00e9neres 2L T\u00f6rzs 25\/30cm<\/span><\/p>","protected":false},"featured_media":22504,"template":"","meta":{"_et_pb_use_builder":"","_et_pb_old_content":"","_et_gb_content_width":""},"product_brand":[],"product_cat":[4326],"product_tag":[1442,1463,5665,4867,4473,5666],"class_list":{"0":"post-22503","1":"product","2":"type-product","3":"status-publish","4":"has-post-thumbnail","6":"product_cat-citrusok","7":"product_tag-citrus","8":"product_tag-mediterran","9":"product_tag-mirtusznarancs","10":"product_tag-narancs","11":"product_tag-noveny","12":"product_tag-torpenarancs","14":"first","15":"outofstock","16":"shipping-taxable","17":"product-type-simple"},"yoast_head":"<!-- This site is optimized with the Yoast SEO plugin v27.4 - https:\/\/yoast.com\/product\/yoast-seo-wordpress\/ -->\n<title>Citrus myrtifolia Chinotto\/ Mirtuszlevel\u0171 t\u00f6rpenarancs - T\u00e1jkert\u00e9sz<\/title>\n<meta name=\"description\" content=\"Citrus myrtifolia Chinotto\/ Mirtuszlevel\u0171 t\u00f6rpenarancs. erm\u00e9se a mandarin\u00e9hoz hasonl\u00edt, kiv\u00e1l\u00f3 lekv\u00e1r, gy\u00fcm\u00f6lcsl\u00e9 is k\u00e9sz\u00edthet\u0151 bel\u0151le..\" \/>\n<meta name=\"robots\" content=\"index, follow, max-snippet:-1, max-image-preview:large, max-video-preview:-1\" \/>\n<link rel=\"canonical\" href=\"https:\/\/tajkertesz.com\/en_US\/product\/citrus-myrtifolia-chinotto-mirtuszlevelu-torpenarancs\/\" \/>\n<meta property=\"og:locale\" content=\"en_US\" \/>\n<meta property=\"og:type\" content=\"article\" \/>\n<meta property=\"og:title\" content=\"Citrus myrtifolia Chinotto\/ Mirtuszlevel\u0171 t\u00f6rpenarancs - T\u00e1jkert\u00e9sz\" \/>\n<meta property=\"og:description\" content=\"Citrus myrtifolia Chinotto\/ Mirtuszlevel\u0171 t\u00f6rpenarancs. erm\u00e9se a mandarin\u00e9hoz hasonl\u00edt, kiv\u00e1l\u00f3 lekv\u00e1r, gy\u00fcm\u00f6lcsl\u00e9 is k\u00e9sz\u00edthet\u0151 bel\u0151le..\" \/>\n<meta property=\"og:url\" content=\"https:\/\/tajkertesz.com\/en_US\/product\/citrus-myrtifolia-chinotto-mirtuszlevelu-torpenarancs\/\" \/>\n<meta property=\"og:site_name\" content=\"T\u00e1jkert\u00e9sz\" \/>\n<meta property=\"article:publisher\" content=\"https:\/\/www.facebook.com\/Tajkertesz\/\" \/>\n<meta property=\"article:modified_time\" content=\"2026-03-30T14:33:16+00:00\" \/>\n<meta property=\"og:image\" content=\"https:\/\/tajkertesz.com\/wp-content\/uploads\/2025\/02\/20250224_144846-1-scaled.jpg\" \/>\n\t<meta property=\"og:image:width\" content=\"1442\" \/>\n\t<meta property=\"og:image:height\" content=\"2560\" \/>\n\t<meta property=\"og:image:type\" content=\"image\/jpeg\" \/>\n<meta name=\"twitter:card\" content=\"summary_large_image\" \/>\n<meta name=\"twitter:label1\" content=\"Est. reading time\" \/>\n\t<meta name=\"twitter:data1\" content=\"3 minutes\" \/>\n<script type=\"application\/ld+json\" class=\"yoast-schema-graph\">{\"@context\":\"https:\\\/\\\/schema.org\",\"@graph\":[{\"@type\":\"WebPage\",\"@id\":\"https:\\\/\\\/tajkertesz.com\\\/termek\\\/citrus-myrtifolia-chinotto-mirtuszlevelu-torpenarancs\\\/\",\"url\":\"https:\\\/\\\/tajkertesz.com\\\/termek\\\/citrus-myrtifolia-chinotto-mirtuszlevelu-torpenarancs\\\/\",\"name\":\"Citrus myrtifolia Chinotto\\\/ Mirtuszlevel\u0171 t\u00f6rpenarancs - T\u00e1jkert\u00e9sz\",\"isPartOf\":{\"@id\":\"https:\\\/\\\/tajkertesz.com\\\/#website\"},\"primaryImageOfPage\":{\"@id\":\"https:\\\/\\\/tajkertesz.com\\\/termek\\\/citrus-myrtifolia-chinotto-mirtuszlevelu-torpenarancs\\\/#primaryimage\"},\"image\":{\"@id\":\"https:\\\/\\\/tajkertesz.com\\\/termek\\\/citrus-myrtifolia-chinotto-mirtuszlevelu-torpenarancs\\\/#primaryimage\"},\"thumbnailUrl\":\"https:\\\/\\\/tajkertesz.com\\\/wp-content\\\/uploads\\\/2025\\\/02\\\/20250224_144846-1-scaled.jpg\",\"datePublished\":\"2025-02-24T14:34:11+00:00\",\"dateModified\":\"2026-03-30T14:33:16+00:00\",\"description\":\"Citrus myrtifolia Chinotto\\\/ Mirtuszlevel\u0171 t\u00f6rpenarancs. erm\u00e9se a mandarin\u00e9hoz hasonl\u00edt, kiv\u00e1l\u00f3 lekv\u00e1r, gy\u00fcm\u00f6lcsl\u00e9 is k\u00e9sz\u00edthet\u0151 bel\u0151le..\",\"breadcrumb\":{\"@id\":\"https:\\\/\\\/tajkertesz.com\\\/termek\\\/citrus-myrtifolia-chinotto-mirtuszlevelu-torpenarancs\\\/#breadcrumb\"},\"inLanguage\":\"en-US\",\"potentialAction\":[{\"@type\":\"ReadAction\",\"target\":[\"https:\\\/\\\/tajkertesz.com\\\/termek\\\/citrus-myrtifolia-chinotto-mirtuszlevelu-torpenarancs\\\/\"]}]},{\"@type\":\"ImageObject\",\"inLanguage\":\"en-US\",\"@id\":\"https:\\\/\\\/tajkertesz.com\\\/termek\\\/citrus-myrtifolia-chinotto-mirtuszlevelu-torpenarancs\\\/#primaryimage\",\"url\":\"https:\\\/\\\/tajkertesz.com\\\/wp-content\\\/uploads\\\/2025\\\/02\\\/20250224_144846-1-scaled.jpg\",\"contentUrl\":\"https:\\\/\\\/tajkertesz.com\\\/wp-content\\\/uploads\\\/2025\\\/02\\\/20250224_144846-1-scaled.jpg\",\"width\":1442,\"height\":2560,\"caption\":\"Citrus myrtifolia Chinotto\\\/ Mirtuszlevel\u0171 t\u00f6rpenarancs\"},{\"@type\":\"BreadcrumbList\",\"@id\":\"https:\\\/\\\/tajkertesz.com\\\/termek\\\/citrus-myrtifolia-chinotto-mirtuszlevelu-torpenarancs\\\/#breadcrumb\",\"itemListElement\":[{\"@type\":\"ListItem\",\"position\":1,\"name\":\"Home\",\"item\":\"https:\\\/\\\/tajkertesz.com\\\/\"},{\"@type\":\"ListItem\",\"position\":2,\"name\":\"Kezd\u0151lap\",\"item\":\"https:\\\/\\\/tajkertesz.com\\\/\"},{\"@type\":\"ListItem\",\"position\":3,\"name\":\"Citrus myrtifolia Chinotto\\\/ Mirtuszlevel\u0171 t\u00f6rpenarancs\"}]},{\"@type\":\"WebSite\",\"@id\":\"https:\\\/\\\/tajkertesz.com\\\/#website\",\"url\":\"https:\\\/\\\/tajkertesz.com\\\/\",\"name\":\"T\u00e1j-Kert\u00e9sz 84 Kft.\",\"description\":\"Kert\u00e9szeti kis- \u00e9s nagykeresked\u00e9s, D\u00edszn\u00f6v\u00e9ny web\u00e1ruh\u00e1z orsz\u00e1gos h\u00e1zhozsz\u00e1ll\u00edt\u00e1ssal!\",\"publisher\":{\"@id\":\"https:\\\/\\\/tajkertesz.com\\\/#organization\"},\"potentialAction\":[{\"@type\":\"SearchAction\",\"target\":{\"@type\":\"EntryPoint\",\"urlTemplate\":\"https:\\\/\\\/tajkertesz.com\\\/?s={search_term_string}\"},\"query-input\":{\"@type\":\"PropertyValueSpecification\",\"valueRequired\":true,\"valueName\":\"search_term_string\"}}],\"inLanguage\":\"en-US\"},{\"@type\":\"Organization\",\"@id\":\"https:\\\/\\\/tajkertesz.com\\\/#organization\",\"name\":\"T\u00e1j-Kert\u00e9sz 84 Kft.\",\"url\":\"https:\\\/\\\/tajkertesz.com\\\/\",\"logo\":{\"@type\":\"ImageObject\",\"inLanguage\":\"en-US\",\"@id\":\"https:\\\/\\\/tajkertesz.com\\\/#\\\/schema\\\/logo\\\/image\\\/\",\"url\":\"https:\\\/\\\/tajkertesz.com\\\/wp-content\\\/uploads\\\/2018\\\/02\\\/logo-2-e1518678052539.png\",\"contentUrl\":\"https:\\\/\\\/tajkertesz.com\\\/wp-content\\\/uploads\\\/2018\\\/02\\\/logo-2-e1518678052539.png\",\"width\":81,\"height\":140,\"caption\":\"T\u00e1j-Kert\u00e9sz 84 Kft.\"},\"image\":{\"@id\":\"https:\\\/\\\/tajkertesz.com\\\/#\\\/schema\\\/logo\\\/image\\\/\"},\"sameAs\":[\"https:\\\/\\\/www.facebook.com\\\/Tajkertesz\\\/\"]}]}<\/script>\n<!-- \/ Yoast SEO plugin. -->","yoast_head_json":{"title":"Citrus myrtifolia Chinotto\/ Mirtuszlevel\u0171 t\u00f6rpenarancs - T\u00e1jkert\u00e9sz","description":"Citrus myrtifolia Chinotto\/ Mirtuszlevel\u0171 t\u00f6rpenarancs. erm\u00e9se a mandarin\u00e9hoz hasonl\u00edt, kiv\u00e1l\u00f3 lekv\u00e1r, gy\u00fcm\u00f6lcsl\u00e9 is k\u00e9sz\u00edthet\u0151 bel\u0151le..","robots":{"index":"index","follow":"follow","max-snippet":"max-snippet:-1","max-image-preview":"max-image-preview:large","max-video-preview":"max-video-preview:-1"},"canonical":"https:\/\/tajkertesz.com\/en_US\/product\/citrus-myrtifolia-chinotto-mirtuszlevelu-torpenarancs\/","og_locale":"en_US","og_type":"article","og_title":"Citrus myrtifolia Chinotto\/ Mirtuszlevel\u0171 t\u00f6rpenarancs - T\u00e1jkert\u00e9sz","og_description":"Citrus myrtifolia Chinotto\/ Mirtuszlevel\u0171 t\u00f6rpenarancs. erm\u00e9se a mandarin\u00e9hoz hasonl\u00edt, kiv\u00e1l\u00f3 lekv\u00e1r, gy\u00fcm\u00f6lcsl\u00e9 is k\u00e9sz\u00edthet\u0151 bel\u0151le..","og_url":"https:\/\/tajkertesz.com\/en_US\/product\/citrus-myrtifolia-chinotto-mirtuszlevelu-torpenarancs\/","og_site_name":"T\u00e1jkert\u00e9sz","article_publisher":"https:\/\/www.facebook.com\/Tajkertesz\/","article_modified_time":"2026-03-30T14:33:16+00:00","og_image":[{"width":1442,"height":2560,"url":"https:\/\/tajkertesz.com\/wp-content\/uploads\/2025\/02\/20250224_144846-1-scaled.jpg","type":"image\/jpeg"}],"twitter_card":"summary_large_image","twitter_misc":{"Est. reading time":"3 minutes"},"schema":{"@context":"https:\/\/schema.org","@graph":[{"@type":"WebPage","@id":"https:\/\/tajkertesz.com\/termek\/citrus-myrtifolia-chinotto-mirtuszlevelu-torpenarancs\/","url":"https:\/\/tajkertesz.com\/termek\/citrus-myrtifolia-chinotto-mirtuszlevelu-torpenarancs\/","name":"Citrus myrtifolia Chinotto\/ Mirtuszlevel\u0171 t\u00f6rpenarancs - T\u00e1jkert\u00e9sz","isPartOf":{"@id":"https:\/\/tajkertesz.com\/#website"},"primaryImageOfPage":{"@id":"https:\/\/tajkertesz.com\/termek\/citrus-myrtifolia-chinotto-mirtuszlevelu-torpenarancs\/#primaryimage"},"image":{"@id":"https:\/\/tajkertesz.com\/termek\/citrus-myrtifolia-chinotto-mirtuszlevelu-torpenarancs\/#primaryimage"},"thumbnailUrl":"https:\/\/tajkertesz.com\/wp-content\/uploads\/2025\/02\/20250224_144846-1-scaled.jpg","datePublished":"2025-02-24T14:34:11+00:00","dateModified":"2026-03-30T14:33:16+00:00","description":"Citrus myrtifolia Chinotto\/ Mirtuszlevel\u0171 t\u00f6rpenarancs. erm\u00e9se a mandarin\u00e9hoz hasonl\u00edt, kiv\u00e1l\u00f3 lekv\u00e1r, gy\u00fcm\u00f6lcsl\u00e9 is k\u00e9sz\u00edthet\u0151 bel\u0151le..","breadcrumb":{"@id":"https:\/\/tajkertesz.com\/termek\/citrus-myrtifolia-chinotto-mirtuszlevelu-torpenarancs\/#breadcrumb"},"inLanguage":"en-US","potentialAction":[{"@type":"ReadAction","target":["https:\/\/tajkertesz.com\/termek\/citrus-myrtifolia-chinotto-mirtuszlevelu-torpenarancs\/"]}]},{"@type":"ImageObject","inLanguage":"en-US","@id":"https:\/\/tajkertesz.com\/termek\/citrus-myrtifolia-chinotto-mirtuszlevelu-torpenarancs\/#primaryimage","url":"https:\/\/tajkertesz.com\/wp-content\/uploads\/2025\/02\/20250224_144846-1-scaled.jpg","contentUrl":"https:\/\/tajkertesz.com\/wp-content\/uploads\/2025\/02\/20250224_144846-1-scaled.jpg","width":1442,"height":2560,"caption":"Citrus myrtifolia Chinotto\/ Mirtuszlevel\u0171 t\u00f6rpenarancs"},{"@type":"BreadcrumbList","@id":"https:\/\/tajkertesz.com\/termek\/citrus-myrtifolia-chinotto-mirtuszlevelu-torpenarancs\/#breadcrumb","itemListElement":[{"@type":"ListItem","position":1,"name":"Home","item":"https:\/\/tajkertesz.com\/"},{"@type":"ListItem","position":2,"name":"Kezd\u0151lap","item":"https:\/\/tajkertesz.com\/"},{"@type":"ListItem","position":3,"name":"Citrus myrtifolia Chinotto\/ Mirtuszlevel\u0171 t\u00f6rpenarancs"}]},{"@type":"WebSite","@id":"https:\/\/tajkertesz.com\/#website","url":"https:\/\/tajkertesz.com\/","name":"T\u00e1j-Kert\u00e9sz 84 Kft.","description":"Kert\u00e9szeti kis- \u00e9s nagykeresked\u00e9s, D\u00edszn\u00f6v\u00e9ny web\u00e1ruh\u00e1z orsz\u00e1gos h\u00e1zhozsz\u00e1ll\u00edt\u00e1ssal!","publisher":{"@id":"https:\/\/tajkertesz.com\/#organization"},"potentialAction":[{"@type":"SearchAction","target":{"@type":"EntryPoint","urlTemplate":"https:\/\/tajkertesz.com\/?s={search_term_string}"},"query-input":{"@type":"PropertyValueSpecification","valueRequired":true,"valueName":"search_term_string"}}],"inLanguage":"en-US"},{"@type":"Organization","@id":"https:\/\/tajkertesz.com\/#organization","name":"T\u00e1j-Kert\u00e9sz 84 Kft.","url":"https:\/\/tajkertesz.com\/","logo":{"@type":"ImageObject","inLanguage":"en-US","@id":"https:\/\/tajkertesz.com\/#\/schema\/logo\/image\/","url":"https:\/\/tajkertesz.com\/wp-content\/uploads\/2018\/02\/logo-2-e1518678052539.png","contentUrl":"https:\/\/tajkertesz.com\/wp-content\/uploads\/2018\/02\/logo-2-e1518678052539.png","width":81,"height":140,"caption":"T\u00e1j-Kert\u00e9sz 84 Kft."},"image":{"@id":"https:\/\/tajkertesz.com\/#\/schema\/logo\/image\/"},"sameAs":["https:\/\/www.facebook.com\/Tajkertesz\/"]}]}},"_links":{"self":[{"href":"https:\/\/tajkertesz.com\/en_US\/wp-json\/wp\/v2\/product\/22503","targetHints":{"allow":["GET"]}}],"collection":[{"href":"https:\/\/tajkertesz.com\/en_US\/wp-json\/wp\/v2\/product"}],"about":[{"href":"https:\/\/tajkertesz.com\/en_US\/wp-json\/wp\/v2\/types\/product"}],"wp:featuredmedia":[{"embeddable":true,"href":"https:\/\/tajkertesz.com\/en_US\/wp-json\/wp\/v2\/media\/22504"}],"wp:attachment":[{"href":"https:\/\/tajkertesz.com\/en_US\/wp-json\/wp\/v2\/media?parent=22503"}],"wp:term":[{"taxonomy":"product_brand","embeddable":true,"href":"https:\/\/tajkertesz.com\/en_US\/wp-json\/wp\/v2\/product_brand?post=22503"},{"taxonomy":"product_cat","embeddable":true,"href":"https:\/\/tajkertesz.com\/en_US\/wp-json\/wp\/v2\/product_cat?post=22503"},{"taxonomy":"product_tag","embeddable":true,"href":"https:\/\/tajkertesz.com\/en_US\/wp-json\/wp\/v2\/product_tag?post=22503"}],"curies":[{"name":"wp","href":"https:\/\/api.w.org\/{rel}","templated":true}]}}