{"id":22519,"date":"2025-02-26T10:52:18","date_gmt":"2025-02-26T10:52:18","guid":{"rendered":"https:\/\/tajkertesz.com\/?post_type=product&#038;p=22519"},"modified":"2025-02-26T10:58:13","modified_gmt":"2025-02-26T10:58:13","slug":"agrecol-bio-szervestragya-zoldsegekhez-es-palantakhoz-1kg","status":"publish","type":"product","link":"https:\/\/tajkertesz.com\/en_US\/product\/agrecol-bio-szervestragya-zoldsegekhez-es-palantakhoz-1kg\/","title":{"rendered":"Agrecol BIO szervestr\u00e1gya z\u00f6lds\u00e9gekhez \u00e9s pal\u00e1nt\u00e1khoz 1kg"},"content":{"rendered":"<h1>Agrecol BIO szervestr\u00e1gya z\u00f6lds\u00e9gekhez \u00e9s pal\u00e1nt\u00e1khoz 1kg<\/h1>\n<p>Agrecol BIO szervestr\u00e1gya z\u00f6lds\u00e9gekhez \u00e9s pal\u00e1nt\u00e1khoz 1kg<\/p>\n<p>100%-ban szerves \u00e9s term\u00e9szetes t\u00e1panyag<\/p>\n<div class=\"description\">\n<div class=\"inner\">\n<p><strong>A z\u00f6lds\u00e9gek \u00e9s pal\u00e1nt\u00e1k sz\u00e1m\u00e1ra kifejlesztett szerves tr\u00e1gya,<\/strong> kiv\u00e1l\u00f3 min\u0151s\u00e9g\u0171 granul\u00e1lt szervestr\u00e1gya. Z\u00f6lds\u00e9gek, pal\u00e1nt\u00e1k, gy\u00fcm\u00f6lcsf\u00e1k, cserj\u00e9k \u00e9s gy\u00f3gyn\u00f6v\u00e9nyek tr\u00e1gy\u00e1z\u00e1s\u00e1ra szolg\u00e1l. A megfelel\u0151en kiv\u00e1lasztott \u00f6sszet\u00e9tel n\u00f6veli a talaj term\u00e9kenys\u00e9g\u00e9t. A szervestr\u00e1gya kijuttat\u00e1sakor kapott term\u00e9shozam rendk\u00edv\u00fcl b\u0151s\u00e9ges. A n\u00f6v\u00e9nyt\u00e1pnak k\u00f6sz\u00f6nhet\u0151en telt, vitamind\u00fas \u00e9s nagyon \u00edzletes gy\u00fcm\u00f6lcs\u00f6t \u00e9s z\u00f6lds\u00e9get kaphatunk.\u00a0 A szerves tr\u00e1gya z\u00f6lds\u00e9gekhez \u00e9s pal\u00e1nt\u00e1khoz t\u00f6rt\u00e9n\u0151 haszn\u00e1lata biztos\u00edtja a talaj megfelel\u0151 t\u00e1panyagszintj\u00e9t \u00e9s gazdag\u00edtja annak szerkezet\u00e9t. Az Agrecol szervestr\u00e1gya ide\u00e1lis a talaj el\u0151k\u00e9sz\u00edt\u00e9s\u00e9hez vet\u00e9s \u00e9s \u00fcltet\u00e9s el\u0151tt.<\/p>\n<\/div>\n<\/div>\n<div class=\"description\">\n<div class=\"inner\">\n<h2>Alkalmaz\u00e1si m\u00f3dszer<\/h2>\n<p>Sz\u00f3rja ki a szervesr\u00e1gy\u00e1t egyenletesen a n\u00f6v\u00e9nyek k\u00f6r\u00e9, \u00e9s ha lehets\u00e9ges, keverje \u00f6ssze a talaj fels\u0151 r\u00e9teg\u00e9vel. Haszn\u00e1lja 12-15\u00b0C h\u0151m\u00e9rs\u00e9kleten.<\/p>\n<p><strong>\u00dcltet\u00e9skor (adag 1 m<sup>2-re<\/sup>):<\/strong><br \/>\nLeveles z\u00f6lds\u00e9gek (pl. sal\u00e1ta, spen\u00f3t) \u2013 100-150 g<br \/>\nGy\u00f6k\u00e9rz\u00f6lds\u00e9gek (pl. c\u00e9kla, s\u00e1rgar\u00e9pa, retek) \u2013 100-150 g<br \/>\nArom\u00e1s n\u00f6v\u00e9nyek (gy\u00f3gyn\u00f6v\u00e9nyek) \u2013 80-120 g<br \/>\nZ\u00f6lds\u00e9gn\u00f6v\u00e9nyek (pl. paradicsom, uborka) \u2013 100-150 g<br \/>\nApr\u00f3 gy\u00fcm\u00f6lcs\u00f6k (pl. \u00e1fonya, sz\u0151l\u0151) \u2013 80-150 g<br \/>\nNagy gy\u00fcm\u00f6lcs\u00f6k (pl. alma, k\u00f6rte) \u2013 100-200 g<\/p>\n<p><strong>Termeszt\u00e9s k\u00f6zben (adag 1 m<sup>2-re<\/sup>):<\/strong><br \/>\nLeveles z\u00f6lds\u00e9gek (pl. sal\u00e1ta, spen\u00f3t) \u2013 150 g<br \/>\nGy\u00f6k\u00e9rz\u00f6lds\u00e9gek (pl. c\u00e9kla, s\u00e1rgar\u00e9pa, retek) \u2013 150 g<br \/>\nArom\u00e1s n\u00f6v\u00e9nyek (gy\u00f3gyn\u00f6v\u00e9nyek) \u2013 80 g<br \/>\nZ\u00f6lds\u00e9gn\u00f6v\u00e9nyek (pl. paradicsom, uborka) \u2013 150 g<br \/>\nApr\u00f3 gy\u00fcm\u00f6lcs\u00f6k (pl. \u00e1fonya, sz\u0151l\u0151) \u2013 150 g<br \/>\nNagy gy\u00fcm\u00f6lcs\u00f6k (pl. alma, k\u00f6rte) \u2013 200 g<\/p>\n<h4><strong>Szubsztr\u00e1tum el\u0151k\u00e9sz\u00edt\u00e9se:<\/strong><\/h4>\n<p><strong>T\u00e1ptalaj el\u0151k\u00e9sz\u00edt\u00e9s:<\/strong> adagol\u00e1s 2-6kg \/ m<sup>3<\/sup>\u00a0t\u00e1ptalaj<\/p>\n<\/div>\n<p><strong>K\u00e9szlet\u00fcnk napi szinten v\u00e1ltozik, ez\u00e9rt k\u00e9rj\u00fck, \u00e9rdekl\u0151dj\u00f6n szem\u00e9lyesen, telefonon vagy email-en.<br \/>\nA v\u00e1ltoztat\u00e1s jog\u00e1t fenntartjuk!\u00a0<\/strong><\/p>\n<p><a href=\"https:\/\/tajkertesz.com\/\">https:\/\/tajkertesz.com\/<\/a><\/p>\n<p><a href=\"https:\/\/www.facebook.com\/tajkertesz\/\">https:\/\/www.facebook.com\/tajkertesz\/<\/a><\/p>\n<p>Kisz\u00e1ll\u00edt\u00e1s: 200cm-ig \u00e9s 40 kg-ig a sz\u00e1ll\u00edt\u00e1s fut\u00e1rszolg\u00e1lattal t\u00f6rt\u00e9nik.<\/p>\n<p>Szem\u00e9lyes \u00e1tv\u00e9tel nyitvatart\u00e1si id\u0151ben a 17. ker\u00fclet Bakancsos utca 7. sz\u00e1m alatti Kert\u00e9szeti \u00e1rud\u00e1nkban.<\/p>\n<p><strong><u>Kert\u00e9p\u00edt\u0151k \u00e9s viszontelad\u00f3k regisztr\u00e1l\u00e1s ut\u00e1n egyedi kedvezm\u00e9nnyel v\u00e1s\u00e1rolhatnak kert\u00e9szeti kis-\u00e9s nagykeresked\u00e9s\u00fcnkben.<\/u><\/strong><\/p>\n<p><strong><u>Figyelem!<\/u><\/strong><\/p>\n<p>A logisztikai c\u00e9ggel t\u00f6rt\u00e9n\u0151 sz\u00e1ll\u00edt\u00e1s eset\u00e9n a partnereink\u00a0esetleges a\u00a0cs\u00fasz\u00e1sai\u00e9rt nem v\u00e1llalunk felel\u0151ss\u00e9get!<\/p>\n<p><strong>Az \u00e1rak egy darab term\u00e9kre vonatkoznak.<\/strong><\/p>\n<div class=\"inner\">\n<p>&nbsp;<\/p>\n<\/div>\n<\/div>","protected":false},"excerpt":{"rendered":"<h4>100%-ban szerves \u00e9s term\u00e9szetes BIO t\u00e1panyag z\u00f6lds\u00e9gn\u00f6v\u00e9nyek sz\u00e1m\u00e1ra<\/h4>\n<ul>\n<li>Szerves tr\u00e1gya z\u00f6lds\u00e9gf\u00e9l\u00e9k sz\u00e1m\u00e1ra<\/li>\n<li>biztos\u00edtja a pal\u00e1nt\u00e1k eg\u00e9szs\u00e9ges n\u00f6veked\u00e9s\u00e9t<\/li>\n<li>garant\u00e1lja a n\u00f6v\u00e9nyek megfelel\u0151 fejl\u0151d\u00e9s\u00e9t \u00e9s a b\u0151s\u00e9ges hozamot<\/li>\n<li>\u00e9rt\u00e9kes szerves anyagokat biztos\u00edt<\/li>\n<\/ul>\n<p>Kiszerel\u00e9s: 3kg.<\/p>\n<p>nitrog\u00e9n (N) \u2013 6%,<br \/>\nfoszfor (<sub>P2<\/sub><sub>O5<\/sub>) \u2013 5%,<br \/>\nk\u00e1lium (<sub>K2O<\/sub>) \u2013 10%,<br \/>\nmagn\u00e9zium (MgO) \u2013 4%<\/p>\n<p>&nbsp;<\/p>","protected":false},"featured_media":22520,"template":"","meta":{"_et_pb_use_builder":"","_et_pb_old_content":"","_et_gb_content_width":""},"product_brand":[],"product_cat":[5667],"product_tag":[537,1431,5668,4104,1466],"class_list":{"0":"post-22519","1":"product","2":"type-product","3":"status-publish","4":"has-post-thumbnail","6":"product_cat-agrecol-szerves-tragyak","7":"product_tag-agrecol","8":"product_tag-paradicsom","9":"product_tag-szerves-tragya","10":"product_tag-tapanyag","11":"product_tag-zoldseg","13":"first","14":"instock","15":"shipping-taxable","16":"purchasable","17":"product-type-simple"},"yoast_head":"<!-- This site is optimized with the Yoast SEO plugin v27.3 - https:\/\/yoast.com\/product\/yoast-seo-wordpress\/ -->\n<title>Agrecol BIO szervestr\u00e1gya z\u00f6lds\u00e9gekhez \u00e9s pal\u00e1nt\u00e1khoz 1kg - T\u00e1jkert\u00e9sz<\/title>\n<meta name=\"description\" content=\"Agrecol BIO szervestr\u00e1gya z\u00f6lds\u00e9gekhez \u00e9s pal\u00e1nt\u00e1khoz 1kg. Z\u00f6lds\u00e9gek, pal\u00e1nt\u00e1k, gy\u00fcm\u00f6lcsf\u00e1k, cserj\u00e9k \u00e9s gy\u00f3gyn\u00f6v\u00e9nyek tr\u00e1gy\u00e1z\u00e1s\u00e1ra szolg\u00e1l.\" \/>\n<meta name=\"robots\" content=\"index, follow, max-snippet:-1, max-image-preview:large, max-video-preview:-1\" \/>\n<link rel=\"canonical\" href=\"https:\/\/tajkertesz.com\/en_US\/product\/agrecol-bio-szervestragya-zoldsegekhez-es-palantakhoz-1kg\/\" \/>\n<meta property=\"og:locale\" content=\"en_US\" \/>\n<meta property=\"og:type\" content=\"article\" \/>\n<meta property=\"og:title\" content=\"Agrecol BIO szervestr\u00e1gya z\u00f6lds\u00e9gekhez \u00e9s pal\u00e1nt\u00e1khoz 1kg - T\u00e1jkert\u00e9sz\" \/>\n<meta property=\"og:description\" content=\"Agrecol BIO szervestr\u00e1gya z\u00f6lds\u00e9gekhez \u00e9s pal\u00e1nt\u00e1khoz 1kg. Z\u00f6lds\u00e9gek, pal\u00e1nt\u00e1k, gy\u00fcm\u00f6lcsf\u00e1k, cserj\u00e9k \u00e9s gy\u00f3gyn\u00f6v\u00e9nyek tr\u00e1gy\u00e1z\u00e1s\u00e1ra szolg\u00e1l.\" \/>\n<meta property=\"og:url\" content=\"https:\/\/tajkertesz.com\/en_US\/product\/agrecol-bio-szervestragya-zoldsegekhez-es-palantakhoz-1kg\/\" \/>\n<meta property=\"og:site_name\" content=\"T\u00e1jkert\u00e9sz\" \/>\n<meta property=\"article:publisher\" content=\"https:\/\/www.facebook.com\/Tajkertesz\/\" \/>\n<meta property=\"article:modified_time\" content=\"2025-02-26T10:58:13+00:00\" \/>\n<meta property=\"og:image\" content=\"https:\/\/tajkertesz.com\/wp-content\/uploads\/2025\/02\/14965.webp\" \/>\n\t<meta property=\"og:image:width\" content=\"456\" \/>\n\t<meta property=\"og:image:height\" content=\"456\" \/>\n\t<meta property=\"og:image:type\" content=\"image\/webp\" \/>\n<meta name=\"twitter:card\" content=\"summary_large_image\" \/>\n<meta name=\"twitter:label1\" content=\"Est. reading time\" \/>\n\t<meta name=\"twitter:data1\" content=\"2 minutes\" \/>\n<script type=\"application\/ld+json\" class=\"yoast-schema-graph\">{\"@context\":\"https:\\\/\\\/schema.org\",\"@graph\":[{\"@type\":\"WebPage\",\"@id\":\"https:\\\/\\\/tajkertesz.com\\\/termek\\\/agrecol-bio-szervestragya-zoldsegekhez-es-palantakhoz-1kg\\\/\",\"url\":\"https:\\\/\\\/tajkertesz.com\\\/termek\\\/agrecol-bio-szervestragya-zoldsegekhez-es-palantakhoz-1kg\\\/\",\"name\":\"Agrecol BIO szervestr\u00e1gya z\u00f6lds\u00e9gekhez \u00e9s pal\u00e1nt\u00e1khoz 1kg - T\u00e1jkert\u00e9sz\",\"isPartOf\":{\"@id\":\"https:\\\/\\\/tajkertesz.com\\\/#website\"},\"primaryImageOfPage\":{\"@id\":\"https:\\\/\\\/tajkertesz.com\\\/termek\\\/agrecol-bio-szervestragya-zoldsegekhez-es-palantakhoz-1kg\\\/#primaryimage\"},\"image\":{\"@id\":\"https:\\\/\\\/tajkertesz.com\\\/termek\\\/agrecol-bio-szervestragya-zoldsegekhez-es-palantakhoz-1kg\\\/#primaryimage\"},\"thumbnailUrl\":\"https:\\\/\\\/tajkertesz.com\\\/wp-content\\\/uploads\\\/2025\\\/02\\\/14965.webp\",\"datePublished\":\"2025-02-26T10:52:18+00:00\",\"dateModified\":\"2025-02-26T10:58:13+00:00\",\"description\":\"Agrecol BIO szervestr\u00e1gya z\u00f6lds\u00e9gekhez \u00e9s pal\u00e1nt\u00e1khoz 1kg. Z\u00f6lds\u00e9gek, pal\u00e1nt\u00e1k, gy\u00fcm\u00f6lcsf\u00e1k, cserj\u00e9k \u00e9s gy\u00f3gyn\u00f6v\u00e9nyek tr\u00e1gy\u00e1z\u00e1s\u00e1ra szolg\u00e1l.\",\"breadcrumb\":{\"@id\":\"https:\\\/\\\/tajkertesz.com\\\/termek\\\/agrecol-bio-szervestragya-zoldsegekhez-es-palantakhoz-1kg\\\/#breadcrumb\"},\"inLanguage\":\"en-US\",\"potentialAction\":[{\"@type\":\"ReadAction\",\"target\":[\"https:\\\/\\\/tajkertesz.com\\\/termek\\\/agrecol-bio-szervestragya-zoldsegekhez-es-palantakhoz-1kg\\\/\"]}]},{\"@type\":\"ImageObject\",\"inLanguage\":\"en-US\",\"@id\":\"https:\\\/\\\/tajkertesz.com\\\/termek\\\/agrecol-bio-szervestragya-zoldsegekhez-es-palantakhoz-1kg\\\/#primaryimage\",\"url\":\"https:\\\/\\\/tajkertesz.com\\\/wp-content\\\/uploads\\\/2025\\\/02\\\/14965.webp\",\"contentUrl\":\"https:\\\/\\\/tajkertesz.com\\\/wp-content\\\/uploads\\\/2025\\\/02\\\/14965.webp\",\"width\":456,\"height\":456,\"caption\":\"Agrecol BIO szervestr\u00e1gya z\u00f6lds\u00e9gekhez \u00e9s pal\u00e1nt\u00e1khoz 1kg\"},{\"@type\":\"BreadcrumbList\",\"@id\":\"https:\\\/\\\/tajkertesz.com\\\/termek\\\/agrecol-bio-szervestragya-zoldsegekhez-es-palantakhoz-1kg\\\/#breadcrumb\",\"itemListElement\":[{\"@type\":\"ListItem\",\"position\":1,\"name\":\"Home\",\"item\":\"https:\\\/\\\/tajkertesz.com\\\/\"},{\"@type\":\"ListItem\",\"position\":2,\"name\":\"Kezd\u0151lap\",\"item\":\"https:\\\/\\\/tajkertesz.com\\\/\"},{\"@type\":\"ListItem\",\"position\":3,\"name\":\"Agrecol BIO szervestr\u00e1gya z\u00f6lds\u00e9gekhez \u00e9s pal\u00e1nt\u00e1khoz 1kg\"}]},{\"@type\":\"WebSite\",\"@id\":\"https:\\\/\\\/tajkertesz.com\\\/#website\",\"url\":\"https:\\\/\\\/tajkertesz.com\\\/\",\"name\":\"T\u00e1j-Kert\u00e9sz 84 Kft.\",\"description\":\"Kert\u00e9szeti kis- \u00e9s nagykeresked\u00e9s, D\u00edszn\u00f6v\u00e9ny web\u00e1ruh\u00e1z orsz\u00e1gos h\u00e1zhozsz\u00e1ll\u00edt\u00e1ssal!\",\"publisher\":{\"@id\":\"https:\\\/\\\/tajkertesz.com\\\/#organization\"},\"potentialAction\":[{\"@type\":\"SearchAction\",\"target\":{\"@type\":\"EntryPoint\",\"urlTemplate\":\"https:\\\/\\\/tajkertesz.com\\\/?s={search_term_string}\"},\"query-input\":{\"@type\":\"PropertyValueSpecification\",\"valueRequired\":true,\"valueName\":\"search_term_string\"}}],\"inLanguage\":\"en-US\"},{\"@type\":\"Organization\",\"@id\":\"https:\\\/\\\/tajkertesz.com\\\/#organization\",\"name\":\"T\u00e1j-Kert\u00e9sz 84 Kft.\",\"url\":\"https:\\\/\\\/tajkertesz.com\\\/\",\"logo\":{\"@type\":\"ImageObject\",\"inLanguage\":\"en-US\",\"@id\":\"https:\\\/\\\/tajkertesz.com\\\/#\\\/schema\\\/logo\\\/image\\\/\",\"url\":\"https:\\\/\\\/tajkertesz.com\\\/wp-content\\\/uploads\\\/2018\\\/02\\\/logo-2-e1518678052539.png\",\"contentUrl\":\"https:\\\/\\\/tajkertesz.com\\\/wp-content\\\/uploads\\\/2018\\\/02\\\/logo-2-e1518678052539.png\",\"width\":81,\"height\":140,\"caption\":\"T\u00e1j-Kert\u00e9sz 84 Kft.\"},\"image\":{\"@id\":\"https:\\\/\\\/tajkertesz.com\\\/#\\\/schema\\\/logo\\\/image\\\/\"},\"sameAs\":[\"https:\\\/\\\/www.facebook.com\\\/Tajkertesz\\\/\"]}]}<\/script>\n<!-- \/ Yoast SEO plugin. -->","yoast_head_json":{"title":"Agrecol BIO szervestr\u00e1gya z\u00f6lds\u00e9gekhez \u00e9s pal\u00e1nt\u00e1khoz 1kg - T\u00e1jkert\u00e9sz","description":"Agrecol BIO szervestr\u00e1gya z\u00f6lds\u00e9gekhez \u00e9s pal\u00e1nt\u00e1khoz 1kg. Z\u00f6lds\u00e9gek, pal\u00e1nt\u00e1k, gy\u00fcm\u00f6lcsf\u00e1k, cserj\u00e9k \u00e9s gy\u00f3gyn\u00f6v\u00e9nyek tr\u00e1gy\u00e1z\u00e1s\u00e1ra szolg\u00e1l.","robots":{"index":"index","follow":"follow","max-snippet":"max-snippet:-1","max-image-preview":"max-image-preview:large","max-video-preview":"max-video-preview:-1"},"canonical":"https:\/\/tajkertesz.com\/en_US\/product\/agrecol-bio-szervestragya-zoldsegekhez-es-palantakhoz-1kg\/","og_locale":"en_US","og_type":"article","og_title":"Agrecol BIO szervestr\u00e1gya z\u00f6lds\u00e9gekhez \u00e9s pal\u00e1nt\u00e1khoz 1kg - T\u00e1jkert\u00e9sz","og_description":"Agrecol BIO szervestr\u00e1gya z\u00f6lds\u00e9gekhez \u00e9s pal\u00e1nt\u00e1khoz 1kg. Z\u00f6lds\u00e9gek, pal\u00e1nt\u00e1k, gy\u00fcm\u00f6lcsf\u00e1k, cserj\u00e9k \u00e9s gy\u00f3gyn\u00f6v\u00e9nyek tr\u00e1gy\u00e1z\u00e1s\u00e1ra szolg\u00e1l.","og_url":"https:\/\/tajkertesz.com\/en_US\/product\/agrecol-bio-szervestragya-zoldsegekhez-es-palantakhoz-1kg\/","og_site_name":"T\u00e1jkert\u00e9sz","article_publisher":"https:\/\/www.facebook.com\/Tajkertesz\/","article_modified_time":"2025-02-26T10:58:13+00:00","og_image":[{"width":456,"height":456,"url":"https:\/\/tajkertesz.com\/wp-content\/uploads\/2025\/02\/14965.webp","type":"image\/webp"}],"twitter_card":"summary_large_image","twitter_misc":{"Est. reading time":"2 minutes"},"schema":{"@context":"https:\/\/schema.org","@graph":[{"@type":"WebPage","@id":"https:\/\/tajkertesz.com\/termek\/agrecol-bio-szervestragya-zoldsegekhez-es-palantakhoz-1kg\/","url":"https:\/\/tajkertesz.com\/termek\/agrecol-bio-szervestragya-zoldsegekhez-es-palantakhoz-1kg\/","name":"Agrecol BIO szervestr\u00e1gya z\u00f6lds\u00e9gekhez \u00e9s pal\u00e1nt\u00e1khoz 1kg - T\u00e1jkert\u00e9sz","isPartOf":{"@id":"https:\/\/tajkertesz.com\/#website"},"primaryImageOfPage":{"@id":"https:\/\/tajkertesz.com\/termek\/agrecol-bio-szervestragya-zoldsegekhez-es-palantakhoz-1kg\/#primaryimage"},"image":{"@id":"https:\/\/tajkertesz.com\/termek\/agrecol-bio-szervestragya-zoldsegekhez-es-palantakhoz-1kg\/#primaryimage"},"thumbnailUrl":"https:\/\/tajkertesz.com\/wp-content\/uploads\/2025\/02\/14965.webp","datePublished":"2025-02-26T10:52:18+00:00","dateModified":"2025-02-26T10:58:13+00:00","description":"Agrecol BIO szervestr\u00e1gya z\u00f6lds\u00e9gekhez \u00e9s pal\u00e1nt\u00e1khoz 1kg. Z\u00f6lds\u00e9gek, pal\u00e1nt\u00e1k, gy\u00fcm\u00f6lcsf\u00e1k, cserj\u00e9k \u00e9s gy\u00f3gyn\u00f6v\u00e9nyek tr\u00e1gy\u00e1z\u00e1s\u00e1ra szolg\u00e1l.","breadcrumb":{"@id":"https:\/\/tajkertesz.com\/termek\/agrecol-bio-szervestragya-zoldsegekhez-es-palantakhoz-1kg\/#breadcrumb"},"inLanguage":"en-US","potentialAction":[{"@type":"ReadAction","target":["https:\/\/tajkertesz.com\/termek\/agrecol-bio-szervestragya-zoldsegekhez-es-palantakhoz-1kg\/"]}]},{"@type":"ImageObject","inLanguage":"en-US","@id":"https:\/\/tajkertesz.com\/termek\/agrecol-bio-szervestragya-zoldsegekhez-es-palantakhoz-1kg\/#primaryimage","url":"https:\/\/tajkertesz.com\/wp-content\/uploads\/2025\/02\/14965.webp","contentUrl":"https:\/\/tajkertesz.com\/wp-content\/uploads\/2025\/02\/14965.webp","width":456,"height":456,"caption":"Agrecol BIO szervestr\u00e1gya z\u00f6lds\u00e9gekhez \u00e9s pal\u00e1nt\u00e1khoz 1kg"},{"@type":"BreadcrumbList","@id":"https:\/\/tajkertesz.com\/termek\/agrecol-bio-szervestragya-zoldsegekhez-es-palantakhoz-1kg\/#breadcrumb","itemListElement":[{"@type":"ListItem","position":1,"name":"Home","item":"https:\/\/tajkertesz.com\/"},{"@type":"ListItem","position":2,"name":"Kezd\u0151lap","item":"https:\/\/tajkertesz.com\/"},{"@type":"ListItem","position":3,"name":"Agrecol BIO szervestr\u00e1gya z\u00f6lds\u00e9gekhez \u00e9s pal\u00e1nt\u00e1khoz 1kg"}]},{"@type":"WebSite","@id":"https:\/\/tajkertesz.com\/#website","url":"https:\/\/tajkertesz.com\/","name":"T\u00e1j-Kert\u00e9sz 84 Kft.","description":"Kert\u00e9szeti kis- \u00e9s nagykeresked\u00e9s, D\u00edszn\u00f6v\u00e9ny web\u00e1ruh\u00e1z orsz\u00e1gos h\u00e1zhozsz\u00e1ll\u00edt\u00e1ssal!","publisher":{"@id":"https:\/\/tajkertesz.com\/#organization"},"potentialAction":[{"@type":"SearchAction","target":{"@type":"EntryPoint","urlTemplate":"https:\/\/tajkertesz.com\/?s={search_term_string}"},"query-input":{"@type":"PropertyValueSpecification","valueRequired":true,"valueName":"search_term_string"}}],"inLanguage":"en-US"},{"@type":"Organization","@id":"https:\/\/tajkertesz.com\/#organization","name":"T\u00e1j-Kert\u00e9sz 84 Kft.","url":"https:\/\/tajkertesz.com\/","logo":{"@type":"ImageObject","inLanguage":"en-US","@id":"https:\/\/tajkertesz.com\/#\/schema\/logo\/image\/","url":"https:\/\/tajkertesz.com\/wp-content\/uploads\/2018\/02\/logo-2-e1518678052539.png","contentUrl":"https:\/\/tajkertesz.com\/wp-content\/uploads\/2018\/02\/logo-2-e1518678052539.png","width":81,"height":140,"caption":"T\u00e1j-Kert\u00e9sz 84 Kft."},"image":{"@id":"https:\/\/tajkertesz.com\/#\/schema\/logo\/image\/"},"sameAs":["https:\/\/www.facebook.com\/Tajkertesz\/"]}]}},"_links":{"self":[{"href":"https:\/\/tajkertesz.com\/en_US\/wp-json\/wp\/v2\/product\/22519","targetHints":{"allow":["GET"]}}],"collection":[{"href":"https:\/\/tajkertesz.com\/en_US\/wp-json\/wp\/v2\/product"}],"about":[{"href":"https:\/\/tajkertesz.com\/en_US\/wp-json\/wp\/v2\/types\/product"}],"wp:featuredmedia":[{"embeddable":true,"href":"https:\/\/tajkertesz.com\/en_US\/wp-json\/wp\/v2\/media\/22520"}],"wp:attachment":[{"href":"https:\/\/tajkertesz.com\/en_US\/wp-json\/wp\/v2\/media?parent=22519"}],"wp:term":[{"taxonomy":"product_brand","embeddable":true,"href":"https:\/\/tajkertesz.com\/en_US\/wp-json\/wp\/v2\/product_brand?post=22519"},{"taxonomy":"product_cat","embeddable":true,"href":"https:\/\/tajkertesz.com\/en_US\/wp-json\/wp\/v2\/product_cat?post=22519"},{"taxonomy":"product_tag","embeddable":true,"href":"https:\/\/tajkertesz.com\/en_US\/wp-json\/wp\/v2\/product_tag?post=22519"}],"curies":[{"name":"wp","href":"https:\/\/api.w.org\/{rel}","templated":true}]}}