{"id":22521,"date":"2025-02-26T11:10:22","date_gmt":"2025-02-26T11:10:22","guid":{"rendered":"https:\/\/tajkertesz.com\/?post_type=product&#038;p=22521"},"modified":"2025-02-26T11:10:24","modified_gmt":"2025-02-26T11:10:24","slug":"agrecol-bio-szerves-tragya-eperhez-1-kg","status":"publish","type":"product","link":"https:\/\/tajkertesz.com\/en_US\/product\/agrecol-bio-szerves-tragya-eperhez-1-kg\/","title":{"rendered":"Agrecol BIO szerves tr\u00e1gya eperhez 1 kg"},"content":{"rendered":"<h1>Agrecol BIO szerves tr\u00e1gya eperhez 1 kg<\/h1>\n<p>Agrecol BIO szerves tr\u00e1gya eperhez 1 kg<\/p>\n<h4>100%-ban szerves \u00e9s term\u00e9szetes BIO t\u00e1panyag \u00a0eper, erdei<br \/>\nszam\u00f3ca, ribizli \u00e9s m\u00e1lna tr\u00e1gy\u00e1z\u00e1s\u00e1ra.<\/h4>\n<h4>Mi\u00e9rt ezt v\u00e1lasszam?<\/h4>\n<p>Mert kiv\u00e1l\u00f3 min\u0151s\u00e9g\u0171 granul\u00e1lt, term\u00e9szetes alap\u00fa n\u00f6v\u00e9nyt\u00e1p eper, erdei<br \/>\nszam\u00f3ca, ribizli \u00e9s m\u00e1lna tr\u00e1gy\u00e1z\u00e1s\u00e1ra. A t\u00e1p szisztematikus haszn\u00e1lata eg\u00e9szs\u00e9ges \u00e9s \u00edzletes gy\u00fcm\u00f6lcs\u00f6t biztos\u00edt.<\/p>\n<h4>Mit tartalmaz?<\/h4>\n<p>Az olyan \u00f6sszetev\u0151knek k\u00f6sz\u00f6nhet\u0151en, mint a nitrog\u00e9n, foszfor, k\u00e1lium \u00e9s<br \/>\nmagn\u00e9zium, sok t\u00e1panyag \u00e9s vitamin szintetiz\u00e1l\u00f3dik a gy\u00fcm\u00f6lcsben. A<br \/>\nmegfelel\u0151en t\u00e1pl\u00e1lt n\u00f6v\u00e9nyek ellen\u00e1ll\u00f3bbak a betegs\u00e9gekkel, \u00e9s a sz\u00e9ls\u0151s\u00e9ges id\u0151j\u00e1r\u00e1si k\u00f6r\u00fclm\u00e9nyekkel szemben egyar\u00e1nt, mint pl.: sz\u00e1razs\u00e1g \u00e9s alacsony h\u0151m\u00e9rs\u00e9klet.<\/p>\n<p>A n\u00f6v\u00e9nyt\u00e1p a bejuttatott szerves anyagoknak<br \/>\nk\u00f6sz\u00f6nhet\u0151en jav\u00edtja a talaj fizikai \u00e9s biol\u00f3giai tulajdons\u00e1gait.<\/p>\n<h4>Mi\u00e9rt j\u00f3 a n\u00f6v\u00e9nyeimnek?<\/h4>\n<p>Megfelel\u0151 felt\u00e9teleket teremt a n\u00f6v\u00e9nyek n\u00f6veked\u00e9s\u00e9hez \u00e9s fejl\u0151d\u00e9s\u00e9hez, aminek<br \/>\nk\u00f6sz\u00f6nhet\u0151en magas term\u00e9shozamot \u00e9r\u00fcnk el. A szerves tr\u00e1gy\u00e1k<br \/>\nhaszn\u00e1lata megfelel\u0151 t\u00e1panyagszintet biztos\u00edt a talajban \u00e9s jav\u00edtja annak szerkezet\u00e9t.<\/p>\n<p><strong>K\u00e9szlet\u00fcnk napi szinten v\u00e1ltozik, ez\u00e9rt k\u00e9rj\u00fck, \u00e9rdekl\u0151dj\u00f6n szem\u00e9lyesen, telefonon vagy email-en.<br \/>\nA v\u00e1ltoztat\u00e1s jog\u00e1t fenntartjuk!\u00a0<\/strong><\/p>\n<p><a href=\"https:\/\/tajkertesz.com\/\">https:\/\/tajkertesz.com\/<\/a><\/p>\n<p><a href=\"https:\/\/www.facebook.com\/tajkertesz\/\">https:\/\/www.facebook.com\/tajkertesz\/<\/a><\/p>\n<p>Kisz\u00e1ll\u00edt\u00e1s: 200cm-ig \u00e9s 40 kg-ig a sz\u00e1ll\u00edt\u00e1s fut\u00e1rszolg\u00e1lattal t\u00f6rt\u00e9nik.<\/p>\n<p>Szem\u00e9lyes \u00e1tv\u00e9tel nyitvatart\u00e1si id\u0151ben a 17. ker\u00fclet Bakancsos utca 7. sz\u00e1m alatti Kert\u00e9szeti \u00e1rud\u00e1nkban.<\/p>\n<p><strong><u>Kert\u00e9p\u00edt\u0151k \u00e9s viszontelad\u00f3k regisztr\u00e1l\u00e1s ut\u00e1n egyedi kedvezm\u00e9nnyel v\u00e1s\u00e1rolhatnak kert\u00e9szeti kis-\u00e9s nagykeresked\u00e9s\u00fcnkben.<\/u><\/strong><\/p>\n<p><strong><u>Figyelem!<\/u><\/strong><\/p>\n<p>A logisztikai c\u00e9ggel t\u00f6rt\u00e9n\u0151 sz\u00e1ll\u00edt\u00e1s eset\u00e9n a partnereink\u00a0esetleges a\u00a0cs\u00fasz\u00e1sai\u00e9rt nem v\u00e1llalunk felel\u0151ss\u00e9get!<\/p>\n<p><strong>Az \u00e1rak egy darab term\u00e9kre vonatkoznak.<\/strong><\/p>\n<p>&nbsp;<\/p>","protected":false},"excerpt":{"rendered":"<h4>100%-ban szerves \u00e9s term\u00e9szetes BIO t\u00e1panyag \u00a0eper, erdei<br \/>\nszam\u00f3ca, ribizli \u00e9s m\u00e1lna tr\u00e1gy\u00e1z\u00e1s\u00e1ra<\/h4>\n<ul>\n<li>szervestr\u00e1gya eper \u00e9s erdei szam\u00f3ca sz\u00e1m\u00e1ra<\/li>\n<li>Ribizli \u00e9s m\u00e1lna t\u00e1panyag ut\u00e1np\u00f3tl\u00e1s\u00e1ra is haszn\u00e1lhat\u00f3<\/li>\n<li>jav\u00edtja a talaj szerkezet\u00e9t a magas szervesanyag-tartalom miatt<\/li>\n<\/ul>\n<h2>\u00d6sszet\u00e9tel:<\/h2>\n<p>nitrog\u00e9n (N) \u2013 6%,<br \/>\nfoszfor (<sub>P2<\/sub><sub>O5<\/sub>) \u2013 5%,<br \/>\nk\u00e1lium (<sub>K2O<\/sub>) \u2013 10%,<br \/>\nmagn\u00e9zium (MgO) \u2013 4%<\/p>","protected":false},"featured_media":22523,"template":"","meta":{"_et_pb_use_builder":"","_et_pb_old_content":"","_et_gb_content_width":""},"product_brand":[],"product_cat":[5667],"product_tag":[537,1486,690,22,4104,36],"class_list":{"0":"post-22521","1":"product","2":"type-product","3":"status-publish","4":"has-post-thumbnail","6":"product_cat-agrecol-szerves-tragyak","7":"product_tag-agrecol","8":"product_tag-bio","9":"product_tag-eper","10":"product_tag-gyumolcs","11":"product_tag-tapanyag","12":"product_tag-tragya","14":"first","15":"instock","16":"shipping-taxable","17":"purchasable","18":"product-type-simple"},"yoast_head":"<!-- This site is optimized with the Yoast SEO plugin v27.3 - https:\/\/yoast.com\/product\/yoast-seo-wordpress\/ -->\n<title>Agrecol BIO szerves tr\u00e1gya eperhez 1 kg - T\u00e1jkert\u00e9sz<\/title>\n<meta name=\"description\" content=\"Agrecol BIO szerves tr\u00e1gya eperhez 1 kg. 100%-ban szerves \u00e9s term\u00e9szetes BIO t\u00e1panyag \u00a0eper, erdeiszam\u00f3ca, ribizli \u00e9s m\u00e1lna tr\u00e1gy\u00e1z\u00e1s\u00e1ra.\" \/>\n<meta name=\"robots\" content=\"index, follow, max-snippet:-1, max-image-preview:large, max-video-preview:-1\" \/>\n<link rel=\"canonical\" href=\"https:\/\/tajkertesz.com\/en_US\/product\/agrecol-bio-szerves-tragya-eperhez-1-kg\/\" \/>\n<meta property=\"og:locale\" content=\"en_US\" \/>\n<meta property=\"og:type\" content=\"article\" \/>\n<meta property=\"og:title\" content=\"Agrecol BIO szerves tr\u00e1gya eperhez 1 kg - T\u00e1jkert\u00e9sz\" \/>\n<meta property=\"og:description\" content=\"Agrecol BIO szerves tr\u00e1gya eperhez 1 kg. 100%-ban szerves \u00e9s term\u00e9szetes BIO t\u00e1panyag \u00a0eper, erdeiszam\u00f3ca, ribizli \u00e9s m\u00e1lna tr\u00e1gy\u00e1z\u00e1s\u00e1ra.\" \/>\n<meta property=\"og:url\" content=\"https:\/\/tajkertesz.com\/en_US\/product\/agrecol-bio-szerves-tragya-eperhez-1-kg\/\" \/>\n<meta property=\"og:site_name\" content=\"T\u00e1jkert\u00e9sz\" \/>\n<meta property=\"article:publisher\" content=\"https:\/\/www.facebook.com\/Tajkertesz\/\" \/>\n<meta property=\"article:modified_time\" content=\"2025-02-26T11:10:24+00:00\" \/>\n<meta property=\"og:image\" content=\"https:\/\/tajkertesz.com\/wp-content\/uploads\/2025\/02\/712-AN-truskawki-1kg-wiz_370.png\" \/>\n\t<meta property=\"og:image:width\" content=\"229\" \/>\n\t<meta property=\"og:image:height\" content=\"370\" \/>\n\t<meta property=\"og:image:type\" content=\"image\/png\" \/>\n<meta name=\"twitter:card\" content=\"summary_large_image\" \/>\n<meta name=\"twitter:label1\" content=\"Est. reading time\" \/>\n\t<meta name=\"twitter:data1\" content=\"2 minutes\" \/>\n<script type=\"application\/ld+json\" class=\"yoast-schema-graph\">{\"@context\":\"https:\\\/\\\/schema.org\",\"@graph\":[{\"@type\":\"WebPage\",\"@id\":\"https:\\\/\\\/tajkertesz.com\\\/termek\\\/agrecol-bio-szerves-tragya-eperhez-1-kg\\\/\",\"url\":\"https:\\\/\\\/tajkertesz.com\\\/termek\\\/agrecol-bio-szerves-tragya-eperhez-1-kg\\\/\",\"name\":\"Agrecol BIO szerves tr\u00e1gya eperhez 1 kg - T\u00e1jkert\u00e9sz\",\"isPartOf\":{\"@id\":\"https:\\\/\\\/tajkertesz.com\\\/#website\"},\"primaryImageOfPage\":{\"@id\":\"https:\\\/\\\/tajkertesz.com\\\/termek\\\/agrecol-bio-szerves-tragya-eperhez-1-kg\\\/#primaryimage\"},\"image\":{\"@id\":\"https:\\\/\\\/tajkertesz.com\\\/termek\\\/agrecol-bio-szerves-tragya-eperhez-1-kg\\\/#primaryimage\"},\"thumbnailUrl\":\"https:\\\/\\\/tajkertesz.com\\\/wp-content\\\/uploads\\\/2025\\\/02\\\/712-AN-truskawki-1kg-wiz_370.png\",\"datePublished\":\"2025-02-26T11:10:22+00:00\",\"dateModified\":\"2025-02-26T11:10:24+00:00\",\"description\":\"Agrecol BIO szerves tr\u00e1gya eperhez 1 kg. 100%-ban szerves \u00e9s term\u00e9szetes BIO t\u00e1panyag \u00a0eper, erdeiszam\u00f3ca, ribizli \u00e9s m\u00e1lna tr\u00e1gy\u00e1z\u00e1s\u00e1ra.\",\"breadcrumb\":{\"@id\":\"https:\\\/\\\/tajkertesz.com\\\/termek\\\/agrecol-bio-szerves-tragya-eperhez-1-kg\\\/#breadcrumb\"},\"inLanguage\":\"en-US\",\"potentialAction\":[{\"@type\":\"ReadAction\",\"target\":[\"https:\\\/\\\/tajkertesz.com\\\/termek\\\/agrecol-bio-szerves-tragya-eperhez-1-kg\\\/\"]}]},{\"@type\":\"ImageObject\",\"inLanguage\":\"en-US\",\"@id\":\"https:\\\/\\\/tajkertesz.com\\\/termek\\\/agrecol-bio-szerves-tragya-eperhez-1-kg\\\/#primaryimage\",\"url\":\"https:\\\/\\\/tajkertesz.com\\\/wp-content\\\/uploads\\\/2025\\\/02\\\/712-AN-truskawki-1kg-wiz_370.png\",\"contentUrl\":\"https:\\\/\\\/tajkertesz.com\\\/wp-content\\\/uploads\\\/2025\\\/02\\\/712-AN-truskawki-1kg-wiz_370.png\",\"width\":229,\"height\":370,\"caption\":\"Agrecol BIO szerves tr\u00e1gya eperhez 1 kg\"},{\"@type\":\"BreadcrumbList\",\"@id\":\"https:\\\/\\\/tajkertesz.com\\\/termek\\\/agrecol-bio-szerves-tragya-eperhez-1-kg\\\/#breadcrumb\",\"itemListElement\":[{\"@type\":\"ListItem\",\"position\":1,\"name\":\"Home\",\"item\":\"https:\\\/\\\/tajkertesz.com\\\/\"},{\"@type\":\"ListItem\",\"position\":2,\"name\":\"Kezd\u0151lap\",\"item\":\"https:\\\/\\\/tajkertesz.com\\\/\"},{\"@type\":\"ListItem\",\"position\":3,\"name\":\"Agrecol BIO szerves tr\u00e1gya eperhez 1 kg\"}]},{\"@type\":\"WebSite\",\"@id\":\"https:\\\/\\\/tajkertesz.com\\\/#website\",\"url\":\"https:\\\/\\\/tajkertesz.com\\\/\",\"name\":\"T\u00e1j-Kert\u00e9sz 84 Kft.\",\"description\":\"Kert\u00e9szeti kis- \u00e9s nagykeresked\u00e9s, D\u00edszn\u00f6v\u00e9ny web\u00e1ruh\u00e1z orsz\u00e1gos h\u00e1zhozsz\u00e1ll\u00edt\u00e1ssal!\",\"publisher\":{\"@id\":\"https:\\\/\\\/tajkertesz.com\\\/#organization\"},\"potentialAction\":[{\"@type\":\"SearchAction\",\"target\":{\"@type\":\"EntryPoint\",\"urlTemplate\":\"https:\\\/\\\/tajkertesz.com\\\/?s={search_term_string}\"},\"query-input\":{\"@type\":\"PropertyValueSpecification\",\"valueRequired\":true,\"valueName\":\"search_term_string\"}}],\"inLanguage\":\"en-US\"},{\"@type\":\"Organization\",\"@id\":\"https:\\\/\\\/tajkertesz.com\\\/#organization\",\"name\":\"T\u00e1j-Kert\u00e9sz 84 Kft.\",\"url\":\"https:\\\/\\\/tajkertesz.com\\\/\",\"logo\":{\"@type\":\"ImageObject\",\"inLanguage\":\"en-US\",\"@id\":\"https:\\\/\\\/tajkertesz.com\\\/#\\\/schema\\\/logo\\\/image\\\/\",\"url\":\"https:\\\/\\\/tajkertesz.com\\\/wp-content\\\/uploads\\\/2018\\\/02\\\/logo-2-e1518678052539.png\",\"contentUrl\":\"https:\\\/\\\/tajkertesz.com\\\/wp-content\\\/uploads\\\/2018\\\/02\\\/logo-2-e1518678052539.png\",\"width\":81,\"height\":140,\"caption\":\"T\u00e1j-Kert\u00e9sz 84 Kft.\"},\"image\":{\"@id\":\"https:\\\/\\\/tajkertesz.com\\\/#\\\/schema\\\/logo\\\/image\\\/\"},\"sameAs\":[\"https:\\\/\\\/www.facebook.com\\\/Tajkertesz\\\/\"]}]}<\/script>\n<!-- \/ Yoast SEO plugin. -->","yoast_head_json":{"title":"Agrecol BIO szerves tr\u00e1gya eperhez 1 kg - T\u00e1jkert\u00e9sz","description":"Agrecol BIO szerves tr\u00e1gya eperhez 1 kg. 100%-ban szerves \u00e9s term\u00e9szetes BIO t\u00e1panyag \u00a0eper, erdeiszam\u00f3ca, ribizli \u00e9s m\u00e1lna tr\u00e1gy\u00e1z\u00e1s\u00e1ra.","robots":{"index":"index","follow":"follow","max-snippet":"max-snippet:-1","max-image-preview":"max-image-preview:large","max-video-preview":"max-video-preview:-1"},"canonical":"https:\/\/tajkertesz.com\/en_US\/product\/agrecol-bio-szerves-tragya-eperhez-1-kg\/","og_locale":"en_US","og_type":"article","og_title":"Agrecol BIO szerves tr\u00e1gya eperhez 1 kg - T\u00e1jkert\u00e9sz","og_description":"Agrecol BIO szerves tr\u00e1gya eperhez 1 kg. 100%-ban szerves \u00e9s term\u00e9szetes BIO t\u00e1panyag \u00a0eper, erdeiszam\u00f3ca, ribizli \u00e9s m\u00e1lna tr\u00e1gy\u00e1z\u00e1s\u00e1ra.","og_url":"https:\/\/tajkertesz.com\/en_US\/product\/agrecol-bio-szerves-tragya-eperhez-1-kg\/","og_site_name":"T\u00e1jkert\u00e9sz","article_publisher":"https:\/\/www.facebook.com\/Tajkertesz\/","article_modified_time":"2025-02-26T11:10:24+00:00","og_image":[{"width":229,"height":370,"url":"https:\/\/tajkertesz.com\/wp-content\/uploads\/2025\/02\/712-AN-truskawki-1kg-wiz_370.png","type":"image\/png"}],"twitter_card":"summary_large_image","twitter_misc":{"Est. reading time":"2 minutes"},"schema":{"@context":"https:\/\/schema.org","@graph":[{"@type":"WebPage","@id":"https:\/\/tajkertesz.com\/termek\/agrecol-bio-szerves-tragya-eperhez-1-kg\/","url":"https:\/\/tajkertesz.com\/termek\/agrecol-bio-szerves-tragya-eperhez-1-kg\/","name":"Agrecol BIO szerves tr\u00e1gya eperhez 1 kg - T\u00e1jkert\u00e9sz","isPartOf":{"@id":"https:\/\/tajkertesz.com\/#website"},"primaryImageOfPage":{"@id":"https:\/\/tajkertesz.com\/termek\/agrecol-bio-szerves-tragya-eperhez-1-kg\/#primaryimage"},"image":{"@id":"https:\/\/tajkertesz.com\/termek\/agrecol-bio-szerves-tragya-eperhez-1-kg\/#primaryimage"},"thumbnailUrl":"https:\/\/tajkertesz.com\/wp-content\/uploads\/2025\/02\/712-AN-truskawki-1kg-wiz_370.png","datePublished":"2025-02-26T11:10:22+00:00","dateModified":"2025-02-26T11:10:24+00:00","description":"Agrecol BIO szerves tr\u00e1gya eperhez 1 kg. 100%-ban szerves \u00e9s term\u00e9szetes BIO t\u00e1panyag \u00a0eper, erdeiszam\u00f3ca, ribizli \u00e9s m\u00e1lna tr\u00e1gy\u00e1z\u00e1s\u00e1ra.","breadcrumb":{"@id":"https:\/\/tajkertesz.com\/termek\/agrecol-bio-szerves-tragya-eperhez-1-kg\/#breadcrumb"},"inLanguage":"en-US","potentialAction":[{"@type":"ReadAction","target":["https:\/\/tajkertesz.com\/termek\/agrecol-bio-szerves-tragya-eperhez-1-kg\/"]}]},{"@type":"ImageObject","inLanguage":"en-US","@id":"https:\/\/tajkertesz.com\/termek\/agrecol-bio-szerves-tragya-eperhez-1-kg\/#primaryimage","url":"https:\/\/tajkertesz.com\/wp-content\/uploads\/2025\/02\/712-AN-truskawki-1kg-wiz_370.png","contentUrl":"https:\/\/tajkertesz.com\/wp-content\/uploads\/2025\/02\/712-AN-truskawki-1kg-wiz_370.png","width":229,"height":370,"caption":"Agrecol BIO szerves tr\u00e1gya eperhez 1 kg"},{"@type":"BreadcrumbList","@id":"https:\/\/tajkertesz.com\/termek\/agrecol-bio-szerves-tragya-eperhez-1-kg\/#breadcrumb","itemListElement":[{"@type":"ListItem","position":1,"name":"Home","item":"https:\/\/tajkertesz.com\/"},{"@type":"ListItem","position":2,"name":"Kezd\u0151lap","item":"https:\/\/tajkertesz.com\/"},{"@type":"ListItem","position":3,"name":"Agrecol BIO szerves tr\u00e1gya eperhez 1 kg"}]},{"@type":"WebSite","@id":"https:\/\/tajkertesz.com\/#website","url":"https:\/\/tajkertesz.com\/","name":"T\u00e1j-Kert\u00e9sz 84 Kft.","description":"Kert\u00e9szeti kis- \u00e9s nagykeresked\u00e9s, D\u00edszn\u00f6v\u00e9ny web\u00e1ruh\u00e1z orsz\u00e1gos h\u00e1zhozsz\u00e1ll\u00edt\u00e1ssal!","publisher":{"@id":"https:\/\/tajkertesz.com\/#organization"},"potentialAction":[{"@type":"SearchAction","target":{"@type":"EntryPoint","urlTemplate":"https:\/\/tajkertesz.com\/?s={search_term_string}"},"query-input":{"@type":"PropertyValueSpecification","valueRequired":true,"valueName":"search_term_string"}}],"inLanguage":"en-US"},{"@type":"Organization","@id":"https:\/\/tajkertesz.com\/#organization","name":"T\u00e1j-Kert\u00e9sz 84 Kft.","url":"https:\/\/tajkertesz.com\/","logo":{"@type":"ImageObject","inLanguage":"en-US","@id":"https:\/\/tajkertesz.com\/#\/schema\/logo\/image\/","url":"https:\/\/tajkertesz.com\/wp-content\/uploads\/2018\/02\/logo-2-e1518678052539.png","contentUrl":"https:\/\/tajkertesz.com\/wp-content\/uploads\/2018\/02\/logo-2-e1518678052539.png","width":81,"height":140,"caption":"T\u00e1j-Kert\u00e9sz 84 Kft."},"image":{"@id":"https:\/\/tajkertesz.com\/#\/schema\/logo\/image\/"},"sameAs":["https:\/\/www.facebook.com\/Tajkertesz\/"]}]}},"_links":{"self":[{"href":"https:\/\/tajkertesz.com\/en_US\/wp-json\/wp\/v2\/product\/22521","targetHints":{"allow":["GET"]}}],"collection":[{"href":"https:\/\/tajkertesz.com\/en_US\/wp-json\/wp\/v2\/product"}],"about":[{"href":"https:\/\/tajkertesz.com\/en_US\/wp-json\/wp\/v2\/types\/product"}],"wp:featuredmedia":[{"embeddable":true,"href":"https:\/\/tajkertesz.com\/en_US\/wp-json\/wp\/v2\/media\/22523"}],"wp:attachment":[{"href":"https:\/\/tajkertesz.com\/en_US\/wp-json\/wp\/v2\/media?parent=22521"}],"wp:term":[{"taxonomy":"product_brand","embeddable":true,"href":"https:\/\/tajkertesz.com\/en_US\/wp-json\/wp\/v2\/product_brand?post=22521"},{"taxonomy":"product_cat","embeddable":true,"href":"https:\/\/tajkertesz.com\/en_US\/wp-json\/wp\/v2\/product_cat?post=22521"},{"taxonomy":"product_tag","embeddable":true,"href":"https:\/\/tajkertesz.com\/en_US\/wp-json\/wp\/v2\/product_tag?post=22521"}],"curies":[{"name":"wp","href":"https:\/\/api.w.org\/{rel}","templated":true}]}}