{"id":22546,"date":"2025-02-28T10:19:08","date_gmt":"2025-02-28T10:19:08","guid":{"rendered":"https:\/\/tajkertesz.com\/?post_type=product&#038;p=22546"},"modified":"2026-03-03T12:00:56","modified_gmt":"2026-03-03T12:00:56","slug":"clery-korai-eperpalanta","status":"publish","type":"product","link":"https:\/\/tajkertesz.com\/en_US\/product\/clery-korai-eperpalanta\/","title":{"rendered":"Clery korai eperpal\u00e1nta"},"content":{"rendered":"<h1>Clery korai eperpal\u00e1nta<\/h1>\n<p>Clery korai eperpal\u00e1nta<\/p>\n<p>Gy\u00fcm\u00f6lcse illatos, kiv\u00e1l\u00f3 \u00edz\u0171, \u00e9des, intenz\u00edv szam\u00f3ca arom\u00e1val. Egyik legkeresettebb korai fajta. Betegs\u00e9gekre ellen\u00e1ll\u00f3, b\u0151term\u0151, ide\u00e1lis h\u00e1zikerti fajta. M\u00e1jus k\u00f6zep\u00e9t\u0151l \u00e9rik.<\/p>\n<h4>R\u00f6vid le\u00edr\u00e1s:<\/h4>\n<p>Korai \u00e9r\u00e9s\u0171, magas term\u00e9shozam\u00fa szam\u00f3ca fajta. Levelei \u00f6sszetettek, f\u0171r\u00e9szes sz\u00e9l\u0171ek, k\u00f6z\u00e9pz\u00f6ldek.<\/p>\n<p>A term\u00e9s kifejezetten nagy, k\u00e1rminpiros sz\u00edn\u0171, f\u00e9nyl\u0151, k\u00fap alak\u00fa, kiss\u00e9 kihegyesed\u0151, kifejezetten tetszet\u0151s \u00e9s \u00e9des \u00edz\u0171, zamatos, magas cukortartalommal, amely magas gy\u00fcm\u00f6lcsmin\u0151s\u00e9g\u00e9vel h\u00edvta fel mag\u00e1ra a figyelmet. H\u00faskem\u00e9nys\u00e9ge k\u00f6zepes, egys\u00e9ges term\u00e9sm\u00e9ret jellemzi, az \u00e9r\u00e9sid\u0151 v\u00e9g\u00e9re sem apr\u00f3z\u00f3dik el a gy\u00fcm\u00f6lcs\u00f6k nagys\u00e1ga.<\/p>\n<p>J\u00f3l porz\u00f3d\u00f3 fajta, sok pollent termel, ez\u00e9rt kiv\u00e1l\u00f3 a term\u00e9keny\u00fcl\u00e9se. Vir\u00e1gai a levelekkel egy magass\u00e1gban helyezkednek el. Alkalmas friss fogyaszt\u00e1sra, konyhai feldolgoz\u00e1sra egyar\u00e1nt.<\/p>\n<h4>Talajig\u00e9nye:<\/h4>\n<p>Norm\u00e1l kerti talajra is telep\u00edthet\u0151, de ide\u00e1lis sz\u00e1m\u00e1ra a laza szerkezet\u0171, enyh\u00e9n savas k\u00e9mhat\u00e1s\u00fa, t\u00e1panyagban gazdag talaj, mely kisz\u00e1rad\u00e1sra nem hajlamos.<\/p>\n<p><b>K\u00e9szlet\u00fcnk napi szinten v\u00e1ltozik, ez\u00e9rt k\u00e9rj\u00fck, \u00e9rdekl\u0151dj\u00f6n szem\u00e9lyesen, telefonon vagy email-en.<br \/>\nA v\u00e1ltoztat\u00e1s jog\u00e1t fenntartjuk!\u00a0<\/b><\/p>\n<p><a href=\"https:\/\/tajkertesz.com\/\">https:\/\/tajkertesz.com\/<\/a><\/p>\n<p><a href=\"https:\/\/www.facebook.com\/tajkertesz\/\">https:\/\/www.facebook.com\/tajkertesz\/<\/a><\/p>\n<p>Kisz\u00e1ll\u00edt\u00e1s: 200cm-ig \u00e9s 40 kg-ig a sz\u00e1ll\u00edt\u00e1s fut\u00e1rszolg\u00e1lattal t\u00f6rt\u00e9nik.<\/p>\n<p>Szem\u00e9lyes \u00e1tv\u00e9tel nyitvatart\u00e1si id\u0151ben a 17. ker\u00fclet Bakancsos utca 7. sz\u00e1m alatti Kert\u00e9szeti \u00e1rud\u00e1nkban.<\/p>\n<p><b><u>Kert\u00e9p\u00edt\u0151k \u00e9s viszontelad\u00f3k regisztr\u00e1l\u00e1s ut\u00e1n egyedi kedvezm\u00e9nnyel v\u00e1s\u00e1rolhatnak kert\u00e9szeti kis-\u00e9s nagykeresked\u00e9s\u00fcnkben.<\/u><\/b><\/p>\n<p>A logisztikai c\u00e9ggel t\u00f6rt\u00e9n\u0151 sz\u00e1ll\u00edt\u00e1s eset\u00e9n a partnereink\u00a0esetleges a\u00a0cs\u00fasz\u00e1sai\u00e9rt nem v\u00e1llalunk felel\u0151ss\u00e9get!<\/p>\n<p><strong>Az \u00e1rak egy darab term\u00e9kre vonatkoznak.<\/strong><\/p>\n<p><strong>J\u00f3 tudni!<\/strong><\/p>\n<p>K\u00e9pek-elt\u00e9r\u00e9sek:<\/p>\n<p>A n\u00f6v\u00e9nyekr\u0151l felt\u00f6lt\u00f6tt k\u00e9pek illusztr\u00e1ci\u00f3k. N\u00f6v\u00e9nyekn\u00e9l el\u0151fordulhatnak minim\u00e1lis elt\u00e9r\u00e9sek a k\u00e9peken szerepl\u0151 n\u00f6v\u00e9nyek \u00e9s az \u00e1tvett n\u00f6v\u00e9nyek k\u00f6z\u00f6tt, mivel minden n\u00f6v\u00e9ny egyedi.<\/p>\n<p>N\u00f6v\u00e9nyek sz\u00e1ll\u00edt\u00e1sa:<\/p>\n<p>A megrendelt n\u00f6v\u00e9nyeket igyeksz\u00fcnk a lehet\u0151 legbiztons\u00e1gosabban egyes\u00e9vel csomagolni, azonban a sz\u00e1ll\u00edt\u00e1s sor\u00e1n m\u00e9g ennek ellen\u00e9re is\u00a0bek\u00f6vetkezhetnek apr\u00f3bb s\u00e9r\u00fcl\u00e9sek (lev\u00e9l- vagy vir\u00e1ghull\u00e1s).<br \/>\nN\u00f6v\u00e9ny rendel\u00e9s eset\u00e9n k\u00e9rj\u00fck a k\u00e9zbes\u00edt\u00e9st k\u00f6vet\u0151en a lehet\u0151 leghamarabb bonts\u00e1k ki a csomagot.<\/p>\n<p>Abban az esetben, ha a megrendelt n\u00f6v\u00e9ny\u00a0a sz\u00e1ll\u00edt\u00e1st k\u00f6vet\u0151en\u00a0nem megfelel\u0151 gondoz\u00e1sban r\u00e9szes\u00fcl \u00e9s ebb\u0151l kifoly\u00f3lag\u00a0k\u00e1rosodik,\u00a0elpusztul, felel\u0151ss\u00e9get sajnos nem tudunk v\u00e1llalni.<\/p>\n<p>V\u00e1s\u00e1rl\u00e1st\u00f3l val\u00f3 el\u00e1ll\u00e1s \u00e9l\u0151 n\u00f6v\u00e9ny v\u00e1s\u00e1rl\u00e1sa eset\u00e9n:<\/p>\n<p>Az \u00e1ltal\u00e1nos 14 napos el\u00e1ll\u00e1s lehet\u0151s\u00e9ge \u00e9l\u0151 n\u00f6v\u00e9nyekre nem vonatkozik. V\u00e1s\u00e1rl\u00e1st\u00f3l val\u00f3 el\u00e1ll\u00e1sra, visszak\u00fcld\u00e9sre nincs lehet\u0151s\u00e9g.\u00a0(17\/1999. (II. 5.) Korm. rendelet 5c pontja)<\/p>\n<p><strong>K\u00e9rj\u00fck fentiek figyelembev\u00e9tel\u00e9t n\u00f6v\u00e9ny rendel\u00e9se sor\u00e1n!<\/strong><\/p>\n<p>&nbsp;<\/p>","protected":false},"excerpt":{"rendered":"<p>El\u00e9g korai, j\u00faniusban \u00e9rik. Kiv\u00e1l\u00f3 gy\u00fcm\u00f6lcsmin\u0151s\u00e9g\u0171 korai, b\u0151term\u0151 szam\u00f3ca fajta.<\/p>","protected":false},"featured_media":22547,"template":"","meta":{"_et_pb_use_builder":"","_et_pb_old_content":"","_et_gb_content_width":""},"product_brand":[],"product_cat":[5327],"product_tag":[5674,690,5673,1467],"class_list":{"0":"post-22546","1":"product","2":"type-product","3":"status-publish","4":"has-post-thumbnail","6":"product_cat-gyumolcstermok","7":"product_tag-clery","8":"product_tag-eper","9":"product_tag-eperpoalanta","10":"product_tag-palanta","12":"first","13":"outofstock","14":"shipping-taxable","15":"purchasable","16":"product-type-simple"},"yoast_head":"<!-- This site is optimized with the Yoast SEO plugin v27.6 - https:\/\/yoast.com\/product\/yoast-seo-wordpress\/ -->\n<title>Clery korai eperpal\u00e1nta - T\u00e1jkert\u00e9sz<\/title>\n<meta name=\"description\" content=\"Clery korai eperpal\u00e1nta. El\u00e9g korai, j\u00faniusban \u00e9rik. Kiv\u00e1l\u00f3 gy\u00fcm\u00f6lcsmin\u0151s\u00e9g\u0171 korai, b\u0151term\u0151 szam\u00f3ca fajta. J\u00f3 \u00edz\u0171, \u00e9des \u00e9s illatos nagy gy\u00fcm\u00f6lcs\u0171.\" \/>\n<meta name=\"robots\" content=\"index, follow, max-snippet:-1, max-image-preview:large, max-video-preview:-1\" \/>\n<link rel=\"canonical\" href=\"https:\/\/tajkertesz.com\/en_US\/product\/clery-korai-eperpalanta\/\" \/>\n<meta property=\"og:locale\" content=\"en_US\" \/>\n<meta property=\"og:type\" content=\"article\" \/>\n<meta property=\"og:title\" content=\"Clery korai eperpal\u00e1nta - T\u00e1jkert\u00e9sz\" \/>\n<meta property=\"og:description\" content=\"Clery korai eperpal\u00e1nta. El\u00e9g korai, j\u00faniusban \u00e9rik. Kiv\u00e1l\u00f3 gy\u00fcm\u00f6lcsmin\u0151s\u00e9g\u0171 korai, b\u0151term\u0151 szam\u00f3ca fajta. J\u00f3 \u00edz\u0171, \u00e9des \u00e9s illatos nagy gy\u00fcm\u00f6lcs\u0171.\" \/>\n<meta property=\"og:url\" content=\"https:\/\/tajkertesz.com\/en_US\/product\/clery-korai-eperpalanta\/\" \/>\n<meta property=\"og:site_name\" content=\"T\u00e1jkert\u00e9sz\" \/>\n<meta property=\"article:publisher\" content=\"https:\/\/www.facebook.com\/Tajkertesz\/\" \/>\n<meta property=\"article:modified_time\" content=\"2026-03-03T12:00:56+00:00\" \/>\n<meta property=\"og:image\" content=\"https:\/\/tajkertesz.com\/wp-content\/uploads\/2025\/02\/fragaria_clery_03.webp\" \/>\n\t<meta property=\"og:image:width\" content=\"750\" \/>\n\t<meta property=\"og:image:height\" content=\"500\" \/>\n\t<meta property=\"og:image:type\" content=\"image\/webp\" \/>\n<meta name=\"twitter:card\" content=\"summary_large_image\" \/>\n<meta name=\"twitter:label1\" content=\"Est. reading time\" \/>\n\t<meta name=\"twitter:data1\" content=\"2 minutes\" \/>\n<script type=\"application\/ld+json\" class=\"yoast-schema-graph\">{\"@context\":\"https:\\\/\\\/schema.org\",\"@graph\":[{\"@type\":\"WebPage\",\"@id\":\"https:\\\/\\\/tajkertesz.com\\\/termek\\\/clery-korai-eperpalanta\\\/\",\"url\":\"https:\\\/\\\/tajkertesz.com\\\/termek\\\/clery-korai-eperpalanta\\\/\",\"name\":\"Clery korai eperpal\u00e1nta - T\u00e1jkert\u00e9sz\",\"isPartOf\":{\"@id\":\"https:\\\/\\\/tajkertesz.com\\\/#website\"},\"primaryImageOfPage\":{\"@id\":\"https:\\\/\\\/tajkertesz.com\\\/termek\\\/clery-korai-eperpalanta\\\/#primaryimage\"},\"image\":{\"@id\":\"https:\\\/\\\/tajkertesz.com\\\/termek\\\/clery-korai-eperpalanta\\\/#primaryimage\"},\"thumbnailUrl\":\"https:\\\/\\\/tajkertesz.com\\\/wp-content\\\/uploads\\\/2025\\\/02\\\/fragaria_clery_03.webp\",\"datePublished\":\"2025-02-28T10:19:08+00:00\",\"dateModified\":\"2026-03-03T12:00:56+00:00\",\"description\":\"Clery korai eperpal\u00e1nta. El\u00e9g korai, j\u00faniusban \u00e9rik. Kiv\u00e1l\u00f3 gy\u00fcm\u00f6lcsmin\u0151s\u00e9g\u0171 korai, b\u0151term\u0151 szam\u00f3ca fajta. J\u00f3 \u00edz\u0171, \u00e9des \u00e9s illatos nagy gy\u00fcm\u00f6lcs\u0171.\",\"breadcrumb\":{\"@id\":\"https:\\\/\\\/tajkertesz.com\\\/termek\\\/clery-korai-eperpalanta\\\/#breadcrumb\"},\"inLanguage\":\"en-US\",\"potentialAction\":[{\"@type\":\"ReadAction\",\"target\":[\"https:\\\/\\\/tajkertesz.com\\\/termek\\\/clery-korai-eperpalanta\\\/\"]}]},{\"@type\":\"ImageObject\",\"inLanguage\":\"en-US\",\"@id\":\"https:\\\/\\\/tajkertesz.com\\\/termek\\\/clery-korai-eperpalanta\\\/#primaryimage\",\"url\":\"https:\\\/\\\/tajkertesz.com\\\/wp-content\\\/uploads\\\/2025\\\/02\\\/fragaria_clery_03.webp\",\"contentUrl\":\"https:\\\/\\\/tajkertesz.com\\\/wp-content\\\/uploads\\\/2025\\\/02\\\/fragaria_clery_03.webp\",\"width\":750,\"height\":500,\"caption\":\"Clery korai eperpal\u00e1nta\"},{\"@type\":\"BreadcrumbList\",\"@id\":\"https:\\\/\\\/tajkertesz.com\\\/termek\\\/clery-korai-eperpalanta\\\/#breadcrumb\",\"itemListElement\":[{\"@type\":\"ListItem\",\"position\":1,\"name\":\"Home\",\"item\":\"https:\\\/\\\/tajkertesz.com\\\/\"},{\"@type\":\"ListItem\",\"position\":2,\"name\":\"Kezd\u0151lap\",\"item\":\"https:\\\/\\\/tajkertesz.com\\\/\"},{\"@type\":\"ListItem\",\"position\":3,\"name\":\"Clery korai eperpal\u00e1nta\"}]},{\"@type\":\"WebSite\",\"@id\":\"https:\\\/\\\/tajkertesz.com\\\/#website\",\"url\":\"https:\\\/\\\/tajkertesz.com\\\/\",\"name\":\"T\u00e1j-Kert\u00e9sz 84 Kft.\",\"description\":\"Kert\u00e9szeti kis- \u00e9s nagykeresked\u00e9s, D\u00edszn\u00f6v\u00e9ny web\u00e1ruh\u00e1z orsz\u00e1gos h\u00e1zhozsz\u00e1ll\u00edt\u00e1ssal!\",\"publisher\":{\"@id\":\"https:\\\/\\\/tajkertesz.com\\\/#organization\"},\"potentialAction\":[{\"@type\":\"SearchAction\",\"target\":{\"@type\":\"EntryPoint\",\"urlTemplate\":\"https:\\\/\\\/tajkertesz.com\\\/?s={search_term_string}\"},\"query-input\":{\"@type\":\"PropertyValueSpecification\",\"valueRequired\":true,\"valueName\":\"search_term_string\"}}],\"inLanguage\":\"en-US\"},{\"@type\":\"Organization\",\"@id\":\"https:\\\/\\\/tajkertesz.com\\\/#organization\",\"name\":\"T\u00e1j-Kert\u00e9sz 84 Kft.\",\"url\":\"https:\\\/\\\/tajkertesz.com\\\/\",\"logo\":{\"@type\":\"ImageObject\",\"inLanguage\":\"en-US\",\"@id\":\"https:\\\/\\\/tajkertesz.com\\\/#\\\/schema\\\/logo\\\/image\\\/\",\"url\":\"https:\\\/\\\/tajkertesz.com\\\/wp-content\\\/uploads\\\/2018\\\/02\\\/logo-2-e1518678052539.png\",\"contentUrl\":\"https:\\\/\\\/tajkertesz.com\\\/wp-content\\\/uploads\\\/2018\\\/02\\\/logo-2-e1518678052539.png\",\"width\":81,\"height\":140,\"caption\":\"T\u00e1j-Kert\u00e9sz 84 Kft.\"},\"image\":{\"@id\":\"https:\\\/\\\/tajkertesz.com\\\/#\\\/schema\\\/logo\\\/image\\\/\"},\"sameAs\":[\"https:\\\/\\\/www.facebook.com\\\/Tajkertesz\\\/\"]}]}<\/script>\n<!-- \/ Yoast SEO plugin. -->","yoast_head_json":{"title":"Clery korai eperpal\u00e1nta - T\u00e1jkert\u00e9sz","description":"Clery korai eperpal\u00e1nta. El\u00e9g korai, j\u00faniusban \u00e9rik. Kiv\u00e1l\u00f3 gy\u00fcm\u00f6lcsmin\u0151s\u00e9g\u0171 korai, b\u0151term\u0151 szam\u00f3ca fajta. J\u00f3 \u00edz\u0171, \u00e9des \u00e9s illatos nagy gy\u00fcm\u00f6lcs\u0171.","robots":{"index":"index","follow":"follow","max-snippet":"max-snippet:-1","max-image-preview":"max-image-preview:large","max-video-preview":"max-video-preview:-1"},"canonical":"https:\/\/tajkertesz.com\/en_US\/product\/clery-korai-eperpalanta\/","og_locale":"en_US","og_type":"article","og_title":"Clery korai eperpal\u00e1nta - T\u00e1jkert\u00e9sz","og_description":"Clery korai eperpal\u00e1nta. El\u00e9g korai, j\u00faniusban \u00e9rik. Kiv\u00e1l\u00f3 gy\u00fcm\u00f6lcsmin\u0151s\u00e9g\u0171 korai, b\u0151term\u0151 szam\u00f3ca fajta. J\u00f3 \u00edz\u0171, \u00e9des \u00e9s illatos nagy gy\u00fcm\u00f6lcs\u0171.","og_url":"https:\/\/tajkertesz.com\/en_US\/product\/clery-korai-eperpalanta\/","og_site_name":"T\u00e1jkert\u00e9sz","article_publisher":"https:\/\/www.facebook.com\/Tajkertesz\/","article_modified_time":"2026-03-03T12:00:56+00:00","og_image":[{"width":750,"height":500,"url":"https:\/\/tajkertesz.com\/wp-content\/uploads\/2025\/02\/fragaria_clery_03.webp","type":"image\/webp"}],"twitter_card":"summary_large_image","twitter_misc":{"Est. reading time":"2 minutes"},"schema":{"@context":"https:\/\/schema.org","@graph":[{"@type":"WebPage","@id":"https:\/\/tajkertesz.com\/termek\/clery-korai-eperpalanta\/","url":"https:\/\/tajkertesz.com\/termek\/clery-korai-eperpalanta\/","name":"Clery korai eperpal\u00e1nta - T\u00e1jkert\u00e9sz","isPartOf":{"@id":"https:\/\/tajkertesz.com\/#website"},"primaryImageOfPage":{"@id":"https:\/\/tajkertesz.com\/termek\/clery-korai-eperpalanta\/#primaryimage"},"image":{"@id":"https:\/\/tajkertesz.com\/termek\/clery-korai-eperpalanta\/#primaryimage"},"thumbnailUrl":"https:\/\/tajkertesz.com\/wp-content\/uploads\/2025\/02\/fragaria_clery_03.webp","datePublished":"2025-02-28T10:19:08+00:00","dateModified":"2026-03-03T12:00:56+00:00","description":"Clery korai eperpal\u00e1nta. El\u00e9g korai, j\u00faniusban \u00e9rik. Kiv\u00e1l\u00f3 gy\u00fcm\u00f6lcsmin\u0151s\u00e9g\u0171 korai, b\u0151term\u0151 szam\u00f3ca fajta. J\u00f3 \u00edz\u0171, \u00e9des \u00e9s illatos nagy gy\u00fcm\u00f6lcs\u0171.","breadcrumb":{"@id":"https:\/\/tajkertesz.com\/termek\/clery-korai-eperpalanta\/#breadcrumb"},"inLanguage":"en-US","potentialAction":[{"@type":"ReadAction","target":["https:\/\/tajkertesz.com\/termek\/clery-korai-eperpalanta\/"]}]},{"@type":"ImageObject","inLanguage":"en-US","@id":"https:\/\/tajkertesz.com\/termek\/clery-korai-eperpalanta\/#primaryimage","url":"https:\/\/tajkertesz.com\/wp-content\/uploads\/2025\/02\/fragaria_clery_03.webp","contentUrl":"https:\/\/tajkertesz.com\/wp-content\/uploads\/2025\/02\/fragaria_clery_03.webp","width":750,"height":500,"caption":"Clery korai eperpal\u00e1nta"},{"@type":"BreadcrumbList","@id":"https:\/\/tajkertesz.com\/termek\/clery-korai-eperpalanta\/#breadcrumb","itemListElement":[{"@type":"ListItem","position":1,"name":"Home","item":"https:\/\/tajkertesz.com\/"},{"@type":"ListItem","position":2,"name":"Kezd\u0151lap","item":"https:\/\/tajkertesz.com\/"},{"@type":"ListItem","position":3,"name":"Clery korai eperpal\u00e1nta"}]},{"@type":"WebSite","@id":"https:\/\/tajkertesz.com\/#website","url":"https:\/\/tajkertesz.com\/","name":"T\u00e1j-Kert\u00e9sz 84 Kft.","description":"Kert\u00e9szeti kis- \u00e9s nagykeresked\u00e9s, D\u00edszn\u00f6v\u00e9ny web\u00e1ruh\u00e1z orsz\u00e1gos h\u00e1zhozsz\u00e1ll\u00edt\u00e1ssal!","publisher":{"@id":"https:\/\/tajkertesz.com\/#organization"},"potentialAction":[{"@type":"SearchAction","target":{"@type":"EntryPoint","urlTemplate":"https:\/\/tajkertesz.com\/?s={search_term_string}"},"query-input":{"@type":"PropertyValueSpecification","valueRequired":true,"valueName":"search_term_string"}}],"inLanguage":"en-US"},{"@type":"Organization","@id":"https:\/\/tajkertesz.com\/#organization","name":"T\u00e1j-Kert\u00e9sz 84 Kft.","url":"https:\/\/tajkertesz.com\/","logo":{"@type":"ImageObject","inLanguage":"en-US","@id":"https:\/\/tajkertesz.com\/#\/schema\/logo\/image\/","url":"https:\/\/tajkertesz.com\/wp-content\/uploads\/2018\/02\/logo-2-e1518678052539.png","contentUrl":"https:\/\/tajkertesz.com\/wp-content\/uploads\/2018\/02\/logo-2-e1518678052539.png","width":81,"height":140,"caption":"T\u00e1j-Kert\u00e9sz 84 Kft."},"image":{"@id":"https:\/\/tajkertesz.com\/#\/schema\/logo\/image\/"},"sameAs":["https:\/\/www.facebook.com\/Tajkertesz\/"]}]}},"_links":{"self":[{"href":"https:\/\/tajkertesz.com\/en_US\/wp-json\/wp\/v2\/product\/22546","targetHints":{"allow":["GET"]}}],"collection":[{"href":"https:\/\/tajkertesz.com\/en_US\/wp-json\/wp\/v2\/product"}],"about":[{"href":"https:\/\/tajkertesz.com\/en_US\/wp-json\/wp\/v2\/types\/product"}],"wp:featuredmedia":[{"embeddable":true,"href":"https:\/\/tajkertesz.com\/en_US\/wp-json\/wp\/v2\/media\/22547"}],"wp:attachment":[{"href":"https:\/\/tajkertesz.com\/en_US\/wp-json\/wp\/v2\/media?parent=22546"}],"wp:term":[{"taxonomy":"product_brand","embeddable":true,"href":"https:\/\/tajkertesz.com\/en_US\/wp-json\/wp\/v2\/product_brand?post=22546"},{"taxonomy":"product_cat","embeddable":true,"href":"https:\/\/tajkertesz.com\/en_US\/wp-json\/wp\/v2\/product_cat?post=22546"},{"taxonomy":"product_tag","embeddable":true,"href":"https:\/\/tajkertesz.com\/en_US\/wp-json\/wp\/v2\/product_tag?post=22546"}],"curies":[{"name":"wp","href":"https:\/\/api.w.org\/{rel}","templated":true}]}}