{"id":22586,"date":"2025-06-05T07:54:08","date_gmt":"2025-06-05T07:54:08","guid":{"rendered":"https:\/\/tajkertesz.com\/?post_type=product&#038;p=22586"},"modified":"2026-03-04T10:12:40","modified_gmt":"2026-03-04T10:12:40","slug":"photinia-fraseri-pink-crispy-korallberkenye","status":"publish","type":"product","link":"https:\/\/tajkertesz.com\/en_US\/product\/photinia-fraseri-pink-crispy-korallberkenye\/","title":{"rendered":"Photinia fraseri &#8216;Pink Crispy&#8217; &#8211; Korallberkenye"},"content":{"rendered":"<h1>Photinia fraseri &#8216;Pink Crispy&#8217; &#8211; Korallberkenye<\/h1>\n<p>&nbsp;<\/p>\n<p>Photinia fraseri &#8216;Pink Crispy&#8217; &#8211; Korallberkenye. Naps\u00fct\u00e9st vagy f\u00e9l\u00e1rny\u00e9kot kedveli. A cserje fiatal levelei csod\u00e1latos r\u00f3zsasz\u00ednben j\u00e1tszanak, amelyeken vil\u00e1gos r\u00f3zsasz\u00edn, m\u00e1rv\u00e1nyszer\u0171 mint\u00e1zat figyelhet\u0151 meg. A teljesen kifejlett levelek z\u00f6ldd\u00e9 v\u00e1lnak, \u00e9s kr\u00e9msz\u00edn\u0171 erezettel rendelkeznek.<\/p>\n<p>A kerti korallberkenye ak\u00e1r a -15 \u00b0C-os h\u0151m\u00e9rs\u00e9kletet is remek\u00fcl t\u0171ri.<br \/>\nA n\u00f6v\u00e9ny metsz\u00e9s\u00e9t a veget\u00e1ci\u00f3s id\u0151szakban b\u00e1rmikor elv\u00e9gezheti.<\/p>\n<p>T\u00e9relv\u00e1laszt\u00e1sra s\u00f6v\u00e9nynek, ny\u00edrott f\u00e1csk\u00e1nak is alkalmas.<\/p>\n<p>A t\u00e1panyag ut\u00e1np\u00f3tl\u00e1s fontos enn\u00e9l a n\u00f6v\u00e9nyn\u00e9l! Hajt\u00e1srendszere ezut\u00e1n teltebb lesz, \u00e9s levelei gyakran b\u00e1jos r\u00f3zsasz\u00edn\u0171re v\u00e1ltozik. Kedveli a napos, f\u00e9l\u00e1rny\u00e9kos helyeket. Sz\u00e1raz id\u0151szakban t\u00f6bb vizet adjon neki.<\/p>\n<h4>Talajig\u00e9ny:<\/h4>\n<p>T\u00e1panyagban gazdag, j\u00f3 v\u00edzelvezet\u00e9s\u0171 talajt kedvel.<\/p>\n<h4>Vir\u00e1g sz\u00edne:<\/h4>\n<p>Apr\u00f3 feh\u00e9r vir\u00e1ga bug\u00e1ban ny\u00edlik \u00e1prilis-m\u00e1jusban.<\/p>\n<h4>Lev\u00e9l sz\u00edne:<\/h4>\n<p>ld, kr\u00e9msz\u00edn\u0171 erezettel, m\u00e1rv\u00e1nyos mint\u00e1zat\u00fa r\u00f3zsasz\u00edn\u0171 \u00faj hajt\u00e1sokkal<\/p>\n<p>A n\u00f6v\u00e9ny jelenlegi m\u00e9rete: 30\/35cm magas, 2 literes kont\u00e9nerben.<\/p>\n<p style=\"line-height: 18.0pt; background: white; margin: 0cm 0cm 15.0pt 0cm;\"><b><span style=\"font-family: 'Ubuntu',sans-serif; color: black;\">K\u00e9szlet\u00fcnk napi szinten v\u00e1ltozik, ez\u00e9rt k\u00e9rj\u00fck, \u00e9rdekl\u0151dj\u00f6n szem\u00e9lyesen, telefonon vagy email-en.<br \/>\nA v\u00e1ltoztat\u00e1s jog\u00e1t fenntartjuk!\u00a0<\/span><\/b><\/p>\n<p><a href=\"https:\/\/tajkertesz.com\/\">https:\/\/tajkertesz.com\/<\/a><\/p>\n<p><a href=\"https:\/\/www.facebook.com\/tajkertesz\/\">https:\/\/www.facebook.com\/tajkertesz\/<\/a><\/p>\n<p>Kisz\u00e1ll\u00edt\u00e1s: 200cm-ig \u00e9s 40 kg-ig a sz\u00e1ll\u00edt\u00e1s fut\u00e1rszolg\u00e1lattal t\u00f6rt\u00e9nik.<\/p>\n<p>Szem\u00e9lyes \u00e1tv\u00e9tel nyitvatart\u00e1si id\u0151ben a 17. ker\u00fclet Bakancsos utca 7. sz\u00e1m alatti Kert\u00e9szeti \u00e1rud\u00e1nkban.<\/p>\n<p><b><u>Kert\u00e9p\u00edt\u0151k \u00e9s viszontelad\u00f3k regisztr\u00e1l\u00e1s ut\u00e1n egyedi kedvezm\u00e9nnyel v\u00e1s\u00e1rolhatnak kert\u00e9szeti kis-\u00e9s nagykeresked\u00e9s\u00fcnkben.<\/u><\/b><\/p>\n<p>A logisztikai c\u00e9ggel t\u00f6rt\u00e9n\u0151 sz\u00e1ll\u00edt\u00e1s eset\u00e9n a partnereink\u00a0esetleges a\u00a0cs\u00fasz\u00e1sai\u00e9rt nem v\u00e1llalunk felel\u0151ss\u00e9get!<\/p>\n<p><strong>Az \u00e1rak egy darab term\u00e9kre vonatkoznak.<\/strong><\/p>\n<p><strong>J\u00f3 tudni!<\/strong><\/p>\n<p>K\u00e9pek-elt\u00e9r\u00e9sek:<\/p>\n<p>A n\u00f6v\u00e9nyekr\u0151l felt\u00f6lt\u00f6tt k\u00e9pek illusztr\u00e1ci\u00f3k. N\u00f6v\u00e9nyekn\u00e9l el\u0151fordulhatnak minim\u00e1lis elt\u00e9r\u00e9sek a k\u00e9peken szerepl\u0151 n\u00f6v\u00e9nyek \u00e9s az \u00e1tvett n\u00f6v\u00e9nyek k\u00f6z\u00f6tt, mivel minden n\u00f6v\u00e9ny egyedi.<\/p>\n<p>N\u00f6v\u00e9nyek sz\u00e1ll\u00edt\u00e1sa:<\/p>\n<p>A megrendelt n\u00f6v\u00e9nyeket igyeksz\u00fcnk a lehet\u0151 legbiztons\u00e1gosabban egyes\u00e9vel csomagolni, azonban a sz\u00e1ll\u00edt\u00e1s sor\u00e1n m\u00e9g ennek ellen\u00e9re is\u00a0bek\u00f6vetkezhetnek apr\u00f3bb s\u00e9r\u00fcl\u00e9sek (lev\u00e9l- vagy vir\u00e1ghull\u00e1s).<br \/>\nN\u00f6v\u00e9ny rendel\u00e9s eset\u00e9n k\u00e9rj\u00fck a k\u00e9zbes\u00edt\u00e9st k\u00f6vet\u0151en a lehet\u0151 leghamarabb bonts\u00e1k ki a csomagot.<\/p>\n<p>&nbsp;<\/p>\n<p>Abban az esetben, ha a megrendelt n\u00f6v\u00e9ny\u00a0a sz\u00e1ll\u00edt\u00e1st k\u00f6vet\u0151en\u00a0nem megfelel\u0151 gondoz\u00e1sban r\u00e9szes\u00fcl \u00e9s ebb\u0151l kifoly\u00f3lag\u00a0k\u00e1rosodik,\u00a0elpusztul, felel\u0151ss\u00e9get sajnos nem tudunk v\u00e1llalni.<\/p>\n<p>V\u00e1s\u00e1rl\u00e1st\u00f3l val\u00f3 el\u00e1ll\u00e1s \u00e9l\u0151 n\u00f6v\u00e9ny v\u00e1s\u00e1rl\u00e1sa eset\u00e9n:<\/p>\n<p>Az \u00e1ltal\u00e1nos 14 napos el\u00e1ll\u00e1s lehet\u0151s\u00e9ge \u00e9l\u0151 n\u00f6v\u00e9nyekre nem vonatkozik. V\u00e1s\u00e1rl\u00e1st\u00f3l val\u00f3 el\u00e1ll\u00e1sra, visszak\u00fcld\u00e9sre nincs lehet\u0151s\u00e9g.\u00a0(17\/1999. (II. 5.) Korm. rendelet 5c pontja)<\/p>\n<p>&nbsp;<\/p>\n<p><strong>K\u00e9rj\u00fck fentiek figyelembev\u00e9tel\u00e9t n\u00f6v\u00e9ny rendel\u00e9se sor\u00e1n!<\/strong><\/p>\n<p>&nbsp;<\/p>","protected":false},"excerpt":{"rendered":"<p>A n\u00f6v\u00e9ny jelenlegi m\u00e9rete: 30\/35 cm magas, 2 literes kont\u00e9nerben.<\/p>\n<p style=\"line-height: 18.0pt; background: white; margin: 0cm 0cm 15.0pt 0cm;\"><b><span style=\"font-family: 'Ubuntu',sans-serif; color: black;\">K\u00e9szlet\u00fcnk napi szinten v\u00e1ltozik, ez\u00e9rt k\u00e9rj\u00fck, \u00e9rdekl\u0151dj\u00f6n szem\u00e9lyesen, telefonon vagy email-en.<br \/>\nA v\u00e1ltoztat\u00e1s jog\u00e1t fenntartjuk!\u00a0<\/span><\/b><\/p>\n<p><span style=\"color: #ff0000;\"><strong>Sz\u00e1ll\u00edt\u00e1s fut\u00e1rszolg\u00e1lattal 200 cm-ig, \u00e9s 40 kg-ig lehets\u00e9ges. E felett szem\u00e9lyes \u00e1tv\u00e9tellel vagy egyeztetett sz\u00e1ll\u00edt\u00e1si felt\u00e9tellel lehet.<\/strong><\/span><\/p>","protected":false},"featured_media":23660,"template":"","meta":{"_et_pb_use_builder":"","_et_pb_old_content":"","_et_gb_content_width":""},"product_brand":[],"product_cat":[27,26],"product_tag":[5846,73,907,24,906,5845],"class_list":{"0":"post-22586","1":"product","2":"type-product","3":"status-publish","4":"has-post-thumbnail","6":"product_cat-cserjek","7":"product_cat-orokzold-novenyek","8":"product_tag-pink-crispy","9":"product_tag-cserje","10":"product_tag-korallberkenye","11":"product_tag-orokzold","12":"product_tag-photinia","13":"product_tag-photinia-fraseri-pink-crispy","15":"first","16":"instock","17":"shipping-taxable","18":"purchasable","19":"product-type-simple"},"yoast_head":"<!-- This site is optimized with the Yoast SEO plugin v27.3 - https:\/\/yoast.com\/product\/yoast-seo-wordpress\/ -->\n<title>Photinia fraseri &#039;Pink Crispy&#039; - Korallberkenye - T\u00e1jkert\u00e9sz<\/title>\n<meta name=\"description\" content=\"Photinia fraseri &#039;Pink Crispy&#039; - Korallberkenye. Fiatal levelei csod\u00e1latos r\u00f3zsasz\u00ednben j\u00e1tszanak, amelyeken vil\u00e1gos r\u00f3zsasz\u00edn, m\u00e1rv\u00e1nyszer\u0171 mint\u00e1zat figye\" \/>\n<meta name=\"robots\" content=\"index, follow, max-snippet:-1, max-image-preview:large, max-video-preview:-1\" \/>\n<link rel=\"canonical\" href=\"https:\/\/tajkertesz.com\/en_US\/product\/photinia-fraseri-pink-crispy-korallberkenye\/\" \/>\n<meta property=\"og:locale\" content=\"en_US\" \/>\n<meta property=\"og:type\" content=\"article\" \/>\n<meta property=\"og:title\" content=\"Photinia fraseri &#039;Pink Crispy&#039; - Korallberkenye - T\u00e1jkert\u00e9sz\" \/>\n<meta property=\"og:description\" content=\"Photinia fraseri &#039;Pink Crispy&#039; - Korallberkenye. Fiatal levelei csod\u00e1latos r\u00f3zsasz\u00ednben j\u00e1tszanak, amelyeken vil\u00e1gos r\u00f3zsasz\u00edn, m\u00e1rv\u00e1nyszer\u0171 mint\u00e1zat figye\" \/>\n<meta property=\"og:url\" content=\"https:\/\/tajkertesz.com\/en_US\/product\/photinia-fraseri-pink-crispy-korallberkenye\/\" \/>\n<meta property=\"og:site_name\" content=\"T\u00e1jkert\u00e9sz\" \/>\n<meta property=\"article:publisher\" content=\"https:\/\/www.facebook.com\/Tajkertesz\/\" \/>\n<meta property=\"article:modified_time\" content=\"2026-03-04T10:12:40+00:00\" \/>\n<meta property=\"og:image\" content=\"https:\/\/tajkertesz.com\/wp-content\/uploads\/2025\/03\/20250531_151230-scaled.jpg\" \/>\n\t<meta property=\"og:image:width\" content=\"1920\" \/>\n\t<meta property=\"og:image:height\" content=\"2560\" \/>\n\t<meta property=\"og:image:type\" content=\"image\/jpeg\" \/>\n<meta name=\"twitter:card\" content=\"summary_large_image\" \/>\n<meta name=\"twitter:label1\" content=\"Est. reading time\" \/>\n\t<meta name=\"twitter:data1\" content=\"2 minutes\" \/>\n<script type=\"application\/ld+json\" class=\"yoast-schema-graph\">{\"@context\":\"https:\\\/\\\/schema.org\",\"@graph\":[{\"@type\":\"WebPage\",\"@id\":\"https:\\\/\\\/tajkertesz.com\\\/termek\\\/photinia-fraseri-pink-crispy-korallberkenye\\\/\",\"url\":\"https:\\\/\\\/tajkertesz.com\\\/termek\\\/photinia-fraseri-pink-crispy-korallberkenye\\\/\",\"name\":\"Photinia fraseri 'Pink Crispy' - Korallberkenye - T\u00e1jkert\u00e9sz\",\"isPartOf\":{\"@id\":\"https:\\\/\\\/tajkertesz.com\\\/#website\"},\"primaryImageOfPage\":{\"@id\":\"https:\\\/\\\/tajkertesz.com\\\/termek\\\/photinia-fraseri-pink-crispy-korallberkenye\\\/#primaryimage\"},\"image\":{\"@id\":\"https:\\\/\\\/tajkertesz.com\\\/termek\\\/photinia-fraseri-pink-crispy-korallberkenye\\\/#primaryimage\"},\"thumbnailUrl\":\"https:\\\/\\\/tajkertesz.com\\\/wp-content\\\/uploads\\\/2025\\\/03\\\/20250531_151230-scaled.jpg\",\"datePublished\":\"2025-06-05T07:54:08+00:00\",\"dateModified\":\"2026-03-04T10:12:40+00:00\",\"description\":\"Photinia fraseri 'Pink Crispy' - Korallberkenye. Fiatal levelei csod\u00e1latos r\u00f3zsasz\u00ednben j\u00e1tszanak, amelyeken vil\u00e1gos r\u00f3zsasz\u00edn, m\u00e1rv\u00e1nyszer\u0171 mint\u00e1zat figye\",\"breadcrumb\":{\"@id\":\"https:\\\/\\\/tajkertesz.com\\\/termek\\\/photinia-fraseri-pink-crispy-korallberkenye\\\/#breadcrumb\"},\"inLanguage\":\"en-US\",\"potentialAction\":[{\"@type\":\"ReadAction\",\"target\":[\"https:\\\/\\\/tajkertesz.com\\\/termek\\\/photinia-fraseri-pink-crispy-korallberkenye\\\/\"]}]},{\"@type\":\"ImageObject\",\"inLanguage\":\"en-US\",\"@id\":\"https:\\\/\\\/tajkertesz.com\\\/termek\\\/photinia-fraseri-pink-crispy-korallberkenye\\\/#primaryimage\",\"url\":\"https:\\\/\\\/tajkertesz.com\\\/wp-content\\\/uploads\\\/2025\\\/03\\\/20250531_151230-scaled.jpg\",\"contentUrl\":\"https:\\\/\\\/tajkertesz.com\\\/wp-content\\\/uploads\\\/2025\\\/03\\\/20250531_151230-scaled.jpg\",\"width\":1920,\"height\":2560,\"caption\":\"Photinia fraseri 'Pink Crispy' - Korallberkenye\"},{\"@type\":\"BreadcrumbList\",\"@id\":\"https:\\\/\\\/tajkertesz.com\\\/termek\\\/photinia-fraseri-pink-crispy-korallberkenye\\\/#breadcrumb\",\"itemListElement\":[{\"@type\":\"ListItem\",\"position\":1,\"name\":\"Home\",\"item\":\"https:\\\/\\\/tajkertesz.com\\\/\"},{\"@type\":\"ListItem\",\"position\":2,\"name\":\"Kezd\u0151lap\",\"item\":\"https:\\\/\\\/tajkertesz.com\\\/\"},{\"@type\":\"ListItem\",\"position\":3,\"name\":\"Photinia fraseri &#8216;Pink Crispy&#8217; &#8211; Korallberkenye\"}]},{\"@type\":\"WebSite\",\"@id\":\"https:\\\/\\\/tajkertesz.com\\\/#website\",\"url\":\"https:\\\/\\\/tajkertesz.com\\\/\",\"name\":\"T\u00e1j-Kert\u00e9sz 84 Kft.\",\"description\":\"Kert\u00e9szeti kis- \u00e9s nagykeresked\u00e9s, D\u00edszn\u00f6v\u00e9ny web\u00e1ruh\u00e1z orsz\u00e1gos h\u00e1zhozsz\u00e1ll\u00edt\u00e1ssal!\",\"publisher\":{\"@id\":\"https:\\\/\\\/tajkertesz.com\\\/#organization\"},\"potentialAction\":[{\"@type\":\"SearchAction\",\"target\":{\"@type\":\"EntryPoint\",\"urlTemplate\":\"https:\\\/\\\/tajkertesz.com\\\/?s={search_term_string}\"},\"query-input\":{\"@type\":\"PropertyValueSpecification\",\"valueRequired\":true,\"valueName\":\"search_term_string\"}}],\"inLanguage\":\"en-US\"},{\"@type\":\"Organization\",\"@id\":\"https:\\\/\\\/tajkertesz.com\\\/#organization\",\"name\":\"T\u00e1j-Kert\u00e9sz 84 Kft.\",\"url\":\"https:\\\/\\\/tajkertesz.com\\\/\",\"logo\":{\"@type\":\"ImageObject\",\"inLanguage\":\"en-US\",\"@id\":\"https:\\\/\\\/tajkertesz.com\\\/#\\\/schema\\\/logo\\\/image\\\/\",\"url\":\"https:\\\/\\\/tajkertesz.com\\\/wp-content\\\/uploads\\\/2018\\\/02\\\/logo-2-e1518678052539.png\",\"contentUrl\":\"https:\\\/\\\/tajkertesz.com\\\/wp-content\\\/uploads\\\/2018\\\/02\\\/logo-2-e1518678052539.png\",\"width\":81,\"height\":140,\"caption\":\"T\u00e1j-Kert\u00e9sz 84 Kft.\"},\"image\":{\"@id\":\"https:\\\/\\\/tajkertesz.com\\\/#\\\/schema\\\/logo\\\/image\\\/\"},\"sameAs\":[\"https:\\\/\\\/www.facebook.com\\\/Tajkertesz\\\/\"]}]}<\/script>\n<!-- \/ Yoast SEO plugin. -->","yoast_head_json":{"title":"Photinia fraseri 'Pink Crispy' - Korallberkenye - T\u00e1jkert\u00e9sz","description":"Photinia fraseri 'Pink Crispy' - Korallberkenye. Fiatal levelei csod\u00e1latos r\u00f3zsasz\u00ednben j\u00e1tszanak, amelyeken vil\u00e1gos r\u00f3zsasz\u00edn, m\u00e1rv\u00e1nyszer\u0171 mint\u00e1zat figye","robots":{"index":"index","follow":"follow","max-snippet":"max-snippet:-1","max-image-preview":"max-image-preview:large","max-video-preview":"max-video-preview:-1"},"canonical":"https:\/\/tajkertesz.com\/en_US\/product\/photinia-fraseri-pink-crispy-korallberkenye\/","og_locale":"en_US","og_type":"article","og_title":"Photinia fraseri 'Pink Crispy' - Korallberkenye - T\u00e1jkert\u00e9sz","og_description":"Photinia fraseri 'Pink Crispy' - Korallberkenye. Fiatal levelei csod\u00e1latos r\u00f3zsasz\u00ednben j\u00e1tszanak, amelyeken vil\u00e1gos r\u00f3zsasz\u00edn, m\u00e1rv\u00e1nyszer\u0171 mint\u00e1zat figye","og_url":"https:\/\/tajkertesz.com\/en_US\/product\/photinia-fraseri-pink-crispy-korallberkenye\/","og_site_name":"T\u00e1jkert\u00e9sz","article_publisher":"https:\/\/www.facebook.com\/Tajkertesz\/","article_modified_time":"2026-03-04T10:12:40+00:00","og_image":[{"width":1920,"height":2560,"url":"https:\/\/tajkertesz.com\/wp-content\/uploads\/2025\/03\/20250531_151230-scaled.jpg","type":"image\/jpeg"}],"twitter_card":"summary_large_image","twitter_misc":{"Est. reading time":"2 minutes"},"schema":{"@context":"https:\/\/schema.org","@graph":[{"@type":"WebPage","@id":"https:\/\/tajkertesz.com\/termek\/photinia-fraseri-pink-crispy-korallberkenye\/","url":"https:\/\/tajkertesz.com\/termek\/photinia-fraseri-pink-crispy-korallberkenye\/","name":"Photinia fraseri 'Pink Crispy' - Korallberkenye - T\u00e1jkert\u00e9sz","isPartOf":{"@id":"https:\/\/tajkertesz.com\/#website"},"primaryImageOfPage":{"@id":"https:\/\/tajkertesz.com\/termek\/photinia-fraseri-pink-crispy-korallberkenye\/#primaryimage"},"image":{"@id":"https:\/\/tajkertesz.com\/termek\/photinia-fraseri-pink-crispy-korallberkenye\/#primaryimage"},"thumbnailUrl":"https:\/\/tajkertesz.com\/wp-content\/uploads\/2025\/03\/20250531_151230-scaled.jpg","datePublished":"2025-06-05T07:54:08+00:00","dateModified":"2026-03-04T10:12:40+00:00","description":"Photinia fraseri 'Pink Crispy' - Korallberkenye. Fiatal levelei csod\u00e1latos r\u00f3zsasz\u00ednben j\u00e1tszanak, amelyeken vil\u00e1gos r\u00f3zsasz\u00edn, m\u00e1rv\u00e1nyszer\u0171 mint\u00e1zat figye","breadcrumb":{"@id":"https:\/\/tajkertesz.com\/termek\/photinia-fraseri-pink-crispy-korallberkenye\/#breadcrumb"},"inLanguage":"en-US","potentialAction":[{"@type":"ReadAction","target":["https:\/\/tajkertesz.com\/termek\/photinia-fraseri-pink-crispy-korallberkenye\/"]}]},{"@type":"ImageObject","inLanguage":"en-US","@id":"https:\/\/tajkertesz.com\/termek\/photinia-fraseri-pink-crispy-korallberkenye\/#primaryimage","url":"https:\/\/tajkertesz.com\/wp-content\/uploads\/2025\/03\/20250531_151230-scaled.jpg","contentUrl":"https:\/\/tajkertesz.com\/wp-content\/uploads\/2025\/03\/20250531_151230-scaled.jpg","width":1920,"height":2560,"caption":"Photinia fraseri 'Pink Crispy' - Korallberkenye"},{"@type":"BreadcrumbList","@id":"https:\/\/tajkertesz.com\/termek\/photinia-fraseri-pink-crispy-korallberkenye\/#breadcrumb","itemListElement":[{"@type":"ListItem","position":1,"name":"Home","item":"https:\/\/tajkertesz.com\/"},{"@type":"ListItem","position":2,"name":"Kezd\u0151lap","item":"https:\/\/tajkertesz.com\/"},{"@type":"ListItem","position":3,"name":"Photinia fraseri &#8216;Pink Crispy&#8217; &#8211; Korallberkenye"}]},{"@type":"WebSite","@id":"https:\/\/tajkertesz.com\/#website","url":"https:\/\/tajkertesz.com\/","name":"T\u00e1j-Kert\u00e9sz 84 Kft.","description":"Kert\u00e9szeti kis- \u00e9s nagykeresked\u00e9s, D\u00edszn\u00f6v\u00e9ny web\u00e1ruh\u00e1z orsz\u00e1gos h\u00e1zhozsz\u00e1ll\u00edt\u00e1ssal!","publisher":{"@id":"https:\/\/tajkertesz.com\/#organization"},"potentialAction":[{"@type":"SearchAction","target":{"@type":"EntryPoint","urlTemplate":"https:\/\/tajkertesz.com\/?s={search_term_string}"},"query-input":{"@type":"PropertyValueSpecification","valueRequired":true,"valueName":"search_term_string"}}],"inLanguage":"en-US"},{"@type":"Organization","@id":"https:\/\/tajkertesz.com\/#organization","name":"T\u00e1j-Kert\u00e9sz 84 Kft.","url":"https:\/\/tajkertesz.com\/","logo":{"@type":"ImageObject","inLanguage":"en-US","@id":"https:\/\/tajkertesz.com\/#\/schema\/logo\/image\/","url":"https:\/\/tajkertesz.com\/wp-content\/uploads\/2018\/02\/logo-2-e1518678052539.png","contentUrl":"https:\/\/tajkertesz.com\/wp-content\/uploads\/2018\/02\/logo-2-e1518678052539.png","width":81,"height":140,"caption":"T\u00e1j-Kert\u00e9sz 84 Kft."},"image":{"@id":"https:\/\/tajkertesz.com\/#\/schema\/logo\/image\/"},"sameAs":["https:\/\/www.facebook.com\/Tajkertesz\/"]}]}},"_links":{"self":[{"href":"https:\/\/tajkertesz.com\/en_US\/wp-json\/wp\/v2\/product\/22586","targetHints":{"allow":["GET"]}}],"collection":[{"href":"https:\/\/tajkertesz.com\/en_US\/wp-json\/wp\/v2\/product"}],"about":[{"href":"https:\/\/tajkertesz.com\/en_US\/wp-json\/wp\/v2\/types\/product"}],"wp:featuredmedia":[{"embeddable":true,"href":"https:\/\/tajkertesz.com\/en_US\/wp-json\/wp\/v2\/media\/23660"}],"wp:attachment":[{"href":"https:\/\/tajkertesz.com\/en_US\/wp-json\/wp\/v2\/media?parent=22586"}],"wp:term":[{"taxonomy":"product_brand","embeddable":true,"href":"https:\/\/tajkertesz.com\/en_US\/wp-json\/wp\/v2\/product_brand?post=22586"},{"taxonomy":"product_cat","embeddable":true,"href":"https:\/\/tajkertesz.com\/en_US\/wp-json\/wp\/v2\/product_cat?post=22586"},{"taxonomy":"product_tag","embeddable":true,"href":"https:\/\/tajkertesz.com\/en_US\/wp-json\/wp\/v2\/product_tag?post=22586"}],"curies":[{"name":"wp","href":"https:\/\/api.w.org\/{rel}","templated":true}]}}