{"id":2262,"date":"2020-10-14T13:54:02","date_gmt":"2020-10-14T13:54:02","guid":{"rendered":"https:\/\/tajkertesz.com\/?post_type=product&#038;p=2262"},"modified":"2026-04-14T08:46:19","modified_gmt":"2026-04-14T08:46:19","slug":"rubus-idaeus-all-gold-sarga-malna","status":"publish","type":"product","link":"https:\/\/tajkertesz.com\/en_US\/product\/rubus-idaeus-all-gold-sarga-malna\/","title":{"rendered":"Rubus idaeus \u2019All Gold\u2019 &#8211; S\u00e1rga\u00a0 m\u00e1lna"},"content":{"rendered":"<h1>Rubus idaeus \u2019All Gold\u2019 &#8211; S\u00e1rga\u00a0 m\u00e1lna<\/h1>\n<p>A <strong data-start=\"484\" data-end=\"498\">&#8216;Rubus idaeus \u2019All Gold\u2019 &#8211; S\u00e1rga\u00a0 m\u00e1lna<\/strong> egy rendk\u00edv\u00fcl dekorat\u00edv \u00e9s \u00edzletes bogy\u00f3kat terem. \u00c9des, l\u00e9d\u00fas, arom\u00e1s gy\u00fcm\u00f6lcsei a hagyom\u00e1nyos piros m\u00e1lna \u00edzvil\u00e1g\u00e1t id\u00e9zik.<\/p>\n<h2>Rubus idaeus \u2019All Gold\u2019 jellemz\u0151i:<\/h2>\n<p>Er\u0151s n\u00f6veked\u00e9s\u0171, b\u0151term\u0151 \u00e9s ellen\u00e1ll\u00f3, \u00edgy ide\u00e1lis h\u00e1zikerti termeszt\u00e9sre, de kisebb \u00fcltetv\u00e9nyekbe is kiv\u00e1l\u00f3 v\u00e1laszt\u00e1s. Bogy\u00f3i frissen fogyaszthat\u00f3k, fagyaszthat\u00f3k, vagy feldolgozhat\u00f3k lekv\u00e1r, sz\u00f6rp vagy s\u00fctem\u00e9nyek k\u00e9sz\u00edt\u00e9s\u00e9re.<\/p>\n<ul>\n<li data-start=\"990\" data-end=\"1040\">\n<p data-start=\"992\" data-end=\"1040\"><strong data-start=\"992\" data-end=\"1010\">N\u00f6v\u00e9ny t\u00edpusa:<\/strong> lombhullat\u00f3 bogy\u00f3s gy\u00fcm\u00f6lcs<\/p>\n<\/li>\n<li data-start=\"1041\" data-end=\"1082\">\n<p data-start=\"1043\" data-end=\"1082\"><strong data-start=\"1043\" data-end=\"1053\">T\u00edpus:<\/strong> ny\u00e1ri \u00e9r\u00e9s\u0171, egyszer term\u0151<\/p>\n<\/li>\n<li data-start=\"1083\" data-end=\"1125\">\n<p data-start=\"1085\" data-end=\"1125\"><strong data-start=\"1085\" data-end=\"1094\">\u00c9r\u00e9s:<\/strong> j\u00fanius k\u00f6zepe \u2013 j\u00falius eleje<\/p>\n<\/li>\n<li data-start=\"1126\" data-end=\"1170\">\n<p data-start=\"1128\" data-end=\"1170\"><strong data-start=\"1128\" data-end=\"1143\">Bogy\u00f3m\u00e9ret:<\/strong> k\u00f6zepes\u2013nagy, \u00e9l\u00e9nks\u00e1rga<\/p>\n<\/li>\n<li data-start=\"1171\" data-end=\"1202\">\n<p data-start=\"1173\" data-end=\"1202\"><strong data-start=\"1173\" data-end=\"1180\">\u00cdz:<\/strong> \u00e9des, arom\u00e1s, l\u00e9d\u00fas<\/p>\n<\/li>\n<li data-start=\"1203\" data-end=\"1247\">\n<p data-start=\"1205\" data-end=\"1247\"><strong data-start=\"1205\" data-end=\"1219\">N\u00f6veked\u00e9s:<\/strong> er\u0151teljes, sok sarjat hoz<\/p>\n<\/li>\n<li data-start=\"1248\" data-end=\"1276\">\n<p data-start=\"1250\" data-end=\"1276\"><strong data-start=\"1250\" data-end=\"1266\">Term\u00e9shozam:<\/strong> b\u0151term\u0151<\/p>\n<\/li>\n<li data-start=\"1277\" data-end=\"1323\">\n<p data-start=\"1279\" data-end=\"1323\"><strong data-start=\"1279\" data-end=\"1293\">F\u00e9nyig\u00e9ny:<\/strong> napos vagy f\u00e9l\u00e1rny\u00e9kos hely<\/p>\n<\/li>\n<li data-start=\"1324\" data-end=\"1375\">\n<p data-start=\"1326\" data-end=\"1375\"><strong data-start=\"1326\" data-end=\"1336\">Talaj:<\/strong> t\u00e1panyagban gazdag, j\u00f3 v\u00edzelvezet\u00e9s\u0171<\/p>\n<\/li>\n<li data-start=\"1376\" data-end=\"1402\">\n<p data-start=\"1378\" data-end=\"1402\"><strong data-start=\"1378\" data-end=\"1393\">T\u00e9l\u00e1ll\u00f3s\u00e1g:<\/strong> kiv\u00e1l\u00f3<\/p>\n<\/li>\n<\/ul>\n<h3 data-start=\"1670\" data-end=\"1700\">\ud83c\udf3f A s\u00e1rga m\u00e1lna gondoz\u00e1sa<\/h3>\n<ul data-start=\"1701\" data-end=\"2010\">\n<li data-start=\"1701\" data-end=\"1750\">\n<p data-start=\"1703\" data-end=\"1750\"><strong data-start=\"1703\" data-end=\"1713\">Talaj:<\/strong> humuszban gazdag, j\u00f3 v\u00edzelvezet\u00e9s\u0171<\/p>\n<\/li>\n<li data-start=\"1751\" data-end=\"1813\">\n<p data-start=\"1753\" data-end=\"1813\"><strong data-start=\"1753\" data-end=\"1765\">\u00d6nt\u00f6z\u00e9s:<\/strong> rendszeres, f\u0151leg a vir\u00e1gz\u00e1s \u00e9s term\u00e9s idej\u00e9n<\/p>\n<\/li>\n<li data-start=\"1814\" data-end=\"1895\">\n<p data-start=\"1816\" data-end=\"1895\"><strong data-start=\"1816\" data-end=\"1828\">Metsz\u00e9s:<\/strong> a letermett vessz\u0151ket \u0151sszel vagy t\u00e9len t\u0151b\u0151l el kell t\u00e1vol\u00edtani<\/p>\n<\/li>\n<li data-start=\"1896\" data-end=\"1950\">\n<p data-start=\"1898\" data-end=\"1950\"><strong data-start=\"1898\" data-end=\"1914\">T\u00e1mrendszer:<\/strong> aj\u00e1nlott a rendezett n\u00f6veked\u00e9shez<\/p>\n<\/li>\n<li data-start=\"1951\" data-end=\"2010\">\n<p data-start=\"1953\" data-end=\"2010\"><strong data-start=\"1953\" data-end=\"1966\">T\u00e1panyag:<\/strong> tavasszal \u00e9s vir\u00e1gz\u00e1skor szerves t\u00e1panyag<\/p>\n<\/li>\n<\/ul>\n<h4><strong>\ud83d\udd04 K\u00e9szletinform\u00e1ci\u00f3<\/strong><\/h4>\n<p><strong>K\u00e9szlet\u00fcnk napi szinten v\u00e1ltozik, \u00edgy a webshopban szerepl<\/strong><strong>\u0151<\/strong><strong>\u00a0term\u00e9kek el\u00e9rhet<\/strong><strong>\u0151<\/strong><strong>s\u00e9ge nem garant\u00e1lt.<br \/>\n\ud83d\udcde A megrendel\u00e9s el<\/strong><strong>\u0151<\/strong><strong>tt k\u00e9rj\u00fck, \u00e9rdekl<\/strong><strong>\u0151<\/strong><strong>dj\u00f6n szem\u00e9lyesen, telefonon vagy e-mailben!<\/strong><\/p>\n<h4><strong>\u27a1\ufe0f Kapcsolat:<\/strong><\/h4>\n<ul>\n<li><strong>Weboldal:\u00a0<\/strong><a href=\"https:\/\/tajkertesz.com\/\"><strong>tajkertesz.com<\/strong><\/a><\/li>\n<li><strong>Facebook:\u00a0<\/strong><a href=\"https:\/\/www.facebook.com\/tajkertesz\/\"><strong>facebook.com\/tajkertesz<\/strong><\/a><\/li>\n<li><strong>Telefonsz\u00e1m, e-mail: +36\/20-319-3770\u00a0<\/strong><a href=\"mailto:tajkerteszaruda@gmail.com\"><strong>tajkerteszaruda@gmail.com<\/strong><\/a><\/li>\n<\/ul>\n<h4><strong>\ud83d\ude9a Sz\u00e1ll\u00edt\u00e1si inform\u00e1ci\u00f3k<\/strong><\/h4>\n<p><strong>A megrendelt n\u00f6v\u00e9nyek kisz\u00e1ll\u00edt\u00e1sa az al\u00e1bbi felt\u00e9telek mellett t\u00f6rt\u00e9nik:<\/strong><\/p>\n<h4><strong>\ud83d\udce6 Fut\u00e1rszolg\u00e1latos sz\u00e1ll\u00edt\u00e1s<\/strong><\/h4>\n<ul>\n<li><strong>Maxim\u00e1lis m\u00e9ret: 200 cm (hossz\u00fas\u00e1g)<\/strong><\/li>\n<li><strong>Maxim\u00e1lis s\u00faly: 40 kg<\/strong><\/li>\n<li><strong>Az enn\u00e9l kisebb \u00e9s k\u00f6nnyebb csomagokat fut\u00e1rszolg\u00e1lattal k\u00e9zbes\u00edtj\u00fck a lehet<\/strong><strong>\u0151<\/strong><strong>\u00a0legbiztons\u00e1gosabb csomagol\u00e1sban.<\/strong><\/li>\n<\/ul>\n<h4><strong>\ud83d\udefb Szem\u00e9lyes \u00e1tv\u00e9tel<\/strong><\/h4>\n<ul>\n<li><strong>1173 Budapest, Bakancsos utca 7. sz\u00e1m alatt nyitvatart\u00e1si id<\/strong><strong>\u0151<\/strong><strong>ben szem\u00e9lyesen \u00e1tvehet<\/strong><strong>\u0151<\/strong><strong>\u00a0kert\u00e9szeti \u00e1rud\u00e1nkban.<\/strong><\/li>\n<li><strong>K\u00f6lts\u00e9ghat\u00e9kony megold\u00e1s nagyobb, t\u00f6r\u00e9kenyebb vagy t\u00falm\u00e9retes n\u00f6v\u00e9nyek eset\u00e9n.<\/strong><\/li>\n<\/ul>\n<h4><strong>\ud83d\udcde Nagy m\u00e9ret<\/strong><strong>\u0171<\/strong><strong>\u00a0vagy s\u00faly\u00fa n\u00f6v\u00e9nyek eset\u00e9n<\/strong><\/h4>\n<p><strong>Ha a term\u00e9k:<\/strong><\/p>\n<ul>\n<li><strong>meghaladja a 200 cm hossz\u00fas\u00e1got vagy<\/strong><\/li>\n<li><strong>meghaladja a 40 kg s\u00falyt,<\/strong><\/li>\n<\/ul>\n<p><strong>akkor szem\u00e9lyes \u00e1tv\u00e9tellel vagy egyedi, el<\/strong><strong>\u0151<\/strong><strong>re egyeztetett sz\u00e1ll\u00edt\u00e1si felt\u00e9telek mellett t\u00f6rt\u00e9nik.<br \/>\nK\u00e9rj\u00fck, ilyen esetben rendel\u00e9s el<\/strong><strong>\u0151<\/strong><strong>tt vegye fel vel\u00fcnk a kapcsolatot, hogy a lehet<\/strong><strong>\u0151<\/strong><strong>\u00a0legmegfelel<\/strong><strong>\u0151<\/strong><strong>bb sz\u00e1ll\u00edt\u00e1si megold\u00e1st k\u00edn\u00e1lhassuk.<\/strong><\/p>\n<p><strong>\ud83d\udd14 Fontos: A n\u00f6v\u00e9nyeket minden esetben igyeksz\u00fcnk gondosan, egyes\u00e9vel csomagolni, azonban a sz\u00e1ll\u00edt\u00e1s sor\u00e1n kisebb eszt\u00e9tikai s\u00e9r\u00fcl\u00e9sek el<\/strong><strong>\u0151<\/strong><strong>fordulhatnak (pl. lev\u00e9lhull\u00e1s). Ez nem min<\/strong><strong>\u0151<\/strong><strong>s\u00fcl hib\u00e1s teljes\u00edt\u00e9snek.<\/strong><\/p>\n<h4><strong>\ud83d\udcf7 Fontos tudni a k\u00e9pekr<\/strong><strong>\u0151<\/strong><strong>l<\/strong><\/h4>\n<p><strong>A webshopban szerepl<\/strong><strong>\u0151<\/strong><strong>\u00a0k\u00e9pek illusztr\u00e1ci\u00f3k, a n\u00f6v\u00e9nyek term\u00e9szet\u00fckn\u00e9l fogva egyediek, \u00edgy m\u00e9retben, alakban \u00e9s sz\u00ednben minim\u00e1lis elt\u00e9r\u00e9sek el<\/strong><strong>\u0151<\/strong><strong>fordulhatnak a k\u00e9pen l\u00e1that\u00f3 \u00e9s a val\u00f3s p\u00e9ld\u00e1nyok k\u00f6z\u00f6tt.<\/strong><\/p>\n<h4><strong>\ud83e\uddfe \u00c1rak \u00e9s el\u00e1ll\u00e1si jog<\/strong><\/h4>\n<ul>\n<li><strong>Az \u00e1rak egy darab\u00a0n\u00f6v\u00e9nyre vonatkoznak.<\/strong><\/li>\n<li><strong>\u00c9l<\/strong><strong>\u0151<\/strong><strong>\u00a0n\u00f6v\u00e9nyek rendel\u00e9se eset\u00e9n a 14 napos el\u00e1ll\u00e1s joga nem \u00e9rv\u00e9nyes\u00edthet<\/strong><strong>\u0151<\/strong><strong>, mivel azok romland\u00f3, biol\u00f3giailag \u00e9l<\/strong><strong>\u0151<\/strong><strong>\u00a0term\u00e9keknek min<\/strong><strong>\u0151<\/strong><strong>s\u00fclnek.<br \/>\n\ud83d\udd12 (17\/1999. (II. 5.) Korm. rendelet 5. \u00a7 c) pontja alapj\u00e1n)<\/strong><\/li>\n<\/ul>\n<h4><strong>\ud83d\udce6 K\u00e9zbes\u00edt\u00e9s ut\u00e1ni teend<\/strong><strong>\u0151<\/strong><strong>k<\/strong><\/h4>\n<p><strong>A k\u00e9zbes\u00edt\u00e9st k\u00f6vet<\/strong><strong>\u0151<\/strong><strong>en a csomagot azonnal bontsuk ki, \u00e9s a n\u00f6v\u00e9nyt helyezz\u00fck el megfelel<\/strong><strong>\u0151<\/strong><strong>\u00a0k\u00f6rnyezetben.<br \/>\nFontos: ha a n\u00f6v\u00e9ny nem r\u00e9szes\u00fcl megfelel<\/strong><strong>\u0151<\/strong><strong>\u00a0gondoz\u00e1sban \u00e9s ennek k\u00f6vetkezt\u00e9ben k\u00e1rosodik vagy elpusztul, felel<\/strong><strong>\u0151<\/strong><strong>ss\u00e9get nem tudunk v\u00e1llalni.<\/strong><\/p>\n<p><strong>\u00a0<\/strong><\/p>\n<p>&nbsp;<\/p>","protected":false},"excerpt":{"rendered":"<p>A Rubus idaeus &#8216;All Gold&#8217; k\u00fcl\u00f6nleges, s\u00e1rga bogy\u00f3j\u00fa m\u00e1lnafajta, amely \u00e9des, arom\u00e1s \u00edz\u00e9vel h\u00f3d\u00edt. Ny\u00e1ri \u00e9r\u00e9s\u0171, b\u0151term\u0151, \u00e9s kiv\u00e1l\u00f3an alkalmas h\u00e1zikerti vagy \u00fcltetv\u00e9nyes termeszt\u00e9sre.<\/p>\n<p>M\u00e9rete: 125\/150 cm magas, 3 literes kont\u00e9nerben.<\/p>","protected":false},"featured_media":2263,"template":"","meta":{"_et_pb_use_builder":"","_et_pb_old_content":"","_et_gb_content_width":""},"product_brand":[],"product_cat":[5384],"product_tag":[7736,7055,7319,7726,7061,7737,7735,7725,7734,728],"class_list":{"0":"post-2262","1":"product","2":"type-product","3":"status-publish","4":"has-post-thumbnail","6":"product_cat-malna","7":"product_tag-aromas-malna","8":"product_tag-bogyos-gyumolcs","9":"product_tag-botermo-malna","10":"product_tag-edes-malna","11":"product_tag-gyumolcstermo-noveny","12":"product_tag-hazikerti-malna","13":"product_tag-kulonleges-malna-fajta","14":"product_tag-nyari-eresu-malna","15":"product_tag-rubus-idaeus-all-gold","16":"product_tag-sarga-malna","18":"first","19":"outofstock","20":"shipping-taxable","21":"product-type-simple"},"yoast_head":"<!-- This site is optimized with the Yoast SEO plugin v27.5 - https:\/\/yoast.com\/product\/yoast-seo-wordpress\/ -->\n<title>Rubus idaeus \u2019All Gold\u2019 - S\u00e1rga\u00a0 m\u00e1lna - T\u00e1jkert\u00e9sz<\/title>\n<meta name=\"description\" content=\"Rubus idaeus \u2019All Gold\u2019 - S\u00e1rga\u00a0 m\u00e1lna b\u0151term\u0151, \u00e9des \u00e9s arom\u00e1s bogy\u00f3kkal. Ny\u00e1ri \u00e9r\u00e9s\u0171, h\u00e1zikerti \u00e9s \u00fcltetv\u00e9nyes termeszt\u00e9sre egyar\u00e1nt ide\u00e1lis.\" \/>\n<meta name=\"robots\" content=\"index, follow, max-snippet:-1, max-image-preview:large, max-video-preview:-1\" \/>\n<link rel=\"canonical\" href=\"https:\/\/tajkertesz.com\/en_US\/product\/rubus-idaeus-all-gold-sarga-malna\/\" \/>\n<meta property=\"og:locale\" content=\"en_US\" \/>\n<meta property=\"og:type\" content=\"article\" \/>\n<meta property=\"og:title\" content=\"Rubus idaeus \u2019All Gold\u2019 - S\u00e1rga\u00a0 m\u00e1lna - T\u00e1jkert\u00e9sz\" \/>\n<meta property=\"og:description\" content=\"Rubus idaeus \u2019All Gold\u2019 - S\u00e1rga\u00a0 m\u00e1lna b\u0151term\u0151, \u00e9des \u00e9s arom\u00e1s bogy\u00f3kkal. Ny\u00e1ri \u00e9r\u00e9s\u0171, h\u00e1zikerti \u00e9s \u00fcltetv\u00e9nyes termeszt\u00e9sre egyar\u00e1nt ide\u00e1lis.\" \/>\n<meta property=\"og:url\" content=\"https:\/\/tajkertesz.com\/en_US\/product\/rubus-idaeus-all-gold-sarga-malna\/\" \/>\n<meta property=\"og:site_name\" content=\"T\u00e1jkert\u00e9sz\" \/>\n<meta property=\"article:publisher\" content=\"https:\/\/www.facebook.com\/Tajkertesz\/\" \/>\n<meta property=\"article:modified_time\" content=\"2026-04-14T08:46:19+00:00\" \/>\n<meta property=\"og:image\" content=\"https:\/\/tajkertesz.com\/wp-content\/uploads\/2020\/10\/20201014_160014-scaled-e1765544581910.jpg\" \/>\n\t<meta property=\"og:image:width\" content=\"1130\" \/>\n\t<meta property=\"og:image:height\" content=\"1596\" \/>\n\t<meta property=\"og:image:type\" content=\"image\/jpeg\" \/>\n<meta name=\"twitter:card\" content=\"summary_large_image\" \/>\n<meta name=\"twitter:label1\" content=\"Est. reading time\" \/>\n\t<meta name=\"twitter:data1\" content=\"3 minutes\" \/>\n<script type=\"application\/ld+json\" class=\"yoast-schema-graph\">{\"@context\":\"https:\\\/\\\/schema.org\",\"@graph\":[{\"@type\":\"WebPage\",\"@id\":\"https:\\\/\\\/tajkertesz.com\\\/termek\\\/rubus-idaeus-all-gold-sarga-malna\\\/\",\"url\":\"https:\\\/\\\/tajkertesz.com\\\/termek\\\/rubus-idaeus-all-gold-sarga-malna\\\/\",\"name\":\"Rubus idaeus \u2019All Gold\u2019 - S\u00e1rga\u00a0 m\u00e1lna - T\u00e1jkert\u00e9sz\",\"isPartOf\":{\"@id\":\"https:\\\/\\\/tajkertesz.com\\\/#website\"},\"primaryImageOfPage\":{\"@id\":\"https:\\\/\\\/tajkertesz.com\\\/termek\\\/rubus-idaeus-all-gold-sarga-malna\\\/#primaryimage\"},\"image\":{\"@id\":\"https:\\\/\\\/tajkertesz.com\\\/termek\\\/rubus-idaeus-all-gold-sarga-malna\\\/#primaryimage\"},\"thumbnailUrl\":\"https:\\\/\\\/tajkertesz.com\\\/wp-content\\\/uploads\\\/2020\\\/10\\\/20201014_160014-scaled-e1765544581910.jpg\",\"datePublished\":\"2020-10-14T13:54:02+00:00\",\"dateModified\":\"2026-04-14T08:46:19+00:00\",\"description\":\"Rubus idaeus \u2019All Gold\u2019 - S\u00e1rga\u00a0 m\u00e1lna b\u0151term\u0151, \u00e9des \u00e9s arom\u00e1s bogy\u00f3kkal. Ny\u00e1ri \u00e9r\u00e9s\u0171, h\u00e1zikerti \u00e9s \u00fcltetv\u00e9nyes termeszt\u00e9sre egyar\u00e1nt ide\u00e1lis.\",\"breadcrumb\":{\"@id\":\"https:\\\/\\\/tajkertesz.com\\\/termek\\\/rubus-idaeus-all-gold-sarga-malna\\\/#breadcrumb\"},\"inLanguage\":\"en-US\",\"potentialAction\":[{\"@type\":\"ReadAction\",\"target\":[\"https:\\\/\\\/tajkertesz.com\\\/termek\\\/rubus-idaeus-all-gold-sarga-malna\\\/\"]}]},{\"@type\":\"ImageObject\",\"inLanguage\":\"en-US\",\"@id\":\"https:\\\/\\\/tajkertesz.com\\\/termek\\\/rubus-idaeus-all-gold-sarga-malna\\\/#primaryimage\",\"url\":\"https:\\\/\\\/tajkertesz.com\\\/wp-content\\\/uploads\\\/2020\\\/10\\\/20201014_160014-scaled-e1765544581910.jpg\",\"contentUrl\":\"https:\\\/\\\/tajkertesz.com\\\/wp-content\\\/uploads\\\/2020\\\/10\\\/20201014_160014-scaled-e1765544581910.jpg\",\"width\":1130,\"height\":1596,\"caption\":\"Rubus idaeus \u2019All Gold\u2019 - S\u00e1rga\u00a0 m\u00e1lna\"},{\"@type\":\"BreadcrumbList\",\"@id\":\"https:\\\/\\\/tajkertesz.com\\\/termek\\\/rubus-idaeus-all-gold-sarga-malna\\\/#breadcrumb\",\"itemListElement\":[{\"@type\":\"ListItem\",\"position\":1,\"name\":\"Home\",\"item\":\"https:\\\/\\\/tajkertesz.com\\\/\"},{\"@type\":\"ListItem\",\"position\":2,\"name\":\"Kezd\u0151lap\",\"item\":\"https:\\\/\\\/tajkertesz.com\\\/\"},{\"@type\":\"ListItem\",\"position\":3,\"name\":\"Rubus idaeus \u2019All Gold\u2019 &#8211; S\u00e1rga\u00a0 m\u00e1lna\"}]},{\"@type\":\"WebSite\",\"@id\":\"https:\\\/\\\/tajkertesz.com\\\/#website\",\"url\":\"https:\\\/\\\/tajkertesz.com\\\/\",\"name\":\"T\u00e1j-Kert\u00e9sz 84 Kft.\",\"description\":\"Kert\u00e9szeti kis- \u00e9s nagykeresked\u00e9s, D\u00edszn\u00f6v\u00e9ny web\u00e1ruh\u00e1z orsz\u00e1gos h\u00e1zhozsz\u00e1ll\u00edt\u00e1ssal!\",\"publisher\":{\"@id\":\"https:\\\/\\\/tajkertesz.com\\\/#organization\"},\"potentialAction\":[{\"@type\":\"SearchAction\",\"target\":{\"@type\":\"EntryPoint\",\"urlTemplate\":\"https:\\\/\\\/tajkertesz.com\\\/?s={search_term_string}\"},\"query-input\":{\"@type\":\"PropertyValueSpecification\",\"valueRequired\":true,\"valueName\":\"search_term_string\"}}],\"inLanguage\":\"en-US\"},{\"@type\":\"Organization\",\"@id\":\"https:\\\/\\\/tajkertesz.com\\\/#organization\",\"name\":\"T\u00e1j-Kert\u00e9sz 84 Kft.\",\"url\":\"https:\\\/\\\/tajkertesz.com\\\/\",\"logo\":{\"@type\":\"ImageObject\",\"inLanguage\":\"en-US\",\"@id\":\"https:\\\/\\\/tajkertesz.com\\\/#\\\/schema\\\/logo\\\/image\\\/\",\"url\":\"https:\\\/\\\/tajkertesz.com\\\/wp-content\\\/uploads\\\/2018\\\/02\\\/logo-2-e1518678052539.png\",\"contentUrl\":\"https:\\\/\\\/tajkertesz.com\\\/wp-content\\\/uploads\\\/2018\\\/02\\\/logo-2-e1518678052539.png\",\"width\":81,\"height\":140,\"caption\":\"T\u00e1j-Kert\u00e9sz 84 Kft.\"},\"image\":{\"@id\":\"https:\\\/\\\/tajkertesz.com\\\/#\\\/schema\\\/logo\\\/image\\\/\"},\"sameAs\":[\"https:\\\/\\\/www.facebook.com\\\/Tajkertesz\\\/\"]}]}<\/script>\n<!-- \/ Yoast SEO plugin. -->","yoast_head_json":{"title":"Rubus idaeus \u2019All Gold\u2019 - S\u00e1rga\u00a0 m\u00e1lna - T\u00e1jkert\u00e9sz","description":"Rubus idaeus \u2019All Gold\u2019 - S\u00e1rga\u00a0 m\u00e1lna b\u0151term\u0151, \u00e9des \u00e9s arom\u00e1s bogy\u00f3kkal. Ny\u00e1ri \u00e9r\u00e9s\u0171, h\u00e1zikerti \u00e9s \u00fcltetv\u00e9nyes termeszt\u00e9sre egyar\u00e1nt ide\u00e1lis.","robots":{"index":"index","follow":"follow","max-snippet":"max-snippet:-1","max-image-preview":"max-image-preview:large","max-video-preview":"max-video-preview:-1"},"canonical":"https:\/\/tajkertesz.com\/en_US\/product\/rubus-idaeus-all-gold-sarga-malna\/","og_locale":"en_US","og_type":"article","og_title":"Rubus idaeus \u2019All Gold\u2019 - S\u00e1rga\u00a0 m\u00e1lna - T\u00e1jkert\u00e9sz","og_description":"Rubus idaeus \u2019All Gold\u2019 - S\u00e1rga\u00a0 m\u00e1lna b\u0151term\u0151, \u00e9des \u00e9s arom\u00e1s bogy\u00f3kkal. Ny\u00e1ri \u00e9r\u00e9s\u0171, h\u00e1zikerti \u00e9s \u00fcltetv\u00e9nyes termeszt\u00e9sre egyar\u00e1nt ide\u00e1lis.","og_url":"https:\/\/tajkertesz.com\/en_US\/product\/rubus-idaeus-all-gold-sarga-malna\/","og_site_name":"T\u00e1jkert\u00e9sz","article_publisher":"https:\/\/www.facebook.com\/Tajkertesz\/","article_modified_time":"2026-04-14T08:46:19+00:00","og_image":[{"width":1130,"height":1596,"url":"https:\/\/tajkertesz.com\/wp-content\/uploads\/2020\/10\/20201014_160014-scaled-e1765544581910.jpg","type":"image\/jpeg"}],"twitter_card":"summary_large_image","twitter_misc":{"Est. reading time":"3 minutes"},"schema":{"@context":"https:\/\/schema.org","@graph":[{"@type":"WebPage","@id":"https:\/\/tajkertesz.com\/termek\/rubus-idaeus-all-gold-sarga-malna\/","url":"https:\/\/tajkertesz.com\/termek\/rubus-idaeus-all-gold-sarga-malna\/","name":"Rubus idaeus \u2019All Gold\u2019 - S\u00e1rga\u00a0 m\u00e1lna - T\u00e1jkert\u00e9sz","isPartOf":{"@id":"https:\/\/tajkertesz.com\/#website"},"primaryImageOfPage":{"@id":"https:\/\/tajkertesz.com\/termek\/rubus-idaeus-all-gold-sarga-malna\/#primaryimage"},"image":{"@id":"https:\/\/tajkertesz.com\/termek\/rubus-idaeus-all-gold-sarga-malna\/#primaryimage"},"thumbnailUrl":"https:\/\/tajkertesz.com\/wp-content\/uploads\/2020\/10\/20201014_160014-scaled-e1765544581910.jpg","datePublished":"2020-10-14T13:54:02+00:00","dateModified":"2026-04-14T08:46:19+00:00","description":"Rubus idaeus \u2019All Gold\u2019 - S\u00e1rga\u00a0 m\u00e1lna b\u0151term\u0151, \u00e9des \u00e9s arom\u00e1s bogy\u00f3kkal. Ny\u00e1ri \u00e9r\u00e9s\u0171, h\u00e1zikerti \u00e9s \u00fcltetv\u00e9nyes termeszt\u00e9sre egyar\u00e1nt ide\u00e1lis.","breadcrumb":{"@id":"https:\/\/tajkertesz.com\/termek\/rubus-idaeus-all-gold-sarga-malna\/#breadcrumb"},"inLanguage":"en-US","potentialAction":[{"@type":"ReadAction","target":["https:\/\/tajkertesz.com\/termek\/rubus-idaeus-all-gold-sarga-malna\/"]}]},{"@type":"ImageObject","inLanguage":"en-US","@id":"https:\/\/tajkertesz.com\/termek\/rubus-idaeus-all-gold-sarga-malna\/#primaryimage","url":"https:\/\/tajkertesz.com\/wp-content\/uploads\/2020\/10\/20201014_160014-scaled-e1765544581910.jpg","contentUrl":"https:\/\/tajkertesz.com\/wp-content\/uploads\/2020\/10\/20201014_160014-scaled-e1765544581910.jpg","width":1130,"height":1596,"caption":"Rubus idaeus \u2019All Gold\u2019 - S\u00e1rga\u00a0 m\u00e1lna"},{"@type":"BreadcrumbList","@id":"https:\/\/tajkertesz.com\/termek\/rubus-idaeus-all-gold-sarga-malna\/#breadcrumb","itemListElement":[{"@type":"ListItem","position":1,"name":"Home","item":"https:\/\/tajkertesz.com\/"},{"@type":"ListItem","position":2,"name":"Kezd\u0151lap","item":"https:\/\/tajkertesz.com\/"},{"@type":"ListItem","position":3,"name":"Rubus idaeus \u2019All Gold\u2019 &#8211; S\u00e1rga\u00a0 m\u00e1lna"}]},{"@type":"WebSite","@id":"https:\/\/tajkertesz.com\/#website","url":"https:\/\/tajkertesz.com\/","name":"T\u00e1j-Kert\u00e9sz 84 Kft.","description":"Kert\u00e9szeti kis- \u00e9s nagykeresked\u00e9s, D\u00edszn\u00f6v\u00e9ny web\u00e1ruh\u00e1z orsz\u00e1gos h\u00e1zhozsz\u00e1ll\u00edt\u00e1ssal!","publisher":{"@id":"https:\/\/tajkertesz.com\/#organization"},"potentialAction":[{"@type":"SearchAction","target":{"@type":"EntryPoint","urlTemplate":"https:\/\/tajkertesz.com\/?s={search_term_string}"},"query-input":{"@type":"PropertyValueSpecification","valueRequired":true,"valueName":"search_term_string"}}],"inLanguage":"en-US"},{"@type":"Organization","@id":"https:\/\/tajkertesz.com\/#organization","name":"T\u00e1j-Kert\u00e9sz 84 Kft.","url":"https:\/\/tajkertesz.com\/","logo":{"@type":"ImageObject","inLanguage":"en-US","@id":"https:\/\/tajkertesz.com\/#\/schema\/logo\/image\/","url":"https:\/\/tajkertesz.com\/wp-content\/uploads\/2018\/02\/logo-2-e1518678052539.png","contentUrl":"https:\/\/tajkertesz.com\/wp-content\/uploads\/2018\/02\/logo-2-e1518678052539.png","width":81,"height":140,"caption":"T\u00e1j-Kert\u00e9sz 84 Kft."},"image":{"@id":"https:\/\/tajkertesz.com\/#\/schema\/logo\/image\/"},"sameAs":["https:\/\/www.facebook.com\/Tajkertesz\/"]}]}},"_links":{"self":[{"href":"https:\/\/tajkertesz.com\/en_US\/wp-json\/wp\/v2\/product\/2262","targetHints":{"allow":["GET"]}}],"collection":[{"href":"https:\/\/tajkertesz.com\/en_US\/wp-json\/wp\/v2\/product"}],"about":[{"href":"https:\/\/tajkertesz.com\/en_US\/wp-json\/wp\/v2\/types\/product"}],"wp:featuredmedia":[{"embeddable":true,"href":"https:\/\/tajkertesz.com\/en_US\/wp-json\/wp\/v2\/media\/2263"}],"wp:attachment":[{"href":"https:\/\/tajkertesz.com\/en_US\/wp-json\/wp\/v2\/media?parent=2262"}],"wp:term":[{"taxonomy":"product_brand","embeddable":true,"href":"https:\/\/tajkertesz.com\/en_US\/wp-json\/wp\/v2\/product_brand?post=2262"},{"taxonomy":"product_cat","embeddable":true,"href":"https:\/\/tajkertesz.com\/en_US\/wp-json\/wp\/v2\/product_cat?post=2262"},{"taxonomy":"product_tag","embeddable":true,"href":"https:\/\/tajkertesz.com\/en_US\/wp-json\/wp\/v2\/product_tag?post=2262"}],"curies":[{"name":"wp","href":"https:\/\/api.w.org\/{rel}","templated":true}]}}