{"id":22664,"date":"2025-03-05T15:33:56","date_gmt":"2025-03-05T15:33:56","guid":{"rendered":"https:\/\/tajkertesz.com\/?post_type=product&#038;p=22664"},"modified":"2025-05-30T13:18:38","modified_gmt":"2025-05-30T13:18:38","slug":"salvia-nemorosa-sensation-pink-ligeti-zsalya","status":"publish","type":"product","link":"https:\/\/tajkertesz.com\/en_US\/product\/salvia-nemorosa-sensation-pink-ligeti-zsalya\/","title":{"rendered":"Salvia nemorosa &#8216;Sensation Pink&#8217; &#8211; Ligeti zs\u00e1lya"},"content":{"rendered":"<h1>Salvia nemorosa &#8216;Sensation Pink&#8217; &#8211; Ligeti zs\u00e1lya<\/h1>\n<p data-start=\"0\" data-end=\"210\">A <strong data-start=\"2\" data-end=\"38\">Salvia nemorosa &#8216;Sensation Pink&#8217;<\/strong> egy sz\u00e9p, r\u00f3zsasz\u00edn vir\u00e1g\u00fa\u00e9vel\u0151, amely a kert\u00e9szetben sz\u00e9les k\u00f6rben kedvelt, f\u0151k\u00e9nt dekorat\u00edv vir\u00e1gai miatt.<\/p>\n<h2>Salvia nemorosa &#8216;Sensation Pink&#8217; jellemz\u0151i:<\/h2>\n<ul data-start=\"227\" data-end=\"1016\">\n<li data-start=\"227\" data-end=\"444\"><strong data-start=\"229\" data-end=\"240\">Vir\u00e1gok<\/strong>: Gy\u00f6ny\u00f6r\u0171, vil\u00e1gos r\u00f3zsasz\u00edn vir\u00e1gai vannak, amelyek s\u0171r\u0171 vir\u00e1gzatokban jelennek meg. A vir\u00e1gok hossz\u00fa ideig, kora ny\u00e1rt\u00f3l k\u00e9s\u0151 \u0151szig d\u00edsz\u00edtik a kertet.<\/li>\n<li data-start=\"445\" data-end=\"621\"><strong data-start=\"447\" data-end=\"459\">Magass\u00e1g<\/strong>: A n\u00f6v\u00e9ny \u00e1ltal\u00e1ban 40-50 cm magasra n\u0151, \u00e9s hasonl\u00f3 sz\u00e9less\u00e9gre is k\u00e9pes terjedni. Ez\u00e1ltal ide\u00e1lis v\u00e1laszt\u00e1s szeg\u00e9lyekhez, vir\u00e1g\u00e1gy\u00e1sokhoz vagy kisebb kertekhez.<\/li>\n<li data-start=\"823\" data-end=\"1016\"><strong data-start=\"825\" data-end=\"837\">Lev\u00e9lzet<\/strong>: A levelek z\u00f6ldek, finoman sz\u0151r\u00f6sek \u00e9s enyh\u00e9n arom\u00e1sak, ha meg\u00e9rintj\u00fck \u0151ket. A n\u00f6v\u00e9ny a leveleir\u0151l is ismert, mivel a finom text\u00far\u00e1j\u00fa levelek sz\u00e9p kontrasztot adnak a vir\u00e1gokhoz.<\/li>\n<\/ul>\n<h3>Ligeti zs\u00e1lya ig\u00e9nyei:<\/h3>\n<ul data-start=\"1031\" data-end=\"1731\">\n<li data-start=\"1031\" data-end=\"1186\"><strong data-start=\"1033\" data-end=\"1046\">F\u00e9nyig\u00e9ny<\/strong>: Napos fekv\u00e9st ig\u00e9nyel a legjobb vir\u00e1gz\u00e1shoz \u00e9s eg\u00e9szs\u00e9ges n\u00f6veked\u00e9shez. \u00c1rny\u00e9kos helyeken a vir\u00e1gz\u00e1s gyeng\u00e9bb lehet.<\/li>\n<li data-start=\"1187\" data-end=\"1391\"><strong data-start=\"1189\" data-end=\"1198\">Talaj<\/strong>: A n\u00f6v\u00e9ny j\u00f3l v\u00edz\u00e1tereszt\u0151 talajokat kedvel. A t\u00fal nedves talajok, amelyek nem biztos\u00edtanak megfelel\u0151 v\u00edzelvezet\u00e9st, gy\u00f6k\u00e9rrothad\u00e1shoz vezethetnek, ez\u00e9rt fontos, hogy a talaj ne \u00e1lljon v\u00edzben.<\/li>\n<li data-start=\"1392\" data-end=\"1565\"><strong data-start=\"1394\" data-end=\"1406\">V\u00edzig\u00e9ny<\/strong>: M\u00e9rs\u00e9kelt v\u00edzig\u00e9ny\u0171, j\u00f3l t\u0171ri a sz\u00e1razabb k\u00f6rnyezetet.<\/li>\n<li data-start=\"1566\" data-end=\"1731\"><strong data-start=\"1568\" data-end=\"1585\">T\u00e1panyagig\u00e9ny<\/strong>: A &#8216;Sensation Pink&#8217; nem t\u00fal ig\u00e9nyes a t\u00e1panyagokkal kapcsolatban, de a vir\u00e1gz\u00e1s serkent\u00e9se \u00e9rdek\u00e9ben \u00e9rdemes tavaszi enyhe tr\u00e1gy\u00e1z\u00e1st alkalmazni.<\/li>\n<\/ul>\n<p><b>K\u00e9szlet\u00fcnk napi szinten v\u00e1ltozik, ez\u00e9rt k\u00e9rj\u00fck, \u00e9rdekl\u0151dj\u00f6n szem\u00e9lyesen, telefonon vagy email-en.<br \/>\nA v\u00e1ltoztat\u00e1s jog\u00e1t fenntartjuk!\u00a0<\/b><\/p>\n<p><a href=\"https:\/\/tajkertesz.com\/\">https:\/\/tajkertesz.com\/<\/a><\/p>\n<p><a href=\"https:\/\/www.facebook.com\/tajkertesz\/\">https:\/\/www.facebook.com\/tajkertesz\/<\/a><\/p>\n<p>Kisz\u00e1ll\u00edt\u00e1s: 200cm-ig \u00e9s 40 kg-ig a sz\u00e1ll\u00edt\u00e1s fut\u00e1rszolg\u00e1lattal t\u00f6rt\u00e9nik.<\/p>\n<p>Szem\u00e9lyes \u00e1tv\u00e9tel nyitvatart\u00e1si id\u0151ben a 17. ker\u00fclet Bakancsos utca 7. sz\u00e1m alatti Kert\u00e9szeti \u00e1rud\u00e1nkban.<\/p>\n<p>Kert\u00e9p\u00edt\u0151k \u00e9s viszontelad\u00f3k regisztr\u00e1l\u00e1s ut\u00e1n egyedi kedvezm\u00e9nnyel v\u00e1s\u00e1rolhatnak kert\u00e9szeti kis-\u00e9s nagykeresked\u00e9s\u00fcnkben.<\/p>\n<p><strong>Az \u00e1rak egy darab term\u00e9kre vonatkoznak.<\/strong><\/p>\n<p><strong>J\u00f3 tudni!<\/strong><\/p>\n<p>K\u00e9pek-elt\u00e9r\u00e9sek:<\/p>\n<p>A n\u00f6v\u00e9nyekr\u0151l felt\u00f6lt\u00f6tt k\u00e9pek illusztr\u00e1ci\u00f3k. N\u00f6v\u00e9nyekn\u00e9l el\u0151fordulhatnak minim\u00e1lis elt\u00e9r\u00e9sek a k\u00e9peken szerepl\u0151 n\u00f6v\u00e9nyek \u00e9s az \u00e1tvett n\u00f6v\u00e9nyek k\u00f6z\u00f6tt, mivel minden n\u00f6v\u00e9ny egyedi.<\/p>\n<h4>N\u00f6v\u00e9nyek sz\u00e1ll\u00edt\u00e1sa:<\/h4>\n<p>A megrendelt n\u00f6v\u00e9nyeket igyeksz\u00fcnk a lehet\u0151 legbiztons\u00e1gosabban egyes\u00e9vel csomagolni, azonban a sz\u00e1ll\u00edt\u00e1s sor\u00e1n m\u00e9g ennek ellen\u00e9re is\u00a0bek\u00f6vetkezhetnek apr\u00f3bb s\u00e9r\u00fcl\u00e9sek (lev\u00e9l- vagy vir\u00e1ghull\u00e1s).<br \/>\nN\u00f6v\u00e9ny rendel\u00e9s eset\u00e9n k\u00e9rj\u00fck a k\u00e9zbes\u00edt\u00e9st k\u00f6vet\u0151en a lehet\u0151 leghamarabb bonts\u00e1k ki a csomagot.<\/p>\n<p>Abban az esetben, ha a megrendelt n\u00f6v\u00e9ny\u00a0a sz\u00e1ll\u00edt\u00e1st k\u00f6vet\u0151en\u00a0nem megfelel\u0151 gondoz\u00e1sban r\u00e9szes\u00fcl \u00e9s ebb\u0151l kifoly\u00f3lag\u00a0k\u00e1rosodik,\u00a0elpusztul, felel\u0151ss\u00e9get sajnos nem tudunk v\u00e1llalni.<\/p>\n<p>V\u00e1s\u00e1rl\u00e1st\u00f3l val\u00f3 el\u00e1ll\u00e1s \u00e9l\u0151 n\u00f6v\u00e9ny v\u00e1s\u00e1rl\u00e1sa eset\u00e9n:<\/p>\n<p>Az \u00e1ltal\u00e1nos 14 napos el\u00e1ll\u00e1s lehet\u0151s\u00e9ge \u00e9l\u0151 n\u00f6v\u00e9nyekre nem vonatkozik. V\u00e1s\u00e1rl\u00e1st\u00f3l val\u00f3 el\u00e1ll\u00e1sra, visszak\u00fcld\u00e9sre nincs lehet\u0151s\u00e9g.\u00a0(17\/1999. (II. 5.) Korm. rendelet 5c pontja)<\/p>\n<p><strong>K\u00e9rj\u00fck fentiek figyelembev\u00e9tel\u00e9t n\u00f6v\u00e9ny rendel\u00e9se sor\u00e1n!<\/strong><\/p>","protected":false},"excerpt":{"rendered":"<p>Salvia nemorosa &#8216;Sensation Pink&#8217; &#8211; Ligeti zs\u00e1lya A Salvia nemorosa &#8216;Sensation Pink&#8217; egy sz\u00e9p, r\u00f3zsasz\u00edn vir\u00e1g\u00fa\u00e9vel\u0151, amely a kert\u00e9szetben sz\u00e9les k\u00f6rben kedvelt, f\u0151k\u00e9nt dekorat\u00edv vir\u00e1gai miatt. Salvia nemorosa &#8216;Sensation Pink&#8217; jellemz\u0151i: Vir\u00e1gok: Gy\u00f6ny\u00f6r\u0171, vil\u00e1gos r\u00f3zsasz\u00edn vir\u00e1gai vannak, amelyek s\u0171r\u0171 vir\u00e1gzatokban jelennek meg. A vir\u00e1gok hossz\u00fa ideig, kora ny\u00e1rt\u00f3l k\u00e9s\u0151 \u0151szig d\u00edsz\u00edtik a kertet. Magass\u00e1g: A [&hellip;]<\/p>\n","protected":false},"featured_media":22665,"template":"","meta":{"_et_pb_use_builder":"","_et_pb_old_content":"","_et_gb_content_width":""},"product_brand":[],"product_cat":[433],"product_tag":[5679,5692,5691],"class_list":{"0":"post-22664","1":"product","2":"type-product","3":"status-publish","4":"has-post-thumbnail","6":"product_cat-evelo-novenyek","7":"product_tag-ligeti-zsalya","8":"product_tag-salvia-nemorosa-sensation-pink","9":"product_tag-salvia-nemorosa-sensation-pink-ligeti-zsalya","11":"first","12":"outofstock","13":"shipping-taxable","14":"product-type-simple"},"yoast_head":"<!-- This site is optimized with the Yoast SEO plugin v27.3 - https:\/\/yoast.com\/product\/yoast-seo-wordpress\/ -->\n<title>Salvia nemorosa &#039;Sensation Pink&#039; - Ligeti zs\u00e1lya - T\u00e1jkert\u00e9sz<\/title>\n<meta name=\"description\" content=\"Salvia nemorosa &#039;Sensation Pink&#039; - Ligeti zs\u00e1lya Gy\u00f6ny\u00f6r\u0171, vil\u00e1gos r\u00f3zsasz\u00edn vir\u00e1gai vannak, amelyek s\u0171r\u0171 vir\u00e1gzatokban jelennek meg.\" \/>\n<meta name=\"robots\" content=\"index, follow, max-snippet:-1, max-image-preview:large, max-video-preview:-1\" \/>\n<link rel=\"canonical\" href=\"https:\/\/tajkertesz.com\/en_US\/product\/salvia-nemorosa-sensation-pink-ligeti-zsalya\/\" \/>\n<meta property=\"og:locale\" content=\"en_US\" \/>\n<meta property=\"og:type\" content=\"article\" \/>\n<meta property=\"og:title\" content=\"Salvia nemorosa &#039;Sensation Pink&#039; - Ligeti zs\u00e1lya - T\u00e1jkert\u00e9sz\" \/>\n<meta property=\"og:description\" content=\"Salvia nemorosa &#039;Sensation Pink&#039; - Ligeti zs\u00e1lya Gy\u00f6ny\u00f6r\u0171, vil\u00e1gos r\u00f3zsasz\u00edn vir\u00e1gai vannak, amelyek s\u0171r\u0171 vir\u00e1gzatokban jelennek meg.\" \/>\n<meta property=\"og:url\" content=\"https:\/\/tajkertesz.com\/en_US\/product\/salvia-nemorosa-sensation-pink-ligeti-zsalya\/\" \/>\n<meta property=\"og:site_name\" content=\"T\u00e1jkert\u00e9sz\" \/>\n<meta property=\"article:publisher\" content=\"https:\/\/www.facebook.com\/Tajkertesz\/\" \/>\n<meta property=\"article:modified_time\" content=\"2025-05-30T13:18:38+00:00\" \/>\n<meta property=\"og:image\" content=\"https:\/\/tajkertesz.com\/wp-content\/uploads\/2025\/03\/20250304_091716-scaled.jpg\" \/>\n\t<meta property=\"og:image:width\" content=\"1441\" \/>\n\t<meta property=\"og:image:height\" content=\"2560\" \/>\n\t<meta property=\"og:image:type\" content=\"image\/jpeg\" \/>\n<meta name=\"twitter:card\" content=\"summary_large_image\" \/>\n<meta name=\"twitter:label1\" content=\"Est. reading time\" \/>\n\t<meta name=\"twitter:data1\" content=\"3 minutes\" \/>\n<script type=\"application\/ld+json\" class=\"yoast-schema-graph\">{\"@context\":\"https:\\\/\\\/schema.org\",\"@graph\":[{\"@type\":\"WebPage\",\"@id\":\"https:\\\/\\\/tajkertesz.com\\\/termek\\\/salvia-nemorosa-sensation-pink-ligeti-zsalya\\\/\",\"url\":\"https:\\\/\\\/tajkertesz.com\\\/termek\\\/salvia-nemorosa-sensation-pink-ligeti-zsalya\\\/\",\"name\":\"Salvia nemorosa 'Sensation Pink' - Ligeti zs\u00e1lya - T\u00e1jkert\u00e9sz\",\"isPartOf\":{\"@id\":\"https:\\\/\\\/tajkertesz.com\\\/#website\"},\"primaryImageOfPage\":{\"@id\":\"https:\\\/\\\/tajkertesz.com\\\/termek\\\/salvia-nemorosa-sensation-pink-ligeti-zsalya\\\/#primaryimage\"},\"image\":{\"@id\":\"https:\\\/\\\/tajkertesz.com\\\/termek\\\/salvia-nemorosa-sensation-pink-ligeti-zsalya\\\/#primaryimage\"},\"thumbnailUrl\":\"https:\\\/\\\/tajkertesz.com\\\/wp-content\\\/uploads\\\/2025\\\/03\\\/20250304_091716-scaled.jpg\",\"datePublished\":\"2025-03-05T15:33:56+00:00\",\"dateModified\":\"2025-05-30T13:18:38+00:00\",\"description\":\"Salvia nemorosa 'Sensation Pink' - Ligeti zs\u00e1lya Gy\u00f6ny\u00f6r\u0171, vil\u00e1gos r\u00f3zsasz\u00edn vir\u00e1gai vannak, amelyek s\u0171r\u0171 vir\u00e1gzatokban jelennek meg.\",\"breadcrumb\":{\"@id\":\"https:\\\/\\\/tajkertesz.com\\\/termek\\\/salvia-nemorosa-sensation-pink-ligeti-zsalya\\\/#breadcrumb\"},\"inLanguage\":\"en-US\",\"potentialAction\":[{\"@type\":\"ReadAction\",\"target\":[\"https:\\\/\\\/tajkertesz.com\\\/termek\\\/salvia-nemorosa-sensation-pink-ligeti-zsalya\\\/\"]}]},{\"@type\":\"ImageObject\",\"inLanguage\":\"en-US\",\"@id\":\"https:\\\/\\\/tajkertesz.com\\\/termek\\\/salvia-nemorosa-sensation-pink-ligeti-zsalya\\\/#primaryimage\",\"url\":\"https:\\\/\\\/tajkertesz.com\\\/wp-content\\\/uploads\\\/2025\\\/03\\\/20250304_091716-scaled.jpg\",\"contentUrl\":\"https:\\\/\\\/tajkertesz.com\\\/wp-content\\\/uploads\\\/2025\\\/03\\\/20250304_091716-scaled.jpg\",\"width\":1441,\"height\":2560,\"caption\":\"Salvia nemorosa 'Sensation Pink' - Ligeti zs\u00e1lya\"},{\"@type\":\"BreadcrumbList\",\"@id\":\"https:\\\/\\\/tajkertesz.com\\\/termek\\\/salvia-nemorosa-sensation-pink-ligeti-zsalya\\\/#breadcrumb\",\"itemListElement\":[{\"@type\":\"ListItem\",\"position\":1,\"name\":\"Home\",\"item\":\"https:\\\/\\\/tajkertesz.com\\\/\"},{\"@type\":\"ListItem\",\"position\":2,\"name\":\"Kezd\u0151lap\",\"item\":\"https:\\\/\\\/tajkertesz.com\\\/\"},{\"@type\":\"ListItem\",\"position\":3,\"name\":\"Salvia nemorosa &#8216;Sensation Pink&#8217; &#8211; Ligeti zs\u00e1lya\"}]},{\"@type\":\"WebSite\",\"@id\":\"https:\\\/\\\/tajkertesz.com\\\/#website\",\"url\":\"https:\\\/\\\/tajkertesz.com\\\/\",\"name\":\"T\u00e1j-Kert\u00e9sz 84 Kft.\",\"description\":\"Kert\u00e9szeti kis- \u00e9s nagykeresked\u00e9s, D\u00edszn\u00f6v\u00e9ny web\u00e1ruh\u00e1z orsz\u00e1gos h\u00e1zhozsz\u00e1ll\u00edt\u00e1ssal!\",\"publisher\":{\"@id\":\"https:\\\/\\\/tajkertesz.com\\\/#organization\"},\"potentialAction\":[{\"@type\":\"SearchAction\",\"target\":{\"@type\":\"EntryPoint\",\"urlTemplate\":\"https:\\\/\\\/tajkertesz.com\\\/?s={search_term_string}\"},\"query-input\":{\"@type\":\"PropertyValueSpecification\",\"valueRequired\":true,\"valueName\":\"search_term_string\"}}],\"inLanguage\":\"en-US\"},{\"@type\":\"Organization\",\"@id\":\"https:\\\/\\\/tajkertesz.com\\\/#organization\",\"name\":\"T\u00e1j-Kert\u00e9sz 84 Kft.\",\"url\":\"https:\\\/\\\/tajkertesz.com\\\/\",\"logo\":{\"@type\":\"ImageObject\",\"inLanguage\":\"en-US\",\"@id\":\"https:\\\/\\\/tajkertesz.com\\\/#\\\/schema\\\/logo\\\/image\\\/\",\"url\":\"https:\\\/\\\/tajkertesz.com\\\/wp-content\\\/uploads\\\/2018\\\/02\\\/logo-2-e1518678052539.png\",\"contentUrl\":\"https:\\\/\\\/tajkertesz.com\\\/wp-content\\\/uploads\\\/2018\\\/02\\\/logo-2-e1518678052539.png\",\"width\":81,\"height\":140,\"caption\":\"T\u00e1j-Kert\u00e9sz 84 Kft.\"},\"image\":{\"@id\":\"https:\\\/\\\/tajkertesz.com\\\/#\\\/schema\\\/logo\\\/image\\\/\"},\"sameAs\":[\"https:\\\/\\\/www.facebook.com\\\/Tajkertesz\\\/\"]}]}<\/script>\n<!-- \/ Yoast SEO plugin. -->","yoast_head_json":{"title":"Salvia nemorosa 'Sensation Pink' - Ligeti zs\u00e1lya - T\u00e1jkert\u00e9sz","description":"Salvia nemorosa 'Sensation Pink' - Ligeti zs\u00e1lya Gy\u00f6ny\u00f6r\u0171, vil\u00e1gos r\u00f3zsasz\u00edn vir\u00e1gai vannak, amelyek s\u0171r\u0171 vir\u00e1gzatokban jelennek meg.","robots":{"index":"index","follow":"follow","max-snippet":"max-snippet:-1","max-image-preview":"max-image-preview:large","max-video-preview":"max-video-preview:-1"},"canonical":"https:\/\/tajkertesz.com\/en_US\/product\/salvia-nemorosa-sensation-pink-ligeti-zsalya\/","og_locale":"en_US","og_type":"article","og_title":"Salvia nemorosa 'Sensation Pink' - Ligeti zs\u00e1lya - T\u00e1jkert\u00e9sz","og_description":"Salvia nemorosa 'Sensation Pink' - Ligeti zs\u00e1lya Gy\u00f6ny\u00f6r\u0171, vil\u00e1gos r\u00f3zsasz\u00edn vir\u00e1gai vannak, amelyek s\u0171r\u0171 vir\u00e1gzatokban jelennek meg.","og_url":"https:\/\/tajkertesz.com\/en_US\/product\/salvia-nemorosa-sensation-pink-ligeti-zsalya\/","og_site_name":"T\u00e1jkert\u00e9sz","article_publisher":"https:\/\/www.facebook.com\/Tajkertesz\/","article_modified_time":"2025-05-30T13:18:38+00:00","og_image":[{"width":1441,"height":2560,"url":"https:\/\/tajkertesz.com\/wp-content\/uploads\/2025\/03\/20250304_091716-scaled.jpg","type":"image\/jpeg"}],"twitter_card":"summary_large_image","twitter_misc":{"Est. reading time":"3 minutes"},"schema":{"@context":"https:\/\/schema.org","@graph":[{"@type":"WebPage","@id":"https:\/\/tajkertesz.com\/termek\/salvia-nemorosa-sensation-pink-ligeti-zsalya\/","url":"https:\/\/tajkertesz.com\/termek\/salvia-nemorosa-sensation-pink-ligeti-zsalya\/","name":"Salvia nemorosa 'Sensation Pink' - Ligeti zs\u00e1lya - T\u00e1jkert\u00e9sz","isPartOf":{"@id":"https:\/\/tajkertesz.com\/#website"},"primaryImageOfPage":{"@id":"https:\/\/tajkertesz.com\/termek\/salvia-nemorosa-sensation-pink-ligeti-zsalya\/#primaryimage"},"image":{"@id":"https:\/\/tajkertesz.com\/termek\/salvia-nemorosa-sensation-pink-ligeti-zsalya\/#primaryimage"},"thumbnailUrl":"https:\/\/tajkertesz.com\/wp-content\/uploads\/2025\/03\/20250304_091716-scaled.jpg","datePublished":"2025-03-05T15:33:56+00:00","dateModified":"2025-05-30T13:18:38+00:00","description":"Salvia nemorosa 'Sensation Pink' - Ligeti zs\u00e1lya Gy\u00f6ny\u00f6r\u0171, vil\u00e1gos r\u00f3zsasz\u00edn vir\u00e1gai vannak, amelyek s\u0171r\u0171 vir\u00e1gzatokban jelennek meg.","breadcrumb":{"@id":"https:\/\/tajkertesz.com\/termek\/salvia-nemorosa-sensation-pink-ligeti-zsalya\/#breadcrumb"},"inLanguage":"en-US","potentialAction":[{"@type":"ReadAction","target":["https:\/\/tajkertesz.com\/termek\/salvia-nemorosa-sensation-pink-ligeti-zsalya\/"]}]},{"@type":"ImageObject","inLanguage":"en-US","@id":"https:\/\/tajkertesz.com\/termek\/salvia-nemorosa-sensation-pink-ligeti-zsalya\/#primaryimage","url":"https:\/\/tajkertesz.com\/wp-content\/uploads\/2025\/03\/20250304_091716-scaled.jpg","contentUrl":"https:\/\/tajkertesz.com\/wp-content\/uploads\/2025\/03\/20250304_091716-scaled.jpg","width":1441,"height":2560,"caption":"Salvia nemorosa 'Sensation Pink' - Ligeti zs\u00e1lya"},{"@type":"BreadcrumbList","@id":"https:\/\/tajkertesz.com\/termek\/salvia-nemorosa-sensation-pink-ligeti-zsalya\/#breadcrumb","itemListElement":[{"@type":"ListItem","position":1,"name":"Home","item":"https:\/\/tajkertesz.com\/"},{"@type":"ListItem","position":2,"name":"Kezd\u0151lap","item":"https:\/\/tajkertesz.com\/"},{"@type":"ListItem","position":3,"name":"Salvia nemorosa &#8216;Sensation Pink&#8217; &#8211; Ligeti zs\u00e1lya"}]},{"@type":"WebSite","@id":"https:\/\/tajkertesz.com\/#website","url":"https:\/\/tajkertesz.com\/","name":"T\u00e1j-Kert\u00e9sz 84 Kft.","description":"Kert\u00e9szeti kis- \u00e9s nagykeresked\u00e9s, D\u00edszn\u00f6v\u00e9ny web\u00e1ruh\u00e1z orsz\u00e1gos h\u00e1zhozsz\u00e1ll\u00edt\u00e1ssal!","publisher":{"@id":"https:\/\/tajkertesz.com\/#organization"},"potentialAction":[{"@type":"SearchAction","target":{"@type":"EntryPoint","urlTemplate":"https:\/\/tajkertesz.com\/?s={search_term_string}"},"query-input":{"@type":"PropertyValueSpecification","valueRequired":true,"valueName":"search_term_string"}}],"inLanguage":"en-US"},{"@type":"Organization","@id":"https:\/\/tajkertesz.com\/#organization","name":"T\u00e1j-Kert\u00e9sz 84 Kft.","url":"https:\/\/tajkertesz.com\/","logo":{"@type":"ImageObject","inLanguage":"en-US","@id":"https:\/\/tajkertesz.com\/#\/schema\/logo\/image\/","url":"https:\/\/tajkertesz.com\/wp-content\/uploads\/2018\/02\/logo-2-e1518678052539.png","contentUrl":"https:\/\/tajkertesz.com\/wp-content\/uploads\/2018\/02\/logo-2-e1518678052539.png","width":81,"height":140,"caption":"T\u00e1j-Kert\u00e9sz 84 Kft."},"image":{"@id":"https:\/\/tajkertesz.com\/#\/schema\/logo\/image\/"},"sameAs":["https:\/\/www.facebook.com\/Tajkertesz\/"]}]}},"_links":{"self":[{"href":"https:\/\/tajkertesz.com\/en_US\/wp-json\/wp\/v2\/product\/22664","targetHints":{"allow":["GET"]}}],"collection":[{"href":"https:\/\/tajkertesz.com\/en_US\/wp-json\/wp\/v2\/product"}],"about":[{"href":"https:\/\/tajkertesz.com\/en_US\/wp-json\/wp\/v2\/types\/product"}],"wp:featuredmedia":[{"embeddable":true,"href":"https:\/\/tajkertesz.com\/en_US\/wp-json\/wp\/v2\/media\/22665"}],"wp:attachment":[{"href":"https:\/\/tajkertesz.com\/en_US\/wp-json\/wp\/v2\/media?parent=22664"}],"wp:term":[{"taxonomy":"product_brand","embeddable":true,"href":"https:\/\/tajkertesz.com\/en_US\/wp-json\/wp\/v2\/product_brand?post=22664"},{"taxonomy":"product_cat","embeddable":true,"href":"https:\/\/tajkertesz.com\/en_US\/wp-json\/wp\/v2\/product_cat?post=22664"},{"taxonomy":"product_tag","embeddable":true,"href":"https:\/\/tajkertesz.com\/en_US\/wp-json\/wp\/v2\/product_tag?post=22664"}],"curies":[{"name":"wp","href":"https:\/\/api.w.org\/{rel}","templated":true}]}}