{"id":22668,"date":"2025-03-06T15:20:35","date_gmt":"2025-03-06T15:20:35","guid":{"rendered":"https:\/\/tajkertesz.com\/?post_type=product&#038;p=22668"},"modified":"2026-03-16T10:42:32","modified_gmt":"2026-03-16T10:42:32","slug":"salvia-nemorosa-synchro-white-ligeti-zsalya","status":"publish","type":"product","link":"https:\/\/tajkertesz.com\/en_US\/product\/salvia-nemorosa-synchro-white-ligeti-zsalya\/","title":{"rendered":"Salvia nemorosa &#8216;Synchro White&#8217; &#8211; Ligeti zs\u00e1lya"},"content":{"rendered":"<h1>Salvia nemorosa &#8216;Synchro White&#8217; &#8211; Ligeti zs\u00e1lya<\/h1>\n<p data-start=\"0\" data-end=\"192\">A <strong data-start=\"2\" data-end=\"37\">Salvia nemorosa &#8216;Synchro White&#8217;<\/strong> egy rendk\u00edv\u00fcl eleg\u00e1ns \u00e9s d\u00edsz\u00edt\u0151 \u00e9rt\u00e9k\u0171 <em data-start=\"78\" data-end=\"86\">Salvia<\/em> fajta, amely a feh\u00e9r vir\u00e1gair\u00f3l ismert.<\/p>\n<h2 data-start=\"0\" data-end=\"192\">Salvia nemorosa &#8216;Synchro White&#8217; jellemz\u0151i:<\/h2>\n<ul data-start=\"209\" data-end=\"1026\">\n<li data-start=\"209\" data-end=\"540\"><strong data-start=\"211\" data-end=\"222\">Vir\u00e1gok<\/strong>: Vir\u00e1gai tiszta feh\u00e9r sz\u00edn\u0171ek, \u00e9s s\u0171r\u0171 vir\u00e1gzatokban helyezkednek el a sz\u00e1rakon.<\/li>\n<li data-start=\"541\" data-end=\"717\"><strong data-start=\"543\" data-end=\"555\">Magass\u00e1g<\/strong>: A n\u00f6v\u00e9ny \u00e1ltal\u00e1ban 30\u201345 cm magasra n\u0151, \u00e9s hasonl\u00f3 sz\u00e9less\u00e9gre is k\u00e9pes terjedni.<\/li>\n<li data-start=\"718\" data-end=\"858\"><strong data-start=\"720\" data-end=\"741\">Vir\u00e1gz\u00e1si id\u0151szak<\/strong>: A &#8216;Synchro White&#8217; vir\u00e1gz\u00e1sa k\u00e9s\u0151 tavaszt\u00f3l eg\u00e9szen \u0151szig tart, \u00edgy az eg\u00e9sz ny\u00e1ri \u00e9s kora \u0151szi id\u0151szakot sz\u00ednes\u00edti.<\/li>\n<li data-start=\"859\" data-end=\"1026\"><strong data-start=\"861\" data-end=\"873\">Lev\u00e9lzet<\/strong>: A levelek z\u00f6ldek, enyh\u00e9n sz\u0151r\u00f6sek \u00e9s arom\u00e1sak. A n\u00f6v\u00e9ny a leveleir\u0151l is ismert, mivel a finom text\u00far\u00e1j\u00fa levelek j\u00f3l kieg\u00e9sz\u00edtik a vir\u00e1gok megjelen\u00e9s\u00e9t.<\/li>\n<\/ul>\n<h3 data-start=\"1028\" data-end=\"1040\">A ligeti zs\u00e1lya ig\u00e9nyei:<\/h3>\n<ul data-start=\"1041\" data-end=\"1804\">\n<li data-start=\"1041\" data-end=\"1225\"><strong data-start=\"1043\" data-end=\"1056\">F\u00e9nyig\u00e9ny<\/strong>: Napos helyet ig\u00e9nyel, \u00e1rny\u00e9kos helyeken a vir\u00e1gz\u00e1s gyeng\u00e9bb lehet, \u00e9s a n\u00f6v\u00e9ny is kev\u00e9sb\u00e9 lesz er\u0151teljes.<\/li>\n<li data-start=\"1226\" data-end=\"1424\"><strong data-start=\"1228\" data-end=\"1237\">Talaj<\/strong>: A n\u00f6v\u00e9ny j\u00f3l v\u00edz\u00e1tereszt\u0151, k\u00f6zepesen sz\u00e1raz talajokat kedvel. A t\u00falzott nedvess\u00e9g gy\u00f6k\u00e9rrothad\u00e1shoz vezethet.<\/li>\n<li data-start=\"1425\" data-end=\"1622\"><strong data-start=\"1427\" data-end=\"1439\">V\u00edzig\u00e9ny<\/strong>: M\u00e9rs\u00e9kelt v\u00edzig\u00e9ny\u0171, \u00e9s ink\u00e1bb a sz\u00e1razabb k\u00f6rnyezetet kedveli.<\/li>\n<li data-start=\"1623\" data-end=\"1804\"><strong data-start=\"1625\" data-end=\"1642\">T\u00e1panyagig\u00e9ny<\/strong>: Nem t\u00fal ig\u00e9nyes t\u00e1panyagokkal kapcsolatban, de a vir\u00e1gz\u00e1si id\u0151szak el\u0151tt enyhe tr\u00e1gy\u00e1z\u00e1s el\u0151seg\u00edtheti a gazdagabb vir\u00e1gz\u00e1st.<\/li>\n<\/ul>\n<p><b>K\u00e9szlet\u00fcnk napi szinten v\u00e1ltozik, ez\u00e9rt k\u00e9rj\u00fck, \u00e9rdekl\u0151dj\u00f6n szem\u00e9lyesen, telefonon vagy email-en.<br \/>\nA v\u00e1ltoztat\u00e1s jog\u00e1t fenntartjuk!<\/b><b>\u00a0<\/b><\/p>\n<p><a href=\"https:\/\/tajkertesz.com\/\">https:\/\/tajkertesz.com\/<\/a><\/p>\n<p><a href=\"https:\/\/www.facebook.com\/tajkertesz\/\">https:\/\/www.facebook.com\/tajkertesz\/<\/a><\/p>\n<p>Kisz\u00e1ll\u00edt\u00e1s: 200cm-ig \u00e9s 40 kg-ig a sz\u00e1ll\u00edt\u00e1s fut\u00e1rszolg\u00e1lattal t\u00f6rt\u00e9nik.<\/p>\n<p>Szem\u00e9lyes \u00e1tv\u00e9tel nyitvatart\u00e1si id\u0151ben a 17. ker\u00fclet Bakancsos utca 7. sz\u00e1m alatti Kert\u00e9szeti \u00e1rud\u00e1nkban.<\/p>\n<p>Kert\u00e9p\u00edt\u0151k \u00e9s viszontelad\u00f3k regisztr\u00e1l\u00e1s ut\u00e1n egyedi kedvezm\u00e9nnyel v\u00e1s\u00e1rolhatnak kert\u00e9szeti kis-\u00e9s nagykeresked\u00e9s\u00fcnkben.<\/p>\n<p><strong>Az \u00e1rak egy darab term\u00e9kre vonatkoznak.<\/strong><\/p>\n<p><strong>J\u00f3 tudni!<\/strong><\/p>\n<p>K\u00e9pek-elt\u00e9r\u00e9sek:<\/p>\n<p>A n\u00f6v\u00e9nyekr\u0151l felt\u00f6lt\u00f6tt k\u00e9pek illusztr\u00e1ci\u00f3k. N\u00f6v\u00e9nyekn\u00e9l el\u0151fordulhatnak minim\u00e1lis elt\u00e9r\u00e9sek a k\u00e9peken szerepl\u0151 n\u00f6v\u00e9nyek \u00e9s az \u00e1tvett n\u00f6v\u00e9nyek k\u00f6z\u00f6tt, mivel minden n\u00f6v\u00e9ny egyedi.<\/p>\n<h4>N\u00f6v\u00e9nyek sz\u00e1ll\u00edt\u00e1sa:<\/h4>\n<p>A megrendelt n\u00f6v\u00e9nyeket igyeksz\u00fcnk a lehet\u0151 legbiztons\u00e1gosabban egyes\u00e9vel csomagolni, azonban a sz\u00e1ll\u00edt\u00e1s sor\u00e1n m\u00e9g ennek ellen\u00e9re is\u00a0bek\u00f6vetkezhetnek apr\u00f3bb s\u00e9r\u00fcl\u00e9sek (lev\u00e9l- vagy vir\u00e1ghull\u00e1s).<br \/>\nN\u00f6v\u00e9ny rendel\u00e9s eset\u00e9n k\u00e9rj\u00fck a k\u00e9zbes\u00edt\u00e9st k\u00f6vet\u0151en a lehet\u0151 leghamarabb bonts\u00e1k ki a csomagot.<\/p>\n<p>Abban az esetben, ha a megrendelt n\u00f6v\u00e9ny\u00a0a sz\u00e1ll\u00edt\u00e1st k\u00f6vet\u0151en\u00a0nem megfelel\u0151 gondoz\u00e1sban r\u00e9szes\u00fcl \u00e9s ebb\u0151l kifoly\u00f3lag\u00a0k\u00e1rosodik,\u00a0elpusztul, felel\u0151ss\u00e9get sajnos nem tudunk v\u00e1llalni.<\/p>\n<p>V\u00e1s\u00e1rl\u00e1st\u00f3l val\u00f3 el\u00e1ll\u00e1s \u00e9l\u0151 n\u00f6v\u00e9ny v\u00e1s\u00e1rl\u00e1sa eset\u00e9n:<\/p>\n<p>Az \u00e1ltal\u00e1nos 14 napos el\u00e1ll\u00e1s lehet\u0151s\u00e9ge \u00e9l\u0151 n\u00f6v\u00e9nyekre nem vonatkozik. V\u00e1s\u00e1rl\u00e1st\u00f3l val\u00f3 el\u00e1ll\u00e1sra, visszak\u00fcld\u00e9sre nincs lehet\u0151s\u00e9g.\u00a0(17\/1999. (II. 5.) Korm. rendelet 5c pontja)<\/p>\n<p><strong>K\u00e9rj\u00fck fentiek figyelembev\u00e9tel\u00e9t n\u00f6v\u00e9ny rendel\u00e9se sor\u00e1n!<\/strong><\/p>","protected":false},"excerpt":{"rendered":"<p>Salvia nemorosa &#8216;Synchro White&#8217; &#8211; Ligeti zs\u00e1lya A Salvia nemorosa &#8216;Synchro White&#8217; egy rendk\u00edv\u00fcl eleg\u00e1ns \u00e9s d\u00edsz\u00edt\u0151 \u00e9rt\u00e9k\u0171 Salvia fajta, amely a feh\u00e9r vir\u00e1gair\u00f3l ismert. Salvia nemorosa &#8216;Synchro White&#8217; jellemz\u0151i: Vir\u00e1gok: Vir\u00e1gai tiszta feh\u00e9r sz\u00edn\u0171ek, \u00e9s s\u0171r\u0171 vir\u00e1gzatokban helyezkednek el a sz\u00e1rakon. Magass\u00e1g: A n\u00f6v\u00e9ny \u00e1ltal\u00e1ban 30\u201345 cm magasra n\u0151, \u00e9s hasonl\u00f3 sz\u00e9less\u00e9gre is k\u00e9pes [&hellip;]<\/p>\n","protected":false},"featured_media":22696,"template":"","meta":{"_et_pb_use_builder":"","_et_pb_old_content":"","_et_gb_content_width":""},"product_brand":[],"product_cat":[433],"product_tag":[5679,5677,5700],"class_list":{"0":"post-22668","1":"product","2":"type-product","3":"status-publish","4":"has-post-thumbnail","6":"product_cat-evelo-novenyek","7":"product_tag-ligeti-zsalya","8":"product_tag-salvia-nemorosa","9":"product_tag-salvia-nemorosa-synchro-white-ligeti-zsalya","11":"first","12":"instock","13":"shipping-taxable","14":"purchasable","15":"product-type-simple"},"yoast_head":"<!-- This site is optimized with the Yoast SEO plugin v27.5 - https:\/\/yoast.com\/product\/yoast-seo-wordpress\/ -->\n<title>Salvia nemorosa &#039;Synchro White&#039; - Ligeti zs\u00e1lya - T\u00e1jkert\u00e9sz<\/title>\n<meta name=\"description\" content=\"A Salvia nemorosa &#039;Synchro White&#039; egy rendk\u00edv\u00fcl eleg\u00e1ns \u00e9s d\u00edsz\u00edt\u0151 \u00e9rt\u00e9k\u0171 Salvia fajta, amely a feh\u00e9r vir\u00e1gair\u00f3l ismert. Napos helyet ig\u00e9nyel.\" \/>\n<meta name=\"robots\" content=\"index, follow, max-snippet:-1, max-image-preview:large, max-video-preview:-1\" \/>\n<link rel=\"canonical\" href=\"https:\/\/tajkertesz.com\/en_US\/product\/salvia-nemorosa-synchro-white-ligeti-zsalya\/\" \/>\n<meta property=\"og:locale\" content=\"en_US\" \/>\n<meta property=\"og:type\" content=\"article\" \/>\n<meta property=\"og:title\" content=\"Salvia nemorosa &#039;Synchro White&#039; - Ligeti zs\u00e1lya - T\u00e1jkert\u00e9sz\" \/>\n<meta property=\"og:description\" content=\"A Salvia nemorosa &#039;Synchro White&#039; egy rendk\u00edv\u00fcl eleg\u00e1ns \u00e9s d\u00edsz\u00edt\u0151 \u00e9rt\u00e9k\u0171 Salvia fajta, amely a feh\u00e9r vir\u00e1gair\u00f3l ismert. Napos helyet ig\u00e9nyel.\" \/>\n<meta property=\"og:url\" content=\"https:\/\/tajkertesz.com\/en_US\/product\/salvia-nemorosa-synchro-white-ligeti-zsalya\/\" \/>\n<meta property=\"og:site_name\" content=\"T\u00e1jkert\u00e9sz\" \/>\n<meta property=\"article:publisher\" content=\"https:\/\/www.facebook.com\/Tajkertesz\/\" \/>\n<meta property=\"article:modified_time\" content=\"2026-03-16T10:42:32+00:00\" \/>\n<meta property=\"og:image\" content=\"https:\/\/tajkertesz.com\/wp-content\/uploads\/2025\/03\/20250304_092030-scaled.jpg\" \/>\n\t<meta property=\"og:image:width\" content=\"1441\" \/>\n\t<meta property=\"og:image:height\" content=\"2560\" \/>\n\t<meta property=\"og:image:type\" content=\"image\/jpeg\" \/>\n<meta name=\"twitter:card\" content=\"summary_large_image\" \/>\n<meta name=\"twitter:label1\" content=\"Est. reading time\" \/>\n\t<meta name=\"twitter:data1\" content=\"3 minutes\" \/>\n<script type=\"application\/ld+json\" class=\"yoast-schema-graph\">{\"@context\":\"https:\\\/\\\/schema.org\",\"@graph\":[{\"@type\":\"WebPage\",\"@id\":\"https:\\\/\\\/tajkertesz.com\\\/termek\\\/salvia-nemorosa-synchro-white-ligeti-zsalya\\\/\",\"url\":\"https:\\\/\\\/tajkertesz.com\\\/termek\\\/salvia-nemorosa-synchro-white-ligeti-zsalya\\\/\",\"name\":\"Salvia nemorosa 'Synchro White' - Ligeti zs\u00e1lya - T\u00e1jkert\u00e9sz\",\"isPartOf\":{\"@id\":\"https:\\\/\\\/tajkertesz.com\\\/#website\"},\"primaryImageOfPage\":{\"@id\":\"https:\\\/\\\/tajkertesz.com\\\/termek\\\/salvia-nemorosa-synchro-white-ligeti-zsalya\\\/#primaryimage\"},\"image\":{\"@id\":\"https:\\\/\\\/tajkertesz.com\\\/termek\\\/salvia-nemorosa-synchro-white-ligeti-zsalya\\\/#primaryimage\"},\"thumbnailUrl\":\"https:\\\/\\\/tajkertesz.com\\\/wp-content\\\/uploads\\\/2025\\\/03\\\/20250304_092030-scaled.jpg\",\"datePublished\":\"2025-03-06T15:20:35+00:00\",\"dateModified\":\"2026-03-16T10:42:32+00:00\",\"description\":\"A Salvia nemorosa 'Synchro White' egy rendk\u00edv\u00fcl eleg\u00e1ns \u00e9s d\u00edsz\u00edt\u0151 \u00e9rt\u00e9k\u0171 Salvia fajta, amely a feh\u00e9r vir\u00e1gair\u00f3l ismert. Napos helyet ig\u00e9nyel.\",\"breadcrumb\":{\"@id\":\"https:\\\/\\\/tajkertesz.com\\\/termek\\\/salvia-nemorosa-synchro-white-ligeti-zsalya\\\/#breadcrumb\"},\"inLanguage\":\"en-US\",\"potentialAction\":[{\"@type\":\"ReadAction\",\"target\":[\"https:\\\/\\\/tajkertesz.com\\\/termek\\\/salvia-nemorosa-synchro-white-ligeti-zsalya\\\/\"]}]},{\"@type\":\"ImageObject\",\"inLanguage\":\"en-US\",\"@id\":\"https:\\\/\\\/tajkertesz.com\\\/termek\\\/salvia-nemorosa-synchro-white-ligeti-zsalya\\\/#primaryimage\",\"url\":\"https:\\\/\\\/tajkertesz.com\\\/wp-content\\\/uploads\\\/2025\\\/03\\\/20250304_092030-scaled.jpg\",\"contentUrl\":\"https:\\\/\\\/tajkertesz.com\\\/wp-content\\\/uploads\\\/2025\\\/03\\\/20250304_092030-scaled.jpg\",\"width\":1441,\"height\":2560,\"caption\":\"Salvia nemorosa 'Synchro White' - Ligeti zs\u00e1lya\"},{\"@type\":\"BreadcrumbList\",\"@id\":\"https:\\\/\\\/tajkertesz.com\\\/termek\\\/salvia-nemorosa-synchro-white-ligeti-zsalya\\\/#breadcrumb\",\"itemListElement\":[{\"@type\":\"ListItem\",\"position\":1,\"name\":\"Home\",\"item\":\"https:\\\/\\\/tajkertesz.com\\\/\"},{\"@type\":\"ListItem\",\"position\":2,\"name\":\"Kezd\u0151lap\",\"item\":\"https:\\\/\\\/tajkertesz.com\\\/\"},{\"@type\":\"ListItem\",\"position\":3,\"name\":\"Salvia nemorosa &#8216;Synchro White&#8217; &#8211; Ligeti zs\u00e1lya\"}]},{\"@type\":\"WebSite\",\"@id\":\"https:\\\/\\\/tajkertesz.com\\\/#website\",\"url\":\"https:\\\/\\\/tajkertesz.com\\\/\",\"name\":\"T\u00e1j-Kert\u00e9sz 84 Kft.\",\"description\":\"Kert\u00e9szeti kis- \u00e9s nagykeresked\u00e9s, D\u00edszn\u00f6v\u00e9ny web\u00e1ruh\u00e1z orsz\u00e1gos h\u00e1zhozsz\u00e1ll\u00edt\u00e1ssal!\",\"publisher\":{\"@id\":\"https:\\\/\\\/tajkertesz.com\\\/#organization\"},\"potentialAction\":[{\"@type\":\"SearchAction\",\"target\":{\"@type\":\"EntryPoint\",\"urlTemplate\":\"https:\\\/\\\/tajkertesz.com\\\/?s={search_term_string}\"},\"query-input\":{\"@type\":\"PropertyValueSpecification\",\"valueRequired\":true,\"valueName\":\"search_term_string\"}}],\"inLanguage\":\"en-US\"},{\"@type\":\"Organization\",\"@id\":\"https:\\\/\\\/tajkertesz.com\\\/#organization\",\"name\":\"T\u00e1j-Kert\u00e9sz 84 Kft.\",\"url\":\"https:\\\/\\\/tajkertesz.com\\\/\",\"logo\":{\"@type\":\"ImageObject\",\"inLanguage\":\"en-US\",\"@id\":\"https:\\\/\\\/tajkertesz.com\\\/#\\\/schema\\\/logo\\\/image\\\/\",\"url\":\"https:\\\/\\\/tajkertesz.com\\\/wp-content\\\/uploads\\\/2018\\\/02\\\/logo-2-e1518678052539.png\",\"contentUrl\":\"https:\\\/\\\/tajkertesz.com\\\/wp-content\\\/uploads\\\/2018\\\/02\\\/logo-2-e1518678052539.png\",\"width\":81,\"height\":140,\"caption\":\"T\u00e1j-Kert\u00e9sz 84 Kft.\"},\"image\":{\"@id\":\"https:\\\/\\\/tajkertesz.com\\\/#\\\/schema\\\/logo\\\/image\\\/\"},\"sameAs\":[\"https:\\\/\\\/www.facebook.com\\\/Tajkertesz\\\/\"]}]}<\/script>\n<!-- \/ Yoast SEO plugin. -->","yoast_head_json":{"title":"Salvia nemorosa 'Synchro White' - Ligeti zs\u00e1lya - T\u00e1jkert\u00e9sz","description":"A Salvia nemorosa 'Synchro White' egy rendk\u00edv\u00fcl eleg\u00e1ns \u00e9s d\u00edsz\u00edt\u0151 \u00e9rt\u00e9k\u0171 Salvia fajta, amely a feh\u00e9r vir\u00e1gair\u00f3l ismert. Napos helyet ig\u00e9nyel.","robots":{"index":"index","follow":"follow","max-snippet":"max-snippet:-1","max-image-preview":"max-image-preview:large","max-video-preview":"max-video-preview:-1"},"canonical":"https:\/\/tajkertesz.com\/en_US\/product\/salvia-nemorosa-synchro-white-ligeti-zsalya\/","og_locale":"en_US","og_type":"article","og_title":"Salvia nemorosa 'Synchro White' - Ligeti zs\u00e1lya - T\u00e1jkert\u00e9sz","og_description":"A Salvia nemorosa 'Synchro White' egy rendk\u00edv\u00fcl eleg\u00e1ns \u00e9s d\u00edsz\u00edt\u0151 \u00e9rt\u00e9k\u0171 Salvia fajta, amely a feh\u00e9r vir\u00e1gair\u00f3l ismert. Napos helyet ig\u00e9nyel.","og_url":"https:\/\/tajkertesz.com\/en_US\/product\/salvia-nemorosa-synchro-white-ligeti-zsalya\/","og_site_name":"T\u00e1jkert\u00e9sz","article_publisher":"https:\/\/www.facebook.com\/Tajkertesz\/","article_modified_time":"2026-03-16T10:42:32+00:00","og_image":[{"width":1441,"height":2560,"url":"https:\/\/tajkertesz.com\/wp-content\/uploads\/2025\/03\/20250304_092030-scaled.jpg","type":"image\/jpeg"}],"twitter_card":"summary_large_image","twitter_misc":{"Est. reading time":"3 minutes"},"schema":{"@context":"https:\/\/schema.org","@graph":[{"@type":"WebPage","@id":"https:\/\/tajkertesz.com\/termek\/salvia-nemorosa-synchro-white-ligeti-zsalya\/","url":"https:\/\/tajkertesz.com\/termek\/salvia-nemorosa-synchro-white-ligeti-zsalya\/","name":"Salvia nemorosa 'Synchro White' - Ligeti zs\u00e1lya - T\u00e1jkert\u00e9sz","isPartOf":{"@id":"https:\/\/tajkertesz.com\/#website"},"primaryImageOfPage":{"@id":"https:\/\/tajkertesz.com\/termek\/salvia-nemorosa-synchro-white-ligeti-zsalya\/#primaryimage"},"image":{"@id":"https:\/\/tajkertesz.com\/termek\/salvia-nemorosa-synchro-white-ligeti-zsalya\/#primaryimage"},"thumbnailUrl":"https:\/\/tajkertesz.com\/wp-content\/uploads\/2025\/03\/20250304_092030-scaled.jpg","datePublished":"2025-03-06T15:20:35+00:00","dateModified":"2026-03-16T10:42:32+00:00","description":"A Salvia nemorosa 'Synchro White' egy rendk\u00edv\u00fcl eleg\u00e1ns \u00e9s d\u00edsz\u00edt\u0151 \u00e9rt\u00e9k\u0171 Salvia fajta, amely a feh\u00e9r vir\u00e1gair\u00f3l ismert. Napos helyet ig\u00e9nyel.","breadcrumb":{"@id":"https:\/\/tajkertesz.com\/termek\/salvia-nemorosa-synchro-white-ligeti-zsalya\/#breadcrumb"},"inLanguage":"en-US","potentialAction":[{"@type":"ReadAction","target":["https:\/\/tajkertesz.com\/termek\/salvia-nemorosa-synchro-white-ligeti-zsalya\/"]}]},{"@type":"ImageObject","inLanguage":"en-US","@id":"https:\/\/tajkertesz.com\/termek\/salvia-nemorosa-synchro-white-ligeti-zsalya\/#primaryimage","url":"https:\/\/tajkertesz.com\/wp-content\/uploads\/2025\/03\/20250304_092030-scaled.jpg","contentUrl":"https:\/\/tajkertesz.com\/wp-content\/uploads\/2025\/03\/20250304_092030-scaled.jpg","width":1441,"height":2560,"caption":"Salvia nemorosa 'Synchro White' - Ligeti zs\u00e1lya"},{"@type":"BreadcrumbList","@id":"https:\/\/tajkertesz.com\/termek\/salvia-nemorosa-synchro-white-ligeti-zsalya\/#breadcrumb","itemListElement":[{"@type":"ListItem","position":1,"name":"Home","item":"https:\/\/tajkertesz.com\/"},{"@type":"ListItem","position":2,"name":"Kezd\u0151lap","item":"https:\/\/tajkertesz.com\/"},{"@type":"ListItem","position":3,"name":"Salvia nemorosa &#8216;Synchro White&#8217; &#8211; Ligeti zs\u00e1lya"}]},{"@type":"WebSite","@id":"https:\/\/tajkertesz.com\/#website","url":"https:\/\/tajkertesz.com\/","name":"T\u00e1j-Kert\u00e9sz 84 Kft.","description":"Kert\u00e9szeti kis- \u00e9s nagykeresked\u00e9s, D\u00edszn\u00f6v\u00e9ny web\u00e1ruh\u00e1z orsz\u00e1gos h\u00e1zhozsz\u00e1ll\u00edt\u00e1ssal!","publisher":{"@id":"https:\/\/tajkertesz.com\/#organization"},"potentialAction":[{"@type":"SearchAction","target":{"@type":"EntryPoint","urlTemplate":"https:\/\/tajkertesz.com\/?s={search_term_string}"},"query-input":{"@type":"PropertyValueSpecification","valueRequired":true,"valueName":"search_term_string"}}],"inLanguage":"en-US"},{"@type":"Organization","@id":"https:\/\/tajkertesz.com\/#organization","name":"T\u00e1j-Kert\u00e9sz 84 Kft.","url":"https:\/\/tajkertesz.com\/","logo":{"@type":"ImageObject","inLanguage":"en-US","@id":"https:\/\/tajkertesz.com\/#\/schema\/logo\/image\/","url":"https:\/\/tajkertesz.com\/wp-content\/uploads\/2018\/02\/logo-2-e1518678052539.png","contentUrl":"https:\/\/tajkertesz.com\/wp-content\/uploads\/2018\/02\/logo-2-e1518678052539.png","width":81,"height":140,"caption":"T\u00e1j-Kert\u00e9sz 84 Kft."},"image":{"@id":"https:\/\/tajkertesz.com\/#\/schema\/logo\/image\/"},"sameAs":["https:\/\/www.facebook.com\/Tajkertesz\/"]}]}},"_links":{"self":[{"href":"https:\/\/tajkertesz.com\/en_US\/wp-json\/wp\/v2\/product\/22668","targetHints":{"allow":["GET"]}}],"collection":[{"href":"https:\/\/tajkertesz.com\/en_US\/wp-json\/wp\/v2\/product"}],"about":[{"href":"https:\/\/tajkertesz.com\/en_US\/wp-json\/wp\/v2\/types\/product"}],"wp:featuredmedia":[{"embeddable":true,"href":"https:\/\/tajkertesz.com\/en_US\/wp-json\/wp\/v2\/media\/22696"}],"wp:attachment":[{"href":"https:\/\/tajkertesz.com\/en_US\/wp-json\/wp\/v2\/media?parent=22668"}],"wp:term":[{"taxonomy":"product_brand","embeddable":true,"href":"https:\/\/tajkertesz.com\/en_US\/wp-json\/wp\/v2\/product_brand?post=22668"},{"taxonomy":"product_cat","embeddable":true,"href":"https:\/\/tajkertesz.com\/en_US\/wp-json\/wp\/v2\/product_cat?post=22668"},{"taxonomy":"product_tag","embeddable":true,"href":"https:\/\/tajkertesz.com\/en_US\/wp-json\/wp\/v2\/product_tag?post=22668"}],"curies":[{"name":"wp","href":"https:\/\/api.w.org\/{rel}","templated":true}]}}