{"id":2267,"date":"2020-10-15T08:20:58","date_gmt":"2020-10-15T08:20:58","guid":{"rendered":"https:\/\/tajkertesz.com\/?post_type=product&#038;p=2267"},"modified":"2026-04-07T08:34:53","modified_gmt":"2026-04-07T08:34:53","slug":"rubus-heritage-folytontermo-malna","status":"publish","type":"product","link":"https:\/\/tajkertesz.com\/en_US\/product\/rubus-heritage-folytontermo-malna\/","title":{"rendered":"Rubus &#8216;Heritage&#8217; &#8211; Folytonterm\u0151 m\u00e1lna"},"content":{"rendered":"<h1>Rubus &#8216;Heritage&#8217; &#8211; Folytonterm\u0151 m\u00e1lna<\/h1>\n<p>A Rubus &#8216;Heritage&#8217; &#8211; Folytonterm\u0151 m\u00e1lna kiv\u00e1l\u00f3 min\u0151s\u00e9get ad\u00f3, igen kellemes \u00edz\u0171 fajta.<\/p>\n<p>Genev\u00e1ban a New York \u00c1llami Mez\u0151gazdas\u00e1gi K\u00eds\u00e9rleti \u00c1llom\u00e1son (New York State Agricultural Experiment Station) Dr. George Slate \u00e9s Dr. Daniel Ourecky nemes\u00edtette 1969-ben a (&#8216;Milton&#8217; x &#8216;Cuthbert&#8217;) x &#8216;Durham&#8217; fajt\u00e1k keresztez\u00e9s\u00e9vel.<\/p>\n<h2>A Rubus &#8216;Heritage&#8217; jellemz\u0151i<\/h2>\n<p>\u00c9r\u00e9si ideje: J\u00fanius k\u00f6zep\u00e9t\u0151l \u00e9rik, m\u00e1sodterm\u00e9se augusztus k\u00f6zep\u00e9t\u0151l eg\u00e9szen a fagyokig szedhet\u0151.<\/p>\n<p>Gy\u00fcm\u00f6lcse k\u00f6zepes m\u00e9ret\u0171,f\u00e9nyes, \u00e9l\u00e9nkpiros, enyh\u00e9n k\u00fap alak\u00fa. H\u00fasa kem\u00e9ny, l\u00e9d\u00fas,\u00e9des, kellemes m\u00e1lna \u00edz\u0171.<\/p>\n<p>Friss fogyaszt\u00e1sra, konyhai feldolgoz\u00e1sra \u00e9s fagyaszt\u00e1sra is alkalmas.<\/p>\n<p>A Heritage m\u00e1lna er\u0151teljes n\u00f6veked\u00e9s\u0171, kb 2 m magas, er\u0151s, felfel\u00e9 t\u00f6r\u0151 hajt\u00e1sai \u00e1tlagosan t\u00fcsk\u00e9sek. F\u00f6ld alatt tarackol\u00f3,k\u00f6r\u00fclbel\u00fcl 2 m\u00e9ter hossz\u00fa vessz\u0151ket nevel. Sarjk\u00e9pz\u00e9se j\u00f3. Levele p\u00e1ratlan sz\u00e1rny\u00fa, s\u00f6t\u00e9tz\u00f6ld, 3-5 tag\u00fa, r\u00e1ncos, fel\u00fcl sima, alul gyapjas, sz\u00e9le f\u0171r\u00e9szfogas. Nevel\u00e9s\u00e9hez t\u00e1mrendszer sz\u00fcks\u00e9ges. \u00a0M\u00e1just\u00f3l augusztusig vir\u00e1gzik. Vir\u00e1gai feh\u00e9rek, laza f\u00fcrtben vagy bug\u00e1ban \u00e1llnak.<b><\/b><\/p>\n<h3>A &#8216;Heritage&#8217; folytonterm\u0151 m\u00e1lna gondoz\u00e1sa<\/h3>\n<p>A m\u00e1lna \u00fcltet\u00e9s\u00e9re az \u0151sz a legalkalmasabb id\u0151pont, szeptembert\u0151l a tart\u00f3s fagyok be\u00e1llt\u00e1ig.\u00a0Tavasszal is \u00fcltethet\u00fcnk, amikor a talaj m\u00e1r \u00e1tmelegedett<\/p>\n<p>V\u00edzig\u00e9nye magas ez\u00e9rt\u00a0 rendszeres \u00f6nt\u00f6z\u00e9st ig\u00e9nyel, viszont a pang\u00f3 vizet nem viseli el, ez\u00e9rt t\u00f6rekedj\u00fcnk r\u00e1, hogy a talaj j\u00f3 vizelvezet\u00e9s\u0171 legyen.<\/p>\n<p>Az enyh\u00e9n savas, humuszban gazdag talajban fejl\u0151dik a legszebben.<\/p>\n<p>A t\u0171z\u0151 napot nem viseli j\u00f3l, ez\u00e9rt keress\u00fcnk\u00a0 neki egy f\u00e9l\u00e1rny\u00e9kos, sz\u00e9lv\u00e9dett\u00a0 helyet. A m\u00e1ln\u00e1k eset\u00e9ben a metsz\u00e9s nagyon fontos. Lehet id\u0151z\u00edteni t\u00e9lre, amikor egy ritk\u00edt\u00f3 metsz\u00e9st v\u00e9gz\u00fcnk, amely sor\u00e1n a letermett hajt\u00e1sokat t\u00f6vig visszav\u00e1gjuk. Alkalmazhatjuk a ny\u00e1ri metsz\u00e9st, amikor a letermett k\u00e9t\u00e9ves vessz\u0151ket, betakar\u00edt\u00e1s ut\u00e1n t\u00f6vig visszav\u00e1gjuk.<\/p>\n<p>Viszonylag ellen\u00e1ll\u00f3 a betegs\u00e9gekkel \u00e9s k\u00e1rtev\u0151kkel szemben, de id\u0151nk\u00e9nt el\u0151fordulhatnak lev\u00e9ltetvek, m\u00e1lnarozsda vagy gy\u00f6k\u00e9rrothad\u00e1s. A megfelel\u0151 gondoz\u00e1s \u00e9s a n\u00f6v\u00e9nyek k\u00f6z\u00f6tti megfelel\u0151 t\u00e1vols\u00e1g betart\u00e1sa seg\u00edthet minimaliz\u00e1lni ezeket a probl\u00e9m\u00e1kat.<\/p>\n<p>Jelen term\u00e9k\u00fcnk 2 literes kont\u00e9nerben kaphat\u00f3 \u00e9s 70\/80 cm magas.<\/p>\n<p style=\"line-height: 18.0pt; background: white; margin: 0cm 0cm 15.0pt 0cm;\">\n<div class=\"woocommerce-tabs wc-tabs-wrapper\">\n<div id=\"tab-description\" class=\"woocommerce-Tabs-panel woocommerce-Tabs-panel--description panel entry-content wc-tab\" role=\"tabpanel\" aria-labelledby=\"tab-title-description\">\n<p><strong>K\u00e9szlet\u00fcnk napi szinten v\u00e1ltozik, ez\u00e9rt k\u00e9rj\u00fck, \u00e9rdekl\u0151dj\u00f6n szem\u00e9lyesen, telefonon vagy email-en.<br \/>\nA v\u00e1ltoztat\u00e1s jog\u00e1t fenntartjuk!\u00a0<\/strong><\/p>\n<p>&nbsp;<\/p>\n<p><a href=\"https:\/\/tajkertesz.com\/\">https:\/\/tajkertesz.com\/<\/a><\/p>\n<p><a href=\"https:\/\/www.facebook.com\/tajkertesz\/\">https:\/\/www.facebook.com\/tajkertesz\/<\/a><\/p>\n<p>Kisz\u00e1ll\u00edt\u00e1s: 200cm-ig \u00a0\u00e9s 40 kg-ig a sz\u00e1ll\u00edt\u00e1s fut\u00e1rszolg\u00e1lattal \u00a0t\u00f6rt\u00e9nik.<\/p>\n<p>Szem\u00e9lyes \u00e1tv\u00e9tel nyitvatart\u00e1si id\u0151ben a 17. ker\u00fclet Bakancsos utca 7. sz\u00e1m alatti Kert\u00e9szeti \u00e1rud\u00e1nkban.<\/p>\n<\/div>\n<\/div>\n<h6><\/h6>","protected":false},"excerpt":{"rendered":"<p>A Rubus &#8216;Heritage&#8217; , Korai \u00e9r\u00e9s\u0171, folytonterm\u0151 m\u00e1lna, mely kiv\u00e1l\u00f3 min\u0151s\u00e9get ad\u00f3, igen kellemes \u00edz\u0171 fajta.<\/p>\n<p>&nbsp;<\/p>\n<p>Magyarorsz\u00e1gon \u0151shonos, f\u00f6ldalatti tarackokat hajt\u00f3, kb. 2 m magas f\u00e9lcserje.<\/p>\n<p>Levelei 3-5, ritk\u00e1n 7 tag\u00faak, fel\u00fcl sim\u00e1k, alul gyapjasak, sz\u00e9l\u00fck f\u0171r\u00e9szfogas. M\u00e1just\u00f3l augusztusig vir\u00e1gzik. A vir\u00e1gok feh\u00e9rek, laza f\u00fcrt\u00f6kben vagy bug\u00e1ban \u00e1llnak.<\/p>\n<p>V\u00f6r\u00f6s, csonth\u00e9jas bogy\u00f3kb\u00f3l \u00e1ll\u00f3 term\u00e9scsoportja 30-40 nap alatt fejl\u0151dik ki \u00e9s \u00e9rik be, a szederrel ellent\u00e9tben lev\u00e1lik a vack\u00e1r\u00f3l.<\/p>\n<p>Magas v\u00edzig\u00e9ny\u0171, \u00f6nt\u00f6z\u00e9st ig\u00e9nyel. A gyeng\u00e9n savas, t\u00e1panyagban gazdag talajt kedveli. Sarjadz\u00e1ssal szaporodik.<\/p>","protected":false},"featured_media":2293,"template":"","meta":{"_et_pb_use_builder":"","_et_pb_old_content":"","_et_gb_content_width":""},"product_brand":[],"product_cat":[5384],"product_tag":[729,732,731,726,730,723],"class_list":{"0":"post-2267","1":"product","2":"type-product","3":"status-publish","4":"has-post-thumbnail","6":"product_cat-malna","7":"product_tag-folytontermo","8":"product_tag-folytontermo-malna","9":"product_tag-idaeus","10":"product_tag-malna","11":"product_tag-rubus","12":"product_tag-rubus-idaeus","14":"first","15":"instock","16":"shipping-taxable","17":"purchasable","18":"product-type-simple"},"yoast_head":"<!-- This site is optimized with the Yoast SEO plugin v27.3 - https:\/\/yoast.com\/product\/yoast-seo-wordpress\/ -->\n<title>Rubus &#039;Heritage&#039; - Folytonterm\u0151 m\u00e1lna - T\u00e1jkert\u00e9sz<\/title>\n<meta name=\"description\" content=\"A Rubus &#039;Heritage&#039; , Korai \u00e9r\u00e9s\u0171, folytonterm\u0151 m\u00e1lna , mely kiv\u00e1l\u00f3 min\u0151s\u00e9get ad\u00f3, igen kellemes \u00edz\u0171 fajta. A vir\u00e1gok feh\u00e9rek, laza f\u00fcrt\u00f6kben \u00e1llnak.\" \/>\n<meta name=\"robots\" content=\"index, follow, max-snippet:-1, max-image-preview:large, max-video-preview:-1\" \/>\n<link rel=\"canonical\" href=\"https:\/\/tajkertesz.com\/en_US\/product\/rubus-heritage-folytontermo-malna\/\" \/>\n<meta property=\"og:locale\" content=\"en_US\" \/>\n<meta property=\"og:type\" content=\"article\" \/>\n<meta property=\"og:title\" content=\"Rubus &#039;Heritage&#039; - Folytonterm\u0151 m\u00e1lna - T\u00e1jkert\u00e9sz\" \/>\n<meta property=\"og:description\" content=\"A Rubus &#039;Heritage&#039; , Korai \u00e9r\u00e9s\u0171, folytonterm\u0151 m\u00e1lna , mely kiv\u00e1l\u00f3 min\u0151s\u00e9get ad\u00f3, igen kellemes \u00edz\u0171 fajta. A vir\u00e1gok feh\u00e9rek, laza f\u00fcrt\u00f6kben \u00e1llnak.\" \/>\n<meta property=\"og:url\" content=\"https:\/\/tajkertesz.com\/en_US\/product\/rubus-heritage-folytontermo-malna\/\" \/>\n<meta property=\"og:site_name\" content=\"T\u00e1jkert\u00e9sz\" \/>\n<meta property=\"article:publisher\" content=\"https:\/\/www.facebook.com\/Tajkertesz\/\" \/>\n<meta property=\"article:modified_time\" content=\"2026-04-07T08:34:53+00:00\" \/>\n<meta property=\"og:image\" content=\"https:\/\/tajkertesz.com\/wp-content\/uploads\/2020\/10\/rubus-heritage.jpg\" \/>\n\t<meta property=\"og:image:width\" content=\"455\" \/>\n\t<meta property=\"og:image:height\" content=\"522\" \/>\n\t<meta property=\"og:image:type\" content=\"image\/jpeg\" \/>\n<meta name=\"twitter:card\" content=\"summary_large_image\" \/>\n<meta name=\"twitter:label1\" content=\"Est. reading time\" \/>\n\t<meta name=\"twitter:data1\" content=\"2 minutes\" \/>\n<script type=\"application\/ld+json\" class=\"yoast-schema-graph\">{\"@context\":\"https:\\\/\\\/schema.org\",\"@graph\":[{\"@type\":\"WebPage\",\"@id\":\"https:\\\/\\\/tajkertesz.com\\\/termek\\\/rubus-heritage-folytontermo-malna\\\/\",\"url\":\"https:\\\/\\\/tajkertesz.com\\\/termek\\\/rubus-heritage-folytontermo-malna\\\/\",\"name\":\"Rubus 'Heritage' - Folytonterm\u0151 m\u00e1lna - T\u00e1jkert\u00e9sz\",\"isPartOf\":{\"@id\":\"https:\\\/\\\/tajkertesz.com\\\/#website\"},\"primaryImageOfPage\":{\"@id\":\"https:\\\/\\\/tajkertesz.com\\\/termek\\\/rubus-heritage-folytontermo-malna\\\/#primaryimage\"},\"image\":{\"@id\":\"https:\\\/\\\/tajkertesz.com\\\/termek\\\/rubus-heritage-folytontermo-malna\\\/#primaryimage\"},\"thumbnailUrl\":\"https:\\\/\\\/tajkertesz.com\\\/wp-content\\\/uploads\\\/2020\\\/10\\\/rubus-heritage.jpg\",\"datePublished\":\"2020-10-15T08:20:58+00:00\",\"dateModified\":\"2026-04-07T08:34:53+00:00\",\"description\":\"A Rubus 'Heritage' , Korai \u00e9r\u00e9s\u0171, folytonterm\u0151 m\u00e1lna , mely kiv\u00e1l\u00f3 min\u0151s\u00e9get ad\u00f3, igen kellemes \u00edz\u0171 fajta. A vir\u00e1gok feh\u00e9rek, laza f\u00fcrt\u00f6kben \u00e1llnak.\",\"breadcrumb\":{\"@id\":\"https:\\\/\\\/tajkertesz.com\\\/termek\\\/rubus-heritage-folytontermo-malna\\\/#breadcrumb\"},\"inLanguage\":\"en-US\",\"potentialAction\":[{\"@type\":\"ReadAction\",\"target\":[\"https:\\\/\\\/tajkertesz.com\\\/termek\\\/rubus-heritage-folytontermo-malna\\\/\"]}]},{\"@type\":\"ImageObject\",\"inLanguage\":\"en-US\",\"@id\":\"https:\\\/\\\/tajkertesz.com\\\/termek\\\/rubus-heritage-folytontermo-malna\\\/#primaryimage\",\"url\":\"https:\\\/\\\/tajkertesz.com\\\/wp-content\\\/uploads\\\/2020\\\/10\\\/rubus-heritage.jpg\",\"contentUrl\":\"https:\\\/\\\/tajkertesz.com\\\/wp-content\\\/uploads\\\/2020\\\/10\\\/rubus-heritage.jpg\",\"width\":455,\"height\":522,\"caption\":\"Rubus 'Heritage' - Folytonterm\u0151 m\u00e1lna\"},{\"@type\":\"BreadcrumbList\",\"@id\":\"https:\\\/\\\/tajkertesz.com\\\/termek\\\/rubus-heritage-folytontermo-malna\\\/#breadcrumb\",\"itemListElement\":[{\"@type\":\"ListItem\",\"position\":1,\"name\":\"Home\",\"item\":\"https:\\\/\\\/tajkertesz.com\\\/\"},{\"@type\":\"ListItem\",\"position\":2,\"name\":\"Kezd\u0151lap\",\"item\":\"https:\\\/\\\/tajkertesz.com\\\/\"},{\"@type\":\"ListItem\",\"position\":3,\"name\":\"Rubus &#8216;Heritage&#8217; &#8211; Folytonterm\u0151 m\u00e1lna\"}]},{\"@type\":\"WebSite\",\"@id\":\"https:\\\/\\\/tajkertesz.com\\\/#website\",\"url\":\"https:\\\/\\\/tajkertesz.com\\\/\",\"name\":\"T\u00e1j-Kert\u00e9sz 84 Kft.\",\"description\":\"Kert\u00e9szeti kis- \u00e9s nagykeresked\u00e9s, D\u00edszn\u00f6v\u00e9ny web\u00e1ruh\u00e1z orsz\u00e1gos h\u00e1zhozsz\u00e1ll\u00edt\u00e1ssal!\",\"publisher\":{\"@id\":\"https:\\\/\\\/tajkertesz.com\\\/#organization\"},\"potentialAction\":[{\"@type\":\"SearchAction\",\"target\":{\"@type\":\"EntryPoint\",\"urlTemplate\":\"https:\\\/\\\/tajkertesz.com\\\/?s={search_term_string}\"},\"query-input\":{\"@type\":\"PropertyValueSpecification\",\"valueRequired\":true,\"valueName\":\"search_term_string\"}}],\"inLanguage\":\"en-US\"},{\"@type\":\"Organization\",\"@id\":\"https:\\\/\\\/tajkertesz.com\\\/#organization\",\"name\":\"T\u00e1j-Kert\u00e9sz 84 Kft.\",\"url\":\"https:\\\/\\\/tajkertesz.com\\\/\",\"logo\":{\"@type\":\"ImageObject\",\"inLanguage\":\"en-US\",\"@id\":\"https:\\\/\\\/tajkertesz.com\\\/#\\\/schema\\\/logo\\\/image\\\/\",\"url\":\"https:\\\/\\\/tajkertesz.com\\\/wp-content\\\/uploads\\\/2018\\\/02\\\/logo-2-e1518678052539.png\",\"contentUrl\":\"https:\\\/\\\/tajkertesz.com\\\/wp-content\\\/uploads\\\/2018\\\/02\\\/logo-2-e1518678052539.png\",\"width\":81,\"height\":140,\"caption\":\"T\u00e1j-Kert\u00e9sz 84 Kft.\"},\"image\":{\"@id\":\"https:\\\/\\\/tajkertesz.com\\\/#\\\/schema\\\/logo\\\/image\\\/\"},\"sameAs\":[\"https:\\\/\\\/www.facebook.com\\\/Tajkertesz\\\/\"]}]}<\/script>\n<!-- \/ Yoast SEO plugin. -->","yoast_head_json":{"title":"Rubus 'Heritage' - Folytonterm\u0151 m\u00e1lna - T\u00e1jkert\u00e9sz","description":"A Rubus 'Heritage' , Korai \u00e9r\u00e9s\u0171, folytonterm\u0151 m\u00e1lna , mely kiv\u00e1l\u00f3 min\u0151s\u00e9get ad\u00f3, igen kellemes \u00edz\u0171 fajta. A vir\u00e1gok feh\u00e9rek, laza f\u00fcrt\u00f6kben \u00e1llnak.","robots":{"index":"index","follow":"follow","max-snippet":"max-snippet:-1","max-image-preview":"max-image-preview:large","max-video-preview":"max-video-preview:-1"},"canonical":"https:\/\/tajkertesz.com\/en_US\/product\/rubus-heritage-folytontermo-malna\/","og_locale":"en_US","og_type":"article","og_title":"Rubus 'Heritage' - Folytonterm\u0151 m\u00e1lna - T\u00e1jkert\u00e9sz","og_description":"A Rubus 'Heritage' , Korai \u00e9r\u00e9s\u0171, folytonterm\u0151 m\u00e1lna , mely kiv\u00e1l\u00f3 min\u0151s\u00e9get ad\u00f3, igen kellemes \u00edz\u0171 fajta. A vir\u00e1gok feh\u00e9rek, laza f\u00fcrt\u00f6kben \u00e1llnak.","og_url":"https:\/\/tajkertesz.com\/en_US\/product\/rubus-heritage-folytontermo-malna\/","og_site_name":"T\u00e1jkert\u00e9sz","article_publisher":"https:\/\/www.facebook.com\/Tajkertesz\/","article_modified_time":"2026-04-07T08:34:53+00:00","og_image":[{"width":455,"height":522,"url":"https:\/\/tajkertesz.com\/wp-content\/uploads\/2020\/10\/rubus-heritage.jpg","type":"image\/jpeg"}],"twitter_card":"summary_large_image","twitter_misc":{"Est. reading time":"2 minutes"},"schema":{"@context":"https:\/\/schema.org","@graph":[{"@type":"WebPage","@id":"https:\/\/tajkertesz.com\/termek\/rubus-heritage-folytontermo-malna\/","url":"https:\/\/tajkertesz.com\/termek\/rubus-heritage-folytontermo-malna\/","name":"Rubus 'Heritage' - Folytonterm\u0151 m\u00e1lna - T\u00e1jkert\u00e9sz","isPartOf":{"@id":"https:\/\/tajkertesz.com\/#website"},"primaryImageOfPage":{"@id":"https:\/\/tajkertesz.com\/termek\/rubus-heritage-folytontermo-malna\/#primaryimage"},"image":{"@id":"https:\/\/tajkertesz.com\/termek\/rubus-heritage-folytontermo-malna\/#primaryimage"},"thumbnailUrl":"https:\/\/tajkertesz.com\/wp-content\/uploads\/2020\/10\/rubus-heritage.jpg","datePublished":"2020-10-15T08:20:58+00:00","dateModified":"2026-04-07T08:34:53+00:00","description":"A Rubus 'Heritage' , Korai \u00e9r\u00e9s\u0171, folytonterm\u0151 m\u00e1lna , mely kiv\u00e1l\u00f3 min\u0151s\u00e9get ad\u00f3, igen kellemes \u00edz\u0171 fajta. A vir\u00e1gok feh\u00e9rek, laza f\u00fcrt\u00f6kben \u00e1llnak.","breadcrumb":{"@id":"https:\/\/tajkertesz.com\/termek\/rubus-heritage-folytontermo-malna\/#breadcrumb"},"inLanguage":"en-US","potentialAction":[{"@type":"ReadAction","target":["https:\/\/tajkertesz.com\/termek\/rubus-heritage-folytontermo-malna\/"]}]},{"@type":"ImageObject","inLanguage":"en-US","@id":"https:\/\/tajkertesz.com\/termek\/rubus-heritage-folytontermo-malna\/#primaryimage","url":"https:\/\/tajkertesz.com\/wp-content\/uploads\/2020\/10\/rubus-heritage.jpg","contentUrl":"https:\/\/tajkertesz.com\/wp-content\/uploads\/2020\/10\/rubus-heritage.jpg","width":455,"height":522,"caption":"Rubus 'Heritage' - Folytonterm\u0151 m\u00e1lna"},{"@type":"BreadcrumbList","@id":"https:\/\/tajkertesz.com\/termek\/rubus-heritage-folytontermo-malna\/#breadcrumb","itemListElement":[{"@type":"ListItem","position":1,"name":"Home","item":"https:\/\/tajkertesz.com\/"},{"@type":"ListItem","position":2,"name":"Kezd\u0151lap","item":"https:\/\/tajkertesz.com\/"},{"@type":"ListItem","position":3,"name":"Rubus &#8216;Heritage&#8217; &#8211; Folytonterm\u0151 m\u00e1lna"}]},{"@type":"WebSite","@id":"https:\/\/tajkertesz.com\/#website","url":"https:\/\/tajkertesz.com\/","name":"T\u00e1j-Kert\u00e9sz 84 Kft.","description":"Kert\u00e9szeti kis- \u00e9s nagykeresked\u00e9s, D\u00edszn\u00f6v\u00e9ny web\u00e1ruh\u00e1z orsz\u00e1gos h\u00e1zhozsz\u00e1ll\u00edt\u00e1ssal!","publisher":{"@id":"https:\/\/tajkertesz.com\/#organization"},"potentialAction":[{"@type":"SearchAction","target":{"@type":"EntryPoint","urlTemplate":"https:\/\/tajkertesz.com\/?s={search_term_string}"},"query-input":{"@type":"PropertyValueSpecification","valueRequired":true,"valueName":"search_term_string"}}],"inLanguage":"en-US"},{"@type":"Organization","@id":"https:\/\/tajkertesz.com\/#organization","name":"T\u00e1j-Kert\u00e9sz 84 Kft.","url":"https:\/\/tajkertesz.com\/","logo":{"@type":"ImageObject","inLanguage":"en-US","@id":"https:\/\/tajkertesz.com\/#\/schema\/logo\/image\/","url":"https:\/\/tajkertesz.com\/wp-content\/uploads\/2018\/02\/logo-2-e1518678052539.png","contentUrl":"https:\/\/tajkertesz.com\/wp-content\/uploads\/2018\/02\/logo-2-e1518678052539.png","width":81,"height":140,"caption":"T\u00e1j-Kert\u00e9sz 84 Kft."},"image":{"@id":"https:\/\/tajkertesz.com\/#\/schema\/logo\/image\/"},"sameAs":["https:\/\/www.facebook.com\/Tajkertesz\/"]}]}},"_links":{"self":[{"href":"https:\/\/tajkertesz.com\/en_US\/wp-json\/wp\/v2\/product\/2267","targetHints":{"allow":["GET"]}}],"collection":[{"href":"https:\/\/tajkertesz.com\/en_US\/wp-json\/wp\/v2\/product"}],"about":[{"href":"https:\/\/tajkertesz.com\/en_US\/wp-json\/wp\/v2\/types\/product"}],"wp:featuredmedia":[{"embeddable":true,"href":"https:\/\/tajkertesz.com\/en_US\/wp-json\/wp\/v2\/media\/2293"}],"wp:attachment":[{"href":"https:\/\/tajkertesz.com\/en_US\/wp-json\/wp\/v2\/media?parent=2267"}],"wp:term":[{"taxonomy":"product_brand","embeddable":true,"href":"https:\/\/tajkertesz.com\/en_US\/wp-json\/wp\/v2\/product_brand?post=2267"},{"taxonomy":"product_cat","embeddable":true,"href":"https:\/\/tajkertesz.com\/en_US\/wp-json\/wp\/v2\/product_cat?post=2267"},{"taxonomy":"product_tag","embeddable":true,"href":"https:\/\/tajkertesz.com\/en_US\/wp-json\/wp\/v2\/product_tag?post=2267"}],"curies":[{"name":"wp","href":"https:\/\/api.w.org\/{rel}","templated":true}]}}