{"id":22701,"date":"2025-03-06T15:23:24","date_gmt":"2025-03-06T15:23:24","guid":{"rendered":"https:\/\/tajkertesz.com\/?post_type=product&#038;p=22701"},"modified":"2026-02-22T10:30:38","modified_gmt":"2026-02-22T10:30:38","slug":"eriobotrya-japonica-japan-naspolya-2","status":"publish","type":"product","link":"https:\/\/tajkertesz.com\/en_US\/product\/eriobotrya-japonica-japan-naspolya-2\/","title":{"rendered":"Eriobotrya japonica &#8211; Jap\u00e1n naspolya"},"content":{"rendered":"<h1>Eriobotrya japonica &#8211; Jap\u00e1n naspolya<\/h1>\n<p>Az Eriobotrya japonica &#8211; Jap\u00e1n naspolya el\u0151fordul\u00e1si ter\u00fclete nem ismert pontosan, azonban nagy val\u00f3sz\u00edn\u0171s\u00e9ggel K\u00edna lehetett. K\u00edna dombos vid\u00e9k\u00e9t\u0151l eg\u00e9szen eme orsz\u00e1g d\u00e9li fel\u00e9nek k\u00f6z\u00e9ps\u0151 r\u00e9sz\u00e9ig \u00e9lhetett term\u00e9szetes \u00e1llapotban. Ezt a gy\u00fcm\u00f6lcsf\u00e1t m\u00e1r 1000 \u00e9v \u00f3ta termesztik Jap\u00e1nban &#8211; val\u00f3sz\u00edn\u0171leg emiatt jap\u00e1n naspolya a n\u00f6v\u00e9ny neve. A k\u00f6znapi nev\u00e9ben a \u201enaspolya\u201d megnevez\u00e9s a naspolya (Mespilus) nemzets\u00e9gb\u0151l ered, ahov\u00e1 kor\u00e1bban be volt sorolva. Manaps\u00e1g az eg\u00e9sz vil\u00e1gon termesztik gy\u00fcm\u00f6lcs- \u00e9s d\u00edszfak\u00e9nt.<\/p>\n<h2>Eriobotrya japonica &#8211; Jap\u00e1n naspolya jellemz\u0151i:<\/h2>\n<p>A fa magass\u00e1ga 5-10 m\u00e9ter is lehet, azonban \u00e1ltal\u00e1ban, csak 3-4 m\u00e9ter. Levelei v\u00e1ltakozva \u00fclnek, egyszer\u0171ek, 10-25 centim\u00e9ter hossz\u00faak, s\u00f6t\u00e9tz\u00f6ld sz\u00edn\u0171ek, kem\u00e9nyek \u00e9s b\u0151rszer\u0171 tapint\u00e1s\u00faak.<\/p>\n<p>A levelek sz\u00e9le f\u0171r\u00e9szes \u00e9s s\u0171r\u0171n sz\u0151r\u00f6s. Vastag s\u00e1rg\u00e1sbarna kiemelked\u00e9sek l\u00e1that\u00f3k rajtuk. A fiatal levelek fels\u0151 fel\u00e9n, m\u00e9g s\u0171r\u0171bbek ezek a kiemelked\u00e9sek, azonban a kor haladt\u00e1val a kiemelked\u00e9sek megritkulnak.<\/p>\n<p>A vir\u00e1gai kicsik, csak 2 centim\u00e9ter \u00e1tm\u00e9r\u0151j\u0171ek \u00e9s 5 szirm\u00faak. A szirmok feh\u00e9rek. A vir\u00e1gok h\u00e1rmas\u00e1val, t\u00edzes\u00e9vel bugavir\u00e1gzatokat alkotnak. A gy\u00fcm\u00f6lcs ennek megfelel\u0151en f\u00fcrt\u00f6kben terem; ov\u00e1lisabb k\u00f6rt\u00e9re eml\u00e9keztet. A 3-5 centim\u00e9teres gy\u00fcm\u00f6lcs k\u00edv\u00fcl sima tapint\u00e1s\u00fa \u00e9s s\u00e1rga vagy narancss\u00e1rga, n\u00e9ha v\u00f6r\u00f6ses sz\u00edn\u0171. Bel\u00fcl feh\u00e9r; az \u00edze \u00e9des, termesztett v\u00e1ltozatt\u00f3l f\u00fcgg\u0151en t\u00f6bb\u00e9-kev\u00e9sb\u00e9 savas. A gy\u00fcm\u00f6lcsben \u00e1ltal\u00e1ban 3-5 mag \u00fcl, de n\u00e9ha 1 vagy ak\u00e1r 10 is lehet.<\/p>\n<p>A vir\u00e1gz\u00e1si ideje \u0151sszel \u00e9s kora t\u00e9len van; a gy\u00fcm\u00f6lcs\u00f6k kora tavaszt\u00f3l eg\u00e9szen kora ny\u00e1rig \u00e9rnek meg.<\/p>\n<h4><strong>\ud83d\udd04 K\u00e9szletinform\u00e1ci\u00f3<\/strong><\/h4>\n<p><strong>K\u00e9szlet\u00fcnk napi szinten v\u00e1ltozik, \u00edgy a webshopban szerepl<\/strong><strong>\u0151<\/strong><strong>\u00a0term\u00e9kek el\u00e9rhet<\/strong><strong>\u0151<\/strong><strong>s\u00e9ge nem garant\u00e1lt.<br \/>\n\ud83d\udcde A megrendel\u00e9s el<\/strong><strong>\u0151<\/strong><strong>tt k\u00e9rj\u00fck, \u00e9rdekl<\/strong><strong>\u0151<\/strong><strong>dj\u00f6n szem\u00e9lyesen, telefonon vagy e-mailben!<\/strong><\/p>\n<h4><strong>\u27a1\ufe0f Kapcsolat:<\/strong><\/h4>\n<ul>\n<li><strong>Weboldal:\u00a0<\/strong><a href=\"https:\/\/tajkertesz.com\/\"><strong>tajkertesz.com<\/strong><\/a><\/li>\n<li><strong>Facebook:\u00a0<\/strong><a href=\"https:\/\/www.facebook.com\/tajkertesz\/\"><strong>facebook.com\/tajkertesz<\/strong><\/a><\/li>\n<li><strong>Telefonsz\u00e1m, e-mail: +36\/20-319-3770\u00a0<\/strong><a href=\"mailto:tajkerteszaruda@gmail.com\"><strong>tajkerteszaruda@gmail.com<\/strong><\/a><\/li>\n<\/ul>\n<h4><strong>\ud83d\ude9a Sz\u00e1ll\u00edt\u00e1si inform\u00e1ci\u00f3k<\/strong><\/h4>\n<p><strong>A megrendelt n\u00f6v\u00e9nyek kisz\u00e1ll\u00edt\u00e1sa az al\u00e1bbi felt\u00e9telek mellett t\u00f6rt\u00e9nik:<\/strong><\/p>\n<h4><strong>\ud83d\udce6 Fut\u00e1rszolg\u00e1latos sz\u00e1ll\u00edt\u00e1s<\/strong><\/h4>\n<ul>\n<li><strong>Maxim\u00e1lis m\u00e9ret: 200 cm (hossz\u00fas\u00e1g)<\/strong><\/li>\n<li><strong>Maxim\u00e1lis s\u00faly: 40 kg<\/strong><\/li>\n<li><strong>Az enn\u00e9l kisebb \u00e9s k\u00f6nnyebb csomagokat fut\u00e1rszolg\u00e1lattal k\u00e9zbes\u00edtj\u00fck a lehet<\/strong><strong>\u0151<\/strong><strong>\u00a0legbiztons\u00e1gosabb csomagol\u00e1sban.<\/strong><\/li>\n<\/ul>\n<h4><strong>\ud83d\udefb Szem\u00e9lyes \u00e1tv\u00e9tel<\/strong><\/h4>\n<ul>\n<li><strong>1173 Budapest, Bakancsos utca 7. sz\u00e1m alatt nyitvatart\u00e1si id<\/strong><strong>\u0151<\/strong><strong>ben szem\u00e9lyesen \u00e1tvehet<\/strong><strong>\u0151<\/strong><strong>\u00a0kert\u00e9szeti \u00e1rud\u00e1nkban.<\/strong><\/li>\n<li><strong>K\u00f6lts\u00e9ghat\u00e9kony megold\u00e1s nagyobb, t\u00f6r\u00e9kenyebb vagy t\u00falm\u00e9retes n\u00f6v\u00e9nyek eset\u00e9n.<\/strong><\/li>\n<\/ul>\n<h4><strong>\ud83d\udcde Nagy m\u00e9ret<\/strong><strong>\u0171<\/strong><strong>\u00a0vagy s\u00faly\u00fa n\u00f6v\u00e9nyek eset\u00e9n<\/strong><\/h4>\n<p><strong>Ha a term\u00e9k:<\/strong><\/p>\n<ul>\n<li><strong>meghaladja a 200 cm hossz\u00fas\u00e1got vagy<\/strong><\/li>\n<li><strong>meghaladja a 40 kg s\u00falyt,<\/strong><\/li>\n<\/ul>\n<p><strong>akkor szem\u00e9lyes \u00e1tv\u00e9tellel vagy egyedi, el<\/strong><strong>\u0151<\/strong><strong>re egyeztetett sz\u00e1ll\u00edt\u00e1si felt\u00e9telek mellett t\u00f6rt\u00e9nik.<br \/>\nK\u00e9rj\u00fck, ilyen esetben rendel\u00e9s el<\/strong><strong>\u0151<\/strong><strong>tt vegye fel vel\u00fcnk a kapcsolatot, hogy a lehet<\/strong><strong>\u0151<\/strong><strong>\u00a0legmegfelel<\/strong><strong>\u0151<\/strong><strong>bb sz\u00e1ll\u00edt\u00e1si megold\u00e1st k\u00edn\u00e1lhassuk.<\/strong><\/p>\n<p><strong>\ud83d\udd14 Fontos: A n\u00f6v\u00e9nyeket minden esetben igyeksz\u00fcnk gondosan, egyes\u00e9vel csomagolni, azonban a sz\u00e1ll\u00edt\u00e1s sor\u00e1n kisebb eszt\u00e9tikai s\u00e9r\u00fcl\u00e9sek el<\/strong><strong>\u0151<\/strong><strong>fordulhatnak (pl. lev\u00e9lhull\u00e1s). Ez nem min<\/strong><strong>\u0151<\/strong><strong>s\u00fcl hib\u00e1s teljes\u00edt\u00e9snek.<\/strong><\/p>\n<h4><strong>\ud83d\udcf7 Fontos tudni a k\u00e9pekr<\/strong><strong>\u0151<\/strong><strong>l<\/strong><\/h4>\n<p><strong>A webshopban szerepl<\/strong><strong>\u0151<\/strong><strong>\u00a0k\u00e9pek illusztr\u00e1ci\u00f3k, a n\u00f6v\u00e9nyek term\u00e9szet\u00fckn\u00e9l fogva egyediek, \u00edgy m\u00e9retben, alakban \u00e9s sz\u00ednben minim\u00e1lis elt\u00e9r\u00e9sek el<\/strong><strong>\u0151<\/strong><strong>fordulhatnak a k\u00e9pen l\u00e1that\u00f3 \u00e9s a val\u00f3s p\u00e9ld\u00e1nyok k\u00f6z\u00f6tt.<\/strong><\/p>\n<h4><strong>\ud83e\uddfe \u00c1rak \u00e9s el\u00e1ll\u00e1si jog<\/strong><\/h4>\n<ul>\n<li><strong>Az \u00e1rak egy darab\u00a0n\u00f6v\u00e9nyre vonatkoznak.<\/strong><\/li>\n<li><strong>\u00c9l<\/strong><strong>\u0151<\/strong><strong>\u00a0n\u00f6v\u00e9nyek rendel\u00e9se eset\u00e9n a 14 napos el\u00e1ll\u00e1s joga nem \u00e9rv\u00e9nyes\u00edthet<\/strong><strong>\u0151<\/strong><strong>, mivel azok romland\u00f3, biol\u00f3giailag \u00e9l<\/strong><strong>\u0151<\/strong><strong>\u00a0term\u00e9keknek min<\/strong><strong>\u0151<\/strong><strong>s\u00fclnek.<br \/>\n\ud83d\udd12 (17\/1999. (II. 5.) Korm. rendelet 5. \u00a7 c) pontja alapj\u00e1n)<\/strong><\/li>\n<\/ul>\n<h4><strong>\ud83d\udce6 K\u00e9zbes\u00edt\u00e9s ut\u00e1ni teend<\/strong><strong>\u0151<\/strong><strong>k<\/strong><\/h4>\n<p><strong>A k\u00e9zbes\u00edt\u00e9st k\u00f6vet<\/strong><strong>\u0151<\/strong><strong>en a csomagot azonnal bontsuk ki, \u00e9s a n\u00f6v\u00e9nyt helyezz\u00fck el megfelel<\/strong><strong>\u0151<\/strong><strong>\u00a0k\u00f6rnyezetben.<br \/>\nFontos: ha a n\u00f6v\u00e9ny nem r\u00e9szes\u00fcl megfelel<\/strong><strong>\u0151<\/strong><strong>\u00a0gondoz\u00e1sban \u00e9s ennek k\u00f6vetkezt\u00e9ben k\u00e1rosodik vagy elpusztul, felel<\/strong><strong>\u0151<\/strong><strong>ss\u00e9get nem tudunk v\u00e1llalni.<\/strong><\/p>","protected":false},"excerpt":{"rendered":"<p>\u00d6r\u00f6kz\u00f6ld, mediterr\u00e1n hat\u00e1s\u00fa gy\u00fcm\u00f6lcsfa, amely nagyon kor\u00e1n \u00e9r\u0151, narancss\u00e1rga, l\u00e9d\u00fas gy\u00fcm\u00f6lcs\u00f6t hoz. Illatos \u0151szi vir\u00e1gz\u00e1s \u00e9s k\u00fcl\u00f6nleges, friss\u00edt\u0151 \u00edzvil\u00e1g jellemzi.<\/p>\n<p>M\u00e9rete:\u00a0 40 cm magas, 5 literes kont\u00e9nerben.<\/p>\n<p>&nbsp;<\/p>","protected":false},"featured_media":22705,"template":"","meta":{"_et_pb_use_builder":"","_et_pb_old_content":"","_et_gb_content_width":""},"product_brand":[],"product_cat":[29],"product_tag":[33,7033,7647,7085,7648,7650,7649,5104,4420,6711],"class_list":{"0":"post-22701","1":"product","2":"type-product","3":"status-publish","4":"has-post-thumbnail","6":"product_cat-gyumolcsfak-gyumolcstermo-novenyek","7":"product_tag-diszfa","8":"product_tag-egzotikus-gyumolcsfa","9":"product_tag-eriobotrya-japonica","10":"product_tag-gyumolcstermo-cserje","11":"product_tag-japan-naspolya","12":"product_tag-korai-eresu-gyumolcs","13":"product_tag-loquat","14":"product_tag-mediterran-noveny","15":"product_tag-naspolya","16":"product_tag-orokzold-noveny","18":"first","19":"instock","20":"shipping-taxable","21":"purchasable","22":"product-type-simple"},"yoast_head":"<!-- This site is optimized with the Yoast SEO plugin v27.5 - https:\/\/yoast.com\/product\/yoast-seo-wordpress\/ -->\n<title>Eriobotrya japonica - Jap\u00e1n naspolya - T\u00e1jkert\u00e9sz<\/title>\n<meta name=\"description\" content=\"Eriobotrya japonica - Jap\u00e1n naspolya amelyet manaps\u00e1g az eg\u00e9sz vil\u00e1gon termesztik gy\u00fcm\u00f6lcs- \u00e9s d\u00edszfak\u00e9nt. \u00d6r\u00f6kz\u00f6ld cserje vagy kisebb fa.\" \/>\n<meta name=\"robots\" content=\"index, follow, max-snippet:-1, max-image-preview:large, max-video-preview:-1\" \/>\n<link rel=\"canonical\" href=\"https:\/\/tajkertesz.com\/en_US\/product\/eriobotrya-japonica-japan-naspolya-2\/\" \/>\n<meta property=\"og:locale\" content=\"en_US\" \/>\n<meta property=\"og:type\" content=\"article\" \/>\n<meta property=\"og:title\" content=\"Eriobotrya japonica - Jap\u00e1n naspolya - T\u00e1jkert\u00e9sz\" \/>\n<meta property=\"og:description\" content=\"Eriobotrya japonica - Jap\u00e1n naspolya amelyet manaps\u00e1g az eg\u00e9sz vil\u00e1gon termesztik gy\u00fcm\u00f6lcs- \u00e9s d\u00edszfak\u00e9nt. \u00d6r\u00f6kz\u00f6ld cserje vagy kisebb fa.\" \/>\n<meta property=\"og:url\" content=\"https:\/\/tajkertesz.com\/en_US\/product\/eriobotrya-japonica-japan-naspolya-2\/\" \/>\n<meta property=\"og:site_name\" content=\"T\u00e1jkert\u00e9sz\" \/>\n<meta property=\"article:publisher\" content=\"https:\/\/www.facebook.com\/Tajkertesz\/\" \/>\n<meta property=\"article:modified_time\" content=\"2026-02-22T10:30:38+00:00\" \/>\n<meta property=\"og:image\" content=\"https:\/\/tajkertesz.com\/wp-content\/uploads\/2025\/03\/20250306_162051-1-scaled.jpg\" \/>\n\t<meta property=\"og:image:width\" content=\"1442\" \/>\n\t<meta property=\"og:image:height\" content=\"2560\" \/>\n\t<meta property=\"og:image:type\" content=\"image\/jpeg\" \/>\n<meta name=\"twitter:card\" content=\"summary_large_image\" \/>\n<meta name=\"twitter:label1\" content=\"Est. reading time\" \/>\n\t<meta name=\"twitter:data1\" content=\"4 minutes\" \/>\n<script type=\"application\/ld+json\" class=\"yoast-schema-graph\">{\"@context\":\"https:\\\/\\\/schema.org\",\"@graph\":[{\"@type\":\"WebPage\",\"@id\":\"https:\\\/\\\/tajkertesz.com\\\/termek\\\/eriobotrya-japonica-japan-naspolya-2\\\/\",\"url\":\"https:\\\/\\\/tajkertesz.com\\\/termek\\\/eriobotrya-japonica-japan-naspolya-2\\\/\",\"name\":\"Eriobotrya japonica - Jap\u00e1n naspolya - T\u00e1jkert\u00e9sz\",\"isPartOf\":{\"@id\":\"https:\\\/\\\/tajkertesz.com\\\/#website\"},\"primaryImageOfPage\":{\"@id\":\"https:\\\/\\\/tajkertesz.com\\\/termek\\\/eriobotrya-japonica-japan-naspolya-2\\\/#primaryimage\"},\"image\":{\"@id\":\"https:\\\/\\\/tajkertesz.com\\\/termek\\\/eriobotrya-japonica-japan-naspolya-2\\\/#primaryimage\"},\"thumbnailUrl\":\"https:\\\/\\\/tajkertesz.com\\\/wp-content\\\/uploads\\\/2025\\\/03\\\/20250306_162051-1-scaled.jpg\",\"datePublished\":\"2025-03-06T15:23:24+00:00\",\"dateModified\":\"2026-02-22T10:30:38+00:00\",\"description\":\"Eriobotrya japonica - Jap\u00e1n naspolya amelyet manaps\u00e1g az eg\u00e9sz vil\u00e1gon termesztik gy\u00fcm\u00f6lcs- \u00e9s d\u00edszfak\u00e9nt. \u00d6r\u00f6kz\u00f6ld cserje vagy kisebb fa.\",\"breadcrumb\":{\"@id\":\"https:\\\/\\\/tajkertesz.com\\\/termek\\\/eriobotrya-japonica-japan-naspolya-2\\\/#breadcrumb\"},\"inLanguage\":\"en-US\",\"potentialAction\":[{\"@type\":\"ReadAction\",\"target\":[\"https:\\\/\\\/tajkertesz.com\\\/termek\\\/eriobotrya-japonica-japan-naspolya-2\\\/\"]}]},{\"@type\":\"ImageObject\",\"inLanguage\":\"en-US\",\"@id\":\"https:\\\/\\\/tajkertesz.com\\\/termek\\\/eriobotrya-japonica-japan-naspolya-2\\\/#primaryimage\",\"url\":\"https:\\\/\\\/tajkertesz.com\\\/wp-content\\\/uploads\\\/2025\\\/03\\\/20250306_162051-1-scaled.jpg\",\"contentUrl\":\"https:\\\/\\\/tajkertesz.com\\\/wp-content\\\/uploads\\\/2025\\\/03\\\/20250306_162051-1-scaled.jpg\",\"width\":1442,\"height\":2560,\"caption\":\"Eriobotrya japonica - Jap\u00e1n naspolya\"},{\"@type\":\"BreadcrumbList\",\"@id\":\"https:\\\/\\\/tajkertesz.com\\\/termek\\\/eriobotrya-japonica-japan-naspolya-2\\\/#breadcrumb\",\"itemListElement\":[{\"@type\":\"ListItem\",\"position\":1,\"name\":\"Home\",\"item\":\"https:\\\/\\\/tajkertesz.com\\\/\"},{\"@type\":\"ListItem\",\"position\":2,\"name\":\"Kezd\u0151lap\",\"item\":\"https:\\\/\\\/tajkertesz.com\\\/\"},{\"@type\":\"ListItem\",\"position\":3,\"name\":\"Eriobotrya japonica &#8211; Jap\u00e1n naspolya\"}]},{\"@type\":\"WebSite\",\"@id\":\"https:\\\/\\\/tajkertesz.com\\\/#website\",\"url\":\"https:\\\/\\\/tajkertesz.com\\\/\",\"name\":\"T\u00e1j-Kert\u00e9sz 84 Kft.\",\"description\":\"Kert\u00e9szeti kis- \u00e9s nagykeresked\u00e9s, D\u00edszn\u00f6v\u00e9ny web\u00e1ruh\u00e1z orsz\u00e1gos h\u00e1zhozsz\u00e1ll\u00edt\u00e1ssal!\",\"publisher\":{\"@id\":\"https:\\\/\\\/tajkertesz.com\\\/#organization\"},\"potentialAction\":[{\"@type\":\"SearchAction\",\"target\":{\"@type\":\"EntryPoint\",\"urlTemplate\":\"https:\\\/\\\/tajkertesz.com\\\/?s={search_term_string}\"},\"query-input\":{\"@type\":\"PropertyValueSpecification\",\"valueRequired\":true,\"valueName\":\"search_term_string\"}}],\"inLanguage\":\"en-US\"},{\"@type\":\"Organization\",\"@id\":\"https:\\\/\\\/tajkertesz.com\\\/#organization\",\"name\":\"T\u00e1j-Kert\u00e9sz 84 Kft.\",\"url\":\"https:\\\/\\\/tajkertesz.com\\\/\",\"logo\":{\"@type\":\"ImageObject\",\"inLanguage\":\"en-US\",\"@id\":\"https:\\\/\\\/tajkertesz.com\\\/#\\\/schema\\\/logo\\\/image\\\/\",\"url\":\"https:\\\/\\\/tajkertesz.com\\\/wp-content\\\/uploads\\\/2018\\\/02\\\/logo-2-e1518678052539.png\",\"contentUrl\":\"https:\\\/\\\/tajkertesz.com\\\/wp-content\\\/uploads\\\/2018\\\/02\\\/logo-2-e1518678052539.png\",\"width\":81,\"height\":140,\"caption\":\"T\u00e1j-Kert\u00e9sz 84 Kft.\"},\"image\":{\"@id\":\"https:\\\/\\\/tajkertesz.com\\\/#\\\/schema\\\/logo\\\/image\\\/\"},\"sameAs\":[\"https:\\\/\\\/www.facebook.com\\\/Tajkertesz\\\/\"]}]}<\/script>\n<!-- \/ Yoast SEO plugin. -->","yoast_head_json":{"title":"Eriobotrya japonica - Jap\u00e1n naspolya - T\u00e1jkert\u00e9sz","description":"Eriobotrya japonica - Jap\u00e1n naspolya amelyet manaps\u00e1g az eg\u00e9sz vil\u00e1gon termesztik gy\u00fcm\u00f6lcs- \u00e9s d\u00edszfak\u00e9nt. \u00d6r\u00f6kz\u00f6ld cserje vagy kisebb fa.","robots":{"index":"index","follow":"follow","max-snippet":"max-snippet:-1","max-image-preview":"max-image-preview:large","max-video-preview":"max-video-preview:-1"},"canonical":"https:\/\/tajkertesz.com\/en_US\/product\/eriobotrya-japonica-japan-naspolya-2\/","og_locale":"en_US","og_type":"article","og_title":"Eriobotrya japonica - Jap\u00e1n naspolya - T\u00e1jkert\u00e9sz","og_description":"Eriobotrya japonica - Jap\u00e1n naspolya amelyet manaps\u00e1g az eg\u00e9sz vil\u00e1gon termesztik gy\u00fcm\u00f6lcs- \u00e9s d\u00edszfak\u00e9nt. \u00d6r\u00f6kz\u00f6ld cserje vagy kisebb fa.","og_url":"https:\/\/tajkertesz.com\/en_US\/product\/eriobotrya-japonica-japan-naspolya-2\/","og_site_name":"T\u00e1jkert\u00e9sz","article_publisher":"https:\/\/www.facebook.com\/Tajkertesz\/","article_modified_time":"2026-02-22T10:30:38+00:00","og_image":[{"width":1442,"height":2560,"url":"https:\/\/tajkertesz.com\/wp-content\/uploads\/2025\/03\/20250306_162051-1-scaled.jpg","type":"image\/jpeg"}],"twitter_card":"summary_large_image","twitter_misc":{"Est. reading time":"4 minutes"},"schema":{"@context":"https:\/\/schema.org","@graph":[{"@type":"WebPage","@id":"https:\/\/tajkertesz.com\/termek\/eriobotrya-japonica-japan-naspolya-2\/","url":"https:\/\/tajkertesz.com\/termek\/eriobotrya-japonica-japan-naspolya-2\/","name":"Eriobotrya japonica - Jap\u00e1n naspolya - T\u00e1jkert\u00e9sz","isPartOf":{"@id":"https:\/\/tajkertesz.com\/#website"},"primaryImageOfPage":{"@id":"https:\/\/tajkertesz.com\/termek\/eriobotrya-japonica-japan-naspolya-2\/#primaryimage"},"image":{"@id":"https:\/\/tajkertesz.com\/termek\/eriobotrya-japonica-japan-naspolya-2\/#primaryimage"},"thumbnailUrl":"https:\/\/tajkertesz.com\/wp-content\/uploads\/2025\/03\/20250306_162051-1-scaled.jpg","datePublished":"2025-03-06T15:23:24+00:00","dateModified":"2026-02-22T10:30:38+00:00","description":"Eriobotrya japonica - Jap\u00e1n naspolya amelyet manaps\u00e1g az eg\u00e9sz vil\u00e1gon termesztik gy\u00fcm\u00f6lcs- \u00e9s d\u00edszfak\u00e9nt. \u00d6r\u00f6kz\u00f6ld cserje vagy kisebb fa.","breadcrumb":{"@id":"https:\/\/tajkertesz.com\/termek\/eriobotrya-japonica-japan-naspolya-2\/#breadcrumb"},"inLanguage":"en-US","potentialAction":[{"@type":"ReadAction","target":["https:\/\/tajkertesz.com\/termek\/eriobotrya-japonica-japan-naspolya-2\/"]}]},{"@type":"ImageObject","inLanguage":"en-US","@id":"https:\/\/tajkertesz.com\/termek\/eriobotrya-japonica-japan-naspolya-2\/#primaryimage","url":"https:\/\/tajkertesz.com\/wp-content\/uploads\/2025\/03\/20250306_162051-1-scaled.jpg","contentUrl":"https:\/\/tajkertesz.com\/wp-content\/uploads\/2025\/03\/20250306_162051-1-scaled.jpg","width":1442,"height":2560,"caption":"Eriobotrya japonica - Jap\u00e1n naspolya"},{"@type":"BreadcrumbList","@id":"https:\/\/tajkertesz.com\/termek\/eriobotrya-japonica-japan-naspolya-2\/#breadcrumb","itemListElement":[{"@type":"ListItem","position":1,"name":"Home","item":"https:\/\/tajkertesz.com\/"},{"@type":"ListItem","position":2,"name":"Kezd\u0151lap","item":"https:\/\/tajkertesz.com\/"},{"@type":"ListItem","position":3,"name":"Eriobotrya japonica &#8211; Jap\u00e1n naspolya"}]},{"@type":"WebSite","@id":"https:\/\/tajkertesz.com\/#website","url":"https:\/\/tajkertesz.com\/","name":"T\u00e1j-Kert\u00e9sz 84 Kft.","description":"Kert\u00e9szeti kis- \u00e9s nagykeresked\u00e9s, D\u00edszn\u00f6v\u00e9ny web\u00e1ruh\u00e1z orsz\u00e1gos h\u00e1zhozsz\u00e1ll\u00edt\u00e1ssal!","publisher":{"@id":"https:\/\/tajkertesz.com\/#organization"},"potentialAction":[{"@type":"SearchAction","target":{"@type":"EntryPoint","urlTemplate":"https:\/\/tajkertesz.com\/?s={search_term_string}"},"query-input":{"@type":"PropertyValueSpecification","valueRequired":true,"valueName":"search_term_string"}}],"inLanguage":"en-US"},{"@type":"Organization","@id":"https:\/\/tajkertesz.com\/#organization","name":"T\u00e1j-Kert\u00e9sz 84 Kft.","url":"https:\/\/tajkertesz.com\/","logo":{"@type":"ImageObject","inLanguage":"en-US","@id":"https:\/\/tajkertesz.com\/#\/schema\/logo\/image\/","url":"https:\/\/tajkertesz.com\/wp-content\/uploads\/2018\/02\/logo-2-e1518678052539.png","contentUrl":"https:\/\/tajkertesz.com\/wp-content\/uploads\/2018\/02\/logo-2-e1518678052539.png","width":81,"height":140,"caption":"T\u00e1j-Kert\u00e9sz 84 Kft."},"image":{"@id":"https:\/\/tajkertesz.com\/#\/schema\/logo\/image\/"},"sameAs":["https:\/\/www.facebook.com\/Tajkertesz\/"]}]}},"_links":{"self":[{"href":"https:\/\/tajkertesz.com\/en_US\/wp-json\/wp\/v2\/product\/22701","targetHints":{"allow":["GET"]}}],"collection":[{"href":"https:\/\/tajkertesz.com\/en_US\/wp-json\/wp\/v2\/product"}],"about":[{"href":"https:\/\/tajkertesz.com\/en_US\/wp-json\/wp\/v2\/types\/product"}],"wp:featuredmedia":[{"embeddable":true,"href":"https:\/\/tajkertesz.com\/en_US\/wp-json\/wp\/v2\/media\/22705"}],"wp:attachment":[{"href":"https:\/\/tajkertesz.com\/en_US\/wp-json\/wp\/v2\/media?parent=22701"}],"wp:term":[{"taxonomy":"product_brand","embeddable":true,"href":"https:\/\/tajkertesz.com\/en_US\/wp-json\/wp\/v2\/product_brand?post=22701"},{"taxonomy":"product_cat","embeddable":true,"href":"https:\/\/tajkertesz.com\/en_US\/wp-json\/wp\/v2\/product_cat?post=22701"},{"taxonomy":"product_tag","embeddable":true,"href":"https:\/\/tajkertesz.com\/en_US\/wp-json\/wp\/v2\/product_tag?post=22701"}],"curies":[{"name":"wp","href":"https:\/\/api.w.org\/{rel}","templated":true}]}}