{"id":22808,"date":"2025-03-17T10:57:27","date_gmt":"2025-03-17T10:57:27","guid":{"rendered":"https:\/\/tajkertesz.com\/?post_type=product&#038;p=22808"},"modified":"2026-03-15T08:29:09","modified_gmt":"2026-03-15T08:29:09","slug":"paeonia-lactiflora-karl-rosenfield-illatos-bazsarozsa","status":"publish","type":"product","link":"https:\/\/tajkertesz.com\/en_US\/product\/paeonia-lactiflora-karl-rosenfield-illatos-bazsarozsa\/","title":{"rendered":"Paeonia lactiflora &#8216;Karl Rosenfield&#8217; &#8211; Illatos bazsar\u00f3zsa"},"content":{"rendered":"<h1>Paeonia lactiflora &#8216;Karl Rosenfield&#8217; &#8211; Illatos bazsar\u00f3zsa<\/h1>\n<p>A <strong data-start=\"2\" data-end=\"42\">Paeonia lactiflora &#8216;Karl Rosenfield&#8217; &#8211;<\/strong>\u00a0<strong data-start=\"57\" data-end=\"79\">Illatos bazsar\u00f3zsa<\/strong> egy rendk\u00edv\u00fcl n\u00e9pszer\u0171 \u00e9s l\u00e1tv\u00e1nyos vir\u00e1g\u00fa fajta, amely az \u00e9vel\u0151 n\u00f6v\u00e9nyek k\u00f6z\u00e9 tartozik.<\/p>\n<h2>Paeonia lactiflora &#8216;Karl Rosenfield&#8217; jellemz\u0151i:<\/h2>\n<ul>\n<li>A <em data-start=\"303\" data-end=\"322\">&#8216;Karl Rosenfield&#8217;<\/em> fajta nagy, d\u00fas, s\u00f6t\u00e9t r\u00f3zsasz\u00edn vir\u00e1gokat hoz, amelyek \u00e9des illat\u00faak.\u00a0 A vir\u00e1gok m\u00e9rete \u00e1ltal\u00e1ban 15\u201320 cm \u00e1tm\u00e9r\u0151j\u0171ek, \u00e9s az egyik legnagyobb vir\u00e1g\u00fa bazsar\u00f3zsa fajta.<\/li>\n<li>A vir\u00e1gz\u00e1s kora tavaszt\u00f3l ny\u00e1r elej\u00e9ig tart, \u00e9s rendk\u00edv\u00fcl l\u00e1tv\u00e1nyos.<\/li>\n<li>A n\u00f6v\u00e9ny magass\u00e1ga 70\u201390 cm k\u00f6z\u00f6tt v\u00e1ltozik, \u00e9s a sz\u00e9less\u00e9ge is hasonl\u00f3an terjedelmes, ez\u00e9rt \u00e9rdemes elegend\u0151 helyet biztos\u00edtani sz\u00e1m\u00e1ra a kertben.<\/li>\n<li>A n\u00f6v\u00e9ny bokrosod\u00f3 habitus\u00fa, s\u0171r\u0171 n\u00f6veked\u00e9s\u0171, \u00e9s er\u0151s sz\u00e1rakkal rendelkezik.<\/li>\n<\/ul>\n<h3>Az illatos bazsar\u00f3zsa ig\u00e9nyei:<\/h3>\n<ul>\n<li>A bazsar\u00f3zsa a napos helyeket kedveli, de enyh\u00e9n \u00e1rny\u00e9kos ter\u00fcleten is meg\u00e9l, ha a talaj megfelel\u0151en nedves \u00e9s j\u00f3l v\u00edzelvezetett.<\/li>\n<li>Kiv\u00e1l\u00f3an \u00e9rzi mag\u00e1t t\u00e1panyagban gazdag, laza szerkezet\u0171, enyh\u00e9n savany\u00fa vagy semleges pH-\u00e9rt\u00e9k\u0171 talajban.<\/li>\n<\/ul>\n<h4 data-start=\"1146\" data-end=\"1169\">Gondoz\u00e1sa:<\/h4>\n<ul>\n<li>A <em data-start=\"1177\" data-end=\"1196\">&#8216;Karl Rosenfield&#8217;<\/em> fajta viszonylag k\u00f6nnyen gondozhat\u00f3. Fontos, hogy az \u00fcltet\u00e9st k\u00f6vet\u0151en rendszeres \u00f6nt\u00f6z\u00e9st ig\u00e9nyel, k\u00fcl\u00f6n\u00f6sen a vir\u00e1gz\u00e1si id\u0151szakban.<\/li>\n<li>Ha szeretn\u00e9nk, a vir\u00e1gz\u00e1st k\u00f6vet\u0151en a sz\u00e1raz vir\u00e1gsz\u00e1rakat \u00e9rdemes elt\u00e1vol\u00edtani, hogy a n\u00f6v\u00e9ny ne pazarolja el az energi\u00e1j\u00e1t.<\/li>\n<\/ul>\n<p>&nbsp;<\/p>\n<p><b>K\u00e9szlet\u00fcnk napi szinten v\u00e1ltozik, ez\u00e9rt k\u00e9rj\u00fck, \u00e9rdekl\u0151dj\u00f6n szem\u00e9lyesen, telefonon vagy email-en.<br \/>\nA v\u00e1ltoztat\u00e1s jog\u00e1t fenntartjuk!<\/b><b>\u00a0<\/b><\/p>\n<p><a href=\"https:\/\/tajkertesz.com\/\">https:\/\/tajkertesz.com\/<\/a><\/p>\n<p><a href=\"https:\/\/www.facebook.com\/tajkertesz\/\">https:\/\/www.facebook.com\/tajkertesz\/<\/a><\/p>\n<p>Kisz\u00e1ll\u00edt\u00e1s: 200cm-ig \u00e9s 40 kg-ig a sz\u00e1ll\u00edt\u00e1s fut\u00e1rszolg\u00e1lattal t\u00f6rt\u00e9nik.<\/p>\n<p>Szem\u00e9lyes \u00e1tv\u00e9tel nyitvatart\u00e1si id\u0151ben a 17. ker\u00fclet Bakancsos utca 7. sz\u00e1m alatti Kert\u00e9szeti \u00e1rud\u00e1nkban.<\/p>\n<p>Kert\u00e9p\u00edt\u0151k \u00e9s viszontelad\u00f3k regisztr\u00e1l\u00e1s ut\u00e1n egyedi kedvezm\u00e9nnyel v\u00e1s\u00e1rolhatnak kert\u00e9szeti kis-\u00e9s nagykeresked\u00e9s\u00fcnkben.<\/p>\n<p><strong>Az \u00e1rak egy darab term\u00e9kre vonatkoznak.<\/strong><\/p>\n<p><strong>J\u00f3 tudni!<\/strong><\/p>\n<p>K\u00e9pek-elt\u00e9r\u00e9sek:<\/p>\n<p>A n\u00f6v\u00e9nyekr\u0151l felt\u00f6lt\u00f6tt k\u00e9pek illusztr\u00e1ci\u00f3k. N\u00f6v\u00e9nyekn\u00e9l el\u0151fordulhatnak minim\u00e1lis elt\u00e9r\u00e9sek a k\u00e9peken szerepl\u0151 n\u00f6v\u00e9nyek \u00e9s az \u00e1tvett n\u00f6v\u00e9nyek k\u00f6z\u00f6tt, mivel minden n\u00f6v\u00e9ny egyedi.<\/p>\n<h4>N\u00f6v\u00e9nyek sz\u00e1ll\u00edt\u00e1sa:<\/h4>\n<p>A megrendelt n\u00f6v\u00e9nyeket igyeksz\u00fcnk a lehet\u0151 legbiztons\u00e1gosabban egyes\u00e9vel csomagolni, azonban a sz\u00e1ll\u00edt\u00e1s sor\u00e1n m\u00e9g ennek ellen\u00e9re is\u00a0bek\u00f6vetkezhetnek apr\u00f3bb s\u00e9r\u00fcl\u00e9sek (lev\u00e9l- vagy vir\u00e1ghull\u00e1s).<br \/>\nN\u00f6v\u00e9ny rendel\u00e9s eset\u00e9n k\u00e9rj\u00fck a k\u00e9zbes\u00edt\u00e9st k\u00f6vet\u0151en a lehet\u0151 leghamarabb bonts\u00e1k ki a csomagot.<\/p>\n<p>Abban az esetben, ha a megrendelt n\u00f6v\u00e9ny\u00a0a sz\u00e1ll\u00edt\u00e1st k\u00f6vet\u0151en\u00a0nem megfelel\u0151 gondoz\u00e1sban r\u00e9szes\u00fcl \u00e9s ebb\u0151l kifoly\u00f3lag\u00a0k\u00e1rosodik,\u00a0elpusztul, felel\u0151ss\u00e9get sajnos nem tudunk v\u00e1llalni.<\/p>\n<p>V\u00e1s\u00e1rl\u00e1st\u00f3l val\u00f3 el\u00e1ll\u00e1s \u00e9l\u0151 n\u00f6v\u00e9ny v\u00e1s\u00e1rl\u00e1sa eset\u00e9n:<\/p>\n<p>Az \u00e1ltal\u00e1nos 14 napos el\u00e1ll\u00e1s lehet\u0151s\u00e9ge \u00e9l\u0151 n\u00f6v\u00e9nyekre nem vonatkozik. V\u00e1s\u00e1rl\u00e1st\u00f3l val\u00f3 el\u00e1ll\u00e1sra, visszak\u00fcld\u00e9sre nincs lehet\u0151s\u00e9g.\u00a0(17\/1999. (II. 5.) Korm. rendelet 5c pontja)<\/p>\n<p><strong>K\u00e9rj\u00fck fentiek figyelembev\u00e9tel\u00e9t n\u00f6v\u00e9ny rendel\u00e9se sor\u00e1n!<\/strong><\/p>\n<p>&nbsp;<\/p>\n<p>&nbsp;<\/p>","protected":false},"excerpt":{"rendered":"<p>Paeonia lactiflora &#8216;Karl Rosenfield&#8217; &#8211; Illatos bazsar\u00f3zsa A Paeonia lactiflora &#8216;Karl Rosenfield&#8217; &#8211;\u00a0Illatos bazsar\u00f3zsa egy rendk\u00edv\u00fcl n\u00e9pszer\u0171 \u00e9s l\u00e1tv\u00e1nyos vir\u00e1g\u00fa fajta, amely az \u00e9vel\u0151 n\u00f6v\u00e9nyek k\u00f6z\u00e9 tartozik. Paeonia lactiflora &#8216;Karl Rosenfield&#8217; jellemz\u0151i: A &#8216;Karl Rosenfield&#8217; fajta nagy, d\u00fas, s\u00f6t\u00e9t r\u00f3zsasz\u00edn vir\u00e1gokat hoz, amelyek \u00e9des illat\u00faak.\u00a0 A vir\u00e1gok m\u00e9rete \u00e1ltal\u00e1ban 15\u201320 cm \u00e1tm\u00e9r\u0151j\u0171ek, \u00e9s az egyik [&hellip;]<\/p>\n","protected":false},"featured_media":22812,"template":"","meta":{"_et_pb_use_builder":"","_et_pb_old_content":"","_et_gb_content_width":""},"product_brand":[],"product_cat":[433],"product_tag":[5704,5703,5719,5708],"class_list":{"0":"post-22808","1":"product","2":"type-product","3":"status-publish","4":"has-post-thumbnail","6":"product_cat-evelo-novenyek","7":"product_tag-illatos-bazsarozsa","8":"product_tag-paeonia","9":"product_tag-paeonia-lactiflora-karl-rosenfield","10":"product_tag-punkosdi-rozsa","12":"first","13":"instock","14":"shipping-taxable","15":"purchasable","16":"product-type-simple"},"yoast_head":"<!-- This site is optimized with the Yoast SEO plugin v27.5 - https:\/\/yoast.com\/product\/yoast-seo-wordpress\/ -->\n<title>Paeonia lactiflora &#039;Karl Rosenfield&#039; - Illatos bazsar\u00f3zsa - T\u00e1jkert\u00e9sz<\/title>\n<meta name=\"description\" content=\"Paeonia lactiflora &#039;Karl Rosenfield&#039; - Illatos bazsar\u00f3zsa egy rendk\u00edv\u00fcl n\u00e9pszer\u0171 \u00e9s l\u00e1tv\u00e1nyos vir\u00e1g\u00fa fajta, amely az \u00e9vel\u0151 n\u00f6v\u00e9nyek k\u00f6z\u00e9 tartozik.\" \/>\n<meta name=\"robots\" content=\"index, follow, max-snippet:-1, max-image-preview:large, max-video-preview:-1\" \/>\n<link rel=\"canonical\" href=\"https:\/\/tajkertesz.com\/en_US\/product\/paeonia-lactiflora-karl-rosenfield-illatos-bazsarozsa\/\" \/>\n<meta property=\"og:locale\" content=\"en_US\" \/>\n<meta property=\"og:type\" content=\"article\" \/>\n<meta property=\"og:title\" content=\"Paeonia lactiflora &#039;Karl Rosenfield&#039; - Illatos bazsar\u00f3zsa - T\u00e1jkert\u00e9sz\" \/>\n<meta property=\"og:description\" content=\"Paeonia lactiflora &#039;Karl Rosenfield&#039; - Illatos bazsar\u00f3zsa egy rendk\u00edv\u00fcl n\u00e9pszer\u0171 \u00e9s l\u00e1tv\u00e1nyos vir\u00e1g\u00fa fajta, amely az \u00e9vel\u0151 n\u00f6v\u00e9nyek k\u00f6z\u00e9 tartozik.\" \/>\n<meta property=\"og:url\" content=\"https:\/\/tajkertesz.com\/en_US\/product\/paeonia-lactiflora-karl-rosenfield-illatos-bazsarozsa\/\" \/>\n<meta property=\"og:site_name\" content=\"T\u00e1jkert\u00e9sz\" \/>\n<meta property=\"article:publisher\" content=\"https:\/\/www.facebook.com\/Tajkertesz\/\" \/>\n<meta property=\"article:modified_time\" content=\"2026-03-15T08:29:09+00:00\" \/>\n<meta property=\"og:image\" content=\"https:\/\/tajkertesz.com\/wp-content\/uploads\/2025\/03\/20250307_091237-scaled.jpg\" \/>\n\t<meta property=\"og:image:width\" content=\"2560\" \/>\n\t<meta property=\"og:image:height\" content=\"2560\" \/>\n\t<meta property=\"og:image:type\" content=\"image\/jpeg\" \/>\n<meta name=\"twitter:card\" content=\"summary_large_image\" \/>\n<meta name=\"twitter:label1\" content=\"Est. reading time\" \/>\n\t<meta name=\"twitter:data1\" content=\"3 minutes\" \/>\n<script type=\"application\/ld+json\" class=\"yoast-schema-graph\">{\"@context\":\"https:\\\/\\\/schema.org\",\"@graph\":[{\"@type\":\"WebPage\",\"@id\":\"https:\\\/\\\/tajkertesz.com\\\/termek\\\/paeonia-lactiflora-karl-rosenfield-illatos-bazsarozsa\\\/\",\"url\":\"https:\\\/\\\/tajkertesz.com\\\/termek\\\/paeonia-lactiflora-karl-rosenfield-illatos-bazsarozsa\\\/\",\"name\":\"Paeonia lactiflora 'Karl Rosenfield' - Illatos bazsar\u00f3zsa - T\u00e1jkert\u00e9sz\",\"isPartOf\":{\"@id\":\"https:\\\/\\\/tajkertesz.com\\\/#website\"},\"primaryImageOfPage\":{\"@id\":\"https:\\\/\\\/tajkertesz.com\\\/termek\\\/paeonia-lactiflora-karl-rosenfield-illatos-bazsarozsa\\\/#primaryimage\"},\"image\":{\"@id\":\"https:\\\/\\\/tajkertesz.com\\\/termek\\\/paeonia-lactiflora-karl-rosenfield-illatos-bazsarozsa\\\/#primaryimage\"},\"thumbnailUrl\":\"https:\\\/\\\/tajkertesz.com\\\/wp-content\\\/uploads\\\/2025\\\/03\\\/20250307_091237-scaled.jpg\",\"datePublished\":\"2025-03-17T10:57:27+00:00\",\"dateModified\":\"2026-03-15T08:29:09+00:00\",\"description\":\"Paeonia lactiflora 'Karl Rosenfield' - Illatos bazsar\u00f3zsa egy rendk\u00edv\u00fcl n\u00e9pszer\u0171 \u00e9s l\u00e1tv\u00e1nyos vir\u00e1g\u00fa fajta, amely az \u00e9vel\u0151 n\u00f6v\u00e9nyek k\u00f6z\u00e9 tartozik.\",\"breadcrumb\":{\"@id\":\"https:\\\/\\\/tajkertesz.com\\\/termek\\\/paeonia-lactiflora-karl-rosenfield-illatos-bazsarozsa\\\/#breadcrumb\"},\"inLanguage\":\"en-US\",\"potentialAction\":[{\"@type\":\"ReadAction\",\"target\":[\"https:\\\/\\\/tajkertesz.com\\\/termek\\\/paeonia-lactiflora-karl-rosenfield-illatos-bazsarozsa\\\/\"]}]},{\"@type\":\"ImageObject\",\"inLanguage\":\"en-US\",\"@id\":\"https:\\\/\\\/tajkertesz.com\\\/termek\\\/paeonia-lactiflora-karl-rosenfield-illatos-bazsarozsa\\\/#primaryimage\",\"url\":\"https:\\\/\\\/tajkertesz.com\\\/wp-content\\\/uploads\\\/2025\\\/03\\\/20250307_091237-scaled.jpg\",\"contentUrl\":\"https:\\\/\\\/tajkertesz.com\\\/wp-content\\\/uploads\\\/2025\\\/03\\\/20250307_091237-scaled.jpg\",\"width\":2560,\"height\":2560,\"caption\":\"Paeonia lactiflora 'Karl Rosenfield' - Illatos bazsar\u00f3zsa\"},{\"@type\":\"BreadcrumbList\",\"@id\":\"https:\\\/\\\/tajkertesz.com\\\/termek\\\/paeonia-lactiflora-karl-rosenfield-illatos-bazsarozsa\\\/#breadcrumb\",\"itemListElement\":[{\"@type\":\"ListItem\",\"position\":1,\"name\":\"Home\",\"item\":\"https:\\\/\\\/tajkertesz.com\\\/\"},{\"@type\":\"ListItem\",\"position\":2,\"name\":\"Kezd\u0151lap\",\"item\":\"https:\\\/\\\/tajkertesz.com\\\/\"},{\"@type\":\"ListItem\",\"position\":3,\"name\":\"Paeonia lactiflora &#8216;Karl Rosenfield&#8217; &#8211; Illatos bazsar\u00f3zsa\"}]},{\"@type\":\"WebSite\",\"@id\":\"https:\\\/\\\/tajkertesz.com\\\/#website\",\"url\":\"https:\\\/\\\/tajkertesz.com\\\/\",\"name\":\"T\u00e1j-Kert\u00e9sz 84 Kft.\",\"description\":\"Kert\u00e9szeti kis- \u00e9s nagykeresked\u00e9s, D\u00edszn\u00f6v\u00e9ny web\u00e1ruh\u00e1z orsz\u00e1gos h\u00e1zhozsz\u00e1ll\u00edt\u00e1ssal!\",\"publisher\":{\"@id\":\"https:\\\/\\\/tajkertesz.com\\\/#organization\"},\"potentialAction\":[{\"@type\":\"SearchAction\",\"target\":{\"@type\":\"EntryPoint\",\"urlTemplate\":\"https:\\\/\\\/tajkertesz.com\\\/?s={search_term_string}\"},\"query-input\":{\"@type\":\"PropertyValueSpecification\",\"valueRequired\":true,\"valueName\":\"search_term_string\"}}],\"inLanguage\":\"en-US\"},{\"@type\":\"Organization\",\"@id\":\"https:\\\/\\\/tajkertesz.com\\\/#organization\",\"name\":\"T\u00e1j-Kert\u00e9sz 84 Kft.\",\"url\":\"https:\\\/\\\/tajkertesz.com\\\/\",\"logo\":{\"@type\":\"ImageObject\",\"inLanguage\":\"en-US\",\"@id\":\"https:\\\/\\\/tajkertesz.com\\\/#\\\/schema\\\/logo\\\/image\\\/\",\"url\":\"https:\\\/\\\/tajkertesz.com\\\/wp-content\\\/uploads\\\/2018\\\/02\\\/logo-2-e1518678052539.png\",\"contentUrl\":\"https:\\\/\\\/tajkertesz.com\\\/wp-content\\\/uploads\\\/2018\\\/02\\\/logo-2-e1518678052539.png\",\"width\":81,\"height\":140,\"caption\":\"T\u00e1j-Kert\u00e9sz 84 Kft.\"},\"image\":{\"@id\":\"https:\\\/\\\/tajkertesz.com\\\/#\\\/schema\\\/logo\\\/image\\\/\"},\"sameAs\":[\"https:\\\/\\\/www.facebook.com\\\/Tajkertesz\\\/\"]}]}<\/script>\n<!-- \/ Yoast SEO plugin. -->","yoast_head_json":{"title":"Paeonia lactiflora 'Karl Rosenfield' - Illatos bazsar\u00f3zsa - T\u00e1jkert\u00e9sz","description":"Paeonia lactiflora 'Karl Rosenfield' - Illatos bazsar\u00f3zsa egy rendk\u00edv\u00fcl n\u00e9pszer\u0171 \u00e9s l\u00e1tv\u00e1nyos vir\u00e1g\u00fa fajta, amely az \u00e9vel\u0151 n\u00f6v\u00e9nyek k\u00f6z\u00e9 tartozik.","robots":{"index":"index","follow":"follow","max-snippet":"max-snippet:-1","max-image-preview":"max-image-preview:large","max-video-preview":"max-video-preview:-1"},"canonical":"https:\/\/tajkertesz.com\/en_US\/product\/paeonia-lactiflora-karl-rosenfield-illatos-bazsarozsa\/","og_locale":"en_US","og_type":"article","og_title":"Paeonia lactiflora 'Karl Rosenfield' - Illatos bazsar\u00f3zsa - T\u00e1jkert\u00e9sz","og_description":"Paeonia lactiflora 'Karl Rosenfield' - Illatos bazsar\u00f3zsa egy rendk\u00edv\u00fcl n\u00e9pszer\u0171 \u00e9s l\u00e1tv\u00e1nyos vir\u00e1g\u00fa fajta, amely az \u00e9vel\u0151 n\u00f6v\u00e9nyek k\u00f6z\u00e9 tartozik.","og_url":"https:\/\/tajkertesz.com\/en_US\/product\/paeonia-lactiflora-karl-rosenfield-illatos-bazsarozsa\/","og_site_name":"T\u00e1jkert\u00e9sz","article_publisher":"https:\/\/www.facebook.com\/Tajkertesz\/","article_modified_time":"2026-03-15T08:29:09+00:00","og_image":[{"width":2560,"height":2560,"url":"https:\/\/tajkertesz.com\/wp-content\/uploads\/2025\/03\/20250307_091237-scaled.jpg","type":"image\/jpeg"}],"twitter_card":"summary_large_image","twitter_misc":{"Est. reading time":"3 minutes"},"schema":{"@context":"https:\/\/schema.org","@graph":[{"@type":"WebPage","@id":"https:\/\/tajkertesz.com\/termek\/paeonia-lactiflora-karl-rosenfield-illatos-bazsarozsa\/","url":"https:\/\/tajkertesz.com\/termek\/paeonia-lactiflora-karl-rosenfield-illatos-bazsarozsa\/","name":"Paeonia lactiflora 'Karl Rosenfield' - Illatos bazsar\u00f3zsa - T\u00e1jkert\u00e9sz","isPartOf":{"@id":"https:\/\/tajkertesz.com\/#website"},"primaryImageOfPage":{"@id":"https:\/\/tajkertesz.com\/termek\/paeonia-lactiflora-karl-rosenfield-illatos-bazsarozsa\/#primaryimage"},"image":{"@id":"https:\/\/tajkertesz.com\/termek\/paeonia-lactiflora-karl-rosenfield-illatos-bazsarozsa\/#primaryimage"},"thumbnailUrl":"https:\/\/tajkertesz.com\/wp-content\/uploads\/2025\/03\/20250307_091237-scaled.jpg","datePublished":"2025-03-17T10:57:27+00:00","dateModified":"2026-03-15T08:29:09+00:00","description":"Paeonia lactiflora 'Karl Rosenfield' - Illatos bazsar\u00f3zsa egy rendk\u00edv\u00fcl n\u00e9pszer\u0171 \u00e9s l\u00e1tv\u00e1nyos vir\u00e1g\u00fa fajta, amely az \u00e9vel\u0151 n\u00f6v\u00e9nyek k\u00f6z\u00e9 tartozik.","breadcrumb":{"@id":"https:\/\/tajkertesz.com\/termek\/paeonia-lactiflora-karl-rosenfield-illatos-bazsarozsa\/#breadcrumb"},"inLanguage":"en-US","potentialAction":[{"@type":"ReadAction","target":["https:\/\/tajkertesz.com\/termek\/paeonia-lactiflora-karl-rosenfield-illatos-bazsarozsa\/"]}]},{"@type":"ImageObject","inLanguage":"en-US","@id":"https:\/\/tajkertesz.com\/termek\/paeonia-lactiflora-karl-rosenfield-illatos-bazsarozsa\/#primaryimage","url":"https:\/\/tajkertesz.com\/wp-content\/uploads\/2025\/03\/20250307_091237-scaled.jpg","contentUrl":"https:\/\/tajkertesz.com\/wp-content\/uploads\/2025\/03\/20250307_091237-scaled.jpg","width":2560,"height":2560,"caption":"Paeonia lactiflora 'Karl Rosenfield' - Illatos bazsar\u00f3zsa"},{"@type":"BreadcrumbList","@id":"https:\/\/tajkertesz.com\/termek\/paeonia-lactiflora-karl-rosenfield-illatos-bazsarozsa\/#breadcrumb","itemListElement":[{"@type":"ListItem","position":1,"name":"Home","item":"https:\/\/tajkertesz.com\/"},{"@type":"ListItem","position":2,"name":"Kezd\u0151lap","item":"https:\/\/tajkertesz.com\/"},{"@type":"ListItem","position":3,"name":"Paeonia lactiflora &#8216;Karl Rosenfield&#8217; &#8211; Illatos bazsar\u00f3zsa"}]},{"@type":"WebSite","@id":"https:\/\/tajkertesz.com\/#website","url":"https:\/\/tajkertesz.com\/","name":"T\u00e1j-Kert\u00e9sz 84 Kft.","description":"Kert\u00e9szeti kis- \u00e9s nagykeresked\u00e9s, D\u00edszn\u00f6v\u00e9ny web\u00e1ruh\u00e1z orsz\u00e1gos h\u00e1zhozsz\u00e1ll\u00edt\u00e1ssal!","publisher":{"@id":"https:\/\/tajkertesz.com\/#organization"},"potentialAction":[{"@type":"SearchAction","target":{"@type":"EntryPoint","urlTemplate":"https:\/\/tajkertesz.com\/?s={search_term_string}"},"query-input":{"@type":"PropertyValueSpecification","valueRequired":true,"valueName":"search_term_string"}}],"inLanguage":"en-US"},{"@type":"Organization","@id":"https:\/\/tajkertesz.com\/#organization","name":"T\u00e1j-Kert\u00e9sz 84 Kft.","url":"https:\/\/tajkertesz.com\/","logo":{"@type":"ImageObject","inLanguage":"en-US","@id":"https:\/\/tajkertesz.com\/#\/schema\/logo\/image\/","url":"https:\/\/tajkertesz.com\/wp-content\/uploads\/2018\/02\/logo-2-e1518678052539.png","contentUrl":"https:\/\/tajkertesz.com\/wp-content\/uploads\/2018\/02\/logo-2-e1518678052539.png","width":81,"height":140,"caption":"T\u00e1j-Kert\u00e9sz 84 Kft."},"image":{"@id":"https:\/\/tajkertesz.com\/#\/schema\/logo\/image\/"},"sameAs":["https:\/\/www.facebook.com\/Tajkertesz\/"]}]}},"_links":{"self":[{"href":"https:\/\/tajkertesz.com\/en_US\/wp-json\/wp\/v2\/product\/22808","targetHints":{"allow":["GET"]}}],"collection":[{"href":"https:\/\/tajkertesz.com\/en_US\/wp-json\/wp\/v2\/product"}],"about":[{"href":"https:\/\/tajkertesz.com\/en_US\/wp-json\/wp\/v2\/types\/product"}],"wp:featuredmedia":[{"embeddable":true,"href":"https:\/\/tajkertesz.com\/en_US\/wp-json\/wp\/v2\/media\/22812"}],"wp:attachment":[{"href":"https:\/\/tajkertesz.com\/en_US\/wp-json\/wp\/v2\/media?parent=22808"}],"wp:term":[{"taxonomy":"product_brand","embeddable":true,"href":"https:\/\/tajkertesz.com\/en_US\/wp-json\/wp\/v2\/product_brand?post=22808"},{"taxonomy":"product_cat","embeddable":true,"href":"https:\/\/tajkertesz.com\/en_US\/wp-json\/wp\/v2\/product_cat?post=22808"},{"taxonomy":"product_tag","embeddable":true,"href":"https:\/\/tajkertesz.com\/en_US\/wp-json\/wp\/v2\/product_tag?post=22808"}],"curies":[{"name":"wp","href":"https:\/\/api.w.org\/{rel}","templated":true}]}}