{"id":2282,"date":"2020-10-20T10:10:36","date_gmt":"2020-10-20T10:10:36","guid":{"rendered":"https:\/\/tajkertesz.com\/?post_type=product&#038;p=2282"},"modified":"2023-04-11T13:04:38","modified_gmt":"2023-04-11T13:04:38","slug":"nepali-bors","status":"publish","type":"product","link":"https:\/\/tajkertesz.com\/en_US\/product\/nepali-bors\/","title":{"rendered":"Zanthoxylum Alatum , T\u00fcskefa, Nep\u00e1li Bors"},"content":{"rendered":"<p>Zanthoxylum Alatum , T\u00fcskefa, Nep\u00e1li Bors<\/p>\n<p>A Zanthoxylum Alatum , T\u00fcskefa, Nep\u00e1li Bors\u00a0\u00a02-4 m\u00e9teres, lomblevel\u0171 \u00f6r\u00f6kz\u00f6ld cserje, vagy kis fa.<\/p>\n<p>Arom\u00e1s illat\u00fa leveleivel, s\u0171r\u0171 t\u00fcsk\u00e9ivel d\u00edsz\u00edt.<\/p>\n<p>Fekete, bors m\u00e9ret\u0171 f\u00e9nyes bogy\u00f3term\u00e9sei sok\u00e1ig a bokron maradnak. Igazi ritkas\u00e1g!<\/p>\n<p>Jelen term\u00e9k\u00fcnk 2 literes kont\u00e9nerben \u00e9s 30\/40 cm magass\u00e1gban kaphat\u00f3.<\/p>\n<p style=\"line-height: 18.0pt; background: white; margin: 0cm 0cm 15.0pt 0cm;\"><b><span style=\"font-family: 'Ubuntu',serif; color: black;\">K\u00e9szlet\u00fcnk napi szinten v\u00e1ltozik, ez\u00e9rt k\u00e9rj\u00fck, \u00e9rdekl\u0151dj\u00f6n szem\u00e9lyesen, telefonon vagy email-en.<br \/>\nA v\u00e1ltoztat\u00e1s jog\u00e1t fenntartjuk!\u00a0<\/span><\/b><\/p>\n<p><a href=\"https:\/\/tajkertesz.com\/\">https:\/\/tajkertesz.com\/<\/a><\/p>\n<p><a href=\"https:\/\/en.wikipedia.org\/wiki\/Zanthoxylum\">https:\/\/en.wikipedia.org\/wiki\/Zanthoxylum<\/a><\/p>\n<h6><span style=\"color: #ffffff;\"><i><b>Zanthoxylum<\/b><\/i>\u00a0is a\u00a0<a style=\"color: #ffffff;\" title=\"Genus\" href=\"https:\/\/en.wikipedia.org\/wiki\/Genus\">genus<\/a>\u00a0of about 250 species of\u00a0<a style=\"color: #ffffff;\" title=\"Deciduous\" href=\"https:\/\/en.wikipedia.org\/wiki\/Deciduous\">deciduous<\/a>\u00a0and\u00a0<a style=\"color: #ffffff;\" title=\"Evergreen\" href=\"https:\/\/en.wikipedia.org\/wiki\/Evergreen\">evergreen<\/a>\u00a0trees, shrubs and climbers in the\u00a0<a style=\"color: #ffffff;\" title=\"Family (biology)\" href=\"https:\/\/en.wikipedia.org\/wiki\/Family_(biology)\">family<\/a>\u00a0<a style=\"color: #ffffff;\" title=\"Rutaceae\" href=\"https:\/\/en.wikipedia.org\/wiki\/Rutaceae\">Rutaceae<\/a>\u00a0that are native to warm\u00a0<a class=\"mw-redirect\" style=\"color: #ffffff;\" title=\"Temperate\" href=\"https:\/\/en.wikipedia.org\/wiki\/Temperate\">temperate<\/a>\u00a0and\u00a0<a style=\"color: #ffffff;\" title=\"Subtropics\" href=\"https:\/\/en.wikipedia.org\/wiki\/Subtropics\">subtropical<\/a>\u00a0areas worldwide. It is the type genus of the tribe Zanthoxyleae in the subfamily\u00a0<a style=\"color: #ffffff;\" title=\"Rutoideae\" href=\"https:\/\/en.wikipedia.org\/wiki\/Rutoideae#_Zanthoxyleae\">Rutoideae<\/a>. Several of the species have yellow heartwood, to which their generic name alludes.<sup id=\"cite_ref-3\" class=\"reference\"><a style=\"color: #ffffff;\" href=\"https:\/\/en.wikipedia.org\/wiki\/Zanthoxylum#cite_note-3\">[3]<\/a><\/sup><\/span><\/h6>\n<h6><span style=\"color: #ffffff;\"><span id=\"Description\" class=\"mw-headline\">Description<\/span><span class=\"mw-editsection\"><span class=\"mw-editsection-bracket\">[<\/span><a style=\"color: #ffffff;\" title=\"Edit section: Description\" href=\"https:\/\/en.wikipedia.org\/w\/index.php?title=Zanthoxylum&amp;action=edit&amp;section=1\">edit<\/a><span class=\"mw-editsection-bracket\">]<\/span><\/span><\/span><\/h6>\n<h6><span style=\"color: #ffffff;\">Plants in the genus\u00a0<i>Zanthoxylum<\/i>\u00a0are shrubs, trees or woody climbers armed with\u00a0<a style=\"color: #ffffff;\" title=\"Trichome\" href=\"https:\/\/en.wikipedia.org\/wiki\/Trichome#Plant_trichomes\">trichomes<\/a>. The leaves are arranged alternately and are usually\u00a0<a style=\"color: #ffffff;\" title=\"Pinnation\" href=\"https:\/\/en.wikipedia.org\/wiki\/Pinnation\">pinnate<\/a>\u00a0or\u00a0<a style=\"color: #ffffff;\" title=\"Glossary of leaf morphology\" href=\"https:\/\/en.wikipedia.org\/wiki\/Glossary_of_leaf_morphology#trifoliate\">trifoliate<\/a>. The flowers are usually arranged in\u00a0<a style=\"color: #ffffff;\" title=\"Panicle\" href=\"https:\/\/en.wikipedia.org\/wiki\/Panicle\">panicles<\/a>\u00a0and usually function as male or female flowers with four\u00a0<a style=\"color: #ffffff;\" title=\"Sepal\" href=\"https:\/\/en.wikipedia.org\/wiki\/Sepal\">sepals<\/a>\u00a0and four petals, the sepals remaining attached to the fruit. Male flowers have four\u00a0<a style=\"color: #ffffff;\" title=\"Stamen\" href=\"https:\/\/en.wikipedia.org\/wiki\/Stamen\">stamens<\/a>\u00a0opposite the sepals. Female flowers have up to five, more or less free\u00a0<a style=\"color: #ffffff;\" title=\"Gynoecium\" href=\"https:\/\/en.wikipedia.org\/wiki\/Gynoecium#Carpels\">carpels<\/a>\u00a0with the\u00a0<a class=\"mw-redirect\" style=\"color: #ffffff;\" title=\"Style (botany)\" href=\"https:\/\/en.wikipedia.org\/wiki\/Style_(botany)\">styles<\/a>\u00a0free or sometimes fused near the tip. The fruit is usually of up to four\u00a0<a style=\"color: #ffffff;\" title=\"Follicle (fruit)\" href=\"https:\/\/en.wikipedia.org\/wiki\/Follicle_(fruit)\">follicles<\/a>\u00a0fused at the base, each containing a single seed almost as large as the follicle.<sup id=\"cite_ref-RBGS_4-0\" class=\"reference\"><a style=\"color: #ffffff;\" href=\"https:\/\/en.wikipedia.org\/wiki\/Zanthoxylum#cite_note-RBGS-4\">[4]<\/a><\/sup><sup id=\"cite_ref-FoA_5-0\" class=\"reference\"><a style=\"color: #ffffff;\" href=\"https:\/\/en.wikipedia.org\/wiki\/Zanthoxylum#cite_note-FoA-5\">[5]<\/a><\/sup><\/span><\/h6>\n<h6><span style=\"color: #ffffff;\"><span id=\"Taxonomy\" class=\"mw-headline\">Taxonomy<\/span><span class=\"mw-editsection\"><span class=\"mw-editsection-bracket\">[<\/span><a style=\"color: #ffffff;\" title=\"Edit section: Taxonomy\" href=\"https:\/\/en.wikipedia.org\/w\/index.php?title=Zanthoxylum&amp;action=edit&amp;section=2\">edit<\/a><span class=\"mw-editsection-bracket\">]<\/span><\/span><\/span><\/h6>\n<h6><span style=\"color: #ffffff;\">The genus\u00a0<i>Zanthoxylum<\/i>\u00a0was first formally described in 1753 by\u00a0<a style=\"color: #ffffff;\" title=\"Carl Linnaeus\" href=\"https:\/\/en.wikipedia.org\/wiki\/Carl_Linnaeus\">Carl Linnaeus<\/a>\u00a0in the first volume of\u00a0<i><a style=\"color: #ffffff;\" title=\"Species Plantarum\" href=\"https:\/\/en.wikipedia.org\/wiki\/Species_Plantarum\">Species Plantarum<\/a><\/i>.<sup id=\"cite_ref-APNI_6-0\" class=\"reference\"><a style=\"color: #ffffff;\" href=\"https:\/\/en.wikipedia.org\/wiki\/Zanthoxylum#cite_note-APNI-6\">[6]<\/a><\/sup><sup id=\"cite_ref-L._7-0\" class=\"reference\"><a style=\"color: #ffffff;\" href=\"https:\/\/en.wikipedia.org\/wiki\/Zanthoxylum#cite_note-L.-7\">[7]<\/a><\/sup>\u00a0The generic name is derived from\u00a0<a style=\"color: #ffffff;\" title=\"Ancient Greek\" href=\"https:\/\/en.wikipedia.org\/wiki\/Ancient_Greek\">Ancient Greek<\/a>\u00a0words\u00a0<span lang=\"grc\"><a class=\"extiw\" style=\"color: #ffffff;\" title=\"wikt:\u03be\u03b1\u03bd\u03b8\u03cc\u03c2\" href=\"https:\/\/en.wiktionary.org\/wiki\/%CE%BE%CE%B1%CE%BD%CE%B8%CF%8C%CF%82#Ancient_Greek\">\u03be\u03b1\u03bd\u03b8\u03cc\u03c2<\/a><\/span>\u00a0(<i>xanthos<\/i>), meaning &#8222;yellow,&#8221; and\u00a0<span lang=\"grc\"><a class=\"extiw\" style=\"color: #ffffff;\" title=\"wikt:\u03be\u03cd\u03bb\u03bf\u03bd\" href=\"https:\/\/en.wiktionary.org\/wiki\/%CE%BE%CF%8D%CE%BB%CE%BF%CE%BD#Ancient_Greek\">\u03be\u03cd\u03bb\u03bf\u03bd<\/a><\/span>\u00a0(<i>xylon<\/i>), meaning &#8222;wood.&#8221; It is technically misspelled, as the\u00a0<i>z<\/i>\u00a0should be\u00a0<i>x<\/i>, but botanical nomenclature does not allow for spelling corrections. It refers to a yellow dye made from the roots of some species.<sup id=\"cite_ref-8\" class=\"reference\"><a style=\"color: #ffffff;\" href=\"https:\/\/en.wikipedia.org\/wiki\/Zanthoxylum#cite_note-8\">[8]<\/a><\/sup>\u00a0The first species that Linnaeus described was\u00a0<i>Zanthoxylum trifoliatum<\/i>, now regarded as a\u00a0<a style=\"color: #ffffff;\" title=\"Synonym (taxonomy)\" href=\"https:\/\/en.wikipedia.org\/wiki\/Synonym_(taxonomy)\">synonym<\/a>\u00a0of\u00a0<i><a class=\"new\" style=\"color: #ffffff;\" title=\"Eleutherococcus trifoliatus (page does not exist)\" href=\"https:\/\/en.wikipedia.org\/w\/index.php?title=Eleutherococcus_trifoliatus&amp;action=edit&amp;redlink=1\">Eleutherococcus trifoliatus<\/a><\/i>.<sup id=\"cite_ref-L._7-1\" class=\"reference\"><a style=\"color: #ffffff;\" href=\"https:\/\/en.wikipedia.org\/wiki\/Zanthoxylum#cite_note-L.-7\">[7]<\/a><\/sup><sup id=\"cite_ref-POWO2_9-0\" class=\"reference\"><a style=\"color: #ffffff;\" href=\"https:\/\/en.wikipedia.org\/wiki\/Zanthoxylum#cite_note-POWO2-9\">[9]<\/a><\/sup>\u00a0The once separate genus\u00a0<i>Fagara<\/i>\u00a0is now included in\u00a0<i>Zanthoxylum<\/i>.<sup id=\"cite_ref-10\" class=\"reference\"><a style=\"color: #ffffff;\" href=\"https:\/\/en.wikipedia.org\/wiki\/Zanthoxylum#cite_note-10\">[10]<\/a><\/sup><\/span><\/h6>\n<h6><\/h6>\n<p>&nbsp;<\/p>\n","protected":false},"excerpt":{"rendered":"<p>A Zanthoxylum Alatum , T\u00fcskefa, Nep\u00e1li Bors\u00a0\u00a02-4 m\u00e9teres, lomblevel\u0171 \u00f6r\u00f6kz\u00f6ld cserje, vagy kis fa.<\/p>\n<p>Arom\u00e1s illat\u00fa leveleivel, s\u0171r\u0171 t\u00fcsk\u00e9ivel d\u00edsz\u00edt.<\/p>\n<p>Fekete, bors m\u00e9ret\u0171 f\u00e9nyes bogy\u00f3term\u00e9sei sok\u00e1ig a bokron maradnak. Igazi ritkas\u00e1g!<\/p>","protected":false},"featured_media":2283,"template":"","meta":{"_et_pb_use_builder":"","_et_pb_old_content":"","_et_gb_content_width":""},"product_brand":[],"product_cat":[27],"product_tag":[737,739,738,736],"class_list":{"0":"post-2282","1":"product","2":"type-product","3":"status-publish","4":"has-post-thumbnail","6":"product_cat-cserjek","7":"product_tag-alatum","8":"product_tag-nepali-bors","9":"product_tag-tuskefa","10":"product_tag-zanthoxylum","12":"first","13":"outofstock","14":"shipping-taxable","15":"product-type-simple"},"yoast_head":"<!-- This site is optimized with the Yoast SEO plugin v27.5 - https:\/\/yoast.com\/product\/yoast-seo-wordpress\/ -->\n<title>Zanthoxylum Alatum , T\u00fcskefa, Nep\u00e1li Bors - T\u00e1jkert\u00e9sz<\/title>\n<meta name=\"description\" content=\"A Zanthoxylum Alatum ,T\u00fcskefa, Nep\u00e1li Bors ,2 -4 m\u00e9teres, lomblevel\u0171 \u00f6r\u00f6kz\u00f6ld cserje, vagy kis fa. Igazi ritkas\u00e1g!\" \/>\n<meta name=\"robots\" content=\"index, follow, max-snippet:-1, max-image-preview:large, max-video-preview:-1\" \/>\n<link rel=\"canonical\" href=\"https:\/\/tajkertesz.com\/en_US\/product\/nepali-bors\/\" \/>\n<meta property=\"og:locale\" content=\"en_US\" \/>\n<meta property=\"og:type\" content=\"article\" \/>\n<meta property=\"og:title\" content=\"Zanthoxylum Alatum , T\u00fcskefa, Nep\u00e1li Bors - T\u00e1jkert\u00e9sz\" \/>\n<meta property=\"og:description\" content=\"A Zanthoxylum Alatum ,T\u00fcskefa, Nep\u00e1li Bors ,2 -4 m\u00e9teres, lomblevel\u0171 \u00f6r\u00f6kz\u00f6ld cserje, vagy kis fa. Igazi ritkas\u00e1g!\" \/>\n<meta property=\"og:url\" content=\"https:\/\/tajkertesz.com\/en_US\/product\/nepali-bors\/\" \/>\n<meta property=\"og:site_name\" content=\"T\u00e1jkert\u00e9sz\" \/>\n<meta property=\"article:publisher\" content=\"https:\/\/www.facebook.com\/Tajkertesz\/\" \/>\n<meta property=\"article:modified_time\" content=\"2023-04-11T13:04:38+00:00\" \/>\n<meta property=\"og:image\" content=\"https:\/\/tajkertesz.com\/wp-content\/uploads\/2020\/10\/Nepali-tuskebors.jpg\" \/>\n\t<meta property=\"og:image:width\" content=\"490\" \/>\n\t<meta property=\"og:image:height\" content=\"490\" \/>\n\t<meta property=\"og:image:type\" content=\"image\/jpeg\" \/>\n<meta name=\"twitter:card\" content=\"summary_large_image\" \/>\n<meta name=\"twitter:label1\" content=\"Est. reading time\" \/>\n\t<meta name=\"twitter:data1\" content=\"2 minutes\" \/>\n<script type=\"application\/ld+json\" class=\"yoast-schema-graph\">{\"@context\":\"https:\\\/\\\/schema.org\",\"@graph\":[{\"@type\":\"WebPage\",\"@id\":\"https:\\\/\\\/tajkertesz.com\\\/termek\\\/nepali-bors\\\/\",\"url\":\"https:\\\/\\\/tajkertesz.com\\\/termek\\\/nepali-bors\\\/\",\"name\":\"Zanthoxylum Alatum , T\u00fcskefa, Nep\u00e1li Bors - T\u00e1jkert\u00e9sz\",\"isPartOf\":{\"@id\":\"https:\\\/\\\/tajkertesz.com\\\/#website\"},\"primaryImageOfPage\":{\"@id\":\"https:\\\/\\\/tajkertesz.com\\\/termek\\\/nepali-bors\\\/#primaryimage\"},\"image\":{\"@id\":\"https:\\\/\\\/tajkertesz.com\\\/termek\\\/nepali-bors\\\/#primaryimage\"},\"thumbnailUrl\":\"https:\\\/\\\/tajkertesz.com\\\/wp-content\\\/uploads\\\/2020\\\/10\\\/Nepali-tuskebors.jpg\",\"datePublished\":\"2020-10-20T10:10:36+00:00\",\"dateModified\":\"2023-04-11T13:04:38+00:00\",\"description\":\"A Zanthoxylum Alatum ,T\u00fcskefa, Nep\u00e1li Bors ,2 -4 m\u00e9teres, lomblevel\u0171 \u00f6r\u00f6kz\u00f6ld cserje, vagy kis fa. Igazi ritkas\u00e1g!\",\"breadcrumb\":{\"@id\":\"https:\\\/\\\/tajkertesz.com\\\/termek\\\/nepali-bors\\\/#breadcrumb\"},\"inLanguage\":\"en-US\",\"potentialAction\":[{\"@type\":\"ReadAction\",\"target\":[\"https:\\\/\\\/tajkertesz.com\\\/termek\\\/nepali-bors\\\/\"]}]},{\"@type\":\"ImageObject\",\"inLanguage\":\"en-US\",\"@id\":\"https:\\\/\\\/tajkertesz.com\\\/termek\\\/nepali-bors\\\/#primaryimage\",\"url\":\"https:\\\/\\\/tajkertesz.com\\\/wp-content\\\/uploads\\\/2020\\\/10\\\/Nepali-tuskebors.jpg\",\"contentUrl\":\"https:\\\/\\\/tajkertesz.com\\\/wp-content\\\/uploads\\\/2020\\\/10\\\/Nepali-tuskebors.jpg\",\"width\":490,\"height\":490},{\"@type\":\"BreadcrumbList\",\"@id\":\"https:\\\/\\\/tajkertesz.com\\\/termek\\\/nepali-bors\\\/#breadcrumb\",\"itemListElement\":[{\"@type\":\"ListItem\",\"position\":1,\"name\":\"Home\",\"item\":\"https:\\\/\\\/tajkertesz.com\\\/\"},{\"@type\":\"ListItem\",\"position\":2,\"name\":\"Kezd\u0151lap\",\"item\":\"https:\\\/\\\/tajkertesz.com\\\/\"},{\"@type\":\"ListItem\",\"position\":3,\"name\":\"Zanthoxylum Alatum , T\u00fcskefa, Nep\u00e1li Bors\"}]},{\"@type\":\"WebSite\",\"@id\":\"https:\\\/\\\/tajkertesz.com\\\/#website\",\"url\":\"https:\\\/\\\/tajkertesz.com\\\/\",\"name\":\"T\u00e1j-Kert\u00e9sz 84 Kft.\",\"description\":\"Kert\u00e9szeti kis- \u00e9s nagykeresked\u00e9s, D\u00edszn\u00f6v\u00e9ny web\u00e1ruh\u00e1z orsz\u00e1gos h\u00e1zhozsz\u00e1ll\u00edt\u00e1ssal!\",\"publisher\":{\"@id\":\"https:\\\/\\\/tajkertesz.com\\\/#organization\"},\"potentialAction\":[{\"@type\":\"SearchAction\",\"target\":{\"@type\":\"EntryPoint\",\"urlTemplate\":\"https:\\\/\\\/tajkertesz.com\\\/?s={search_term_string}\"},\"query-input\":{\"@type\":\"PropertyValueSpecification\",\"valueRequired\":true,\"valueName\":\"search_term_string\"}}],\"inLanguage\":\"en-US\"},{\"@type\":\"Organization\",\"@id\":\"https:\\\/\\\/tajkertesz.com\\\/#organization\",\"name\":\"T\u00e1j-Kert\u00e9sz 84 Kft.\",\"url\":\"https:\\\/\\\/tajkertesz.com\\\/\",\"logo\":{\"@type\":\"ImageObject\",\"inLanguage\":\"en-US\",\"@id\":\"https:\\\/\\\/tajkertesz.com\\\/#\\\/schema\\\/logo\\\/image\\\/\",\"url\":\"https:\\\/\\\/tajkertesz.com\\\/wp-content\\\/uploads\\\/2018\\\/02\\\/logo-2-e1518678052539.png\",\"contentUrl\":\"https:\\\/\\\/tajkertesz.com\\\/wp-content\\\/uploads\\\/2018\\\/02\\\/logo-2-e1518678052539.png\",\"width\":81,\"height\":140,\"caption\":\"T\u00e1j-Kert\u00e9sz 84 Kft.\"},\"image\":{\"@id\":\"https:\\\/\\\/tajkertesz.com\\\/#\\\/schema\\\/logo\\\/image\\\/\"},\"sameAs\":[\"https:\\\/\\\/www.facebook.com\\\/Tajkertesz\\\/\"]}]}<\/script>\n<!-- \/ Yoast SEO plugin. -->","yoast_head_json":{"title":"Zanthoxylum Alatum , T\u00fcskefa, Nep\u00e1li Bors - T\u00e1jkert\u00e9sz","description":"A Zanthoxylum Alatum ,T\u00fcskefa, Nep\u00e1li Bors ,2 -4 m\u00e9teres, lomblevel\u0171 \u00f6r\u00f6kz\u00f6ld cserje, vagy kis fa. Igazi ritkas\u00e1g!","robots":{"index":"index","follow":"follow","max-snippet":"max-snippet:-1","max-image-preview":"max-image-preview:large","max-video-preview":"max-video-preview:-1"},"canonical":"https:\/\/tajkertesz.com\/en_US\/product\/nepali-bors\/","og_locale":"en_US","og_type":"article","og_title":"Zanthoxylum Alatum , T\u00fcskefa, Nep\u00e1li Bors - T\u00e1jkert\u00e9sz","og_description":"A Zanthoxylum Alatum ,T\u00fcskefa, Nep\u00e1li Bors ,2 -4 m\u00e9teres, lomblevel\u0171 \u00f6r\u00f6kz\u00f6ld cserje, vagy kis fa. Igazi ritkas\u00e1g!","og_url":"https:\/\/tajkertesz.com\/en_US\/product\/nepali-bors\/","og_site_name":"T\u00e1jkert\u00e9sz","article_publisher":"https:\/\/www.facebook.com\/Tajkertesz\/","article_modified_time":"2023-04-11T13:04:38+00:00","og_image":[{"width":490,"height":490,"url":"https:\/\/tajkertesz.com\/wp-content\/uploads\/2020\/10\/Nepali-tuskebors.jpg","type":"image\/jpeg"}],"twitter_card":"summary_large_image","twitter_misc":{"Est. reading time":"2 minutes"},"schema":{"@context":"https:\/\/schema.org","@graph":[{"@type":"WebPage","@id":"https:\/\/tajkertesz.com\/termek\/nepali-bors\/","url":"https:\/\/tajkertesz.com\/termek\/nepali-bors\/","name":"Zanthoxylum Alatum , T\u00fcskefa, Nep\u00e1li Bors - T\u00e1jkert\u00e9sz","isPartOf":{"@id":"https:\/\/tajkertesz.com\/#website"},"primaryImageOfPage":{"@id":"https:\/\/tajkertesz.com\/termek\/nepali-bors\/#primaryimage"},"image":{"@id":"https:\/\/tajkertesz.com\/termek\/nepali-bors\/#primaryimage"},"thumbnailUrl":"https:\/\/tajkertesz.com\/wp-content\/uploads\/2020\/10\/Nepali-tuskebors.jpg","datePublished":"2020-10-20T10:10:36+00:00","dateModified":"2023-04-11T13:04:38+00:00","description":"A Zanthoxylum Alatum ,T\u00fcskefa, Nep\u00e1li Bors ,2 -4 m\u00e9teres, lomblevel\u0171 \u00f6r\u00f6kz\u00f6ld cserje, vagy kis fa. Igazi ritkas\u00e1g!","breadcrumb":{"@id":"https:\/\/tajkertesz.com\/termek\/nepali-bors\/#breadcrumb"},"inLanguage":"en-US","potentialAction":[{"@type":"ReadAction","target":["https:\/\/tajkertesz.com\/termek\/nepali-bors\/"]}]},{"@type":"ImageObject","inLanguage":"en-US","@id":"https:\/\/tajkertesz.com\/termek\/nepali-bors\/#primaryimage","url":"https:\/\/tajkertesz.com\/wp-content\/uploads\/2020\/10\/Nepali-tuskebors.jpg","contentUrl":"https:\/\/tajkertesz.com\/wp-content\/uploads\/2020\/10\/Nepali-tuskebors.jpg","width":490,"height":490},{"@type":"BreadcrumbList","@id":"https:\/\/tajkertesz.com\/termek\/nepali-bors\/#breadcrumb","itemListElement":[{"@type":"ListItem","position":1,"name":"Home","item":"https:\/\/tajkertesz.com\/"},{"@type":"ListItem","position":2,"name":"Kezd\u0151lap","item":"https:\/\/tajkertesz.com\/"},{"@type":"ListItem","position":3,"name":"Zanthoxylum Alatum , T\u00fcskefa, Nep\u00e1li Bors"}]},{"@type":"WebSite","@id":"https:\/\/tajkertesz.com\/#website","url":"https:\/\/tajkertesz.com\/","name":"T\u00e1j-Kert\u00e9sz 84 Kft.","description":"Kert\u00e9szeti kis- \u00e9s nagykeresked\u00e9s, D\u00edszn\u00f6v\u00e9ny web\u00e1ruh\u00e1z orsz\u00e1gos h\u00e1zhozsz\u00e1ll\u00edt\u00e1ssal!","publisher":{"@id":"https:\/\/tajkertesz.com\/#organization"},"potentialAction":[{"@type":"SearchAction","target":{"@type":"EntryPoint","urlTemplate":"https:\/\/tajkertesz.com\/?s={search_term_string}"},"query-input":{"@type":"PropertyValueSpecification","valueRequired":true,"valueName":"search_term_string"}}],"inLanguage":"en-US"},{"@type":"Organization","@id":"https:\/\/tajkertesz.com\/#organization","name":"T\u00e1j-Kert\u00e9sz 84 Kft.","url":"https:\/\/tajkertesz.com\/","logo":{"@type":"ImageObject","inLanguage":"en-US","@id":"https:\/\/tajkertesz.com\/#\/schema\/logo\/image\/","url":"https:\/\/tajkertesz.com\/wp-content\/uploads\/2018\/02\/logo-2-e1518678052539.png","contentUrl":"https:\/\/tajkertesz.com\/wp-content\/uploads\/2018\/02\/logo-2-e1518678052539.png","width":81,"height":140,"caption":"T\u00e1j-Kert\u00e9sz 84 Kft."},"image":{"@id":"https:\/\/tajkertesz.com\/#\/schema\/logo\/image\/"},"sameAs":["https:\/\/www.facebook.com\/Tajkertesz\/"]}]}},"_links":{"self":[{"href":"https:\/\/tajkertesz.com\/en_US\/wp-json\/wp\/v2\/product\/2282","targetHints":{"allow":["GET"]}}],"collection":[{"href":"https:\/\/tajkertesz.com\/en_US\/wp-json\/wp\/v2\/product"}],"about":[{"href":"https:\/\/tajkertesz.com\/en_US\/wp-json\/wp\/v2\/types\/product"}],"wp:featuredmedia":[{"embeddable":true,"href":"https:\/\/tajkertesz.com\/en_US\/wp-json\/wp\/v2\/media\/2283"}],"wp:attachment":[{"href":"https:\/\/tajkertesz.com\/en_US\/wp-json\/wp\/v2\/media?parent=2282"}],"wp:term":[{"taxonomy":"product_brand","embeddable":true,"href":"https:\/\/tajkertesz.com\/en_US\/wp-json\/wp\/v2\/product_brand?post=2282"},{"taxonomy":"product_cat","embeddable":true,"href":"https:\/\/tajkertesz.com\/en_US\/wp-json\/wp\/v2\/product_cat?post=2282"},{"taxonomy":"product_tag","embeddable":true,"href":"https:\/\/tajkertesz.com\/en_US\/wp-json\/wp\/v2\/product_tag?post=2282"}],"curies":[{"name":"wp","href":"https:\/\/api.w.org\/{rel}","templated":true}]}}