{"id":2292,"date":"2020-10-20T13:05:32","date_gmt":"2020-10-20T13:05:32","guid":{"rendered":"https:\/\/tajkertesz.com\/?post_type=product&#038;p=2292"},"modified":"2026-04-28T14:52:20","modified_gmt":"2026-04-28T14:52:20","slug":"rubus-idaeus-malling-promise-malna","status":"publish","type":"product","link":"https:\/\/tajkertesz.com\/en_US\/product\/rubus-idaeus-malling-promise-malna\/","title":{"rendered":"Rubus idaeus &#8216;Malling Promise\u2019 &#8211; M\u00e1lna"},"content":{"rendered":"<h1>Rubus idaeus &#8216;Malling Promise\u2019 &#8211; M\u00e1lna<\/h1>\n<p data-start=\"720\" data-end=\"1055\"><strong data-start=\"720\" data-end=\"754\">Rubus idaeus &#8216;Malling Promise&#8217;<\/strong> egy n\u00e9pszer\u0171, korai \u00e9r\u00e9s\u0171 m\u00e1lnafajta, amely kiv\u00e1l\u00f3 v\u00e1laszt\u00e1s h\u00e1zikerti \u00e9s kisebb gazdas\u00e1gi termeszt\u00e9sre is. J\u00fanius elej\u00e9t\u0151l kezd\u0151d\u0151en hozza b\u0151 term\u00e9s\u00e9t, amely nagy m\u00e9ret\u0171, \u00e9l\u00e9nkpiros, \u00edzletes bogy\u00f3kb\u00f3l \u00e1ll. \u00d6nterm\u00e9keny, \u00edgy nem ig\u00e9nyel porz\u00f3p\u00e1rt, \u00e9s betegs\u00e9gekkel szemben ellen\u00e1ll\u00f3, megb\u00edzhat\u00f3 fajta.<\/p>\n<h2 data-start=\"1057\" data-end=\"1076\">Rubus idaeus &#8216;Malling Promise\u2019 jellemz\u0151i:<\/h2>\n<ul data-start=\"1077\" data-end=\"1423\">\n<li data-start=\"1077\" data-end=\"1106\">\n<p data-start=\"1079\" data-end=\"1106\"><strong data-start=\"1079\" data-end=\"1093\">\u00c9r\u00e9si id\u0151:<\/strong> j\u00fanius eleje<\/p>\n<\/li>\n<li data-start=\"1107\" data-end=\"1154\">\n<p data-start=\"1109\" data-end=\"1154\"><strong data-start=\"1109\" data-end=\"1120\">Term\u00e9s:<\/strong> nagy, l\u00e9d\u00fas, \u00e9des-savanyk\u00e1s m\u00e1lna<\/p>\n<\/li>\n<li data-start=\"1155\" data-end=\"1205\">\n<p data-start=\"1157\" data-end=\"1205\"><strong data-start=\"1157\" data-end=\"1171\">N\u00f6veked\u00e9s:<\/strong> k\u00f6z\u00e9per\u0151s, 1,5\u20132 m\u00e9teres hajt\u00e1sok<\/p>\n<\/li>\n<li data-start=\"1206\" data-end=\"1250\">\n<p data-start=\"1208\" data-end=\"1250\"><strong data-start=\"1208\" data-end=\"1230\">\u00dcltet\u00e9si t\u00e1vols\u00e1g:<\/strong> 50\u201360 cm t\u0151t\u00e1vols\u00e1g<\/p>\n<\/li>\n<li data-start=\"1251\" data-end=\"1291\">\n<p data-start=\"1253\" data-end=\"1291\"><strong data-start=\"1253\" data-end=\"1267\">F\u00e9nyig\u00e9ny:<\/strong> napos, f\u00e9l\u00e1rny\u00e9kos hely<\/p>\n<\/li>\n<li data-start=\"1292\" data-end=\"1347\">\n<p data-start=\"1294\" data-end=\"1347\"><strong data-start=\"1294\" data-end=\"1304\">Talaj:<\/strong> j\u00f3 v\u00edzelvezet\u00e9s\u0171, t\u00e1panyagban gazdag talaj<\/p>\n<\/li>\n<li data-start=\"1348\" data-end=\"1386\">\n<p data-start=\"1350\" data-end=\"1386\"><strong data-start=\"1350\" data-end=\"1370\">Telep\u00edt\u00e9s ideje:<\/strong> tavasz vagy \u0151sz<\/p>\n<\/li>\n<li data-start=\"1387\" data-end=\"1423\">\n<p data-start=\"1389\" data-end=\"1423\"><strong data-start=\"1389\" data-end=\"1405\">Fagy\u00e1ll\u00f3s\u00e1g:<\/strong> -20 \u00b0C-ig t\u00e9l\u00e1ll\u00f3<\/p>\n<\/li>\n<\/ul>\n<p data-start=\"1425\" data-end=\"1492\">Ide\u00e1lis friss fogyaszt\u00e1sra, lekv\u00e1r, sz\u00f6rp \u00e9s fagyaszt\u00e1s c\u00e9lj\u00e1ra is.<\/p>\n<h4><strong>\ud83d\udd04 K\u00e9szletinform\u00e1ci\u00f3<\/strong><\/h4>\n<p><strong>K\u00e9szlet\u00fcnk napi szinten v\u00e1ltozik, \u00edgy a webshopban szerepl<\/strong><strong>\u0151<\/strong><strong>\u00a0term\u00e9kek el\u00e9rhet<\/strong><strong>\u0151<\/strong><strong>s\u00e9ge nem garant\u00e1lt.<br \/>\n\ud83d\udcde A megrendel\u00e9s el<\/strong><strong>\u0151<\/strong><strong>tt k\u00e9rj\u00fck, \u00e9rdekl<\/strong><strong>\u0151<\/strong><strong>dj\u00f6n szem\u00e9lyesen, telefonon vagy e-mailben!<\/strong><\/p>\n<h4><strong>\u27a1\ufe0f Kapcsolat:<\/strong><\/h4>\n<ul>\n<li><strong>Weboldal:\u00a0<\/strong><a href=\"https:\/\/tajkertesz.com\/\"><strong>tajkertesz.com<\/strong><\/a><\/li>\n<li><strong>Facebook:\u00a0<\/strong><a href=\"https:\/\/www.facebook.com\/tajkertesz\/\"><strong>facebook.com\/tajkertesz<\/strong><\/a><\/li>\n<li><strong>Telefonsz\u00e1m, e-mail: +36\/20-319-3770\u00a0<\/strong><a href=\"mailto:tajkerteszaruda@gmail.com\"><strong>tajkerteszaruda@gmail.com<\/strong><\/a><\/li>\n<\/ul>\n<h4><strong>\ud83d\ude9a Sz\u00e1ll\u00edt\u00e1si inform\u00e1ci\u00f3k<\/strong><\/h4>\n<p><strong>A megrendelt n\u00f6v\u00e9nyek kisz\u00e1ll\u00edt\u00e1sa az al\u00e1bbi felt\u00e9telek mellett t\u00f6rt\u00e9nik:<\/strong><\/p>\n<h4><strong>\ud83d\udce6 Fut\u00e1rszolg\u00e1latos sz\u00e1ll\u00edt\u00e1s<\/strong><\/h4>\n<ul>\n<li><strong>Maxim\u00e1lis m\u00e9ret: 200 cm (hossz\u00fas\u00e1g)<\/strong><\/li>\n<li><strong>Maxim\u00e1lis s\u00faly: 40 kg<\/strong><\/li>\n<li><strong>Az enn\u00e9l kisebb \u00e9s k\u00f6nnyebb csomagokat fut\u00e1rszolg\u00e1lattal k\u00e9zbes\u00edtj\u00fck a lehet<\/strong><strong>\u0151<\/strong><strong>\u00a0legbiztons\u00e1gosabb csomagol\u00e1sban.<\/strong><\/li>\n<\/ul>\n<h4><strong>\ud83d\udefb Szem\u00e9lyes \u00e1tv\u00e9tel<\/strong><\/h4>\n<ul>\n<li><strong>1173 Budapest, Bakancsos utca 7. sz\u00e1m alatt nyitvatart\u00e1si id<\/strong><strong>\u0151<\/strong><strong>ben szem\u00e9lyesen \u00e1tvehet<\/strong><strong>\u0151<\/strong><strong>\u00a0kert\u00e9szeti \u00e1rud\u00e1nkban.<\/strong><\/li>\n<li><strong>K\u00f6lts\u00e9ghat\u00e9kony megold\u00e1s nagyobb, t\u00f6r\u00e9kenyebb vagy t\u00falm\u00e9retes n\u00f6v\u00e9nyek eset\u00e9n.<\/strong><\/li>\n<\/ul>\n<h4><strong>\ud83d\udcde Nagy m\u00e9ret<\/strong><strong>\u0171<\/strong><strong>\u00a0vagy s\u00faly\u00fa n\u00f6v\u00e9nyek eset\u00e9n<\/strong><\/h4>\n<p><strong>Ha a term\u00e9k:<\/strong><\/p>\n<ul>\n<li><strong>meghaladja a 200 cm hossz\u00fas\u00e1got vagy<\/strong><\/li>\n<li><strong>meghaladja a 40 kg s\u00falyt,<\/strong><\/li>\n<\/ul>\n<p><strong>akkor szem\u00e9lyes \u00e1tv\u00e9tellel vagy egyedi, el<\/strong><strong>\u0151<\/strong><strong>re egyeztetett sz\u00e1ll\u00edt\u00e1si felt\u00e9telek mellett t\u00f6rt\u00e9nik.<br \/>\nK\u00e9rj\u00fck, ilyen esetben rendel\u00e9s el<\/strong><strong>\u0151<\/strong><strong>tt vegye fel vel\u00fcnk a kapcsolatot, hogy a lehet<\/strong><strong>\u0151<\/strong><strong>\u00a0legmegfelel<\/strong><strong>\u0151<\/strong><strong>bb sz\u00e1ll\u00edt\u00e1si megold\u00e1st k\u00edn\u00e1lhassuk.<\/strong><\/p>\n<p><strong>\ud83d\udd14 Fontos: A n\u00f6v\u00e9nyeket minden esetben igyeksz\u00fcnk gondosan, egyes\u00e9vel csomagolni, azonban a sz\u00e1ll\u00edt\u00e1s sor\u00e1n kisebb eszt\u00e9tikai s\u00e9r\u00fcl\u00e9sek el<\/strong><strong>\u0151<\/strong><strong>fordulhatnak (pl. lev\u00e9lhull\u00e1s). Ez nem min<\/strong><strong>\u0151<\/strong><strong>s\u00fcl hib\u00e1s teljes\u00edt\u00e9snek.<\/strong><\/p>\n<h4><strong>\ud83d\udcf7 Fontos tudni a k\u00e9pekr<\/strong><strong>\u0151<\/strong><strong>l<\/strong><\/h4>\n<p><strong>A webshopban szerepl<\/strong><strong>\u0151<\/strong><strong>\u00a0k\u00e9pek illusztr\u00e1ci\u00f3k, a n\u00f6v\u00e9nyek term\u00e9szet\u00fckn\u00e9l fogva egyediek, \u00edgy m\u00e9retben, alakban \u00e9s sz\u00ednben minim\u00e1lis elt\u00e9r\u00e9sek el<\/strong><strong>\u0151<\/strong><strong>fordulhatnak a k\u00e9pen l\u00e1that\u00f3 \u00e9s a val\u00f3s p\u00e9ld\u00e1nyok k\u00f6z\u00f6tt.<\/strong><\/p>\n<h4><strong>\ud83e\uddfe \u00c1rak \u00e9s el\u00e1ll\u00e1si jog<\/strong><\/h4>\n<ul>\n<li><strong>Az \u00e1rak egy darab\u00a0n\u00f6v\u00e9nyre vonatkoznak.<\/strong><\/li>\n<li><strong>\u00c9l<\/strong><strong>\u0151<\/strong><strong>\u00a0n\u00f6v\u00e9nyek rendel\u00e9se eset\u00e9n a 14 napos el\u00e1ll\u00e1s joga nem \u00e9rv\u00e9nyes\u00edthet<\/strong><strong>\u0151<\/strong><strong>, mivel azok romland\u00f3, biol\u00f3giailag \u00e9l<\/strong><strong>\u0151<\/strong><strong>\u00a0term\u00e9keknek min<\/strong><strong>\u0151<\/strong><strong>s\u00fclnek.<br \/>\n\ud83d\udd12 (17\/1999. (II. 5.) Korm. rendelet 5. \u00a7 c) pontja alapj\u00e1n)<\/strong><\/li>\n<\/ul>\n<h4><strong>\ud83d\udce6 K\u00e9zbes\u00edt\u00e9s ut\u00e1ni teend<\/strong><strong>\u0151<\/strong><strong>k<\/strong><\/h4>\n<p><strong>A k\u00e9zbes\u00edt\u00e9st k\u00f6vet<\/strong><strong>\u0151<\/strong><strong>en a csomagot azonnal bontsuk ki, \u00e9s a n\u00f6v\u00e9nyt helyezz\u00fck el megfelel<\/strong><strong>\u0151<\/strong><strong>\u00a0k\u00f6rnyezetben.<br \/>\nFontos: ha a n\u00f6v\u00e9ny nem r\u00e9szes\u00fcl megfelel<\/strong><strong>\u0151<\/strong><strong>\u00a0gondoz\u00e1sban \u00e9s ennek k\u00f6vetkezt\u00e9ben k\u00e1rosodik vagy elpusztul, felel<\/strong><strong>\u0151<\/strong><strong>ss\u00e9get nem tudunk v\u00e1llalni.<\/strong><\/p>\n<h6><\/h6>","protected":false},"excerpt":{"rendered":"<p>Korai \u00e9r\u00e9s\u0171, \u00f6nterm\u00e9keny m\u00e1lnafajta nagy, \u00edzletes term\u00e9ssel. Ide\u00e1lis v\u00e1laszt\u00e1s h\u00e1zikertekbe \u00e9s kisebb gazdas\u00e1gokba is. Betegs\u00e9gekkel szemben ellen\u00e1ll\u00f3, megb\u00edzhat\u00f3 n\u00f6v\u00e9ny.<\/p>\n<p>M\u00e9rete: 60 cm magas, 2 literes kont\u00e9nerben.<\/p>","protected":false},"featured_media":24998,"template":"","meta":{"_et_pb_use_builder":"","_et_pb_old_content":"","_et_gb_content_width":""},"product_brand":[],"product_cat":[5384],"product_tag":[7055,7240,7061,6394,7295,747,726,723],"class_list":{"0":"post-2292","1":"product","2":"type-product","3":"status-publish","4":"has-post-thumbnail","6":"product_cat-malna","7":"product_tag-bogyos-gyumolcs","8":"product_tag-gyumolcsbokor","9":"product_tag-gyumolcstermo-noveny","10":"product_tag-kerti-noveny","11":"product_tag-korai-eresu-malna","12":"product_tag-malling-promise","13":"product_tag-malna","14":"product_tag-rubus-idaeus","16":"first","17":"instock","18":"shipping-taxable","19":"purchasable","20":"product-type-simple"},"yoast_head":"<!-- This site is optimized with the Yoast SEO plugin v27.5 - https:\/\/yoast.com\/product\/yoast-seo-wordpress\/ -->\n<title>Rubus idaeus &#039;Malling Promise\u2019 - M\u00e1lna - T\u00e1jkert\u00e9sz<\/title>\n<meta name=\"description\" content=\"Rubus idaeus &#039;Malling Promise\u2019 - M\u00e1lna korai \u00e9r\u00e9s\u0171, nagyon nagy bogy\u00f3j\u00fa. Rendk\u00edv\u00fcl b\u0151term\u0151, \u00e9s\u00a0 \u00edzletes fajta. Ide\u00e1lis v\u00e1laszt\u00e1s h\u00e1zikertbe.\" \/>\n<meta name=\"robots\" content=\"index, follow, max-snippet:-1, max-image-preview:large, max-video-preview:-1\" \/>\n<link rel=\"canonical\" href=\"https:\/\/tajkertesz.com\/en_US\/product\/rubus-idaeus-malling-promise-malna\/\" \/>\n<meta property=\"og:locale\" content=\"en_US\" \/>\n<meta property=\"og:type\" content=\"article\" \/>\n<meta property=\"og:title\" content=\"Rubus idaeus &#039;Malling Promise\u2019 - M\u00e1lna - T\u00e1jkert\u00e9sz\" \/>\n<meta property=\"og:description\" content=\"Rubus idaeus &#039;Malling Promise\u2019 - M\u00e1lna korai \u00e9r\u00e9s\u0171, nagyon nagy bogy\u00f3j\u00fa. Rendk\u00edv\u00fcl b\u0151term\u0151, \u00e9s\u00a0 \u00edzletes fajta. Ide\u00e1lis v\u00e1laszt\u00e1s h\u00e1zikertbe.\" \/>\n<meta property=\"og:url\" content=\"https:\/\/tajkertesz.com\/en_US\/product\/rubus-idaeus-malling-promise-malna\/\" \/>\n<meta property=\"og:site_name\" content=\"T\u00e1jkert\u00e9sz\" \/>\n<meta property=\"article:publisher\" content=\"https:\/\/www.facebook.com\/Tajkertesz\/\" \/>\n<meta property=\"article:modified_time\" content=\"2026-04-28T14:52:20+00:00\" \/>\n<meta property=\"og:image\" content=\"https:\/\/tajkertesz.com\/wp-content\/uploads\/2020\/10\/rubus-malling-promise.jpg\" \/>\n\t<meta property=\"og:image:width\" content=\"1280\" \/>\n\t<meta property=\"og:image:height\" content=\"854\" \/>\n\t<meta property=\"og:image:type\" content=\"image\/jpeg\" \/>\n<meta name=\"twitter:card\" content=\"summary_large_image\" \/>\n<meta name=\"twitter:label1\" content=\"Est. reading time\" \/>\n\t<meta name=\"twitter:data1\" content=\"3 minutes\" \/>\n<script type=\"application\/ld+json\" class=\"yoast-schema-graph\">{\"@context\":\"https:\\\/\\\/schema.org\",\"@graph\":[{\"@type\":\"WebPage\",\"@id\":\"https:\\\/\\\/tajkertesz.com\\\/termek\\\/rubus-idaeus-malling-promise-malna\\\/\",\"url\":\"https:\\\/\\\/tajkertesz.com\\\/termek\\\/rubus-idaeus-malling-promise-malna\\\/\",\"name\":\"Rubus idaeus 'Malling Promise\u2019 - M\u00e1lna - T\u00e1jkert\u00e9sz\",\"isPartOf\":{\"@id\":\"https:\\\/\\\/tajkertesz.com\\\/#website\"},\"primaryImageOfPage\":{\"@id\":\"https:\\\/\\\/tajkertesz.com\\\/termek\\\/rubus-idaeus-malling-promise-malna\\\/#primaryimage\"},\"image\":{\"@id\":\"https:\\\/\\\/tajkertesz.com\\\/termek\\\/rubus-idaeus-malling-promise-malna\\\/#primaryimage\"},\"thumbnailUrl\":\"https:\\\/\\\/tajkertesz.com\\\/wp-content\\\/uploads\\\/2020\\\/10\\\/rubus-malling-promise.jpg\",\"datePublished\":\"2020-10-20T13:05:32+00:00\",\"dateModified\":\"2026-04-28T14:52:20+00:00\",\"description\":\"Rubus idaeus 'Malling Promise\u2019 - M\u00e1lna korai \u00e9r\u00e9s\u0171, nagyon nagy bogy\u00f3j\u00fa. Rendk\u00edv\u00fcl b\u0151term\u0151, \u00e9s\u00a0 \u00edzletes fajta. Ide\u00e1lis v\u00e1laszt\u00e1s h\u00e1zikertbe.\",\"breadcrumb\":{\"@id\":\"https:\\\/\\\/tajkertesz.com\\\/termek\\\/rubus-idaeus-malling-promise-malna\\\/#breadcrumb\"},\"inLanguage\":\"en-US\",\"potentialAction\":[{\"@type\":\"ReadAction\",\"target\":[\"https:\\\/\\\/tajkertesz.com\\\/termek\\\/rubus-idaeus-malling-promise-malna\\\/\"]}]},{\"@type\":\"ImageObject\",\"inLanguage\":\"en-US\",\"@id\":\"https:\\\/\\\/tajkertesz.com\\\/termek\\\/rubus-idaeus-malling-promise-malna\\\/#primaryimage\",\"url\":\"https:\\\/\\\/tajkertesz.com\\\/wp-content\\\/uploads\\\/2020\\\/10\\\/rubus-malling-promise.jpg\",\"contentUrl\":\"https:\\\/\\\/tajkertesz.com\\\/wp-content\\\/uploads\\\/2020\\\/10\\\/rubus-malling-promise.jpg\",\"width\":1280,\"height\":854,\"caption\":\"Rubus idaeus 'Malling Promise\u2019 - M\u00e1lna\"},{\"@type\":\"BreadcrumbList\",\"@id\":\"https:\\\/\\\/tajkertesz.com\\\/termek\\\/rubus-idaeus-malling-promise-malna\\\/#breadcrumb\",\"itemListElement\":[{\"@type\":\"ListItem\",\"position\":1,\"name\":\"Home\",\"item\":\"https:\\\/\\\/tajkertesz.com\\\/\"},{\"@type\":\"ListItem\",\"position\":2,\"name\":\"Kezd\u0151lap\",\"item\":\"https:\\\/\\\/tajkertesz.com\\\/\"},{\"@type\":\"ListItem\",\"position\":3,\"name\":\"Rubus idaeus &#8216;Malling Promise\u2019 &#8211; M\u00e1lna\"}]},{\"@type\":\"WebSite\",\"@id\":\"https:\\\/\\\/tajkertesz.com\\\/#website\",\"url\":\"https:\\\/\\\/tajkertesz.com\\\/\",\"name\":\"T\u00e1j-Kert\u00e9sz 84 Kft.\",\"description\":\"Kert\u00e9szeti kis- \u00e9s nagykeresked\u00e9s, D\u00edszn\u00f6v\u00e9ny web\u00e1ruh\u00e1z orsz\u00e1gos h\u00e1zhozsz\u00e1ll\u00edt\u00e1ssal!\",\"publisher\":{\"@id\":\"https:\\\/\\\/tajkertesz.com\\\/#organization\"},\"potentialAction\":[{\"@type\":\"SearchAction\",\"target\":{\"@type\":\"EntryPoint\",\"urlTemplate\":\"https:\\\/\\\/tajkertesz.com\\\/?s={search_term_string}\"},\"query-input\":{\"@type\":\"PropertyValueSpecification\",\"valueRequired\":true,\"valueName\":\"search_term_string\"}}],\"inLanguage\":\"en-US\"},{\"@type\":\"Organization\",\"@id\":\"https:\\\/\\\/tajkertesz.com\\\/#organization\",\"name\":\"T\u00e1j-Kert\u00e9sz 84 Kft.\",\"url\":\"https:\\\/\\\/tajkertesz.com\\\/\",\"logo\":{\"@type\":\"ImageObject\",\"inLanguage\":\"en-US\",\"@id\":\"https:\\\/\\\/tajkertesz.com\\\/#\\\/schema\\\/logo\\\/image\\\/\",\"url\":\"https:\\\/\\\/tajkertesz.com\\\/wp-content\\\/uploads\\\/2018\\\/02\\\/logo-2-e1518678052539.png\",\"contentUrl\":\"https:\\\/\\\/tajkertesz.com\\\/wp-content\\\/uploads\\\/2018\\\/02\\\/logo-2-e1518678052539.png\",\"width\":81,\"height\":140,\"caption\":\"T\u00e1j-Kert\u00e9sz 84 Kft.\"},\"image\":{\"@id\":\"https:\\\/\\\/tajkertesz.com\\\/#\\\/schema\\\/logo\\\/image\\\/\"},\"sameAs\":[\"https:\\\/\\\/www.facebook.com\\\/Tajkertesz\\\/\"]}]}<\/script>\n<!-- \/ Yoast SEO plugin. -->","yoast_head_json":{"title":"Rubus idaeus 'Malling Promise\u2019 - M\u00e1lna - T\u00e1jkert\u00e9sz","description":"Rubus idaeus 'Malling Promise\u2019 - M\u00e1lna korai \u00e9r\u00e9s\u0171, nagyon nagy bogy\u00f3j\u00fa. Rendk\u00edv\u00fcl b\u0151term\u0151, \u00e9s\u00a0 \u00edzletes fajta. Ide\u00e1lis v\u00e1laszt\u00e1s h\u00e1zikertbe.","robots":{"index":"index","follow":"follow","max-snippet":"max-snippet:-1","max-image-preview":"max-image-preview:large","max-video-preview":"max-video-preview:-1"},"canonical":"https:\/\/tajkertesz.com\/en_US\/product\/rubus-idaeus-malling-promise-malna\/","og_locale":"en_US","og_type":"article","og_title":"Rubus idaeus 'Malling Promise\u2019 - M\u00e1lna - T\u00e1jkert\u00e9sz","og_description":"Rubus idaeus 'Malling Promise\u2019 - M\u00e1lna korai \u00e9r\u00e9s\u0171, nagyon nagy bogy\u00f3j\u00fa. Rendk\u00edv\u00fcl b\u0151term\u0151, \u00e9s\u00a0 \u00edzletes fajta. Ide\u00e1lis v\u00e1laszt\u00e1s h\u00e1zikertbe.","og_url":"https:\/\/tajkertesz.com\/en_US\/product\/rubus-idaeus-malling-promise-malna\/","og_site_name":"T\u00e1jkert\u00e9sz","article_publisher":"https:\/\/www.facebook.com\/Tajkertesz\/","article_modified_time":"2026-04-28T14:52:20+00:00","og_image":[{"width":1280,"height":854,"url":"https:\/\/tajkertesz.com\/wp-content\/uploads\/2020\/10\/rubus-malling-promise.jpg","type":"image\/jpeg"}],"twitter_card":"summary_large_image","twitter_misc":{"Est. reading time":"3 minutes"},"schema":{"@context":"https:\/\/schema.org","@graph":[{"@type":"WebPage","@id":"https:\/\/tajkertesz.com\/termek\/rubus-idaeus-malling-promise-malna\/","url":"https:\/\/tajkertesz.com\/termek\/rubus-idaeus-malling-promise-malna\/","name":"Rubus idaeus 'Malling Promise\u2019 - M\u00e1lna - T\u00e1jkert\u00e9sz","isPartOf":{"@id":"https:\/\/tajkertesz.com\/#website"},"primaryImageOfPage":{"@id":"https:\/\/tajkertesz.com\/termek\/rubus-idaeus-malling-promise-malna\/#primaryimage"},"image":{"@id":"https:\/\/tajkertesz.com\/termek\/rubus-idaeus-malling-promise-malna\/#primaryimage"},"thumbnailUrl":"https:\/\/tajkertesz.com\/wp-content\/uploads\/2020\/10\/rubus-malling-promise.jpg","datePublished":"2020-10-20T13:05:32+00:00","dateModified":"2026-04-28T14:52:20+00:00","description":"Rubus idaeus 'Malling Promise\u2019 - M\u00e1lna korai \u00e9r\u00e9s\u0171, nagyon nagy bogy\u00f3j\u00fa. Rendk\u00edv\u00fcl b\u0151term\u0151, \u00e9s\u00a0 \u00edzletes fajta. Ide\u00e1lis v\u00e1laszt\u00e1s h\u00e1zikertbe.","breadcrumb":{"@id":"https:\/\/tajkertesz.com\/termek\/rubus-idaeus-malling-promise-malna\/#breadcrumb"},"inLanguage":"en-US","potentialAction":[{"@type":"ReadAction","target":["https:\/\/tajkertesz.com\/termek\/rubus-idaeus-malling-promise-malna\/"]}]},{"@type":"ImageObject","inLanguage":"en-US","@id":"https:\/\/tajkertesz.com\/termek\/rubus-idaeus-malling-promise-malna\/#primaryimage","url":"https:\/\/tajkertesz.com\/wp-content\/uploads\/2020\/10\/rubus-malling-promise.jpg","contentUrl":"https:\/\/tajkertesz.com\/wp-content\/uploads\/2020\/10\/rubus-malling-promise.jpg","width":1280,"height":854,"caption":"Rubus idaeus 'Malling Promise\u2019 - M\u00e1lna"},{"@type":"BreadcrumbList","@id":"https:\/\/tajkertesz.com\/termek\/rubus-idaeus-malling-promise-malna\/#breadcrumb","itemListElement":[{"@type":"ListItem","position":1,"name":"Home","item":"https:\/\/tajkertesz.com\/"},{"@type":"ListItem","position":2,"name":"Kezd\u0151lap","item":"https:\/\/tajkertesz.com\/"},{"@type":"ListItem","position":3,"name":"Rubus idaeus &#8216;Malling Promise\u2019 &#8211; M\u00e1lna"}]},{"@type":"WebSite","@id":"https:\/\/tajkertesz.com\/#website","url":"https:\/\/tajkertesz.com\/","name":"T\u00e1j-Kert\u00e9sz 84 Kft.","description":"Kert\u00e9szeti kis- \u00e9s nagykeresked\u00e9s, D\u00edszn\u00f6v\u00e9ny web\u00e1ruh\u00e1z orsz\u00e1gos h\u00e1zhozsz\u00e1ll\u00edt\u00e1ssal!","publisher":{"@id":"https:\/\/tajkertesz.com\/#organization"},"potentialAction":[{"@type":"SearchAction","target":{"@type":"EntryPoint","urlTemplate":"https:\/\/tajkertesz.com\/?s={search_term_string}"},"query-input":{"@type":"PropertyValueSpecification","valueRequired":true,"valueName":"search_term_string"}}],"inLanguage":"en-US"},{"@type":"Organization","@id":"https:\/\/tajkertesz.com\/#organization","name":"T\u00e1j-Kert\u00e9sz 84 Kft.","url":"https:\/\/tajkertesz.com\/","logo":{"@type":"ImageObject","inLanguage":"en-US","@id":"https:\/\/tajkertesz.com\/#\/schema\/logo\/image\/","url":"https:\/\/tajkertesz.com\/wp-content\/uploads\/2018\/02\/logo-2-e1518678052539.png","contentUrl":"https:\/\/tajkertesz.com\/wp-content\/uploads\/2018\/02\/logo-2-e1518678052539.png","width":81,"height":140,"caption":"T\u00e1j-Kert\u00e9sz 84 Kft."},"image":{"@id":"https:\/\/tajkertesz.com\/#\/schema\/logo\/image\/"},"sameAs":["https:\/\/www.facebook.com\/Tajkertesz\/"]}]}},"_links":{"self":[{"href":"https:\/\/tajkertesz.com\/en_US\/wp-json\/wp\/v2\/product\/2292","targetHints":{"allow":["GET"]}}],"collection":[{"href":"https:\/\/tajkertesz.com\/en_US\/wp-json\/wp\/v2\/product"}],"about":[{"href":"https:\/\/tajkertesz.com\/en_US\/wp-json\/wp\/v2\/types\/product"}],"wp:featuredmedia":[{"embeddable":true,"href":"https:\/\/tajkertesz.com\/en_US\/wp-json\/wp\/v2\/media\/24998"}],"wp:attachment":[{"href":"https:\/\/tajkertesz.com\/en_US\/wp-json\/wp\/v2\/media?parent=2292"}],"wp:term":[{"taxonomy":"product_brand","embeddable":true,"href":"https:\/\/tajkertesz.com\/en_US\/wp-json\/wp\/v2\/product_brand?post=2292"},{"taxonomy":"product_cat","embeddable":true,"href":"https:\/\/tajkertesz.com\/en_US\/wp-json\/wp\/v2\/product_cat?post=2292"},{"taxonomy":"product_tag","embeddable":true,"href":"https:\/\/tajkertesz.com\/en_US\/wp-json\/wp\/v2\/product_tag?post=2292"}],"curies":[{"name":"wp","href":"https:\/\/api.w.org\/{rel}","templated":true}]}}