{"id":22952,"date":"2025-03-28T14:59:08","date_gmt":"2025-03-28T14:59:08","guid":{"rendered":"https:\/\/tajkertesz.com\/?post_type=product&#038;p=22952"},"modified":"2025-08-02T07:29:56","modified_gmt":"2025-08-02T07:29:56","slug":"caryopteris-clandonensis-blue-empire-kekszakal","status":"publish","type":"product","link":"https:\/\/tajkertesz.com\/en_US\/product\/caryopteris-clandonensis-blue-empire-kekszakal\/","title":{"rendered":"Caryopteris clandonensis &#8216;Blue Empire&#8217; &#8211; K\u00e9kszak\u00e1l"},"content":{"rendered":"<h1>Caryopteris clandonensis &#8216;Blue Empire&#8217; &#8211; K\u00e9kszak\u00e1l<\/h1>\n<p>A Caryopteris clandonensis &#8216;Blue Empire&#8217; &#8211; K\u00e9kszak\u00e1l egy vonz\u00f3 d\u00edszcserje, melyet gazdag k\u00e9k vir\u00e1gz\u00e1s\u00e1r\u00f3l \u00e9s sz\u00e9p lombozat\u00e1r\u00f3l ismernek. Gyorsan n\u00f6v\u0151, l\u00e1tv\u00e1nyos cserje, mely gazdag vir\u00e1gz\u00e1s\u00e1val \u00e9s vonz\u00f3 megjelen\u00e9s\u00e9vel d\u00edsz\u00edti a kertet.<\/p>\n<h2>Caryopteris clandonensis &#8216;Blue Empire&#8217; jellemz\u0151i:<\/h2>\n<ul data-start=\"236\" data-end=\"361\">\n<li class=\"\" data-start=\"236\" data-end=\"361\">\n<p class=\"\" data-start=\"238\" data-end=\"361\">Ak\u00e1r 1,8 m\u00e9ter magasra \u00e9s 2,1 m\u00e9ter sz\u00e9lesre is megn\u0151het.<\/p>\n<\/li>\n<li class=\"\" data-start=\"377\" data-end=\"526\">\n<p class=\"\" data-start=\"379\" data-end=\"526\">Augusztust\u00f3l okt\u00f3berig hozza m\u00e9ly k\u00e9k vir\u00e1gait, melyek a levelek h\u00f3nalj\u00e1ban \u00e9s a hajt\u00e1sok v\u00e9g\u00e9n jelennek meg.<\/p>\n<\/li>\n<\/ul>\n<h3>A k\u00e9kszak\u00e1l gondoz\u00e1sa<\/h3>\n<ul data-start=\"236\" data-end=\"361\">\n<li class=\"\" data-start=\"377\" data-end=\"526\">\n<p class=\"\" data-start=\"379\" data-end=\"526\">Napos helyet \u00e9s j\u00f3 v\u00edzelvezet\u00e9s\u0171, term\u00e9keny talajt ig\u00e9nyel.<\/p>\n<\/li>\n<li class=\"\" data-start=\"668\" data-end=\"791\">\n<p class=\"\" data-start=\"670\" data-end=\"791\">K\u00f6zepes v\u00edzig\u00e9ny\u0171; rendszeres \u00f6nt\u00f6z\u00e9st ig\u00e9nyel, k\u00fcl\u00f6n\u00f6sen a fiatal n\u00f6v\u00e9nyek eset\u00e9ben. Az els\u0151 \u00e9vben biztos\u00edtani kell az egyenletes talajnedvess\u00e9get. A nagyobb n\u00f6v\u00e9nyek sz\u00e1razs\u00e1gt\u0171r\u0151bbek, de sz\u00e1raz id\u0151szakokban tov\u00e1bbra is hasznos a kieg\u00e9sz\u00edt\u0151 \u00f6nt\u00f6z\u00e9s.<\/p>\n<\/li>\n<li data-start=\"668\" data-end=\"791\">A legjobb eredm\u00e9ny el\u00e9r\u00e9se \u00e9rdek\u00e9ben a n\u00f6v\u00e9nyt kora tavasszal, k\u00f6zvetlen\u00fcl a hajt\u00e1sok megindul\u00e1sa el\u0151tt er\u0151teljesen vissza kell metszeni. Ez el\u0151seg\u00edti az er\u0151teljes n\u00f6veked\u00e9st \u00e9s a b\u0151s\u00e9ges vir\u00e1gz\u00e1st.<\/li>\n<\/ul>\n<h4><strong>A n\u00f6v\u00e9ny jelenlegi m\u00e9rete: 30-40 cm magas, 19 cm-es cser\u00e9pben.<\/strong><\/h4>\n<p><b>K\u00e9szlet\u00fcnk napi szinten v\u00e1ltozik, ez\u00e9rt k\u00e9rj\u00fck, \u00e9rdekl\u0151dj\u00f6n szem\u00e9lyesen, telefonon vagy email-en.<br \/>\nA v\u00e1ltoztat\u00e1s jog\u00e1t fenntartjuk!<\/b><b>\u00a0 <\/b><\/p>\n<p><a href=\"https:\/\/tajkertesz.com\/\">https:\/\/tajkertesz.com\/<\/a><\/p>\n<p><a href=\"https:\/\/www.facebook.com\/tajkertesz\/\">https:\/\/www.facebook.com\/tajkertesz\/ <\/a><\/p>\n<p>Kisz\u00e1ll\u00edt\u00e1s: 200cm-ig \u00e9s 40 kg-ig a sz\u00e1ll\u00edt\u00e1s fut\u00e1rszolg\u00e1lattal t\u00f6rt\u00e9nik.<\/p>\n<p>Szem\u00e9lyes \u00e1tv\u00e9tel nyitvatart\u00e1si id\u0151ben a 17. ker\u00fclet Bakancsos utca 7. sz\u00e1m alatti Kert\u00e9szeti \u00e1rud\u00e1nkban.<\/p>\n<p>Kert\u00e9p\u00edt\u0151k \u00e9s viszontelad\u00f3k regisztr\u00e1l\u00e1s ut\u00e1n egyedi kedvezm\u00e9nnyel v\u00e1s\u00e1rolhatnak kert\u00e9szeti kis-\u00e9s nagykeresked\u00e9s\u00fcnkben.<\/p>\n<p><strong>Az \u00e1rak egy darab term\u00e9kre vonatkoznak.<\/strong><\/p>\n<p><strong>J\u00f3 tudni!<\/strong><\/p>\n<p>K\u00e9pek-elt\u00e9r\u00e9sek:<\/p>\n<p>A n\u00f6v\u00e9nyekr\u0151l felt\u00f6lt\u00f6tt k\u00e9pek illusztr\u00e1ci\u00f3k. N\u00f6v\u00e9nyekn\u00e9l el\u0151fordulhatnak minim\u00e1lis elt\u00e9r\u00e9sek a k\u00e9peken szerepl\u0151 n\u00f6v\u00e9nyek \u00e9s az \u00e1tvett n\u00f6v\u00e9nyek k\u00f6z\u00f6tt, mivel minden n\u00f6v\u00e9ny egyedi.<\/p>\n<h4>N\u00f6v\u00e9nyek sz\u00e1ll\u00edt\u00e1sa:<\/h4>\n<p>A megrendelt n\u00f6v\u00e9nyeket igyeksz\u00fcnk a lehet\u0151 legbiztons\u00e1gosabban egyes\u00e9vel csomagolni, azonban a sz\u00e1ll\u00edt\u00e1s sor\u00e1n m\u00e9g ennek ellen\u00e9re is\u00a0bek\u00f6vetkezhetnek apr\u00f3bb s\u00e9r\u00fcl\u00e9sek (lev\u00e9l- vagy vir\u00e1ghull\u00e1s).<br \/>\nN\u00f6v\u00e9ny rendel\u00e9s eset\u00e9n k\u00e9rj\u00fck a k\u00e9zbes\u00edt\u00e9st k\u00f6vet\u0151en a lehet\u0151 leghamarabb bonts\u00e1k ki a csomagot.<\/p>\n<p>Abban az esetben, ha a megrendelt n\u00f6v\u00e9ny\u00a0a sz\u00e1ll\u00edt\u00e1st k\u00f6vet\u0151en\u00a0nem megfelel\u0151 gondoz\u00e1sban r\u00e9szes\u00fcl \u00e9s ebb\u0151l kifoly\u00f3lag\u00a0k\u00e1rosodik,\u00a0elpusztul, felel\u0151ss\u00e9get sajnos nem tudunk v\u00e1llalni.<\/p>\n<p>V\u00e1s\u00e1rl\u00e1st\u00f3l val\u00f3 el\u00e1ll\u00e1s \u00e9l\u0151 n\u00f6v\u00e9ny v\u00e1s\u00e1rl\u00e1sa eset\u00e9n:<\/p>\n<p>Az \u00e1ltal\u00e1nos 14 napos el\u00e1ll\u00e1s lehet\u0151s\u00e9ge \u00e9l\u0151 n\u00f6v\u00e9nyekre nem vonatkozik. V\u00e1s\u00e1rl\u00e1st\u00f3l val\u00f3 el\u00e1ll\u00e1sra, visszak\u00fcld\u00e9sre nincs lehet\u0151s\u00e9g.\u00a0(17\/1999. (II. 5.) Korm. rendelet 5c pontja)<\/p>\n<p><strong>K\u00e9rj\u00fck fentiek figyelembev\u00e9tel\u00e9t n\u00f6v\u00e9ny rendel\u00e9se sor\u00e1n!<\/strong><\/p>","protected":false},"excerpt":{"rendered":"<p>Caryopteris clandonensis &#8216;Blue Empire&#8217; &#8211; K\u00e9kszak\u00e1l A Caryopteris clandonensis &#8216;Blue Empire&#8217; &#8211; K\u00e9kszak\u00e1l egy vonz\u00f3 d\u00edszcserje, melyet gazdag k\u00e9k vir\u00e1gz\u00e1s\u00e1r\u00f3l \u00e9s sz\u00e9p lombozat\u00e1r\u00f3l ismernek. Gyorsan n\u00f6v\u0151, l\u00e1tv\u00e1nyos cserje, mely gazdag vir\u00e1gz\u00e1s\u00e1val \u00e9s vonz\u00f3 megjelen\u00e9s\u00e9vel d\u00edsz\u00edti a kertet. Caryopteris clandonensis &#8216;Blue Empire&#8217; jellemz\u0151i: Ak\u00e1r 1,8 m\u00e9ter magasra \u00e9s 2,1 m\u00e9ter sz\u00e9lesre is megn\u0151het. Augusztust\u00f3l okt\u00f3berig hozza [&hellip;]<\/p>\n","protected":false},"featured_media":22953,"template":"","meta":{"_et_pb_use_builder":"","_et_pb_old_content":"","_et_gb_content_width":""},"product_brand":[],"product_cat":[27],"product_tag":[],"class_list":{"0":"post-22952","1":"product","2":"type-product","3":"status-publish","4":"has-post-thumbnail","6":"product_cat-cserjek","8":"first","9":"outofstock","10":"shipping-taxable","11":"product-type-simple"},"yoast_head":"<!-- This site is optimized with the Yoast SEO plugin v27.5 - https:\/\/yoast.com\/product\/yoast-seo-wordpress\/ -->\n<title>Caryopteris clandonensis &#039;Blue Empire&#039; - K\u00e9kszak\u00e1l - T\u00e1jkert\u00e9sz<\/title>\n<meta name=\"description\" content=\"A Caryopteris clandonensis &#039;Blue Empire&#039; - K\u00e9kszak\u00e1l egy vonz\u00f3 d\u00edszcserje, melyet gazdag k\u00e9k vir\u00e1gz\u00e1s\u00e1r\u00f3l \u00e9s sz\u00e9p lombozat\u00e1r\u00f3l ismernek.\" \/>\n<meta name=\"robots\" content=\"index, follow, max-snippet:-1, max-image-preview:large, max-video-preview:-1\" \/>\n<link rel=\"canonical\" href=\"https:\/\/tajkertesz.com\/en_US\/product\/caryopteris-clandonensis-blue-empire-kekszakal\/\" \/>\n<meta property=\"og:locale\" content=\"en_US\" \/>\n<meta property=\"og:type\" content=\"article\" \/>\n<meta property=\"og:title\" content=\"Caryopteris clandonensis &#039;Blue Empire&#039; - K\u00e9kszak\u00e1l - T\u00e1jkert\u00e9sz\" \/>\n<meta property=\"og:description\" content=\"A Caryopteris clandonensis &#039;Blue Empire&#039; - K\u00e9kszak\u00e1l egy vonz\u00f3 d\u00edszcserje, melyet gazdag k\u00e9k vir\u00e1gz\u00e1s\u00e1r\u00f3l \u00e9s sz\u00e9p lombozat\u00e1r\u00f3l ismernek.\" \/>\n<meta property=\"og:url\" content=\"https:\/\/tajkertesz.com\/en_US\/product\/caryopteris-clandonensis-blue-empire-kekszakal\/\" \/>\n<meta property=\"og:site_name\" content=\"T\u00e1jkert\u00e9sz\" \/>\n<meta property=\"article:publisher\" content=\"https:\/\/www.facebook.com\/Tajkertesz\/\" \/>\n<meta property=\"article:modified_time\" content=\"2025-08-02T07:29:56+00:00\" \/>\n<meta property=\"og:image\" content=\"https:\/\/tajkertesz.com\/wp-content\/uploads\/2025\/03\/th.jpg\" \/>\n\t<meta property=\"og:image:width\" content=\"474\" \/>\n\t<meta property=\"og:image:height\" content=\"474\" \/>\n\t<meta property=\"og:image:type\" content=\"image\/jpeg\" \/>\n<meta name=\"twitter:card\" content=\"summary_large_image\" \/>\n<meta name=\"twitter:label1\" content=\"Est. reading time\" \/>\n\t<meta name=\"twitter:data1\" content=\"2 minutes\" \/>\n<script type=\"application\/ld+json\" class=\"yoast-schema-graph\">{\"@context\":\"https:\\\/\\\/schema.org\",\"@graph\":[{\"@type\":\"WebPage\",\"@id\":\"https:\\\/\\\/tajkertesz.com\\\/termek\\\/caryopteris-clandonensis-blue-empire-kekszakal\\\/\",\"url\":\"https:\\\/\\\/tajkertesz.com\\\/termek\\\/caryopteris-clandonensis-blue-empire-kekszakal\\\/\",\"name\":\"Caryopteris clandonensis 'Blue Empire' - K\u00e9kszak\u00e1l - T\u00e1jkert\u00e9sz\",\"isPartOf\":{\"@id\":\"https:\\\/\\\/tajkertesz.com\\\/#website\"},\"primaryImageOfPage\":{\"@id\":\"https:\\\/\\\/tajkertesz.com\\\/termek\\\/caryopteris-clandonensis-blue-empire-kekszakal\\\/#primaryimage\"},\"image\":{\"@id\":\"https:\\\/\\\/tajkertesz.com\\\/termek\\\/caryopteris-clandonensis-blue-empire-kekszakal\\\/#primaryimage\"},\"thumbnailUrl\":\"https:\\\/\\\/tajkertesz.com\\\/wp-content\\\/uploads\\\/2025\\\/03\\\/th.jpg\",\"datePublished\":\"2025-03-28T14:59:08+00:00\",\"dateModified\":\"2025-08-02T07:29:56+00:00\",\"description\":\"A Caryopteris clandonensis 'Blue Empire' - K\u00e9kszak\u00e1l egy vonz\u00f3 d\u00edszcserje, melyet gazdag k\u00e9k vir\u00e1gz\u00e1s\u00e1r\u00f3l \u00e9s sz\u00e9p lombozat\u00e1r\u00f3l ismernek.\",\"breadcrumb\":{\"@id\":\"https:\\\/\\\/tajkertesz.com\\\/termek\\\/caryopteris-clandonensis-blue-empire-kekszakal\\\/#breadcrumb\"},\"inLanguage\":\"en-US\",\"potentialAction\":[{\"@type\":\"ReadAction\",\"target\":[\"https:\\\/\\\/tajkertesz.com\\\/termek\\\/caryopteris-clandonensis-blue-empire-kekszakal\\\/\"]}]},{\"@type\":\"ImageObject\",\"inLanguage\":\"en-US\",\"@id\":\"https:\\\/\\\/tajkertesz.com\\\/termek\\\/caryopteris-clandonensis-blue-empire-kekszakal\\\/#primaryimage\",\"url\":\"https:\\\/\\\/tajkertesz.com\\\/wp-content\\\/uploads\\\/2025\\\/03\\\/th.jpg\",\"contentUrl\":\"https:\\\/\\\/tajkertesz.com\\\/wp-content\\\/uploads\\\/2025\\\/03\\\/th.jpg\",\"width\":474,\"height\":474,\"caption\":\"Caryopteris clandonensis 'Blue Empire' - K\u00e9kszak\u00e1l\"},{\"@type\":\"BreadcrumbList\",\"@id\":\"https:\\\/\\\/tajkertesz.com\\\/termek\\\/caryopteris-clandonensis-blue-empire-kekszakal\\\/#breadcrumb\",\"itemListElement\":[{\"@type\":\"ListItem\",\"position\":1,\"name\":\"Home\",\"item\":\"https:\\\/\\\/tajkertesz.com\\\/\"},{\"@type\":\"ListItem\",\"position\":2,\"name\":\"Kezd\u0151lap\",\"item\":\"https:\\\/\\\/tajkertesz.com\\\/\"},{\"@type\":\"ListItem\",\"position\":3,\"name\":\"Caryopteris clandonensis &#8216;Blue Empire&#8217; &#8211; K\u00e9kszak\u00e1l\"}]},{\"@type\":\"WebSite\",\"@id\":\"https:\\\/\\\/tajkertesz.com\\\/#website\",\"url\":\"https:\\\/\\\/tajkertesz.com\\\/\",\"name\":\"T\u00e1j-Kert\u00e9sz 84 Kft.\",\"description\":\"Kert\u00e9szeti kis- \u00e9s nagykeresked\u00e9s, D\u00edszn\u00f6v\u00e9ny web\u00e1ruh\u00e1z orsz\u00e1gos h\u00e1zhozsz\u00e1ll\u00edt\u00e1ssal!\",\"publisher\":{\"@id\":\"https:\\\/\\\/tajkertesz.com\\\/#organization\"},\"potentialAction\":[{\"@type\":\"SearchAction\",\"target\":{\"@type\":\"EntryPoint\",\"urlTemplate\":\"https:\\\/\\\/tajkertesz.com\\\/?s={search_term_string}\"},\"query-input\":{\"@type\":\"PropertyValueSpecification\",\"valueRequired\":true,\"valueName\":\"search_term_string\"}}],\"inLanguage\":\"en-US\"},{\"@type\":\"Organization\",\"@id\":\"https:\\\/\\\/tajkertesz.com\\\/#organization\",\"name\":\"T\u00e1j-Kert\u00e9sz 84 Kft.\",\"url\":\"https:\\\/\\\/tajkertesz.com\\\/\",\"logo\":{\"@type\":\"ImageObject\",\"inLanguage\":\"en-US\",\"@id\":\"https:\\\/\\\/tajkertesz.com\\\/#\\\/schema\\\/logo\\\/image\\\/\",\"url\":\"https:\\\/\\\/tajkertesz.com\\\/wp-content\\\/uploads\\\/2018\\\/02\\\/logo-2-e1518678052539.png\",\"contentUrl\":\"https:\\\/\\\/tajkertesz.com\\\/wp-content\\\/uploads\\\/2018\\\/02\\\/logo-2-e1518678052539.png\",\"width\":81,\"height\":140,\"caption\":\"T\u00e1j-Kert\u00e9sz 84 Kft.\"},\"image\":{\"@id\":\"https:\\\/\\\/tajkertesz.com\\\/#\\\/schema\\\/logo\\\/image\\\/\"},\"sameAs\":[\"https:\\\/\\\/www.facebook.com\\\/Tajkertesz\\\/\"]}]}<\/script>\n<!-- \/ Yoast SEO plugin. -->","yoast_head_json":{"title":"Caryopteris clandonensis 'Blue Empire' - K\u00e9kszak\u00e1l - T\u00e1jkert\u00e9sz","description":"A Caryopteris clandonensis 'Blue Empire' - K\u00e9kszak\u00e1l egy vonz\u00f3 d\u00edszcserje, melyet gazdag k\u00e9k vir\u00e1gz\u00e1s\u00e1r\u00f3l \u00e9s sz\u00e9p lombozat\u00e1r\u00f3l ismernek.","robots":{"index":"index","follow":"follow","max-snippet":"max-snippet:-1","max-image-preview":"max-image-preview:large","max-video-preview":"max-video-preview:-1"},"canonical":"https:\/\/tajkertesz.com\/en_US\/product\/caryopteris-clandonensis-blue-empire-kekszakal\/","og_locale":"en_US","og_type":"article","og_title":"Caryopteris clandonensis 'Blue Empire' - K\u00e9kszak\u00e1l - T\u00e1jkert\u00e9sz","og_description":"A Caryopteris clandonensis 'Blue Empire' - K\u00e9kszak\u00e1l egy vonz\u00f3 d\u00edszcserje, melyet gazdag k\u00e9k vir\u00e1gz\u00e1s\u00e1r\u00f3l \u00e9s sz\u00e9p lombozat\u00e1r\u00f3l ismernek.","og_url":"https:\/\/tajkertesz.com\/en_US\/product\/caryopteris-clandonensis-blue-empire-kekszakal\/","og_site_name":"T\u00e1jkert\u00e9sz","article_publisher":"https:\/\/www.facebook.com\/Tajkertesz\/","article_modified_time":"2025-08-02T07:29:56+00:00","og_image":[{"width":474,"height":474,"url":"https:\/\/tajkertesz.com\/wp-content\/uploads\/2025\/03\/th.jpg","type":"image\/jpeg"}],"twitter_card":"summary_large_image","twitter_misc":{"Est. reading time":"2 minutes"},"schema":{"@context":"https:\/\/schema.org","@graph":[{"@type":"WebPage","@id":"https:\/\/tajkertesz.com\/termek\/caryopteris-clandonensis-blue-empire-kekszakal\/","url":"https:\/\/tajkertesz.com\/termek\/caryopteris-clandonensis-blue-empire-kekszakal\/","name":"Caryopteris clandonensis 'Blue Empire' - K\u00e9kszak\u00e1l - T\u00e1jkert\u00e9sz","isPartOf":{"@id":"https:\/\/tajkertesz.com\/#website"},"primaryImageOfPage":{"@id":"https:\/\/tajkertesz.com\/termek\/caryopteris-clandonensis-blue-empire-kekszakal\/#primaryimage"},"image":{"@id":"https:\/\/tajkertesz.com\/termek\/caryopteris-clandonensis-blue-empire-kekszakal\/#primaryimage"},"thumbnailUrl":"https:\/\/tajkertesz.com\/wp-content\/uploads\/2025\/03\/th.jpg","datePublished":"2025-03-28T14:59:08+00:00","dateModified":"2025-08-02T07:29:56+00:00","description":"A Caryopteris clandonensis 'Blue Empire' - K\u00e9kszak\u00e1l egy vonz\u00f3 d\u00edszcserje, melyet gazdag k\u00e9k vir\u00e1gz\u00e1s\u00e1r\u00f3l \u00e9s sz\u00e9p lombozat\u00e1r\u00f3l ismernek.","breadcrumb":{"@id":"https:\/\/tajkertesz.com\/termek\/caryopteris-clandonensis-blue-empire-kekszakal\/#breadcrumb"},"inLanguage":"en-US","potentialAction":[{"@type":"ReadAction","target":["https:\/\/tajkertesz.com\/termek\/caryopteris-clandonensis-blue-empire-kekszakal\/"]}]},{"@type":"ImageObject","inLanguage":"en-US","@id":"https:\/\/tajkertesz.com\/termek\/caryopteris-clandonensis-blue-empire-kekszakal\/#primaryimage","url":"https:\/\/tajkertesz.com\/wp-content\/uploads\/2025\/03\/th.jpg","contentUrl":"https:\/\/tajkertesz.com\/wp-content\/uploads\/2025\/03\/th.jpg","width":474,"height":474,"caption":"Caryopteris clandonensis 'Blue Empire' - K\u00e9kszak\u00e1l"},{"@type":"BreadcrumbList","@id":"https:\/\/tajkertesz.com\/termek\/caryopteris-clandonensis-blue-empire-kekszakal\/#breadcrumb","itemListElement":[{"@type":"ListItem","position":1,"name":"Home","item":"https:\/\/tajkertesz.com\/"},{"@type":"ListItem","position":2,"name":"Kezd\u0151lap","item":"https:\/\/tajkertesz.com\/"},{"@type":"ListItem","position":3,"name":"Caryopteris clandonensis &#8216;Blue Empire&#8217; &#8211; K\u00e9kszak\u00e1l"}]},{"@type":"WebSite","@id":"https:\/\/tajkertesz.com\/#website","url":"https:\/\/tajkertesz.com\/","name":"T\u00e1j-Kert\u00e9sz 84 Kft.","description":"Kert\u00e9szeti kis- \u00e9s nagykeresked\u00e9s, D\u00edszn\u00f6v\u00e9ny web\u00e1ruh\u00e1z orsz\u00e1gos h\u00e1zhozsz\u00e1ll\u00edt\u00e1ssal!","publisher":{"@id":"https:\/\/tajkertesz.com\/#organization"},"potentialAction":[{"@type":"SearchAction","target":{"@type":"EntryPoint","urlTemplate":"https:\/\/tajkertesz.com\/?s={search_term_string}"},"query-input":{"@type":"PropertyValueSpecification","valueRequired":true,"valueName":"search_term_string"}}],"inLanguage":"en-US"},{"@type":"Organization","@id":"https:\/\/tajkertesz.com\/#organization","name":"T\u00e1j-Kert\u00e9sz 84 Kft.","url":"https:\/\/tajkertesz.com\/","logo":{"@type":"ImageObject","inLanguage":"en-US","@id":"https:\/\/tajkertesz.com\/#\/schema\/logo\/image\/","url":"https:\/\/tajkertesz.com\/wp-content\/uploads\/2018\/02\/logo-2-e1518678052539.png","contentUrl":"https:\/\/tajkertesz.com\/wp-content\/uploads\/2018\/02\/logo-2-e1518678052539.png","width":81,"height":140,"caption":"T\u00e1j-Kert\u00e9sz 84 Kft."},"image":{"@id":"https:\/\/tajkertesz.com\/#\/schema\/logo\/image\/"},"sameAs":["https:\/\/www.facebook.com\/Tajkertesz\/"]}]}},"_links":{"self":[{"href":"https:\/\/tajkertesz.com\/en_US\/wp-json\/wp\/v2\/product\/22952","targetHints":{"allow":["GET"]}}],"collection":[{"href":"https:\/\/tajkertesz.com\/en_US\/wp-json\/wp\/v2\/product"}],"about":[{"href":"https:\/\/tajkertesz.com\/en_US\/wp-json\/wp\/v2\/types\/product"}],"wp:featuredmedia":[{"embeddable":true,"href":"https:\/\/tajkertesz.com\/en_US\/wp-json\/wp\/v2\/media\/22953"}],"wp:attachment":[{"href":"https:\/\/tajkertesz.com\/en_US\/wp-json\/wp\/v2\/media?parent=22952"}],"wp:term":[{"taxonomy":"product_brand","embeddable":true,"href":"https:\/\/tajkertesz.com\/en_US\/wp-json\/wp\/v2\/product_brand?post=22952"},{"taxonomy":"product_cat","embeddable":true,"href":"https:\/\/tajkertesz.com\/en_US\/wp-json\/wp\/v2\/product_cat?post=22952"},{"taxonomy":"product_tag","embeddable":true,"href":"https:\/\/tajkertesz.com\/en_US\/wp-json\/wp\/v2\/product_tag?post=22952"}],"curies":[{"name":"wp","href":"https:\/\/api.w.org\/{rel}","templated":true}]}}