{"id":22971,"date":"2025-03-29T10:30:26","date_gmt":"2025-03-29T10:30:26","guid":{"rendered":"https:\/\/tajkertesz.com\/?post_type=product&#038;p=22971"},"modified":"2025-03-29T10:30:33","modified_gmt":"2025-03-29T10:30:33","slug":"agrecol-levendula-mutragya-12kg","status":"publish","type":"product","link":"https:\/\/tajkertesz.com\/en_US\/product\/agrecol-levendula-mutragya-12kg\/","title":{"rendered":"Agrecol levendula m\u0171tr\u00e1gya 1,2kg."},"content":{"rendered":"<h1>Agrecol levendula m\u0171tr\u00e1gya 1,2kg.<\/h1>\n<p>Agrecol levendula m\u0171tr\u00e1gya 1,2kg.<\/p>\n<p>A Levendula Tr\u00e1gya egy granul\u00e1lt \u00e1sv\u00e1nyi tr\u00e1gya, amelyet kifejezetten a levendula k\u00fcl\u00f6nb\u00f6z\u0151 fajt\u00e1inak t\u00e1pl\u00e1l\u00e1s\u00e1ra fejlesztettek ki. Alkalmas levendula \u00e9s m\u00e1s n\u00f6v\u00e9nyek kombin\u00e1lt \u00fcltet\u00e9s\u00e9re is. Rendszeres haszn\u00e1lat\u00e1val el\u0151seg\u00edti a n\u00f6v\u00e9nyek megfelel\u0151 n\u00f6veked\u00e9s\u00e9t, b\u0151s\u00e9ges vir\u00e1gz\u00e1st \u00e9s intenz\u00edv vir\u00e1gsz\u00ednez\u0151d\u00e9st. Az optim\u00e1lisan \u00f6ssze\u00e1ll\u00edtott t\u00e1panyagtartalom er\u0151s\u00edti a n\u00f6v\u00e9nyeket \u00e9s n\u00f6veli ellen\u00e1ll\u00f3 k\u00e9pess\u00e9g\u00fcket a betegs\u00e9gekkel szemben.<\/p>\n<p><strong>Levendula tr\u00e1gya<\/strong><\/p>\n<ul>\n<li>Kifejezetten levendula tr\u00e1gy\u00e1z\u00e1s\u00e1ra fejlesztett\u00e9k ki<\/li>\n<li>Er\u0151s\u00edti a n\u00f6v\u00e9nyeket \u00e9s fokozza a vir\u00e1gz\u00e1st<\/li>\n<li>Hat\u00e9konys\u00e1g: 1,2 kg 40 m\u00b2-re<\/li>\n<\/ul>\n<p><strong>Csomagol\u00e1s:<\/strong><\/p>\n<ul>\n<li>1,2 kg<\/li>\n<\/ul>\n<p><strong>\u00d6sszetev\u0151k:<\/strong><\/p>\n<ul>\n<li>Nitrog\u00e9n (N): 11%<\/li>\n<li>Foszfor (P2O5): 10%<\/li>\n<li>K\u00e1lium (K2O): 27%<\/li>\n<li>R\u00e9z (Cu): 0,1%<\/li>\n<li>Vas (Fe): 0,6%<\/li>\n<li>Mang\u00e1n (Mn): 0,17%<\/li>\n<li>Cink (Zn): 0,05%<\/li>\n<\/ul>\n<p><strong>Haszn\u00e1lati \u00fatmutat\u00f3:<\/strong><\/p>\n<p><strong>Alkalmaz\u00e1s a veget\u00e1ci\u00f3s id\u0151szakban:<\/strong><\/p>\n<ol>\n<li>M\u00e1rciust\u00f3l augusztusig, 60 naponta haszn\u00e1lja a tr\u00e1gy\u00e1t.<\/li>\n<li>M\u00e9rje ki a megfelel\u0151 mennyis\u00e9g\u0171 tr\u00e1gy\u00e1t: 30 g tr\u00e1gya 1 m\u00b2-re.<\/li>\n<li>Sz\u00f3rja egyenletesen a n\u00f6v\u00e9ny k\u00f6r\u00e9, \u00e9s ha lehets\u00e9ges, keverje be a talaj fels\u0151 r\u00e9teg\u00e9be.<\/li>\n<li>Az alkalmaz\u00e1s ut\u00e1n alaposan \u00f6nt\u00f6zze meg a n\u00f6v\u00e9nyt.<\/li>\n<\/ol>\n<p><strong>Talajel\u0151k\u00e9sz\u00edt\u00e9s levendula \u00fcltet\u00e9s\u00e9hez:<\/strong><\/p>\n<ol>\n<li>M\u00e9rje ki a megfelel\u0151 mennyis\u00e9g\u0171 tr\u00e1gy\u00e1t: 30 g tr\u00e1gya 1 m\u00b2-re.<\/li>\n<li>Sz\u00f3rja egyenletesen a talaj felsz\u00edn\u00e9re, majd keverje be a talaj fels\u0151 r\u00e9teg\u00e9be \u00fcltet\u00e9s el\u0151tt.<\/li>\n<li>Az \u00fcltet\u00e9s ut\u00e1n alaposan \u00f6nt\u00f6zze meg a n\u00f6v\u00e9nyeket.<\/li>\n<\/ol>\n<p><strong>Megjegyz\u00e9s:<\/strong><\/p>\n<ul>\n<li>1 mar\u00e9k k\u00f6r\u00fclbel\u00fcl 30-40 g tr\u00e1gy\u00e1nak felel meg.<\/li>\n<li>Szeptembert\u0151l haszn\u00e1ljon \u0151szi tr\u00e1gy\u00e1t a n\u00f6v\u00e9nyek felk\u00e9sz\u00edt\u00e9s\u00e9hez a t\u00e9li id\u0151szakra.<\/li>\n<\/ul>\n<p><strong>El\u0151ny\u00f6k:<\/strong><\/p>\n<ul>\n<li style=\"list-style-type: none;\">\n<ul>\n<li>T\u00e1mogatja a levendula n\u00f6veked\u00e9s\u00e9t \u00e9s vir\u00e1gz\u00e1s\u00e1t<\/li>\n<li>Jav\u00edtja a n\u00f6v\u00e9nyek ellen\u00e1ll\u00f3 k\u00e9pess\u00e9g\u00e9t<\/li>\n<li>K\u00f6nnyen alkalmazhat\u00f3 \u00e9s hat\u00e9kony<\/li>\n<\/ul>\n<\/li>\n<\/ul>\n<p style=\"line-height: 18.0pt; background: white; margin: 0cm 0cm 15.0pt 0cm;\"><b><span style=\"font-family: 'Ubuntu',sans-serif; color: black;\">K\u00e9szlet\u00fcnk napi szinten v\u00e1ltozik, ez\u00e9rt k\u00e9rj\u00fck, \u00e9rdekl\u0151dj\u00f6n szem\u00e9lyesen, telefonon vagy email-en.<br \/>\nA v\u00e1ltoztat\u00e1s jog\u00e1t fenntartjuk!\u00a0<\/span><\/b><\/p>\n<p><a href=\"https:\/\/tajkertesz.com\/\">https:\/\/tajkertesz.com\/<\/a><\/p>\n<p><a href=\"https:\/\/www.facebook.com\/tajkertesz\/\">https:\/\/www.facebook.com\/tajkertesz\/<\/a><\/p>\n<p>Kisz\u00e1ll\u00edt\u00e1s: 200cm-ig \u00e9s 40 kg-ig a sz\u00e1ll\u00edt\u00e1s fut\u00e1rszolg\u00e1lattal t\u00f6rt\u00e9nik.<\/p>\n<p>Szem\u00e9lyes \u00e1tv\u00e9tel nyitvatart\u00e1si id\u0151ben a 17. ker\u00fclet Bakancsos utca 7. sz\u00e1m alatti Kert\u00e9szeti \u00e1rud\u00e1nkban.<\/p>\n<p><b><u>Kert\u00e9p\u00edt\u0151k \u00e9s viszontelad\u00f3k regisztr\u00e1l\u00e1s ut\u00e1n egyedi kedvezm\u00e9nnyel v\u00e1s\u00e1rolhatnak kert\u00e9szeti kis-\u00e9s nagykeresked\u00e9s\u00fcnkben.<\/u><\/b><\/p>\n<p>A logisztikai c\u00e9ggel t\u00f6rt\u00e9n\u0151 sz\u00e1ll\u00edt\u00e1s eset\u00e9n a partnereink\u00a0esetleges a\u00a0cs\u00fasz\u00e1sai\u00e9rt nem v\u00e1llalunk felel\u0151ss\u00e9get!<\/p>\n<p>&nbsp;<\/p>\n<p><strong>Az \u00e1rak egy darab term\u00e9kre vonatkoznak.<\/strong><\/p>\n<p>&nbsp;<\/p>\n<p>&nbsp;<\/p>\n<p>&nbsp;<\/p>\n<p>&nbsp;<\/p>\n<p>&nbsp;<\/p>","protected":false},"excerpt":{"rendered":"<p>A Levendula Tr\u00e1gya egy granul\u00e1lt \u00e1sv\u00e1nyi tr\u00e1gya, amelyet kifejezetten a levendula k\u00fcl\u00f6nb\u00f6z\u0151 fajt\u00e1inak t\u00e1pl\u00e1l\u00e1s\u00e1ra fejlesztettek ki.<\/p>","protected":false},"featured_media":22972,"template":"","meta":{"_et_pb_use_builder":"","_et_pb_old_content":"","_et_gb_content_width":""},"product_brand":[],"product_cat":[1423],"product_tag":[537,4338,5734],"class_list":{"0":"post-22971","1":"product","2":"type-product","3":"status-publish","4":"has-post-thumbnail","6":"product_cat-egyeb-kerti-novenyekhez","7":"product_tag-agrecol","8":"product_tag-evelo","9":"product_tag-levendula","11":"first","12":"instock","13":"shipping-taxable","14":"purchasable","15":"product-type-simple"},"yoast_head":"<!-- This site is optimized with the Yoast SEO plugin v27.5 - https:\/\/yoast.com\/product\/yoast-seo-wordpress\/ -->\n<title>Agrecol levendula m\u0171tr\u00e1gya 1,2kg. - T\u00e1jkert\u00e9sz<\/title>\n<meta name=\"description\" content=\"Agrecol levendula m\u0171tr\u00e1gya 1,2kg. A Levendula Tr\u00e1gya egy granul\u00e1lt \u00e1sv\u00e1nyi tr\u00e1gya, amelyet kifejezetten a levendula k\u00fcl\u00f6nb\u00f6z\u0151 fajt\u00e1inak t\u00e1pl\u00e1l\u00e1s\u00e1ra fej...\" \/>\n<meta name=\"robots\" content=\"index, follow, max-snippet:-1, max-image-preview:large, max-video-preview:-1\" \/>\n<link rel=\"canonical\" href=\"https:\/\/tajkertesz.com\/en_US\/product\/agrecol-levendula-mutragya-12kg\/\" \/>\n<meta property=\"og:locale\" content=\"en_US\" \/>\n<meta property=\"og:type\" content=\"article\" \/>\n<meta property=\"og:title\" content=\"Agrecol levendula m\u0171tr\u00e1gya 1,2kg. - T\u00e1jkert\u00e9sz\" \/>\n<meta property=\"og:description\" content=\"Agrecol levendula m\u0171tr\u00e1gya 1,2kg. A Levendula Tr\u00e1gya egy granul\u00e1lt \u00e1sv\u00e1nyi tr\u00e1gya, amelyet kifejezetten a levendula k\u00fcl\u00f6nb\u00f6z\u0151 fajt\u00e1inak t\u00e1pl\u00e1l\u00e1s\u00e1ra fej...\" \/>\n<meta property=\"og:url\" content=\"https:\/\/tajkertesz.com\/en_US\/product\/agrecol-levendula-mutragya-12kg\/\" \/>\n<meta property=\"og:site_name\" content=\"T\u00e1jkert\u00e9sz\" \/>\n<meta property=\"article:publisher\" content=\"https:\/\/www.facebook.com\/Tajkertesz\/\" \/>\n<meta property=\"article:modified_time\" content=\"2025-03-29T10:30:33+00:00\" \/>\n<meta property=\"og:image\" content=\"https:\/\/tajkertesz.com\/wp-content\/uploads\/2025\/03\/200-lawenda-12kg-v2-wiz_370.png\" \/>\n\t<meta property=\"og:image:width\" content=\"370\" \/>\n\t<meta property=\"og:image:height\" content=\"480\" \/>\n\t<meta property=\"og:image:type\" content=\"image\/png\" \/>\n<meta name=\"twitter:card\" content=\"summary_large_image\" \/>\n<meta name=\"twitter:label1\" content=\"Est. reading time\" \/>\n\t<meta name=\"twitter:data1\" content=\"2 minutes\" \/>\n<script type=\"application\/ld+json\" class=\"yoast-schema-graph\">{\"@context\":\"https:\\\/\\\/schema.org\",\"@graph\":[{\"@type\":\"WebPage\",\"@id\":\"https:\\\/\\\/tajkertesz.com\\\/termek\\\/agrecol-levendula-mutragya-12kg\\\/\",\"url\":\"https:\\\/\\\/tajkertesz.com\\\/termek\\\/agrecol-levendula-mutragya-12kg\\\/\",\"name\":\"Agrecol levendula m\u0171tr\u00e1gya 1,2kg. - T\u00e1jkert\u00e9sz\",\"isPartOf\":{\"@id\":\"https:\\\/\\\/tajkertesz.com\\\/#website\"},\"primaryImageOfPage\":{\"@id\":\"https:\\\/\\\/tajkertesz.com\\\/termek\\\/agrecol-levendula-mutragya-12kg\\\/#primaryimage\"},\"image\":{\"@id\":\"https:\\\/\\\/tajkertesz.com\\\/termek\\\/agrecol-levendula-mutragya-12kg\\\/#primaryimage\"},\"thumbnailUrl\":\"https:\\\/\\\/tajkertesz.com\\\/wp-content\\\/uploads\\\/2025\\\/03\\\/200-lawenda-12kg-v2-wiz_370.png\",\"datePublished\":\"2025-03-29T10:30:26+00:00\",\"dateModified\":\"2025-03-29T10:30:33+00:00\",\"description\":\"Agrecol levendula m\u0171tr\u00e1gya 1,2kg. A Levendula Tr\u00e1gya egy granul\u00e1lt \u00e1sv\u00e1nyi tr\u00e1gya, amelyet kifejezetten a levendula k\u00fcl\u00f6nb\u00f6z\u0151 fajt\u00e1inak t\u00e1pl\u00e1l\u00e1s\u00e1ra fej...\",\"breadcrumb\":{\"@id\":\"https:\\\/\\\/tajkertesz.com\\\/termek\\\/agrecol-levendula-mutragya-12kg\\\/#breadcrumb\"},\"inLanguage\":\"en-US\",\"potentialAction\":[{\"@type\":\"ReadAction\",\"target\":[\"https:\\\/\\\/tajkertesz.com\\\/termek\\\/agrecol-levendula-mutragya-12kg\\\/\"]}]},{\"@type\":\"ImageObject\",\"inLanguage\":\"en-US\",\"@id\":\"https:\\\/\\\/tajkertesz.com\\\/termek\\\/agrecol-levendula-mutragya-12kg\\\/#primaryimage\",\"url\":\"https:\\\/\\\/tajkertesz.com\\\/wp-content\\\/uploads\\\/2025\\\/03\\\/200-lawenda-12kg-v2-wiz_370.png\",\"contentUrl\":\"https:\\\/\\\/tajkertesz.com\\\/wp-content\\\/uploads\\\/2025\\\/03\\\/200-lawenda-12kg-v2-wiz_370.png\",\"width\":370,\"height\":480,\"caption\":\"Agrecol levendula m\u0171tr\u00e1gya 1,2kg.\"},{\"@type\":\"BreadcrumbList\",\"@id\":\"https:\\\/\\\/tajkertesz.com\\\/termek\\\/agrecol-levendula-mutragya-12kg\\\/#breadcrumb\",\"itemListElement\":[{\"@type\":\"ListItem\",\"position\":1,\"name\":\"Home\",\"item\":\"https:\\\/\\\/tajkertesz.com\\\/\"},{\"@type\":\"ListItem\",\"position\":2,\"name\":\"Kezd\u0151lap\",\"item\":\"https:\\\/\\\/tajkertesz.com\\\/\"},{\"@type\":\"ListItem\",\"position\":3,\"name\":\"Agrecol levendula m\u0171tr\u00e1gya 1,2kg.\"}]},{\"@type\":\"WebSite\",\"@id\":\"https:\\\/\\\/tajkertesz.com\\\/#website\",\"url\":\"https:\\\/\\\/tajkertesz.com\\\/\",\"name\":\"T\u00e1j-Kert\u00e9sz 84 Kft.\",\"description\":\"Kert\u00e9szeti kis- \u00e9s nagykeresked\u00e9s, D\u00edszn\u00f6v\u00e9ny web\u00e1ruh\u00e1z orsz\u00e1gos h\u00e1zhozsz\u00e1ll\u00edt\u00e1ssal!\",\"publisher\":{\"@id\":\"https:\\\/\\\/tajkertesz.com\\\/#organization\"},\"potentialAction\":[{\"@type\":\"SearchAction\",\"target\":{\"@type\":\"EntryPoint\",\"urlTemplate\":\"https:\\\/\\\/tajkertesz.com\\\/?s={search_term_string}\"},\"query-input\":{\"@type\":\"PropertyValueSpecification\",\"valueRequired\":true,\"valueName\":\"search_term_string\"}}],\"inLanguage\":\"en-US\"},{\"@type\":\"Organization\",\"@id\":\"https:\\\/\\\/tajkertesz.com\\\/#organization\",\"name\":\"T\u00e1j-Kert\u00e9sz 84 Kft.\",\"url\":\"https:\\\/\\\/tajkertesz.com\\\/\",\"logo\":{\"@type\":\"ImageObject\",\"inLanguage\":\"en-US\",\"@id\":\"https:\\\/\\\/tajkertesz.com\\\/#\\\/schema\\\/logo\\\/image\\\/\",\"url\":\"https:\\\/\\\/tajkertesz.com\\\/wp-content\\\/uploads\\\/2018\\\/02\\\/logo-2-e1518678052539.png\",\"contentUrl\":\"https:\\\/\\\/tajkertesz.com\\\/wp-content\\\/uploads\\\/2018\\\/02\\\/logo-2-e1518678052539.png\",\"width\":81,\"height\":140,\"caption\":\"T\u00e1j-Kert\u00e9sz 84 Kft.\"},\"image\":{\"@id\":\"https:\\\/\\\/tajkertesz.com\\\/#\\\/schema\\\/logo\\\/image\\\/\"},\"sameAs\":[\"https:\\\/\\\/www.facebook.com\\\/Tajkertesz\\\/\"]}]}<\/script>\n<!-- \/ Yoast SEO plugin. -->","yoast_head_json":{"title":"Agrecol levendula m\u0171tr\u00e1gya 1,2kg. - T\u00e1jkert\u00e9sz","description":"Agrecol levendula m\u0171tr\u00e1gya 1,2kg. A Levendula Tr\u00e1gya egy granul\u00e1lt \u00e1sv\u00e1nyi tr\u00e1gya, amelyet kifejezetten a levendula k\u00fcl\u00f6nb\u00f6z\u0151 fajt\u00e1inak t\u00e1pl\u00e1l\u00e1s\u00e1ra fej...","robots":{"index":"index","follow":"follow","max-snippet":"max-snippet:-1","max-image-preview":"max-image-preview:large","max-video-preview":"max-video-preview:-1"},"canonical":"https:\/\/tajkertesz.com\/en_US\/product\/agrecol-levendula-mutragya-12kg\/","og_locale":"en_US","og_type":"article","og_title":"Agrecol levendula m\u0171tr\u00e1gya 1,2kg. - T\u00e1jkert\u00e9sz","og_description":"Agrecol levendula m\u0171tr\u00e1gya 1,2kg. A Levendula Tr\u00e1gya egy granul\u00e1lt \u00e1sv\u00e1nyi tr\u00e1gya, amelyet kifejezetten a levendula k\u00fcl\u00f6nb\u00f6z\u0151 fajt\u00e1inak t\u00e1pl\u00e1l\u00e1s\u00e1ra fej...","og_url":"https:\/\/tajkertesz.com\/en_US\/product\/agrecol-levendula-mutragya-12kg\/","og_site_name":"T\u00e1jkert\u00e9sz","article_publisher":"https:\/\/www.facebook.com\/Tajkertesz\/","article_modified_time":"2025-03-29T10:30:33+00:00","og_image":[{"width":370,"height":480,"url":"https:\/\/tajkertesz.com\/wp-content\/uploads\/2025\/03\/200-lawenda-12kg-v2-wiz_370.png","type":"image\/png"}],"twitter_card":"summary_large_image","twitter_misc":{"Est. reading time":"2 minutes"},"schema":{"@context":"https:\/\/schema.org","@graph":[{"@type":"WebPage","@id":"https:\/\/tajkertesz.com\/termek\/agrecol-levendula-mutragya-12kg\/","url":"https:\/\/tajkertesz.com\/termek\/agrecol-levendula-mutragya-12kg\/","name":"Agrecol levendula m\u0171tr\u00e1gya 1,2kg. - T\u00e1jkert\u00e9sz","isPartOf":{"@id":"https:\/\/tajkertesz.com\/#website"},"primaryImageOfPage":{"@id":"https:\/\/tajkertesz.com\/termek\/agrecol-levendula-mutragya-12kg\/#primaryimage"},"image":{"@id":"https:\/\/tajkertesz.com\/termek\/agrecol-levendula-mutragya-12kg\/#primaryimage"},"thumbnailUrl":"https:\/\/tajkertesz.com\/wp-content\/uploads\/2025\/03\/200-lawenda-12kg-v2-wiz_370.png","datePublished":"2025-03-29T10:30:26+00:00","dateModified":"2025-03-29T10:30:33+00:00","description":"Agrecol levendula m\u0171tr\u00e1gya 1,2kg. A Levendula Tr\u00e1gya egy granul\u00e1lt \u00e1sv\u00e1nyi tr\u00e1gya, amelyet kifejezetten a levendula k\u00fcl\u00f6nb\u00f6z\u0151 fajt\u00e1inak t\u00e1pl\u00e1l\u00e1s\u00e1ra fej...","breadcrumb":{"@id":"https:\/\/tajkertesz.com\/termek\/agrecol-levendula-mutragya-12kg\/#breadcrumb"},"inLanguage":"en-US","potentialAction":[{"@type":"ReadAction","target":["https:\/\/tajkertesz.com\/termek\/agrecol-levendula-mutragya-12kg\/"]}]},{"@type":"ImageObject","inLanguage":"en-US","@id":"https:\/\/tajkertesz.com\/termek\/agrecol-levendula-mutragya-12kg\/#primaryimage","url":"https:\/\/tajkertesz.com\/wp-content\/uploads\/2025\/03\/200-lawenda-12kg-v2-wiz_370.png","contentUrl":"https:\/\/tajkertesz.com\/wp-content\/uploads\/2025\/03\/200-lawenda-12kg-v2-wiz_370.png","width":370,"height":480,"caption":"Agrecol levendula m\u0171tr\u00e1gya 1,2kg."},{"@type":"BreadcrumbList","@id":"https:\/\/tajkertesz.com\/termek\/agrecol-levendula-mutragya-12kg\/#breadcrumb","itemListElement":[{"@type":"ListItem","position":1,"name":"Home","item":"https:\/\/tajkertesz.com\/"},{"@type":"ListItem","position":2,"name":"Kezd\u0151lap","item":"https:\/\/tajkertesz.com\/"},{"@type":"ListItem","position":3,"name":"Agrecol levendula m\u0171tr\u00e1gya 1,2kg."}]},{"@type":"WebSite","@id":"https:\/\/tajkertesz.com\/#website","url":"https:\/\/tajkertesz.com\/","name":"T\u00e1j-Kert\u00e9sz 84 Kft.","description":"Kert\u00e9szeti kis- \u00e9s nagykeresked\u00e9s, D\u00edszn\u00f6v\u00e9ny web\u00e1ruh\u00e1z orsz\u00e1gos h\u00e1zhozsz\u00e1ll\u00edt\u00e1ssal!","publisher":{"@id":"https:\/\/tajkertesz.com\/#organization"},"potentialAction":[{"@type":"SearchAction","target":{"@type":"EntryPoint","urlTemplate":"https:\/\/tajkertesz.com\/?s={search_term_string}"},"query-input":{"@type":"PropertyValueSpecification","valueRequired":true,"valueName":"search_term_string"}}],"inLanguage":"en-US"},{"@type":"Organization","@id":"https:\/\/tajkertesz.com\/#organization","name":"T\u00e1j-Kert\u00e9sz 84 Kft.","url":"https:\/\/tajkertesz.com\/","logo":{"@type":"ImageObject","inLanguage":"en-US","@id":"https:\/\/tajkertesz.com\/#\/schema\/logo\/image\/","url":"https:\/\/tajkertesz.com\/wp-content\/uploads\/2018\/02\/logo-2-e1518678052539.png","contentUrl":"https:\/\/tajkertesz.com\/wp-content\/uploads\/2018\/02\/logo-2-e1518678052539.png","width":81,"height":140,"caption":"T\u00e1j-Kert\u00e9sz 84 Kft."},"image":{"@id":"https:\/\/tajkertesz.com\/#\/schema\/logo\/image\/"},"sameAs":["https:\/\/www.facebook.com\/Tajkertesz\/"]}]}},"_links":{"self":[{"href":"https:\/\/tajkertesz.com\/en_US\/wp-json\/wp\/v2\/product\/22971","targetHints":{"allow":["GET"]}}],"collection":[{"href":"https:\/\/tajkertesz.com\/en_US\/wp-json\/wp\/v2\/product"}],"about":[{"href":"https:\/\/tajkertesz.com\/en_US\/wp-json\/wp\/v2\/types\/product"}],"wp:featuredmedia":[{"embeddable":true,"href":"https:\/\/tajkertesz.com\/en_US\/wp-json\/wp\/v2\/media\/22972"}],"wp:attachment":[{"href":"https:\/\/tajkertesz.com\/en_US\/wp-json\/wp\/v2\/media?parent=22971"}],"wp:term":[{"taxonomy":"product_brand","embeddable":true,"href":"https:\/\/tajkertesz.com\/en_US\/wp-json\/wp\/v2\/product_brand?post=22971"},{"taxonomy":"product_cat","embeddable":true,"href":"https:\/\/tajkertesz.com\/en_US\/wp-json\/wp\/v2\/product_cat?post=22971"},{"taxonomy":"product_tag","embeddable":true,"href":"https:\/\/tajkertesz.com\/en_US\/wp-json\/wp\/v2\/product_tag?post=22971"}],"curies":[{"name":"wp","href":"https:\/\/api.w.org\/{rel}","templated":true}]}}