{"id":22986,"date":"2025-03-30T06:23:06","date_gmt":"2025-03-30T06:23:06","guid":{"rendered":"https:\/\/tajkertesz.com\/?post_type=product&#038;p=22986"},"modified":"2025-11-17T10:52:51","modified_gmt":"2025-11-17T10:52:51","slug":"agrecol-gyokerezteto-mutragya-dugvanyokhoz-magvakhoz-250g","status":"publish","type":"product","link":"https:\/\/tajkertesz.com\/en_US\/product\/agrecol-gyokerezteto-mutragya-dugvanyokhoz-magvakhoz-250g\/","title":{"rendered":"Agrecol gy\u00f6kereztet\u0151 m\u0171tr\u00e1gya dugv\u00e1nyokhoz, magvakhoz 250g"},"content":{"rendered":"<h1>Agrecol gy\u00f6kereztet\u0151 m\u0171tr\u00e1gya dugv\u00e1nyokhoz, magvakhoz 250g<\/h1>\n<p>Agrecol gy\u00f6kereztet\u0151 m\u0171tr\u00e1gya dugv\u00e1nyokhoz, magvakhoz 250g:<img loading=\"lazy\" decoding=\"async\" class=\"alignnone size-thumbnail wp-image-22987\" src=\"https:\/\/tajkertesz.com\/wp-content\/uploads\/2025\/03\/110-ukorzeniajacy-250g-wiz_370-150x150.png\" alt=\"\" width=\"150\" height=\"150\" srcset=\"https:\/\/tajkertesz.com\/wp-content\/uploads\/2025\/03\/110-ukorzeniajacy-250g-wiz_370-150x150.png 150w, https:\/\/tajkertesz.com\/wp-content\/uploads\/2025\/03\/110-ukorzeniajacy-250g-wiz_370-300x300.png 300w, https:\/\/tajkertesz.com\/wp-content\/uploads\/2025\/03\/110-ukorzeniajacy-250g-wiz_370-100x100.png 100w\" sizes=\"(max-width: 150px) 100vw, 150px\" \/><\/p>\n<p>Gy\u00f6keres m\u0171tr\u00e1gya dugv\u00e1nyokhoz \u00e9s magvakhoz<br \/>\nm\u0171tr\u00e1gya, amely t\u00e1mogatja a n\u00f6v\u00e9nyek gy\u00f6keresed\u00e9s\u00e9t vegetat\u00edv szapor\u00edt\u00e1s sor\u00e1n (dugv\u00e1nyokb\u00f3l) \u00e9s generat\u00edv szapor\u00edt\u00e1s sor\u00e1n (magvakb\u00f3l)<br \/>\nA magas foszfortartalom \u00e9s m\u00e1s fontos elemek t\u00e1mogatj\u00e1k az eg\u00e9szs\u00e9ges gy\u00f6k\u00e9rzet kialakul\u00e1s\u00e1nak folyamat\u00e1t<br \/>\n250 liter \u00f6nt\u00f6z\u0151oldathoz elegend\u0151<br \/>\nSorozat:<br \/>\nKrist\u00e1lyos<\/p>\n<p>CE m\u0171tr\u00e1gya<br \/>\nnitrog\u00e9n (N) \u2013 5%<br \/>\nfoszfor (P2O5) \u2013 14%<br \/>\nk\u00e1lium (K2O) \u2013 5%<br \/>\nmagn\u00e9zium (MgO) \u2013 11%<\/p>\n<p>Mikrot\u00e1panyagok<br \/>\nEDTA \u00e1ltal kel\u00e1tozott:<br \/>\nr\u00e9z (Cu) 0,02%, vas (Fe) 0,07%,<br \/>\nmang\u00e1n (Mn) 0,04%, cink (Zn) 0,015%<\/p>\n<p><strong>K\u00e9szlet\u00fcnk napi szinten v\u00e1ltozik, ez\u00e9rt k\u00e9rj\u00fck, \u00e9rdekl\u0151dj\u00f6n szem\u00e9lyesen, telefonon vagy email-en.<br \/>\nA v\u00e1ltoztat\u00e1s jog\u00e1t fenntartjuk!\u00a0<\/strong><\/p>\n<p><a href=\"https:\/\/tajkertesz.com\/\">https:\/\/tajkertesz.com\/<\/a><\/p>\n<p><a href=\"https:\/\/www.facebook.com\/tajkertesz\/\">https:\/\/www.facebook.com\/tajkertesz\/<\/a><\/p>\n<p>Kisz\u00e1ll\u00edt\u00e1s: 200cm-ig \u00e9s 40 kg-ig a sz\u00e1ll\u00edt\u00e1s fut\u00e1rszolg\u00e1lattal t\u00f6rt\u00e9nik.<\/p>\n<p>Szem\u00e9lyes \u00e1tv\u00e9tel nyitvatart\u00e1si id\u0151ben a 17. ker\u00fclet Bakancsos utca 7. sz\u00e1m alatti Kert\u00e9szeti \u00e1rud\u00e1nkban.<\/p>\n<p><strong><u>Kert\u00e9p\u00edt\u0151k \u00e9s viszontelad\u00f3k regisztr\u00e1l\u00e1s ut\u00e1n egyedi kedvezm\u00e9nnyel v\u00e1s\u00e1rolhatnak kert\u00e9szeti kis-\u00e9s nagykeresked\u00e9s\u00fcnkben.<\/u><\/strong><\/p>\n<p>A logisztikai c\u00e9ggel t\u00f6rt\u00e9n\u0151 sz\u00e1ll\u00edt\u00e1s eset\u00e9n a partnereink\u00a0esetleges a\u00a0cs\u00fasz\u00e1sai\u00e9rt nem v\u00e1llalunk felel\u0151ss\u00e9get!<\/p>\n<p>&nbsp;<\/p>\n<p><strong>Az \u00e1rak egy darab term\u00e9kre vonatkoznak.<\/strong><\/p>","protected":false},"excerpt":{"rendered":"<p>Agrecol gy\u00f6kereztet\u0151 m\u0171tr\u00e1gya dugv\u00e1nyokhoz, magvakhoz 250g Agrecol gy\u00f6kereztet\u0151 m\u0171tr\u00e1gya dugv\u00e1nyokhoz, magvakhoz 250g: Gy\u00f6keres m\u0171tr\u00e1gya dugv\u00e1nyokhoz \u00e9s magvakhoz m\u0171tr\u00e1gya, amely t\u00e1mogatja a n\u00f6v\u00e9nyek gy\u00f6keresed\u00e9s\u00e9t vegetat\u00edv szapor\u00edt\u00e1s sor\u00e1n (dugv\u00e1nyokb\u00f3l) \u00e9s generat\u00edv szapor\u00edt\u00e1s sor\u00e1n (magvakb\u00f3l) A magas foszfortartalom \u00e9s m\u00e1s fontos elemek t\u00e1mogatj\u00e1k az eg\u00e9szs\u00e9ges gy\u00f6k\u00e9rzet kialakul\u00e1s\u00e1nak folyamat\u00e1t 250 liter \u00f6nt\u00f6z\u0151oldathoz elegend\u0151 Sorozat: Krist\u00e1lyos CE m\u0171tr\u00e1gya nitrog\u00e9n (N) [&hellip;]<\/p>\n","protected":false},"featured_media":22987,"template":"","meta":{"_et_pb_use_builder":"","_et_pb_old_content":"","_et_gb_content_width":""},"product_brand":[],"product_cat":[1423],"product_tag":[537,705,4104],"class_list":{"0":"post-22986","1":"product","2":"type-product","3":"status-publish","4":"has-post-thumbnail","6":"product_cat-egyeb-kerti-novenyekhez","7":"product_tag-agrecol","8":"product_tag-mutragya","9":"product_tag-tapanyag","11":"first","12":"instock","13":"shipping-taxable","14":"purchasable","15":"product-type-simple"},"yoast_head":"<!-- This site is optimized with the Yoast SEO plugin v27.4 - https:\/\/yoast.com\/product\/yoast-seo-wordpress\/ -->\n<title>Agrecol gy\u00f6kereztet\u0151 m\u0171tr\u00e1gya dugv\u00e1nyokhoz, magvakhoz 250g - T\u00e1jkert\u00e9sz<\/title>\n<meta name=\"description\" content=\"Agrecol gy\u00f6kereztet\u0151 m\u0171tr\u00e1gya dugv\u00e1nyokhoz, magvakhoz 250g................................................................\" \/>\n<meta name=\"robots\" content=\"index, follow, max-snippet:-1, max-image-preview:large, max-video-preview:-1\" \/>\n<link rel=\"canonical\" href=\"https:\/\/tajkertesz.com\/en_US\/product\/agrecol-gyokerezteto-mutragya-dugvanyokhoz-magvakhoz-250g\/\" \/>\n<meta property=\"og:locale\" content=\"en_US\" \/>\n<meta property=\"og:type\" content=\"article\" \/>\n<meta property=\"og:title\" content=\"Agrecol gy\u00f6kereztet\u0151 m\u0171tr\u00e1gya dugv\u00e1nyokhoz, magvakhoz 250g - T\u00e1jkert\u00e9sz\" \/>\n<meta property=\"og:description\" content=\"Agrecol gy\u00f6kereztet\u0151 m\u0171tr\u00e1gya dugv\u00e1nyokhoz, magvakhoz 250g................................................................\" \/>\n<meta property=\"og:url\" content=\"https:\/\/tajkertesz.com\/en_US\/product\/agrecol-gyokerezteto-mutragya-dugvanyokhoz-magvakhoz-250g\/\" \/>\n<meta property=\"og:site_name\" content=\"T\u00e1jkert\u00e9sz\" \/>\n<meta property=\"article:publisher\" content=\"https:\/\/www.facebook.com\/Tajkertesz\/\" \/>\n<meta property=\"article:modified_time\" content=\"2025-11-17T10:52:51+00:00\" \/>\n<meta property=\"og:image\" content=\"https:\/\/tajkertesz.com\/wp-content\/uploads\/2025\/03\/110-ukorzeniajacy-250g-wiz_370.png\" \/>\n\t<meta property=\"og:image:width\" content=\"370\" \/>\n\t<meta property=\"og:image:height\" content=\"616\" \/>\n\t<meta property=\"og:image:type\" content=\"image\/png\" \/>\n<meta name=\"twitter:card\" content=\"summary_large_image\" \/>\n<meta name=\"twitter:label1\" content=\"Est. reading time\" \/>\n\t<meta name=\"twitter:data1\" content=\"2 minutes\" \/>\n<script type=\"application\/ld+json\" class=\"yoast-schema-graph\">{\"@context\":\"https:\\\/\\\/schema.org\",\"@graph\":[{\"@type\":\"WebPage\",\"@id\":\"https:\\\/\\\/tajkertesz.com\\\/termek\\\/agrecol-gyokerezteto-mutragya-dugvanyokhoz-magvakhoz-250g\\\/\",\"url\":\"https:\\\/\\\/tajkertesz.com\\\/termek\\\/agrecol-gyokerezteto-mutragya-dugvanyokhoz-magvakhoz-250g\\\/\",\"name\":\"Agrecol gy\u00f6kereztet\u0151 m\u0171tr\u00e1gya dugv\u00e1nyokhoz, magvakhoz 250g - T\u00e1jkert\u00e9sz\",\"isPartOf\":{\"@id\":\"https:\\\/\\\/tajkertesz.com\\\/#website\"},\"primaryImageOfPage\":{\"@id\":\"https:\\\/\\\/tajkertesz.com\\\/termek\\\/agrecol-gyokerezteto-mutragya-dugvanyokhoz-magvakhoz-250g\\\/#primaryimage\"},\"image\":{\"@id\":\"https:\\\/\\\/tajkertesz.com\\\/termek\\\/agrecol-gyokerezteto-mutragya-dugvanyokhoz-magvakhoz-250g\\\/#primaryimage\"},\"thumbnailUrl\":\"https:\\\/\\\/tajkertesz.com\\\/wp-content\\\/uploads\\\/2025\\\/03\\\/110-ukorzeniajacy-250g-wiz_370.png\",\"datePublished\":\"2025-03-30T06:23:06+00:00\",\"dateModified\":\"2025-11-17T10:52:51+00:00\",\"description\":\"Agrecol gy\u00f6kereztet\u0151 m\u0171tr\u00e1gya dugv\u00e1nyokhoz, magvakhoz 250g................................................................\",\"breadcrumb\":{\"@id\":\"https:\\\/\\\/tajkertesz.com\\\/termek\\\/agrecol-gyokerezteto-mutragya-dugvanyokhoz-magvakhoz-250g\\\/#breadcrumb\"},\"inLanguage\":\"en-US\",\"potentialAction\":[{\"@type\":\"ReadAction\",\"target\":[\"https:\\\/\\\/tajkertesz.com\\\/termek\\\/agrecol-gyokerezteto-mutragya-dugvanyokhoz-magvakhoz-250g\\\/\"]}]},{\"@type\":\"ImageObject\",\"inLanguage\":\"en-US\",\"@id\":\"https:\\\/\\\/tajkertesz.com\\\/termek\\\/agrecol-gyokerezteto-mutragya-dugvanyokhoz-magvakhoz-250g\\\/#primaryimage\",\"url\":\"https:\\\/\\\/tajkertesz.com\\\/wp-content\\\/uploads\\\/2025\\\/03\\\/110-ukorzeniajacy-250g-wiz_370.png\",\"contentUrl\":\"https:\\\/\\\/tajkertesz.com\\\/wp-content\\\/uploads\\\/2025\\\/03\\\/110-ukorzeniajacy-250g-wiz_370.png\",\"width\":370,\"height\":616},{\"@type\":\"BreadcrumbList\",\"@id\":\"https:\\\/\\\/tajkertesz.com\\\/termek\\\/agrecol-gyokerezteto-mutragya-dugvanyokhoz-magvakhoz-250g\\\/#breadcrumb\",\"itemListElement\":[{\"@type\":\"ListItem\",\"position\":1,\"name\":\"Home\",\"item\":\"https:\\\/\\\/tajkertesz.com\\\/\"},{\"@type\":\"ListItem\",\"position\":2,\"name\":\"Kezd\u0151lap\",\"item\":\"https:\\\/\\\/tajkertesz.com\\\/\"},{\"@type\":\"ListItem\",\"position\":3,\"name\":\"Agrecol gy\u00f6kereztet\u0151 m\u0171tr\u00e1gya dugv\u00e1nyokhoz, magvakhoz 250g\"}]},{\"@type\":\"WebSite\",\"@id\":\"https:\\\/\\\/tajkertesz.com\\\/#website\",\"url\":\"https:\\\/\\\/tajkertesz.com\\\/\",\"name\":\"T\u00e1j-Kert\u00e9sz 84 Kft.\",\"description\":\"Kert\u00e9szeti kis- \u00e9s nagykeresked\u00e9s, D\u00edszn\u00f6v\u00e9ny web\u00e1ruh\u00e1z orsz\u00e1gos h\u00e1zhozsz\u00e1ll\u00edt\u00e1ssal!\",\"publisher\":{\"@id\":\"https:\\\/\\\/tajkertesz.com\\\/#organization\"},\"potentialAction\":[{\"@type\":\"SearchAction\",\"target\":{\"@type\":\"EntryPoint\",\"urlTemplate\":\"https:\\\/\\\/tajkertesz.com\\\/?s={search_term_string}\"},\"query-input\":{\"@type\":\"PropertyValueSpecification\",\"valueRequired\":true,\"valueName\":\"search_term_string\"}}],\"inLanguage\":\"en-US\"},{\"@type\":\"Organization\",\"@id\":\"https:\\\/\\\/tajkertesz.com\\\/#organization\",\"name\":\"T\u00e1j-Kert\u00e9sz 84 Kft.\",\"url\":\"https:\\\/\\\/tajkertesz.com\\\/\",\"logo\":{\"@type\":\"ImageObject\",\"inLanguage\":\"en-US\",\"@id\":\"https:\\\/\\\/tajkertesz.com\\\/#\\\/schema\\\/logo\\\/image\\\/\",\"url\":\"https:\\\/\\\/tajkertesz.com\\\/wp-content\\\/uploads\\\/2018\\\/02\\\/logo-2-e1518678052539.png\",\"contentUrl\":\"https:\\\/\\\/tajkertesz.com\\\/wp-content\\\/uploads\\\/2018\\\/02\\\/logo-2-e1518678052539.png\",\"width\":81,\"height\":140,\"caption\":\"T\u00e1j-Kert\u00e9sz 84 Kft.\"},\"image\":{\"@id\":\"https:\\\/\\\/tajkertesz.com\\\/#\\\/schema\\\/logo\\\/image\\\/\"},\"sameAs\":[\"https:\\\/\\\/www.facebook.com\\\/Tajkertesz\\\/\"]}]}<\/script>\n<!-- \/ Yoast SEO plugin. -->","yoast_head_json":{"title":"Agrecol gy\u00f6kereztet\u0151 m\u0171tr\u00e1gya dugv\u00e1nyokhoz, magvakhoz 250g - T\u00e1jkert\u00e9sz","description":"Agrecol gy\u00f6kereztet\u0151 m\u0171tr\u00e1gya dugv\u00e1nyokhoz, magvakhoz 250g................................................................","robots":{"index":"index","follow":"follow","max-snippet":"max-snippet:-1","max-image-preview":"max-image-preview:large","max-video-preview":"max-video-preview:-1"},"canonical":"https:\/\/tajkertesz.com\/en_US\/product\/agrecol-gyokerezteto-mutragya-dugvanyokhoz-magvakhoz-250g\/","og_locale":"en_US","og_type":"article","og_title":"Agrecol gy\u00f6kereztet\u0151 m\u0171tr\u00e1gya dugv\u00e1nyokhoz, magvakhoz 250g - T\u00e1jkert\u00e9sz","og_description":"Agrecol gy\u00f6kereztet\u0151 m\u0171tr\u00e1gya dugv\u00e1nyokhoz, magvakhoz 250g................................................................","og_url":"https:\/\/tajkertesz.com\/en_US\/product\/agrecol-gyokerezteto-mutragya-dugvanyokhoz-magvakhoz-250g\/","og_site_name":"T\u00e1jkert\u00e9sz","article_publisher":"https:\/\/www.facebook.com\/Tajkertesz\/","article_modified_time":"2025-11-17T10:52:51+00:00","og_image":[{"width":370,"height":616,"url":"https:\/\/tajkertesz.com\/wp-content\/uploads\/2025\/03\/110-ukorzeniajacy-250g-wiz_370.png","type":"image\/png"}],"twitter_card":"summary_large_image","twitter_misc":{"Est. reading time":"2 minutes"},"schema":{"@context":"https:\/\/schema.org","@graph":[{"@type":"WebPage","@id":"https:\/\/tajkertesz.com\/termek\/agrecol-gyokerezteto-mutragya-dugvanyokhoz-magvakhoz-250g\/","url":"https:\/\/tajkertesz.com\/termek\/agrecol-gyokerezteto-mutragya-dugvanyokhoz-magvakhoz-250g\/","name":"Agrecol gy\u00f6kereztet\u0151 m\u0171tr\u00e1gya dugv\u00e1nyokhoz, magvakhoz 250g - T\u00e1jkert\u00e9sz","isPartOf":{"@id":"https:\/\/tajkertesz.com\/#website"},"primaryImageOfPage":{"@id":"https:\/\/tajkertesz.com\/termek\/agrecol-gyokerezteto-mutragya-dugvanyokhoz-magvakhoz-250g\/#primaryimage"},"image":{"@id":"https:\/\/tajkertesz.com\/termek\/agrecol-gyokerezteto-mutragya-dugvanyokhoz-magvakhoz-250g\/#primaryimage"},"thumbnailUrl":"https:\/\/tajkertesz.com\/wp-content\/uploads\/2025\/03\/110-ukorzeniajacy-250g-wiz_370.png","datePublished":"2025-03-30T06:23:06+00:00","dateModified":"2025-11-17T10:52:51+00:00","description":"Agrecol gy\u00f6kereztet\u0151 m\u0171tr\u00e1gya dugv\u00e1nyokhoz, magvakhoz 250g................................................................","breadcrumb":{"@id":"https:\/\/tajkertesz.com\/termek\/agrecol-gyokerezteto-mutragya-dugvanyokhoz-magvakhoz-250g\/#breadcrumb"},"inLanguage":"en-US","potentialAction":[{"@type":"ReadAction","target":["https:\/\/tajkertesz.com\/termek\/agrecol-gyokerezteto-mutragya-dugvanyokhoz-magvakhoz-250g\/"]}]},{"@type":"ImageObject","inLanguage":"en-US","@id":"https:\/\/tajkertesz.com\/termek\/agrecol-gyokerezteto-mutragya-dugvanyokhoz-magvakhoz-250g\/#primaryimage","url":"https:\/\/tajkertesz.com\/wp-content\/uploads\/2025\/03\/110-ukorzeniajacy-250g-wiz_370.png","contentUrl":"https:\/\/tajkertesz.com\/wp-content\/uploads\/2025\/03\/110-ukorzeniajacy-250g-wiz_370.png","width":370,"height":616},{"@type":"BreadcrumbList","@id":"https:\/\/tajkertesz.com\/termek\/agrecol-gyokerezteto-mutragya-dugvanyokhoz-magvakhoz-250g\/#breadcrumb","itemListElement":[{"@type":"ListItem","position":1,"name":"Home","item":"https:\/\/tajkertesz.com\/"},{"@type":"ListItem","position":2,"name":"Kezd\u0151lap","item":"https:\/\/tajkertesz.com\/"},{"@type":"ListItem","position":3,"name":"Agrecol gy\u00f6kereztet\u0151 m\u0171tr\u00e1gya dugv\u00e1nyokhoz, magvakhoz 250g"}]},{"@type":"WebSite","@id":"https:\/\/tajkertesz.com\/#website","url":"https:\/\/tajkertesz.com\/","name":"T\u00e1j-Kert\u00e9sz 84 Kft.","description":"Kert\u00e9szeti kis- \u00e9s nagykeresked\u00e9s, D\u00edszn\u00f6v\u00e9ny web\u00e1ruh\u00e1z orsz\u00e1gos h\u00e1zhozsz\u00e1ll\u00edt\u00e1ssal!","publisher":{"@id":"https:\/\/tajkertesz.com\/#organization"},"potentialAction":[{"@type":"SearchAction","target":{"@type":"EntryPoint","urlTemplate":"https:\/\/tajkertesz.com\/?s={search_term_string}"},"query-input":{"@type":"PropertyValueSpecification","valueRequired":true,"valueName":"search_term_string"}}],"inLanguage":"en-US"},{"@type":"Organization","@id":"https:\/\/tajkertesz.com\/#organization","name":"T\u00e1j-Kert\u00e9sz 84 Kft.","url":"https:\/\/tajkertesz.com\/","logo":{"@type":"ImageObject","inLanguage":"en-US","@id":"https:\/\/tajkertesz.com\/#\/schema\/logo\/image\/","url":"https:\/\/tajkertesz.com\/wp-content\/uploads\/2018\/02\/logo-2-e1518678052539.png","contentUrl":"https:\/\/tajkertesz.com\/wp-content\/uploads\/2018\/02\/logo-2-e1518678052539.png","width":81,"height":140,"caption":"T\u00e1j-Kert\u00e9sz 84 Kft."},"image":{"@id":"https:\/\/tajkertesz.com\/#\/schema\/logo\/image\/"},"sameAs":["https:\/\/www.facebook.com\/Tajkertesz\/"]}]}},"_links":{"self":[{"href":"https:\/\/tajkertesz.com\/en_US\/wp-json\/wp\/v2\/product\/22986","targetHints":{"allow":["GET"]}}],"collection":[{"href":"https:\/\/tajkertesz.com\/en_US\/wp-json\/wp\/v2\/product"}],"about":[{"href":"https:\/\/tajkertesz.com\/en_US\/wp-json\/wp\/v2\/types\/product"}],"wp:featuredmedia":[{"embeddable":true,"href":"https:\/\/tajkertesz.com\/en_US\/wp-json\/wp\/v2\/media\/22987"}],"wp:attachment":[{"href":"https:\/\/tajkertesz.com\/en_US\/wp-json\/wp\/v2\/media?parent=22986"}],"wp:term":[{"taxonomy":"product_brand","embeddable":true,"href":"https:\/\/tajkertesz.com\/en_US\/wp-json\/wp\/v2\/product_brand?post=22986"},{"taxonomy":"product_cat","embeddable":true,"href":"https:\/\/tajkertesz.com\/en_US\/wp-json\/wp\/v2\/product_cat?post=22986"},{"taxonomy":"product_tag","embeddable":true,"href":"https:\/\/tajkertesz.com\/en_US\/wp-json\/wp\/v2\/product_tag?post=22986"}],"curies":[{"name":"wp","href":"https:\/\/api.w.org\/{rel}","templated":true}]}}