{"id":23007,"date":"2025-03-31T14:34:22","date_gmt":"2025-03-31T14:34:22","guid":{"rendered":"https:\/\/tajkertesz.com\/?post_type=product&#038;p=23007"},"modified":"2026-03-31T06:33:02","modified_gmt":"2026-03-31T06:33:02","slug":"cornus-controversa-emeletes-som","status":"publish","type":"product","link":"https:\/\/tajkertesz.com\/en_US\/product\/cornus-controversa-emeletes-som\/","title":{"rendered":"Cornus controversa &#8216;Variegata&#8217; &#8211; Emeletes som"},"content":{"rendered":"<h1>Cornus controversa &#8216;Variegata&#8217; &#8211; Emeletes som<\/h1>\n<p>A Cornus controversa &#8216;Variegata&#8217; &#8211; Emeletes som egy k\u00fcl\u00f6nleges \u00e9s dekorat\u00edv fa, amely a <em data-start=\"96\" data-end=\"104\">Cornus<\/em> nemzets\u00e9ghez tartozik. A <em data-start=\"895\" data-end=\"915\">Cornus controversa<\/em> eredetileg \u00c1zsia keleti r\u00e9sz\u00e9r\u0151l sz\u00e1rmazik. Az enyhe, h\u0171v\u00f6sebb \u00e9ghajlatot kedveli, \u00e9s ink\u00e1bb az \u00e1rny\u00e9kos, nedves talaj\u00fa helyeken n\u0151.<\/p>\n<h2>Cornus controversa jellemz\u0151i:<\/h2>\n<ul>\n<li class=\"\" data-start=\"179\" data-end=\"275\">\n<p class=\"\" data-start=\"181\" data-end=\"275\">A Cornus controversa k\u00f6zepes m\u00e9ret\u0171 fa.<\/p>\n<\/li>\n<li class=\"\" data-start=\"276\" data-end=\"522\">\n<p class=\"\" data-start=\"278\" data-end=\"522\">A fa legismertebb tulajdons\u00e1ga az \u00e1gai szintenk\u00e9nti elrendez\u0151d\u00e9se, amely a fa tipikus &#8222;szinteltol\u00f3d\u00f3&#8221; form\u00e1j\u00e1t adja. Az als\u00f3 \u00e1gak horizont\u00e1lisan n\u0151nek, majd felfel\u00e9 hajlanak, \u00edgy egy sz\u00e9p, sz\u00e9les el\u00e1gaz\u00f3 korona form\u00e1l\u00f3dik.<\/p>\n<\/li>\n<li class=\"\" data-start=\"523\" data-end=\"634\">\n<p class=\"\" data-start=\"525\" data-end=\"634\">A levelei elliptikusak, s\u00f6t\u00e9tz\u00f6ldek a ny\u00e1r folyam\u00e1n, \u0151sszel pedig s\u00e1rg\u00e1s-bord\u00f3s sz\u00edn\u0171ek lesznek.<\/p>\n<\/li>\n<li class=\"\" data-start=\"635\" data-end=\"761\">\n<p class=\"\" data-start=\"637\" data-end=\"761\">Tavasszal apr\u00f3, feh\u00e9r vir\u00e1gokat hoz, amelyek \u00f6sszegy\u0171lnek a fa cs\u00facs\u00e1n, \u00e9s sz\u00e9p, kr\u00e9mfeh\u00e9r vir\u00e1gzatot alkotnak.<\/p>\n<\/li>\n<li class=\"\" data-start=\"762\" data-end=\"864\">\n<p class=\"\" data-start=\"764\" data-end=\"864\">A vir\u00e1gokb\u00f3l kism\u00e9ret\u0171, k\u00e9kes fekete bogy\u00f3k alakulnak ki, amelyek \u0151sszel jelennek meg.<\/p>\n<\/li>\n<\/ul>\n<h3>Az emeletes som gondoz\u00e1sa:<\/h3>\n<ul>\n<li class=\"\" data-start=\"1428\" data-end=\"1511\">\n<p class=\"\" data-start=\"1430\" data-end=\"1511\"><strong data-start=\"1430\" data-end=\"1439\">Talaj<\/strong>: J\u00f3 v\u00edz\u00e1tereszt\u0151 k\u00e9pess\u00e9g\u0171, enyh\u00e9n savany\u00fa vagy semleges talajt kedvel.<\/p>\n<\/li>\n<li class=\"\" data-start=\"1512\" data-end=\"1624\">\n<p class=\"\" data-start=\"1514\" data-end=\"1624\"><strong data-start=\"1514\" data-end=\"1522\">F\u00e9ny<\/strong>: F\u00e9l\u00e1rny\u00e9kos vagy \u00e1rny\u00e9kos helyet ig\u00e9nyel, de napos helyen is meg\u00e9l, ha van elegend\u0151 v\u00edzell\u00e1totts\u00e1ga.<\/p>\n<\/li>\n<\/ul>\n<p>&nbsp;<\/p>\n<p><b>K\u00e9szlet\u00fcnk napi szinten v\u00e1ltozik, ez\u00e9rt k\u00e9rj\u00fck, \u00e9rdekl\u0151dj\u00f6n szem\u00e9lyesen, telefonon vagy email-en.<br \/>\nA v\u00e1ltoztat\u00e1s jog\u00e1t fenntartjuk!<\/b><b>\u00a0 <\/b><\/p>\n<p><a href=\"https:\/\/tajkertesz.com\/\">https:\/\/tajkertesz.com\/<\/a><\/p>\n<p><a href=\"https:\/\/www.facebook.com\/tajkertesz\/\">https:\/\/www.facebook.com\/tajkertesz\/ <\/a><\/p>\n<p>Kisz\u00e1ll\u00edt\u00e1s: 200cm-ig \u00e9s 40 kg-ig a sz\u00e1ll\u00edt\u00e1s fut\u00e1rszolg\u00e1lattal t\u00f6rt\u00e9nik.<\/p>\n<p>Szem\u00e9lyes \u00e1tv\u00e9tel nyitvatart\u00e1si id\u0151ben a 17. ker\u00fclet Bakancsos utca 7. sz\u00e1m alatti Kert\u00e9szeti \u00e1rud\u00e1nkban.<\/p>\n<p>Kert\u00e9p\u00edt\u0151k \u00e9s viszontelad\u00f3k regisztr\u00e1l\u00e1s ut\u00e1n egyedi kedvezm\u00e9nnyel v\u00e1s\u00e1rolhatnak kert\u00e9szeti kis-\u00e9s nagykeresked\u00e9s\u00fcnkben.<\/p>\n<p><strong>Az \u00e1rak egy darab term\u00e9kre vonatkoznak.<\/strong><\/p>\n<p><strong>J\u00f3 tudni!<\/strong><\/p>\n<p>K\u00e9pek-elt\u00e9r\u00e9sek:<\/p>\n<p>A n\u00f6v\u00e9nyekr\u0151l felt\u00f6lt\u00f6tt k\u00e9pek illusztr\u00e1ci\u00f3k. N\u00f6v\u00e9nyekn\u00e9l el\u0151fordulhatnak minim\u00e1lis elt\u00e9r\u00e9sek a k\u00e9peken szerepl\u0151 n\u00f6v\u00e9nyek \u00e9s az \u00e1tvett n\u00f6v\u00e9nyek k\u00f6z\u00f6tt, mivel minden n\u00f6v\u00e9ny egyedi.<\/p>\n<h4>N\u00f6v\u00e9nyek sz\u00e1ll\u00edt\u00e1sa:<\/h4>\n<p>A megrendelt n\u00f6v\u00e9nyeket igyeksz\u00fcnk a lehet\u0151 legbiztons\u00e1gosabban egyes\u00e9vel csomagolni, azonban a sz\u00e1ll\u00edt\u00e1s sor\u00e1n m\u00e9g ennek ellen\u00e9re is\u00a0bek\u00f6vetkezhetnek apr\u00f3bb s\u00e9r\u00fcl\u00e9sek (lev\u00e9l- vagy vir\u00e1ghull\u00e1s).<br \/>\nN\u00f6v\u00e9ny rendel\u00e9s eset\u00e9n k\u00e9rj\u00fck a k\u00e9zbes\u00edt\u00e9st k\u00f6vet\u0151en a lehet\u0151 leghamarabb bonts\u00e1k ki a csomagot.<\/p>\n<p>Abban az esetben, ha a megrendelt n\u00f6v\u00e9ny\u00a0a sz\u00e1ll\u00edt\u00e1st k\u00f6vet\u0151en\u00a0nem megfelel\u0151 gondoz\u00e1sban r\u00e9szes\u00fcl \u00e9s ebb\u0151l kifoly\u00f3lag\u00a0k\u00e1rosodik,\u00a0elpusztul, felel\u0151ss\u00e9get sajnos nem tudunk v\u00e1llalni.<\/p>\n<p>V\u00e1s\u00e1rl\u00e1st\u00f3l val\u00f3 el\u00e1ll\u00e1s \u00e9l\u0151 n\u00f6v\u00e9ny v\u00e1s\u00e1rl\u00e1sa eset\u00e9n:<\/p>\n<p>Az \u00e1ltal\u00e1nos 14 napos el\u00e1ll\u00e1s lehet\u0151s\u00e9ge \u00e9l\u0151 n\u00f6v\u00e9nyekre nem vonatkozik. V\u00e1s\u00e1rl\u00e1st\u00f3l val\u00f3 el\u00e1ll\u00e1sra, visszak\u00fcld\u00e9sre nincs lehet\u0151s\u00e9g.\u00a0(17\/1999. (II. 5.) Korm. rendelet 5c pontja)<\/p>\n<p><strong>K\u00e9rj\u00fck fentiek figyelembev\u00e9tel\u00e9t n\u00f6v\u00e9ny rendel\u00e9se sor\u00e1n!<\/strong><\/p>","protected":false},"excerpt":{"rendered":"<p>A n\u00f6v\u00e9ny jelenlegi m\u00e9rete:50\/60 cm magas, 5 L-es cser\u00e9pben.<\/p>","protected":false},"featured_media":23012,"template":"","meta":{"_et_pb_use_builder":"","_et_pb_old_content":"","_et_gb_content_width":""},"product_brand":[],"product_cat":[28],"product_tag":[5739,33,5738,218],"class_list":{"0":"post-23007","1":"product","2":"type-product","3":"status-publish","4":"has-post-thumbnail","6":"product_cat-diszfak","7":"product_tag-cornus-controversa","8":"product_tag-diszfa","9":"product_tag-emeletes-som","10":"product_tag-som","12":"first","13":"instock","14":"shipping-taxable","15":"purchasable","16":"product-type-simple"},"yoast_head":"<!-- This site is optimized with the Yoast SEO plugin v27.3 - https:\/\/yoast.com\/product\/yoast-seo-wordpress\/ -->\n<title>Cornus controversa &#039;Variegata&#039; - Emeletes som - T\u00e1jkert\u00e9sz<\/title>\n<meta name=\"description\" content=\"A Cornus controversa - Emeletes som egy k\u00fcl\u00f6nleges \u00e9s dekorat\u00edv fa, amely a Cornus nemzets\u00e9ghez tartozik. \u00c1zsia keleti r\u00e9sz\u00e9r\u0151l sz\u00e1rmazik.\" \/>\n<meta name=\"robots\" content=\"index, follow, max-snippet:-1, max-image-preview:large, max-video-preview:-1\" \/>\n<link rel=\"canonical\" href=\"https:\/\/tajkertesz.com\/en_US\/product\/cornus-controversa-emeletes-som\/\" \/>\n<meta property=\"og:locale\" content=\"en_US\" \/>\n<meta property=\"og:type\" content=\"article\" \/>\n<meta property=\"og:title\" content=\"Cornus controversa &#039;Variegata&#039; - Emeletes som - T\u00e1jkert\u00e9sz\" \/>\n<meta property=\"og:description\" content=\"A Cornus controversa - Emeletes som egy k\u00fcl\u00f6nleges \u00e9s dekorat\u00edv fa, amely a Cornus nemzets\u00e9ghez tartozik. \u00c1zsia keleti r\u00e9sz\u00e9r\u0151l sz\u00e1rmazik.\" \/>\n<meta property=\"og:url\" content=\"https:\/\/tajkertesz.com\/en_US\/product\/cornus-controversa-emeletes-som\/\" \/>\n<meta property=\"og:site_name\" content=\"T\u00e1jkert\u00e9sz\" \/>\n<meta property=\"article:publisher\" content=\"https:\/\/www.facebook.com\/Tajkertesz\/\" \/>\n<meta property=\"article:modified_time\" content=\"2026-03-31T06:33:02+00:00\" \/>\n<meta property=\"og:image\" content=\"https:\/\/tajkertesz.com\/wp-content\/uploads\/2025\/03\/Cornus-controversa-1.jpg\" \/>\n\t<meta property=\"og:image:width\" content=\"720\" \/>\n\t<meta property=\"og:image:height\" content=\"1080\" \/>\n\t<meta property=\"og:image:type\" content=\"image\/jpeg\" \/>\n<meta name=\"twitter:card\" content=\"summary_large_image\" \/>\n<meta name=\"twitter:label1\" content=\"Est. reading time\" \/>\n\t<meta name=\"twitter:data1\" content=\"3 minutes\" \/>\n<script type=\"application\/ld+json\" class=\"yoast-schema-graph\">{\"@context\":\"https:\\\/\\\/schema.org\",\"@graph\":[{\"@type\":\"WebPage\",\"@id\":\"https:\\\/\\\/tajkertesz.com\\\/termek\\\/cornus-controversa-emeletes-som\\\/\",\"url\":\"https:\\\/\\\/tajkertesz.com\\\/termek\\\/cornus-controversa-emeletes-som\\\/\",\"name\":\"Cornus controversa 'Variegata' - Emeletes som - T\u00e1jkert\u00e9sz\",\"isPartOf\":{\"@id\":\"https:\\\/\\\/tajkertesz.com\\\/#website\"},\"primaryImageOfPage\":{\"@id\":\"https:\\\/\\\/tajkertesz.com\\\/termek\\\/cornus-controversa-emeletes-som\\\/#primaryimage\"},\"image\":{\"@id\":\"https:\\\/\\\/tajkertesz.com\\\/termek\\\/cornus-controversa-emeletes-som\\\/#primaryimage\"},\"thumbnailUrl\":\"https:\\\/\\\/tajkertesz.com\\\/wp-content\\\/uploads\\\/2025\\\/03\\\/Cornus-controversa-1.jpg\",\"datePublished\":\"2025-03-31T14:34:22+00:00\",\"dateModified\":\"2026-03-31T06:33:02+00:00\",\"description\":\"A Cornus controversa - Emeletes som egy k\u00fcl\u00f6nleges \u00e9s dekorat\u00edv fa, amely a Cornus nemzets\u00e9ghez tartozik. \u00c1zsia keleti r\u00e9sz\u00e9r\u0151l sz\u00e1rmazik.\",\"breadcrumb\":{\"@id\":\"https:\\\/\\\/tajkertesz.com\\\/termek\\\/cornus-controversa-emeletes-som\\\/#breadcrumb\"},\"inLanguage\":\"en-US\",\"potentialAction\":[{\"@type\":\"ReadAction\",\"target\":[\"https:\\\/\\\/tajkertesz.com\\\/termek\\\/cornus-controversa-emeletes-som\\\/\"]}]},{\"@type\":\"ImageObject\",\"inLanguage\":\"en-US\",\"@id\":\"https:\\\/\\\/tajkertesz.com\\\/termek\\\/cornus-controversa-emeletes-som\\\/#primaryimage\",\"url\":\"https:\\\/\\\/tajkertesz.com\\\/wp-content\\\/uploads\\\/2025\\\/03\\\/Cornus-controversa-1.jpg\",\"contentUrl\":\"https:\\\/\\\/tajkertesz.com\\\/wp-content\\\/uploads\\\/2025\\\/03\\\/Cornus-controversa-1.jpg\",\"width\":720,\"height\":1080,\"caption\":\"Cornus controversa - Emeletes som\"},{\"@type\":\"BreadcrumbList\",\"@id\":\"https:\\\/\\\/tajkertesz.com\\\/termek\\\/cornus-controversa-emeletes-som\\\/#breadcrumb\",\"itemListElement\":[{\"@type\":\"ListItem\",\"position\":1,\"name\":\"Home\",\"item\":\"https:\\\/\\\/tajkertesz.com\\\/\"},{\"@type\":\"ListItem\",\"position\":2,\"name\":\"Kezd\u0151lap\",\"item\":\"https:\\\/\\\/tajkertesz.com\\\/\"},{\"@type\":\"ListItem\",\"position\":3,\"name\":\"Cornus controversa &#8216;Variegata&#8217; &#8211; Emeletes som\"}]},{\"@type\":\"WebSite\",\"@id\":\"https:\\\/\\\/tajkertesz.com\\\/#website\",\"url\":\"https:\\\/\\\/tajkertesz.com\\\/\",\"name\":\"T\u00e1j-Kert\u00e9sz 84 Kft.\",\"description\":\"Kert\u00e9szeti kis- \u00e9s nagykeresked\u00e9s, D\u00edszn\u00f6v\u00e9ny web\u00e1ruh\u00e1z orsz\u00e1gos h\u00e1zhozsz\u00e1ll\u00edt\u00e1ssal!\",\"publisher\":{\"@id\":\"https:\\\/\\\/tajkertesz.com\\\/#organization\"},\"potentialAction\":[{\"@type\":\"SearchAction\",\"target\":{\"@type\":\"EntryPoint\",\"urlTemplate\":\"https:\\\/\\\/tajkertesz.com\\\/?s={search_term_string}\"},\"query-input\":{\"@type\":\"PropertyValueSpecification\",\"valueRequired\":true,\"valueName\":\"search_term_string\"}}],\"inLanguage\":\"en-US\"},{\"@type\":\"Organization\",\"@id\":\"https:\\\/\\\/tajkertesz.com\\\/#organization\",\"name\":\"T\u00e1j-Kert\u00e9sz 84 Kft.\",\"url\":\"https:\\\/\\\/tajkertesz.com\\\/\",\"logo\":{\"@type\":\"ImageObject\",\"inLanguage\":\"en-US\",\"@id\":\"https:\\\/\\\/tajkertesz.com\\\/#\\\/schema\\\/logo\\\/image\\\/\",\"url\":\"https:\\\/\\\/tajkertesz.com\\\/wp-content\\\/uploads\\\/2018\\\/02\\\/logo-2-e1518678052539.png\",\"contentUrl\":\"https:\\\/\\\/tajkertesz.com\\\/wp-content\\\/uploads\\\/2018\\\/02\\\/logo-2-e1518678052539.png\",\"width\":81,\"height\":140,\"caption\":\"T\u00e1j-Kert\u00e9sz 84 Kft.\"},\"image\":{\"@id\":\"https:\\\/\\\/tajkertesz.com\\\/#\\\/schema\\\/logo\\\/image\\\/\"},\"sameAs\":[\"https:\\\/\\\/www.facebook.com\\\/Tajkertesz\\\/\"]}]}<\/script>\n<!-- \/ Yoast SEO plugin. -->","yoast_head_json":{"title":"Cornus controversa 'Variegata' - Emeletes som - T\u00e1jkert\u00e9sz","description":"A Cornus controversa - Emeletes som egy k\u00fcl\u00f6nleges \u00e9s dekorat\u00edv fa, amely a Cornus nemzets\u00e9ghez tartozik. \u00c1zsia keleti r\u00e9sz\u00e9r\u0151l sz\u00e1rmazik.","robots":{"index":"index","follow":"follow","max-snippet":"max-snippet:-1","max-image-preview":"max-image-preview:large","max-video-preview":"max-video-preview:-1"},"canonical":"https:\/\/tajkertesz.com\/en_US\/product\/cornus-controversa-emeletes-som\/","og_locale":"en_US","og_type":"article","og_title":"Cornus controversa 'Variegata' - Emeletes som - T\u00e1jkert\u00e9sz","og_description":"A Cornus controversa - Emeletes som egy k\u00fcl\u00f6nleges \u00e9s dekorat\u00edv fa, amely a Cornus nemzets\u00e9ghez tartozik. \u00c1zsia keleti r\u00e9sz\u00e9r\u0151l sz\u00e1rmazik.","og_url":"https:\/\/tajkertesz.com\/en_US\/product\/cornus-controversa-emeletes-som\/","og_site_name":"T\u00e1jkert\u00e9sz","article_publisher":"https:\/\/www.facebook.com\/Tajkertesz\/","article_modified_time":"2026-03-31T06:33:02+00:00","og_image":[{"width":720,"height":1080,"url":"https:\/\/tajkertesz.com\/wp-content\/uploads\/2025\/03\/Cornus-controversa-1.jpg","type":"image\/jpeg"}],"twitter_card":"summary_large_image","twitter_misc":{"Est. reading time":"3 minutes"},"schema":{"@context":"https:\/\/schema.org","@graph":[{"@type":"WebPage","@id":"https:\/\/tajkertesz.com\/termek\/cornus-controversa-emeletes-som\/","url":"https:\/\/tajkertesz.com\/termek\/cornus-controversa-emeletes-som\/","name":"Cornus controversa 'Variegata' - Emeletes som - T\u00e1jkert\u00e9sz","isPartOf":{"@id":"https:\/\/tajkertesz.com\/#website"},"primaryImageOfPage":{"@id":"https:\/\/tajkertesz.com\/termek\/cornus-controversa-emeletes-som\/#primaryimage"},"image":{"@id":"https:\/\/tajkertesz.com\/termek\/cornus-controversa-emeletes-som\/#primaryimage"},"thumbnailUrl":"https:\/\/tajkertesz.com\/wp-content\/uploads\/2025\/03\/Cornus-controversa-1.jpg","datePublished":"2025-03-31T14:34:22+00:00","dateModified":"2026-03-31T06:33:02+00:00","description":"A Cornus controversa - Emeletes som egy k\u00fcl\u00f6nleges \u00e9s dekorat\u00edv fa, amely a Cornus nemzets\u00e9ghez tartozik. \u00c1zsia keleti r\u00e9sz\u00e9r\u0151l sz\u00e1rmazik.","breadcrumb":{"@id":"https:\/\/tajkertesz.com\/termek\/cornus-controversa-emeletes-som\/#breadcrumb"},"inLanguage":"en-US","potentialAction":[{"@type":"ReadAction","target":["https:\/\/tajkertesz.com\/termek\/cornus-controversa-emeletes-som\/"]}]},{"@type":"ImageObject","inLanguage":"en-US","@id":"https:\/\/tajkertesz.com\/termek\/cornus-controversa-emeletes-som\/#primaryimage","url":"https:\/\/tajkertesz.com\/wp-content\/uploads\/2025\/03\/Cornus-controversa-1.jpg","contentUrl":"https:\/\/tajkertesz.com\/wp-content\/uploads\/2025\/03\/Cornus-controversa-1.jpg","width":720,"height":1080,"caption":"Cornus controversa - Emeletes som"},{"@type":"BreadcrumbList","@id":"https:\/\/tajkertesz.com\/termek\/cornus-controversa-emeletes-som\/#breadcrumb","itemListElement":[{"@type":"ListItem","position":1,"name":"Home","item":"https:\/\/tajkertesz.com\/"},{"@type":"ListItem","position":2,"name":"Kezd\u0151lap","item":"https:\/\/tajkertesz.com\/"},{"@type":"ListItem","position":3,"name":"Cornus controversa &#8216;Variegata&#8217; &#8211; Emeletes som"}]},{"@type":"WebSite","@id":"https:\/\/tajkertesz.com\/#website","url":"https:\/\/tajkertesz.com\/","name":"T\u00e1j-Kert\u00e9sz 84 Kft.","description":"Kert\u00e9szeti kis- \u00e9s nagykeresked\u00e9s, D\u00edszn\u00f6v\u00e9ny web\u00e1ruh\u00e1z orsz\u00e1gos h\u00e1zhozsz\u00e1ll\u00edt\u00e1ssal!","publisher":{"@id":"https:\/\/tajkertesz.com\/#organization"},"potentialAction":[{"@type":"SearchAction","target":{"@type":"EntryPoint","urlTemplate":"https:\/\/tajkertesz.com\/?s={search_term_string}"},"query-input":{"@type":"PropertyValueSpecification","valueRequired":true,"valueName":"search_term_string"}}],"inLanguage":"en-US"},{"@type":"Organization","@id":"https:\/\/tajkertesz.com\/#organization","name":"T\u00e1j-Kert\u00e9sz 84 Kft.","url":"https:\/\/tajkertesz.com\/","logo":{"@type":"ImageObject","inLanguage":"en-US","@id":"https:\/\/tajkertesz.com\/#\/schema\/logo\/image\/","url":"https:\/\/tajkertesz.com\/wp-content\/uploads\/2018\/02\/logo-2-e1518678052539.png","contentUrl":"https:\/\/tajkertesz.com\/wp-content\/uploads\/2018\/02\/logo-2-e1518678052539.png","width":81,"height":140,"caption":"T\u00e1j-Kert\u00e9sz 84 Kft."},"image":{"@id":"https:\/\/tajkertesz.com\/#\/schema\/logo\/image\/"},"sameAs":["https:\/\/www.facebook.com\/Tajkertesz\/"]}]}},"_links":{"self":[{"href":"https:\/\/tajkertesz.com\/en_US\/wp-json\/wp\/v2\/product\/23007","targetHints":{"allow":["GET"]}}],"collection":[{"href":"https:\/\/tajkertesz.com\/en_US\/wp-json\/wp\/v2\/product"}],"about":[{"href":"https:\/\/tajkertesz.com\/en_US\/wp-json\/wp\/v2\/types\/product"}],"wp:featuredmedia":[{"embeddable":true,"href":"https:\/\/tajkertesz.com\/en_US\/wp-json\/wp\/v2\/media\/23012"}],"wp:attachment":[{"href":"https:\/\/tajkertesz.com\/en_US\/wp-json\/wp\/v2\/media?parent=23007"}],"wp:term":[{"taxonomy":"product_brand","embeddable":true,"href":"https:\/\/tajkertesz.com\/en_US\/wp-json\/wp\/v2\/product_brand?post=23007"},{"taxonomy":"product_cat","embeddable":true,"href":"https:\/\/tajkertesz.com\/en_US\/wp-json\/wp\/v2\/product_cat?post=23007"},{"taxonomy":"product_tag","embeddable":true,"href":"https:\/\/tajkertesz.com\/en_US\/wp-json\/wp\/v2\/product_tag?post=23007"}],"curies":[{"name":"wp","href":"https:\/\/api.w.org\/{rel}","templated":true}]}}