{"id":2301,"date":"2020-10-21T11:05:53","date_gmt":"2020-10-21T11:05:53","guid":{"rendered":"https:\/\/tajkertesz.com\/?post_type=product&#038;p=2301"},"modified":"2026-02-21T14:02:49","modified_gmt":"2026-02-21T14:02:49","slug":"rubus-occidentalis-black-jewel-fekete-malna","status":"publish","type":"product","link":"https:\/\/tajkertesz.com\/en_US\/product\/rubus-occidentalis-black-jewel-fekete-malna\/","title":{"rendered":"Rubus occidentalis\u00a0 \u2019Black Jewel\u2019 \u2013 Fekete m\u00e1lna"},"content":{"rendered":"<h1>Rubus occidentalis\u00a0 \u2019Black Jewel\u2019 \u2013 Fekete m\u00e1lna<\/h1>\n<p>A Rubus occidentalis\u00a0 \u2019Black Jewel\u2019 \u2013 Fekete m\u00e1lna\u00a0 \u00a0a m\u00e1lna f\u00e9l\u00e9k nemzets\u00e9g\u00e9be tartozik.<\/p>\n<h2>Rubus occidentalis\u00a0 \u2019Black Jewel\u2019 jellemz\u0151i:<\/h2>\n<p>A fekete m\u00e1lna egy lombhullat\u00f3 f\u00e9lcserje, melynek 2 \u00e9ves hajt\u00e1sa a t\u00f6bbi m\u00e1ln\u00e1hoz hasonl\u00f3an elhal.<\/p>\n<p>A sz\u00e1r\u00e1t a t\u00f6bbi m\u00e1lnafajt\u00e1hoz k\u00e9pest nagy sz\u00far\u00f3s t\u00fcsk\u00e9k bor\u00edtj\u00e1k, amelyek f\u0151k\u00e9nt a fiatal sarjakat bor\u00edtj\u00e1k. Sarjait f\u0151k\u00e9nt \u00e1prilis \u00e9s m\u00e1jus v\u00e9g\u00e9n hozza. \u00c1ltal\u00e1ban tereb\u00e9lyesen sz\u00e9tter\u00fcl\u0151 bokrot alkot, ez\u00e9rt a k\u00f6t\u00f6z\u00e9st \u00e9s t\u00e1m rendszert\u00a0 ig\u00e9nyel.\u00a0J\u00fanius elej\u00e9n hozza nagy, rendk\u00edv\u00fcl \u00edzletes term\u00e9s\u00e9t. Nagyon magas antioxid\u00e1ns tartalommal rendelkezik.<\/p>\n<p>Kit\u0171n\u0151 vitamin forr\u00e1s szolg\u00e1l, amit az bizony\u00edt, hogy f\u00e9l maroknyi fekete m\u00e1lna fedezi a napi sz\u00fcks\u00e9ges vitamin bevitel 25%-\u00e1t. Jelenlegi tanulm\u00e1nyok alapj\u00e1n kimutatt\u00e1k, hogy j\u00f3 hat\u00e1ssal van a r\u00e1k megel\u0151z\u00e9s\u00e9re \u00e9s seg\u00edt be\u00e1ll\u00edtani az optim\u00e1lis v\u00e9rcukor szintet is<\/p>\n<h4><strong>\ud83d\udd04 K\u00e9szletinform\u00e1ci\u00f3<\/strong><\/h4>\n<p><strong>K\u00e9szlet\u00fcnk napi szinten v\u00e1ltozik, \u00edgy a webshopban szerepl<\/strong><strong>\u0151<\/strong><strong>\u00a0term\u00e9kek el\u00e9rhet<\/strong><strong>\u0151<\/strong><strong>s\u00e9ge nem garant\u00e1lt.<br \/>\n\ud83d\udcde A megrendel\u00e9s el<\/strong><strong>\u0151<\/strong><strong>tt k\u00e9rj\u00fck, \u00e9rdekl<\/strong><strong>\u0151<\/strong><strong>dj\u00f6n szem\u00e9lyesen, telefonon vagy e-mailben!<\/strong><\/p>\n<h4><strong>\u27a1\ufe0f Kapcsolat:<\/strong><\/h4>\n<ul>\n<li><strong>Weboldal:\u00a0<\/strong><a href=\"https:\/\/tajkertesz.com\/\"><strong>tajkertesz.com<\/strong><\/a><\/li>\n<li><strong>Facebook:\u00a0<\/strong><a href=\"https:\/\/www.facebook.com\/tajkertesz\/\"><strong>facebook.com\/tajkertesz<\/strong><\/a><\/li>\n<li><strong>Telefonsz\u00e1m, e-mail: +36\/20-319-3770\u00a0<\/strong><a href=\"mailto:tajkerteszaruda@gmail.com\"><strong>tajkerteszaruda@gmail.com<\/strong><\/a><\/li>\n<\/ul>\n<h4><strong>\ud83d\ude9a Sz\u00e1ll\u00edt\u00e1si inform\u00e1ci\u00f3k<\/strong><\/h4>\n<p><strong>A megrendelt n\u00f6v\u00e9nyek kisz\u00e1ll\u00edt\u00e1sa az al\u00e1bbi felt\u00e9telek mellett t\u00f6rt\u00e9nik:<\/strong><\/p>\n<h4><strong>\ud83d\udce6 Fut\u00e1rszolg\u00e1latos sz\u00e1ll\u00edt\u00e1s<\/strong><\/h4>\n<ul>\n<li><strong>Maxim\u00e1lis m\u00e9ret: 200 cm (hossz\u00fas\u00e1g)<\/strong><\/li>\n<li><strong>Maxim\u00e1lis s\u00faly: 40 kg<\/strong><\/li>\n<li><strong>Az enn\u00e9l kisebb \u00e9s k\u00f6nnyebb csomagokat fut\u00e1rszolg\u00e1lattal k\u00e9zbes\u00edtj\u00fck a lehet<\/strong><strong>\u0151<\/strong><strong>\u00a0legbiztons\u00e1gosabb csomagol\u00e1sban.<\/strong><\/li>\n<\/ul>\n<h4><strong>\ud83d\udefb Szem\u00e9lyes \u00e1tv\u00e9tel<\/strong><\/h4>\n<ul>\n<li><strong>1173 Budapest, Bakancsos utca 7. sz\u00e1m alatt nyitvatart\u00e1si id<\/strong><strong>\u0151<\/strong><strong>ben szem\u00e9lyesen \u00e1tvehet<\/strong><strong>\u0151<\/strong><strong>\u00a0kert\u00e9szeti \u00e1rud\u00e1nkban.<\/strong><\/li>\n<li><strong>K\u00f6lts\u00e9ghat\u00e9kony megold\u00e1s nagyobb, t\u00f6r\u00e9kenyebb vagy t\u00falm\u00e9retes n\u00f6v\u00e9nyek eset\u00e9n.<\/strong><\/li>\n<\/ul>\n<h4><strong>\ud83d\udcde Nagy m\u00e9ret<\/strong><strong>\u0171<\/strong><strong>\u00a0vagy s\u00faly\u00fa n\u00f6v\u00e9nyek eset\u00e9n<\/strong><\/h4>\n<p><strong>Ha a term\u00e9k:<\/strong><\/p>\n<ul>\n<li><strong>meghaladja a 200 cm hossz\u00fas\u00e1got vagy<\/strong><\/li>\n<li><strong>meghaladja a 40 kg s\u00falyt,<\/strong><\/li>\n<\/ul>\n<p><strong>akkor szem\u00e9lyes \u00e1tv\u00e9tellel vagy egyedi, el<\/strong><strong>\u0151<\/strong><strong>re egyeztetett sz\u00e1ll\u00edt\u00e1si felt\u00e9telek mellett t\u00f6rt\u00e9nik.<br \/>\nK\u00e9rj\u00fck, ilyen esetben rendel\u00e9s el<\/strong><strong>\u0151<\/strong><strong>tt vegye fel vel\u00fcnk a kapcsolatot, hogy a lehet<\/strong><strong>\u0151<\/strong><strong>\u00a0legmegfelel<\/strong><strong>\u0151<\/strong><strong>bb sz\u00e1ll\u00edt\u00e1si megold\u00e1st k\u00edn\u00e1lhassuk.<\/strong><\/p>\n<p><strong>\ud83d\udd14 Fontos: A n\u00f6v\u00e9nyeket minden esetben igyeksz\u00fcnk gondosan, egyes\u00e9vel csomagolni, azonban a sz\u00e1ll\u00edt\u00e1s sor\u00e1n kisebb eszt\u00e9tikai s\u00e9r\u00fcl\u00e9sek el<\/strong><strong>\u0151<\/strong><strong>fordulhatnak (pl. lev\u00e9lhull\u00e1s). Ez nem min<\/strong><strong>\u0151<\/strong><strong>s\u00fcl hib\u00e1s teljes\u00edt\u00e9snek.<\/strong><\/p>\n<h4><strong>\ud83d\udcf7 Fontos tudni a k\u00e9pekr<\/strong><strong>\u0151<\/strong><strong>l<\/strong><\/h4>\n<p><strong>A webshopban szerepl<\/strong><strong>\u0151<\/strong><strong>\u00a0k\u00e9pek illusztr\u00e1ci\u00f3k, a n\u00f6v\u00e9nyek term\u00e9szet\u00fckn\u00e9l fogva egyediek, \u00edgy m\u00e9retben, alakban \u00e9s sz\u00ednben minim\u00e1lis elt\u00e9r\u00e9sek el<\/strong><strong>\u0151<\/strong><strong>fordulhatnak a k\u00e9pen l\u00e1that\u00f3 \u00e9s a val\u00f3s p\u00e9ld\u00e1nyok k\u00f6z\u00f6tt.<\/strong><\/p>\n<h4><strong>\ud83e\uddfe \u00c1rak \u00e9s el\u00e1ll\u00e1si jog<\/strong><\/h4>\n<ul>\n<li><strong>Az \u00e1rak egy darab\u00a0n\u00f6v\u00e9nyre vonatkoznak.<\/strong><\/li>\n<li><strong>\u00c9l<\/strong><strong>\u0151<\/strong><strong>\u00a0n\u00f6v\u00e9nyek rendel\u00e9se eset\u00e9n a 14 napos el\u00e1ll\u00e1s joga nem \u00e9rv\u00e9nyes\u00edthet<\/strong><strong>\u0151<\/strong><strong>, mivel azok romland\u00f3, biol\u00f3giailag \u00e9l<\/strong><strong>\u0151<\/strong><strong>\u00a0term\u00e9keknek min<\/strong><strong>\u0151<\/strong><strong>s\u00fclnek.<br \/>\n\ud83d\udd12 (17\/1999. (II. 5.) Korm. rendelet 5. \u00a7 c) pontja alapj\u00e1n)<\/strong><\/li>\n<\/ul>\n<h4><strong>\ud83d\udce6 K\u00e9zbes\u00edt\u00e9s ut\u00e1ni teend<\/strong><strong>\u0151<\/strong><strong>k<\/strong><\/h4>\n<p><strong>A k\u00e9zbes\u00edt\u00e9st k\u00f6vet<\/strong><strong>\u0151<\/strong><strong>en a csomagot azonnal bontsuk ki, \u00e9s a n\u00f6v\u00e9nyt helyezz\u00fck el megfelel<\/strong><strong>\u0151<\/strong><strong>\u00a0k\u00f6rnyezetben.<br \/>\nFontos: ha a n\u00f6v\u00e9ny nem r\u00e9szes\u00fcl megfelel<\/strong><strong>\u0151<\/strong><strong>\u00a0gondoz\u00e1sban \u00e9s ennek k\u00f6vetkezt\u00e9ben k\u00e1rosodik vagy elpusztul, felel<\/strong><strong>\u0151<\/strong><strong>ss\u00e9get nem tudunk v\u00e1llalni.<\/strong><\/p>\n<p>&nbsp;<\/p>","protected":false},"excerpt":{"rendered":"<p>A <strong data-start=\"1063\" data-end=\"1099\">Rubus occidentalis \u2019Black Jewel\u2019<\/strong> egy <strong data-start=\"1104\" data-end=\"1153\">k\u00fcl\u00f6nleges, ritk\u00e1n kaphat\u00f3 fekete m\u00e1lna fajta<\/strong>, amely az <strong data-start=\"1164\" data-end=\"1227\">\u00c9szak-Amerik\u00e1b\u00f3l sz\u00e1rmaz\u00f3 fekete m\u00e1lna (Rubus occidentalis)<\/strong> nemes\u00edtett v\u00e1ltozata.<br data-start=\"1249\" data-end=\"1252\" \/>Term\u00e9se s\u00f6t\u00e9tlila-fekete, apr\u00f3, f\u00e9nyes bogy\u00f3kb\u00f3l \u00e1ll\u00f3 f\u00fcrt\u00f6kben \u00e9rik, \u00edze <strong data-start=\"1328\" data-end=\"1354\">arom\u00e1sabb \u00e9s gazdagabb<\/strong>, mint a hagyom\u00e1nyos piros m\u00e1ln\u00e1\u00e9.<\/p>\n<p>M\u00e9rete: 50\/60 cm magas, 2 literes kont\u00e9nerben.<\/p>","protected":false},"featured_media":2307,"template":"","meta":{"_et_pb_use_builder":"","_et_pb_old_content":"","_et_gb_content_width":""},"product_brand":[],"product_cat":[29],"product_tag":[7447,754,7055,7446,7442,7061,7444,7445,7443],"class_list":{"0":"post-2301","1":"product","2":"type-product","3":"status-publish","4":"has-post-thumbnail","6":"product_cat-gyumolcsfak-gyumolcstermo-novenyek","7":"product_tag-antocianban-gazdag-gyumolcs","8":"product_tag-black-jewel","9":"product_tag-bogyos-gyumolcs","10":"product_tag-fagyturo-malna","11":"product_tag-fekete-malna","12":"product_tag-gyumolcstermo-noveny","13":"product_tag-kulonleges-malna","14":"product_tag-malna-palanta","15":"product_tag-rubus-occidentalis","17":"first","18":"instock","19":"shipping-taxable","20":"purchasable","21":"product-type-simple"},"yoast_head":"<!-- This site is optimized with the Yoast SEO plugin v27.3 - https:\/\/yoast.com\/product\/yoast-seo-wordpress\/ -->\n<title>Rubus occidentalis\u00a0 \u2019Black Jewel\u2019 \u2013 Fekete m\u00e1lna - T\u00e1jkert\u00e9sz<\/title>\n<meta name=\"description\" content=\"A Rubus occidentalis\u00a0 \u2019Black Jewel\u2019 \u2013 Fekete m\u00e1lna \u00a0a m\u00e1lnaf\u00e9l\u00e9k nemzets\u00e9g\u00e9be tartozik.\u00a0J\u00fanius elej\u00e9n hozza nagy, rendk\u00edv\u00fcl \u00edzletes term\u00e9s\u00e9t.\" \/>\n<meta name=\"robots\" content=\"index, follow, max-snippet:-1, max-image-preview:large, max-video-preview:-1\" \/>\n<link rel=\"canonical\" href=\"https:\/\/tajkertesz.com\/en_US\/product\/rubus-occidentalis-black-jewel-fekete-malna\/\" \/>\n<meta property=\"og:locale\" content=\"en_US\" \/>\n<meta property=\"og:type\" content=\"article\" \/>\n<meta property=\"og:title\" content=\"Rubus occidentalis\u00a0 \u2019Black Jewel\u2019 \u2013 Fekete m\u00e1lna - T\u00e1jkert\u00e9sz\" \/>\n<meta property=\"og:description\" content=\"A Rubus occidentalis\u00a0 \u2019Black Jewel\u2019 \u2013 Fekete m\u00e1lna \u00a0a m\u00e1lnaf\u00e9l\u00e9k nemzets\u00e9g\u00e9be tartozik.\u00a0J\u00fanius elej\u00e9n hozza nagy, rendk\u00edv\u00fcl \u00edzletes term\u00e9s\u00e9t.\" \/>\n<meta property=\"og:url\" content=\"https:\/\/tajkertesz.com\/en_US\/product\/rubus-occidentalis-black-jewel-fekete-malna\/\" \/>\n<meta property=\"og:site_name\" content=\"T\u00e1jkert\u00e9sz\" \/>\n<meta property=\"article:publisher\" content=\"https:\/\/www.facebook.com\/Tajkertesz\/\" \/>\n<meta property=\"article:modified_time\" content=\"2026-02-21T14:02:49+00:00\" \/>\n<meta property=\"og:image\" content=\"https:\/\/tajkertesz.com\/wp-content\/uploads\/2020\/10\/rubus-black-jewel.jpg\" \/>\n\t<meta property=\"og:image:width\" content=\"720\" \/>\n\t<meta property=\"og:image:height\" content=\"480\" \/>\n\t<meta property=\"og:image:type\" content=\"image\/jpeg\" \/>\n<meta name=\"twitter:card\" content=\"summary_large_image\" \/>\n<meta name=\"twitter:label1\" content=\"Est. reading time\" \/>\n\t<meta name=\"twitter:data1\" content=\"3 minutes\" \/>\n<script type=\"application\/ld+json\" class=\"yoast-schema-graph\">{\"@context\":\"https:\\\/\\\/schema.org\",\"@graph\":[{\"@type\":\"WebPage\",\"@id\":\"https:\\\/\\\/tajkertesz.com\\\/termek\\\/rubus-occidentalis-black-jewel-fekete-malna\\\/\",\"url\":\"https:\\\/\\\/tajkertesz.com\\\/termek\\\/rubus-occidentalis-black-jewel-fekete-malna\\\/\",\"name\":\"Rubus occidentalis\u00a0 \u2019Black Jewel\u2019 \u2013 Fekete m\u00e1lna - T\u00e1jkert\u00e9sz\",\"isPartOf\":{\"@id\":\"https:\\\/\\\/tajkertesz.com\\\/#website\"},\"primaryImageOfPage\":{\"@id\":\"https:\\\/\\\/tajkertesz.com\\\/termek\\\/rubus-occidentalis-black-jewel-fekete-malna\\\/#primaryimage\"},\"image\":{\"@id\":\"https:\\\/\\\/tajkertesz.com\\\/termek\\\/rubus-occidentalis-black-jewel-fekete-malna\\\/#primaryimage\"},\"thumbnailUrl\":\"https:\\\/\\\/tajkertesz.com\\\/wp-content\\\/uploads\\\/2020\\\/10\\\/rubus-black-jewel.jpg\",\"datePublished\":\"2020-10-21T11:05:53+00:00\",\"dateModified\":\"2026-02-21T14:02:49+00:00\",\"description\":\"A Rubus occidentalis\u00a0 \u2019Black Jewel\u2019 \u2013 Fekete m\u00e1lna \u00a0a m\u00e1lnaf\u00e9l\u00e9k nemzets\u00e9g\u00e9be tartozik.\u00a0J\u00fanius elej\u00e9n hozza nagy, rendk\u00edv\u00fcl \u00edzletes term\u00e9s\u00e9t.\",\"breadcrumb\":{\"@id\":\"https:\\\/\\\/tajkertesz.com\\\/termek\\\/rubus-occidentalis-black-jewel-fekete-malna\\\/#breadcrumb\"},\"inLanguage\":\"en-US\",\"potentialAction\":[{\"@type\":\"ReadAction\",\"target\":[\"https:\\\/\\\/tajkertesz.com\\\/termek\\\/rubus-occidentalis-black-jewel-fekete-malna\\\/\"]}]},{\"@type\":\"ImageObject\",\"inLanguage\":\"en-US\",\"@id\":\"https:\\\/\\\/tajkertesz.com\\\/termek\\\/rubus-occidentalis-black-jewel-fekete-malna\\\/#primaryimage\",\"url\":\"https:\\\/\\\/tajkertesz.com\\\/wp-content\\\/uploads\\\/2020\\\/10\\\/rubus-black-jewel.jpg\",\"contentUrl\":\"https:\\\/\\\/tajkertesz.com\\\/wp-content\\\/uploads\\\/2020\\\/10\\\/rubus-black-jewel.jpg\",\"width\":720,\"height\":480,\"caption\":\"Rubus occidentalis\u00a0 \u2019Black Jewel\u2019 \u2013 Fekete m\u00e1lna\"},{\"@type\":\"BreadcrumbList\",\"@id\":\"https:\\\/\\\/tajkertesz.com\\\/termek\\\/rubus-occidentalis-black-jewel-fekete-malna\\\/#breadcrumb\",\"itemListElement\":[{\"@type\":\"ListItem\",\"position\":1,\"name\":\"Home\",\"item\":\"https:\\\/\\\/tajkertesz.com\\\/\"},{\"@type\":\"ListItem\",\"position\":2,\"name\":\"Kezd\u0151lap\",\"item\":\"https:\\\/\\\/tajkertesz.com\\\/\"},{\"@type\":\"ListItem\",\"position\":3,\"name\":\"Rubus occidentalis\u00a0 \u2019Black Jewel\u2019 \u2013 Fekete m\u00e1lna\"}]},{\"@type\":\"WebSite\",\"@id\":\"https:\\\/\\\/tajkertesz.com\\\/#website\",\"url\":\"https:\\\/\\\/tajkertesz.com\\\/\",\"name\":\"T\u00e1j-Kert\u00e9sz 84 Kft.\",\"description\":\"Kert\u00e9szeti kis- \u00e9s nagykeresked\u00e9s, D\u00edszn\u00f6v\u00e9ny web\u00e1ruh\u00e1z orsz\u00e1gos h\u00e1zhozsz\u00e1ll\u00edt\u00e1ssal!\",\"publisher\":{\"@id\":\"https:\\\/\\\/tajkertesz.com\\\/#organization\"},\"potentialAction\":[{\"@type\":\"SearchAction\",\"target\":{\"@type\":\"EntryPoint\",\"urlTemplate\":\"https:\\\/\\\/tajkertesz.com\\\/?s={search_term_string}\"},\"query-input\":{\"@type\":\"PropertyValueSpecification\",\"valueRequired\":true,\"valueName\":\"search_term_string\"}}],\"inLanguage\":\"en-US\"},{\"@type\":\"Organization\",\"@id\":\"https:\\\/\\\/tajkertesz.com\\\/#organization\",\"name\":\"T\u00e1j-Kert\u00e9sz 84 Kft.\",\"url\":\"https:\\\/\\\/tajkertesz.com\\\/\",\"logo\":{\"@type\":\"ImageObject\",\"inLanguage\":\"en-US\",\"@id\":\"https:\\\/\\\/tajkertesz.com\\\/#\\\/schema\\\/logo\\\/image\\\/\",\"url\":\"https:\\\/\\\/tajkertesz.com\\\/wp-content\\\/uploads\\\/2018\\\/02\\\/logo-2-e1518678052539.png\",\"contentUrl\":\"https:\\\/\\\/tajkertesz.com\\\/wp-content\\\/uploads\\\/2018\\\/02\\\/logo-2-e1518678052539.png\",\"width\":81,\"height\":140,\"caption\":\"T\u00e1j-Kert\u00e9sz 84 Kft.\"},\"image\":{\"@id\":\"https:\\\/\\\/tajkertesz.com\\\/#\\\/schema\\\/logo\\\/image\\\/\"},\"sameAs\":[\"https:\\\/\\\/www.facebook.com\\\/Tajkertesz\\\/\"]}]}<\/script>\n<!-- \/ Yoast SEO plugin. -->","yoast_head_json":{"title":"Rubus occidentalis\u00a0 \u2019Black Jewel\u2019 \u2013 Fekete m\u00e1lna - T\u00e1jkert\u00e9sz","description":"A Rubus occidentalis\u00a0 \u2019Black Jewel\u2019 \u2013 Fekete m\u00e1lna \u00a0a m\u00e1lnaf\u00e9l\u00e9k nemzets\u00e9g\u00e9be tartozik.\u00a0J\u00fanius elej\u00e9n hozza nagy, rendk\u00edv\u00fcl \u00edzletes term\u00e9s\u00e9t.","robots":{"index":"index","follow":"follow","max-snippet":"max-snippet:-1","max-image-preview":"max-image-preview:large","max-video-preview":"max-video-preview:-1"},"canonical":"https:\/\/tajkertesz.com\/en_US\/product\/rubus-occidentalis-black-jewel-fekete-malna\/","og_locale":"en_US","og_type":"article","og_title":"Rubus occidentalis\u00a0 \u2019Black Jewel\u2019 \u2013 Fekete m\u00e1lna - T\u00e1jkert\u00e9sz","og_description":"A Rubus occidentalis\u00a0 \u2019Black Jewel\u2019 \u2013 Fekete m\u00e1lna \u00a0a m\u00e1lnaf\u00e9l\u00e9k nemzets\u00e9g\u00e9be tartozik.\u00a0J\u00fanius elej\u00e9n hozza nagy, rendk\u00edv\u00fcl \u00edzletes term\u00e9s\u00e9t.","og_url":"https:\/\/tajkertesz.com\/en_US\/product\/rubus-occidentalis-black-jewel-fekete-malna\/","og_site_name":"T\u00e1jkert\u00e9sz","article_publisher":"https:\/\/www.facebook.com\/Tajkertesz\/","article_modified_time":"2026-02-21T14:02:49+00:00","og_image":[{"width":720,"height":480,"url":"https:\/\/tajkertesz.com\/wp-content\/uploads\/2020\/10\/rubus-black-jewel.jpg","type":"image\/jpeg"}],"twitter_card":"summary_large_image","twitter_misc":{"Est. reading time":"3 minutes"},"schema":{"@context":"https:\/\/schema.org","@graph":[{"@type":"WebPage","@id":"https:\/\/tajkertesz.com\/termek\/rubus-occidentalis-black-jewel-fekete-malna\/","url":"https:\/\/tajkertesz.com\/termek\/rubus-occidentalis-black-jewel-fekete-malna\/","name":"Rubus occidentalis\u00a0 \u2019Black Jewel\u2019 \u2013 Fekete m\u00e1lna - T\u00e1jkert\u00e9sz","isPartOf":{"@id":"https:\/\/tajkertesz.com\/#website"},"primaryImageOfPage":{"@id":"https:\/\/tajkertesz.com\/termek\/rubus-occidentalis-black-jewel-fekete-malna\/#primaryimage"},"image":{"@id":"https:\/\/tajkertesz.com\/termek\/rubus-occidentalis-black-jewel-fekete-malna\/#primaryimage"},"thumbnailUrl":"https:\/\/tajkertesz.com\/wp-content\/uploads\/2020\/10\/rubus-black-jewel.jpg","datePublished":"2020-10-21T11:05:53+00:00","dateModified":"2026-02-21T14:02:49+00:00","description":"A Rubus occidentalis\u00a0 \u2019Black Jewel\u2019 \u2013 Fekete m\u00e1lna \u00a0a m\u00e1lnaf\u00e9l\u00e9k nemzets\u00e9g\u00e9be tartozik.\u00a0J\u00fanius elej\u00e9n hozza nagy, rendk\u00edv\u00fcl \u00edzletes term\u00e9s\u00e9t.","breadcrumb":{"@id":"https:\/\/tajkertesz.com\/termek\/rubus-occidentalis-black-jewel-fekete-malna\/#breadcrumb"},"inLanguage":"en-US","potentialAction":[{"@type":"ReadAction","target":["https:\/\/tajkertesz.com\/termek\/rubus-occidentalis-black-jewel-fekete-malna\/"]}]},{"@type":"ImageObject","inLanguage":"en-US","@id":"https:\/\/tajkertesz.com\/termek\/rubus-occidentalis-black-jewel-fekete-malna\/#primaryimage","url":"https:\/\/tajkertesz.com\/wp-content\/uploads\/2020\/10\/rubus-black-jewel.jpg","contentUrl":"https:\/\/tajkertesz.com\/wp-content\/uploads\/2020\/10\/rubus-black-jewel.jpg","width":720,"height":480,"caption":"Rubus occidentalis\u00a0 \u2019Black Jewel\u2019 \u2013 Fekete m\u00e1lna"},{"@type":"BreadcrumbList","@id":"https:\/\/tajkertesz.com\/termek\/rubus-occidentalis-black-jewel-fekete-malna\/#breadcrumb","itemListElement":[{"@type":"ListItem","position":1,"name":"Home","item":"https:\/\/tajkertesz.com\/"},{"@type":"ListItem","position":2,"name":"Kezd\u0151lap","item":"https:\/\/tajkertesz.com\/"},{"@type":"ListItem","position":3,"name":"Rubus occidentalis\u00a0 \u2019Black Jewel\u2019 \u2013 Fekete m\u00e1lna"}]},{"@type":"WebSite","@id":"https:\/\/tajkertesz.com\/#website","url":"https:\/\/tajkertesz.com\/","name":"T\u00e1j-Kert\u00e9sz 84 Kft.","description":"Kert\u00e9szeti kis- \u00e9s nagykeresked\u00e9s, D\u00edszn\u00f6v\u00e9ny web\u00e1ruh\u00e1z orsz\u00e1gos h\u00e1zhozsz\u00e1ll\u00edt\u00e1ssal!","publisher":{"@id":"https:\/\/tajkertesz.com\/#organization"},"potentialAction":[{"@type":"SearchAction","target":{"@type":"EntryPoint","urlTemplate":"https:\/\/tajkertesz.com\/?s={search_term_string}"},"query-input":{"@type":"PropertyValueSpecification","valueRequired":true,"valueName":"search_term_string"}}],"inLanguage":"en-US"},{"@type":"Organization","@id":"https:\/\/tajkertesz.com\/#organization","name":"T\u00e1j-Kert\u00e9sz 84 Kft.","url":"https:\/\/tajkertesz.com\/","logo":{"@type":"ImageObject","inLanguage":"en-US","@id":"https:\/\/tajkertesz.com\/#\/schema\/logo\/image\/","url":"https:\/\/tajkertesz.com\/wp-content\/uploads\/2018\/02\/logo-2-e1518678052539.png","contentUrl":"https:\/\/tajkertesz.com\/wp-content\/uploads\/2018\/02\/logo-2-e1518678052539.png","width":81,"height":140,"caption":"T\u00e1j-Kert\u00e9sz 84 Kft."},"image":{"@id":"https:\/\/tajkertesz.com\/#\/schema\/logo\/image\/"},"sameAs":["https:\/\/www.facebook.com\/Tajkertesz\/"]}]}},"_links":{"self":[{"href":"https:\/\/tajkertesz.com\/en_US\/wp-json\/wp\/v2\/product\/2301","targetHints":{"allow":["GET"]}}],"collection":[{"href":"https:\/\/tajkertesz.com\/en_US\/wp-json\/wp\/v2\/product"}],"about":[{"href":"https:\/\/tajkertesz.com\/en_US\/wp-json\/wp\/v2\/types\/product"}],"wp:featuredmedia":[{"embeddable":true,"href":"https:\/\/tajkertesz.com\/en_US\/wp-json\/wp\/v2\/media\/2307"}],"wp:attachment":[{"href":"https:\/\/tajkertesz.com\/en_US\/wp-json\/wp\/v2\/media?parent=2301"}],"wp:term":[{"taxonomy":"product_brand","embeddable":true,"href":"https:\/\/tajkertesz.com\/en_US\/wp-json\/wp\/v2\/product_brand?post=2301"},{"taxonomy":"product_cat","embeddable":true,"href":"https:\/\/tajkertesz.com\/en_US\/wp-json\/wp\/v2\/product_cat?post=2301"},{"taxonomy":"product_tag","embeddable":true,"href":"https:\/\/tajkertesz.com\/en_US\/wp-json\/wp\/v2\/product_tag?post=2301"}],"curies":[{"name":"wp","href":"https:\/\/api.w.org\/{rel}","templated":true}]}}