{"id":23026,"date":"2025-04-01T13:51:18","date_gmt":"2025-04-01T13:51:18","guid":{"rendered":"https:\/\/tajkertesz.com\/?post_type=product&#038;p=23026"},"modified":"2025-05-22T10:08:01","modified_gmt":"2025-05-22T10:08:01","slug":"agrecol-univerzalis-mutragya-350g","status":"publish","type":"product","link":"https:\/\/tajkertesz.com\/en_US\/product\/agrecol-univerzalis-mutragya-350g\/","title":{"rendered":"Agrecol univerz\u00e1lis m\u0171tr\u00e1gya 350g"},"content":{"rendered":"<h1>Agrecol univerz\u00e1lis m\u0171tr\u00e1gya 350g<\/h1>\n<h6>Agrecol univerz\u00e1lis m\u0171tr\u00e1gya 350g:<\/h6>\n<p>A t\u00e1panyagok univerz\u00e1lis \u00f6sszet\u00e9tele<br \/>\nT\u00f6k\u00e9letes z\u00f6lds\u00e9gek, gy\u00fcm\u00f6lcs\u00f6k \u00e9s d\u00edszn\u00f6v\u00e9nyek tr\u00e1gy\u00e1z\u00e1s\u00e1ra<br \/>\nkertben, teraszon \u00e9s otthon is haszn\u00e1lhat\u00f3<br \/>\n350 liter v\u00edzhez elegend\u0151 az \u00f6nt\u00f6z\u00e9shez<br \/>\nSorozat:<br \/>\nKrist\u00e1lyos m\u0171tr\u00e1gy\u00e1k<\/p>\n<p>Tartalom<br \/>\nEK m\u0171tr\u00e1gya<br \/>\nnitrog\u00e9n (N) \u2013 21%<br \/>\nfoszfor (P2O5) \u2013 10%<br \/>\nk\u00e1lium (K2O) \u2013 18%<br \/>\nMikrot\u00e1panyagok:<br \/>\nb\u00f3r (B) 0,02%, r\u00e9z (Cu) * 0,02%, vas (Fe) * 0,07%, mang\u00e1n (Mn) * 0,04%, molibd\u00e9n (Mo) 0,004%, cink (Zn) * 0,015%<br \/>\n* az EDTA \u00e1ltal kel\u00e1tolt<\/p>\n<p><span class=\"\" data-bm=\"309\">T\u00f6bbc\u00e9l\u00fa<\/span> <span class=\"\" data-bm=\"311\">m\u0171tr\u00e1gya<\/span> <span class=\"tta_align\" data-bm=\"313\">\u2013<\/span> <span class=\"\" data-bm=\"315\">krist\u00e1lyos<\/span> <span class=\"\" data-bm=\"317\">m\u0171tr\u00e1gya<\/span> <span class=\"\" data-bm=\"319\">v\u00edzben<\/span> <span class=\"\" data-bm=\"321\">old\u00f3d\u00e1sra<\/span><span class=\"\" data-bm=\"322\">.<\/span> <span class=\"\" data-bm=\"324\">Makro<\/span><span class=\"\" data-bm=\"325\">&#8211;<\/span> <span class=\"\" data-bm=\"327\">\u00e9s<\/span> <span class=\"\" data-bm=\"329\">mikrot\u00e1panyagok<\/span> <span class=\"\" data-bm=\"331\">sokoldal\u00fa<\/span> <span class=\"\" data-bm=\"333\">\u00f6sszet\u00e9tele<\/span>, <span class=\"\" data-bm=\"335\">amely<\/span> <span class=\"\" data-bm=\"337\">minden<\/span> <span class=\"\" data-bm=\"339\">kerti<\/span><span class=\"\" data-bm=\"340\">,<\/span> <span class=\"\" data-bm=\"342\">erk\u00e9lyes<\/span> <span class=\"\" data-bm=\"344\">\u00e9s<\/span> <span class=\"\" data-bm=\"346\">otthoni<\/span> <span class=\"\" data-bm=\"348\">n\u00f6v\u00e9ny<\/span> <span class=\"\" data-bm=\"350\">etet\u00e9s\u00e9re<\/span> <span class=\"\" data-bm=\"352\">szolg\u00e1l<\/span>.<\/p>\n<p><span class=\"\" data-bm=\"354\">A<\/span> <span class=\"\" data-bm=\"356\">m\u0171tr\u00e1gya<\/span> <span class=\"\" data-bm=\"358\">minden<\/span> <span class=\"\" data-bm=\"360\">olyan<\/span> <span class=\"\" data-bm=\"362\">t\u00e1panyagot<\/span> <span class=\"\" data-bm=\"364\">(<\/span><span class=\"\" data-bm=\"365\">nitrog\u00e9n<\/span><span class=\"\" data-bm=\"366\">,<\/span> <span class=\"\" data-bm=\"368\">vas<\/span><span class=\"\" data-bm=\"369\">,<\/span> <span class=\"\" data-bm=\"371\">mang\u00e1n<\/span><span class=\"\" data-bm=\"372\">,<\/span> <span class=\"\" data-bm=\"374\">molibd\u00e9n<\/span><span class=\"\" data-bm=\"375\">)<\/span> <span class=\"\" data-bm=\"377\">tartalmaz<\/span><span class=\"\" data-bm=\"378\">,<\/span> <span class=\"\" data-bm=\"380\">amely<\/span> <span class=\"\" data-bm=\"382\">megakad\u00e1lyozza<\/span> <span class=\"\" data-bm=\"384\">a<\/span> <span class=\"\" data-bm=\"386\">klor\u00f3zis<\/span> <span class=\"\" data-bm=\"388\">el\u0151fordul\u00e1s\u00e1t<\/span><span class=\"\" data-bm=\"389\">,<\/span> <span class=\"\" data-bm=\"391\">\u00edgy<\/span> <span class=\"\" data-bm=\"393\">a<\/span> <span class=\"\" data-bm=\"395\">n\u00f6v\u00e9nyek<\/span> <span class=\"\" data-bm=\"397\">megtartj\u00e1k<\/span> a <span class=\"\" data-bm=\"399\">megfelel\u0151en<\/span> <span class=\"\" data-bm=\"401\">festett<\/span> <span class=\"\" data-bm=\"403\">leveleket<\/span><span class=\"\" data-bm=\"404\">.<\/span> <span class=\"\" data-bm=\"406\">A<\/span> <span class=\"\" data-bm=\"408\">k\u00e1lium<\/span> <span class=\"\" data-bm=\"410\">\u00e9s<\/span> a <span class=\"\" data-bm=\"412\">foszfor<\/span> <span class=\"\" data-bm=\"414\">serkenti<\/span> <span class=\"\" data-bm=\"416\">mind<\/span> <span class=\"\" data-bm=\"418\">a<\/span> <span class=\"\" data-bm=\"420\">d\u00edszn\u00f6v\u00e9nyeket<\/span>, <span class=\"\" data-bm=\"422\">mind<\/span> <span class=\"\" data-bm=\"424\">a<\/span> <span class=\"\" data-bm=\"426\">gy\u00fcm\u00f6lcsn\u00f6v\u00e9nyeket<\/span> <span class=\"\" data-bm=\"428\">az<\/span> <span class=\"\" data-bm=\"430\">intenz\u00edv<\/span> <span class=\"\" data-bm=\"432\">vir\u00e1gz\u00e1sra<\/span><span class=\"\" data-bm=\"433\">,<\/span> <span class=\"\" data-bm=\"435\">ami<\/span> <span class=\"\" data-bm=\"437\">nagyobb<\/span> <span class=\"\" data-bm=\"439\">sz\u00e1m\u00fa<\/span> <span class=\"\" data-bm=\"441\">gy\u00fcm\u00f6lcs<\/span> <span class=\"\" data-bm=\"443\">megteleped\u00e9s\u00e9t<\/span> <span class=\"\" data-bm=\"445\">eredm\u00e9nyezi<\/span><span class=\"\" data-bm=\"446\">,<\/span> <span class=\"\" data-bm=\"448\">\u00edgy<\/span> <span class=\"\" data-bm=\"450\">nagyobb<\/span> <span class=\"\" data-bm=\"452\">hozamot<\/span> <span class=\"\" data-bm=\"454\">kapunk<\/span><span class=\"\" data-bm=\"455\">.<\/span> <span class=\"\" data-bm=\"457\">A<\/span> <span class=\"\" data-bm=\"459\">gy\u00fcm\u00f6lcs\u00f6k<\/span> <span class=\"\" data-bm=\"461\">\u00e9s<\/span> <span class=\"\" data-bm=\"463\">z\u00f6lds\u00e9gek<\/span> <span class=\"\" data-bm=\"465\">kiegyens\u00falyozott<\/span> <span class=\"\" data-bm=\"467\">t\u00e1pl\u00e1lkoz\u00e1s<\/span> <span class=\"\" data-bm=\"469\">r\u00e9v\u00e9n<\/span> <span class=\"\" data-bm=\"471\">tele<\/span> <span class=\"\" data-bm=\"473\">vannak<\/span> <span class=\"\" data-bm=\"475\">t\u00e1panyagokkal<\/span> <span class=\"\" data-bm=\"477\">\u00e9s<\/span> <span class=\"\" data-bm=\"479\">vitaminokkal<\/span><span class=\"\" data-bm=\"480\">,<\/span> <span class=\"\" data-bm=\"482\">ugyanakkor<\/span> <span class=\"\" data-bm=\"484\">eg\u00e9szs\u00e9gesek<\/span><span class=\"\" data-bm=\"485\">,<\/span> <span class=\"\" data-bm=\"487\">\u00edzletesek<\/span> <span class=\"\" data-bm=\"489\">\u00e9s<\/span> <span class=\"\" data-bm=\"491\">arom\u00e1sak<\/span><span class=\"\" data-bm=\"492\">.<\/span> <span class=\"\" data-bm=\"494\">Az<\/span> <span class=\"\" data-bm=\"496\">univerz\u00e1lis<\/span> <span class=\"\" data-bm=\"498\">m\u0171tr\u00e1gya<\/span> <span class=\"\" data-bm=\"500\">helyre\u00e1ll\u00edtja<\/span> <span class=\"\" data-bm=\"502\">a<\/span> <span class=\"\" data-bm=\"504\">foszfor<\/span> <span class=\"\" data-bm=\"506\">megfelel\u0151<\/span> <span class=\"\" data-bm=\"508\">szintj\u00e9t<\/span><span class=\"\" data-bm=\"509\">,<\/span> <span class=\"\" data-bm=\"511\">amelynek<\/span> <span class=\"\" data-bm=\"513\">hi\u00e1nya<\/span> <span class=\"\" data-bm=\"515\">nagyon<\/span> <span class=\"\" data-bm=\"517\">\u00e9rz\u00e9keny<\/span>: <span class=\"\" data-bm=\"519\">gy\u00fcm\u00f6lcsf\u00e1k<\/span><span class=\"\" data-bm=\"520\">,<\/span> <span class=\"\" data-bm=\"522\">burgonya<\/span><span class=\"\" data-bm=\"523\">,<\/span> <span class=\"\" data-bm=\"525\">keresztesvir\u00e1g\u00fa<\/span> <span class=\"\" data-bm=\"527\">z\u00f6lds\u00e9gek<\/span><span class=\"\" data-bm=\"528\">,<\/span> <span class=\"\" data-bm=\"530\">sal\u00e1ta<\/span> <span class=\"\" data-bm=\"532\">\u00e9s<\/span> <span class=\"\" data-bm=\"534\">paradicsom<\/span><span class=\"\" data-bm=\"535\">.<\/span> <span class=\"\" data-bm=\"537\">A<\/span> m\u0171tr\u00e1gya a <span class=\"\" data-bm=\"539\">nitrog\u00e9n<\/span> <span class=\"\" data-bm=\"541\">k\u00e9t<\/span> <span class=\"\" data-bm=\"543\">form\u00e1j\u00e1nak<\/span> <span class=\"\" data-bm=\"545\">k\u00f6sz\u00f6nhet\u0151en<\/span><span class=\"\" data-bm=\"546\">:<\/span> <span class=\"\" data-bm=\"548\">nitr\u00e1t<\/span> <span class=\"\" data-bm=\"550\">(<\/span><span class=\"\" data-bm=\"551\">gyorsan<\/span> <span class=\"\" data-bm=\"553\">felszabadul\u00f3<\/span><span class=\"\" data-bm=\"554\">)<\/span> <span class=\"\" data-bm=\"556\">\u00e9s<\/span> <span class=\"\" data-bm=\"558\">amm\u00f3nium<\/span> <span class=\"\" data-bm=\"560\">(<\/span><span class=\"\" data-bm=\"561\">hosszabb<\/span> <span class=\"\" data-bm=\"563\">hat\u00e1s\u00fa<\/span><span class=\"\" data-bm=\"564\">)<\/span> <span class=\"\" data-bm=\"566\">okozza<\/span><span class=\"\" data-bm=\"567\">,<\/span> <span class=\"\" data-bm=\"569\">hogy<\/span> <span class=\"\" data-bm=\"571\">a<\/span> <span class=\"\" data-bm=\"573\">n\u00f6v\u00e9nyek<\/span> <span class=\"\" data-bm=\"575\">nem<\/span> <span class=\"\" data-bm=\"577\">gyorsak<\/span><\/p>\n<p style=\"line-height: 18.0pt; background: white; margin: 0cm 0cm 15.0pt 0cm;\"><b><span style=\"font-family: 'Ubuntu',sans-serif; color: black;\">K\u00e9szlet\u00fcnk napi szinten v\u00e1ltozik, ez\u00e9rt k\u00e9rj\u00fck, \u00e9rdekl\u0151dj\u00f6n szem\u00e9lyesen, telefonon vagy email-en.<br \/>\nA v\u00e1ltoztat\u00e1s jog\u00e1t fenntartjuk!\u00a0<\/span><\/b><\/p>\n<p><a href=\"https:\/\/tajkertesz.com\/\">https:\/\/tajkertesz.com\/<\/a><\/p>\n<p><a href=\"https:\/\/www.facebook.com\/tajkertesz\/\">https:\/\/www.facebook.com\/tajkertesz\/<\/a><\/p>\n<p>Kisz\u00e1ll\u00edt\u00e1s: 200cm-ig \u00e9s 40 kg-ig a sz\u00e1ll\u00edt\u00e1s fut\u00e1rszolg\u00e1lattal t\u00f6rt\u00e9nik.<\/p>\n<p>Szem\u00e9lyes \u00e1tv\u00e9tel nyitvatart\u00e1si id\u0151ben a 17. ker\u00fclet Bakancsos utca 7. sz\u00e1m alatti Kert\u00e9szeti \u00e1rud\u00e1nkban.<\/p>\n<p>A logisztikai c\u00e9ggel t\u00f6rt\u00e9n\u0151 sz\u00e1ll\u00edt\u00e1s eset\u00e9n a partnereink\u00a0esetleges a\u00a0cs\u00fasz\u00e1sai\u00e9rt nem v\u00e1llalunk felel\u0151ss\u00e9get!<\/p>\n<p>&nbsp;<\/p>\n<p><strong>Az \u00e1rak egy darab term\u00e9kre vonatkoznak.<\/strong><a href=\"https:\/\/tajkertesz.com\/wp-content\/uploads\/2025\/04\/125-K-uniwersalny-350-g-wiz-370-1.jpg\"><img loading=\"lazy\" decoding=\"async\" class=\"alignnone size-medium wp-image-23027\" src=\"https:\/\/tajkertesz.com\/wp-content\/uploads\/2025\/04\/125-K-uniwersalny-350-g-wiz-370-1-209x300.jpg\" alt=\"\" width=\"209\" height=\"300\" srcset=\"https:\/\/tajkertesz.com\/wp-content\/uploads\/2025\/04\/125-K-uniwersalny-350-g-wiz-370-1-209x300.jpg 209w, https:\/\/tajkertesz.com\/wp-content\/uploads\/2025\/04\/125-K-uniwersalny-350-g-wiz-370-1-8x12.jpg 8w, https:\/\/tajkertesz.com\/wp-content\/uploads\/2025\/04\/125-K-uniwersalny-350-g-wiz-370-1-64x92.jpg 64w, https:\/\/tajkertesz.com\/wp-content\/uploads\/2025\/04\/125-K-uniwersalny-350-g-wiz-370-1.jpg 370w\" sizes=\"(max-width: 209px) 100vw, 209px\" \/><\/a><a href=\"https:\/\/tajkertesz.com\/wp-content\/uploads\/2025\/04\/125-K-uniwersalny-350-g-wiz-370-1.jpg\"><img loading=\"lazy\" decoding=\"async\" class=\"alignnone size-medium wp-image-23027\" src=\"https:\/\/tajkertesz.com\/wp-content\/uploads\/2025\/04\/125-K-uniwersalny-350-g-wiz-370-1-209x300.jpg\" alt=\"\" width=\"209\" height=\"300\" srcset=\"https:\/\/tajkertesz.com\/wp-content\/uploads\/2025\/04\/125-K-uniwersalny-350-g-wiz-370-1-209x300.jpg 209w, https:\/\/tajkertesz.com\/wp-content\/uploads\/2025\/04\/125-K-uniwersalny-350-g-wiz-370-1-8x12.jpg 8w, https:\/\/tajkertesz.com\/wp-content\/uploads\/2025\/04\/125-K-uniwersalny-350-g-wiz-370-1-64x92.jpg 64w, https:\/\/tajkertesz.com\/wp-content\/uploads\/2025\/04\/125-K-uniwersalny-350-g-wiz-370-1.jpg 370w\" sizes=\"(max-width: 209px) 100vw, 209px\" \/><\/a><\/p>","protected":false},"excerpt":{"rendered":"<h1>Agrecol univerz\u00e1lis m\u0171tr\u00e1gya 350g<\/h1>","protected":false},"featured_media":23027,"template":"","meta":{"_et_pb_use_builder":"","_et_pb_old_content":"","_et_gb_content_width":""},"product_brand":[5735],"product_cat":[1423],"product_tag":[537,705,707],"class_list":{"0":"post-23026","1":"product","2":"type-product","3":"status-publish","4":"has-post-thumbnail","6":"product_brand-agrecol","7":"product_cat-egyeb-kerti-novenyekhez","8":"product_tag-agrecol","9":"product_tag-mutragya","10":"product_tag-univerzalis","12":"first","13":"instock","14":"shipping-taxable","15":"product-type-simple"},"yoast_head":"<!-- This site is optimized with the Yoast SEO plugin v27.5 - https:\/\/yoast.com\/product\/yoast-seo-wordpress\/ -->\n<title>Agrecol univerz\u00e1lis m\u0171tr\u00e1gya 350g - T\u00e1jkert\u00e9sz<\/title>\n<meta name=\"description\" content=\"Agrecol univerz\u00e1lis m\u0171tr\u00e1gya 350g...........................................................................................\" \/>\n<meta name=\"robots\" content=\"index, follow, max-snippet:-1, max-image-preview:large, max-video-preview:-1\" \/>\n<link rel=\"canonical\" href=\"https:\/\/tajkertesz.com\/en_US\/product\/agrecol-univerzalis-mutragya-350g\/\" \/>\n<meta property=\"og:locale\" content=\"en_US\" \/>\n<meta property=\"og:type\" content=\"article\" \/>\n<meta property=\"og:title\" content=\"Agrecol univerz\u00e1lis m\u0171tr\u00e1gya 350g - T\u00e1jkert\u00e9sz\" \/>\n<meta property=\"og:description\" content=\"Agrecol univerz\u00e1lis m\u0171tr\u00e1gya 350g...........................................................................................\" \/>\n<meta property=\"og:url\" content=\"https:\/\/tajkertesz.com\/en_US\/product\/agrecol-univerzalis-mutragya-350g\/\" \/>\n<meta property=\"og:site_name\" content=\"T\u00e1jkert\u00e9sz\" \/>\n<meta property=\"article:publisher\" content=\"https:\/\/www.facebook.com\/Tajkertesz\/\" \/>\n<meta property=\"article:modified_time\" content=\"2025-05-22T10:08:01+00:00\" \/>\n<meta property=\"og:image\" content=\"https:\/\/tajkertesz.com\/wp-content\/uploads\/2025\/04\/125-K-uniwersalny-350-g-wiz-370-1.jpg\" \/>\n\t<meta property=\"og:image:width\" content=\"370\" \/>\n\t<meta property=\"og:image:height\" content=\"532\" \/>\n\t<meta property=\"og:image:type\" content=\"image\/jpeg\" \/>\n<meta name=\"twitter:card\" content=\"summary_large_image\" \/>\n<meta name=\"twitter:label1\" content=\"Est. reading time\" \/>\n\t<meta name=\"twitter:data1\" content=\"3 minutes\" \/>\n<script type=\"application\/ld+json\" class=\"yoast-schema-graph\">{\"@context\":\"https:\\\/\\\/schema.org\",\"@graph\":[{\"@type\":\"WebPage\",\"@id\":\"https:\\\/\\\/tajkertesz.com\\\/termek\\\/agrecol-univerzalis-mutragya-350g\\\/\",\"url\":\"https:\\\/\\\/tajkertesz.com\\\/termek\\\/agrecol-univerzalis-mutragya-350g\\\/\",\"name\":\"Agrecol univerz\u00e1lis m\u0171tr\u00e1gya 350g - T\u00e1jkert\u00e9sz\",\"isPartOf\":{\"@id\":\"https:\\\/\\\/tajkertesz.com\\\/#website\"},\"primaryImageOfPage\":{\"@id\":\"https:\\\/\\\/tajkertesz.com\\\/termek\\\/agrecol-univerzalis-mutragya-350g\\\/#primaryimage\"},\"image\":{\"@id\":\"https:\\\/\\\/tajkertesz.com\\\/termek\\\/agrecol-univerzalis-mutragya-350g\\\/#primaryimage\"},\"thumbnailUrl\":\"https:\\\/\\\/tajkertesz.com\\\/wp-content\\\/uploads\\\/2025\\\/04\\\/125-K-uniwersalny-350-g-wiz-370-1.jpg\",\"datePublished\":\"2025-04-01T13:51:18+00:00\",\"dateModified\":\"2025-05-22T10:08:01+00:00\",\"description\":\"Agrecol univerz\u00e1lis m\u0171tr\u00e1gya 350g...........................................................................................\",\"breadcrumb\":{\"@id\":\"https:\\\/\\\/tajkertesz.com\\\/termek\\\/agrecol-univerzalis-mutragya-350g\\\/#breadcrumb\"},\"inLanguage\":\"en-US\",\"potentialAction\":[{\"@type\":\"ReadAction\",\"target\":[\"https:\\\/\\\/tajkertesz.com\\\/termek\\\/agrecol-univerzalis-mutragya-350g\\\/\"]}]},{\"@type\":\"ImageObject\",\"inLanguage\":\"en-US\",\"@id\":\"https:\\\/\\\/tajkertesz.com\\\/termek\\\/agrecol-univerzalis-mutragya-350g\\\/#primaryimage\",\"url\":\"https:\\\/\\\/tajkertesz.com\\\/wp-content\\\/uploads\\\/2025\\\/04\\\/125-K-uniwersalny-350-g-wiz-370-1.jpg\",\"contentUrl\":\"https:\\\/\\\/tajkertesz.com\\\/wp-content\\\/uploads\\\/2025\\\/04\\\/125-K-uniwersalny-350-g-wiz-370-1.jpg\",\"width\":370,\"height\":532},{\"@type\":\"BreadcrumbList\",\"@id\":\"https:\\\/\\\/tajkertesz.com\\\/termek\\\/agrecol-univerzalis-mutragya-350g\\\/#breadcrumb\",\"itemListElement\":[{\"@type\":\"ListItem\",\"position\":1,\"name\":\"Home\",\"item\":\"https:\\\/\\\/tajkertesz.com\\\/\"},{\"@type\":\"ListItem\",\"position\":2,\"name\":\"Kezd\u0151lap\",\"item\":\"https:\\\/\\\/tajkertesz.com\\\/\"},{\"@type\":\"ListItem\",\"position\":3,\"name\":\"Agrecol univerz\u00e1lis m\u0171tr\u00e1gya 350g\"}]},{\"@type\":\"WebSite\",\"@id\":\"https:\\\/\\\/tajkertesz.com\\\/#website\",\"url\":\"https:\\\/\\\/tajkertesz.com\\\/\",\"name\":\"T\u00e1j-Kert\u00e9sz 84 Kft.\",\"description\":\"Kert\u00e9szeti kis- \u00e9s nagykeresked\u00e9s, D\u00edszn\u00f6v\u00e9ny web\u00e1ruh\u00e1z orsz\u00e1gos h\u00e1zhozsz\u00e1ll\u00edt\u00e1ssal!\",\"publisher\":{\"@id\":\"https:\\\/\\\/tajkertesz.com\\\/#organization\"},\"potentialAction\":[{\"@type\":\"SearchAction\",\"target\":{\"@type\":\"EntryPoint\",\"urlTemplate\":\"https:\\\/\\\/tajkertesz.com\\\/?s={search_term_string}\"},\"query-input\":{\"@type\":\"PropertyValueSpecification\",\"valueRequired\":true,\"valueName\":\"search_term_string\"}}],\"inLanguage\":\"en-US\"},{\"@type\":\"Organization\",\"@id\":\"https:\\\/\\\/tajkertesz.com\\\/#organization\",\"name\":\"T\u00e1j-Kert\u00e9sz 84 Kft.\",\"url\":\"https:\\\/\\\/tajkertesz.com\\\/\",\"logo\":{\"@type\":\"ImageObject\",\"inLanguage\":\"en-US\",\"@id\":\"https:\\\/\\\/tajkertesz.com\\\/#\\\/schema\\\/logo\\\/image\\\/\",\"url\":\"https:\\\/\\\/tajkertesz.com\\\/wp-content\\\/uploads\\\/2018\\\/02\\\/logo-2-e1518678052539.png\",\"contentUrl\":\"https:\\\/\\\/tajkertesz.com\\\/wp-content\\\/uploads\\\/2018\\\/02\\\/logo-2-e1518678052539.png\",\"width\":81,\"height\":140,\"caption\":\"T\u00e1j-Kert\u00e9sz 84 Kft.\"},\"image\":{\"@id\":\"https:\\\/\\\/tajkertesz.com\\\/#\\\/schema\\\/logo\\\/image\\\/\"},\"sameAs\":[\"https:\\\/\\\/www.facebook.com\\\/Tajkertesz\\\/\"]}]}<\/script>\n<!-- \/ Yoast SEO plugin. -->","yoast_head_json":{"title":"Agrecol univerz\u00e1lis m\u0171tr\u00e1gya 350g - T\u00e1jkert\u00e9sz","description":"Agrecol univerz\u00e1lis m\u0171tr\u00e1gya 350g...........................................................................................","robots":{"index":"index","follow":"follow","max-snippet":"max-snippet:-1","max-image-preview":"max-image-preview:large","max-video-preview":"max-video-preview:-1"},"canonical":"https:\/\/tajkertesz.com\/en_US\/product\/agrecol-univerzalis-mutragya-350g\/","og_locale":"en_US","og_type":"article","og_title":"Agrecol univerz\u00e1lis m\u0171tr\u00e1gya 350g - T\u00e1jkert\u00e9sz","og_description":"Agrecol univerz\u00e1lis m\u0171tr\u00e1gya 350g...........................................................................................","og_url":"https:\/\/tajkertesz.com\/en_US\/product\/agrecol-univerzalis-mutragya-350g\/","og_site_name":"T\u00e1jkert\u00e9sz","article_publisher":"https:\/\/www.facebook.com\/Tajkertesz\/","article_modified_time":"2025-05-22T10:08:01+00:00","og_image":[{"width":370,"height":532,"url":"https:\/\/tajkertesz.com\/wp-content\/uploads\/2025\/04\/125-K-uniwersalny-350-g-wiz-370-1.jpg","type":"image\/jpeg"}],"twitter_card":"summary_large_image","twitter_misc":{"Est. reading time":"3 minutes"},"schema":{"@context":"https:\/\/schema.org","@graph":[{"@type":"WebPage","@id":"https:\/\/tajkertesz.com\/termek\/agrecol-univerzalis-mutragya-350g\/","url":"https:\/\/tajkertesz.com\/termek\/agrecol-univerzalis-mutragya-350g\/","name":"Agrecol univerz\u00e1lis m\u0171tr\u00e1gya 350g - T\u00e1jkert\u00e9sz","isPartOf":{"@id":"https:\/\/tajkertesz.com\/#website"},"primaryImageOfPage":{"@id":"https:\/\/tajkertesz.com\/termek\/agrecol-univerzalis-mutragya-350g\/#primaryimage"},"image":{"@id":"https:\/\/tajkertesz.com\/termek\/agrecol-univerzalis-mutragya-350g\/#primaryimage"},"thumbnailUrl":"https:\/\/tajkertesz.com\/wp-content\/uploads\/2025\/04\/125-K-uniwersalny-350-g-wiz-370-1.jpg","datePublished":"2025-04-01T13:51:18+00:00","dateModified":"2025-05-22T10:08:01+00:00","description":"Agrecol univerz\u00e1lis m\u0171tr\u00e1gya 350g...........................................................................................","breadcrumb":{"@id":"https:\/\/tajkertesz.com\/termek\/agrecol-univerzalis-mutragya-350g\/#breadcrumb"},"inLanguage":"en-US","potentialAction":[{"@type":"ReadAction","target":["https:\/\/tajkertesz.com\/termek\/agrecol-univerzalis-mutragya-350g\/"]}]},{"@type":"ImageObject","inLanguage":"en-US","@id":"https:\/\/tajkertesz.com\/termek\/agrecol-univerzalis-mutragya-350g\/#primaryimage","url":"https:\/\/tajkertesz.com\/wp-content\/uploads\/2025\/04\/125-K-uniwersalny-350-g-wiz-370-1.jpg","contentUrl":"https:\/\/tajkertesz.com\/wp-content\/uploads\/2025\/04\/125-K-uniwersalny-350-g-wiz-370-1.jpg","width":370,"height":532},{"@type":"BreadcrumbList","@id":"https:\/\/tajkertesz.com\/termek\/agrecol-univerzalis-mutragya-350g\/#breadcrumb","itemListElement":[{"@type":"ListItem","position":1,"name":"Home","item":"https:\/\/tajkertesz.com\/"},{"@type":"ListItem","position":2,"name":"Kezd\u0151lap","item":"https:\/\/tajkertesz.com\/"},{"@type":"ListItem","position":3,"name":"Agrecol univerz\u00e1lis m\u0171tr\u00e1gya 350g"}]},{"@type":"WebSite","@id":"https:\/\/tajkertesz.com\/#website","url":"https:\/\/tajkertesz.com\/","name":"T\u00e1j-Kert\u00e9sz 84 Kft.","description":"Kert\u00e9szeti kis- \u00e9s nagykeresked\u00e9s, D\u00edszn\u00f6v\u00e9ny web\u00e1ruh\u00e1z orsz\u00e1gos h\u00e1zhozsz\u00e1ll\u00edt\u00e1ssal!","publisher":{"@id":"https:\/\/tajkertesz.com\/#organization"},"potentialAction":[{"@type":"SearchAction","target":{"@type":"EntryPoint","urlTemplate":"https:\/\/tajkertesz.com\/?s={search_term_string}"},"query-input":{"@type":"PropertyValueSpecification","valueRequired":true,"valueName":"search_term_string"}}],"inLanguage":"en-US"},{"@type":"Organization","@id":"https:\/\/tajkertesz.com\/#organization","name":"T\u00e1j-Kert\u00e9sz 84 Kft.","url":"https:\/\/tajkertesz.com\/","logo":{"@type":"ImageObject","inLanguage":"en-US","@id":"https:\/\/tajkertesz.com\/#\/schema\/logo\/image\/","url":"https:\/\/tajkertesz.com\/wp-content\/uploads\/2018\/02\/logo-2-e1518678052539.png","contentUrl":"https:\/\/tajkertesz.com\/wp-content\/uploads\/2018\/02\/logo-2-e1518678052539.png","width":81,"height":140,"caption":"T\u00e1j-Kert\u00e9sz 84 Kft."},"image":{"@id":"https:\/\/tajkertesz.com\/#\/schema\/logo\/image\/"},"sameAs":["https:\/\/www.facebook.com\/Tajkertesz\/"]}]}},"_links":{"self":[{"href":"https:\/\/tajkertesz.com\/en_US\/wp-json\/wp\/v2\/product\/23026","targetHints":{"allow":["GET"]}}],"collection":[{"href":"https:\/\/tajkertesz.com\/en_US\/wp-json\/wp\/v2\/product"}],"about":[{"href":"https:\/\/tajkertesz.com\/en_US\/wp-json\/wp\/v2\/types\/product"}],"wp:featuredmedia":[{"embeddable":true,"href":"https:\/\/tajkertesz.com\/en_US\/wp-json\/wp\/v2\/media\/23027"}],"wp:attachment":[{"href":"https:\/\/tajkertesz.com\/en_US\/wp-json\/wp\/v2\/media?parent=23026"}],"wp:term":[{"taxonomy":"product_brand","embeddable":true,"href":"https:\/\/tajkertesz.com\/en_US\/wp-json\/wp\/v2\/product_brand?post=23026"},{"taxonomy":"product_cat","embeddable":true,"href":"https:\/\/tajkertesz.com\/en_US\/wp-json\/wp\/v2\/product_cat?post=23026"},{"taxonomy":"product_tag","embeddable":true,"href":"https:\/\/tajkertesz.com\/en_US\/wp-json\/wp\/v2\/product_tag?post=23026"}],"curies":[{"name":"wp","href":"https:\/\/api.w.org\/{rel}","templated":true}]}}