{"id":23040,"date":"2025-04-02T10:48:04","date_gmt":"2025-04-02T10:48:04","guid":{"rendered":"https:\/\/tajkertesz.com\/?post_type=product&#038;p=23040"},"modified":"2025-04-02T10:48:10","modified_gmt":"2025-04-02T10:48:10","slug":"cornus-alba-kesselringii-fekete-vesszeju-som","status":"publish","type":"product","link":"https:\/\/tajkertesz.com\/en_US\/product\/cornus-alba-kesselringii-fekete-vesszeju-som\/","title":{"rendered":"Cornus alba &#8216;Kesselringii&#8217; &#8211; Fekete vesszej\u0171 som"},"content":{"rendered":"<h1>Cornus alba &#8216;Kesselringii&#8217; &#8211; Fekete vesszej\u0171 som<\/h1>\n<p>A <em data-start=\"3965\" data-end=\"3978\">Cornus alba<\/em> &#8216;Kesselringii&#8217; &#8211; Fekete vesszej\u0171 som egy k\u00fcl\u00f6nleges \u00e9s szemet gy\u00f6ny\u00f6rk\u00f6dtet\u0151 cserje, amely s\u00f6t\u00e9t, szinte fekete vessz\u0151ivel, valamint \u00e9l\u00e9nk z\u00f6ld leveleivel kiemelkedik a kertben.<\/p>\n<h2>Cornus alba &#8216;Kesselringii&#8217; jellemz\u0151i<\/h2>\n<ul>\n<li class=\"\" data-start=\"371\" data-end=\"672\">\n<p class=\"\" data-start=\"373\" data-end=\"672\"><strong data-start=\"373\" data-end=\"384\">Vessz\u0151k<\/strong>: Az egyik\u00a0 jellemz\u0151je a s\u00f6t\u00e9t sz\u00edn\u0171, szinte fekete vessz\u0151k, amelyek az eg\u00e9sz n\u00f6v\u00e9nyt k\u00fcl\u00f6nlegess\u00e9 teszik.<\/p>\n<\/li>\n<li class=\"\" data-start=\"673\" data-end=\"928\">\n<p class=\"\" data-start=\"675\" data-end=\"928\"><strong data-start=\"675\" data-end=\"686\">Levelek<\/strong>: A levelek z\u00f6ldek, viszont az \u0151szi h\u00f3napokban a levelek s\u00e1rg\u00e1s-v\u00f6r\u00f6ses \u00e1rnyalatokat is felvehetnek, ami szint\u00e9n n\u00f6veli a n\u00f6v\u00e9ny eszt\u00e9tikai \u00e9rt\u00e9k\u00e9t.<\/p>\n<\/li>\n<li class=\"\" data-start=\"929\" data-end=\"1233\">\n<p class=\"\" data-start=\"931\" data-end=\"1233\"><strong data-start=\"931\" data-end=\"943\">Vir\u00e1gz\u00e1s<\/strong>: Tavasszal a n\u00f6v\u00e9ny apr\u00f3, feh\u00e9r vir\u00e1gokkal d\u00edszit, melyek csoportokban jelennek meg. B\u00e1r a vir\u00e1gz\u00e1s nem az er\u0151ss\u00e9ge, m\u00e9gis vonz\u00f3 \u00e9s hasznos a beporz\u00f3 rovarok sz\u00e1m\u00e1ra. A vir\u00e1gz\u00e1s ut\u00e1n bogy\u00f3s term\u00e9sek fejl\u0151dnek, amelyek ny\u00e1r v\u00e9g\u00e9n vagy \u0151sszel jelennek meg, piros vagy k\u00e9kes-fekete sz\u00edn\u0171ek.<\/p>\n<\/li>\n<\/ul>\n<h3>A fekete vesszej\u0171 som gondoz\u00e1sa:<\/h3>\n<ul>\n<li class=\"\" data-start=\"1269\" data-end=\"1478\">\n<p class=\"\" data-start=\"1271\" data-end=\"1478\">Napos vagy f\u00e9l\u00e1rny\u00e9kos helyet kedvel. A legjobb, ha napos ter\u00fcletre \u00fcltetj\u00fck, mivel a s\u00f6t\u00e9t vessz\u0151k a napf\u00e9nyben legink\u00e1bb \u00e9rv\u00e9nyes\u00fclnek, \u00edgy a legszebb l\u00e1tv\u00e1nyt akkor ny\u00fajtja.<\/p>\n<\/li>\n<li class=\"\" data-start=\"1479\" data-end=\"1584\">\n<p class=\"\" data-start=\"1481\" data-end=\"1584\">\u00c1rny\u00e9kban is el\u00e9l, de ekkor a sz\u00ednek nem lesznek olyan intenz\u00edvek, \u00e9s a n\u00f6v\u00e9ny vir\u00e1gz\u00e1sa is elmaradhat.<\/p>\n<\/li>\n<\/ul>\n<p>&nbsp;<\/p>\n<p><b>K\u00e9szlet\u00fcnk napi szinten v\u00e1ltozik, ez\u00e9rt k\u00e9rj\u00fck, \u00e9rdekl\u0151dj\u00f6n szem\u00e9lyesen, telefonon vagy email-en.<br \/>\nA v\u00e1ltoztat\u00e1s jog\u00e1t fenntartjuk!<\/b><b>\u00a0 <\/b><\/p>\n<p><a href=\"https:\/\/tajkertesz.com\/\">https:\/\/tajkertesz.com\/<\/a><\/p>\n<p><a href=\"https:\/\/www.facebook.com\/tajkertesz\/\">https:\/\/www.facebook.com\/tajkertesz\/ <\/a><\/p>\n<p>Kisz\u00e1ll\u00edt\u00e1s: 200cm-ig \u00e9s 40 kg-ig a sz\u00e1ll\u00edt\u00e1s fut\u00e1rszolg\u00e1lattal t\u00f6rt\u00e9nik.<\/p>\n<p>Szem\u00e9lyes \u00e1tv\u00e9tel nyitvatart\u00e1si id\u0151ben a 17. ker\u00fclet Bakancsos utca 7. sz\u00e1m alatti Kert\u00e9szeti \u00e1rud\u00e1nkban.<\/p>\n<p>Kert\u00e9p\u00edt\u0151k \u00e9s viszontelad\u00f3k regisztr\u00e1l\u00e1s ut\u00e1n egyedi kedvezm\u00e9nnyel v\u00e1s\u00e1rolhatnak kert\u00e9szeti kis-\u00e9s nagykeresked\u00e9s\u00fcnkben.<\/p>\n<p><strong>Az \u00e1rak egy darab term\u00e9kre vonatkoznak.<\/strong><\/p>\n<p><strong>J\u00f3 tudni!<\/strong><\/p>\n<p>K\u00e9pek-elt\u00e9r\u00e9sek:<\/p>\n<p>A n\u00f6v\u00e9nyekr\u0151l felt\u00f6lt\u00f6tt k\u00e9pek illusztr\u00e1ci\u00f3k. N\u00f6v\u00e9nyekn\u00e9l el\u0151fordulhatnak minim\u00e1lis elt\u00e9r\u00e9sek a k\u00e9peken szerepl\u0151 n\u00f6v\u00e9nyek \u00e9s az \u00e1tvett n\u00f6v\u00e9nyek k\u00f6z\u00f6tt, mivel minden n\u00f6v\u00e9ny egyedi.<\/p>\n<h4>N\u00f6v\u00e9nyek sz\u00e1ll\u00edt\u00e1sa:<\/h4>\n<p>A megrendelt n\u00f6v\u00e9nyeket igyeksz\u00fcnk a lehet\u0151 legbiztons\u00e1gosabban egyes\u00e9vel csomagolni, azonban a sz\u00e1ll\u00edt\u00e1s sor\u00e1n m\u00e9g ennek ellen\u00e9re is\u00a0bek\u00f6vetkezhetnek apr\u00f3bb s\u00e9r\u00fcl\u00e9sek (lev\u00e9l- vagy vir\u00e1ghull\u00e1s).<br \/>\nN\u00f6v\u00e9ny rendel\u00e9s eset\u00e9n k\u00e9rj\u00fck a k\u00e9zbes\u00edt\u00e9st k\u00f6vet\u0151en a lehet\u0151 leghamarabb bonts\u00e1k ki a csomagot.<\/p>\n<p>Abban az esetben, ha a megrendelt n\u00f6v\u00e9ny\u00a0a sz\u00e1ll\u00edt\u00e1st k\u00f6vet\u0151en\u00a0nem megfelel\u0151 gondoz\u00e1sban r\u00e9szes\u00fcl \u00e9s ebb\u0151l kifoly\u00f3lag\u00a0k\u00e1rosodik,\u00a0elpusztul, felel\u0151ss\u00e9get sajnos nem tudunk v\u00e1llalni.<\/p>\n<p>V\u00e1s\u00e1rl\u00e1st\u00f3l val\u00f3 el\u00e1ll\u00e1s \u00e9l\u0151 n\u00f6v\u00e9ny v\u00e1s\u00e1rl\u00e1sa eset\u00e9n:<\/p>\n<p>Az \u00e1ltal\u00e1nos 14 napos el\u00e1ll\u00e1s lehet\u0151s\u00e9ge \u00e9l\u0151 n\u00f6v\u00e9nyekre nem vonatkozik. V\u00e1s\u00e1rl\u00e1st\u00f3l val\u00f3 el\u00e1ll\u00e1sra, visszak\u00fcld\u00e9sre nincs lehet\u0151s\u00e9g.\u00a0(17\/1999. (II. 5.) Korm. rendelet 5c pontja)<\/p>\n<p><strong>K\u00e9rj\u00fck fentiek figyelembev\u00e9tel\u00e9t n\u00f6v\u00e9ny rendel\u00e9se sor\u00e1n!<\/strong><\/p>\n<p>&nbsp;<\/p>","protected":false},"excerpt":{"rendered":"<p>A <em data-start=\"3965\" data-end=\"3978\">Cornus alba<\/em> &#8216;Kesselringii&#8217; &#8211; Fekete vesszej\u0171 som egy k\u00fcl\u00f6nleges \u00e9s szemet gy\u00f6ny\u00f6rk\u00f6dtet\u0151 cserje, amely s\u00f6t\u00e9t, szinte fekete vessz\u0151ivel, valamint \u00e9l\u00e9nk z\u00f6ld leveleivel kiemelkedik a kertben.<\/p>\n<p>A n\u00f6v\u00e9ny jelenlegi m\u00e9rete: kb. 50 cm magas, 2 literes kont\u00e9nerben.<\/p>","protected":false},"featured_media":23041,"template":"","meta":{"_et_pb_use_builder":"","_et_pb_old_content":"","_et_gb_content_width":""},"product_brand":[],"product_cat":[27],"product_tag":[5744,5746,5745,5747,218],"class_list":{"0":"post-23040","1":"product","2":"type-product","3":"status-publish","4":"has-post-thumbnail","6":"product_cat-cserjek","7":"product_tag-cornus-alba-kesselringii-fekete-vesszeju-som","8":"product_tag-diszsom","9":"product_tag-fekete-vesszeju-som","10":"product_tag-kesselringii","11":"product_tag-som","13":"first","14":"instock","15":"shipping-taxable","16":"purchasable","17":"product-type-simple"},"yoast_head":"<!-- This site is optimized with the Yoast SEO plugin v27.3 - https:\/\/yoast.com\/product\/yoast-seo-wordpress\/ -->\n<title>Cornus alba &#039;Kesselringii&#039; - Fekete vesszej\u0171 som - T\u00e1jkert\u00e9sz<\/title>\n<meta name=\"description\" content=\"A Cornus alba &#039;Kesselringii&#039; - Fekete vesszej\u0171 som egy k\u00fcl\u00f6nleges \u00e9s szemet gy\u00f6ny\u00f6rk\u00f6dtet\u0151 cserje, amely s\u00f6t\u00e9t, szinte fekete vessz\u0151ivel,\" \/>\n<meta name=\"robots\" content=\"index, follow, max-snippet:-1, max-image-preview:large, max-video-preview:-1\" \/>\n<link rel=\"canonical\" href=\"https:\/\/tajkertesz.com\/en_US\/product\/cornus-alba-kesselringii-fekete-vesszeju-som\/\" \/>\n<meta property=\"og:locale\" content=\"en_US\" \/>\n<meta property=\"og:type\" content=\"article\" \/>\n<meta property=\"og:title\" content=\"Cornus alba &#039;Kesselringii&#039; - Fekete vesszej\u0171 som - T\u00e1jkert\u00e9sz\" \/>\n<meta property=\"og:description\" content=\"A Cornus alba &#039;Kesselringii&#039; - Fekete vesszej\u0171 som egy k\u00fcl\u00f6nleges \u00e9s szemet gy\u00f6ny\u00f6rk\u00f6dtet\u0151 cserje, amely s\u00f6t\u00e9t, szinte fekete vessz\u0151ivel,\" \/>\n<meta property=\"og:url\" content=\"https:\/\/tajkertesz.com\/en_US\/product\/cornus-alba-kesselringii-fekete-vesszeju-som\/\" \/>\n<meta property=\"og:site_name\" content=\"T\u00e1jkert\u00e9sz\" \/>\n<meta property=\"article:publisher\" content=\"https:\/\/www.facebook.com\/Tajkertesz\/\" \/>\n<meta property=\"article:modified_time\" content=\"2025-04-02T10:48:10+00:00\" \/>\n<meta property=\"og:image\" content=\"https:\/\/tajkertesz.com\/wp-content\/uploads\/2025\/04\/20250402_082851-scaled.jpg\" \/>\n\t<meta property=\"og:image:width\" content=\"1441\" \/>\n\t<meta property=\"og:image:height\" content=\"2560\" \/>\n\t<meta property=\"og:image:type\" content=\"image\/jpeg\" \/>\n<meta name=\"twitter:card\" content=\"summary_large_image\" \/>\n<meta name=\"twitter:label1\" content=\"Est. reading time\" \/>\n\t<meta name=\"twitter:data1\" content=\"3 minutes\" \/>\n<script type=\"application\/ld+json\" class=\"yoast-schema-graph\">{\"@context\":\"https:\\\/\\\/schema.org\",\"@graph\":[{\"@type\":\"WebPage\",\"@id\":\"https:\\\/\\\/tajkertesz.com\\\/termek\\\/cornus-alba-kesselringii-fekete-vesszeju-som\\\/\",\"url\":\"https:\\\/\\\/tajkertesz.com\\\/termek\\\/cornus-alba-kesselringii-fekete-vesszeju-som\\\/\",\"name\":\"Cornus alba 'Kesselringii' - Fekete vesszej\u0171 som - T\u00e1jkert\u00e9sz\",\"isPartOf\":{\"@id\":\"https:\\\/\\\/tajkertesz.com\\\/#website\"},\"primaryImageOfPage\":{\"@id\":\"https:\\\/\\\/tajkertesz.com\\\/termek\\\/cornus-alba-kesselringii-fekete-vesszeju-som\\\/#primaryimage\"},\"image\":{\"@id\":\"https:\\\/\\\/tajkertesz.com\\\/termek\\\/cornus-alba-kesselringii-fekete-vesszeju-som\\\/#primaryimage\"},\"thumbnailUrl\":\"https:\\\/\\\/tajkertesz.com\\\/wp-content\\\/uploads\\\/2025\\\/04\\\/20250402_082851-scaled.jpg\",\"datePublished\":\"2025-04-02T10:48:04+00:00\",\"dateModified\":\"2025-04-02T10:48:10+00:00\",\"description\":\"A Cornus alba 'Kesselringii' - Fekete vesszej\u0171 som egy k\u00fcl\u00f6nleges \u00e9s szemet gy\u00f6ny\u00f6rk\u00f6dtet\u0151 cserje, amely s\u00f6t\u00e9t, szinte fekete vessz\u0151ivel,\",\"breadcrumb\":{\"@id\":\"https:\\\/\\\/tajkertesz.com\\\/termek\\\/cornus-alba-kesselringii-fekete-vesszeju-som\\\/#breadcrumb\"},\"inLanguage\":\"en-US\",\"potentialAction\":[{\"@type\":\"ReadAction\",\"target\":[\"https:\\\/\\\/tajkertesz.com\\\/termek\\\/cornus-alba-kesselringii-fekete-vesszeju-som\\\/\"]}]},{\"@type\":\"ImageObject\",\"inLanguage\":\"en-US\",\"@id\":\"https:\\\/\\\/tajkertesz.com\\\/termek\\\/cornus-alba-kesselringii-fekete-vesszeju-som\\\/#primaryimage\",\"url\":\"https:\\\/\\\/tajkertesz.com\\\/wp-content\\\/uploads\\\/2025\\\/04\\\/20250402_082851-scaled.jpg\",\"contentUrl\":\"https:\\\/\\\/tajkertesz.com\\\/wp-content\\\/uploads\\\/2025\\\/04\\\/20250402_082851-scaled.jpg\",\"width\":1441,\"height\":2560,\"caption\":\"Cornus alba 'Kesselringii' - Fekete vesszej\u0171 som\"},{\"@type\":\"BreadcrumbList\",\"@id\":\"https:\\\/\\\/tajkertesz.com\\\/termek\\\/cornus-alba-kesselringii-fekete-vesszeju-som\\\/#breadcrumb\",\"itemListElement\":[{\"@type\":\"ListItem\",\"position\":1,\"name\":\"Home\",\"item\":\"https:\\\/\\\/tajkertesz.com\\\/\"},{\"@type\":\"ListItem\",\"position\":2,\"name\":\"Kezd\u0151lap\",\"item\":\"https:\\\/\\\/tajkertesz.com\\\/\"},{\"@type\":\"ListItem\",\"position\":3,\"name\":\"Cornus alba &#8216;Kesselringii&#8217; &#8211; Fekete vesszej\u0171 som\"}]},{\"@type\":\"WebSite\",\"@id\":\"https:\\\/\\\/tajkertesz.com\\\/#website\",\"url\":\"https:\\\/\\\/tajkertesz.com\\\/\",\"name\":\"T\u00e1j-Kert\u00e9sz 84 Kft.\",\"description\":\"Kert\u00e9szeti kis- \u00e9s nagykeresked\u00e9s, D\u00edszn\u00f6v\u00e9ny web\u00e1ruh\u00e1z orsz\u00e1gos h\u00e1zhozsz\u00e1ll\u00edt\u00e1ssal!\",\"publisher\":{\"@id\":\"https:\\\/\\\/tajkertesz.com\\\/#organization\"},\"potentialAction\":[{\"@type\":\"SearchAction\",\"target\":{\"@type\":\"EntryPoint\",\"urlTemplate\":\"https:\\\/\\\/tajkertesz.com\\\/?s={search_term_string}\"},\"query-input\":{\"@type\":\"PropertyValueSpecification\",\"valueRequired\":true,\"valueName\":\"search_term_string\"}}],\"inLanguage\":\"en-US\"},{\"@type\":\"Organization\",\"@id\":\"https:\\\/\\\/tajkertesz.com\\\/#organization\",\"name\":\"T\u00e1j-Kert\u00e9sz 84 Kft.\",\"url\":\"https:\\\/\\\/tajkertesz.com\\\/\",\"logo\":{\"@type\":\"ImageObject\",\"inLanguage\":\"en-US\",\"@id\":\"https:\\\/\\\/tajkertesz.com\\\/#\\\/schema\\\/logo\\\/image\\\/\",\"url\":\"https:\\\/\\\/tajkertesz.com\\\/wp-content\\\/uploads\\\/2018\\\/02\\\/logo-2-e1518678052539.png\",\"contentUrl\":\"https:\\\/\\\/tajkertesz.com\\\/wp-content\\\/uploads\\\/2018\\\/02\\\/logo-2-e1518678052539.png\",\"width\":81,\"height\":140,\"caption\":\"T\u00e1j-Kert\u00e9sz 84 Kft.\"},\"image\":{\"@id\":\"https:\\\/\\\/tajkertesz.com\\\/#\\\/schema\\\/logo\\\/image\\\/\"},\"sameAs\":[\"https:\\\/\\\/www.facebook.com\\\/Tajkertesz\\\/\"]}]}<\/script>\n<!-- \/ Yoast SEO plugin. -->","yoast_head_json":{"title":"Cornus alba 'Kesselringii' - Fekete vesszej\u0171 som - T\u00e1jkert\u00e9sz","description":"A Cornus alba 'Kesselringii' - Fekete vesszej\u0171 som egy k\u00fcl\u00f6nleges \u00e9s szemet gy\u00f6ny\u00f6rk\u00f6dtet\u0151 cserje, amely s\u00f6t\u00e9t, szinte fekete vessz\u0151ivel,","robots":{"index":"index","follow":"follow","max-snippet":"max-snippet:-1","max-image-preview":"max-image-preview:large","max-video-preview":"max-video-preview:-1"},"canonical":"https:\/\/tajkertesz.com\/en_US\/product\/cornus-alba-kesselringii-fekete-vesszeju-som\/","og_locale":"en_US","og_type":"article","og_title":"Cornus alba 'Kesselringii' - Fekete vesszej\u0171 som - T\u00e1jkert\u00e9sz","og_description":"A Cornus alba 'Kesselringii' - Fekete vesszej\u0171 som egy k\u00fcl\u00f6nleges \u00e9s szemet gy\u00f6ny\u00f6rk\u00f6dtet\u0151 cserje, amely s\u00f6t\u00e9t, szinte fekete vessz\u0151ivel,","og_url":"https:\/\/tajkertesz.com\/en_US\/product\/cornus-alba-kesselringii-fekete-vesszeju-som\/","og_site_name":"T\u00e1jkert\u00e9sz","article_publisher":"https:\/\/www.facebook.com\/Tajkertesz\/","article_modified_time":"2025-04-02T10:48:10+00:00","og_image":[{"width":1441,"height":2560,"url":"https:\/\/tajkertesz.com\/wp-content\/uploads\/2025\/04\/20250402_082851-scaled.jpg","type":"image\/jpeg"}],"twitter_card":"summary_large_image","twitter_misc":{"Est. reading time":"3 minutes"},"schema":{"@context":"https:\/\/schema.org","@graph":[{"@type":"WebPage","@id":"https:\/\/tajkertesz.com\/termek\/cornus-alba-kesselringii-fekete-vesszeju-som\/","url":"https:\/\/tajkertesz.com\/termek\/cornus-alba-kesselringii-fekete-vesszeju-som\/","name":"Cornus alba 'Kesselringii' - Fekete vesszej\u0171 som - T\u00e1jkert\u00e9sz","isPartOf":{"@id":"https:\/\/tajkertesz.com\/#website"},"primaryImageOfPage":{"@id":"https:\/\/tajkertesz.com\/termek\/cornus-alba-kesselringii-fekete-vesszeju-som\/#primaryimage"},"image":{"@id":"https:\/\/tajkertesz.com\/termek\/cornus-alba-kesselringii-fekete-vesszeju-som\/#primaryimage"},"thumbnailUrl":"https:\/\/tajkertesz.com\/wp-content\/uploads\/2025\/04\/20250402_082851-scaled.jpg","datePublished":"2025-04-02T10:48:04+00:00","dateModified":"2025-04-02T10:48:10+00:00","description":"A Cornus alba 'Kesselringii' - Fekete vesszej\u0171 som egy k\u00fcl\u00f6nleges \u00e9s szemet gy\u00f6ny\u00f6rk\u00f6dtet\u0151 cserje, amely s\u00f6t\u00e9t, szinte fekete vessz\u0151ivel,","breadcrumb":{"@id":"https:\/\/tajkertesz.com\/termek\/cornus-alba-kesselringii-fekete-vesszeju-som\/#breadcrumb"},"inLanguage":"en-US","potentialAction":[{"@type":"ReadAction","target":["https:\/\/tajkertesz.com\/termek\/cornus-alba-kesselringii-fekete-vesszeju-som\/"]}]},{"@type":"ImageObject","inLanguage":"en-US","@id":"https:\/\/tajkertesz.com\/termek\/cornus-alba-kesselringii-fekete-vesszeju-som\/#primaryimage","url":"https:\/\/tajkertesz.com\/wp-content\/uploads\/2025\/04\/20250402_082851-scaled.jpg","contentUrl":"https:\/\/tajkertesz.com\/wp-content\/uploads\/2025\/04\/20250402_082851-scaled.jpg","width":1441,"height":2560,"caption":"Cornus alba 'Kesselringii' - Fekete vesszej\u0171 som"},{"@type":"BreadcrumbList","@id":"https:\/\/tajkertesz.com\/termek\/cornus-alba-kesselringii-fekete-vesszeju-som\/#breadcrumb","itemListElement":[{"@type":"ListItem","position":1,"name":"Home","item":"https:\/\/tajkertesz.com\/"},{"@type":"ListItem","position":2,"name":"Kezd\u0151lap","item":"https:\/\/tajkertesz.com\/"},{"@type":"ListItem","position":3,"name":"Cornus alba &#8216;Kesselringii&#8217; &#8211; Fekete vesszej\u0171 som"}]},{"@type":"WebSite","@id":"https:\/\/tajkertesz.com\/#website","url":"https:\/\/tajkertesz.com\/","name":"T\u00e1j-Kert\u00e9sz 84 Kft.","description":"Kert\u00e9szeti kis- \u00e9s nagykeresked\u00e9s, D\u00edszn\u00f6v\u00e9ny web\u00e1ruh\u00e1z orsz\u00e1gos h\u00e1zhozsz\u00e1ll\u00edt\u00e1ssal!","publisher":{"@id":"https:\/\/tajkertesz.com\/#organization"},"potentialAction":[{"@type":"SearchAction","target":{"@type":"EntryPoint","urlTemplate":"https:\/\/tajkertesz.com\/?s={search_term_string}"},"query-input":{"@type":"PropertyValueSpecification","valueRequired":true,"valueName":"search_term_string"}}],"inLanguage":"en-US"},{"@type":"Organization","@id":"https:\/\/tajkertesz.com\/#organization","name":"T\u00e1j-Kert\u00e9sz 84 Kft.","url":"https:\/\/tajkertesz.com\/","logo":{"@type":"ImageObject","inLanguage":"en-US","@id":"https:\/\/tajkertesz.com\/#\/schema\/logo\/image\/","url":"https:\/\/tajkertesz.com\/wp-content\/uploads\/2018\/02\/logo-2-e1518678052539.png","contentUrl":"https:\/\/tajkertesz.com\/wp-content\/uploads\/2018\/02\/logo-2-e1518678052539.png","width":81,"height":140,"caption":"T\u00e1j-Kert\u00e9sz 84 Kft."},"image":{"@id":"https:\/\/tajkertesz.com\/#\/schema\/logo\/image\/"},"sameAs":["https:\/\/www.facebook.com\/Tajkertesz\/"]}]}},"_links":{"self":[{"href":"https:\/\/tajkertesz.com\/en_US\/wp-json\/wp\/v2\/product\/23040","targetHints":{"allow":["GET"]}}],"collection":[{"href":"https:\/\/tajkertesz.com\/en_US\/wp-json\/wp\/v2\/product"}],"about":[{"href":"https:\/\/tajkertesz.com\/en_US\/wp-json\/wp\/v2\/types\/product"}],"wp:featuredmedia":[{"embeddable":true,"href":"https:\/\/tajkertesz.com\/en_US\/wp-json\/wp\/v2\/media\/23041"}],"wp:attachment":[{"href":"https:\/\/tajkertesz.com\/en_US\/wp-json\/wp\/v2\/media?parent=23040"}],"wp:term":[{"taxonomy":"product_brand","embeddable":true,"href":"https:\/\/tajkertesz.com\/en_US\/wp-json\/wp\/v2\/product_brand?post=23040"},{"taxonomy":"product_cat","embeddable":true,"href":"https:\/\/tajkertesz.com\/en_US\/wp-json\/wp\/v2\/product_cat?post=23040"},{"taxonomy":"product_tag","embeddable":true,"href":"https:\/\/tajkertesz.com\/en_US\/wp-json\/wp\/v2\/product_tag?post=23040"}],"curies":[{"name":"wp","href":"https:\/\/api.w.org\/{rel}","templated":true}]}}