{"id":23047,"date":"2025-04-02T12:03:00","date_gmt":"2025-04-02T12:03:00","guid":{"rendered":"https:\/\/tajkertesz.com\/?post_type=product&#038;p=23047"},"modified":"2025-07-07T07:03:42","modified_gmt":"2025-07-07T07:03:42","slug":"akebia-quinata-otlevelu-akebia","status":"publish","type":"product","link":"https:\/\/tajkertesz.com\/en_US\/product\/akebia-quinata-otlevelu-akebia\/","title":{"rendered":"Akebia quinata &#8211; \u00d6tlevel\u0171 ak\u00e9bia"},"content":{"rendered":"<h1>Akebia quinata &#8211; \u00d6tlevel\u0171 ak\u00e9bia<\/h1>\n<p>Akebia quinata &#8211; \u00d6tlevel\u0171 ak\u00e9bia egy gyorsan n\u00f6vekv\u0151, rendk\u00edv\u00fcl d\u00edszes k\u00fasz\u00f3n\u00f6v\u00e9ny, amely k\u00fcl\u00f6n\u00f6sen j\u00f3l alkalmazhat\u00f3 kertekben, pergol\u00e1kon, ker\u00edt\u00e9seken, illetve b\u00e1rmilyen t\u00e1mrendszer ment\u00e9n. A n\u00f6v\u00e9ny s\u00f6t\u00e9tz\u00f6ld levelei, illatos vir\u00e1gai \u00e9s ehet\u0151 gy\u00fcm\u00f6lcsei k\u00fcl\u00f6nlegess\u00e9 teszik. Ha megfelel\u0151 gondoz\u00e1st \u00e9s helyet biztos\u00edtunk sz\u00e1m\u00e1ra, gyorsan teret nyerhet, \u00e9s az \u00e9v minden szak\u00e1ban vonz\u00f3 d\u00edsze lehet a kertnek.<\/p>\n<h2>Akebia quinata jellemz\u0151i:<\/h2>\n<ul>\n<li class=\"\" data-start=\"384\" data-end=\"545\">\n<p class=\"\" data-start=\"386\" data-end=\"545\">Gyorsan n\u00f6vekv\u0151 k\u00fasz\u00f3n\u00f6v\u00e9ny.<\/p>\n<\/li>\n<li class=\"\" data-start=\"546\" data-end=\"803\">\n<p class=\"\" data-start=\"548\" data-end=\"803\">Az \u00f6tlet\u0171, sz\u00e1rnyasan elrendezett levelei 5-7 hossz\u00fak\u00e1s lev\u00e9lk\u00e9b\u0151l \u00e1llnak, amelyek \u00e9l\u00e9nk z\u00f6ld sz\u00edn\u0171ek. A levelek tavasszal \u00e9s ny\u00e1ron sz\u00e9pek \u00e9s friss\u00edt\u0151k, \u0151sszel pedig sz\u00ednt v\u00e1ltanak, egyes esetekben s\u00e1rg\u00e1s vagy v\u00f6r\u00f6ses \u00e1rnyalatot vesznek fel.<\/p>\n<\/li>\n<li class=\"\" data-start=\"804\" data-end=\"1132\">\n<p class=\"\" data-start=\"806\" data-end=\"1132\">A n\u00f6v\u00e9ny tavasszal, \u00e1prilis-m\u00e1jus k\u00f6rny\u00e9k\u00e9n vir\u00e1gzik. Vir\u00e1gai apr\u00f3k, lila, r\u00f3zsasz\u00edn vagy feh\u00e9r sz\u00edn\u0171ek \u00e9s jellegzetes illat\u00faak, ami vonzza a beporz\u00f3 rovarokat, k\u00fcl\u00f6n\u00f6sen a m\u00e9heket. A vir\u00e1gok f\u00fcrt\u00f6kben jelennek meg, \u00e9s b\u00e1r nem t\u00fal felt\u0171n\u0151ek, a n\u00f6v\u00e9ny eg\u00e9sz\u00e9n eleg\u00e1ns megjelen\u00e9st k\u00f6lcs\u00f6n\u00f6znek.<\/p>\n<\/li>\n<\/ul>\n<p><b>K\u00e9szlet\u00fcnk napi szinten v\u00e1ltozik, ez\u00e9rt k\u00e9rj\u00fck, \u00e9rdekl\u0151dj\u00f6n szem\u00e9lyesen, telefonon vagy email-en.<br \/>\nA v\u00e1ltoztat\u00e1s jog\u00e1t fenntartjuk!<\/b><b>\u00a0 <\/b><\/p>\n<p><a href=\"https:\/\/tajkertesz.com\/\">https:\/\/tajkertesz.com\/<\/a><\/p>\n<p><a href=\"https:\/\/www.facebook.com\/tajkertesz\/\">https:\/\/www.facebook.com\/tajkertesz\/ <\/a><\/p>\n<p>Kisz\u00e1ll\u00edt\u00e1s: 200cm-ig \u00e9s 40 kg-ig a sz\u00e1ll\u00edt\u00e1s fut\u00e1rszolg\u00e1lattal t\u00f6rt\u00e9nik.<\/p>\n<p>Szem\u00e9lyes \u00e1tv\u00e9tel nyitvatart\u00e1si id\u0151ben a 17. ker\u00fclet Bakancsos utca 7. sz\u00e1m alatti Kert\u00e9szeti \u00e1rud\u00e1nkban.<\/p>\n<p>Kert\u00e9p\u00edt\u0151k \u00e9s viszontelad\u00f3k regisztr\u00e1l\u00e1s ut\u00e1n egyedi kedvezm\u00e9nnyel v\u00e1s\u00e1rolhatnak kert\u00e9szeti kis-\u00e9s nagykeresked\u00e9s\u00fcnkben.<\/p>\n<p><strong>Az \u00e1rak egy darab term\u00e9kre vonatkoznak.<\/strong><\/p>\n<p><strong>J\u00f3 tudni!<\/strong><\/p>\n<p>K\u00e9pek-elt\u00e9r\u00e9sek:<\/p>\n<p>A n\u00f6v\u00e9nyekr\u0151l felt\u00f6lt\u00f6tt k\u00e9pek illusztr\u00e1ci\u00f3k. N\u00f6v\u00e9nyekn\u00e9l el\u0151fordulhatnak minim\u00e1lis elt\u00e9r\u00e9sek a k\u00e9peken szerepl\u0151 n\u00f6v\u00e9nyek \u00e9s az \u00e1tvett n\u00f6v\u00e9nyek k\u00f6z\u00f6tt, mivel minden n\u00f6v\u00e9ny egyedi.<\/p>\n<h4>N\u00f6v\u00e9nyek sz\u00e1ll\u00edt\u00e1sa:<\/h4>\n<p>A megrendelt n\u00f6v\u00e9nyeket igyeksz\u00fcnk a lehet\u0151 legbiztons\u00e1gosabban egyes\u00e9vel csomagolni, azonban a sz\u00e1ll\u00edt\u00e1s sor\u00e1n m\u00e9g ennek ellen\u00e9re is\u00a0bek\u00f6vetkezhetnek apr\u00f3bb s\u00e9r\u00fcl\u00e9sek (lev\u00e9l- vagy vir\u00e1ghull\u00e1s).<br \/>\nN\u00f6v\u00e9ny rendel\u00e9s eset\u00e9n k\u00e9rj\u00fck a k\u00e9zbes\u00edt\u00e9st k\u00f6vet\u0151en a lehet\u0151 leghamarabb bonts\u00e1k ki a csomagot.<\/p>\n<p>Abban az esetben, ha a megrendelt n\u00f6v\u00e9ny\u00a0a sz\u00e1ll\u00edt\u00e1st k\u00f6vet\u0151en\u00a0nem megfelel\u0151 gondoz\u00e1sban r\u00e9szes\u00fcl \u00e9s ebb\u0151l kifoly\u00f3lag\u00a0k\u00e1rosodik,\u00a0elpusztul, felel\u0151ss\u00e9get sajnos nem tudunk v\u00e1llalni.<\/p>\n<p>V\u00e1s\u00e1rl\u00e1st\u00f3l val\u00f3 el\u00e1ll\u00e1s \u00e9l\u0151 n\u00f6v\u00e9ny v\u00e1s\u00e1rl\u00e1sa eset\u00e9n:<\/p>\n<p>Az \u00e1ltal\u00e1nos 14 napos el\u00e1ll\u00e1s lehet\u0151s\u00e9ge \u00e9l\u0151 n\u00f6v\u00e9nyekre nem vonatkozik. V\u00e1s\u00e1rl\u00e1st\u00f3l val\u00f3 el\u00e1ll\u00e1sra, visszak\u00fcld\u00e9sre nincs lehet\u0151s\u00e9g.\u00a0(17\/1999. (II. 5.) Korm. rendelet 5c pontja)<\/p>\n<p><strong>K\u00e9rj\u00fck fentiek figyelembev\u00e9tel\u00e9t n\u00f6v\u00e9ny rendel\u00e9se sor\u00e1n!<\/strong><\/p>\n<p>&nbsp;<\/p>","protected":false},"excerpt":{"rendered":"<p>Akebia quinata &#8211; \u00d6tlevel\u0171 ak\u00e9bia Akebia quinata &#8211; \u00d6tlevel\u0171 ak\u00e9bia egy gyorsan n\u00f6vekv\u0151, rendk\u00edv\u00fcl d\u00edszes k\u00fasz\u00f3n\u00f6v\u00e9ny, amely k\u00fcl\u00f6n\u00f6sen j\u00f3l alkalmazhat\u00f3 kertekben, pergol\u00e1kon, ker\u00edt\u00e9seken, illetve b\u00e1rmilyen t\u00e1mrendszer ment\u00e9n. A n\u00f6v\u00e9ny s\u00f6t\u00e9tz\u00f6ld levelei, illatos vir\u00e1gai \u00e9s ehet\u0151 gy\u00fcm\u00f6lcsei k\u00fcl\u00f6nlegess\u00e9 teszik. Ha megfelel\u0151 gondoz\u00e1st \u00e9s helyet biztos\u00edtunk sz\u00e1m\u00e1ra, gyorsan teret nyerhet, \u00e9s az \u00e9v minden szak\u00e1ban vonz\u00f3 d\u00edsze [&hellip;]<\/p>\n","protected":false},"featured_media":23049,"template":"","meta":{"_et_pb_use_builder":"","_et_pb_old_content":"","_et_gb_content_width":""},"product_brand":[],"product_cat":[3995],"product_tag":[5750,5748,5749],"class_list":{"0":"post-23047","1":"product","2":"type-product","3":"status-publish","4":"has-post-thumbnail","6":"product_cat-futonovenyek","7":"product_tag-akebia-quinata","8":"product_tag-kuszonoveny","9":"product_tag-otlevelu-akebia","11":"first","12":"outofstock","13":"shipping-taxable","14":"product-type-simple"},"yoast_head":"<!-- This site is optimized with the Yoast SEO plugin v27.5 - https:\/\/yoast.com\/product\/yoast-seo-wordpress\/ -->\n<title>Akebia quinata - \u00d6tlevel\u0171 ak\u00e9bia - T\u00e1jkert\u00e9sz<\/title>\n<meta name=\"description\" content=\"Akebia quinata - \u00d6tlevel\u0171 ak\u00e9bia egy gyorsan n\u00f6vekv\u0151, rendk\u00edv\u00fcl d\u00edszes k\u00fasz\u00f3n\u00f6v\u00e9ny, amely k\u00fcl\u00f6n\u00f6sen j\u00f3l alkalmazhat\u00f3 kertekben, pergol\u00e1kon, ker\u00edt\u00e9seken.\" \/>\n<meta name=\"robots\" content=\"index, follow, max-snippet:-1, max-image-preview:large, max-video-preview:-1\" \/>\n<link rel=\"canonical\" href=\"https:\/\/tajkertesz.com\/en_US\/product\/akebia-quinata-otlevelu-akebia\/\" \/>\n<meta property=\"og:locale\" content=\"en_US\" \/>\n<meta property=\"og:type\" content=\"article\" \/>\n<meta property=\"og:title\" content=\"Akebia quinata - \u00d6tlevel\u0171 ak\u00e9bia - T\u00e1jkert\u00e9sz\" \/>\n<meta property=\"og:description\" content=\"Akebia quinata - \u00d6tlevel\u0171 ak\u00e9bia egy gyorsan n\u00f6vekv\u0151, rendk\u00edv\u00fcl d\u00edszes k\u00fasz\u00f3n\u00f6v\u00e9ny, amely k\u00fcl\u00f6n\u00f6sen j\u00f3l alkalmazhat\u00f3 kertekben, pergol\u00e1kon, ker\u00edt\u00e9seken.\" \/>\n<meta property=\"og:url\" content=\"https:\/\/tajkertesz.com\/en_US\/product\/akebia-quinata-otlevelu-akebia\/\" \/>\n<meta property=\"og:site_name\" content=\"T\u00e1jkert\u00e9sz\" \/>\n<meta property=\"article:publisher\" content=\"https:\/\/www.facebook.com\/Tajkertesz\/\" \/>\n<meta property=\"article:modified_time\" content=\"2025-07-07T07:03:42+00:00\" \/>\n<meta property=\"og:image\" content=\"https:\/\/tajkertesz.com\/wp-content\/uploads\/2025\/04\/Akebia-quinata-1.jpg\" \/>\n\t<meta property=\"og:image:width\" content=\"1080\" \/>\n\t<meta property=\"og:image:height\" content=\"720\" \/>\n\t<meta property=\"og:image:type\" content=\"image\/jpeg\" \/>\n<meta name=\"twitter:card\" content=\"summary_large_image\" \/>\n<meta name=\"twitter:label1\" content=\"Est. reading time\" \/>\n\t<meta name=\"twitter:data1\" content=\"2 minutes\" \/>\n<script type=\"application\/ld+json\" class=\"yoast-schema-graph\">{\"@context\":\"https:\\\/\\\/schema.org\",\"@graph\":[{\"@type\":\"WebPage\",\"@id\":\"https:\\\/\\\/tajkertesz.com\\\/termek\\\/akebia-quinata-otlevelu-akebia\\\/\",\"url\":\"https:\\\/\\\/tajkertesz.com\\\/termek\\\/akebia-quinata-otlevelu-akebia\\\/\",\"name\":\"Akebia quinata - \u00d6tlevel\u0171 ak\u00e9bia - T\u00e1jkert\u00e9sz\",\"isPartOf\":{\"@id\":\"https:\\\/\\\/tajkertesz.com\\\/#website\"},\"primaryImageOfPage\":{\"@id\":\"https:\\\/\\\/tajkertesz.com\\\/termek\\\/akebia-quinata-otlevelu-akebia\\\/#primaryimage\"},\"image\":{\"@id\":\"https:\\\/\\\/tajkertesz.com\\\/termek\\\/akebia-quinata-otlevelu-akebia\\\/#primaryimage\"},\"thumbnailUrl\":\"https:\\\/\\\/tajkertesz.com\\\/wp-content\\\/uploads\\\/2025\\\/04\\\/Akebia-quinata-1.jpg\",\"datePublished\":\"2025-04-02T12:03:00+00:00\",\"dateModified\":\"2025-07-07T07:03:42+00:00\",\"description\":\"Akebia quinata - \u00d6tlevel\u0171 ak\u00e9bia egy gyorsan n\u00f6vekv\u0151, rendk\u00edv\u00fcl d\u00edszes k\u00fasz\u00f3n\u00f6v\u00e9ny, amely k\u00fcl\u00f6n\u00f6sen j\u00f3l alkalmazhat\u00f3 kertekben, pergol\u00e1kon, ker\u00edt\u00e9seken.\",\"breadcrumb\":{\"@id\":\"https:\\\/\\\/tajkertesz.com\\\/termek\\\/akebia-quinata-otlevelu-akebia\\\/#breadcrumb\"},\"inLanguage\":\"en-US\",\"potentialAction\":[{\"@type\":\"ReadAction\",\"target\":[\"https:\\\/\\\/tajkertesz.com\\\/termek\\\/akebia-quinata-otlevelu-akebia\\\/\"]}]},{\"@type\":\"ImageObject\",\"inLanguage\":\"en-US\",\"@id\":\"https:\\\/\\\/tajkertesz.com\\\/termek\\\/akebia-quinata-otlevelu-akebia\\\/#primaryimage\",\"url\":\"https:\\\/\\\/tajkertesz.com\\\/wp-content\\\/uploads\\\/2025\\\/04\\\/Akebia-quinata-1.jpg\",\"contentUrl\":\"https:\\\/\\\/tajkertesz.com\\\/wp-content\\\/uploads\\\/2025\\\/04\\\/Akebia-quinata-1.jpg\",\"width\":1080,\"height\":720,\"caption\":\"Akebia quinata - \u00d6tlevel\u0171 ak\u00e9bia\"},{\"@type\":\"BreadcrumbList\",\"@id\":\"https:\\\/\\\/tajkertesz.com\\\/termek\\\/akebia-quinata-otlevelu-akebia\\\/#breadcrumb\",\"itemListElement\":[{\"@type\":\"ListItem\",\"position\":1,\"name\":\"Home\",\"item\":\"https:\\\/\\\/tajkertesz.com\\\/\"},{\"@type\":\"ListItem\",\"position\":2,\"name\":\"Kezd\u0151lap\",\"item\":\"https:\\\/\\\/tajkertesz.com\\\/\"},{\"@type\":\"ListItem\",\"position\":3,\"name\":\"Akebia quinata &#8211; \u00d6tlevel\u0171 ak\u00e9bia\"}]},{\"@type\":\"WebSite\",\"@id\":\"https:\\\/\\\/tajkertesz.com\\\/#website\",\"url\":\"https:\\\/\\\/tajkertesz.com\\\/\",\"name\":\"T\u00e1j-Kert\u00e9sz 84 Kft.\",\"description\":\"Kert\u00e9szeti kis- \u00e9s nagykeresked\u00e9s, D\u00edszn\u00f6v\u00e9ny web\u00e1ruh\u00e1z orsz\u00e1gos h\u00e1zhozsz\u00e1ll\u00edt\u00e1ssal!\",\"publisher\":{\"@id\":\"https:\\\/\\\/tajkertesz.com\\\/#organization\"},\"potentialAction\":[{\"@type\":\"SearchAction\",\"target\":{\"@type\":\"EntryPoint\",\"urlTemplate\":\"https:\\\/\\\/tajkertesz.com\\\/?s={search_term_string}\"},\"query-input\":{\"@type\":\"PropertyValueSpecification\",\"valueRequired\":true,\"valueName\":\"search_term_string\"}}],\"inLanguage\":\"en-US\"},{\"@type\":\"Organization\",\"@id\":\"https:\\\/\\\/tajkertesz.com\\\/#organization\",\"name\":\"T\u00e1j-Kert\u00e9sz 84 Kft.\",\"url\":\"https:\\\/\\\/tajkertesz.com\\\/\",\"logo\":{\"@type\":\"ImageObject\",\"inLanguage\":\"en-US\",\"@id\":\"https:\\\/\\\/tajkertesz.com\\\/#\\\/schema\\\/logo\\\/image\\\/\",\"url\":\"https:\\\/\\\/tajkertesz.com\\\/wp-content\\\/uploads\\\/2018\\\/02\\\/logo-2-e1518678052539.png\",\"contentUrl\":\"https:\\\/\\\/tajkertesz.com\\\/wp-content\\\/uploads\\\/2018\\\/02\\\/logo-2-e1518678052539.png\",\"width\":81,\"height\":140,\"caption\":\"T\u00e1j-Kert\u00e9sz 84 Kft.\"},\"image\":{\"@id\":\"https:\\\/\\\/tajkertesz.com\\\/#\\\/schema\\\/logo\\\/image\\\/\"},\"sameAs\":[\"https:\\\/\\\/www.facebook.com\\\/Tajkertesz\\\/\"]}]}<\/script>\n<!-- \/ Yoast SEO plugin. -->","yoast_head_json":{"title":"Akebia quinata - \u00d6tlevel\u0171 ak\u00e9bia - T\u00e1jkert\u00e9sz","description":"Akebia quinata - \u00d6tlevel\u0171 ak\u00e9bia egy gyorsan n\u00f6vekv\u0151, rendk\u00edv\u00fcl d\u00edszes k\u00fasz\u00f3n\u00f6v\u00e9ny, amely k\u00fcl\u00f6n\u00f6sen j\u00f3l alkalmazhat\u00f3 kertekben, pergol\u00e1kon, ker\u00edt\u00e9seken.","robots":{"index":"index","follow":"follow","max-snippet":"max-snippet:-1","max-image-preview":"max-image-preview:large","max-video-preview":"max-video-preview:-1"},"canonical":"https:\/\/tajkertesz.com\/en_US\/product\/akebia-quinata-otlevelu-akebia\/","og_locale":"en_US","og_type":"article","og_title":"Akebia quinata - \u00d6tlevel\u0171 ak\u00e9bia - T\u00e1jkert\u00e9sz","og_description":"Akebia quinata - \u00d6tlevel\u0171 ak\u00e9bia egy gyorsan n\u00f6vekv\u0151, rendk\u00edv\u00fcl d\u00edszes k\u00fasz\u00f3n\u00f6v\u00e9ny, amely k\u00fcl\u00f6n\u00f6sen j\u00f3l alkalmazhat\u00f3 kertekben, pergol\u00e1kon, ker\u00edt\u00e9seken.","og_url":"https:\/\/tajkertesz.com\/en_US\/product\/akebia-quinata-otlevelu-akebia\/","og_site_name":"T\u00e1jkert\u00e9sz","article_publisher":"https:\/\/www.facebook.com\/Tajkertesz\/","article_modified_time":"2025-07-07T07:03:42+00:00","og_image":[{"width":1080,"height":720,"url":"https:\/\/tajkertesz.com\/wp-content\/uploads\/2025\/04\/Akebia-quinata-1.jpg","type":"image\/jpeg"}],"twitter_card":"summary_large_image","twitter_misc":{"Est. reading time":"2 minutes"},"schema":{"@context":"https:\/\/schema.org","@graph":[{"@type":"WebPage","@id":"https:\/\/tajkertesz.com\/termek\/akebia-quinata-otlevelu-akebia\/","url":"https:\/\/tajkertesz.com\/termek\/akebia-quinata-otlevelu-akebia\/","name":"Akebia quinata - \u00d6tlevel\u0171 ak\u00e9bia - T\u00e1jkert\u00e9sz","isPartOf":{"@id":"https:\/\/tajkertesz.com\/#website"},"primaryImageOfPage":{"@id":"https:\/\/tajkertesz.com\/termek\/akebia-quinata-otlevelu-akebia\/#primaryimage"},"image":{"@id":"https:\/\/tajkertesz.com\/termek\/akebia-quinata-otlevelu-akebia\/#primaryimage"},"thumbnailUrl":"https:\/\/tajkertesz.com\/wp-content\/uploads\/2025\/04\/Akebia-quinata-1.jpg","datePublished":"2025-04-02T12:03:00+00:00","dateModified":"2025-07-07T07:03:42+00:00","description":"Akebia quinata - \u00d6tlevel\u0171 ak\u00e9bia egy gyorsan n\u00f6vekv\u0151, rendk\u00edv\u00fcl d\u00edszes k\u00fasz\u00f3n\u00f6v\u00e9ny, amely k\u00fcl\u00f6n\u00f6sen j\u00f3l alkalmazhat\u00f3 kertekben, pergol\u00e1kon, ker\u00edt\u00e9seken.","breadcrumb":{"@id":"https:\/\/tajkertesz.com\/termek\/akebia-quinata-otlevelu-akebia\/#breadcrumb"},"inLanguage":"en-US","potentialAction":[{"@type":"ReadAction","target":["https:\/\/tajkertesz.com\/termek\/akebia-quinata-otlevelu-akebia\/"]}]},{"@type":"ImageObject","inLanguage":"en-US","@id":"https:\/\/tajkertesz.com\/termek\/akebia-quinata-otlevelu-akebia\/#primaryimage","url":"https:\/\/tajkertesz.com\/wp-content\/uploads\/2025\/04\/Akebia-quinata-1.jpg","contentUrl":"https:\/\/tajkertesz.com\/wp-content\/uploads\/2025\/04\/Akebia-quinata-1.jpg","width":1080,"height":720,"caption":"Akebia quinata - \u00d6tlevel\u0171 ak\u00e9bia"},{"@type":"BreadcrumbList","@id":"https:\/\/tajkertesz.com\/termek\/akebia-quinata-otlevelu-akebia\/#breadcrumb","itemListElement":[{"@type":"ListItem","position":1,"name":"Home","item":"https:\/\/tajkertesz.com\/"},{"@type":"ListItem","position":2,"name":"Kezd\u0151lap","item":"https:\/\/tajkertesz.com\/"},{"@type":"ListItem","position":3,"name":"Akebia quinata &#8211; \u00d6tlevel\u0171 ak\u00e9bia"}]},{"@type":"WebSite","@id":"https:\/\/tajkertesz.com\/#website","url":"https:\/\/tajkertesz.com\/","name":"T\u00e1j-Kert\u00e9sz 84 Kft.","description":"Kert\u00e9szeti kis- \u00e9s nagykeresked\u00e9s, D\u00edszn\u00f6v\u00e9ny web\u00e1ruh\u00e1z orsz\u00e1gos h\u00e1zhozsz\u00e1ll\u00edt\u00e1ssal!","publisher":{"@id":"https:\/\/tajkertesz.com\/#organization"},"potentialAction":[{"@type":"SearchAction","target":{"@type":"EntryPoint","urlTemplate":"https:\/\/tajkertesz.com\/?s={search_term_string}"},"query-input":{"@type":"PropertyValueSpecification","valueRequired":true,"valueName":"search_term_string"}}],"inLanguage":"en-US"},{"@type":"Organization","@id":"https:\/\/tajkertesz.com\/#organization","name":"T\u00e1j-Kert\u00e9sz 84 Kft.","url":"https:\/\/tajkertesz.com\/","logo":{"@type":"ImageObject","inLanguage":"en-US","@id":"https:\/\/tajkertesz.com\/#\/schema\/logo\/image\/","url":"https:\/\/tajkertesz.com\/wp-content\/uploads\/2018\/02\/logo-2-e1518678052539.png","contentUrl":"https:\/\/tajkertesz.com\/wp-content\/uploads\/2018\/02\/logo-2-e1518678052539.png","width":81,"height":140,"caption":"T\u00e1j-Kert\u00e9sz 84 Kft."},"image":{"@id":"https:\/\/tajkertesz.com\/#\/schema\/logo\/image\/"},"sameAs":["https:\/\/www.facebook.com\/Tajkertesz\/"]}]}},"_links":{"self":[{"href":"https:\/\/tajkertesz.com\/en_US\/wp-json\/wp\/v2\/product\/23047","targetHints":{"allow":["GET"]}}],"collection":[{"href":"https:\/\/tajkertesz.com\/en_US\/wp-json\/wp\/v2\/product"}],"about":[{"href":"https:\/\/tajkertesz.com\/en_US\/wp-json\/wp\/v2\/types\/product"}],"wp:featuredmedia":[{"embeddable":true,"href":"https:\/\/tajkertesz.com\/en_US\/wp-json\/wp\/v2\/media\/23049"}],"wp:attachment":[{"href":"https:\/\/tajkertesz.com\/en_US\/wp-json\/wp\/v2\/media?parent=23047"}],"wp:term":[{"taxonomy":"product_brand","embeddable":true,"href":"https:\/\/tajkertesz.com\/en_US\/wp-json\/wp\/v2\/product_brand?post=23047"},{"taxonomy":"product_cat","embeddable":true,"href":"https:\/\/tajkertesz.com\/en_US\/wp-json\/wp\/v2\/product_cat?post=23047"},{"taxonomy":"product_tag","embeddable":true,"href":"https:\/\/tajkertesz.com\/en_US\/wp-json\/wp\/v2\/product_tag?post=23047"}],"curies":[{"name":"wp","href":"https:\/\/api.w.org\/{rel}","templated":true}]}}