{"id":23062,"date":"2025-05-20T13:20:27","date_gmt":"2025-05-20T13:20:27","guid":{"rendered":"https:\/\/tajkertesz.com\/?post_type=product&#038;p=23062"},"modified":"2026-02-21T07:57:50","modified_gmt":"2026-02-21T07:57:50","slug":"a-clematis-nelly-moser-kerti-iszalag","status":"publish","type":"product","link":"https:\/\/tajkertesz.com\/en_US\/product\/a-clematis-nelly-moser-kerti-iszalag\/","title":{"rendered":"Clematis &#8216;Nelly Moser&#8217; &#8211; Kerti iszalag"},"content":{"rendered":"<h1>Clematis &#8216;Nelly Moser&#8217; &#8211; Kerti iszalag<\/h1>\n<p>A Clematis &#8216;Nelly Moser&#8217; &#8211; Kerti iszalag egy klasszikus \u00e9s rendk\u00edv\u00fcl n\u00e9pszer\u0171 kerti iszalag, amely a nagy vir\u00e1g\u00fa klem\u00e1tiszok k\u00f6z\u00e9 tartozik. Jellegzetes vir\u00e1gai \u00e9s eleg\u00e1ns megjelen\u00e9se miatt gyakran v\u00e1lasztj\u00e1k kertek, pergol\u00e1k \u00e9s t\u00e1mrendszerek d\u00edsz\u00edt\u00e9s\u00e9re.<\/p>\n<h2>Clematis &#8216;Nelly Moser&#8217; jellemz\u0151i:<\/h2>\n<p><em data-start=\"324\" data-end=\"334\">A<\/em> &#8216;Nelly Moser&#8217; vir\u00e1gai k\u00fcl\u00f6nlegesek, sz\u00e9p pasztell r\u00f3zsasz\u00edn \u00e1rnyalat\u00faak, feh\u00e9r cs\u00edkkal a szirmok k\u00f6zep\u00e9n, amely gyeng\u00e9den kiemeli \u0151ket. A vir\u00e1gok m\u00e9rete 12-15 cm, \u00e9s \u00f6t, enyh\u00e9n visszahajl\u00f3 szirmot viselnek. A vir\u00e1gok k\u00f6zep\u00e9n l\u00e1gy s\u00e1rga porz\u00f3k tal\u00e1lhat\u00f3k, amelyek sz\u00e9pen kiemelik a vir\u00e1gok sz\u00edn\u00e9t. A vir\u00e1gz\u00e1s b\u0151s\u00e9ges, \u00e9s a n\u00f6v\u00e9ny eg\u00e9sz ny\u00e1ron vir\u00e1gzik, gyakran t\u00f6bb h\u00e9ten kereszt\u00fcl.<\/p>\n<h3>A kerti iszalag gondoz\u00e1sa<\/h3>\n<p>Napos helyeket r\u00e9szes\u00edti el\u0151nyben, de f\u00e9l\u00e1rny\u00e9kos k\u00f6rnyezetben is k\u00e9pes j\u00f3l fejl\u0151dni. A gy\u00f6kereknek viszont h\u0171v\u00f6sebb, \u00e1rny\u00e9kosabb k\u00f6rnyezetet \u00e9rdemes biztos\u00edtani. Ez\u00e9rt ide\u00e1lis, ha a n\u00f6v\u00e9ny t\u00f6v\u00e9re, a gy\u00f6kerek v\u00e9delme \u00e9rdek\u00e9ben mulcsot rakunk.<\/p>\n<ul>\n<li class=\"\" data-start=\"1540\" data-end=\"1707\">\n<p class=\"\" data-start=\"1542\" data-end=\"1707\">a j\u00f3 v\u00edzelvezet\u00e9s\u0171, enyh\u00e9n savas vagy semleges pH-j\u00fa talajt kedveli. A talajnak nem szabad t\u00fal savany\u00fanak vagy t\u00fal meszesnek lennie.<\/p>\n<\/li>\n<li class=\"\" data-start=\"1708\" data-end=\"1856\">\n<p class=\"\" data-start=\"1710\" data-end=\"1856\">Rendszeres \u00f6nt\u00f6z\u00e9st ig\u00e9nyel, k\u00fcl\u00f6n\u00f6sen a ny\u00e1ri melegben.<\/p>\n<p>&nbsp;<\/p>\n<p>&nbsp;<\/p>\n<p><b>K\u00e9szlet\u00fcnk napi szinten v\u00e1ltozik, ez\u00e9rt k\u00e9rj\u00fck, \u00e9rdekl\u0151dj\u00f6n szem\u00e9lyesen, telefonon vagy email-en.<br \/>\nA v\u00e1ltoztat\u00e1s jog\u00e1t fenntartjuk!<\/b><b>\u00a0 <\/b><\/p>\n<p><a href=\"https:\/\/tajkertesz.com\/\">https:\/\/tajkertesz.com\/<\/a><\/p>\n<p><a href=\"https:\/\/www.facebook.com\/tajkertesz\/\">https:\/\/www.facebook.com\/tajkertesz\/ <\/a><\/p>\n<p>Kisz\u00e1ll\u00edt\u00e1s: 200cm-ig \u00e9s 40 kg-ig a sz\u00e1ll\u00edt\u00e1s fut\u00e1rszolg\u00e1lattal t\u00f6rt\u00e9nik.<\/p>\n<p>Szem\u00e9lyes \u00e1tv\u00e9tel nyitvatart\u00e1si id\u0151ben a 17. ker\u00fclet Bakancsos utca 7. sz\u00e1m alatti Kert\u00e9szeti \u00e1rud\u00e1nkban.<\/p>\n<p>Kert\u00e9p\u00edt\u0151k \u00e9s viszontelad\u00f3k regisztr\u00e1l\u00e1s ut\u00e1n egyedi kedvezm\u00e9nnyel v\u00e1s\u00e1rolhatnak kert\u00e9szeti kis-\u00e9s nagykeresked\u00e9s\u00fcnkben.<\/p>\n<p><strong>Az \u00e1rak egy darab term\u00e9kre vonatkoznak.<\/strong><\/p>\n<p><strong>J\u00f3 tudni!<\/strong><\/p>\n<p>K\u00e9pek-elt\u00e9r\u00e9sek:<\/p>\n<p>A n\u00f6v\u00e9nyekr\u0151l felt\u00f6lt\u00f6tt k\u00e9pek illusztr\u00e1ci\u00f3k. N\u00f6v\u00e9nyekn\u00e9l el\u0151fordulhatnak minim\u00e1lis elt\u00e9r\u00e9sek a k\u00e9peken szerepl\u0151 n\u00f6v\u00e9nyek \u00e9s az \u00e1tvett n\u00f6v\u00e9nyek k\u00f6z\u00f6tt, mivel minden n\u00f6v\u00e9ny egyedi.<\/p>\n<h4>N\u00f6v\u00e9nyek sz\u00e1ll\u00edt\u00e1sa:<\/h4>\n<p>A megrendelt n\u00f6v\u00e9nyeket igyeksz\u00fcnk a lehet\u0151 legbiztons\u00e1gosabban egyes\u00e9vel csomagolni, azonban a sz\u00e1ll\u00edt\u00e1s sor\u00e1n m\u00e9g ennek ellen\u00e9re is\u00a0bek\u00f6vetkezhetnek apr\u00f3bb s\u00e9r\u00fcl\u00e9sek (lev\u00e9l- vagy vir\u00e1ghull\u00e1s).<br \/>\nN\u00f6v\u00e9ny rendel\u00e9s eset\u00e9n k\u00e9rj\u00fck a k\u00e9zbes\u00edt\u00e9st k\u00f6vet\u0151en a lehet\u0151 leghamarabb bonts\u00e1k ki a csomagot.<\/p>\n<p>Abban az esetben, ha a megrendelt n\u00f6v\u00e9ny\u00a0a sz\u00e1ll\u00edt\u00e1st k\u00f6vet\u0151en\u00a0nem megfelel\u0151 gondoz\u00e1sban r\u00e9szes\u00fcl \u00e9s ebb\u0151l kifoly\u00f3lag\u00a0k\u00e1rosodik,\u00a0elpusztul, felel\u0151ss\u00e9get sajnos nem tudunk v\u00e1llalni.<\/p>\n<p>V\u00e1s\u00e1rl\u00e1st\u00f3l val\u00f3 el\u00e1ll\u00e1s \u00e9l\u0151 n\u00f6v\u00e9ny v\u00e1s\u00e1rl\u00e1sa eset\u00e9n:<\/p>\n<p>Az \u00e1ltal\u00e1nos 14 napos el\u00e1ll\u00e1s lehet\u0151s\u00e9ge \u00e9l\u0151 n\u00f6v\u00e9nyekre nem vonatkozik. V\u00e1s\u00e1rl\u00e1st\u00f3l val\u00f3 el\u00e1ll\u00e1sra, visszak\u00fcld\u00e9sre nincs lehet\u0151s\u00e9g.\u00a0(17\/1999. (II. 5.) Korm. rendelet 5c pontja)<\/p>\n<p><strong>K\u00e9rj\u00fck fentiek figyelembev\u00e9tel\u00e9t n\u00f6v\u00e9ny rendel\u00e9se sor\u00e1n!<\/strong><\/p>\n<p>&nbsp;<\/li>\n<\/ul>\n<p>&nbsp;<\/p>\n<p>&nbsp;<\/p>","protected":false},"excerpt":{"rendered":"<p>Clematis &#8216;Nelly Moser&#8217; &#8211; Kerti iszalag A Clematis &#8216;Nelly Moser&#8217; &#8211; Kerti iszalag egy klasszikus \u00e9s rendk\u00edv\u00fcl n\u00e9pszer\u0171 kerti iszalag, amely a nagy vir\u00e1g\u00fa klem\u00e1tiszok k\u00f6z\u00e9 tartozik. Jellegzetes vir\u00e1gai \u00e9s eleg\u00e1ns megjelen\u00e9se miatt gyakran v\u00e1lasztj\u00e1k kertek, pergol\u00e1k \u00e9s t\u00e1mrendszerek d\u00edsz\u00edt\u00e9s\u00e9re. Clematis &#8216;Nelly Moser&#8217; jellemz\u0151i: A &#8216;Nelly Moser&#8217; vir\u00e1gai k\u00fcl\u00f6nlegesek, sz\u00e9p pasztell r\u00f3zsasz\u00edn \u00e1rnyalat\u00faak, feh\u00e9r cs\u00edkkal [&hellip;]<\/p>\n","protected":false},"featured_media":23058,"template":"","meta":{"_et_pb_use_builder":"","_et_pb_old_content":"","_et_gb_content_width":""},"product_brand":[],"product_cat":[3995],"product_tag":[5755,5760,5751,5753],"class_list":{"0":"post-23062","1":"product","2":"type-product","3":"status-publish","4":"has-post-thumbnail","6":"product_cat-futonovenyek","7":"product_tag-clematis","8":"product_tag-clematis-nelly-moser-kerti-iszalag","9":"product_tag-kerti-iszalag","10":"product_tag-klematisz","12":"first","13":"outofstock","14":"shipping-taxable","15":"product-type-simple"},"yoast_head":"<!-- This site is optimized with the Yoast SEO plugin v27.3 - https:\/\/yoast.com\/product\/yoast-seo-wordpress\/ -->\n<title>Clematis &#039;Nelly Moser&#039; - Kerti iszalag - T\u00e1jkert\u00e9sz<\/title>\n<meta name=\"description\" content=\"A Clematis &#039;Nelly Moser&#039; - Kerti iszalag egy klasszikus \u00e9s rendk\u00edv\u00fcl n\u00e9pszer\u0171 kerti iszalag, amely a nagy vir\u00e1g\u00fa klem\u00e1tiszok k\u00f6z\u00e9 tartozik.\" \/>\n<meta name=\"robots\" content=\"index, follow, max-snippet:-1, max-image-preview:large, max-video-preview:-1\" \/>\n<link rel=\"canonical\" href=\"https:\/\/tajkertesz.com\/en_US\/product\/a-clematis-nelly-moser-kerti-iszalag\/\" \/>\n<meta property=\"og:locale\" content=\"en_US\" \/>\n<meta property=\"og:type\" content=\"article\" \/>\n<meta property=\"og:title\" content=\"Clematis &#039;Nelly Moser&#039; - Kerti iszalag - T\u00e1jkert\u00e9sz\" \/>\n<meta property=\"og:description\" content=\"A Clematis &#039;Nelly Moser&#039; - Kerti iszalag egy klasszikus \u00e9s rendk\u00edv\u00fcl n\u00e9pszer\u0171 kerti iszalag, amely a nagy vir\u00e1g\u00fa klem\u00e1tiszok k\u00f6z\u00e9 tartozik.\" \/>\n<meta property=\"og:url\" content=\"https:\/\/tajkertesz.com\/en_US\/product\/a-clematis-nelly-moser-kerti-iszalag\/\" \/>\n<meta property=\"og:site_name\" content=\"T\u00e1jkert\u00e9sz\" \/>\n<meta property=\"article:publisher\" content=\"https:\/\/www.facebook.com\/Tajkertesz\/\" \/>\n<meta property=\"article:modified_time\" content=\"2026-02-21T07:57:50+00:00\" \/>\n<meta property=\"og:image\" content=\"https:\/\/tajkertesz.com\/wp-content\/uploads\/2025\/04\/20250402_083709-scaled.jpg\" \/>\n\t<meta property=\"og:image:width\" content=\"1441\" \/>\n\t<meta property=\"og:image:height\" content=\"2560\" \/>\n\t<meta property=\"og:image:type\" content=\"image\/jpeg\" \/>\n<meta name=\"twitter:card\" content=\"summary_large_image\" \/>\n<meta name=\"twitter:label1\" content=\"Est. reading time\" \/>\n\t<meta name=\"twitter:data1\" content=\"3 minutes\" \/>\n<script type=\"application\/ld+json\" class=\"yoast-schema-graph\">{\"@context\":\"https:\\\/\\\/schema.org\",\"@graph\":[{\"@type\":\"WebPage\",\"@id\":\"https:\\\/\\\/tajkertesz.com\\\/termek\\\/a-clematis-nelly-moser-kerti-iszalag\\\/\",\"url\":\"https:\\\/\\\/tajkertesz.com\\\/termek\\\/a-clematis-nelly-moser-kerti-iszalag\\\/\",\"name\":\"Clematis 'Nelly Moser' - Kerti iszalag - T\u00e1jkert\u00e9sz\",\"isPartOf\":{\"@id\":\"https:\\\/\\\/tajkertesz.com\\\/#website\"},\"primaryImageOfPage\":{\"@id\":\"https:\\\/\\\/tajkertesz.com\\\/termek\\\/a-clematis-nelly-moser-kerti-iszalag\\\/#primaryimage\"},\"image\":{\"@id\":\"https:\\\/\\\/tajkertesz.com\\\/termek\\\/a-clematis-nelly-moser-kerti-iszalag\\\/#primaryimage\"},\"thumbnailUrl\":\"https:\\\/\\\/tajkertesz.com\\\/wp-content\\\/uploads\\\/2025\\\/04\\\/20250402_083709-scaled.jpg\",\"datePublished\":\"2025-05-20T13:20:27+00:00\",\"dateModified\":\"2026-02-21T07:57:50+00:00\",\"description\":\"A Clematis 'Nelly Moser' - Kerti iszalag egy klasszikus \u00e9s rendk\u00edv\u00fcl n\u00e9pszer\u0171 kerti iszalag, amely a nagy vir\u00e1g\u00fa klem\u00e1tiszok k\u00f6z\u00e9 tartozik.\",\"breadcrumb\":{\"@id\":\"https:\\\/\\\/tajkertesz.com\\\/termek\\\/a-clematis-nelly-moser-kerti-iszalag\\\/#breadcrumb\"},\"inLanguage\":\"en-US\",\"potentialAction\":[{\"@type\":\"ReadAction\",\"target\":[\"https:\\\/\\\/tajkertesz.com\\\/termek\\\/a-clematis-nelly-moser-kerti-iszalag\\\/\"]}]},{\"@type\":\"ImageObject\",\"inLanguage\":\"en-US\",\"@id\":\"https:\\\/\\\/tajkertesz.com\\\/termek\\\/a-clematis-nelly-moser-kerti-iszalag\\\/#primaryimage\",\"url\":\"https:\\\/\\\/tajkertesz.com\\\/wp-content\\\/uploads\\\/2025\\\/04\\\/20250402_083709-scaled.jpg\",\"contentUrl\":\"https:\\\/\\\/tajkertesz.com\\\/wp-content\\\/uploads\\\/2025\\\/04\\\/20250402_083709-scaled.jpg\",\"width\":1441,\"height\":2560,\"caption\":\"Clematis 'Nelly Moser' - Kerti iszalag\"},{\"@type\":\"BreadcrumbList\",\"@id\":\"https:\\\/\\\/tajkertesz.com\\\/termek\\\/a-clematis-nelly-moser-kerti-iszalag\\\/#breadcrumb\",\"itemListElement\":[{\"@type\":\"ListItem\",\"position\":1,\"name\":\"Home\",\"item\":\"https:\\\/\\\/tajkertesz.com\\\/\"},{\"@type\":\"ListItem\",\"position\":2,\"name\":\"Kezd\u0151lap\",\"item\":\"https:\\\/\\\/tajkertesz.com\\\/\"},{\"@type\":\"ListItem\",\"position\":3,\"name\":\"Clematis &#8216;Nelly Moser&#8217; &#8211; Kerti iszalag\"}]},{\"@type\":\"WebSite\",\"@id\":\"https:\\\/\\\/tajkertesz.com\\\/#website\",\"url\":\"https:\\\/\\\/tajkertesz.com\\\/\",\"name\":\"T\u00e1j-Kert\u00e9sz 84 Kft.\",\"description\":\"Kert\u00e9szeti kis- \u00e9s nagykeresked\u00e9s, D\u00edszn\u00f6v\u00e9ny web\u00e1ruh\u00e1z orsz\u00e1gos h\u00e1zhozsz\u00e1ll\u00edt\u00e1ssal!\",\"publisher\":{\"@id\":\"https:\\\/\\\/tajkertesz.com\\\/#organization\"},\"potentialAction\":[{\"@type\":\"SearchAction\",\"target\":{\"@type\":\"EntryPoint\",\"urlTemplate\":\"https:\\\/\\\/tajkertesz.com\\\/?s={search_term_string}\"},\"query-input\":{\"@type\":\"PropertyValueSpecification\",\"valueRequired\":true,\"valueName\":\"search_term_string\"}}],\"inLanguage\":\"en-US\"},{\"@type\":\"Organization\",\"@id\":\"https:\\\/\\\/tajkertesz.com\\\/#organization\",\"name\":\"T\u00e1j-Kert\u00e9sz 84 Kft.\",\"url\":\"https:\\\/\\\/tajkertesz.com\\\/\",\"logo\":{\"@type\":\"ImageObject\",\"inLanguage\":\"en-US\",\"@id\":\"https:\\\/\\\/tajkertesz.com\\\/#\\\/schema\\\/logo\\\/image\\\/\",\"url\":\"https:\\\/\\\/tajkertesz.com\\\/wp-content\\\/uploads\\\/2018\\\/02\\\/logo-2-e1518678052539.png\",\"contentUrl\":\"https:\\\/\\\/tajkertesz.com\\\/wp-content\\\/uploads\\\/2018\\\/02\\\/logo-2-e1518678052539.png\",\"width\":81,\"height\":140,\"caption\":\"T\u00e1j-Kert\u00e9sz 84 Kft.\"},\"image\":{\"@id\":\"https:\\\/\\\/tajkertesz.com\\\/#\\\/schema\\\/logo\\\/image\\\/\"},\"sameAs\":[\"https:\\\/\\\/www.facebook.com\\\/Tajkertesz\\\/\"]}]}<\/script>\n<!-- \/ Yoast SEO plugin. -->","yoast_head_json":{"title":"Clematis 'Nelly Moser' - Kerti iszalag - T\u00e1jkert\u00e9sz","description":"A Clematis 'Nelly Moser' - Kerti iszalag egy klasszikus \u00e9s rendk\u00edv\u00fcl n\u00e9pszer\u0171 kerti iszalag, amely a nagy vir\u00e1g\u00fa klem\u00e1tiszok k\u00f6z\u00e9 tartozik.","robots":{"index":"index","follow":"follow","max-snippet":"max-snippet:-1","max-image-preview":"max-image-preview:large","max-video-preview":"max-video-preview:-1"},"canonical":"https:\/\/tajkertesz.com\/en_US\/product\/a-clematis-nelly-moser-kerti-iszalag\/","og_locale":"en_US","og_type":"article","og_title":"Clematis 'Nelly Moser' - Kerti iszalag - T\u00e1jkert\u00e9sz","og_description":"A Clematis 'Nelly Moser' - Kerti iszalag egy klasszikus \u00e9s rendk\u00edv\u00fcl n\u00e9pszer\u0171 kerti iszalag, amely a nagy vir\u00e1g\u00fa klem\u00e1tiszok k\u00f6z\u00e9 tartozik.","og_url":"https:\/\/tajkertesz.com\/en_US\/product\/a-clematis-nelly-moser-kerti-iszalag\/","og_site_name":"T\u00e1jkert\u00e9sz","article_publisher":"https:\/\/www.facebook.com\/Tajkertesz\/","article_modified_time":"2026-02-21T07:57:50+00:00","og_image":[{"width":1441,"height":2560,"url":"https:\/\/tajkertesz.com\/wp-content\/uploads\/2025\/04\/20250402_083709-scaled.jpg","type":"image\/jpeg"}],"twitter_card":"summary_large_image","twitter_misc":{"Est. reading time":"3 minutes"},"schema":{"@context":"https:\/\/schema.org","@graph":[{"@type":"WebPage","@id":"https:\/\/tajkertesz.com\/termek\/a-clematis-nelly-moser-kerti-iszalag\/","url":"https:\/\/tajkertesz.com\/termek\/a-clematis-nelly-moser-kerti-iszalag\/","name":"Clematis 'Nelly Moser' - Kerti iszalag - T\u00e1jkert\u00e9sz","isPartOf":{"@id":"https:\/\/tajkertesz.com\/#website"},"primaryImageOfPage":{"@id":"https:\/\/tajkertesz.com\/termek\/a-clematis-nelly-moser-kerti-iszalag\/#primaryimage"},"image":{"@id":"https:\/\/tajkertesz.com\/termek\/a-clematis-nelly-moser-kerti-iszalag\/#primaryimage"},"thumbnailUrl":"https:\/\/tajkertesz.com\/wp-content\/uploads\/2025\/04\/20250402_083709-scaled.jpg","datePublished":"2025-05-20T13:20:27+00:00","dateModified":"2026-02-21T07:57:50+00:00","description":"A Clematis 'Nelly Moser' - Kerti iszalag egy klasszikus \u00e9s rendk\u00edv\u00fcl n\u00e9pszer\u0171 kerti iszalag, amely a nagy vir\u00e1g\u00fa klem\u00e1tiszok k\u00f6z\u00e9 tartozik.","breadcrumb":{"@id":"https:\/\/tajkertesz.com\/termek\/a-clematis-nelly-moser-kerti-iszalag\/#breadcrumb"},"inLanguage":"en-US","potentialAction":[{"@type":"ReadAction","target":["https:\/\/tajkertesz.com\/termek\/a-clematis-nelly-moser-kerti-iszalag\/"]}]},{"@type":"ImageObject","inLanguage":"en-US","@id":"https:\/\/tajkertesz.com\/termek\/a-clematis-nelly-moser-kerti-iszalag\/#primaryimage","url":"https:\/\/tajkertesz.com\/wp-content\/uploads\/2025\/04\/20250402_083709-scaled.jpg","contentUrl":"https:\/\/tajkertesz.com\/wp-content\/uploads\/2025\/04\/20250402_083709-scaled.jpg","width":1441,"height":2560,"caption":"Clematis 'Nelly Moser' - Kerti iszalag"},{"@type":"BreadcrumbList","@id":"https:\/\/tajkertesz.com\/termek\/a-clematis-nelly-moser-kerti-iszalag\/#breadcrumb","itemListElement":[{"@type":"ListItem","position":1,"name":"Home","item":"https:\/\/tajkertesz.com\/"},{"@type":"ListItem","position":2,"name":"Kezd\u0151lap","item":"https:\/\/tajkertesz.com\/"},{"@type":"ListItem","position":3,"name":"Clematis &#8216;Nelly Moser&#8217; &#8211; Kerti iszalag"}]},{"@type":"WebSite","@id":"https:\/\/tajkertesz.com\/#website","url":"https:\/\/tajkertesz.com\/","name":"T\u00e1j-Kert\u00e9sz 84 Kft.","description":"Kert\u00e9szeti kis- \u00e9s nagykeresked\u00e9s, D\u00edszn\u00f6v\u00e9ny web\u00e1ruh\u00e1z orsz\u00e1gos h\u00e1zhozsz\u00e1ll\u00edt\u00e1ssal!","publisher":{"@id":"https:\/\/tajkertesz.com\/#organization"},"potentialAction":[{"@type":"SearchAction","target":{"@type":"EntryPoint","urlTemplate":"https:\/\/tajkertesz.com\/?s={search_term_string}"},"query-input":{"@type":"PropertyValueSpecification","valueRequired":true,"valueName":"search_term_string"}}],"inLanguage":"en-US"},{"@type":"Organization","@id":"https:\/\/tajkertesz.com\/#organization","name":"T\u00e1j-Kert\u00e9sz 84 Kft.","url":"https:\/\/tajkertesz.com\/","logo":{"@type":"ImageObject","inLanguage":"en-US","@id":"https:\/\/tajkertesz.com\/#\/schema\/logo\/image\/","url":"https:\/\/tajkertesz.com\/wp-content\/uploads\/2018\/02\/logo-2-e1518678052539.png","contentUrl":"https:\/\/tajkertesz.com\/wp-content\/uploads\/2018\/02\/logo-2-e1518678052539.png","width":81,"height":140,"caption":"T\u00e1j-Kert\u00e9sz 84 Kft."},"image":{"@id":"https:\/\/tajkertesz.com\/#\/schema\/logo\/image\/"},"sameAs":["https:\/\/www.facebook.com\/Tajkertesz\/"]}]}},"_links":{"self":[{"href":"https:\/\/tajkertesz.com\/en_US\/wp-json\/wp\/v2\/product\/23062","targetHints":{"allow":["GET"]}}],"collection":[{"href":"https:\/\/tajkertesz.com\/en_US\/wp-json\/wp\/v2\/product"}],"about":[{"href":"https:\/\/tajkertesz.com\/en_US\/wp-json\/wp\/v2\/types\/product"}],"wp:featuredmedia":[{"embeddable":true,"href":"https:\/\/tajkertesz.com\/en_US\/wp-json\/wp\/v2\/media\/23058"}],"wp:attachment":[{"href":"https:\/\/tajkertesz.com\/en_US\/wp-json\/wp\/v2\/media?parent=23062"}],"wp:term":[{"taxonomy":"product_brand","embeddable":true,"href":"https:\/\/tajkertesz.com\/en_US\/wp-json\/wp\/v2\/product_brand?post=23062"},{"taxonomy":"product_cat","embeddable":true,"href":"https:\/\/tajkertesz.com\/en_US\/wp-json\/wp\/v2\/product_cat?post=23062"},{"taxonomy":"product_tag","embeddable":true,"href":"https:\/\/tajkertesz.com\/en_US\/wp-json\/wp\/v2\/product_tag?post=23062"}],"curies":[{"name":"wp","href":"https:\/\/api.w.org\/{rel}","templated":true}]}}