{"id":23085,"date":"2025-04-04T08:57:26","date_gmt":"2025-04-04T08:57:26","guid":{"rendered":"https:\/\/tajkertesz.com\/?post_type=product&#038;p=23085"},"modified":"2025-07-22T06:17:15","modified_gmt":"2025-07-22T06:17:15","slug":"paradicsom-es-paprika-mutragya-350g","status":"publish","type":"product","link":"https:\/\/tajkertesz.com\/en_US\/product\/paradicsom-es-paprika-mutragya-350g\/","title":{"rendered":"Paradicsom \u00e9s paprika m\u0171tr\u00e1gya 350g"},"content":{"rendered":"<h1>Paradicsom \u00e9s paprika m\u0171tr\u00e1gya 350g<\/h1>\n<p>Paradicsom \u00e9s paprika m\u0171tr\u00e1gya 350g:<\/p>\n<p>A paradicsom \u00e9s a paprika megterm\u00e9keny\u00edt\u00e9s\u00e9re minden fejl\u0151d\u00e9si szakaszban: a pal\u00e1nt\u00e1t\u00f3l az \u00e9r\u00e9sig biztos\u00edtja a\u00a0 j\u00f3 min\u0151s\u00e9g\u0171 term\u00e9st.<br \/>\nTalajban, \u00fcvegh\u00e1zakban \u00e9s ed\u00e9nyben val\u00f3 haszn\u00e1latra.<br \/>\n350 liter v\u00edzhez elegend\u0151 az \u00f6nt\u00f6z\u00e9shez.<br \/>\nSorozat:<br \/>\nKrist\u00e1lyos m\u0171tr\u00e1gy\u00e1k<\/p>\n<p>Tartalom<br \/>\nEK m\u0171tr\u00e1gya<br \/>\nnitrog\u00e9n (N) \u2013 11%<br \/>\nfoszfor (P2O5) \u2013 11%<br \/>\nk\u00e1lium (K2O) \u2013 35%<br \/>\nmagn\u00e9zium (MgO) \u2013 2%<\/p>\n<p>Mikrot\u00e1panyagok:<br \/>\nb\u00f3r (B) 0,02%, r\u00e9z (Cu) * 0,02%, vas (Fe) * 0,07%, mang\u00e1n (Mn) * 0,04%, molibd\u00e9n (Mo) 0,004%, cink (Zn) * 0,015%<br \/>\n* az EDTA \u00e1ltal kel\u00e1tolt<\/p>\n<ul>\n<li class=\"\" data-start=\"1708\" data-end=\"1856\"><b>K\u00e9szlet\u00fcnk napi szinten v\u00e1ltozik, ez\u00e9rt k\u00e9rj\u00fck, \u00e9rdekl\u0151dj\u00f6n szem\u00e9lyesen, telefonon vagy email-en.<br \/>\nA v\u00e1ltoztat\u00e1s jog\u00e1t fenntartjuk!<\/b><b>\u00a0 <\/b><a href=\"https:\/\/tajkertesz.com\/\">https:\/\/tajkertesz.com\/<\/a><a href=\"https:\/\/www.facebook.com\/tajkertesz\/\">https:\/\/www.facebook.com\/tajkertesz\/ <\/a>Kisz\u00e1ll\u00edt\u00e1s: 200cm-ig \u00e9s 40 kg-ig a sz\u00e1ll\u00edt\u00e1s fut\u00e1rszolg\u00e1lattal t\u00f6rt\u00e9nik.Szem\u00e9lyes \u00e1tv\u00e9tel nyitvatart\u00e1si id\u0151ben a 17. ker\u00fclet Bakancsos utca 7. sz\u00e1m alatti Kert\u00e9szeti \u00e1rud\u00e1nkban.Kert\u00e9p\u00edt\u0151k \u00e9s viszontelad\u00f3k regisztr\u00e1l\u00e1s ut\u00e1n egyedi kedvezm\u00e9nnyel v\u00e1s\u00e1rolhatnak kert\u00e9szeti kis-\u00e9s nagykeresked\u00e9s\u00fcnkben.<\/p>\n<p><strong>Az \u00e1rak egy darab term\u00e9kre vonatkoznak.<\/strong><\/p>\n<p><strong>J\u00f3 tudni!<\/strong><\/p>\n<p>K\u00e9pek-elt\u00e9r\u00e9sek:<\/p>\n<p>A n\u00f6v\u00e9nyekr\u0151l felt\u00f6lt\u00f6tt k\u00e9pek illusztr\u00e1ci\u00f3k. N\u00f6v\u00e9nyekn\u00e9l el\u0151fordulhatnak minim\u00e1lis elt\u00e9r\u00e9sek a k\u00e9peken szerepl\u0151 n\u00f6v\u00e9nyek \u00e9s az \u00e1tvett n\u00f6v\u00e9nyek k\u00f6z\u00f6tt, mivel minden n\u00f6v\u00e9ny egyedi.<\/p>\n<h4>N\u00f6v\u00e9nyek sz\u00e1ll\u00edt\u00e1sa:<\/h4>\n<p>A megrendelt n\u00f6v\u00e9nyeket igyeksz\u00fcnk a lehet\u0151 legbiztons\u00e1gosabban egyes\u00e9vel csomagolni, azonban a sz\u00e1ll\u00edt\u00e1s sor\u00e1n m\u00e9g ennek ellen\u00e9re is\u00a0bek\u00f6vetkezhetnek apr\u00f3bb s\u00e9r\u00fcl\u00e9sek (lev\u00e9l- vagy vir\u00e1ghull\u00e1s).<br \/>\nN\u00f6v\u00e9ny rendel\u00e9s eset\u00e9n k\u00e9rj\u00fck a k\u00e9zbes\u00edt\u00e9st k\u00f6vet\u0151en a lehet\u0151 leghamarabb bonts\u00e1k ki a csomagot.<\/p>\n<p>Abban az esetben, ha a megrendelt n\u00f6v\u00e9ny\u00a0a sz\u00e1ll\u00edt\u00e1st k\u00f6vet\u0151en\u00a0nem megfelel\u0151 gondoz\u00e1sban r\u00e9szes\u00fcl \u00e9s ebb\u0151l kifoly\u00f3lag\u00a0k\u00e1rosodik,\u00a0elpusztul, felel\u0151ss\u00e9get sajnos nem tudunk v\u00e1llalni.<\/p>\n<p>V\u00e1s\u00e1rl\u00e1st\u00f3l val\u00f3 el\u00e1ll\u00e1s \u00e9l\u0151 n\u00f6v\u00e9ny v\u00e1s\u00e1rl\u00e1sa eset\u00e9n:<\/p>\n<p>Az \u00e1ltal\u00e1nos 14 napos el\u00e1ll\u00e1s lehet\u0151s\u00e9ge \u00e9l\u0151 n\u00f6v\u00e9nyekre nem vonatkozik. V\u00e1s\u00e1rl\u00e1st\u00f3l val\u00f3 el\u00e1ll\u00e1sra, visszak\u00fcld\u00e9sre nincs lehet\u0151s\u00e9g.\u00a0(17\/1999. (II. 5.) Korm. rendelet 5c pontja)<\/p>\n<p><strong>K\u00e9rj\u00fck fentiek figyelembev\u00e9tel\u00e9t n\u00f6v\u00e9ny rendel\u00e9se sor\u00e1n!<\/strong><\/p>\n<p>&nbsp;<\/li>\n<\/ul>","protected":false},"excerpt":{"rendered":"<p>Paradicsom \u00e9s paprika m\u0171tr\u00e1gya 350g<\/p>","protected":false},"featured_media":23087,"template":"","meta":{"_et_pb_use_builder":"","_et_pb_old_content":"","_et_gb_content_width":""},"product_brand":[],"product_cat":[1415],"product_tag":[537,705,1431],"class_list":{"0":"post-23085","1":"product","2":"type-product","3":"status-publish","4":"has-post-thumbnail","6":"product_cat-agrecol-tapoldatok-mutragyak","7":"product_tag-agrecol","8":"product_tag-mutragya","9":"product_tag-paradicsom","11":"first","12":"instock","13":"shipping-taxable","14":"purchasable","15":"product-type-simple"},"yoast_head":"<!-- This site is optimized with the Yoast SEO plugin v27.4 - https:\/\/yoast.com\/product\/yoast-seo-wordpress\/ -->\n<title>Paradicsom \u00e9s paprika m\u0171tr\u00e1gya 350g - T\u00e1jkert\u00e9sz<\/title>\n<meta name=\"description\" content=\"Paradicsom \u00e9s paprika m\u0171tr\u00e1gya 350g..........................................................................!!!!!!!!!!!!\" \/>\n<meta name=\"robots\" content=\"index, follow, max-snippet:-1, max-image-preview:large, max-video-preview:-1\" \/>\n<link rel=\"canonical\" href=\"https:\/\/tajkertesz.com\/en_US\/product\/paradicsom-es-paprika-mutragya-350g\/\" \/>\n<meta property=\"og:locale\" content=\"en_US\" \/>\n<meta property=\"og:type\" content=\"article\" \/>\n<meta property=\"og:title\" content=\"Paradicsom \u00e9s paprika m\u0171tr\u00e1gya 350g - T\u00e1jkert\u00e9sz\" \/>\n<meta property=\"og:description\" content=\"Paradicsom \u00e9s paprika m\u0171tr\u00e1gya 350g..........................................................................!!!!!!!!!!!!\" \/>\n<meta property=\"og:url\" content=\"https:\/\/tajkertesz.com\/en_US\/product\/paradicsom-es-paprika-mutragya-350g\/\" \/>\n<meta property=\"og:site_name\" content=\"T\u00e1jkert\u00e9sz\" \/>\n<meta property=\"article:publisher\" content=\"https:\/\/www.facebook.com\/Tajkertesz\/\" \/>\n<meta property=\"article:modified_time\" content=\"2025-07-22T06:17:15+00:00\" \/>\n<meta property=\"og:image\" content=\"https:\/\/tajkertesz.com\/wp-content\/uploads\/2025\/04\/127-O-99-pomidor-350g-wiz_370.png\" \/>\n\t<meta property=\"og:image:width\" content=\"370\" \/>\n\t<meta property=\"og:image:height\" content=\"616\" \/>\n\t<meta property=\"og:image:type\" content=\"image\/png\" \/>\n<meta name=\"twitter:card\" content=\"summary_large_image\" \/>\n<meta name=\"twitter:label1\" content=\"Est. reading time\" \/>\n\t<meta name=\"twitter:data1\" content=\"2 minutes\" \/>\n<script type=\"application\/ld+json\" class=\"yoast-schema-graph\">{\"@context\":\"https:\\\/\\\/schema.org\",\"@graph\":[{\"@type\":\"WebPage\",\"@id\":\"https:\\\/\\\/tajkertesz.com\\\/termek\\\/paradicsom-es-paprika-mutragya-350g\\\/\",\"url\":\"https:\\\/\\\/tajkertesz.com\\\/termek\\\/paradicsom-es-paprika-mutragya-350g\\\/\",\"name\":\"Paradicsom \u00e9s paprika m\u0171tr\u00e1gya 350g - T\u00e1jkert\u00e9sz\",\"isPartOf\":{\"@id\":\"https:\\\/\\\/tajkertesz.com\\\/#website\"},\"primaryImageOfPage\":{\"@id\":\"https:\\\/\\\/tajkertesz.com\\\/termek\\\/paradicsom-es-paprika-mutragya-350g\\\/#primaryimage\"},\"image\":{\"@id\":\"https:\\\/\\\/tajkertesz.com\\\/termek\\\/paradicsom-es-paprika-mutragya-350g\\\/#primaryimage\"},\"thumbnailUrl\":\"https:\\\/\\\/tajkertesz.com\\\/wp-content\\\/uploads\\\/2025\\\/04\\\/127-O-99-pomidor-350g-wiz_370.png\",\"datePublished\":\"2025-04-04T08:57:26+00:00\",\"dateModified\":\"2025-07-22T06:17:15+00:00\",\"description\":\"Paradicsom \u00e9s paprika m\u0171tr\u00e1gya 350g..........................................................................!!!!!!!!!!!!\",\"breadcrumb\":{\"@id\":\"https:\\\/\\\/tajkertesz.com\\\/termek\\\/paradicsom-es-paprika-mutragya-350g\\\/#breadcrumb\"},\"inLanguage\":\"en-US\",\"potentialAction\":[{\"@type\":\"ReadAction\",\"target\":[\"https:\\\/\\\/tajkertesz.com\\\/termek\\\/paradicsom-es-paprika-mutragya-350g\\\/\"]}]},{\"@type\":\"ImageObject\",\"inLanguage\":\"en-US\",\"@id\":\"https:\\\/\\\/tajkertesz.com\\\/termek\\\/paradicsom-es-paprika-mutragya-350g\\\/#primaryimage\",\"url\":\"https:\\\/\\\/tajkertesz.com\\\/wp-content\\\/uploads\\\/2025\\\/04\\\/127-O-99-pomidor-350g-wiz_370.png\",\"contentUrl\":\"https:\\\/\\\/tajkertesz.com\\\/wp-content\\\/uploads\\\/2025\\\/04\\\/127-O-99-pomidor-350g-wiz_370.png\",\"width\":370,\"height\":616,\"caption\":\"Paradicsom \u00e9s paprika m\u0171tr\u00e1gya 350g\"},{\"@type\":\"BreadcrumbList\",\"@id\":\"https:\\\/\\\/tajkertesz.com\\\/termek\\\/paradicsom-es-paprika-mutragya-350g\\\/#breadcrumb\",\"itemListElement\":[{\"@type\":\"ListItem\",\"position\":1,\"name\":\"Home\",\"item\":\"https:\\\/\\\/tajkertesz.com\\\/\"},{\"@type\":\"ListItem\",\"position\":2,\"name\":\"Kezd\u0151lap\",\"item\":\"https:\\\/\\\/tajkertesz.com\\\/\"},{\"@type\":\"ListItem\",\"position\":3,\"name\":\"Paradicsom \u00e9s paprika m\u0171tr\u00e1gya 350g\"}]},{\"@type\":\"WebSite\",\"@id\":\"https:\\\/\\\/tajkertesz.com\\\/#website\",\"url\":\"https:\\\/\\\/tajkertesz.com\\\/\",\"name\":\"T\u00e1j-Kert\u00e9sz 84 Kft.\",\"description\":\"Kert\u00e9szeti kis- \u00e9s nagykeresked\u00e9s, D\u00edszn\u00f6v\u00e9ny web\u00e1ruh\u00e1z orsz\u00e1gos h\u00e1zhozsz\u00e1ll\u00edt\u00e1ssal!\",\"publisher\":{\"@id\":\"https:\\\/\\\/tajkertesz.com\\\/#organization\"},\"potentialAction\":[{\"@type\":\"SearchAction\",\"target\":{\"@type\":\"EntryPoint\",\"urlTemplate\":\"https:\\\/\\\/tajkertesz.com\\\/?s={search_term_string}\"},\"query-input\":{\"@type\":\"PropertyValueSpecification\",\"valueRequired\":true,\"valueName\":\"search_term_string\"}}],\"inLanguage\":\"en-US\"},{\"@type\":\"Organization\",\"@id\":\"https:\\\/\\\/tajkertesz.com\\\/#organization\",\"name\":\"T\u00e1j-Kert\u00e9sz 84 Kft.\",\"url\":\"https:\\\/\\\/tajkertesz.com\\\/\",\"logo\":{\"@type\":\"ImageObject\",\"inLanguage\":\"en-US\",\"@id\":\"https:\\\/\\\/tajkertesz.com\\\/#\\\/schema\\\/logo\\\/image\\\/\",\"url\":\"https:\\\/\\\/tajkertesz.com\\\/wp-content\\\/uploads\\\/2018\\\/02\\\/logo-2-e1518678052539.png\",\"contentUrl\":\"https:\\\/\\\/tajkertesz.com\\\/wp-content\\\/uploads\\\/2018\\\/02\\\/logo-2-e1518678052539.png\",\"width\":81,\"height\":140,\"caption\":\"T\u00e1j-Kert\u00e9sz 84 Kft.\"},\"image\":{\"@id\":\"https:\\\/\\\/tajkertesz.com\\\/#\\\/schema\\\/logo\\\/image\\\/\"},\"sameAs\":[\"https:\\\/\\\/www.facebook.com\\\/Tajkertesz\\\/\"]}]}<\/script>\n<!-- \/ Yoast SEO plugin. -->","yoast_head_json":{"title":"Paradicsom \u00e9s paprika m\u0171tr\u00e1gya 350g - T\u00e1jkert\u00e9sz","description":"Paradicsom \u00e9s paprika m\u0171tr\u00e1gya 350g..........................................................................!!!!!!!!!!!!","robots":{"index":"index","follow":"follow","max-snippet":"max-snippet:-1","max-image-preview":"max-image-preview:large","max-video-preview":"max-video-preview:-1"},"canonical":"https:\/\/tajkertesz.com\/en_US\/product\/paradicsom-es-paprika-mutragya-350g\/","og_locale":"en_US","og_type":"article","og_title":"Paradicsom \u00e9s paprika m\u0171tr\u00e1gya 350g - T\u00e1jkert\u00e9sz","og_description":"Paradicsom \u00e9s paprika m\u0171tr\u00e1gya 350g..........................................................................!!!!!!!!!!!!","og_url":"https:\/\/tajkertesz.com\/en_US\/product\/paradicsom-es-paprika-mutragya-350g\/","og_site_name":"T\u00e1jkert\u00e9sz","article_publisher":"https:\/\/www.facebook.com\/Tajkertesz\/","article_modified_time":"2025-07-22T06:17:15+00:00","og_image":[{"width":370,"height":616,"url":"https:\/\/tajkertesz.com\/wp-content\/uploads\/2025\/04\/127-O-99-pomidor-350g-wiz_370.png","type":"image\/png"}],"twitter_card":"summary_large_image","twitter_misc":{"Est. reading time":"2 minutes"},"schema":{"@context":"https:\/\/schema.org","@graph":[{"@type":"WebPage","@id":"https:\/\/tajkertesz.com\/termek\/paradicsom-es-paprika-mutragya-350g\/","url":"https:\/\/tajkertesz.com\/termek\/paradicsom-es-paprika-mutragya-350g\/","name":"Paradicsom \u00e9s paprika m\u0171tr\u00e1gya 350g - T\u00e1jkert\u00e9sz","isPartOf":{"@id":"https:\/\/tajkertesz.com\/#website"},"primaryImageOfPage":{"@id":"https:\/\/tajkertesz.com\/termek\/paradicsom-es-paprika-mutragya-350g\/#primaryimage"},"image":{"@id":"https:\/\/tajkertesz.com\/termek\/paradicsom-es-paprika-mutragya-350g\/#primaryimage"},"thumbnailUrl":"https:\/\/tajkertesz.com\/wp-content\/uploads\/2025\/04\/127-O-99-pomidor-350g-wiz_370.png","datePublished":"2025-04-04T08:57:26+00:00","dateModified":"2025-07-22T06:17:15+00:00","description":"Paradicsom \u00e9s paprika m\u0171tr\u00e1gya 350g..........................................................................!!!!!!!!!!!!","breadcrumb":{"@id":"https:\/\/tajkertesz.com\/termek\/paradicsom-es-paprika-mutragya-350g\/#breadcrumb"},"inLanguage":"en-US","potentialAction":[{"@type":"ReadAction","target":["https:\/\/tajkertesz.com\/termek\/paradicsom-es-paprika-mutragya-350g\/"]}]},{"@type":"ImageObject","inLanguage":"en-US","@id":"https:\/\/tajkertesz.com\/termek\/paradicsom-es-paprika-mutragya-350g\/#primaryimage","url":"https:\/\/tajkertesz.com\/wp-content\/uploads\/2025\/04\/127-O-99-pomidor-350g-wiz_370.png","contentUrl":"https:\/\/tajkertesz.com\/wp-content\/uploads\/2025\/04\/127-O-99-pomidor-350g-wiz_370.png","width":370,"height":616,"caption":"Paradicsom \u00e9s paprika m\u0171tr\u00e1gya 350g"},{"@type":"BreadcrumbList","@id":"https:\/\/tajkertesz.com\/termek\/paradicsom-es-paprika-mutragya-350g\/#breadcrumb","itemListElement":[{"@type":"ListItem","position":1,"name":"Home","item":"https:\/\/tajkertesz.com\/"},{"@type":"ListItem","position":2,"name":"Kezd\u0151lap","item":"https:\/\/tajkertesz.com\/"},{"@type":"ListItem","position":3,"name":"Paradicsom \u00e9s paprika m\u0171tr\u00e1gya 350g"}]},{"@type":"WebSite","@id":"https:\/\/tajkertesz.com\/#website","url":"https:\/\/tajkertesz.com\/","name":"T\u00e1j-Kert\u00e9sz 84 Kft.","description":"Kert\u00e9szeti kis- \u00e9s nagykeresked\u00e9s, D\u00edszn\u00f6v\u00e9ny web\u00e1ruh\u00e1z orsz\u00e1gos h\u00e1zhozsz\u00e1ll\u00edt\u00e1ssal!","publisher":{"@id":"https:\/\/tajkertesz.com\/#organization"},"potentialAction":[{"@type":"SearchAction","target":{"@type":"EntryPoint","urlTemplate":"https:\/\/tajkertesz.com\/?s={search_term_string}"},"query-input":{"@type":"PropertyValueSpecification","valueRequired":true,"valueName":"search_term_string"}}],"inLanguage":"en-US"},{"@type":"Organization","@id":"https:\/\/tajkertesz.com\/#organization","name":"T\u00e1j-Kert\u00e9sz 84 Kft.","url":"https:\/\/tajkertesz.com\/","logo":{"@type":"ImageObject","inLanguage":"en-US","@id":"https:\/\/tajkertesz.com\/#\/schema\/logo\/image\/","url":"https:\/\/tajkertesz.com\/wp-content\/uploads\/2018\/02\/logo-2-e1518678052539.png","contentUrl":"https:\/\/tajkertesz.com\/wp-content\/uploads\/2018\/02\/logo-2-e1518678052539.png","width":81,"height":140,"caption":"T\u00e1j-Kert\u00e9sz 84 Kft."},"image":{"@id":"https:\/\/tajkertesz.com\/#\/schema\/logo\/image\/"},"sameAs":["https:\/\/www.facebook.com\/Tajkertesz\/"]}]}},"_links":{"self":[{"href":"https:\/\/tajkertesz.com\/en_US\/wp-json\/wp\/v2\/product\/23085","targetHints":{"allow":["GET"]}}],"collection":[{"href":"https:\/\/tajkertesz.com\/en_US\/wp-json\/wp\/v2\/product"}],"about":[{"href":"https:\/\/tajkertesz.com\/en_US\/wp-json\/wp\/v2\/types\/product"}],"wp:featuredmedia":[{"embeddable":true,"href":"https:\/\/tajkertesz.com\/en_US\/wp-json\/wp\/v2\/media\/23087"}],"wp:attachment":[{"href":"https:\/\/tajkertesz.com\/en_US\/wp-json\/wp\/v2\/media?parent=23085"}],"wp:term":[{"taxonomy":"product_brand","embeddable":true,"href":"https:\/\/tajkertesz.com\/en_US\/wp-json\/wp\/v2\/product_brand?post=23085"},{"taxonomy":"product_cat","embeddable":true,"href":"https:\/\/tajkertesz.com\/en_US\/wp-json\/wp\/v2\/product_cat?post=23085"},{"taxonomy":"product_tag","embeddable":true,"href":"https:\/\/tajkertesz.com\/en_US\/wp-json\/wp\/v2\/product_tag?post=23085"}],"curies":[{"name":"wp","href":"https:\/\/api.w.org\/{rel}","templated":true}]}}