{"id":2309,"date":"2024-10-09T10:30:14","date_gmt":"2024-10-09T10:30:14","guid":{"rendered":"https:\/\/tajkertesz.com\/?post_type=product&#038;p=2309"},"modified":"2026-02-24T10:13:13","modified_gmt":"2026-02-24T10:13:13","slug":"chamaecyparis-lawsoniana-ellwoodii-oregoni-hamisciprus","status":"publish","type":"product","link":"https:\/\/tajkertesz.com\/en_US\/product\/chamaecyparis-lawsoniana-ellwoodii-oregoni-hamisciprus\/","title":{"rendered":"Chamaecyparis lawsoniana &#8216;Ellwoodii&#8217; &#8211; Oregoni hamisciprus"},"content":{"rendered":"<h3>Chamaecyparis lawsoniana &#8216;Ellwoodii&#8217; &#8211; Oregoni hamisciprus<\/h3>\n<p>A Chamaecyparis lawsoniana &#8216;Ellwoodii&#8217; &#8211; Oregoni hamisciprus alakja m\u00e1r fiatal kor\u00e1ban kialakul, n\u00f6veked\u00e9se viszonylag lass\u00fa.<\/p>\n<p>A Chamaecyparis lawsoniana &#8216;Ellwoodii&#8217; egy lassan n\u00f6vekv\u0151, oszlopos form\u00e1j\u00fa \u00f6r\u00f6kz\u00f6ld. Fiatal kor\u00e1ban kialakul\u00f3 szab\u00e1lyos, z\u00e1rt oszlopos alakja miatt k\u00fcl\u00f6n\u00f6sen n\u00e9pszer\u0171. Hajt\u00e1sai mereven felfel\u00e9 \u00e1llnak \u00e9s s\u0171r\u0171n n\u0151nek, lombozata k\u00e9kessz\u00edn\u0171, ny\u00e1ron egy kicsit vil\u00e1gosabb \u00e1rnyalattal.<\/p>\n<p>Haz\u00e1ja Kalifornia \u00e9s Oregon csapad\u00e9kos ter\u00fcletei, Magyarorsz\u00e1gon 3-4 m\u00e9ter magasra n\u0151.\u00a0 \u00a0Kisebb kertekbe, sziklakertekbe, de ak\u00e1r ed\u00e9nyekbe is lehet \u00fcltetni.<\/p>\n<h2 aria-live=\"polite\" aria-atomic=\"true\"><span class=\"\">A\u00a0Chamaecyparis\u00a0lawsoniana\u00a0&#8216;Ellwoodii&#8217; gondoz\u00e1sa\u00a0<\/span><\/h2>\n<ol class=\"relative list-outside marker:text-foreground-750 dark:marker:text-foreground-600 flex flex-col ms-5 marker:normal-nums marker:text-sm-strong\" start=\"1\">\n<li class=\"ps-2\">\n<p aria-live=\"polite\" aria-atomic=\"true\"><span class=\"\"><strong>F\u00e9ny<\/strong>:\u00a0Kedveli\u00a0a\u00a0napos\u00a0vagy\u00a0f\u00e9l\u00e1rny\u00e9kos\u00a0helyeket.\u00a0Teljes\u00a0\u00e1rny\u00e9kban\u00a0is\u00a0el\u00e9l,\u00a0de\u00a0ilyenkor\u00a0kev\u00e9sb\u00e9\u00a0lesz\u00a0d\u00fas\u00a0a\u00a0lombozata.<\/span><\/p>\n<\/li>\n<li class=\"ps-2\">\n<p aria-live=\"polite\" aria-atomic=\"true\"><span class=\"\"><strong>Talaj<\/strong>: Humuszos, j\u00f3l v\u00edz\u00e1tereszt\u0151, enyh\u00e9n savas vagy semleges talajt kedvel. Ker\u00fclj\u00fck a meszes talajt, mivel az nem megfelel\u0151 sz\u00e1m\u00e1ra.<\/span><\/p>\n<\/li>\n<li class=\"ps-2\">\n<p aria-live=\"polite\" aria-atomic=\"true\"><span class=\"\"><strong>\u00d6nt\u00f6z\u00e9s<\/strong>:\u00a0Rendszeres\u00a0\u00f6nt\u00f6z\u00e9st\u00a0ig\u00e9nyel,\u00a0k\u00fcl\u00f6n\u00f6sen\u00a0a\u00a0sz\u00e1raz\u00a0ny\u00e1ri\u00a0h\u00f3napokban.\u00a0Fontos,\u00a0hogy\u00a0a\u00a0talaj\u00a0mindig\u00a0enyh\u00e9n\u00a0nedves\u00a0legyen,\u00a0de\u00a0ne\u00a0\u00e1lljon\u00a0v\u00edzben.<\/span><\/p>\n<\/li>\n<li class=\"ps-2\">\n<p aria-live=\"polite\" aria-atomic=\"true\"><span class=\"\"><strong>T\u00e1panyag<\/strong>: Tavasszal \u00e9s \u0151sszel \u00e9rdemes kisz\u00f3rni a n\u00f6v\u00e9ny k\u00f6r\u00e9 szerves vagy m\u0171tr\u00e1gy\u00e1tl, hogy megfelel\u0151 mennyis\u00e9g\u0171 t\u00e1panyaghoz jusson.<\/span><\/p>\n<\/li>\n<li class=\"ps-2\">\n<p aria-live=\"polite\" aria-atomic=\"true\"><span class=\"\"><strong>Metsz\u00e9s<\/strong>: Nem ig\u00e9nyel k\u00fcl\u00f6n\u00f6sebb metsz\u00e9st, de ha szeretn\u00e9nk form\u00e1zni vagy korl\u00e1tozni a n\u00f6veked\u00e9s\u00e9t, tavasz v\u00e9g\u00e9n, ny\u00e1r elej\u00e9n v\u00e1gjuk vissza az \u00faj hajt\u00e1sokat.<\/span><\/p>\n<\/li>\n<li class=\"ps-2\">\n<p aria-live=\"polite\" aria-atomic=\"true\"><span class=\"\"><strong>T\u00e9len<\/strong>:\u00a0Hidegt\u0171r\u0151\u00a0n\u00f6v\u00e9ny,\u00a0de\u00a0a\u00a0fiatal\u00a0p\u00e9ld\u00e1nyokat\u00a0az\u00a0els\u0151\u00a0\u00e9vekben\u00a0\u00e9rdemes\u00a0t\u00e9lire\u00a0takarni,\u00a0hogy\u00a0megv\u00e9dj\u00fck\u00a0a\u00a0fagyokt\u00f3l.<\/span><\/p>\n<\/li>\n<\/ol>\n<p>&nbsp;<\/p>\n<h3>Oregoni hamisciprus \u00fcltet\u00e9se<\/h3>\n<p aria-live=\"polite\" aria-atomic=\"true\"><span class=\"\"><strong>Id\u0151z\u00edt\u00e9s<\/strong>:\u00a0A\u00a0legjobb\u00a0id\u0151\u00a0a\u00a0k\u00e9s\u0151\u00a0\u0151sz\u00a0vagy\u00a0a\u00a0kora\u00a0tavasz,\u00a0amikor\u00a0a\u00a0n\u00f6v\u00e9nyek\u00a0inakt\u00edv\u00a0\u00e1llapotban\u00a0vannak.<\/span><\/p>\n<p aria-live=\"polite\" aria-atomic=\"true\"><span class=\"\"><strong>Hely\u00a0kiv\u00e1laszt\u00e1sa<\/strong>: Olyan helyet v\u00e1lasszunk, ahol elegend\u0151 napf\u00e9nyt kap, \u00e9s a talaj j\u00f3l v\u00edz\u00e1tereszt\u0151. Az optim\u00e1lis talaj enyh\u00e9n savas vagy semleges.<\/span><\/p>\n<p aria-live=\"polite\" aria-atomic=\"true\"><span class=\"\"><strong>G\u00f6d\u00f6r k\u00e9sz\u00edt\u00e9se<\/strong>: \u00c1ssunk egy g\u00f6dr\u00f6t, amely legal\u00e1bb k\u00e9tszer olyan sz\u00e9les \u00e9s m\u00e9ly, mint a n\u00f6v\u00e9ny gy\u00f6k\u00e9rlabd\u00e1ja. A g\u00f6d\u00f6r alj\u00e1t laz\u00edtsuk meg, hogy a gy\u00f6kerek k\u00f6nnyen behatolhassanak.<\/span><\/p>\n<p aria-live=\"polite\" aria-atomic=\"true\"><span class=\"\"><strong>\u00dcltet\u00e9s<\/strong>: Helyezz\u00fck a n\u00f6v\u00e9nyt a g\u00f6d\u00f6rbe \u00fagy, hogy a gy\u00f6k\u00e9rlabda felsz\u00edne egy szintben legyen a talajjal. T\u00f6lts\u00fck vissza a g\u00f6dr\u00f6t f\u00f6lddel, \u00e9s enyh\u00e9n t\u00f6m\u00f6r\u00edts\u00fck meg, hogy ne maradjanak \u00fcres r\u00e9szek.<\/span><\/p>\n<p aria-live=\"polite\" aria-atomic=\"true\"><span class=\"\"><strong>\u00d6nt\u00f6z\u00e9s<\/strong>: Alaposan \u00f6nt\u00f6zz\u00fck meg az \u00fajonnan \u00fcltetett n\u00f6v\u00e9nyt, hogy a f\u00f6ld j\u00f3l \u00e1tnedvesedjen \u00e9s a gy\u00f6kerek k\u00f6nnyebben tudjanak n\u00f6vekedni.<\/span><\/p>\n<p aria-live=\"polite\" aria-atomic=\"true\"><span class=\"\"><strong>Mulcsoz\u00e1s<\/strong>: Tegy\u00fcnk egy r\u00e9teg mulcsot a n\u00f6v\u00e9ny k\u00f6r\u00e9, hogy meg\u0151rizz\u00fck a talaj nedvess\u00e9g\u00e9t \u00e9s cs\u00f6kkents\u00fck a gyomok n\u00f6veked\u00e9s\u00e9t.<\/span><\/p>\n<p>A fiatal p\u00e9ld\u00e1nyok fagy\u00e9rz\u00e9kenyek lehetnek, de az id\u0151sebbek m\u00e1r ak\u00e1r a -22 fokot is elviselik k\u00e1rosod\u00e1s n\u00e9lk\u00fcl.<\/p>\n<p>Jelen term\u00e9k\u00fcnk 30-40 cm magas, 2 literes kont\u00e9nerben\u00a0 kaphat\u00f3.<\/p>\n<blockquote class=\"wp-embedded-content\" data-secret=\"l9EHH5ktif\"><p><a href=\"https:\/\/tajkertesz.com\/termek\/florimo-orokzold-viragfold-50-l\/\">Florimo \u00d6r\u00f6kz\u00f6ld vir\u00e1gf\u00f6ld 50 L<\/a><\/p><\/blockquote>\n<p><iframe loading=\"lazy\" class=\"wp-embedded-content\" sandbox=\"allow-scripts\" security=\"restricted\" style=\"position: absolute; visibility: hidden;\" title=\"&#8220;Florimo \u00d6r\u00f6kz\u00f6ld vir\u00e1gf\u00f6ld 50 L&#8221; &#8212; T\u00e1jkert\u00e9sz\" src=\"https:\/\/tajkertesz.com\/termek\/florimo-orokzold-viragfold-50-l\/embed\/#?secret=KmkxpoNdYd#?secret=l9EHH5ktif\" data-secret=\"l9EHH5ktif\" width=\"600\" height=\"338\" frameborder=\"0\" marginwidth=\"0\" marginheight=\"0\" scrolling=\"no\"><\/iframe><\/p>\n<p><strong>K\u00e9szlet\u00fcnk napi szinten v\u00e1ltozik, ez\u00e9rt k\u00e9rj\u00fck, \u00e9rdekl\u0151dj\u00f6n szem\u00e9lyesen, telefonon vagy email-en.<br \/>\nA v\u00e1ltoztat\u00e1s jog\u00e1t fenntartjuk!\u00a0<\/strong><\/p>\n<p><a href=\"https:\/\/tajkertesz.com\/\">https:\/\/tajkertesz.com\/<\/a><\/p>\n<p><a href=\"https:\/\/www.facebook.com\/tajkertesz\/\">https:\/\/www.facebook.com\/tajkertesz\/<\/a><\/p>\n<p>Kisz\u00e1ll\u00edt\u00e1s: 200cm-ig \u00a0\u00e9s 40 kg-ig a sz\u00e1ll\u00edt\u00e1s fut\u00e1rszolg\u00e1lattal \u00a0t\u00f6rt\u00e9nik.<\/p>\n<p>Szem\u00e9lyes \u00e1tv\u00e9tel nyitvatart\u00e1si id\u0151ben a 17. ker\u00fclet Bakancsos utca 7. sz\u00e1m alatti Kert\u00e9szeti \u00e1rud\u00e1nkban.<\/p>","protected":false},"excerpt":{"rendered":"<h4>A Chamaecyparis lawsoniana &#8216;Ellwoodii&#8217; , Oregoni hamisciprus alakja m\u00e1r fiatal kor\u00e1ban kialakul ,n\u00f6veked\u00e9se viszont viszonylag lass\u00fa.<\/h4>\n<p>Ez a fajta, mely Angli\u00e1b\u00f3l terjedt el. Hajt\u00e1sai mereven felfel\u00e9 \u00e1llnak \u00e9s s\u0171r\u0171n n\u0151nek. K\u00f6zepes v\u00edzig\u00e9ny\u0171 ,k\u00e9kes sz\u00edn\u0171, ny\u00e1ron egy \u00e1rnyalattal vil\u00e1gosabb. Lombj\u00e1nak, leveleinek megjelen\u00e9se \u00e1rlevel\u0171 (t\u0171lev\u00e9lszer\u0171). Ak\u00e1r 10-15 m\u00e9ter magasra megn\u0151, de\u00a0 a gyakorlatban azonban ritk\u00e1n tal\u00e1lkozhatunk 3-4 m\u00e9tern\u00e9l magasabb p\u00e9ld\u00e1nnyal.<\/p>\n<p>Alkalmazz\u00e1k balkonn\u00f6v\u00e9nynek, de ny\u00edratlan s\u00f6v\u00e9ny kialak\u00edt\u00e1s\u00e1ra is alkalmas vagy ak\u00e1r szoliternek.<\/p>\n<p>A fiatal p\u00e9ld\u00e1nyok fagy\u00e9rz\u00e9kenyek lehetnek, de az id\u0151sebbek m\u00e1r ak\u00e1r a -22 fokot is elviselik k\u00e1rosod\u00e1s n\u00e9lk\u00fcl.<\/p>","protected":false},"featured_media":21292,"template":"","meta":{"_et_pb_use_builder":"","_et_pb_old_content":"","_et_gb_content_width":""},"product_brand":[],"product_cat":[26],"product_tag":[755,758,757,756],"class_list":{"0":"post-2309","1":"product","2":"type-product","3":"status-publish","4":"has-post-thumbnail","6":"product_cat-orokzold-novenyek","7":"product_tag-chamaecyparis-lawsoniana-ellwoodii","8":"product_tag-ellwoodii","9":"product_tag-elwodi","10":"product_tag-oregoni-hamisciprus","12":"first","13":"instock","14":"shipping-taxable","15":"purchasable","16":"product-type-simple"},"yoast_head":"<!-- This site is optimized with the Yoast SEO plugin v27.5 - https:\/\/yoast.com\/product\/yoast-seo-wordpress\/ -->\n<title>Chamaecyparis lawsoniana &#039;Ellwoodii&#039; - Oregoni hamisciprus - T\u00e1jkert\u00e9sz<\/title>\n<meta name=\"description\" content=\"A Chamaecyparis lawsoniana &#039;Ellwoodii&#039; - Oregoni hamisciprus alakja m\u00e1r fiatal kor\u00e1ban kialakul ,n\u00f6veked\u00e9se viszont viszonylag lass\u00fa.\" \/>\n<meta name=\"robots\" content=\"index, follow, max-snippet:-1, max-image-preview:large, max-video-preview:-1\" \/>\n<link rel=\"canonical\" href=\"https:\/\/tajkertesz.com\/en_US\/product\/chamaecyparis-lawsoniana-ellwoodii-oregoni-hamisciprus\/\" \/>\n<meta property=\"og:locale\" content=\"en_US\" \/>\n<meta property=\"og:type\" content=\"article\" \/>\n<meta property=\"og:title\" content=\"Chamaecyparis lawsoniana &#039;Ellwoodii&#039; - Oregoni hamisciprus - T\u00e1jkert\u00e9sz\" \/>\n<meta property=\"og:description\" content=\"A Chamaecyparis lawsoniana &#039;Ellwoodii&#039; - Oregoni hamisciprus alakja m\u00e1r fiatal kor\u00e1ban kialakul ,n\u00f6veked\u00e9se viszont viszonylag lass\u00fa.\" \/>\n<meta property=\"og:url\" content=\"https:\/\/tajkertesz.com\/en_US\/product\/chamaecyparis-lawsoniana-ellwoodii-oregoni-hamisciprus\/\" \/>\n<meta property=\"og:site_name\" content=\"T\u00e1jkert\u00e9sz\" \/>\n<meta property=\"article:publisher\" content=\"https:\/\/www.facebook.com\/Tajkertesz\/\" \/>\n<meta property=\"article:modified_time\" content=\"2026-02-24T10:13:13+00:00\" \/>\n<meta property=\"og:image\" content=\"https:\/\/tajkertesz.com\/wp-content\/uploads\/2020\/10\/20241009_082949-scaled.jpg\" \/>\n\t<meta property=\"og:image:width\" content=\"1920\" \/>\n\t<meta property=\"og:image:height\" content=\"2560\" \/>\n\t<meta property=\"og:image:type\" content=\"image\/jpeg\" \/>\n<meta name=\"twitter:card\" content=\"summary_large_image\" \/>\n<meta name=\"twitter:label1\" content=\"Est. reading time\" \/>\n\t<meta name=\"twitter:data1\" content=\"3 minutes\" \/>\n<script type=\"application\/ld+json\" class=\"yoast-schema-graph\">{\"@context\":\"https:\\\/\\\/schema.org\",\"@graph\":[{\"@type\":\"WebPage\",\"@id\":\"https:\\\/\\\/tajkertesz.com\\\/termek\\\/chamaecyparis-lawsoniana-ellwoodii-oregoni-hamisciprus\\\/\",\"url\":\"https:\\\/\\\/tajkertesz.com\\\/termek\\\/chamaecyparis-lawsoniana-ellwoodii-oregoni-hamisciprus\\\/\",\"name\":\"Chamaecyparis lawsoniana 'Ellwoodii' - Oregoni hamisciprus - T\u00e1jkert\u00e9sz\",\"isPartOf\":{\"@id\":\"https:\\\/\\\/tajkertesz.com\\\/#website\"},\"primaryImageOfPage\":{\"@id\":\"https:\\\/\\\/tajkertesz.com\\\/termek\\\/chamaecyparis-lawsoniana-ellwoodii-oregoni-hamisciprus\\\/#primaryimage\"},\"image\":{\"@id\":\"https:\\\/\\\/tajkertesz.com\\\/termek\\\/chamaecyparis-lawsoniana-ellwoodii-oregoni-hamisciprus\\\/#primaryimage\"},\"thumbnailUrl\":\"https:\\\/\\\/tajkertesz.com\\\/wp-content\\\/uploads\\\/2020\\\/10\\\/20241009_082949-scaled.jpg\",\"datePublished\":\"2024-10-09T10:30:14+00:00\",\"dateModified\":\"2026-02-24T10:13:13+00:00\",\"description\":\"A Chamaecyparis lawsoniana 'Ellwoodii' - Oregoni hamisciprus alakja m\u00e1r fiatal kor\u00e1ban kialakul ,n\u00f6veked\u00e9se viszont viszonylag lass\u00fa.\",\"breadcrumb\":{\"@id\":\"https:\\\/\\\/tajkertesz.com\\\/termek\\\/chamaecyparis-lawsoniana-ellwoodii-oregoni-hamisciprus\\\/#breadcrumb\"},\"inLanguage\":\"en-US\",\"potentialAction\":[{\"@type\":\"ReadAction\",\"target\":[\"https:\\\/\\\/tajkertesz.com\\\/termek\\\/chamaecyparis-lawsoniana-ellwoodii-oregoni-hamisciprus\\\/\"]}]},{\"@type\":\"ImageObject\",\"inLanguage\":\"en-US\",\"@id\":\"https:\\\/\\\/tajkertesz.com\\\/termek\\\/chamaecyparis-lawsoniana-ellwoodii-oregoni-hamisciprus\\\/#primaryimage\",\"url\":\"https:\\\/\\\/tajkertesz.com\\\/wp-content\\\/uploads\\\/2020\\\/10\\\/20241009_082949-scaled.jpg\",\"contentUrl\":\"https:\\\/\\\/tajkertesz.com\\\/wp-content\\\/uploads\\\/2020\\\/10\\\/20241009_082949-scaled.jpg\",\"width\":1920,\"height\":2560,\"caption\":\"Chamaecyparis lawsoniana 'Ellwoodi' - Oregoni hamisciprus\"},{\"@type\":\"BreadcrumbList\",\"@id\":\"https:\\\/\\\/tajkertesz.com\\\/termek\\\/chamaecyparis-lawsoniana-ellwoodii-oregoni-hamisciprus\\\/#breadcrumb\",\"itemListElement\":[{\"@type\":\"ListItem\",\"position\":1,\"name\":\"Home\",\"item\":\"https:\\\/\\\/tajkertesz.com\\\/\"},{\"@type\":\"ListItem\",\"position\":2,\"name\":\"Kezd\u0151lap\",\"item\":\"https:\\\/\\\/tajkertesz.com\\\/\"},{\"@type\":\"ListItem\",\"position\":3,\"name\":\"Chamaecyparis lawsoniana &#8216;Ellwoodii&#8217; &#8211; Oregoni hamisciprus\"}]},{\"@type\":\"WebSite\",\"@id\":\"https:\\\/\\\/tajkertesz.com\\\/#website\",\"url\":\"https:\\\/\\\/tajkertesz.com\\\/\",\"name\":\"T\u00e1j-Kert\u00e9sz 84 Kft.\",\"description\":\"Kert\u00e9szeti kis- \u00e9s nagykeresked\u00e9s, D\u00edszn\u00f6v\u00e9ny web\u00e1ruh\u00e1z orsz\u00e1gos h\u00e1zhozsz\u00e1ll\u00edt\u00e1ssal!\",\"publisher\":{\"@id\":\"https:\\\/\\\/tajkertesz.com\\\/#organization\"},\"potentialAction\":[{\"@type\":\"SearchAction\",\"target\":{\"@type\":\"EntryPoint\",\"urlTemplate\":\"https:\\\/\\\/tajkertesz.com\\\/?s={search_term_string}\"},\"query-input\":{\"@type\":\"PropertyValueSpecification\",\"valueRequired\":true,\"valueName\":\"search_term_string\"}}],\"inLanguage\":\"en-US\"},{\"@type\":\"Organization\",\"@id\":\"https:\\\/\\\/tajkertesz.com\\\/#organization\",\"name\":\"T\u00e1j-Kert\u00e9sz 84 Kft.\",\"url\":\"https:\\\/\\\/tajkertesz.com\\\/\",\"logo\":{\"@type\":\"ImageObject\",\"inLanguage\":\"en-US\",\"@id\":\"https:\\\/\\\/tajkertesz.com\\\/#\\\/schema\\\/logo\\\/image\\\/\",\"url\":\"https:\\\/\\\/tajkertesz.com\\\/wp-content\\\/uploads\\\/2018\\\/02\\\/logo-2-e1518678052539.png\",\"contentUrl\":\"https:\\\/\\\/tajkertesz.com\\\/wp-content\\\/uploads\\\/2018\\\/02\\\/logo-2-e1518678052539.png\",\"width\":81,\"height\":140,\"caption\":\"T\u00e1j-Kert\u00e9sz 84 Kft.\"},\"image\":{\"@id\":\"https:\\\/\\\/tajkertesz.com\\\/#\\\/schema\\\/logo\\\/image\\\/\"},\"sameAs\":[\"https:\\\/\\\/www.facebook.com\\\/Tajkertesz\\\/\"]}]}<\/script>\n<!-- \/ Yoast SEO plugin. -->","yoast_head_json":{"title":"Chamaecyparis lawsoniana 'Ellwoodii' - Oregoni hamisciprus - T\u00e1jkert\u00e9sz","description":"A Chamaecyparis lawsoniana 'Ellwoodii' - Oregoni hamisciprus alakja m\u00e1r fiatal kor\u00e1ban kialakul ,n\u00f6veked\u00e9se viszont viszonylag lass\u00fa.","robots":{"index":"index","follow":"follow","max-snippet":"max-snippet:-1","max-image-preview":"max-image-preview:large","max-video-preview":"max-video-preview:-1"},"canonical":"https:\/\/tajkertesz.com\/en_US\/product\/chamaecyparis-lawsoniana-ellwoodii-oregoni-hamisciprus\/","og_locale":"en_US","og_type":"article","og_title":"Chamaecyparis lawsoniana 'Ellwoodii' - Oregoni hamisciprus - T\u00e1jkert\u00e9sz","og_description":"A Chamaecyparis lawsoniana 'Ellwoodii' - Oregoni hamisciprus alakja m\u00e1r fiatal kor\u00e1ban kialakul ,n\u00f6veked\u00e9se viszont viszonylag lass\u00fa.","og_url":"https:\/\/tajkertesz.com\/en_US\/product\/chamaecyparis-lawsoniana-ellwoodii-oregoni-hamisciprus\/","og_site_name":"T\u00e1jkert\u00e9sz","article_publisher":"https:\/\/www.facebook.com\/Tajkertesz\/","article_modified_time":"2026-02-24T10:13:13+00:00","og_image":[{"width":1920,"height":2560,"url":"https:\/\/tajkertesz.com\/wp-content\/uploads\/2020\/10\/20241009_082949-scaled.jpg","type":"image\/jpeg"}],"twitter_card":"summary_large_image","twitter_misc":{"Est. reading time":"3 minutes"},"schema":{"@context":"https:\/\/schema.org","@graph":[{"@type":"WebPage","@id":"https:\/\/tajkertesz.com\/termek\/chamaecyparis-lawsoniana-ellwoodii-oregoni-hamisciprus\/","url":"https:\/\/tajkertesz.com\/termek\/chamaecyparis-lawsoniana-ellwoodii-oregoni-hamisciprus\/","name":"Chamaecyparis lawsoniana 'Ellwoodii' - Oregoni hamisciprus - T\u00e1jkert\u00e9sz","isPartOf":{"@id":"https:\/\/tajkertesz.com\/#website"},"primaryImageOfPage":{"@id":"https:\/\/tajkertesz.com\/termek\/chamaecyparis-lawsoniana-ellwoodii-oregoni-hamisciprus\/#primaryimage"},"image":{"@id":"https:\/\/tajkertesz.com\/termek\/chamaecyparis-lawsoniana-ellwoodii-oregoni-hamisciprus\/#primaryimage"},"thumbnailUrl":"https:\/\/tajkertesz.com\/wp-content\/uploads\/2020\/10\/20241009_082949-scaled.jpg","datePublished":"2024-10-09T10:30:14+00:00","dateModified":"2026-02-24T10:13:13+00:00","description":"A Chamaecyparis lawsoniana 'Ellwoodii' - Oregoni hamisciprus alakja m\u00e1r fiatal kor\u00e1ban kialakul ,n\u00f6veked\u00e9se viszont viszonylag lass\u00fa.","breadcrumb":{"@id":"https:\/\/tajkertesz.com\/termek\/chamaecyparis-lawsoniana-ellwoodii-oregoni-hamisciprus\/#breadcrumb"},"inLanguage":"en-US","potentialAction":[{"@type":"ReadAction","target":["https:\/\/tajkertesz.com\/termek\/chamaecyparis-lawsoniana-ellwoodii-oregoni-hamisciprus\/"]}]},{"@type":"ImageObject","inLanguage":"en-US","@id":"https:\/\/tajkertesz.com\/termek\/chamaecyparis-lawsoniana-ellwoodii-oregoni-hamisciprus\/#primaryimage","url":"https:\/\/tajkertesz.com\/wp-content\/uploads\/2020\/10\/20241009_082949-scaled.jpg","contentUrl":"https:\/\/tajkertesz.com\/wp-content\/uploads\/2020\/10\/20241009_082949-scaled.jpg","width":1920,"height":2560,"caption":"Chamaecyparis lawsoniana 'Ellwoodi' - Oregoni hamisciprus"},{"@type":"BreadcrumbList","@id":"https:\/\/tajkertesz.com\/termek\/chamaecyparis-lawsoniana-ellwoodii-oregoni-hamisciprus\/#breadcrumb","itemListElement":[{"@type":"ListItem","position":1,"name":"Home","item":"https:\/\/tajkertesz.com\/"},{"@type":"ListItem","position":2,"name":"Kezd\u0151lap","item":"https:\/\/tajkertesz.com\/"},{"@type":"ListItem","position":3,"name":"Chamaecyparis lawsoniana &#8216;Ellwoodii&#8217; &#8211; Oregoni hamisciprus"}]},{"@type":"WebSite","@id":"https:\/\/tajkertesz.com\/#website","url":"https:\/\/tajkertesz.com\/","name":"T\u00e1j-Kert\u00e9sz 84 Kft.","description":"Kert\u00e9szeti kis- \u00e9s nagykeresked\u00e9s, D\u00edszn\u00f6v\u00e9ny web\u00e1ruh\u00e1z orsz\u00e1gos h\u00e1zhozsz\u00e1ll\u00edt\u00e1ssal!","publisher":{"@id":"https:\/\/tajkertesz.com\/#organization"},"potentialAction":[{"@type":"SearchAction","target":{"@type":"EntryPoint","urlTemplate":"https:\/\/tajkertesz.com\/?s={search_term_string}"},"query-input":{"@type":"PropertyValueSpecification","valueRequired":true,"valueName":"search_term_string"}}],"inLanguage":"en-US"},{"@type":"Organization","@id":"https:\/\/tajkertesz.com\/#organization","name":"T\u00e1j-Kert\u00e9sz 84 Kft.","url":"https:\/\/tajkertesz.com\/","logo":{"@type":"ImageObject","inLanguage":"en-US","@id":"https:\/\/tajkertesz.com\/#\/schema\/logo\/image\/","url":"https:\/\/tajkertesz.com\/wp-content\/uploads\/2018\/02\/logo-2-e1518678052539.png","contentUrl":"https:\/\/tajkertesz.com\/wp-content\/uploads\/2018\/02\/logo-2-e1518678052539.png","width":81,"height":140,"caption":"T\u00e1j-Kert\u00e9sz 84 Kft."},"image":{"@id":"https:\/\/tajkertesz.com\/#\/schema\/logo\/image\/"},"sameAs":["https:\/\/www.facebook.com\/Tajkertesz\/"]}]}},"_links":{"self":[{"href":"https:\/\/tajkertesz.com\/en_US\/wp-json\/wp\/v2\/product\/2309","targetHints":{"allow":["GET"]}}],"collection":[{"href":"https:\/\/tajkertesz.com\/en_US\/wp-json\/wp\/v2\/product"}],"about":[{"href":"https:\/\/tajkertesz.com\/en_US\/wp-json\/wp\/v2\/types\/product"}],"wp:featuredmedia":[{"embeddable":true,"href":"https:\/\/tajkertesz.com\/en_US\/wp-json\/wp\/v2\/media\/21292"}],"wp:attachment":[{"href":"https:\/\/tajkertesz.com\/en_US\/wp-json\/wp\/v2\/media?parent=2309"}],"wp:term":[{"taxonomy":"product_brand","embeddable":true,"href":"https:\/\/tajkertesz.com\/en_US\/wp-json\/wp\/v2\/product_brand?post=2309"},{"taxonomy":"product_cat","embeddable":true,"href":"https:\/\/tajkertesz.com\/en_US\/wp-json\/wp\/v2\/product_cat?post=2309"},{"taxonomy":"product_tag","embeddable":true,"href":"https:\/\/tajkertesz.com\/en_US\/wp-json\/wp\/v2\/product_tag?post=2309"}],"curies":[{"name":"wp","href":"https:\/\/api.w.org\/{rel}","templated":true}]}}