{"id":23114,"date":"2025-04-08T14:34:26","date_gmt":"2025-04-08T14:34:26","guid":{"rendered":"https:\/\/tajkertesz.com\/?post_type=product&#038;p=23114"},"modified":"2025-10-10T12:58:29","modified_gmt":"2025-10-10T12:58:29","slug":"betula-pendula-kozonseges-nyirfa-2","status":"publish","type":"product","link":"https:\/\/tajkertesz.com\/en_US\/product\/betula-pendula-kozonseges-nyirfa-2\/","title":{"rendered":"Betula pendula &#8211; K\u00f6z\u00f6ns\u00e9ges ny\u00edrfa"},"content":{"rendered":"<h1>Betula pendula &#8211; K\u00f6z\u00f6ns\u00e9ges ny\u00edrfa<\/h1>\n<p data-start=\"477\" data-end=\"729\">A Betula pendula &#8211; K\u00f6z\u00f6ns\u00e9ges ny\u00edrfa\u00a0egy gyorsan n\u00f6vekv\u0151, dekorat\u00edv lombhullat\u00f3 fa, melyet jellegzetes feh\u00e9r k\u00e9rge \u00e9s kecses, lehajl\u00f3 \u00e1gai tesznek k\u00fcl\u00f6nlegess\u00e9. Kiv\u00e1l\u00f3an alkalmas kertekbe, parkokba, term\u00e9szetes hat\u00e1s\u00fa t\u00e1jk\u00e9pi elemekhez.<\/p>\n<p data-start=\"734\" data-end=\"756\">\ud83c\udf33 <strong data-start=\"737\" data-end=\"756\">F\u0151bb jellemz\u0151k:<\/strong><\/p>\n<ul data-start=\"759\" data-end=\"994\">\n<li data-start=\"759\" data-end=\"786\">\n<p data-start=\"761\" data-end=\"786\"><strong data-start=\"761\" data-end=\"774\">Magass\u00e1g:<\/strong> 15\u201320 m\u00e9ter<\/p>\n<\/li>\n<li data-start=\"789\" data-end=\"828\">\n<p data-start=\"791\" data-end=\"828\"><strong data-start=\"791\" data-end=\"801\">Forma:<\/strong> Karcs\u00fa, l\u00e9gies megjelen\u00e9s\u0171<\/p>\n<\/li>\n<li data-start=\"831\" data-end=\"883\">\n<p data-start=\"833\" data-end=\"883\"><strong data-start=\"833\" data-end=\"848\">Talajig\u00e9ny:<\/strong> J\u00f3l fejl\u0151dik \u00e1tlagos kerti talajon<\/p>\n<\/li>\n<li data-start=\"886\" data-end=\"935\">\n<p data-start=\"888\" data-end=\"935\"><strong data-start=\"888\" data-end=\"902\">F\u00e9nyig\u00e9ny:<\/strong> Napos-f\u00e9l\u00e1rny\u00e9kos fekv\u00e9st kedvel<\/p>\n<\/li>\n<li data-start=\"938\" data-end=\"992\">\n<p data-start=\"940\" data-end=\"992\"><strong data-start=\"940\" data-end=\"955\">T\u00e9l\u00e1ll\u00f3s\u00e1g:<\/strong> Rendk\u00edv\u00fcl fagyt\u0171r\u0151 (-25 \u00b0C alatt is)<\/p>\n<\/li>\n<\/ul>\n<p>&nbsp;<\/p>\n<p data-start=\"997\" data-end=\"1145\">\u2705 <strong data-start=\"999\" data-end=\"1059\">Eg\u00e9sz \u00e9vben \u00fcltethet\u0151 kont\u00e9neres kiszerel\u00e9sben el\u00e9rhet\u0151.<\/strong><br data-start=\"1059\" data-end=\"1062\" \/>T\u00f6k\u00e9letes v\u00e1laszt\u00e1s, ha egy gyors n\u00f6veked\u00e9s\u0171, term\u00e9szetes hat\u00e1s\u00fa d\u00edszf\u00e1t keresel.<\/p>\n<h4><strong>\ud83d\udd04 K\u00e9szletinform\u00e1ci\u00f3<\/strong><\/h4>\n<p><strong>K\u00e9szlet\u00fcnk napi szinten v\u00e1ltozik, \u00edgy a webshopban szerepl<\/strong><strong>\u0151<\/strong><strong> term\u00e9kek el\u00e9rhet<\/strong><strong>\u0151<\/strong><strong>s\u00e9ge nem garant\u00e1lt.<br \/>\n\ud83d\udcde A megrendel\u00e9s el<\/strong><strong>\u0151<\/strong><strong>tt k\u00e9rj\u00fck, \u00e9rdekl<\/strong><strong>\u0151<\/strong><strong>dj\u00f6n szem\u00e9lyesen, telefonon vagy e-mailben!<\/strong><\/p>\n<h4><strong>\u27a1\ufe0f Kapcsolat:<\/strong><\/h4>\n<ul>\n<li><strong>Weboldal: <\/strong><a href=\"https:\/\/tajkertesz.com\"><strong>tajkertesz.com<\/strong><\/a><\/li>\n<li><strong>Facebook: <\/strong><a href=\"https:\/\/www.facebook.com\/tajkertesz\/\"><strong>facebook.com\/tajkertesz<\/strong><\/a><\/li>\n<li><strong>Telefonsz\u00e1m, e-mail: +36\/20-319-3770 <\/strong><a href=\"mailto:tajkerteszaruda@gmail.com\"><strong>tajkerteszaruda@gmail.com<\/strong><\/a><\/li>\n<\/ul>\n<h4><strong>\ud83d\ude9a Sz\u00e1ll\u00edt\u00e1si inform\u00e1ci\u00f3k<\/strong><\/h4>\n<p><strong>A megrendelt n\u00f6v\u00e9nyek kisz\u00e1ll\u00edt\u00e1sa az al\u00e1bbi felt\u00e9telek mellett t\u00f6rt\u00e9nik:<\/strong><\/p>\n<h4><strong>\ud83d\udce6 Fut\u00e1rszolg\u00e1latos sz\u00e1ll\u00edt\u00e1s<\/strong><\/h4>\n<ul>\n<li><strong>Maxim\u00e1lis m\u00e9ret: 200 cm (hossz\u00fas\u00e1g)<\/strong><\/li>\n<li><strong>Maxim\u00e1lis s\u00faly: 40 kg<\/strong><\/li>\n<li><strong>Az enn\u00e9l kisebb \u00e9s k\u00f6nnyebb csomagokat fut\u00e1rszolg\u00e1lattal k\u00e9zbes\u00edtj\u00fck a lehet<\/strong><strong>\u0151<\/strong><strong> legbiztons\u00e1gosabb csomagol\u00e1sban.<\/strong><\/li>\n<\/ul>\n<h4><strong>\ud83d\udefb Szem\u00e9lyes \u00e1tv\u00e9tel<\/strong><\/h4>\n<ul>\n<li><strong>1173 Budapest, Bakancsos utca 7. sz\u00e1m alatt nyitvatart\u00e1si id<\/strong><strong>\u0151<\/strong><strong>ben szem\u00e9lyesen \u00e1tvehet<\/strong><strong>\u0151<\/strong><strong> kert\u00e9szeti \u00e1rud\u00e1nkban.<\/strong><\/li>\n<li><strong>K\u00f6lts\u00e9ghat\u00e9kony megold\u00e1s nagyobb, t\u00f6r\u00e9kenyebb vagy t\u00falm\u00e9retes n\u00f6v\u00e9nyek eset\u00e9n.<\/strong><\/li>\n<\/ul>\n<h4><strong>\ud83d\udcde Nagy m\u00e9ret<\/strong><strong>\u0171<\/strong><strong> vagy s\u00faly\u00fa n\u00f6v\u00e9nyek eset\u00e9n<\/strong><\/h4>\n<p><strong>Ha a term\u00e9k:<\/strong><\/p>\n<ul>\n<li><strong>meghaladja a 200 cm hossz\u00fas\u00e1got vagy<\/strong><\/li>\n<li><strong>meghaladja a 40 kg s\u00falyt,<\/strong><\/li>\n<\/ul>\n<p><strong>akkor szem\u00e9lyes \u00e1tv\u00e9tellel vagy egyedi, el<\/strong><strong>\u0151<\/strong><strong>re egyeztetett sz\u00e1ll\u00edt\u00e1si felt\u00e9telek mellett t\u00f6rt\u00e9nik.<br \/>\nK\u00e9rj\u00fck, ilyen esetben rendel\u00e9s el<\/strong><strong>\u0151<\/strong><strong>tt vegye fel vel\u00fcnk a kapcsolatot, hogy a lehet<\/strong><strong>\u0151<\/strong><strong> legmegfelel<\/strong><strong>\u0151<\/strong><strong>bb sz\u00e1ll\u00edt\u00e1si megold\u00e1st k\u00edn\u00e1lhassuk.<\/strong><\/p>\n<p><strong>\ud83d\udd14 Fontos: A n\u00f6v\u00e9nyeket minden esetben igyeksz\u00fcnk gondosan, egyes\u00e9vel csomagolni, azonban a sz\u00e1ll\u00edt\u00e1s sor\u00e1n kisebb eszt\u00e9tikai s\u00e9r\u00fcl\u00e9sek el<\/strong><strong>\u0151<\/strong><strong>fordulhatnak (pl. lev\u00e9lhull\u00e1s). Ez nem min<\/strong><strong>\u0151<\/strong><strong>s\u00fcl hib\u00e1s teljes\u00edt\u00e9snek.<\/strong><\/p>\n<h4><strong>\ud83d\udcf7 Fontos tudni a k\u00e9pekr<\/strong><strong>\u0151<\/strong><strong>l<\/strong><\/h4>\n<p><strong>A webshopban szerepl<\/strong><strong>\u0151<\/strong><strong> k\u00e9pek illusztr\u00e1ci\u00f3k, a n\u00f6v\u00e9nyek term\u00e9szet\u00fckn\u00e9l fogva egyediek, \u00edgy m\u00e9retben, alakban \u00e9s sz\u00ednben minim\u00e1lis elt\u00e9r\u00e9sek el<\/strong><strong>\u0151<\/strong><strong>fordulhatnak a k\u00e9pen l\u00e1that\u00f3 \u00e9s a val\u00f3s p\u00e9ld\u00e1nyok k\u00f6z\u00f6tt.<\/strong><\/p>\n<h4><strong>\ud83e\uddfe \u00c1rak \u00e9s el\u00e1ll\u00e1si jog<\/strong><\/h4>\n<ul>\n<li><strong>Az \u00e1rak egy darab\u00a0n\u00f6v\u00e9nyre vonatkoznak.<\/strong><\/li>\n<li><strong>\u00c9l<\/strong><strong>\u0151<\/strong><strong> n\u00f6v\u00e9nyek rendel\u00e9se eset\u00e9n a 14 napos el\u00e1ll\u00e1s joga nem \u00e9rv\u00e9nyes\u00edthet<\/strong><strong>\u0151<\/strong><strong>, mivel azok romland\u00f3, biol\u00f3giailag \u00e9l<\/strong><strong>\u0151<\/strong><strong> term\u00e9keknek min<\/strong><strong>\u0151<\/strong><strong>s\u00fclnek.<br \/>\n\ud83d\udd12 (17\/1999. (II. 5.) Korm. rendelet 5. \u00a7 c) pontja alapj\u00e1n)<\/strong><\/li>\n<\/ul>\n<h4><strong>\ud83d\udce6 K\u00e9zbes\u00edt\u00e9s ut\u00e1ni teend<\/strong><strong>\u0151<\/strong><strong>k<\/strong><\/h4>\n<p><strong>A k\u00e9zbes\u00edt\u00e9st k\u00f6vet<\/strong><strong>\u0151<\/strong><strong>en a csomagot azonnal bontsuk ki, \u00e9s a n\u00f6v\u00e9nyt helyezz\u00fck el megfelel<\/strong><strong>\u0151<\/strong><strong> k\u00f6rnyezetben.<br \/>\nFontos: ha a n\u00f6v\u00e9ny nem r\u00e9szes\u00fcl megfelel<\/strong><strong>\u0151<\/strong><strong> gondoz\u00e1sban \u00e9s ennek k\u00f6vetkezt\u00e9ben k\u00e1rosodik vagy elpusztul, felel<\/strong><strong>\u0151<\/strong><strong>ss\u00e9get nem tudunk v\u00e1llalni.<\/strong><\/p>\n<p><strong>\u00a0<\/strong><\/p>","protected":false},"excerpt":{"rendered":"<p>Betula pendula &#8211; K\u00f6z\u00f6ns\u00e9ges ny\u00edrfa \u0151shonos, l\u00e1tv\u00e1nyos lombhullat\u00f3 fa kont\u00e9neres kiszerel\u00e9sben. Ide\u00e1lis d\u00edszkertekbe \u00e9s parkos\u00edt\u00e1shoz.<\/p>\n<p>Jelen term\u00e9k\u00fcnk kont\u00e9neres \u00e9s kb.250\/300 cm magas.<\/p>\n<h4><span style=\"color: #ff0000;\">A n\u00f6v\u00e9ny magass\u00e1ga miatt GLS fut\u00e1rszolg\u00e1lattal csak visszav\u00e1gva sz\u00e1ll\u00edthat\u00f3!<\/span><\/h4>","protected":false},"featured_media":775,"template":"","meta":{"_et_pb_use_builder":"","_et_pb_old_content":"","_et_gb_content_width":""},"product_brand":[],"product_cat":[28],"product_tag":[4051,33,5922,6614,4564,6121,6617,5837,56,6615,6616],"class_list":{"0":"post-23114","1":"product","2":"type-product","3":"status-publish","4":"has-post-thumbnail","6":"product_cat-diszfak","7":"product_tag-betula-pendula","8":"product_tag-diszfa","9":"product_tag-evelo-noveny","10":"product_tag-ezust-nyir","11":"product_tag-kerteszet","12":"product_tag-konteneres-disznoveny","13":"product_tag-kozonseges-nyir","14":"product_tag-lombhullato-fa","15":"product_tag-nyirfa","16":"product_tag-oshonos-fa","17":"product_tag-tajepiteszet","19":"first","20":"outofstock","21":"shipping-taxable","22":"product-type-simple"},"yoast_head":"<!-- This site is optimized with the Yoast SEO plugin v27.4 - https:\/\/yoast.com\/product\/yoast-seo-wordpress\/ -->\n<title>Betula pendula - K\u00f6z\u00f6ns\u00e9ges ny\u00edrfa - T\u00e1jkert\u00e9sz<\/title>\n<meta name=\"description\" content=\"Betula pendula - K\u00f6z\u00f6ns\u00e9ges ny\u00edrfa gyors n\u00f6veked\u00e9s\u0171, t\u00e9l\u00e1ll\u00f3 lombhullat\u00f3 d\u00edszfa kont\u00e9neres kiszerel\u00e9sben. Ide\u00e1lis v\u00e1laszt\u00e1s kertbe vagy parkos\u00edt\u00e1shoz.\" \/>\n<meta name=\"robots\" content=\"index, follow, max-snippet:-1, max-image-preview:large, max-video-preview:-1\" \/>\n<link rel=\"canonical\" href=\"https:\/\/tajkertesz.com\/en_US\/product\/betula-pendula-kozonseges-nyirfa-2\/\" \/>\n<meta property=\"og:locale\" content=\"en_US\" \/>\n<meta property=\"og:type\" content=\"article\" \/>\n<meta property=\"og:title\" content=\"https:\/\/www.facebook.com\/tajkertesz\/\" \/>\n<meta property=\"og:description\" content=\"A Betula pendula, K\u00f6z\u00f6ns\u00e9ges ny\u00edrfa \u00e9rdekess\u00e9ge a h\u00f3feh\u00e9r t\u00f6rzse.N\u00f6veked\u00e9s, alak:18-25 (30) m-es nagy fa, laza, szab\u00e1lytalan koron\u00e1val, m\u00e1sod-harmadrend\u0171 \u00e1gai, hajt\u00e1sai gyakran hosszan cs\u00fcng\u0151k. T\u00f6rzse feh\u00e9r, gyeng\u00e9n h\u00e1ml\u00f3.Lev\u00e9l: Tagolatlan, friss z\u00f6ld, ov\u00e1lis, 4-6 cm-es. \u0150sszel s\u00e1rga-barn\u00e1ss\u00e1rga.Vir\u00e1g: F\u00fcz\u00e9rvir\u00e1gzat, s\u00e1rg\u00e1sz\u00f6ld, \u00e1prilisban ny\u00edlik.\" \/>\n<meta property=\"og:url\" content=\"https:\/\/tajkertesz.com\/en_US\/product\/betula-pendula-kozonseges-nyirfa-2\/\" \/>\n<meta property=\"og:site_name\" content=\"T\u00e1jkert\u00e9sz\" \/>\n<meta property=\"article:publisher\" content=\"https:\/\/www.facebook.com\/Tajkertesz\/\" \/>\n<meta property=\"article:modified_time\" content=\"2025-10-10T12:58:29+00:00\" \/>\n<meta property=\"og:image\" content=\"https:\/\/tajkertesz.com\/wp-content\/uploads\/2022\/12\/betula-fast.jpg\" \/>\n\t<meta property=\"og:image:width\" content=\"450\" \/>\n\t<meta property=\"og:image:height\" content=\"600\" \/>\n\t<meta property=\"og:image:type\" content=\"image\/jpeg\" \/>\n<meta name=\"twitter:card\" content=\"summary_large_image\" \/>\n<meta name=\"twitter:label1\" content=\"Est. reading time\" \/>\n\t<meta name=\"twitter:data1\" content=\"3 minutes\" \/>\n<script type=\"application\/ld+json\" class=\"yoast-schema-graph\">{\"@context\":\"https:\\\/\\\/schema.org\",\"@graph\":[{\"@type\":\"WebPage\",\"@id\":\"https:\\\/\\\/tajkertesz.com\\\/termek\\\/betula-pendula-kozonseges-nyirfa-2\\\/\",\"url\":\"https:\\\/\\\/tajkertesz.com\\\/termek\\\/betula-pendula-kozonseges-nyirfa-2\\\/\",\"name\":\"Betula pendula - K\u00f6z\u00f6ns\u00e9ges ny\u00edrfa - T\u00e1jkert\u00e9sz\",\"isPartOf\":{\"@id\":\"https:\\\/\\\/tajkertesz.com\\\/#website\"},\"primaryImageOfPage\":{\"@id\":\"https:\\\/\\\/tajkertesz.com\\\/termek\\\/betula-pendula-kozonseges-nyirfa-2\\\/#primaryimage\"},\"image\":{\"@id\":\"https:\\\/\\\/tajkertesz.com\\\/termek\\\/betula-pendula-kozonseges-nyirfa-2\\\/#primaryimage\"},\"thumbnailUrl\":\"https:\\\/\\\/tajkertesz.com\\\/wp-content\\\/uploads\\\/2020\\\/02\\\/k\u00f6z\u00f6ns\u00e9ges-ny\u00edrfa.jpg\",\"datePublished\":\"2025-04-08T14:34:26+00:00\",\"dateModified\":\"2025-10-10T12:58:29+00:00\",\"description\":\"Betula pendula - K\u00f6z\u00f6ns\u00e9ges ny\u00edrfa gyors n\u00f6veked\u00e9s\u0171, t\u00e9l\u00e1ll\u00f3 lombhullat\u00f3 d\u00edszfa kont\u00e9neres kiszerel\u00e9sben. Ide\u00e1lis v\u00e1laszt\u00e1s kertbe vagy parkos\u00edt\u00e1shoz.\",\"breadcrumb\":{\"@id\":\"https:\\\/\\\/tajkertesz.com\\\/termek\\\/betula-pendula-kozonseges-nyirfa-2\\\/#breadcrumb\"},\"inLanguage\":\"en-US\",\"potentialAction\":[{\"@type\":\"ReadAction\",\"target\":[\"https:\\\/\\\/tajkertesz.com\\\/termek\\\/betula-pendula-kozonseges-nyirfa-2\\\/\"]}]},{\"@type\":\"ImageObject\",\"inLanguage\":\"en-US\",\"@id\":\"https:\\\/\\\/tajkertesz.com\\\/termek\\\/betula-pendula-kozonseges-nyirfa-2\\\/#primaryimage\",\"url\":\"https:\\\/\\\/tajkertesz.com\\\/wp-content\\\/uploads\\\/2020\\\/02\\\/k\u00f6z\u00f6ns\u00e9ges-ny\u00edrfa.jpg\",\"contentUrl\":\"https:\\\/\\\/tajkertesz.com\\\/wp-content\\\/uploads\\\/2020\\\/02\\\/k\u00f6z\u00f6ns\u00e9ges-ny\u00edrfa.jpg\",\"width\":1000,\"height\":1000,\"caption\":\"Betula pendula - K\u00f6z\u00f6ns\u00e9ges ny\u00edrfa\"},{\"@type\":\"BreadcrumbList\",\"@id\":\"https:\\\/\\\/tajkertesz.com\\\/termek\\\/betula-pendula-kozonseges-nyirfa-2\\\/#breadcrumb\",\"itemListElement\":[{\"@type\":\"ListItem\",\"position\":1,\"name\":\"Home\",\"item\":\"https:\\\/\\\/tajkertesz.com\\\/\"},{\"@type\":\"ListItem\",\"position\":2,\"name\":\"Kezd\u0151lap\",\"item\":\"https:\\\/\\\/tajkertesz.com\\\/\"},{\"@type\":\"ListItem\",\"position\":3,\"name\":\"Betula pendula &#8211; K\u00f6z\u00f6ns\u00e9ges ny\u00edrfa\"}]},{\"@type\":\"WebSite\",\"@id\":\"https:\\\/\\\/tajkertesz.com\\\/#website\",\"url\":\"https:\\\/\\\/tajkertesz.com\\\/\",\"name\":\"T\u00e1j-Kert\u00e9sz 84 Kft.\",\"description\":\"Kert\u00e9szeti kis- \u00e9s nagykeresked\u00e9s, D\u00edszn\u00f6v\u00e9ny web\u00e1ruh\u00e1z orsz\u00e1gos h\u00e1zhozsz\u00e1ll\u00edt\u00e1ssal!\",\"publisher\":{\"@id\":\"https:\\\/\\\/tajkertesz.com\\\/#organization\"},\"potentialAction\":[{\"@type\":\"SearchAction\",\"target\":{\"@type\":\"EntryPoint\",\"urlTemplate\":\"https:\\\/\\\/tajkertesz.com\\\/?s={search_term_string}\"},\"query-input\":{\"@type\":\"PropertyValueSpecification\",\"valueRequired\":true,\"valueName\":\"search_term_string\"}}],\"inLanguage\":\"en-US\"},{\"@type\":\"Organization\",\"@id\":\"https:\\\/\\\/tajkertesz.com\\\/#organization\",\"name\":\"T\u00e1j-Kert\u00e9sz 84 Kft.\",\"url\":\"https:\\\/\\\/tajkertesz.com\\\/\",\"logo\":{\"@type\":\"ImageObject\",\"inLanguage\":\"en-US\",\"@id\":\"https:\\\/\\\/tajkertesz.com\\\/#\\\/schema\\\/logo\\\/image\\\/\",\"url\":\"https:\\\/\\\/tajkertesz.com\\\/wp-content\\\/uploads\\\/2018\\\/02\\\/logo-2-e1518678052539.png\",\"contentUrl\":\"https:\\\/\\\/tajkertesz.com\\\/wp-content\\\/uploads\\\/2018\\\/02\\\/logo-2-e1518678052539.png\",\"width\":81,\"height\":140,\"caption\":\"T\u00e1j-Kert\u00e9sz 84 Kft.\"},\"image\":{\"@id\":\"https:\\\/\\\/tajkertesz.com\\\/#\\\/schema\\\/logo\\\/image\\\/\"},\"sameAs\":[\"https:\\\/\\\/www.facebook.com\\\/Tajkertesz\\\/\"]}]}<\/script>\n<!-- \/ Yoast SEO plugin. -->","yoast_head_json":{"title":"Betula pendula - K\u00f6z\u00f6ns\u00e9ges ny\u00edrfa - T\u00e1jkert\u00e9sz","description":"Betula pendula - K\u00f6z\u00f6ns\u00e9ges ny\u00edrfa gyors n\u00f6veked\u00e9s\u0171, t\u00e9l\u00e1ll\u00f3 lombhullat\u00f3 d\u00edszfa kont\u00e9neres kiszerel\u00e9sben. Ide\u00e1lis v\u00e1laszt\u00e1s kertbe vagy parkos\u00edt\u00e1shoz.","robots":{"index":"index","follow":"follow","max-snippet":"max-snippet:-1","max-image-preview":"max-image-preview:large","max-video-preview":"max-video-preview:-1"},"canonical":"https:\/\/tajkertesz.com\/en_US\/product\/betula-pendula-kozonseges-nyirfa-2\/","og_locale":"en_US","og_type":"article","og_title":"https:\/\/www.facebook.com\/tajkertesz\/","og_description":"A Betula pendula, K\u00f6z\u00f6ns\u00e9ges ny\u00edrfa \u00e9rdekess\u00e9ge a h\u00f3feh\u00e9r t\u00f6rzse.N\u00f6veked\u00e9s, alak:18-25 (30) m-es nagy fa, laza, szab\u00e1lytalan koron\u00e1val, m\u00e1sod-harmadrend\u0171 \u00e1gai, hajt\u00e1sai gyakran hosszan cs\u00fcng\u0151k. T\u00f6rzse feh\u00e9r, gyeng\u00e9n h\u00e1ml\u00f3.Lev\u00e9l: Tagolatlan, friss z\u00f6ld, ov\u00e1lis, 4-6 cm-es. \u0150sszel s\u00e1rga-barn\u00e1ss\u00e1rga.Vir\u00e1g: F\u00fcz\u00e9rvir\u00e1gzat, s\u00e1rg\u00e1sz\u00f6ld, \u00e1prilisban ny\u00edlik.","og_url":"https:\/\/tajkertesz.com\/en_US\/product\/betula-pendula-kozonseges-nyirfa-2\/","og_site_name":"T\u00e1jkert\u00e9sz","article_publisher":"https:\/\/www.facebook.com\/Tajkertesz\/","article_modified_time":"2025-10-10T12:58:29+00:00","og_image":[{"width":450,"height":600,"url":"https:\/\/tajkertesz.com\/wp-content\/uploads\/2022\/12\/betula-fast.jpg","type":"image\/jpeg"}],"twitter_card":"summary_large_image","twitter_misc":{"Est. reading time":"3 minutes"},"schema":{"@context":"https:\/\/schema.org","@graph":[{"@type":"WebPage","@id":"https:\/\/tajkertesz.com\/termek\/betula-pendula-kozonseges-nyirfa-2\/","url":"https:\/\/tajkertesz.com\/termek\/betula-pendula-kozonseges-nyirfa-2\/","name":"Betula pendula - K\u00f6z\u00f6ns\u00e9ges ny\u00edrfa - T\u00e1jkert\u00e9sz","isPartOf":{"@id":"https:\/\/tajkertesz.com\/#website"},"primaryImageOfPage":{"@id":"https:\/\/tajkertesz.com\/termek\/betula-pendula-kozonseges-nyirfa-2\/#primaryimage"},"image":{"@id":"https:\/\/tajkertesz.com\/termek\/betula-pendula-kozonseges-nyirfa-2\/#primaryimage"},"thumbnailUrl":"https:\/\/tajkertesz.com\/wp-content\/uploads\/2020\/02\/k\u00f6z\u00f6ns\u00e9ges-ny\u00edrfa.jpg","datePublished":"2025-04-08T14:34:26+00:00","dateModified":"2025-10-10T12:58:29+00:00","description":"Betula pendula - K\u00f6z\u00f6ns\u00e9ges ny\u00edrfa gyors n\u00f6veked\u00e9s\u0171, t\u00e9l\u00e1ll\u00f3 lombhullat\u00f3 d\u00edszfa kont\u00e9neres kiszerel\u00e9sben. Ide\u00e1lis v\u00e1laszt\u00e1s kertbe vagy parkos\u00edt\u00e1shoz.","breadcrumb":{"@id":"https:\/\/tajkertesz.com\/termek\/betula-pendula-kozonseges-nyirfa-2\/#breadcrumb"},"inLanguage":"en-US","potentialAction":[{"@type":"ReadAction","target":["https:\/\/tajkertesz.com\/termek\/betula-pendula-kozonseges-nyirfa-2\/"]}]},{"@type":"ImageObject","inLanguage":"en-US","@id":"https:\/\/tajkertesz.com\/termek\/betula-pendula-kozonseges-nyirfa-2\/#primaryimage","url":"https:\/\/tajkertesz.com\/wp-content\/uploads\/2020\/02\/k\u00f6z\u00f6ns\u00e9ges-ny\u00edrfa.jpg","contentUrl":"https:\/\/tajkertesz.com\/wp-content\/uploads\/2020\/02\/k\u00f6z\u00f6ns\u00e9ges-ny\u00edrfa.jpg","width":1000,"height":1000,"caption":"Betula pendula - K\u00f6z\u00f6ns\u00e9ges ny\u00edrfa"},{"@type":"BreadcrumbList","@id":"https:\/\/tajkertesz.com\/termek\/betula-pendula-kozonseges-nyirfa-2\/#breadcrumb","itemListElement":[{"@type":"ListItem","position":1,"name":"Home","item":"https:\/\/tajkertesz.com\/"},{"@type":"ListItem","position":2,"name":"Kezd\u0151lap","item":"https:\/\/tajkertesz.com\/"},{"@type":"ListItem","position":3,"name":"Betula pendula &#8211; K\u00f6z\u00f6ns\u00e9ges ny\u00edrfa"}]},{"@type":"WebSite","@id":"https:\/\/tajkertesz.com\/#website","url":"https:\/\/tajkertesz.com\/","name":"T\u00e1j-Kert\u00e9sz 84 Kft.","description":"Kert\u00e9szeti kis- \u00e9s nagykeresked\u00e9s, D\u00edszn\u00f6v\u00e9ny web\u00e1ruh\u00e1z orsz\u00e1gos h\u00e1zhozsz\u00e1ll\u00edt\u00e1ssal!","publisher":{"@id":"https:\/\/tajkertesz.com\/#organization"},"potentialAction":[{"@type":"SearchAction","target":{"@type":"EntryPoint","urlTemplate":"https:\/\/tajkertesz.com\/?s={search_term_string}"},"query-input":{"@type":"PropertyValueSpecification","valueRequired":true,"valueName":"search_term_string"}}],"inLanguage":"en-US"},{"@type":"Organization","@id":"https:\/\/tajkertesz.com\/#organization","name":"T\u00e1j-Kert\u00e9sz 84 Kft.","url":"https:\/\/tajkertesz.com\/","logo":{"@type":"ImageObject","inLanguage":"en-US","@id":"https:\/\/tajkertesz.com\/#\/schema\/logo\/image\/","url":"https:\/\/tajkertesz.com\/wp-content\/uploads\/2018\/02\/logo-2-e1518678052539.png","contentUrl":"https:\/\/tajkertesz.com\/wp-content\/uploads\/2018\/02\/logo-2-e1518678052539.png","width":81,"height":140,"caption":"T\u00e1j-Kert\u00e9sz 84 Kft."},"image":{"@id":"https:\/\/tajkertesz.com\/#\/schema\/logo\/image\/"},"sameAs":["https:\/\/www.facebook.com\/Tajkertesz\/"]}]}},"_links":{"self":[{"href":"https:\/\/tajkertesz.com\/en_US\/wp-json\/wp\/v2\/product\/23114","targetHints":{"allow":["GET"]}}],"collection":[{"href":"https:\/\/tajkertesz.com\/en_US\/wp-json\/wp\/v2\/product"}],"about":[{"href":"https:\/\/tajkertesz.com\/en_US\/wp-json\/wp\/v2\/types\/product"}],"wp:featuredmedia":[{"embeddable":true,"href":"https:\/\/tajkertesz.com\/en_US\/wp-json\/wp\/v2\/media\/775"}],"wp:attachment":[{"href":"https:\/\/tajkertesz.com\/en_US\/wp-json\/wp\/v2\/media?parent=23114"}],"wp:term":[{"taxonomy":"product_brand","embeddable":true,"href":"https:\/\/tajkertesz.com\/en_US\/wp-json\/wp\/v2\/product_brand?post=23114"},{"taxonomy":"product_cat","embeddable":true,"href":"https:\/\/tajkertesz.com\/en_US\/wp-json\/wp\/v2\/product_cat?post=23114"},{"taxonomy":"product_tag","embeddable":true,"href":"https:\/\/tajkertesz.com\/en_US\/wp-json\/wp\/v2\/product_tag?post=23114"}],"curies":[{"name":"wp","href":"https:\/\/api.w.org\/{rel}","templated":true}]}}