{"id":23120,"date":"2025-04-09T07:00:43","date_gmt":"2025-04-09T07:00:43","guid":{"rendered":"https:\/\/tajkertesz.com\/?post_type=product&#038;p=23120"},"modified":"2025-11-27T07:46:08","modified_gmt":"2025-11-27T07:46:08","slug":"regenerator-regeneralo-mutragya-pazsitokhoz-350g","status":"publish","type":"product","link":"https:\/\/tajkertesz.com\/en_US\/product\/regenerator-regeneralo-mutragya-pazsitokhoz-350g\/","title":{"rendered":"Agrecol Regener\u00e1tor &#8211; regener\u00e1l\u00f3 m\u0171tr\u00e1gya p\u00e1zsitokhoz 350g"},"content":{"rendered":"<h1>Agrecol Regener\u00e1tor &#8211; regener\u00e1l\u00f3 m\u0171tr\u00e1gya p\u00e1zsitokhoz 350g<\/h1>\n<p>Regener\u00e1tor &#8211; regener\u00e1l\u00f3 m\u0171tr\u00e1gya p\u00e1zsitokhoz:<img loading=\"lazy\" decoding=\"async\" class=\"alignnone size-thumbnail wp-image-23121\" src=\"https:\/\/tajkertesz.com\/wp-content\/uploads\/2025\/04\/128-K-regenerator-350-g-v2-wiz-370-150x150.png\" alt=\"\" width=\"150\" height=\"150\" srcset=\"https:\/\/tajkertesz.com\/wp-content\/uploads\/2025\/04\/128-K-regenerator-350-g-v2-wiz-370-150x150.png 150w, https:\/\/tajkertesz.com\/wp-content\/uploads\/2025\/04\/128-K-regenerator-350-g-v2-wiz-370-300x300.png 300w, https:\/\/tajkertesz.com\/wp-content\/uploads\/2025\/04\/128-K-regenerator-350-g-v2-wiz-370-100x100.png 100w\" sizes=\"(max-width: 150px) 100vw, 150px\" \/><\/p>\n<p>sok moh\u00e1val rendelkez\u0151 p\u00e1zsit etet\u00e9s\u00e9re tervezt\u00e9k<\/p>\n<p>er\u0151s\u00edti a legyeng\u00fclt f\u00fcvet \u00e9s megakad\u00e1lyozza a moha \u00e9s a gyom n\u00f6veked\u00e9s\u00e9t<br \/>\n350 l \u00f6nt\u00f6z\u0151oldathoz elegend\u0151<\/p>\n<p>CE m\u0171tr\u00e1gya<br \/>\nnitrog\u00e9n (N) \u2013 18%<br \/>\nfoszfor (P2O5) \u2013 5%<br \/>\nk\u00e1lium (K2O) \u2013 10%<br \/>\nmagn\u00e9zium (MgO) \u2013 2%<\/p>\n<p>Mikrot\u00e1panyagok<br \/>\nEDTA kel\u00e1t:<br \/>\nr\u00e9z (Cu) 0,02%, vas (Fe) 2,0%,<br \/>\nmang\u00e1n (Mn) 0,04%, cink (Zn) 0,015%<\/p>\n<p>Regener\u00e1tor \u2013 v\u00edzben k\u00f6nnyen old\u00f3d\u00f3 krist\u00e1lyos m\u0171tr\u00e1gya. Kiv\u00e1l\u00f3 nedvsz\u00edv\u00f3 k\u00e9pess\u00e9ge \u00e9s gyors fell\u00e9p\u00e9se ide\u00e1liss\u00e1 teszi rossz \u00e1llapot\u00fa gyepek tr\u00e1gy\u00e1z\u00e1s\u00e1ra. Sikeresen haszn\u00e1lhat\u00f3 megs\u00e1rgult \u00e9s sok moh\u00e1s p\u00e1zsiton. A p\u00e1zsit megfelel\u0151 fejl\u0151d\u00e9s\u00e9hez sz\u00fcks\u00e9ges makro- \u00e9s mikroelemek teljes k\u00e9szlet\u00e9t tartalmazza.<\/p>\n<p>A vas hat\u00e1sa a moh\u00e1ra<br \/>\nA moha nem toler\u00e1lja a vasat, \u00edgy magas tartalma hat\u00e9konyan g\u00e1tolja a gyepen a moha n\u00f6veked\u00e9s\u00e9t. A vas egy nyomelem, amely a n\u00f6v\u00e9nyek z\u00f6ld pigmentj\u00e9nek, a klorofillnak a k\u00e9pz\u0151d\u00e9s\u00e9\u00e9rt felel\u0151s. Hi\u00e1ny\u00e1nak p\u00f3tl\u00e1s\u00e1val a m\u0171tr\u00e1gya visszaadja a f\u0171 buja z\u00f6ld sz\u00edn\u00e9t. A m\u0171tr\u00e1gya rendszeres kijuttat\u00e1sa meger\u0151s\u00edti a legyeng\u00fclt f\u00fcvet \u00e9s intenz\u00edv el\u00e1gaz\u00f3d\u00e1st biztos\u00edt.<\/p>\n<p>M\u0171tr\u00e1gya legyeng\u00fclt p\u00e1zsitokon t\u00f6rt\u00e9n\u0151 haszn\u00e1latra<br \/>\nA Regenerator k\u00fcl\u00f6n\u00f6sen aj\u00e1nlott legyeng\u00fclt gyepekre, amelyek sz\u00e1razs\u00e1gt\u00f3l, betegs\u00e9gekt\u0151l, moh\u00e1t\u00f3l \u00e9s gyomokt\u00f3l szenvedtek. T\u00f6k\u00e9letesen m\u0171k\u00f6dik a p\u00e1zsiton is s\u00farol\u00e1s vagy leveg\u0151ztet\u00e9s ut\u00e1n. Ilyen helyzetekben, amikor gyors gy\u00f3gyul\u00e1st akarunk, a m\u0171tr\u00e1gya nagyszer\u0171 eredm\u00e9nyeket hoz. A m\u0171tr\u00e1gy\u00e1ban l\u00e9v\u0151 vasvegy\u00fcletek seg\u00edtik a moha n\u00f6veked\u00e9s\u00e9t.<\/p>\n<p>Rendszeress\u00e9g<br \/>\nA Regenerator rendszeres haszn\u00e1lat\u00e1nak k\u00f6sz\u00f6nhet\u0151en a legyeng\u00fclt p\u00e1zsit visszanyeri vonz\u00f3 megjelen\u00e9s\u00e9t \u00e9s eg\u00e9szs\u00e9g\u00e9t.<\/p>\n<p>&nbsp;<\/p>\n<p>Hogyan kell haszn\u00e1lni<br \/>\nM\u00e1rciust\u00f3l augusztusig 30 naponk\u00e9nt tr\u00e1gy\u00e1zza a gyepet.<br \/>\nAdagol\u00e1s: Oldjunk fel 1 te\u00e1skan\u00e1l (5 g) m\u0171tr\u00e1gy\u00e1t 5 liter v\u00edzben (1 g m\u0171tr\u00e1gya 1 liter v\u00edzhez). Haszn\u00e1lja a kapott oldatot 2 m\u00b2 gyep \u00f6nt\u00f6z\u00e9s\u00e9re. \u00d6nt\u00f6zze be a gyepet sz\u0171r\u0151vel ell\u00e1tott \u00f6nt\u00f6z\u0151kann\u00e1val vagy \u00f6nt\u00f6z\u0151rendszerrel k\u00f6zvetlen\u00fcl a m\u0171tr\u00e1gya felold\u00e1sa ut\u00e1n. Ha az oldatot hosszabb ideig hagyja, csapad\u00e9k k\u00e9pz\u0151dhet. Ha a gyep \u00e1llapota nagyon rossz, akkor k\u00e9tszeres adagot haszn\u00e1ljon, 1 te\u00e1skan\u00e1l (5 g) m\u0171tr\u00e1gy\u00e1t 1 m\u00b2-enk\u00e9nt.<br \/>\nMegjegyz\u00e9s: Magas vastartalma miatt a m\u0171tr\u00e1gya nagyon szennyezett k\u00e9sz\u00edtm\u00e9ny. Megkem\u00e9nyedett fel\u00fcletekt\u0151l, p\u00e9ld\u00e1ul j\u00e1rd\u00e1kt\u00f3l, felhajt\u00f3kt\u00f3l vagy teraszokt\u00f3l t\u00e1vol kell haszn\u00e1lni, mert nehezen elt\u00e1vol\u00edthat\u00f3 barna bevonatot hagyhat maga ut\u00e1n.<\/p>\n<p>Csak sz\u00fcks\u00e9g eset\u00e9n haszn\u00e1lja.<br \/>\nNe l\u00e9pje t\u00fal az adagot.<\/p>\n<h4><strong>\ud83d\udd04 K\u00e9szletinform\u00e1ci\u00f3<\/strong><\/h4>\n<p><strong>K\u00e9szlet\u00fcnk napi szinten v\u00e1ltozik, \u00edgy a webshopban szerepl<\/strong><strong>\u0151<\/strong><strong>\u00a0term\u00e9kek el\u00e9rhet<\/strong><strong>\u0151<\/strong><strong>s\u00e9ge nem garant\u00e1lt.<br \/>\n\ud83d\udcde A megrendel\u00e9s el<\/strong><strong>\u0151<\/strong><strong>tt k\u00e9rj\u00fck, \u00e9rdekl<\/strong><strong>\u0151<\/strong><strong>dj\u00f6n szem\u00e9lyesen, telefonon vagy e-mailben!<\/strong><\/p>\n<h4><strong>\u27a1\ufe0f Kapcsolat:<\/strong><\/h4>\n<ul>\n<li><strong>Weboldal:\u00a0<\/strong><a href=\"https:\/\/tajkertesz.com\/\"><strong>tajkertesz.com<\/strong><\/a><\/li>\n<li><strong>Facebook:\u00a0<\/strong><a href=\"https:\/\/www.facebook.com\/tajkertesz\/\"><strong>facebook.com\/tajkertesz<\/strong><\/a><\/li>\n<li><strong>Telefonsz\u00e1m, e-mail: +36\/20-319-3770\u00a0<\/strong><a href=\"mailto:tajkerteszaruda@gmail.com\"><strong>tajkerteszaruda@gmail.com<\/strong><\/a><\/li>\n<\/ul>\n<h4><strong>\ud83d\ude9a Sz\u00e1ll\u00edt\u00e1si inform\u00e1ci\u00f3k<\/strong><\/h4>\n<p><strong>A megrendelt n\u00f6v\u00e9nyek kisz\u00e1ll\u00edt\u00e1sa az al\u00e1bbi felt\u00e9telek mellett t\u00f6rt\u00e9nik:<\/strong><\/p>\n<h4><strong>\ud83d\udce6 Fut\u00e1rszolg\u00e1latos sz\u00e1ll\u00edt\u00e1s<\/strong><\/h4>\n<ul>\n<li><strong>Maxim\u00e1lis m\u00e9ret: 200 cm (hossz\u00fas\u00e1g)<\/strong><\/li>\n<li><strong>Maxim\u00e1lis s\u00faly: 40 kg<\/strong><\/li>\n<li><strong>Az enn\u00e9l kisebb \u00e9s k\u00f6nnyebb csomagokat fut\u00e1rszolg\u00e1lattal k\u00e9zbes\u00edtj\u00fck a lehet<\/strong><strong>\u0151<\/strong><strong>\u00a0legbiztons\u00e1gosabb csomagol\u00e1sban.<\/strong><\/li>\n<\/ul>\n<h4><strong>\ud83d\udefb Szem\u00e9lyes \u00e1tv\u00e9tel<\/strong><\/h4>\n<ul>\n<li><strong>1173 Budapest, Bakancsos utca 7. sz\u00e1m alatt nyitvatart\u00e1si id<\/strong><strong>\u0151<\/strong><strong>ben szem\u00e9lyesen \u00e1tvehet<\/strong><strong>\u0151<\/strong><strong>\u00a0kert\u00e9szeti \u00e1rud\u00e1nkban.<\/strong><\/li>\n<li><strong>K\u00f6lts\u00e9ghat\u00e9kony megold\u00e1s nagyobb, t\u00f6r\u00e9kenyebb vagy t\u00falm\u00e9retes n\u00f6v\u00e9nyek eset\u00e9n.<\/strong><\/li>\n<\/ul>\n<h4><strong>\ud83d\udcde Nagy m\u00e9ret<\/strong><strong>\u0171<\/strong><strong>\u00a0vagy s\u00faly\u00fa n\u00f6v\u00e9nyek eset\u00e9n<\/strong><\/h4>\n<p><strong>Ha a term\u00e9k:<\/strong><\/p>\n<ul>\n<li><strong>meghaladja a 200 cm hossz\u00fas\u00e1got vagy<\/strong><\/li>\n<li><strong>meghaladja a 40 kg s\u00falyt,<\/strong><\/li>\n<\/ul>\n<p><strong>akkor szem\u00e9lyes \u00e1tv\u00e9tellel vagy egyedi, el<\/strong><strong>\u0151<\/strong><strong>re egyeztetett sz\u00e1ll\u00edt\u00e1si felt\u00e9telek mellett t\u00f6rt\u00e9nik.<br \/>\nK\u00e9rj\u00fck, ilyen esetben rendel\u00e9s el<\/strong><strong>\u0151<\/strong><strong>tt vegye fel vel\u00fcnk a kapcsolatot, hogy a lehet<\/strong><strong>\u0151<\/strong><strong>\u00a0legmegfelel<\/strong><strong>\u0151<\/strong><strong>bb sz\u00e1ll\u00edt\u00e1si megold\u00e1st k\u00edn\u00e1lhassuk.<\/strong><\/p>\n<p><strong>\ud83d\udd14 Fontos: A n\u00f6v\u00e9nyeket minden esetben igyeksz\u00fcnk gondosan, egyes\u00e9vel csomagolni, azonban a sz\u00e1ll\u00edt\u00e1s sor\u00e1n kisebb eszt\u00e9tikai s\u00e9r\u00fcl\u00e9sek el<\/strong><strong>\u0151<\/strong><strong>fordulhatnak (pl. lev\u00e9lhull\u00e1s). Ez nem min<\/strong><strong>\u0151<\/strong><strong>s\u00fcl hib\u00e1s teljes\u00edt\u00e9snek.<\/strong><\/p>\n<h4><strong>\ud83d\udcf7 Fontos tudni a k\u00e9pekr<\/strong><strong>\u0151<\/strong><strong>l<\/strong><\/h4>\n<p><strong>A webshopban szerepl<\/strong><strong>\u0151<\/strong><strong>\u00a0k\u00e9pek illusztr\u00e1ci\u00f3k, a n\u00f6v\u00e9nyek term\u00e9szet\u00fckn\u00e9l fogva egyediek, \u00edgy m\u00e9retben, alakban \u00e9s sz\u00ednben minim\u00e1lis elt\u00e9r\u00e9sek el<\/strong><strong>\u0151<\/strong><strong>fordulhatnak a k\u00e9pen l\u00e1that\u00f3 \u00e9s a val\u00f3s p\u00e9ld\u00e1nyok k\u00f6z\u00f6tt.<\/strong><\/p>\n<h4><strong>\ud83e\uddfe \u00c1rak \u00e9s el\u00e1ll\u00e1si jog<\/strong><\/h4>\n<ul>\n<li><strong>Az \u00e1rak egy darab\u00a0n\u00f6v\u00e9nyre vonatkoznak.<\/strong><\/li>\n<li><strong>\u00c9l<\/strong><strong>\u0151<\/strong><strong>\u00a0n\u00f6v\u00e9nyek rendel\u00e9se eset\u00e9n a 14 napos el\u00e1ll\u00e1s joga nem \u00e9rv\u00e9nyes\u00edthet<\/strong><strong>\u0151<\/strong><strong>, mivel azok romland\u00f3, biol\u00f3giailag \u00e9l<\/strong><strong>\u0151<\/strong><strong>\u00a0term\u00e9keknek min<\/strong><strong>\u0151<\/strong><strong>s\u00fclnek.<br \/>\n\ud83d\udd12 (17\/1999. (II. 5.) Korm. rendelet 5. \u00a7 c) pontja alapj\u00e1n)<\/strong><\/li>\n<\/ul>\n<h4><strong>\ud83d\udce6 K\u00e9zbes\u00edt\u00e9s ut\u00e1ni teend<\/strong><strong>\u0151<\/strong><strong>k<\/strong><\/h4>\n<p><strong>A k\u00e9zbes\u00edt\u00e9st k\u00f6vet<\/strong><strong>\u0151<\/strong><strong>en a csomagot azonnal bontsuk ki, \u00e9s a n\u00f6v\u00e9nyt helyezz\u00fck el megfelel<\/strong><strong>\u0151<\/strong><strong>\u00a0k\u00f6rnyezetben.<br \/>\nFontos: ha a n\u00f6v\u00e9ny nem r\u00e9szes\u00fcl megfelel<\/strong><strong>\u0151<\/strong><strong>\u00a0gondoz\u00e1sban \u00e9s ennek k\u00f6vetkezt\u00e9ben k\u00e1rosodik vagy elpusztul, felel<\/strong><strong>\u0151<\/strong><strong>ss\u00e9get nem tudunk v\u00e1llalni.<\/strong><\/p>\n<p>&nbsp;<\/p>\n<p>&nbsp;<\/p>","protected":false},"excerpt":{"rendered":"<p>Regener\u00e1tor &#8211; regener\u00e1l\u00f3 m\u0171tr\u00e1gya p\u00e1zsitokhoz 350g<\/p>","protected":false},"featured_media":23121,"template":"","meta":{"_et_pb_use_builder":"","_et_pb_old_content":"","_et_gb_content_width":""},"product_brand":[5735],"product_cat":[1426,1415,1414],"product_tag":[537,699,705],"class_list":{"0":"post-23120","1":"product","2":"type-product","3":"status-publish","4":"has-post-thumbnail","6":"product_brand-agrecol","7":"product_cat-agrecol-gyepmutragya","8":"product_cat-agrecol-tapoldatok-mutragyak","9":"product_cat-tapoldatok-mutragyak","10":"product_tag-agrecol","11":"product_tag-gyeptragya","12":"product_tag-mutragya","14":"first","15":"instock","16":"shipping-taxable","17":"purchasable","18":"product-type-simple"},"yoast_head":"<!-- This site is optimized with the Yoast SEO plugin v27.5 - https:\/\/yoast.com\/product\/yoast-seo-wordpress\/ -->\n<title>Agrecol Regener\u00e1tor - regener\u00e1l\u00f3 m\u0171tr\u00e1gya p\u00e1zsitokhoz 350g - T\u00e1jkert\u00e9sz<\/title>\n<meta name=\"description\" content=\"Regener\u00e1tor - regener\u00e1l\u00f3 m\u0171tr\u00e1gya p\u00e1zsitokhoz.............................................................................\" \/>\n<meta name=\"robots\" content=\"index, follow, max-snippet:-1, max-image-preview:large, max-video-preview:-1\" \/>\n<link rel=\"canonical\" href=\"https:\/\/tajkertesz.com\/en_US\/product\/regenerator-regeneralo-mutragya-pazsitokhoz-350g\/\" \/>\n<meta property=\"og:locale\" content=\"en_US\" \/>\n<meta property=\"og:type\" content=\"article\" \/>\n<meta property=\"og:title\" content=\"Agrecol Regener\u00e1tor - regener\u00e1l\u00f3 m\u0171tr\u00e1gya p\u00e1zsitokhoz 350g - T\u00e1jkert\u00e9sz\" \/>\n<meta property=\"og:description\" content=\"Regener\u00e1tor - regener\u00e1l\u00f3 m\u0171tr\u00e1gya p\u00e1zsitokhoz.............................................................................\" \/>\n<meta property=\"og:url\" content=\"https:\/\/tajkertesz.com\/en_US\/product\/regenerator-regeneralo-mutragya-pazsitokhoz-350g\/\" \/>\n<meta property=\"og:site_name\" content=\"T\u00e1jkert\u00e9sz\" \/>\n<meta property=\"article:publisher\" content=\"https:\/\/www.facebook.com\/Tajkertesz\/\" \/>\n<meta property=\"article:modified_time\" content=\"2025-11-27T07:46:08+00:00\" \/>\n<meta property=\"og:image\" content=\"https:\/\/tajkertesz.com\/wp-content\/uploads\/2025\/04\/128-K-regenerator-350-g-v2-wiz-370.png\" \/>\n\t<meta property=\"og:image:width\" content=\"370\" \/>\n\t<meta property=\"og:image:height\" content=\"602\" \/>\n\t<meta property=\"og:image:type\" content=\"image\/png\" \/>\n<meta name=\"twitter:card\" content=\"summary_large_image\" \/>\n<meta name=\"twitter:label1\" content=\"Est. reading time\" \/>\n\t<meta name=\"twitter:data1\" content=\"3 minutes\" \/>\n<script type=\"application\/ld+json\" class=\"yoast-schema-graph\">{\"@context\":\"https:\\\/\\\/schema.org\",\"@graph\":[{\"@type\":\"WebPage\",\"@id\":\"https:\\\/\\\/tajkertesz.com\\\/termek\\\/regenerator-regeneralo-mutragya-pazsitokhoz-350g\\\/\",\"url\":\"https:\\\/\\\/tajkertesz.com\\\/termek\\\/regenerator-regeneralo-mutragya-pazsitokhoz-350g\\\/\",\"name\":\"Agrecol Regener\u00e1tor - regener\u00e1l\u00f3 m\u0171tr\u00e1gya p\u00e1zsitokhoz 350g - T\u00e1jkert\u00e9sz\",\"isPartOf\":{\"@id\":\"https:\\\/\\\/tajkertesz.com\\\/#website\"},\"primaryImageOfPage\":{\"@id\":\"https:\\\/\\\/tajkertesz.com\\\/termek\\\/regenerator-regeneralo-mutragya-pazsitokhoz-350g\\\/#primaryimage\"},\"image\":{\"@id\":\"https:\\\/\\\/tajkertesz.com\\\/termek\\\/regenerator-regeneralo-mutragya-pazsitokhoz-350g\\\/#primaryimage\"},\"thumbnailUrl\":\"https:\\\/\\\/tajkertesz.com\\\/wp-content\\\/uploads\\\/2025\\\/04\\\/128-K-regenerator-350-g-v2-wiz-370.png\",\"datePublished\":\"2025-04-09T07:00:43+00:00\",\"dateModified\":\"2025-11-27T07:46:08+00:00\",\"description\":\"Regener\u00e1tor - regener\u00e1l\u00f3 m\u0171tr\u00e1gya p\u00e1zsitokhoz.............................................................................\",\"breadcrumb\":{\"@id\":\"https:\\\/\\\/tajkertesz.com\\\/termek\\\/regenerator-regeneralo-mutragya-pazsitokhoz-350g\\\/#breadcrumb\"},\"inLanguage\":\"en-US\",\"potentialAction\":[{\"@type\":\"ReadAction\",\"target\":[\"https:\\\/\\\/tajkertesz.com\\\/termek\\\/regenerator-regeneralo-mutragya-pazsitokhoz-350g\\\/\"]}]},{\"@type\":\"ImageObject\",\"inLanguage\":\"en-US\",\"@id\":\"https:\\\/\\\/tajkertesz.com\\\/termek\\\/regenerator-regeneralo-mutragya-pazsitokhoz-350g\\\/#primaryimage\",\"url\":\"https:\\\/\\\/tajkertesz.com\\\/wp-content\\\/uploads\\\/2025\\\/04\\\/128-K-regenerator-350-g-v2-wiz-370.png\",\"contentUrl\":\"https:\\\/\\\/tajkertesz.com\\\/wp-content\\\/uploads\\\/2025\\\/04\\\/128-K-regenerator-350-g-v2-wiz-370.png\",\"width\":370,\"height\":602},{\"@type\":\"BreadcrumbList\",\"@id\":\"https:\\\/\\\/tajkertesz.com\\\/termek\\\/regenerator-regeneralo-mutragya-pazsitokhoz-350g\\\/#breadcrumb\",\"itemListElement\":[{\"@type\":\"ListItem\",\"position\":1,\"name\":\"Home\",\"item\":\"https:\\\/\\\/tajkertesz.com\\\/\"},{\"@type\":\"ListItem\",\"position\":2,\"name\":\"Kezd\u0151lap\",\"item\":\"https:\\\/\\\/tajkertesz.com\\\/\"},{\"@type\":\"ListItem\",\"position\":3,\"name\":\"Agrecol Regener\u00e1tor &#8211; regener\u00e1l\u00f3 m\u0171tr\u00e1gya p\u00e1zsitokhoz 350g\"}]},{\"@type\":\"WebSite\",\"@id\":\"https:\\\/\\\/tajkertesz.com\\\/#website\",\"url\":\"https:\\\/\\\/tajkertesz.com\\\/\",\"name\":\"T\u00e1j-Kert\u00e9sz 84 Kft.\",\"description\":\"Kert\u00e9szeti kis- \u00e9s nagykeresked\u00e9s, D\u00edszn\u00f6v\u00e9ny web\u00e1ruh\u00e1z orsz\u00e1gos h\u00e1zhozsz\u00e1ll\u00edt\u00e1ssal!\",\"publisher\":{\"@id\":\"https:\\\/\\\/tajkertesz.com\\\/#organization\"},\"potentialAction\":[{\"@type\":\"SearchAction\",\"target\":{\"@type\":\"EntryPoint\",\"urlTemplate\":\"https:\\\/\\\/tajkertesz.com\\\/?s={search_term_string}\"},\"query-input\":{\"@type\":\"PropertyValueSpecification\",\"valueRequired\":true,\"valueName\":\"search_term_string\"}}],\"inLanguage\":\"en-US\"},{\"@type\":\"Organization\",\"@id\":\"https:\\\/\\\/tajkertesz.com\\\/#organization\",\"name\":\"T\u00e1j-Kert\u00e9sz 84 Kft.\",\"url\":\"https:\\\/\\\/tajkertesz.com\\\/\",\"logo\":{\"@type\":\"ImageObject\",\"inLanguage\":\"en-US\",\"@id\":\"https:\\\/\\\/tajkertesz.com\\\/#\\\/schema\\\/logo\\\/image\\\/\",\"url\":\"https:\\\/\\\/tajkertesz.com\\\/wp-content\\\/uploads\\\/2018\\\/02\\\/logo-2-e1518678052539.png\",\"contentUrl\":\"https:\\\/\\\/tajkertesz.com\\\/wp-content\\\/uploads\\\/2018\\\/02\\\/logo-2-e1518678052539.png\",\"width\":81,\"height\":140,\"caption\":\"T\u00e1j-Kert\u00e9sz 84 Kft.\"},\"image\":{\"@id\":\"https:\\\/\\\/tajkertesz.com\\\/#\\\/schema\\\/logo\\\/image\\\/\"},\"sameAs\":[\"https:\\\/\\\/www.facebook.com\\\/Tajkertesz\\\/\"]}]}<\/script>\n<!-- \/ Yoast SEO plugin. -->","yoast_head_json":{"title":"Agrecol Regener\u00e1tor - regener\u00e1l\u00f3 m\u0171tr\u00e1gya p\u00e1zsitokhoz 350g - T\u00e1jkert\u00e9sz","description":"Regener\u00e1tor - regener\u00e1l\u00f3 m\u0171tr\u00e1gya p\u00e1zsitokhoz.............................................................................","robots":{"index":"index","follow":"follow","max-snippet":"max-snippet:-1","max-image-preview":"max-image-preview:large","max-video-preview":"max-video-preview:-1"},"canonical":"https:\/\/tajkertesz.com\/en_US\/product\/regenerator-regeneralo-mutragya-pazsitokhoz-350g\/","og_locale":"en_US","og_type":"article","og_title":"Agrecol Regener\u00e1tor - regener\u00e1l\u00f3 m\u0171tr\u00e1gya p\u00e1zsitokhoz 350g - T\u00e1jkert\u00e9sz","og_description":"Regener\u00e1tor - regener\u00e1l\u00f3 m\u0171tr\u00e1gya p\u00e1zsitokhoz.............................................................................","og_url":"https:\/\/tajkertesz.com\/en_US\/product\/regenerator-regeneralo-mutragya-pazsitokhoz-350g\/","og_site_name":"T\u00e1jkert\u00e9sz","article_publisher":"https:\/\/www.facebook.com\/Tajkertesz\/","article_modified_time":"2025-11-27T07:46:08+00:00","og_image":[{"width":370,"height":602,"url":"https:\/\/tajkertesz.com\/wp-content\/uploads\/2025\/04\/128-K-regenerator-350-g-v2-wiz-370.png","type":"image\/png"}],"twitter_card":"summary_large_image","twitter_misc":{"Est. reading time":"3 minutes"},"schema":{"@context":"https:\/\/schema.org","@graph":[{"@type":"WebPage","@id":"https:\/\/tajkertesz.com\/termek\/regenerator-regeneralo-mutragya-pazsitokhoz-350g\/","url":"https:\/\/tajkertesz.com\/termek\/regenerator-regeneralo-mutragya-pazsitokhoz-350g\/","name":"Agrecol Regener\u00e1tor - regener\u00e1l\u00f3 m\u0171tr\u00e1gya p\u00e1zsitokhoz 350g - T\u00e1jkert\u00e9sz","isPartOf":{"@id":"https:\/\/tajkertesz.com\/#website"},"primaryImageOfPage":{"@id":"https:\/\/tajkertesz.com\/termek\/regenerator-regeneralo-mutragya-pazsitokhoz-350g\/#primaryimage"},"image":{"@id":"https:\/\/tajkertesz.com\/termek\/regenerator-regeneralo-mutragya-pazsitokhoz-350g\/#primaryimage"},"thumbnailUrl":"https:\/\/tajkertesz.com\/wp-content\/uploads\/2025\/04\/128-K-regenerator-350-g-v2-wiz-370.png","datePublished":"2025-04-09T07:00:43+00:00","dateModified":"2025-11-27T07:46:08+00:00","description":"Regener\u00e1tor - regener\u00e1l\u00f3 m\u0171tr\u00e1gya p\u00e1zsitokhoz.............................................................................","breadcrumb":{"@id":"https:\/\/tajkertesz.com\/termek\/regenerator-regeneralo-mutragya-pazsitokhoz-350g\/#breadcrumb"},"inLanguage":"en-US","potentialAction":[{"@type":"ReadAction","target":["https:\/\/tajkertesz.com\/termek\/regenerator-regeneralo-mutragya-pazsitokhoz-350g\/"]}]},{"@type":"ImageObject","inLanguage":"en-US","@id":"https:\/\/tajkertesz.com\/termek\/regenerator-regeneralo-mutragya-pazsitokhoz-350g\/#primaryimage","url":"https:\/\/tajkertesz.com\/wp-content\/uploads\/2025\/04\/128-K-regenerator-350-g-v2-wiz-370.png","contentUrl":"https:\/\/tajkertesz.com\/wp-content\/uploads\/2025\/04\/128-K-regenerator-350-g-v2-wiz-370.png","width":370,"height":602},{"@type":"BreadcrumbList","@id":"https:\/\/tajkertesz.com\/termek\/regenerator-regeneralo-mutragya-pazsitokhoz-350g\/#breadcrumb","itemListElement":[{"@type":"ListItem","position":1,"name":"Home","item":"https:\/\/tajkertesz.com\/"},{"@type":"ListItem","position":2,"name":"Kezd\u0151lap","item":"https:\/\/tajkertesz.com\/"},{"@type":"ListItem","position":3,"name":"Agrecol Regener\u00e1tor &#8211; regener\u00e1l\u00f3 m\u0171tr\u00e1gya p\u00e1zsitokhoz 350g"}]},{"@type":"WebSite","@id":"https:\/\/tajkertesz.com\/#website","url":"https:\/\/tajkertesz.com\/","name":"T\u00e1j-Kert\u00e9sz 84 Kft.","description":"Kert\u00e9szeti kis- \u00e9s nagykeresked\u00e9s, D\u00edszn\u00f6v\u00e9ny web\u00e1ruh\u00e1z orsz\u00e1gos h\u00e1zhozsz\u00e1ll\u00edt\u00e1ssal!","publisher":{"@id":"https:\/\/tajkertesz.com\/#organization"},"potentialAction":[{"@type":"SearchAction","target":{"@type":"EntryPoint","urlTemplate":"https:\/\/tajkertesz.com\/?s={search_term_string}"},"query-input":{"@type":"PropertyValueSpecification","valueRequired":true,"valueName":"search_term_string"}}],"inLanguage":"en-US"},{"@type":"Organization","@id":"https:\/\/tajkertesz.com\/#organization","name":"T\u00e1j-Kert\u00e9sz 84 Kft.","url":"https:\/\/tajkertesz.com\/","logo":{"@type":"ImageObject","inLanguage":"en-US","@id":"https:\/\/tajkertesz.com\/#\/schema\/logo\/image\/","url":"https:\/\/tajkertesz.com\/wp-content\/uploads\/2018\/02\/logo-2-e1518678052539.png","contentUrl":"https:\/\/tajkertesz.com\/wp-content\/uploads\/2018\/02\/logo-2-e1518678052539.png","width":81,"height":140,"caption":"T\u00e1j-Kert\u00e9sz 84 Kft."},"image":{"@id":"https:\/\/tajkertesz.com\/#\/schema\/logo\/image\/"},"sameAs":["https:\/\/www.facebook.com\/Tajkertesz\/"]}]}},"_links":{"self":[{"href":"https:\/\/tajkertesz.com\/en_US\/wp-json\/wp\/v2\/product\/23120","targetHints":{"allow":["GET"]}}],"collection":[{"href":"https:\/\/tajkertesz.com\/en_US\/wp-json\/wp\/v2\/product"}],"about":[{"href":"https:\/\/tajkertesz.com\/en_US\/wp-json\/wp\/v2\/types\/product"}],"wp:featuredmedia":[{"embeddable":true,"href":"https:\/\/tajkertesz.com\/en_US\/wp-json\/wp\/v2\/media\/23121"}],"wp:attachment":[{"href":"https:\/\/tajkertesz.com\/en_US\/wp-json\/wp\/v2\/media?parent=23120"}],"wp:term":[{"taxonomy":"product_brand","embeddable":true,"href":"https:\/\/tajkertesz.com\/en_US\/wp-json\/wp\/v2\/product_brand?post=23120"},{"taxonomy":"product_cat","embeddable":true,"href":"https:\/\/tajkertesz.com\/en_US\/wp-json\/wp\/v2\/product_cat?post=23120"},{"taxonomy":"product_tag","embeddable":true,"href":"https:\/\/tajkertesz.com\/en_US\/wp-json\/wp\/v2\/product_tag?post=23120"}],"curies":[{"name":"wp","href":"https:\/\/api.w.org\/{rel}","templated":true}]}}