{"id":23122,"date":"2025-04-09T07:20:16","date_gmt":"2025-04-09T07:20:16","guid":{"rendered":"https:\/\/tajkertesz.com\/?post_type=product&#038;p=23122"},"modified":"2025-11-12T09:21:41","modified_gmt":"2025-11-12T09:21:41","slug":"agrecol-rozsa-rozsa-mutragya-300g","status":"publish","type":"product","link":"https:\/\/tajkertesz.com\/en_US\/product\/agrecol-rozsa-rozsa-mutragya-300g\/","title":{"rendered":"Agrecol R\u00f3zsa &#8211; R\u00f3zsa m\u0171tr\u00e1gya 300g"},"content":{"rendered":"<h1>Agrecol R\u00f3zsa &#8211; R\u00f3zsa m\u0171tr\u00e1gya 300g<\/h1>\n<p>Agrecol R\u00f3zsa &#8211; R\u00f3zsa m\u0171tr\u00e1gya 300g<\/p>\n<p>t\u00f6k\u00e9letes kerti r\u00f3zs\u00e1k etet\u00e9s\u00e9re: standard, \u00e1gynem\u0171, talajtakar\u00f3, parkr\u00f3zsa<br \/>\np\u00f3tolhatatlan a miniat\u0171r r\u00f3zs\u00e1k otthoni megterm\u00e9keny\u00edt\u00e9s\u00e9ben<br \/>\ngy\u00f6ny\u00f6r\u0171 vir\u00e1gokat biztos\u00edt<br \/>\n300 l v\u00edzhez elegend\u0151 \u00f6nt\u00f6z\u00e9shez<br \/>\nSorozat:<br \/>\nKrist\u00e1lyos<\/p>\n<p>CE m\u0171tr\u00e1gya<br \/>\nnitrog\u00e9n (N) \u2013 18%<br \/>\nfoszfor (P2O5) \u2013 18%<br \/>\nk\u00e1lium (K2O) \u2013 19%<\/p>\n<p>Mikrot\u00e1panyagok<br \/>\nEDTA kel\u00e1t:<br \/>\nr\u00e9z (Cu) 0,02%, vas (Fe) 0,07%,<br \/>\nmang\u00e1n (Mn) 0,04%, cink (Zn) 0,015%<img loading=\"lazy\" decoding=\"async\" class=\"alignnone size-thumbnail wp-image-23123\" src=\"https:\/\/tajkertesz.com\/wp-content\/uploads\/2025\/04\/124-K-roza-300-g-wiz-od-150x150.png\" alt=\"\" width=\"150\" height=\"150\" srcset=\"https:\/\/tajkertesz.com\/wp-content\/uploads\/2025\/04\/124-K-roza-300-g-wiz-od-150x150.png 150w, https:\/\/tajkertesz.com\/wp-content\/uploads\/2025\/04\/124-K-roza-300-g-wiz-od-300x300.png 300w, https:\/\/tajkertesz.com\/wp-content\/uploads\/2025\/04\/124-K-roza-300-g-wiz-od-100x100.png 100w\" sizes=\"(max-width: 150px) 100vw, 150px\" \/><\/p>\n<p>R\u00f3zsa:<\/p>\n<p>v\u00edzben old\u00f3d\u00f3 krist\u00e1lyos m\u0171tr\u00e1gya. Vir\u00e1g\u00e1gy\u00e1s r\u00f3zs\u00e1k, norm\u00e1l r\u00f3zs\u00e1k, hegym\u00e1sz\u00f3 r\u00f3zs\u00e1k, parki r\u00f3zs\u00e1k, talajtakar\u00f3 r\u00f3zs\u00e1k \u00e9s miniat\u0171r r\u00f3zs\u00e1k tr\u00e1gy\u00e1z\u00e1s\u00e1ra szolg\u00e1l. Haszn\u00e1lhat\u00f3 otthoni termeszt\u00e9sre, teraszon \u00e9s kertben. V\u00e9szhelyzetben m\u0171k\u00f6dik, mert azonnal p\u00f3tolja a t\u00e1panyaghi\u00e1nyt. A k\u00f6nnyen em\u00e9szthet\u0151 form\u00e1ban kaphat\u00f3 \u00e1sv\u00e1nyi anyagok el\u0151seg\u00edtik a n\u00f6v\u00e9nyek n\u00f6veked\u00e9s\u00e9t.<\/p>\n<p>Term\u00e9szetes pH az optim\u00e1lis n\u00f6veked\u00e9si felt\u00e9telek\u00e9rt<br \/>\nA m\u0171tr\u00e1gya nem v\u00e1ltoztatja meg a talaj pH-\u00e9rt\u00e9k\u00e9t. K\u00f6z\u00f6mb\u00f6ss\u00e9ge miatt a r\u00f3zs\u00e1k megfelel\u0151 felt\u00e9teleket biztos\u00edtanak a fejl\u0151d\u00e9shez. A teljes k\u00f6r\u0171 mikro- \u00e9s makroelem-ell\u00e1t\u00e1snak k\u00f6sz\u00f6nhet\u0151en a m\u0171tr\u00e1gya t\u00e1mogatja a n\u00f6v\u00e9nyi pigmentek k\u00e9pz\u0151d\u00e9s\u00e9t, amelyek felel\u0151sek a levelek \u00e9s vir\u00e1gok intenz\u00edv sz\u00edn\u00e9\u00e9rt. Az olyan makroelemek, mint a nitrog\u00e9n \u00e9s a foszfor, seg\u00edtik a n\u00f6v\u00e9nyeket buja bokrok el\u0151\u00e1ll\u00edt\u00e1s\u00e1ban.<\/p>\n<p>Buja bokrok \u00e9s intenz\u00edv sz\u00ednek<br \/>\nA bokrok kiv\u00e1g\u00e1sa ut\u00e1n tavasszal t\u00f6rt\u00e9n\u0151 m\u0171tr\u00e1gy\u00e1z\u00e1s gyorsabb regener\u00e1ci\u00f3t \u00e9s a veget\u00e1ci\u00f3 \u00fajraindul\u00e1s\u00e1t teszi lehet\u0151v\u00e9. \u00cdgy gyorsabban gy\u00f6ny\u00f6rk\u00f6dhet\u00fcnk a gy\u00f6ny\u00f6r\u0171 vir\u00e1gokban a szezonban. A m\u0171tr\u00e1gya rendszeres kijuttat\u00e1sa \u00f6szt\u00f6nzi a r\u00f3zs\u00e1k ism\u00e9telt vir\u00e1gz\u00e1s\u00e1t, k\u00fcl\u00f6n\u00f6sen az ilyen fajt\u00e1kat. Egyr\u00e9szt a k\u00e1liummal t\u00e1pl\u00e1lt cserje- \u00e9s k\u00fasz\u00f3r\u00f3zs\u00e1k er\u0151s \u00e9s szil\u00e1rd hajt\u00e1sokat hoznak. M\u00e1sr\u00e9szt, ezek a hajt\u00e1sok kev\u00e9sb\u00e9 \u00e9rz\u00e9kenyek a t\u00f6r\u00e9sre viharos sz\u00e9lben.<\/p>\n<p>Ellen\u00e1ll\u00e1s a kedvez\u0151tlen k\u00f6r\u00fclm\u00e9nyekkel szemben<br \/>\nA j\u00f3l t\u00e1pl\u00e1lt r\u00f3zs\u00e1k jobban b\u00edrj\u00e1k a sz\u00e1razs\u00e1got \u00e9s az alacsony h\u0151m\u00e9rs\u00e9kletet. R\u00e1ad\u00e1sul kev\u00e9sb\u00e9 \u00e9rz\u00e9kenyek a betegs\u00e9gekre. A m\u0171tr\u00e1gya t\u00e1mogatja eg\u00e9szs\u00e9g\u00fcket \u00e9s hozz\u00e1j\u00e1rul a jobb n\u00f6veked\u00e9shez. Nem tartalmaz a r\u00f3zs\u00e1ra k\u00e1ros kloridokat, \u00edgy biztons\u00e1gos v\u00e1laszt\u00e1s.<\/p>\n<p>A m\u0171tr\u00e1gya nem tartalmaz a r\u00f3zs\u00e1kra k\u00e1ros kloridokat, \u00edgy biztons\u00e1gos v\u00e1laszt\u00e1s.<\/p>\n<p>R\u00f3zsa betegs\u00e9gek:<\/p>\n<p>Mivel a r\u00f3zs\u00e1k k\u00fcl\u00f6nf\u00e9le betegs\u00e9gekre \u00e9rz\u00e9kenyek, \u00e9rdemes tiszt\u00e1ban lenni a kock\u00e1zatokkal. Javasoljuk, hogy olvassa el cikkeinket a leggyakoribb betegs\u00e9gekr\u0151l:<br \/>\n&#8211; fekete folt a r\u00f3zsa level\u00e9n,<br \/>\n&#8211; r\u00f3zsa lisztharmat,<br \/>\n&#8211; r\u00f3zsa rozsda,<br \/>\n\u2013 sz\u00fcrke pen\u00e9sz a r\u00f3zs\u00e1n.<\/p>\n<p>R\u00f3zsak\u00e1rtev\u0151k<br \/>\nUgyanakkor \u00e9rdemes megfelel\u0151 v\u00e9delmet biztos\u00edtani a k\u00fcl\u00f6nf\u00e9le k\u00e1rtev\u0151k ellen, bele\u00e9rtve:<br \/>\n&#8211; lev\u00e9ltetvek a r\u00f3zs\u00e1n,<br \/>\n\u2013 k\u00e9tfoltos tak\u00e1csatka a r\u00f3zs\u00e1n.<\/p>\n<p>Hogyan kell haszn\u00e1lni<br \/>\nKora tavaszt\u00f3l augusztus v\u00e9g\u00e9ig 14 naponk\u00e9nt tr\u00e1gy\u00e1zza meg a r\u00f3zs\u00e1kat.<\/p>\n<p>Adagol\u00e1s: a n\u00f6v\u00e9nyek kor\u00e1t\u00f3l \u00e9s m\u00e9ret\u00e9t\u0151l f\u00fcgg\u0151en, megfelel\u0151 mennyis\u00e9gekkel:<\/p>\n<p>r\u00f3zs\u00e1k az \u00fcltet\u00e9s ut\u00e1n 1 \u00e9vig \u2013 oldj\u00e1k fel<br \/>\n1 te\u00e1skan\u00e1l (5 g) m\u0171tr\u00e1gya 5 liter v\u00edzben,<\/p>\n<p>R\u00f3zsa 1-3 \u00e9ves korig &#8211; 2 te\u00e1skan\u00e1l (10 g);<br \/>\n3 \u00e9vesn\u00e9l id\u0151sebb r\u00f3zs\u00e1k \u2013 3 te\u00e1skan\u00e1l (15 g);<br \/>\ntalajtakar\u00f3 r\u00f3zsa \u2013 2 te\u00e1skan\u00e1l (10 g).<br \/>\nOldja fel a kim\u00e9rt adagot 5 l v\u00edzben, \u00e9s a kapott oldattal \u00f6nt\u00f6zze be a bokor \u00e1ltal elfoglalt ter\u00fclet 1 m2-\u00e9t. A vir\u00e1gos n\u00f6v\u00e9nyek \u00f6nt\u00f6z\u00e9se sor\u00e1n ne \u00f6nt\u00f6zze a vir\u00e1gokat. Ez a m\u0171tr\u00e1gya csepegtet\u0151 \u00f6nt\u00f6z\u0151rendszerekben is haszn\u00e1lhat\u00f3.<\/p>\n<h4><strong>\ud83d\udd04 K\u00e9szletinform\u00e1ci\u00f3<\/strong><\/h4>\n<p><strong>K\u00e9szlet\u00fcnk napi szinten v\u00e1ltozik, \u00edgy a webshopban szerepl<\/strong><strong>\u0151<\/strong><strong>\u00a0term\u00e9kek el\u00e9rhet<\/strong><strong>\u0151<\/strong><strong>s\u00e9ge nem garant\u00e1lt.<br \/>\n\ud83d\udcde A megrendel\u00e9s el<\/strong><strong>\u0151<\/strong><strong>tt k\u00e9rj\u00fck, \u00e9rdekl<\/strong><strong>\u0151<\/strong><strong>dj\u00f6n szem\u00e9lyesen, telefonon vagy e-mailben!<\/strong><\/p>\n<h4><strong>\u27a1\ufe0f Kapcsolat:<\/strong><\/h4>\n<ul>\n<li><strong>Weboldal:\u00a0<\/strong><a href=\"https:\/\/tajkertesz.com\/\"><strong>tajkertesz.com<\/strong><\/a><\/li>\n<li><strong>Facebook:\u00a0<\/strong><a href=\"https:\/\/www.facebook.com\/tajkertesz\/\"><strong>facebook.com\/tajkertesz<\/strong><\/a><\/li>\n<li><strong>Telefonsz\u00e1m, e-mail: +36\/20-319-3770\u00a0<\/strong><a href=\"mailto:tajkerteszaruda@gmail.com\"><strong>tajkerteszaruda@gmail.com<\/strong><\/a><\/li>\n<\/ul>\n<h4><strong>\ud83d\ude9a Sz\u00e1ll\u00edt\u00e1si inform\u00e1ci\u00f3k<\/strong><\/h4>\n<p><strong>A megrendelt n\u00f6v\u00e9nyek kisz\u00e1ll\u00edt\u00e1sa az al\u00e1bbi felt\u00e9telek mellett t\u00f6rt\u00e9nik:<\/strong><\/p>\n<h4><strong>\ud83d\udce6 Fut\u00e1rszolg\u00e1latos sz\u00e1ll\u00edt\u00e1s<\/strong><\/h4>\n<ul>\n<li><strong>Maxim\u00e1lis m\u00e9ret: 200 cm (hossz\u00fas\u00e1g)<\/strong><\/li>\n<li><strong>Maxim\u00e1lis s\u00faly: 40 kg<\/strong><\/li>\n<li><strong>Az enn\u00e9l kisebb \u00e9s k\u00f6nnyebb csomagokat fut\u00e1rszolg\u00e1lattal k\u00e9zbes\u00edtj\u00fck a lehet<\/strong><strong>\u0151<\/strong><strong>\u00a0legbiztons\u00e1gosabb csomagol\u00e1sban.<\/strong><\/li>\n<\/ul>\n<h4><strong>\ud83d\udefb Szem\u00e9lyes \u00e1tv\u00e9tel<\/strong><\/h4>\n<ul>\n<li><strong>1173 Budapest, Bakancsos utca 7. sz\u00e1m alatt nyitvatart\u00e1si id<\/strong><strong>\u0151<\/strong><strong>ben szem\u00e9lyesen \u00e1tvehet<\/strong><strong>\u0151<\/strong><strong>\u00a0kert\u00e9szeti \u00e1rud\u00e1nkban.<\/strong><\/li>\n<li><strong>K\u00f6lts\u00e9ghat\u00e9kony megold\u00e1s nagyobb, t\u00f6r\u00e9kenyebb vagy t\u00falm\u00e9retes n\u00f6v\u00e9nyek eset\u00e9n.<\/strong><\/li>\n<\/ul>\n<h4><strong>\ud83d\udcde Nagy m\u00e9ret<\/strong><strong>\u0171<\/strong><strong>\u00a0vagy s\u00faly\u00fa n\u00f6v\u00e9nyek eset\u00e9n<\/strong><\/h4>\n<p><strong>Ha a term\u00e9k:<\/strong><\/p>\n<ul>\n<li><strong>meghaladja a 200 cm hossz\u00fas\u00e1got vagy<\/strong><\/li>\n<li><strong>meghaladja a 40 kg s\u00falyt,<\/strong><\/li>\n<\/ul>\n<p><strong>akkor szem\u00e9lyes \u00e1tv\u00e9tellel vagy egyedi, el<\/strong><strong>\u0151<\/strong><strong>re egyeztetett sz\u00e1ll\u00edt\u00e1si felt\u00e9telek mellett t\u00f6rt\u00e9nik.<br \/>\nK\u00e9rj\u00fck, ilyen esetben rendel\u00e9s el<\/strong><strong>\u0151<\/strong><strong>tt vegye fel vel\u00fcnk a kapcsolatot, hogy a lehet<\/strong><strong>\u0151<\/strong><strong>\u00a0legmegfelel<\/strong><strong>\u0151<\/strong><strong>bb sz\u00e1ll\u00edt\u00e1si megold\u00e1st k\u00edn\u00e1lhassuk.<\/strong><\/p>\n<p><strong>\ud83d\udd14 Fontos: A n\u00f6v\u00e9nyeket minden esetben igyeksz\u00fcnk gondosan, egyes\u00e9vel csomagolni, azonban a sz\u00e1ll\u00edt\u00e1s sor\u00e1n kisebb eszt\u00e9tikai s\u00e9r\u00fcl\u00e9sek el<\/strong><strong>\u0151<\/strong><strong>fordulhatnak (pl. lev\u00e9lhull\u00e1s). Ez nem min<\/strong><strong>\u0151<\/strong><strong>s\u00fcl hib\u00e1s teljes\u00edt\u00e9snek.<\/strong><\/p>\n<h4><strong>\ud83d\udcf7 Fontos tudni a k\u00e9pekr<\/strong><strong>\u0151<\/strong><strong>l<\/strong><\/h4>\n<p><strong>A webshopban szerepl<\/strong><strong>\u0151<\/strong><strong>\u00a0k\u00e9pek illusztr\u00e1ci\u00f3k, a n\u00f6v\u00e9nyek term\u00e9szet\u00fckn\u00e9l fogva egyediek, \u00edgy m\u00e9retben, alakban \u00e9s sz\u00ednben minim\u00e1lis elt\u00e9r\u00e9sek el<\/strong><strong>\u0151<\/strong><strong>fordulhatnak a k\u00e9pen l\u00e1that\u00f3 \u00e9s a val\u00f3s p\u00e9ld\u00e1nyok k\u00f6z\u00f6tt.<\/strong><\/p>\n<h4><strong>\ud83e\uddfe \u00c1rak \u00e9s el\u00e1ll\u00e1si jog<\/strong><\/h4>\n<ul>\n<li><strong>Az \u00e1rak egy darab\u00a0n\u00f6v\u00e9nyre vonatkoznak.<\/strong><\/li>\n<li><strong>\u00c9l<\/strong><strong>\u0151<\/strong><strong>\u00a0n\u00f6v\u00e9nyek rendel\u00e9se eset\u00e9n a 14 napos el\u00e1ll\u00e1s joga nem \u00e9rv\u00e9nyes\u00edthet<\/strong><strong>\u0151<\/strong><strong>, mivel azok romland\u00f3, biol\u00f3giailag \u00e9l<\/strong><strong>\u0151<\/strong><strong>\u00a0term\u00e9keknek min<\/strong><strong>\u0151<\/strong><strong>s\u00fclnek.<br \/>\n\ud83d\udd12 (17\/1999. (II. 5.) Korm. rendelet 5. \u00a7 c) pontja alapj\u00e1n)<\/strong><\/li>\n<\/ul>\n<h4><strong>\ud83d\udce6 K\u00e9zbes\u00edt\u00e9s ut\u00e1ni teend<\/strong><strong>\u0151<\/strong><strong>k<\/strong><\/h4>\n<p><strong>A k\u00e9zbes\u00edt\u00e9st k\u00f6vet<\/strong><strong>\u0151<\/strong><strong>en a csomagot azonnal bontsuk ki, \u00e9s a n\u00f6v\u00e9nyt helyezz\u00fck el megfelel<\/strong><strong>\u0151<\/strong><strong>\u00a0k\u00f6rnyezetben.<br \/>\nFontos: ha a n\u00f6v\u00e9ny nem r\u00e9szes\u00fcl megfelel<\/strong><strong>\u0151<\/strong><strong>\u00a0gondoz\u00e1sban \u00e9s ennek k\u00f6vetkezt\u00e9ben k\u00e1rosodik vagy elpusztul, felel<\/strong><strong>\u0151<\/strong><strong>ss\u00e9get nem tudunk v\u00e1llalni.<\/strong><\/p>\n<p>&nbsp;<\/p>","protected":false},"excerpt":{"rendered":"<p>Agrecol R\u00f3zsa &#8211; R\u00f3zsa m\u0171tr\u00e1gya 300g<\/p>","protected":false},"featured_media":23123,"template":"","meta":{"_et_pb_use_builder":"","_et_pb_old_content":"","_et_gb_content_width":""},"product_brand":[5735],"product_cat":[1423,1421,1415,1414],"product_tag":[537,606,705,1450],"class_list":{"0":"post-23122","1":"product","2":"type-product","3":"status-publish","4":"has-post-thumbnail","6":"product_brand-agrecol","7":"product_cat-egyeb-kerti-novenyekhez","8":"product_cat-rozsakhoz","9":"product_cat-agrecol-tapoldatok-mutragyak","10":"product_cat-tapoldatok-mutragyak","11":"product_tag-agrecol","12":"product_tag-agyas-rozsa","13":"product_tag-mutragya","14":"product_tag-tapoldat","16":"first","17":"instock","18":"shipping-taxable","19":"purchasable","20":"product-type-simple"},"yoast_head":"<!-- This site is optimized with the Yoast SEO plugin v27.4 - https:\/\/yoast.com\/product\/yoast-seo-wordpress\/ -->\n<title>Agrecol R\u00f3zsa - R\u00f3zsa m\u0171tr\u00e1gya 300g - T\u00e1jkert\u00e9sz<\/title>\n<meta name=\"description\" content=\"Agrecol R\u00f3zsa - R\u00f3zsa m\u0171tr\u00e1gya 300g.......................................................................................\" \/>\n<meta name=\"robots\" content=\"index, follow, max-snippet:-1, max-image-preview:large, max-video-preview:-1\" \/>\n<link rel=\"canonical\" href=\"https:\/\/tajkertesz.com\/en_US\/product\/agrecol-rozsa-rozsa-mutragya-300g\/\" \/>\n<meta property=\"og:locale\" content=\"en_US\" \/>\n<meta property=\"og:type\" content=\"article\" \/>\n<meta property=\"og:title\" content=\"Agrecol R\u00f3zsa - R\u00f3zsa m\u0171tr\u00e1gya 300g - T\u00e1jkert\u00e9sz\" \/>\n<meta property=\"og:description\" content=\"Agrecol R\u00f3zsa - R\u00f3zsa m\u0171tr\u00e1gya 300g.......................................................................................\" \/>\n<meta property=\"og:url\" content=\"https:\/\/tajkertesz.com\/en_US\/product\/agrecol-rozsa-rozsa-mutragya-300g\/\" \/>\n<meta property=\"og:site_name\" content=\"T\u00e1jkert\u00e9sz\" \/>\n<meta property=\"article:publisher\" content=\"https:\/\/www.facebook.com\/Tajkertesz\/\" \/>\n<meta property=\"article:modified_time\" content=\"2025-11-12T09:21:41+00:00\" \/>\n<meta property=\"og:image\" content=\"https:\/\/tajkertesz.com\/wp-content\/uploads\/2025\/04\/124-K-roza-300-g-wiz-od.png\" \/>\n\t<meta property=\"og:image:width\" content=\"370\" \/>\n\t<meta property=\"og:image:height\" content=\"531\" \/>\n\t<meta property=\"og:image:type\" content=\"image\/png\" \/>\n<meta name=\"twitter:card\" content=\"summary_large_image\" \/>\n<meta name=\"twitter:label1\" content=\"Est. reading time\" \/>\n\t<meta name=\"twitter:data1\" content=\"5 minutes\" \/>\n<script type=\"application\/ld+json\" class=\"yoast-schema-graph\">{\"@context\":\"https:\\\/\\\/schema.org\",\"@graph\":[{\"@type\":\"WebPage\",\"@id\":\"https:\\\/\\\/tajkertesz.com\\\/termek\\\/agrecol-rozsa-rozsa-mutragya-300g\\\/\",\"url\":\"https:\\\/\\\/tajkertesz.com\\\/termek\\\/agrecol-rozsa-rozsa-mutragya-300g\\\/\",\"name\":\"Agrecol R\u00f3zsa - R\u00f3zsa m\u0171tr\u00e1gya 300g - T\u00e1jkert\u00e9sz\",\"isPartOf\":{\"@id\":\"https:\\\/\\\/tajkertesz.com\\\/#website\"},\"primaryImageOfPage\":{\"@id\":\"https:\\\/\\\/tajkertesz.com\\\/termek\\\/agrecol-rozsa-rozsa-mutragya-300g\\\/#primaryimage\"},\"image\":{\"@id\":\"https:\\\/\\\/tajkertesz.com\\\/termek\\\/agrecol-rozsa-rozsa-mutragya-300g\\\/#primaryimage\"},\"thumbnailUrl\":\"https:\\\/\\\/tajkertesz.com\\\/wp-content\\\/uploads\\\/2025\\\/04\\\/124-K-roza-300-g-wiz-od.png\",\"datePublished\":\"2025-04-09T07:20:16+00:00\",\"dateModified\":\"2025-11-12T09:21:41+00:00\",\"description\":\"Agrecol R\u00f3zsa - R\u00f3zsa m\u0171tr\u00e1gya 300g.......................................................................................\",\"breadcrumb\":{\"@id\":\"https:\\\/\\\/tajkertesz.com\\\/termek\\\/agrecol-rozsa-rozsa-mutragya-300g\\\/#breadcrumb\"},\"inLanguage\":\"en-US\",\"potentialAction\":[{\"@type\":\"ReadAction\",\"target\":[\"https:\\\/\\\/tajkertesz.com\\\/termek\\\/agrecol-rozsa-rozsa-mutragya-300g\\\/\"]}]},{\"@type\":\"ImageObject\",\"inLanguage\":\"en-US\",\"@id\":\"https:\\\/\\\/tajkertesz.com\\\/termek\\\/agrecol-rozsa-rozsa-mutragya-300g\\\/#primaryimage\",\"url\":\"https:\\\/\\\/tajkertesz.com\\\/wp-content\\\/uploads\\\/2025\\\/04\\\/124-K-roza-300-g-wiz-od.png\",\"contentUrl\":\"https:\\\/\\\/tajkertesz.com\\\/wp-content\\\/uploads\\\/2025\\\/04\\\/124-K-roza-300-g-wiz-od.png\",\"width\":370,\"height\":531},{\"@type\":\"BreadcrumbList\",\"@id\":\"https:\\\/\\\/tajkertesz.com\\\/termek\\\/agrecol-rozsa-rozsa-mutragya-300g\\\/#breadcrumb\",\"itemListElement\":[{\"@type\":\"ListItem\",\"position\":1,\"name\":\"Home\",\"item\":\"https:\\\/\\\/tajkertesz.com\\\/\"},{\"@type\":\"ListItem\",\"position\":2,\"name\":\"Kezd\u0151lap\",\"item\":\"https:\\\/\\\/tajkertesz.com\\\/\"},{\"@type\":\"ListItem\",\"position\":3,\"name\":\"Agrecol R\u00f3zsa &#8211; R\u00f3zsa m\u0171tr\u00e1gya 300g\"}]},{\"@type\":\"WebSite\",\"@id\":\"https:\\\/\\\/tajkertesz.com\\\/#website\",\"url\":\"https:\\\/\\\/tajkertesz.com\\\/\",\"name\":\"T\u00e1j-Kert\u00e9sz 84 Kft.\",\"description\":\"Kert\u00e9szeti kis- \u00e9s nagykeresked\u00e9s, D\u00edszn\u00f6v\u00e9ny web\u00e1ruh\u00e1z orsz\u00e1gos h\u00e1zhozsz\u00e1ll\u00edt\u00e1ssal!\",\"publisher\":{\"@id\":\"https:\\\/\\\/tajkertesz.com\\\/#organization\"},\"potentialAction\":[{\"@type\":\"SearchAction\",\"target\":{\"@type\":\"EntryPoint\",\"urlTemplate\":\"https:\\\/\\\/tajkertesz.com\\\/?s={search_term_string}\"},\"query-input\":{\"@type\":\"PropertyValueSpecification\",\"valueRequired\":true,\"valueName\":\"search_term_string\"}}],\"inLanguage\":\"en-US\"},{\"@type\":\"Organization\",\"@id\":\"https:\\\/\\\/tajkertesz.com\\\/#organization\",\"name\":\"T\u00e1j-Kert\u00e9sz 84 Kft.\",\"url\":\"https:\\\/\\\/tajkertesz.com\\\/\",\"logo\":{\"@type\":\"ImageObject\",\"inLanguage\":\"en-US\",\"@id\":\"https:\\\/\\\/tajkertesz.com\\\/#\\\/schema\\\/logo\\\/image\\\/\",\"url\":\"https:\\\/\\\/tajkertesz.com\\\/wp-content\\\/uploads\\\/2018\\\/02\\\/logo-2-e1518678052539.png\",\"contentUrl\":\"https:\\\/\\\/tajkertesz.com\\\/wp-content\\\/uploads\\\/2018\\\/02\\\/logo-2-e1518678052539.png\",\"width\":81,\"height\":140,\"caption\":\"T\u00e1j-Kert\u00e9sz 84 Kft.\"},\"image\":{\"@id\":\"https:\\\/\\\/tajkertesz.com\\\/#\\\/schema\\\/logo\\\/image\\\/\"},\"sameAs\":[\"https:\\\/\\\/www.facebook.com\\\/Tajkertesz\\\/\"]}]}<\/script>\n<!-- \/ Yoast SEO plugin. -->","yoast_head_json":{"title":"Agrecol R\u00f3zsa - R\u00f3zsa m\u0171tr\u00e1gya 300g - T\u00e1jkert\u00e9sz","description":"Agrecol R\u00f3zsa - R\u00f3zsa m\u0171tr\u00e1gya 300g.......................................................................................","robots":{"index":"index","follow":"follow","max-snippet":"max-snippet:-1","max-image-preview":"max-image-preview:large","max-video-preview":"max-video-preview:-1"},"canonical":"https:\/\/tajkertesz.com\/en_US\/product\/agrecol-rozsa-rozsa-mutragya-300g\/","og_locale":"en_US","og_type":"article","og_title":"Agrecol R\u00f3zsa - R\u00f3zsa m\u0171tr\u00e1gya 300g - T\u00e1jkert\u00e9sz","og_description":"Agrecol R\u00f3zsa - R\u00f3zsa m\u0171tr\u00e1gya 300g.......................................................................................","og_url":"https:\/\/tajkertesz.com\/en_US\/product\/agrecol-rozsa-rozsa-mutragya-300g\/","og_site_name":"T\u00e1jkert\u00e9sz","article_publisher":"https:\/\/www.facebook.com\/Tajkertesz\/","article_modified_time":"2025-11-12T09:21:41+00:00","og_image":[{"width":370,"height":531,"url":"https:\/\/tajkertesz.com\/wp-content\/uploads\/2025\/04\/124-K-roza-300-g-wiz-od.png","type":"image\/png"}],"twitter_card":"summary_large_image","twitter_misc":{"Est. reading time":"5 minutes"},"schema":{"@context":"https:\/\/schema.org","@graph":[{"@type":"WebPage","@id":"https:\/\/tajkertesz.com\/termek\/agrecol-rozsa-rozsa-mutragya-300g\/","url":"https:\/\/tajkertesz.com\/termek\/agrecol-rozsa-rozsa-mutragya-300g\/","name":"Agrecol R\u00f3zsa - R\u00f3zsa m\u0171tr\u00e1gya 300g - T\u00e1jkert\u00e9sz","isPartOf":{"@id":"https:\/\/tajkertesz.com\/#website"},"primaryImageOfPage":{"@id":"https:\/\/tajkertesz.com\/termek\/agrecol-rozsa-rozsa-mutragya-300g\/#primaryimage"},"image":{"@id":"https:\/\/tajkertesz.com\/termek\/agrecol-rozsa-rozsa-mutragya-300g\/#primaryimage"},"thumbnailUrl":"https:\/\/tajkertesz.com\/wp-content\/uploads\/2025\/04\/124-K-roza-300-g-wiz-od.png","datePublished":"2025-04-09T07:20:16+00:00","dateModified":"2025-11-12T09:21:41+00:00","description":"Agrecol R\u00f3zsa - R\u00f3zsa m\u0171tr\u00e1gya 300g.......................................................................................","breadcrumb":{"@id":"https:\/\/tajkertesz.com\/termek\/agrecol-rozsa-rozsa-mutragya-300g\/#breadcrumb"},"inLanguage":"en-US","potentialAction":[{"@type":"ReadAction","target":["https:\/\/tajkertesz.com\/termek\/agrecol-rozsa-rozsa-mutragya-300g\/"]}]},{"@type":"ImageObject","inLanguage":"en-US","@id":"https:\/\/tajkertesz.com\/termek\/agrecol-rozsa-rozsa-mutragya-300g\/#primaryimage","url":"https:\/\/tajkertesz.com\/wp-content\/uploads\/2025\/04\/124-K-roza-300-g-wiz-od.png","contentUrl":"https:\/\/tajkertesz.com\/wp-content\/uploads\/2025\/04\/124-K-roza-300-g-wiz-od.png","width":370,"height":531},{"@type":"BreadcrumbList","@id":"https:\/\/tajkertesz.com\/termek\/agrecol-rozsa-rozsa-mutragya-300g\/#breadcrumb","itemListElement":[{"@type":"ListItem","position":1,"name":"Home","item":"https:\/\/tajkertesz.com\/"},{"@type":"ListItem","position":2,"name":"Kezd\u0151lap","item":"https:\/\/tajkertesz.com\/"},{"@type":"ListItem","position":3,"name":"Agrecol R\u00f3zsa &#8211; R\u00f3zsa m\u0171tr\u00e1gya 300g"}]},{"@type":"WebSite","@id":"https:\/\/tajkertesz.com\/#website","url":"https:\/\/tajkertesz.com\/","name":"T\u00e1j-Kert\u00e9sz 84 Kft.","description":"Kert\u00e9szeti kis- \u00e9s nagykeresked\u00e9s, D\u00edszn\u00f6v\u00e9ny web\u00e1ruh\u00e1z orsz\u00e1gos h\u00e1zhozsz\u00e1ll\u00edt\u00e1ssal!","publisher":{"@id":"https:\/\/tajkertesz.com\/#organization"},"potentialAction":[{"@type":"SearchAction","target":{"@type":"EntryPoint","urlTemplate":"https:\/\/tajkertesz.com\/?s={search_term_string}"},"query-input":{"@type":"PropertyValueSpecification","valueRequired":true,"valueName":"search_term_string"}}],"inLanguage":"en-US"},{"@type":"Organization","@id":"https:\/\/tajkertesz.com\/#organization","name":"T\u00e1j-Kert\u00e9sz 84 Kft.","url":"https:\/\/tajkertesz.com\/","logo":{"@type":"ImageObject","inLanguage":"en-US","@id":"https:\/\/tajkertesz.com\/#\/schema\/logo\/image\/","url":"https:\/\/tajkertesz.com\/wp-content\/uploads\/2018\/02\/logo-2-e1518678052539.png","contentUrl":"https:\/\/tajkertesz.com\/wp-content\/uploads\/2018\/02\/logo-2-e1518678052539.png","width":81,"height":140,"caption":"T\u00e1j-Kert\u00e9sz 84 Kft."},"image":{"@id":"https:\/\/tajkertesz.com\/#\/schema\/logo\/image\/"},"sameAs":["https:\/\/www.facebook.com\/Tajkertesz\/"]}]}},"_links":{"self":[{"href":"https:\/\/tajkertesz.com\/en_US\/wp-json\/wp\/v2\/product\/23122","targetHints":{"allow":["GET"]}}],"collection":[{"href":"https:\/\/tajkertesz.com\/en_US\/wp-json\/wp\/v2\/product"}],"about":[{"href":"https:\/\/tajkertesz.com\/en_US\/wp-json\/wp\/v2\/types\/product"}],"wp:featuredmedia":[{"embeddable":true,"href":"https:\/\/tajkertesz.com\/en_US\/wp-json\/wp\/v2\/media\/23123"}],"wp:attachment":[{"href":"https:\/\/tajkertesz.com\/en_US\/wp-json\/wp\/v2\/media?parent=23122"}],"wp:term":[{"taxonomy":"product_brand","embeddable":true,"href":"https:\/\/tajkertesz.com\/en_US\/wp-json\/wp\/v2\/product_brand?post=23122"},{"taxonomy":"product_cat","embeddable":true,"href":"https:\/\/tajkertesz.com\/en_US\/wp-json\/wp\/v2\/product_cat?post=23122"},{"taxonomy":"product_tag","embeddable":true,"href":"https:\/\/tajkertesz.com\/en_US\/wp-json\/wp\/v2\/product_tag?post=23122"}],"curies":[{"name":"wp","href":"https:\/\/api.w.org\/{rel}","templated":true}]}}