{"id":23124,"date":"2025-04-09T08:18:12","date_gmt":"2025-04-09T08:18:12","guid":{"rendered":"https:\/\/tajkertesz.com\/?post_type=product&#038;p=23124"},"modified":"2025-04-09T08:18:13","modified_gmt":"2025-04-09T08:18:13","slug":"agrecol-tuleveluek-mutragya-a-tuk-barnulasa-ellen-250g","status":"publish","type":"product","link":"https:\/\/tajkertesz.com\/en_US\/product\/agrecol-tuleveluek-mutragya-a-tuk-barnulasa-ellen-250g\/","title":{"rendered":"Agrecol T\u0171level\u0171ek &#8211; m\u0171tr\u00e1gya a t\u0171k barnul\u00e1sa ellen 250g"},"content":{"rendered":"<h1>Agrecol T\u0171level\u0171eknek &#8211; m\u0171tr\u00e1gya a t\u0171k barnul\u00e1sa ellen 250g <img loading=\"lazy\" decoding=\"async\" class=\"alignnone size-thumbnail wp-image-23125\" src=\"https:\/\/tajkertesz.com\/wp-content\/uploads\/2025\/04\/108A-iglak-pbi-250g-wiz-v2_370-150x150.png\" alt=\"\" width=\"150\" height=\"150\" srcset=\"https:\/\/tajkertesz.com\/wp-content\/uploads\/2025\/04\/108A-iglak-pbi-250g-wiz-v2_370-150x150.png 150w, https:\/\/tajkertesz.com\/wp-content\/uploads\/2025\/04\/108A-iglak-pbi-250g-wiz-v2_370-300x300.png 300w, https:\/\/tajkertesz.com\/wp-content\/uploads\/2025\/04\/108A-iglak-pbi-250g-wiz-v2_370-100x100.png 100w\" sizes=\"(max-width: 150px) 100vw, 150px\" \/><\/h1>\n<p>Agrecol T\u0171level\u0171ek &#8211; m\u0171tr\u00e1gya a t\u0171k barnul\u00e1sa ellen 250g:<\/p>\n<p>megsz\u00fcnteti a magn\u00e9ziumhi\u00e1ny okozta barnul\u00e1sos t\u0171k \u00e9s klor\u00f3zis t\u00fcneteit<br \/>\npozit\u00edv hat\u00e1ssal van a t\u0171level\u0171 n\u00f6v\u00e9nyek t\u0171inek \u00e9s pikkelyeinek intenz\u00edv z\u00f6ld sz\u00edn\u00e9re<\/p>\n<p>25 t\u0171level\u0171 1 m magasig elegend\u0151<br \/>\nSorozat:<br \/>\nKrist\u00e1lyos<\/p>\n<p>CE m\u0171tr\u00e1gya<br \/>\nmagn\u00e9zium (MgO) \u2013 15,5%<\/p>\n<p>Mikrot\u00e1panyagok<br \/>\nEDTA kel\u00e1t:<br \/>\nr\u00e9z (Cu) 0,02%, vas (Fe) 0,05%,<br \/>\nmang\u00e1n (Mn) 0,04%, cink (Zn) 0,015%<\/p>\n<p>&nbsp;<\/p>\n<div class=\"description\">\n<div class=\"inner\"><\/div>\n<\/div>\n<div class=\"description\">\n<div class=\"inner\">\n<p>Az IGLAKI egy v\u00edzben k\u00f6nnyen old\u00f3d\u00f3 krist\u00e1lyos m\u0171tr\u00e1gya t\u0171level\u0171eknek, amely hat\u00e9konyan akad\u00e1lyozza meg a t\u0171levelek barnul\u00e1s\u00e1t \u00e9s klor\u00f3zis\u00e1t. Ide\u00e1lis tuj\u00e1k, lucfeny\u0151k, feny\u0151k \u00e9s egy\u00e9b, intenz\u00edv \u00e1sv\u00e1nyi elemek p\u00f3tl\u00e1st ig\u00e9nyl\u0151 t\u0171level\u0171ek tr\u00e1gy\u00e1z\u00e1s\u00e1ra. Megfelel\u0151 makro- \u00e9s mikroelemeket tartalmaz, amelyek t\u00e1mogatj\u00e1k az eg\u00e9szs\u00e9ges t\u0171sz\u00ednez\u00e9st \u00e9s jav\u00edtj\u00e1k a n\u00f6v\u00e9nyek \u00e1llapot\u00e1t.<\/p>\n<p>F\u0151bb \u00f6sszetev\u0151k \u00e9s cselekv\u00e9s<br \/>\nA magas magn\u00e9zium- \u00e9s vastartalom seg\u00edti a n\u00f6v\u00e9nyeket a klorofill \u2013 a t\u0171k intenz\u00edv sz\u00edn\u00e9\u00e9rt felel\u0151s z\u00f6ld pigment \u2013 \u200b\u200btermel\u00e9s\u00e9ben. Ennek k\u00f6sz\u00f6nhet\u0151en a t\u0171level\u0171ek gyorsan visszanyeri eg\u00e9szs\u00e9ges megjelen\u00e9s\u00e9t. A m\u0171tr\u00e1gya nem tartalmaz nitrog\u00e9nt, \u00edgy \u0151sszel is haszn\u00e1lhat\u00f3, nem kell tartani a t\u00falzott n\u00f6veked\u00e9st\u0151l. A talaj pH-ra gyakorolt \u200b\u200bsemleges hat\u00e1sa miatt alkalmas k\u00fcl\u00f6nf\u00e9le aljzatokra, \u00e9s nem zavarja a talaj term\u00e9szetes reakci\u00f3j\u00e1t.<\/p>\n<p>A t\u0171k barnul\u00e1sa<br \/>\nA megbarnult t\u0171leveleket betegs\u00e9gek \u00e9s k\u00e1rtev\u0151k okozhatj\u00e1k \u2013 ilyenkor \u00e9rdemes speci\u00e1lis v\u00e9dekez\u00e9st alkalmazni. T\u00e9len a t\u0171 sz\u00ednv\u00e1ltoz\u00e1sa term\u00e9szetes az olyan fajt\u00e1kn\u00e1l, mint a &#8216;Brabant&#8217; vagy a &#8216;Rheingold&#8217; tuja. A t\u0171level\u0171ek n\u00f6veked\u00e9s\u00fck sor\u00e1n elvesz\u00edtik bels\u0151 t\u0171iket, amikor a f\u00e9ny nem \u00e9ri el ezeket a ter\u00fcleteket.<\/p>\n<p>Egy\u00e9b betegs\u00e9gek, k\u00e1rtev\u0151k<br \/>\nA t\u0171level\u0171ek \u00e9rz\u00e9kenyek a k\u00fcl\u00f6nf\u00e9le betegs\u00e9gekre, amelyek a t\u0171k megbarnul\u00e1s\u00e1t, lehull\u00e1s\u00e1t \u00e9s n\u00f6veked\u00e9s\u00fck visszaes\u00e9s\u00e9t okozhatj\u00e1k.<br \/>\n\u2013 t\u0171level\u0171ek fitoft\u00f3r\u00e1ja,<br \/>\n&#8211; t\u0171folt,<br \/>\n&#8211; tak\u00e1csatk\u00e1k t\u0171level\u0171eken,<br \/>\n&#8211; lev\u00e9ltetvek a t\u0171level\u0171eken,<br \/>\n\u2013 cs\u00e9sz\u00e9k a t\u0171level\u0171en.<\/p>\n<p>Hogyan kell haszn\u00e1lni<br \/>\nA m\u0171tr\u00e1gya a t\u0171level\u0171ekre a talajban vagy lev\u00e9ltr\u00e1gyak\u00e9nt alkalmazhat\u00f3.<\/p>\n<p>A talajra t\u00f6rt\u00e9n\u0151 megel\u0151z\u0151 alkalmaz\u00e1s 30 naponta javasolt. Hi\u00e1nyoss\u00e1gok (klor\u00f3zis \u00e9s t\u0171barnul\u00e1s) eset\u00e9n s\u00fcrg\u0151ss\u00e9gi int\u00e9zked\u00e9sk\u00e9nt javasolt a lombozat alkalmaz\u00e1sa.<\/p>\n<p>Talaj alkalmaz\u00e1s:<\/p>\n<p>\u2013 fiatal, alacsony t\u0171level\u0171ek (1 m-ig) ill<\/p>\n<p>k\u00fasz\u00f3 \u2013 oldjunk fel 10-20 g (2-4 te\u00e1skan\u00e1l) m\u0171tr\u00e1gy\u00e1t 2 liter v\u00edzben.<\/p>\n<p>\u2013 id\u0151sebb t\u0171level\u0171ek \u2013 30-40 g (6-8 te\u00e1skan\u00e1l) m\u0171tr\u00e1gy\u00e1t oldjunk fel 2 liter v\u00edzben.<\/p>\n<p>A kapott oldatot (2 l) egyenletesen kell \u00f6nt\u00f6zni a t\u0171level\u0171 ter\u00fclet 1 m\u00b2-\u00e9n.<\/p>\n<p>Lev\u00e9l alkalmaz\u00e1sa:<\/p>\n<p>Oldjunk fel 10 g m\u0171tr\u00e1gy\u00e1t 1 liter v\u00edzben, \u00e9s permetezz\u00fck a n\u00f6v\u00e9nyeket. Permetezzen 3-5 alkalommal 10 naponta bor\u00fas, csapad\u00e9kmentes id\u0151ben vagy este. Ne permetezzen er\u0151s naps\u00fct\u00e9sben, magas h\u0151m\u00e9rs\u00e9kleten vagy sz\u00e9lben, amely a cseppek elsodr\u00f3d\u00e1s\u00e1t okozza.<\/p>\n<p style=\"line-height: 18.0pt; background: white; margin: 0cm 0cm 15.0pt 0cm;\"><b><span style=\"font-family: 'Ubuntu',sans-serif; color: black;\">K\u00e9szlet\u00fcnk napi szinten v\u00e1ltozik, ez\u00e9rt k\u00e9rj\u00fck, \u00e9rdekl\u0151dj\u00f6n szem\u00e9lyesen, telefonon vagy email-en.<br \/>\nA v\u00e1ltoztat\u00e1s jog\u00e1t fenntartjuk!\u00a0<\/span><\/b><\/p>\n<p><a href=\"https:\/\/tajkertesz.com\/\">https:\/\/tajkertesz.com\/<\/a><\/p>\n<p><a href=\"https:\/\/www.facebook.com\/tajkertesz\/\">https:\/\/www.facebook.com\/tajkertesz\/<\/a><\/p>\n<p>Kisz\u00e1ll\u00edt\u00e1s: 200cm-ig \u00e9s 40 kg-ig a sz\u00e1ll\u00edt\u00e1s fut\u00e1rszolg\u00e1lattal t\u00f6rt\u00e9nik.<\/p>\n<p>Szem\u00e9lyes \u00e1tv\u00e9tel nyitvatart\u00e1si id\u0151ben a 17. ker\u00fclet Bakancsos utca 7. sz\u00e1m alatti Kert\u00e9szeti \u00e1rud\u00e1nkban.<\/p>\n<p><b><u>Kert\u00e9p\u00edt\u0151k \u00e9s viszontelad\u00f3k regisztr\u00e1l\u00e1s ut\u00e1n egyedi kedvezm\u00e9nnyel v\u00e1s\u00e1rolhatnak kert\u00e9szeti kis-\u00e9s nagykeresked\u00e9s\u00fcnkben.<\/u><\/b><\/p>\n<p>A logisztikai c\u00e9ggel t\u00f6rt\u00e9n\u0151 sz\u00e1ll\u00edt\u00e1s eset\u00e9n a partnereink\u00a0esetleges a\u00a0cs\u00fasz\u00e1sai\u00e9rt nem<\/p>\n<p>v\u00e1llalunk felel\u0151ss\u00e9get!<\/p>\n<p><strong>Az \u00e1rak egy darab term\u00e9kre vonatkoznak.<\/strong><\/p>\n<\/div>\n<\/div>","protected":false},"excerpt":{"rendered":"<p>Agrecol T\u0171level\u0171ek &#8211; m\u0171tr\u00e1gya a t\u0171k barnul\u00e1sa ellen 250g<\/p>","protected":false},"featured_media":23125,"template":"","meta":{"_et_pb_use_builder":"","_et_pb_old_content":"","_et_gb_content_width":""},"product_brand":[5735],"product_cat":[1417,1415],"product_tag":[537,1429,5772,705,5771],"class_list":{"0":"post-23124","1":"product","2":"type-product","3":"status-publish","4":"has-post-thumbnail","6":"product_brand-agrecol","7":"product_cat-agrecol-mutragyak-tulevelu-es-orokzold-novenyekre","8":"product_cat-agrecol-tapoldatok-mutragyak","9":"product_tag-agrecol","10":"product_tag-barnulas-ellen","11":"product_tag-magnezium","12":"product_tag-mutragya","13":"product_tag-tulevelu","15":"first","16":"instock","17":"shipping-taxable","18":"purchasable","19":"product-type-simple"},"yoast_head":"<!-- This site is optimized with the Yoast SEO plugin v27.4 - https:\/\/yoast.com\/product\/yoast-seo-wordpress\/ -->\n<title>Agrecol T\u0171level\u0171ek - m\u0171tr\u00e1gya a t\u0171k barnul\u00e1sa ellen 250g - T\u00e1jkert\u00e9sz<\/title>\n<meta name=\"description\" content=\"Agrecol T\u0171level\u0171ek - m\u0171tr\u00e1gya a t\u0171k barnul\u00e1sa ellen 250g..................................................................\" \/>\n<meta name=\"robots\" content=\"index, follow, max-snippet:-1, max-image-preview:large, max-video-preview:-1\" \/>\n<link rel=\"canonical\" href=\"https:\/\/tajkertesz.com\/en_US\/product\/agrecol-tuleveluek-mutragya-a-tuk-barnulasa-ellen-250g\/\" \/>\n<meta property=\"og:locale\" content=\"en_US\" \/>\n<meta property=\"og:type\" content=\"article\" \/>\n<meta property=\"og:title\" content=\"Agrecol T\u0171level\u0171ek - m\u0171tr\u00e1gya a t\u0171k barnul\u00e1sa ellen 250g - T\u00e1jkert\u00e9sz\" \/>\n<meta property=\"og:description\" content=\"Agrecol T\u0171level\u0171ek - m\u0171tr\u00e1gya a t\u0171k barnul\u00e1sa ellen 250g..................................................................\" \/>\n<meta property=\"og:url\" content=\"https:\/\/tajkertesz.com\/en_US\/product\/agrecol-tuleveluek-mutragya-a-tuk-barnulasa-ellen-250g\/\" \/>\n<meta property=\"og:site_name\" content=\"T\u00e1jkert\u00e9sz\" \/>\n<meta property=\"article:publisher\" content=\"https:\/\/www.facebook.com\/Tajkertesz\/\" \/>\n<meta property=\"article:modified_time\" content=\"2025-04-09T08:18:13+00:00\" \/>\n<meta property=\"og:image\" content=\"https:\/\/tajkertesz.com\/wp-content\/uploads\/2025\/04\/108A-iglak-pbi-250g-wiz-v2_370.png\" \/>\n\t<meta property=\"og:image:width\" content=\"370\" \/>\n\t<meta property=\"og:image:height\" content=\"608\" \/>\n\t<meta property=\"og:image:type\" content=\"image\/png\" \/>\n<meta name=\"twitter:card\" content=\"summary_large_image\" \/>\n<meta name=\"twitter:label1\" content=\"Est. reading time\" \/>\n\t<meta name=\"twitter:data1\" content=\"3 minutes\" \/>\n<script type=\"application\/ld+json\" class=\"yoast-schema-graph\">{\"@context\":\"https:\\\/\\\/schema.org\",\"@graph\":[{\"@type\":\"WebPage\",\"@id\":\"https:\\\/\\\/tajkertesz.com\\\/termek\\\/agrecol-tuleveluek-mutragya-a-tuk-barnulasa-ellen-250g\\\/\",\"url\":\"https:\\\/\\\/tajkertesz.com\\\/termek\\\/agrecol-tuleveluek-mutragya-a-tuk-barnulasa-ellen-250g\\\/\",\"name\":\"Agrecol T\u0171level\u0171ek - m\u0171tr\u00e1gya a t\u0171k barnul\u00e1sa ellen 250g - T\u00e1jkert\u00e9sz\",\"isPartOf\":{\"@id\":\"https:\\\/\\\/tajkertesz.com\\\/#website\"},\"primaryImageOfPage\":{\"@id\":\"https:\\\/\\\/tajkertesz.com\\\/termek\\\/agrecol-tuleveluek-mutragya-a-tuk-barnulasa-ellen-250g\\\/#primaryimage\"},\"image\":{\"@id\":\"https:\\\/\\\/tajkertesz.com\\\/termek\\\/agrecol-tuleveluek-mutragya-a-tuk-barnulasa-ellen-250g\\\/#primaryimage\"},\"thumbnailUrl\":\"https:\\\/\\\/tajkertesz.com\\\/wp-content\\\/uploads\\\/2025\\\/04\\\/108A-iglak-pbi-250g-wiz-v2_370.png\",\"datePublished\":\"2025-04-09T08:18:12+00:00\",\"dateModified\":\"2025-04-09T08:18:13+00:00\",\"description\":\"Agrecol T\u0171level\u0171ek - m\u0171tr\u00e1gya a t\u0171k barnul\u00e1sa ellen 250g..................................................................\",\"breadcrumb\":{\"@id\":\"https:\\\/\\\/tajkertesz.com\\\/termek\\\/agrecol-tuleveluek-mutragya-a-tuk-barnulasa-ellen-250g\\\/#breadcrumb\"},\"inLanguage\":\"en-US\",\"potentialAction\":[{\"@type\":\"ReadAction\",\"target\":[\"https:\\\/\\\/tajkertesz.com\\\/termek\\\/agrecol-tuleveluek-mutragya-a-tuk-barnulasa-ellen-250g\\\/\"]}]},{\"@type\":\"ImageObject\",\"inLanguage\":\"en-US\",\"@id\":\"https:\\\/\\\/tajkertesz.com\\\/termek\\\/agrecol-tuleveluek-mutragya-a-tuk-barnulasa-ellen-250g\\\/#primaryimage\",\"url\":\"https:\\\/\\\/tajkertesz.com\\\/wp-content\\\/uploads\\\/2025\\\/04\\\/108A-iglak-pbi-250g-wiz-v2_370.png\",\"contentUrl\":\"https:\\\/\\\/tajkertesz.com\\\/wp-content\\\/uploads\\\/2025\\\/04\\\/108A-iglak-pbi-250g-wiz-v2_370.png\",\"width\":370,\"height\":608},{\"@type\":\"BreadcrumbList\",\"@id\":\"https:\\\/\\\/tajkertesz.com\\\/termek\\\/agrecol-tuleveluek-mutragya-a-tuk-barnulasa-ellen-250g\\\/#breadcrumb\",\"itemListElement\":[{\"@type\":\"ListItem\",\"position\":1,\"name\":\"Home\",\"item\":\"https:\\\/\\\/tajkertesz.com\\\/\"},{\"@type\":\"ListItem\",\"position\":2,\"name\":\"Kezd\u0151lap\",\"item\":\"https:\\\/\\\/tajkertesz.com\\\/\"},{\"@type\":\"ListItem\",\"position\":3,\"name\":\"Agrecol T\u0171level\u0171ek &#8211; m\u0171tr\u00e1gya a t\u0171k barnul\u00e1sa ellen 250g\"}]},{\"@type\":\"WebSite\",\"@id\":\"https:\\\/\\\/tajkertesz.com\\\/#website\",\"url\":\"https:\\\/\\\/tajkertesz.com\\\/\",\"name\":\"T\u00e1j-Kert\u00e9sz 84 Kft.\",\"description\":\"Kert\u00e9szeti kis- \u00e9s nagykeresked\u00e9s, D\u00edszn\u00f6v\u00e9ny web\u00e1ruh\u00e1z orsz\u00e1gos h\u00e1zhozsz\u00e1ll\u00edt\u00e1ssal!\",\"publisher\":{\"@id\":\"https:\\\/\\\/tajkertesz.com\\\/#organization\"},\"potentialAction\":[{\"@type\":\"SearchAction\",\"target\":{\"@type\":\"EntryPoint\",\"urlTemplate\":\"https:\\\/\\\/tajkertesz.com\\\/?s={search_term_string}\"},\"query-input\":{\"@type\":\"PropertyValueSpecification\",\"valueRequired\":true,\"valueName\":\"search_term_string\"}}],\"inLanguage\":\"en-US\"},{\"@type\":\"Organization\",\"@id\":\"https:\\\/\\\/tajkertesz.com\\\/#organization\",\"name\":\"T\u00e1j-Kert\u00e9sz 84 Kft.\",\"url\":\"https:\\\/\\\/tajkertesz.com\\\/\",\"logo\":{\"@type\":\"ImageObject\",\"inLanguage\":\"en-US\",\"@id\":\"https:\\\/\\\/tajkertesz.com\\\/#\\\/schema\\\/logo\\\/image\\\/\",\"url\":\"https:\\\/\\\/tajkertesz.com\\\/wp-content\\\/uploads\\\/2018\\\/02\\\/logo-2-e1518678052539.png\",\"contentUrl\":\"https:\\\/\\\/tajkertesz.com\\\/wp-content\\\/uploads\\\/2018\\\/02\\\/logo-2-e1518678052539.png\",\"width\":81,\"height\":140,\"caption\":\"T\u00e1j-Kert\u00e9sz 84 Kft.\"},\"image\":{\"@id\":\"https:\\\/\\\/tajkertesz.com\\\/#\\\/schema\\\/logo\\\/image\\\/\"},\"sameAs\":[\"https:\\\/\\\/www.facebook.com\\\/Tajkertesz\\\/\"]}]}<\/script>\n<!-- \/ Yoast SEO plugin. -->","yoast_head_json":{"title":"Agrecol T\u0171level\u0171ek - m\u0171tr\u00e1gya a t\u0171k barnul\u00e1sa ellen 250g - T\u00e1jkert\u00e9sz","description":"Agrecol T\u0171level\u0171ek - m\u0171tr\u00e1gya a t\u0171k barnul\u00e1sa ellen 250g..................................................................","robots":{"index":"index","follow":"follow","max-snippet":"max-snippet:-1","max-image-preview":"max-image-preview:large","max-video-preview":"max-video-preview:-1"},"canonical":"https:\/\/tajkertesz.com\/en_US\/product\/agrecol-tuleveluek-mutragya-a-tuk-barnulasa-ellen-250g\/","og_locale":"en_US","og_type":"article","og_title":"Agrecol T\u0171level\u0171ek - m\u0171tr\u00e1gya a t\u0171k barnul\u00e1sa ellen 250g - T\u00e1jkert\u00e9sz","og_description":"Agrecol T\u0171level\u0171ek - m\u0171tr\u00e1gya a t\u0171k barnul\u00e1sa ellen 250g..................................................................","og_url":"https:\/\/tajkertesz.com\/en_US\/product\/agrecol-tuleveluek-mutragya-a-tuk-barnulasa-ellen-250g\/","og_site_name":"T\u00e1jkert\u00e9sz","article_publisher":"https:\/\/www.facebook.com\/Tajkertesz\/","article_modified_time":"2025-04-09T08:18:13+00:00","og_image":[{"width":370,"height":608,"url":"https:\/\/tajkertesz.com\/wp-content\/uploads\/2025\/04\/108A-iglak-pbi-250g-wiz-v2_370.png","type":"image\/png"}],"twitter_card":"summary_large_image","twitter_misc":{"Est. reading time":"3 minutes"},"schema":{"@context":"https:\/\/schema.org","@graph":[{"@type":"WebPage","@id":"https:\/\/tajkertesz.com\/termek\/agrecol-tuleveluek-mutragya-a-tuk-barnulasa-ellen-250g\/","url":"https:\/\/tajkertesz.com\/termek\/agrecol-tuleveluek-mutragya-a-tuk-barnulasa-ellen-250g\/","name":"Agrecol T\u0171level\u0171ek - m\u0171tr\u00e1gya a t\u0171k barnul\u00e1sa ellen 250g - T\u00e1jkert\u00e9sz","isPartOf":{"@id":"https:\/\/tajkertesz.com\/#website"},"primaryImageOfPage":{"@id":"https:\/\/tajkertesz.com\/termek\/agrecol-tuleveluek-mutragya-a-tuk-barnulasa-ellen-250g\/#primaryimage"},"image":{"@id":"https:\/\/tajkertesz.com\/termek\/agrecol-tuleveluek-mutragya-a-tuk-barnulasa-ellen-250g\/#primaryimage"},"thumbnailUrl":"https:\/\/tajkertesz.com\/wp-content\/uploads\/2025\/04\/108A-iglak-pbi-250g-wiz-v2_370.png","datePublished":"2025-04-09T08:18:12+00:00","dateModified":"2025-04-09T08:18:13+00:00","description":"Agrecol T\u0171level\u0171ek - m\u0171tr\u00e1gya a t\u0171k barnul\u00e1sa ellen 250g..................................................................","breadcrumb":{"@id":"https:\/\/tajkertesz.com\/termek\/agrecol-tuleveluek-mutragya-a-tuk-barnulasa-ellen-250g\/#breadcrumb"},"inLanguage":"en-US","potentialAction":[{"@type":"ReadAction","target":["https:\/\/tajkertesz.com\/termek\/agrecol-tuleveluek-mutragya-a-tuk-barnulasa-ellen-250g\/"]}]},{"@type":"ImageObject","inLanguage":"en-US","@id":"https:\/\/tajkertesz.com\/termek\/agrecol-tuleveluek-mutragya-a-tuk-barnulasa-ellen-250g\/#primaryimage","url":"https:\/\/tajkertesz.com\/wp-content\/uploads\/2025\/04\/108A-iglak-pbi-250g-wiz-v2_370.png","contentUrl":"https:\/\/tajkertesz.com\/wp-content\/uploads\/2025\/04\/108A-iglak-pbi-250g-wiz-v2_370.png","width":370,"height":608},{"@type":"BreadcrumbList","@id":"https:\/\/tajkertesz.com\/termek\/agrecol-tuleveluek-mutragya-a-tuk-barnulasa-ellen-250g\/#breadcrumb","itemListElement":[{"@type":"ListItem","position":1,"name":"Home","item":"https:\/\/tajkertesz.com\/"},{"@type":"ListItem","position":2,"name":"Kezd\u0151lap","item":"https:\/\/tajkertesz.com\/"},{"@type":"ListItem","position":3,"name":"Agrecol T\u0171level\u0171ek &#8211; m\u0171tr\u00e1gya a t\u0171k barnul\u00e1sa ellen 250g"}]},{"@type":"WebSite","@id":"https:\/\/tajkertesz.com\/#website","url":"https:\/\/tajkertesz.com\/","name":"T\u00e1j-Kert\u00e9sz 84 Kft.","description":"Kert\u00e9szeti kis- \u00e9s nagykeresked\u00e9s, D\u00edszn\u00f6v\u00e9ny web\u00e1ruh\u00e1z orsz\u00e1gos h\u00e1zhozsz\u00e1ll\u00edt\u00e1ssal!","publisher":{"@id":"https:\/\/tajkertesz.com\/#organization"},"potentialAction":[{"@type":"SearchAction","target":{"@type":"EntryPoint","urlTemplate":"https:\/\/tajkertesz.com\/?s={search_term_string}"},"query-input":{"@type":"PropertyValueSpecification","valueRequired":true,"valueName":"search_term_string"}}],"inLanguage":"en-US"},{"@type":"Organization","@id":"https:\/\/tajkertesz.com\/#organization","name":"T\u00e1j-Kert\u00e9sz 84 Kft.","url":"https:\/\/tajkertesz.com\/","logo":{"@type":"ImageObject","inLanguage":"en-US","@id":"https:\/\/tajkertesz.com\/#\/schema\/logo\/image\/","url":"https:\/\/tajkertesz.com\/wp-content\/uploads\/2018\/02\/logo-2-e1518678052539.png","contentUrl":"https:\/\/tajkertesz.com\/wp-content\/uploads\/2018\/02\/logo-2-e1518678052539.png","width":81,"height":140,"caption":"T\u00e1j-Kert\u00e9sz 84 Kft."},"image":{"@id":"https:\/\/tajkertesz.com\/#\/schema\/logo\/image\/"},"sameAs":["https:\/\/www.facebook.com\/Tajkertesz\/"]}]}},"_links":{"self":[{"href":"https:\/\/tajkertesz.com\/en_US\/wp-json\/wp\/v2\/product\/23124","targetHints":{"allow":["GET"]}}],"collection":[{"href":"https:\/\/tajkertesz.com\/en_US\/wp-json\/wp\/v2\/product"}],"about":[{"href":"https:\/\/tajkertesz.com\/en_US\/wp-json\/wp\/v2\/types\/product"}],"wp:featuredmedia":[{"embeddable":true,"href":"https:\/\/tajkertesz.com\/en_US\/wp-json\/wp\/v2\/media\/23125"}],"wp:attachment":[{"href":"https:\/\/tajkertesz.com\/en_US\/wp-json\/wp\/v2\/media?parent=23124"}],"wp:term":[{"taxonomy":"product_brand","embeddable":true,"href":"https:\/\/tajkertesz.com\/en_US\/wp-json\/wp\/v2\/product_brand?post=23124"},{"taxonomy":"product_cat","embeddable":true,"href":"https:\/\/tajkertesz.com\/en_US\/wp-json\/wp\/v2\/product_cat?post=23124"},{"taxonomy":"product_tag","embeddable":true,"href":"https:\/\/tajkertesz.com\/en_US\/wp-json\/wp\/v2\/product_tag?post=23124"}],"curies":[{"name":"wp","href":"https:\/\/api.w.org\/{rel}","templated":true}]}}