{"id":23127,"date":"2025-04-09T09:33:36","date_gmt":"2025-04-09T09:33:36","guid":{"rendered":"https:\/\/tajkertesz.com\/?post_type=product&#038;p=23127"},"modified":"2025-04-09T09:33:37","modified_gmt":"2025-04-09T09:33:37","slug":"berberis-candidua-jytte-torpe-ezustos-borbolya","status":"publish","type":"product","link":"https:\/\/tajkertesz.com\/en_US\/product\/berberis-candidua-jytte-torpe-ezustos-borbolya\/","title":{"rendered":"Berberis candidua &#8216;Jytte&#8217; &#8211; T\u00f6rpe ez\u00fcst\u00f6s borbolya"},"content":{"rendered":"<h1>Berberis candidua &#8216;Jytte&#8217; &#8211; T\u00f6rpe ez\u00fcst\u00f6s borbolya<\/h1>\n<p>A Berberis candidua &#8216;Jytte&#8217; &#8211; T\u00f6rpe ez\u00fcst\u00f6s borbolya ide\u00e1lis v\u00e1laszt\u00e1s azok sz\u00e1m\u00e1ra, akik nemcsak sz\u00e9p, hanem viszonylag k\u00f6nnyen kezelhet\u0151 d\u00edszn\u00f6v\u00e9nyt keresnek.<\/p>\n<h2>Berberis candidua &#8216;Jytte&#8217; jellemz\u0151i:<\/h2>\n<p>A <em data-start=\"330\" data-end=\"358\">Berberis candidula &#8216;Jytte&#8217;<\/em> kompakt, bokros form\u00e1j\u00fa n\u00f6v\u00e9ny, amely 1-1,5 m\u00e9teres magass\u00e1got \u00e9rhet el. Levelei \u00e9l\u00e9nk z\u00f6ld sz\u00edn\u0171ek, \u00e9s az \u0151sz folyam\u00e1n aranys\u00e1rg\u00e1ra vagy v\u00f6r\u00f6sre sz\u00ednez\u0151dhetnek.<\/p>\n<p>A n\u00f6v\u00e9ny tavasszal s\u00e1rg\u00e1s vir\u00e1gokat hoz, amelyek apr\u00f3, de vonz\u00f3ak \u00e9s illatosak.<\/p>\n<p>Ny\u00e1r v\u00e9g\u00e9n vagy \u0151sszel apr\u00f3, v\u00f6r\u00f6s bogy\u00f3kat hoz, amelyek d\u00edsz\u00edt\u0151\u00e9rt\u00e9ket adnak a n\u00f6v\u00e9nynek.<\/p>\n<h3>A t\u00f6rpe ez\u00fcst\u00f6s borbolya gondoz\u00e1sa:<\/h3>\n<p>A <em data-start=\"779\" data-end=\"807\">Berberis candidula &#8216;Jytte&#8217;<\/em> napos helyet kedvel, de j\u00f3l t\u0171ri az enyh\u00e9n \u00e1rny\u00e9kos helyeket is. Az asz\u00e1lyt\u0171r\u0151 n\u00f6v\u00e9nyek k\u00f6z\u00e9 tartozik, \u00e9s nem ig\u00e9nyel t\u00falzott gondoz\u00e1st. A talajban j\u00f3l elvan, de fontos, hogy j\u00f3 v\u00edzelvezet\u00e9s\u0171 talajba legyen \u00fcltetve.<\/p>\n<p><em data-start=\"1180\" data-end=\"1208\">Berberis candidula &#8216;Jytte&#8217;<\/em> ide\u00e1lis d\u00edszcserje kis kertekbe, s\u00f6v\u00e9nyekhez vagy talajtakar\u00f3 n\u00f6v\u00e9nyk\u00e9nt is alkalmazhat\u00f3. A t\u00f6m\u00f6tt lombozata \u00e9s a sz\u00e9p bogy\u00f3k adj\u00e1k d\u00edsz\u00edt\u0151\u00e9rt\u00e9k\u00e9t.<\/p>\n<p><b>K\u00e9szlet\u00fcnk napi szinten v\u00e1ltozik, ez\u00e9rt k\u00e9rj\u00fck, \u00e9rdekl\u0151dj\u00f6n szem\u00e9lyesen, telefonon vagy email-en.<br \/>\nA v\u00e1ltoztat\u00e1s jog\u00e1t fenntartjuk!<\/b><b>\u00a0<\/b><\/p>\n<p><a href=\"https:\/\/tajkertesz.com\/\">https:\/\/tajkertesz.com\/<\/a><\/p>\n<p><a href=\"https:\/\/www.facebook.com\/tajkertesz\/\">https:\/\/www.facebook.com\/tajkertesz\/<\/a><\/p>\n<p>Kisz\u00e1ll\u00edt\u00e1s: 200cm-ig \u00e9s 40 kg-ig a sz\u00e1ll\u00edt\u00e1s fut\u00e1rszolg\u00e1lattal t\u00f6rt\u00e9nik.<\/p>\n<p>Szem\u00e9lyes \u00e1tv\u00e9tel nyitvatart\u00e1si id\u0151ben a 17. ker\u00fclet Bakancsos utca 7. sz\u00e1m alatti Kert\u00e9szeti \u00e1rud\u00e1nkban.<\/p>\n<p>Kert\u00e9p\u00edt\u0151k \u00e9s viszontelad\u00f3k regisztr\u00e1l\u00e1s ut\u00e1n egyedi kedvezm\u00e9nnyel v\u00e1s\u00e1rolhatnak kert\u00e9szeti kis-\u00e9s nagykeresked\u00e9s\u00fcnkben.<\/p>\n<p><strong>Az \u00e1rak egy darab term\u00e9kre vonatkoznak.<\/strong><\/p>\n<p><strong>J\u00f3 tudni!<\/strong><\/p>\n<p>K\u00e9pek-elt\u00e9r\u00e9sek:<\/p>\n<p>A n\u00f6v\u00e9nyekr\u0151l felt\u00f6lt\u00f6tt k\u00e9pek illusztr\u00e1ci\u00f3k. N\u00f6v\u00e9nyekn\u00e9l el\u0151fordulhatnak minim\u00e1lis elt\u00e9r\u00e9sek a k\u00e9peken szerepl\u0151 n\u00f6v\u00e9nyek \u00e9s az \u00e1tvett n\u00f6v\u00e9nyek k\u00f6z\u00f6tt, mivel minden n\u00f6v\u00e9ny egyedi.<\/p>\n<h4>N\u00f6v\u00e9nyek sz\u00e1ll\u00edt\u00e1sa:<\/h4>\n<p>A megrendelt n\u00f6v\u00e9nyeket igyeksz\u00fcnk a lehet\u0151 legbiztons\u00e1gosabban egyes\u00e9vel csomagolni, azonban a sz\u00e1ll\u00edt\u00e1s sor\u00e1n m\u00e9g ennek ellen\u00e9re is\u00a0bek\u00f6vetkezhetnek apr\u00f3bb s\u00e9r\u00fcl\u00e9sek (lev\u00e9l- vagy vir\u00e1ghull\u00e1s).<br \/>\nN\u00f6v\u00e9ny rendel\u00e9s eset\u00e9n k\u00e9rj\u00fck a k\u00e9zbes\u00edt\u00e9st k\u00f6vet\u0151en a lehet\u0151 leghamarabb bonts\u00e1k ki a csomagot.<\/p>\n<p>Abban az esetben, ha a megrendelt n\u00f6v\u00e9ny\u00a0a sz\u00e1ll\u00edt\u00e1st k\u00f6vet\u0151en\u00a0nem megfelel\u0151 gondoz\u00e1sban r\u00e9szes\u00fcl \u00e9s ebb\u0151l kifoly\u00f3lag\u00a0k\u00e1rosodik,\u00a0elpusztul, felel\u0151ss\u00e9get sajnos nem tudunk v\u00e1llalni.<\/p>\n<p>V\u00e1s\u00e1rl\u00e1st\u00f3l val\u00f3 el\u00e1ll\u00e1s \u00e9l\u0151 n\u00f6v\u00e9ny v\u00e1s\u00e1rl\u00e1sa eset\u00e9n:<\/p>\n<p>Az \u00e1ltal\u00e1nos 14 napos el\u00e1ll\u00e1s lehet\u0151s\u00e9ge \u00e9l\u0151 n\u00f6v\u00e9nyekre nem vonatkozik. V\u00e1s\u00e1rl\u00e1st\u00f3l val\u00f3 el\u00e1ll\u00e1sra, visszak\u00fcld\u00e9sre nincs lehet\u0151s\u00e9g.\u00a0(17\/1999. (II. 5.) Korm. rendelet 5c pontja)<\/p>\n<p><strong>K\u00e9rj\u00fck fentiek figyelembev\u00e9tel\u00e9t n\u00f6v\u00e9ny rendel\u00e9se sor\u00e1n!<\/strong><\/p>\n<p>&nbsp;<\/p>","protected":false},"excerpt":{"rendered":"<p>Berberis candidua &#8216;Jytte&#8217; &#8211; T\u00f6rpe ez\u00fcst\u00f6s borbolya A Berberis candidua &#8216;Jytte&#8217; &#8211; T\u00f6rpe ez\u00fcst\u00f6s borbolya ide\u00e1lis v\u00e1laszt\u00e1s azok sz\u00e1m\u00e1ra, akik nemcsak sz\u00e9p, hanem viszonylag k\u00f6nnyen kezelhet\u0151 d\u00edszn\u00f6v\u00e9nyt keresnek. Berberis candidua &#8216;Jytte&#8217; jellemz\u0151i: A Berberis candidula &#8216;Jytte&#8217; kompakt, bokros form\u00e1j\u00fa n\u00f6v\u00e9ny, amely 1-1,5 m\u00e9teres magass\u00e1got \u00e9rhet el. Levelei \u00e9l\u00e9nk z\u00f6ld sz\u00edn\u0171ek, \u00e9s az \u0151sz folyam\u00e1n aranys\u00e1rg\u00e1ra [&hellip;]<\/p>\n","protected":false},"featured_media":23129,"template":"","meta":{"_et_pb_use_builder":"","_et_pb_old_content":"","_et_gb_content_width":""},"product_brand":[],"product_cat":[27],"product_tag":[],"class_list":{"0":"post-23127","1":"product","2":"type-product","3":"status-publish","4":"has-post-thumbnail","6":"product_cat-cserjek","8":"first","9":"instock","10":"shipping-taxable","11":"purchasable","12":"product-type-simple"},"yoast_head":"<!-- This site is optimized with the Yoast SEO plugin v27.3 - https:\/\/yoast.com\/product\/yoast-seo-wordpress\/ -->\n<title>Berberis candidua &#039;Jytte&#039; - T\u00f6rpe ez\u00fcst\u00f6s borbolya - T\u00e1jkert\u00e9sz<\/title>\n<meta name=\"description\" content=\"Berberis candidua &#039;Jytte&#039; - T\u00f6rpe ez\u00fcst\u00f6s borbolya ide\u00e1lis v\u00e1laszt\u00e1s azok sz\u00e1m\u00e1ra, akik nemcsak sz\u00e9p, de k\u00f6nnyen kezelhet\u0151 d\u00edszn\u00f6v\u00e9nyt keresnek.\" \/>\n<meta name=\"robots\" content=\"index, follow, max-snippet:-1, max-image-preview:large, max-video-preview:-1\" \/>\n<link rel=\"canonical\" href=\"https:\/\/tajkertesz.com\/en_US\/product\/berberis-candidua-jytte-torpe-ezustos-borbolya\/\" \/>\n<meta property=\"og:locale\" content=\"en_US\" \/>\n<meta property=\"og:type\" content=\"article\" \/>\n<meta property=\"og:title\" content=\"Berberis candidua &#039;Jytte&#039; - T\u00f6rpe ez\u00fcst\u00f6s borbolya - T\u00e1jkert\u00e9sz\" \/>\n<meta property=\"og:description\" content=\"Berberis candidua &#039;Jytte&#039; - T\u00f6rpe ez\u00fcst\u00f6s borbolya ide\u00e1lis v\u00e1laszt\u00e1s azok sz\u00e1m\u00e1ra, akik nemcsak sz\u00e9p, de k\u00f6nnyen kezelhet\u0151 d\u00edszn\u00f6v\u00e9nyt keresnek.\" \/>\n<meta property=\"og:url\" content=\"https:\/\/tajkertesz.com\/en_US\/product\/berberis-candidua-jytte-torpe-ezustos-borbolya\/\" \/>\n<meta property=\"og:site_name\" content=\"T\u00e1jkert\u00e9sz\" \/>\n<meta property=\"article:publisher\" content=\"https:\/\/www.facebook.com\/Tajkertesz\/\" \/>\n<meta property=\"article:modified_time\" content=\"2025-04-09T09:33:37+00:00\" \/>\n<meta property=\"og:image\" content=\"https:\/\/tajkertesz.com\/wp-content\/uploads\/2025\/04\/Berberis-candidua-Jytte.jpg\" \/>\n\t<meta property=\"og:image:width\" content=\"474\" \/>\n\t<meta property=\"og:image:height\" content=\"474\" \/>\n\t<meta property=\"og:image:type\" content=\"image\/jpeg\" \/>\n<meta name=\"twitter:card\" content=\"summary_large_image\" \/>\n<meta name=\"twitter:label1\" content=\"Est. reading time\" \/>\n\t<meta name=\"twitter:data1\" content=\"2 minutes\" \/>\n<script type=\"application\/ld+json\" class=\"yoast-schema-graph\">{\"@context\":\"https:\\\/\\\/schema.org\",\"@graph\":[{\"@type\":\"WebPage\",\"@id\":\"https:\\\/\\\/tajkertesz.com\\\/termek\\\/berberis-candidua-jytte-torpe-ezustos-borbolya\\\/\",\"url\":\"https:\\\/\\\/tajkertesz.com\\\/termek\\\/berberis-candidua-jytte-torpe-ezustos-borbolya\\\/\",\"name\":\"Berberis candidua 'Jytte' - T\u00f6rpe ez\u00fcst\u00f6s borbolya - T\u00e1jkert\u00e9sz\",\"isPartOf\":{\"@id\":\"https:\\\/\\\/tajkertesz.com\\\/#website\"},\"primaryImageOfPage\":{\"@id\":\"https:\\\/\\\/tajkertesz.com\\\/termek\\\/berberis-candidua-jytte-torpe-ezustos-borbolya\\\/#primaryimage\"},\"image\":{\"@id\":\"https:\\\/\\\/tajkertesz.com\\\/termek\\\/berberis-candidua-jytte-torpe-ezustos-borbolya\\\/#primaryimage\"},\"thumbnailUrl\":\"https:\\\/\\\/tajkertesz.com\\\/wp-content\\\/uploads\\\/2025\\\/04\\\/Berberis-candidua-Jytte.jpg\",\"datePublished\":\"2025-04-09T09:33:36+00:00\",\"dateModified\":\"2025-04-09T09:33:37+00:00\",\"description\":\"Berberis candidua 'Jytte' - T\u00f6rpe ez\u00fcst\u00f6s borbolya ide\u00e1lis v\u00e1laszt\u00e1s azok sz\u00e1m\u00e1ra, akik nemcsak sz\u00e9p, de k\u00f6nnyen kezelhet\u0151 d\u00edszn\u00f6v\u00e9nyt keresnek.\",\"breadcrumb\":{\"@id\":\"https:\\\/\\\/tajkertesz.com\\\/termek\\\/berberis-candidua-jytte-torpe-ezustos-borbolya\\\/#breadcrumb\"},\"inLanguage\":\"en-US\",\"potentialAction\":[{\"@type\":\"ReadAction\",\"target\":[\"https:\\\/\\\/tajkertesz.com\\\/termek\\\/berberis-candidua-jytte-torpe-ezustos-borbolya\\\/\"]}]},{\"@type\":\"ImageObject\",\"inLanguage\":\"en-US\",\"@id\":\"https:\\\/\\\/tajkertesz.com\\\/termek\\\/berberis-candidua-jytte-torpe-ezustos-borbolya\\\/#primaryimage\",\"url\":\"https:\\\/\\\/tajkertesz.com\\\/wp-content\\\/uploads\\\/2025\\\/04\\\/Berberis-candidua-Jytte.jpg\",\"contentUrl\":\"https:\\\/\\\/tajkertesz.com\\\/wp-content\\\/uploads\\\/2025\\\/04\\\/Berberis-candidua-Jytte.jpg\",\"width\":474,\"height\":474,\"caption\":\"Berberis candidua 'Jytte' - T\u00f6rpe ez\u00fcst\u00f6s borbolya\"},{\"@type\":\"BreadcrumbList\",\"@id\":\"https:\\\/\\\/tajkertesz.com\\\/termek\\\/berberis-candidua-jytte-torpe-ezustos-borbolya\\\/#breadcrumb\",\"itemListElement\":[{\"@type\":\"ListItem\",\"position\":1,\"name\":\"Home\",\"item\":\"https:\\\/\\\/tajkertesz.com\\\/\"},{\"@type\":\"ListItem\",\"position\":2,\"name\":\"Kezd\u0151lap\",\"item\":\"https:\\\/\\\/tajkertesz.com\\\/\"},{\"@type\":\"ListItem\",\"position\":3,\"name\":\"Berberis candidua &#8216;Jytte&#8217; &#8211; T\u00f6rpe ez\u00fcst\u00f6s borbolya\"}]},{\"@type\":\"WebSite\",\"@id\":\"https:\\\/\\\/tajkertesz.com\\\/#website\",\"url\":\"https:\\\/\\\/tajkertesz.com\\\/\",\"name\":\"T\u00e1j-Kert\u00e9sz 84 Kft.\",\"description\":\"Kert\u00e9szeti kis- \u00e9s nagykeresked\u00e9s, D\u00edszn\u00f6v\u00e9ny web\u00e1ruh\u00e1z orsz\u00e1gos h\u00e1zhozsz\u00e1ll\u00edt\u00e1ssal!\",\"publisher\":{\"@id\":\"https:\\\/\\\/tajkertesz.com\\\/#organization\"},\"potentialAction\":[{\"@type\":\"SearchAction\",\"target\":{\"@type\":\"EntryPoint\",\"urlTemplate\":\"https:\\\/\\\/tajkertesz.com\\\/?s={search_term_string}\"},\"query-input\":{\"@type\":\"PropertyValueSpecification\",\"valueRequired\":true,\"valueName\":\"search_term_string\"}}],\"inLanguage\":\"en-US\"},{\"@type\":\"Organization\",\"@id\":\"https:\\\/\\\/tajkertesz.com\\\/#organization\",\"name\":\"T\u00e1j-Kert\u00e9sz 84 Kft.\",\"url\":\"https:\\\/\\\/tajkertesz.com\\\/\",\"logo\":{\"@type\":\"ImageObject\",\"inLanguage\":\"en-US\",\"@id\":\"https:\\\/\\\/tajkertesz.com\\\/#\\\/schema\\\/logo\\\/image\\\/\",\"url\":\"https:\\\/\\\/tajkertesz.com\\\/wp-content\\\/uploads\\\/2018\\\/02\\\/logo-2-e1518678052539.png\",\"contentUrl\":\"https:\\\/\\\/tajkertesz.com\\\/wp-content\\\/uploads\\\/2018\\\/02\\\/logo-2-e1518678052539.png\",\"width\":81,\"height\":140,\"caption\":\"T\u00e1j-Kert\u00e9sz 84 Kft.\"},\"image\":{\"@id\":\"https:\\\/\\\/tajkertesz.com\\\/#\\\/schema\\\/logo\\\/image\\\/\"},\"sameAs\":[\"https:\\\/\\\/www.facebook.com\\\/Tajkertesz\\\/\"]}]}<\/script>\n<!-- \/ Yoast SEO plugin. -->","yoast_head_json":{"title":"Berberis candidua 'Jytte' - T\u00f6rpe ez\u00fcst\u00f6s borbolya - T\u00e1jkert\u00e9sz","description":"Berberis candidua 'Jytte' - T\u00f6rpe ez\u00fcst\u00f6s borbolya ide\u00e1lis v\u00e1laszt\u00e1s azok sz\u00e1m\u00e1ra, akik nemcsak sz\u00e9p, de k\u00f6nnyen kezelhet\u0151 d\u00edszn\u00f6v\u00e9nyt keresnek.","robots":{"index":"index","follow":"follow","max-snippet":"max-snippet:-1","max-image-preview":"max-image-preview:large","max-video-preview":"max-video-preview:-1"},"canonical":"https:\/\/tajkertesz.com\/en_US\/product\/berberis-candidua-jytte-torpe-ezustos-borbolya\/","og_locale":"en_US","og_type":"article","og_title":"Berberis candidua 'Jytte' - T\u00f6rpe ez\u00fcst\u00f6s borbolya - T\u00e1jkert\u00e9sz","og_description":"Berberis candidua 'Jytte' - T\u00f6rpe ez\u00fcst\u00f6s borbolya ide\u00e1lis v\u00e1laszt\u00e1s azok sz\u00e1m\u00e1ra, akik nemcsak sz\u00e9p, de k\u00f6nnyen kezelhet\u0151 d\u00edszn\u00f6v\u00e9nyt keresnek.","og_url":"https:\/\/tajkertesz.com\/en_US\/product\/berberis-candidua-jytte-torpe-ezustos-borbolya\/","og_site_name":"T\u00e1jkert\u00e9sz","article_publisher":"https:\/\/www.facebook.com\/Tajkertesz\/","article_modified_time":"2025-04-09T09:33:37+00:00","og_image":[{"width":474,"height":474,"url":"https:\/\/tajkertesz.com\/wp-content\/uploads\/2025\/04\/Berberis-candidua-Jytte.jpg","type":"image\/jpeg"}],"twitter_card":"summary_large_image","twitter_misc":{"Est. reading time":"2 minutes"},"schema":{"@context":"https:\/\/schema.org","@graph":[{"@type":"WebPage","@id":"https:\/\/tajkertesz.com\/termek\/berberis-candidua-jytte-torpe-ezustos-borbolya\/","url":"https:\/\/tajkertesz.com\/termek\/berberis-candidua-jytte-torpe-ezustos-borbolya\/","name":"Berberis candidua 'Jytte' - T\u00f6rpe ez\u00fcst\u00f6s borbolya - T\u00e1jkert\u00e9sz","isPartOf":{"@id":"https:\/\/tajkertesz.com\/#website"},"primaryImageOfPage":{"@id":"https:\/\/tajkertesz.com\/termek\/berberis-candidua-jytte-torpe-ezustos-borbolya\/#primaryimage"},"image":{"@id":"https:\/\/tajkertesz.com\/termek\/berberis-candidua-jytte-torpe-ezustos-borbolya\/#primaryimage"},"thumbnailUrl":"https:\/\/tajkertesz.com\/wp-content\/uploads\/2025\/04\/Berberis-candidua-Jytte.jpg","datePublished":"2025-04-09T09:33:36+00:00","dateModified":"2025-04-09T09:33:37+00:00","description":"Berberis candidua 'Jytte' - T\u00f6rpe ez\u00fcst\u00f6s borbolya ide\u00e1lis v\u00e1laszt\u00e1s azok sz\u00e1m\u00e1ra, akik nemcsak sz\u00e9p, de k\u00f6nnyen kezelhet\u0151 d\u00edszn\u00f6v\u00e9nyt keresnek.","breadcrumb":{"@id":"https:\/\/tajkertesz.com\/termek\/berberis-candidua-jytte-torpe-ezustos-borbolya\/#breadcrumb"},"inLanguage":"en-US","potentialAction":[{"@type":"ReadAction","target":["https:\/\/tajkertesz.com\/termek\/berberis-candidua-jytte-torpe-ezustos-borbolya\/"]}]},{"@type":"ImageObject","inLanguage":"en-US","@id":"https:\/\/tajkertesz.com\/termek\/berberis-candidua-jytte-torpe-ezustos-borbolya\/#primaryimage","url":"https:\/\/tajkertesz.com\/wp-content\/uploads\/2025\/04\/Berberis-candidua-Jytte.jpg","contentUrl":"https:\/\/tajkertesz.com\/wp-content\/uploads\/2025\/04\/Berberis-candidua-Jytte.jpg","width":474,"height":474,"caption":"Berberis candidua 'Jytte' - T\u00f6rpe ez\u00fcst\u00f6s borbolya"},{"@type":"BreadcrumbList","@id":"https:\/\/tajkertesz.com\/termek\/berberis-candidua-jytte-torpe-ezustos-borbolya\/#breadcrumb","itemListElement":[{"@type":"ListItem","position":1,"name":"Home","item":"https:\/\/tajkertesz.com\/"},{"@type":"ListItem","position":2,"name":"Kezd\u0151lap","item":"https:\/\/tajkertesz.com\/"},{"@type":"ListItem","position":3,"name":"Berberis candidua &#8216;Jytte&#8217; &#8211; T\u00f6rpe ez\u00fcst\u00f6s borbolya"}]},{"@type":"WebSite","@id":"https:\/\/tajkertesz.com\/#website","url":"https:\/\/tajkertesz.com\/","name":"T\u00e1j-Kert\u00e9sz 84 Kft.","description":"Kert\u00e9szeti kis- \u00e9s nagykeresked\u00e9s, D\u00edszn\u00f6v\u00e9ny web\u00e1ruh\u00e1z orsz\u00e1gos h\u00e1zhozsz\u00e1ll\u00edt\u00e1ssal!","publisher":{"@id":"https:\/\/tajkertesz.com\/#organization"},"potentialAction":[{"@type":"SearchAction","target":{"@type":"EntryPoint","urlTemplate":"https:\/\/tajkertesz.com\/?s={search_term_string}"},"query-input":{"@type":"PropertyValueSpecification","valueRequired":true,"valueName":"search_term_string"}}],"inLanguage":"en-US"},{"@type":"Organization","@id":"https:\/\/tajkertesz.com\/#organization","name":"T\u00e1j-Kert\u00e9sz 84 Kft.","url":"https:\/\/tajkertesz.com\/","logo":{"@type":"ImageObject","inLanguage":"en-US","@id":"https:\/\/tajkertesz.com\/#\/schema\/logo\/image\/","url":"https:\/\/tajkertesz.com\/wp-content\/uploads\/2018\/02\/logo-2-e1518678052539.png","contentUrl":"https:\/\/tajkertesz.com\/wp-content\/uploads\/2018\/02\/logo-2-e1518678052539.png","width":81,"height":140,"caption":"T\u00e1j-Kert\u00e9sz 84 Kft."},"image":{"@id":"https:\/\/tajkertesz.com\/#\/schema\/logo\/image\/"},"sameAs":["https:\/\/www.facebook.com\/Tajkertesz\/"]}]}},"_links":{"self":[{"href":"https:\/\/tajkertesz.com\/en_US\/wp-json\/wp\/v2\/product\/23127","targetHints":{"allow":["GET"]}}],"collection":[{"href":"https:\/\/tajkertesz.com\/en_US\/wp-json\/wp\/v2\/product"}],"about":[{"href":"https:\/\/tajkertesz.com\/en_US\/wp-json\/wp\/v2\/types\/product"}],"wp:featuredmedia":[{"embeddable":true,"href":"https:\/\/tajkertesz.com\/en_US\/wp-json\/wp\/v2\/media\/23129"}],"wp:attachment":[{"href":"https:\/\/tajkertesz.com\/en_US\/wp-json\/wp\/v2\/media?parent=23127"}],"wp:term":[{"taxonomy":"product_brand","embeddable":true,"href":"https:\/\/tajkertesz.com\/en_US\/wp-json\/wp\/v2\/product_brand?post=23127"},{"taxonomy":"product_cat","embeddable":true,"href":"https:\/\/tajkertesz.com\/en_US\/wp-json\/wp\/v2\/product_cat?post=23127"},{"taxonomy":"product_tag","embeddable":true,"href":"https:\/\/tajkertesz.com\/en_US\/wp-json\/wp\/v2\/product_tag?post=23127"}],"curies":[{"name":"wp","href":"https:\/\/api.w.org\/{rel}","templated":true}]}}