{"id":23132,"date":"2025-06-17T09:54:57","date_gmt":"2025-06-17T09:54:57","guid":{"rendered":"https:\/\/tajkertesz.com\/?post_type=product&#038;p=23132"},"modified":"2025-06-18T10:41:07","modified_gmt":"2025-06-18T10:41:07","slug":"berberis-thunbergii-carmen-japan-verborbolya","status":"publish","type":"product","link":"https:\/\/tajkertesz.com\/en_US\/product\/berberis-thunbergii-carmen-japan-verborbolya\/","title":{"rendered":"Berberis thunbergii &#8216;Carmen&#8217; &#8211; Jap\u00e1n v\u00e9rborbolya"},"content":{"rendered":"<h1>Berberis thunbergii &#8216;Carmen&#8217; &#8211; Jap\u00e1n v\u00e9rborbolya<\/h1>\n<article class=\"text-token-text-primary w-full\" dir=\"auto\" data-testid=\"conversation-turn-4\" data-scroll-anchor=\"true\">\n<div class=\"text-base my-auto mx-auto py-5 [--thread-content-margin:--spacing(4)] @[37rem]:[--thread-content-margin:--spacing(6)] @[70rem]:[--thread-content-margin:--spacing(12)] px-(--thread-content-margin)\">\n<div class=\"[--thread-content-max-width:32rem] @[34rem]:[--thread-content-max-width:40rem] @[64rem]:[--thread-content-max-width:48rem] mx-auto flex max-w-(--thread-content-max-width) flex-1 text-base gap-4 md:gap-5 lg:gap-6 group\/turn-messages focus-visible:outline-hidden\" tabindex=\"-1\">\n<div class=\"group\/conversation-turn relative flex w-full min-w-0 flex-col agent-turn\">\n<div class=\"relative flex-col gap-1 md:gap-3\">\n<div class=\"flex max-w-full flex-col grow\">\n<div class=\"min-h-8 text-message relative flex w-full flex-col items-end gap-2 text-start break-words whitespace-normal [.text-message+&amp;]:mt-5\" dir=\"auto\" data-message-author-role=\"assistant\" data-message-id=\"ed407722-03a2-4b99-b1b2-96a2103e7ebe\" data-message-model-slug=\"gpt-4o-mini\">\n<div class=\"flex w-full flex-col gap-1 empty:hidden first:pt-[3px]\">\n<div class=\"markdown prose dark:prose-invert w-full break-words light\">\n<p class=\"\" data-start=\"2565\" data-end=\"2724\"><em data-start=\"2581\" data-end=\"2602\">A Berberis thunbergii<\/em> &#8216;Carmen&#8217; &#8211; Jap\u00e1n v\u00e9rborbolya egy sz\u00e9p, k\u00f6nnyen gondozhat\u00f3 n\u00f6v\u00e9ny.<\/p>\n<\/div>\n<\/div>\n<\/div>\n<\/div>\n<div class=\"flex justify-start\">\n<div class=\"touch:-me-2 touch:-ms-3.5 -ms-2.5 -me-1 flex items-center p-1 select-none -mt-1 duration-[1.5s] focus-within:transition-none hover:transition-none pointer-events-none [mask-image:linear-gradient(to_right,black_33%,transparent_66%)] [mask-position:100%_0%] [mask-size:300%_100%] motion-safe:transition-[mask-position] group-hover\/turn-messages:pointer-events-auto group-hover\/turn-messages:[mask-position:0_0] group-focus-within\/turn-messages:pointer-events-auto group-focus-within\/turn-messages:[mask-position:0_0] has-data-[state=open]:pointer-events-auto has-data-[state=open]:[mask-position:0_0]\">\n<h2>Berberis thunbergii &#8216;Carmen&#8217; jellemz\u0151i:<\/h2>\n<ul>\n<li class=\"\" data-start=\"242\" data-end=\"353\">\n<p class=\"\" data-start=\"244\" data-end=\"353\">K\u00f6zepes m\u00e9ret\u0171 cserje, amely 1\u20131,2 m\u00e9ter magasra n\u0151.<\/p>\n<\/li>\n<li class=\"\" data-start=\"354\" data-end=\"507\">\n<p class=\"\" data-start=\"356\" data-end=\"507\">A levelei s\u00f6t\u00e9tpirosak, szinte burgundi sz\u00edn\u0171ek tavasszal \u00e9s ny\u00e1ron. \u0150sszel a levelek \u00e9l\u00e9nk v\u00f6r\u00f6sre, bord\u00f3ra sz\u00ednez\u0151dnek.<\/p>\n<\/li>\n<li data-start=\"508\" data-end=\"630\">Tavasz v\u00e9g\u00e9n apr\u00f3 s\u00e1rga vir\u00e1gokat hoz, amelyek nem t\u00fal l\u00e1tv\u00e1nyosak, de illatosak.<\/li>\n<li data-start=\"508\" data-end=\"630\">Vir\u00e1gz\u00e1s ut\u00e1n v\u00f6r\u00f6s bogy\u00f3kat hoz, amelyek \u0151sszel \u00e9rnek be, \u00e9s a madarak sz\u00edvesen fogyasztj\u00e1k \u0151ket.<\/li>\n<\/ul>\n<h3>Jap\u00e1n v\u00e9rborbolya gondoz\u00e1sa<\/h3>\n<ul>\n<li class=\"\" data-start=\"1018\" data-end=\"1126\">\n<p class=\"\" data-start=\"1020\" data-end=\"1126\">Napos vagy f\u00e9l\u00e1rny\u00e9kos helyre van sz\u00fcks\u00e9ge, hogy a levelei sz\u00e9p sz\u00edn\u00fcket megtarts\u00e1k.<\/p>\n<\/li>\n<li class=\"\" data-start=\"1127\" data-end=\"1211\">\n<p class=\"\" data-start=\"1129\" data-end=\"1211\">A talajban nem v\u00e1logat\u00f3s, de a legjobb, ha j\u00f3 v\u00edzelvezet\u0151 talajba \u00fcltetik.<\/p>\n<\/li>\n<li class=\"\" data-start=\"1212\" data-end=\"1322\">\n<p class=\"\" data-start=\"1214\" data-end=\"1322\">Sz\u00e1razs\u00e1gt\u0171r\u0151, de az optim\u00e1lis n\u00f6veked\u00e9shez rendszeres \u00f6nt\u00f6z\u00e9st ig\u00e9nyel, k\u00fcl\u00f6n\u00f6sen a sz\u00e1razabb id\u0151szakokban.<\/p>\n<\/li>\n<\/ul>\n<p>&nbsp;<\/p>\n<p><strong>\u27a1\ufe0f Kapcsolat:<\/strong><\/p>\n<ul>\n<li><strong>Weboldal: <\/strong><a href=\"https:\/\/tajkertesz.com\"><strong>tajkertesz.com<\/strong><\/a><\/li>\n<li><strong>Facebook: <\/strong><a href=\"https:\/\/www.facebook.com\/tajkertesz\/\"><strong>facebook.com\/tajkertesz<\/strong><\/a><\/li>\n<\/ul>\n<\/div>\n<\/div>\n<\/div>\n<\/div>\n<\/div>\n<\/div>\n<\/article>\n<div class=\"pointer-events-none h-px w-px\" aria-hidden=\"true\" data-edge=\"true\">\n<p><strong>\ud83d\udd04 K\u00e9szletinform\u00e1ci\u00f3<\/strong><\/p>\n<p><strong>K\u00e9szlet\u00fcnk napi szinten v\u00e1ltozik, \u00edgy a webshopban szerepl<\/strong><strong>\u0151<\/strong><strong> term\u00e9kek el\u00e9rhet<\/strong><strong>\u0151<\/strong><strong>s\u00e9ge nem garant\u00e1lt.<br \/>\n\ud83d\udcde A megrendel\u00e9s el<\/strong><strong>\u0151<\/strong><strong>tt k\u00e9rj\u00fck, \u00e9rdekl<\/strong><strong>\u0151<\/strong><strong>dj\u00f6n szem\u00e9lyesen, telefonon vagy e-mailben!<\/strong><\/p>\n<p><strong>\ud83d\udce6 Fut\u00e1rszolg\u00e1latos sz\u00e1ll\u00edt\u00e1s<\/strong><\/p>\n<ul>\n<li><strong>Maxim\u00e1lis m\u00e9ret: 200 cm (hossz\u00fas\u00e1g)<\/strong><\/li>\n<li><strong>Maxim\u00e1lis s\u00faly: 40 kg<\/strong><\/li>\n<li><strong>Az enn\u00e9l kisebb \u00e9s k\u00f6nnyebb csomagokat fut\u00e1rszolg\u00e1lattal k\u00e9zbes\u00edtj\u00fck a lehet<\/strong><strong>\u0151<\/strong><strong> legbiztons\u00e1gosabb csomagol\u00e1sban.<\/strong><\/li>\n<\/ul>\n<p><strong>\ud83d\udefb Szem\u00e9lyes \u00e1tv\u00e9tel<\/strong><\/p>\n<ul>\n<li><strong>1173 Budapest, Bakancsos utca 7. sz\u00e1m alatt nyitvatart\u00e1si id<\/strong><strong>\u0151<\/strong><strong>ben szem\u00e9lyesen \u00e1tvehet<\/strong><strong>\u0151<\/strong><strong> kert\u00e9szeti \u00e1rud\u00e1nkban.<\/strong><\/li>\n<li><strong>K\u00f6lts\u00e9ghat\u00e9kony megold\u00e1s nagyobb, t\u00f6r\u00e9kenyebb vagy t\u00falm\u00e9retes n\u00f6v\u00e9nyek eset\u00e9n.<\/strong><\/li>\n<\/ul>\n<p><strong>\ud83d\udcde Nagy m\u00e9ret<\/strong><strong>\u0171<\/strong><strong> vagy s\u00faly\u00fa n\u00f6v\u00e9nyek eset\u00e9n<\/strong><\/p>\n<p><strong>Ha a term\u00e9k:<\/strong><\/p>\n<ul>\n<li><strong>meghaladja a 200 cm hossz\u00fas\u00e1got vagy<\/strong><\/li>\n<li><strong>meghaladja a 40 kg s\u00falyt,<\/strong><\/li>\n<\/ul>\n<p><strong>akkor szem\u00e9lyes \u00e1tv\u00e9tellel vagy egyedi, el<\/strong><strong>\u0151<\/strong><strong>re egyeztetett sz\u00e1ll\u00edt\u00e1si felt\u00e9telek mellett t\u00f6rt\u00e9nik.<br \/>\nK\u00e9rj\u00fck, ilyen esetben rendel\u00e9s el<\/strong><strong>\u0151<\/strong><strong>tt vegye fel vel\u00fcnk a kapcsolatot, hogy a lehet<\/strong><strong>\u0151<\/strong><strong> legmegfelel<\/strong><strong>\u0151<\/strong><strong>bb sz\u00e1ll\u00edt\u00e1si megold\u00e1st k\u00edn\u00e1lhassuk.<\/strong><\/p>\n<p><strong>\ud83d\udd14 Fontos: A n\u00f6v\u00e9nyeket minden esetben igyeksz\u00fcnk gondosan, egyes\u00e9vel csomagolni, azonban a sz\u00e1ll\u00edt\u00e1s sor\u00e1n kisebb eszt\u00e9tikai s\u00e9r\u00fcl\u00e9sek el<\/strong><strong>\u0151<\/strong><strong>fordulhatnak (pl. lev\u00e9lhull\u00e1s). Ez nem min<\/strong><strong>\u0151<\/strong><strong>s\u00fcl hib\u00e1s teljes\u00edt\u00e9snek.<\/strong><\/p>\n<p><strong>\ud83d\udcf7 Fontos tudni a k\u00e9pekr<\/strong><strong>\u0151<\/strong><strong>l<\/strong><\/p>\n<p><strong>A webshopban szerepl<\/strong><strong>\u0151<\/strong><strong> k\u00e9pek illusztr\u00e1ci\u00f3k, a n\u00f6v\u00e9nyek term\u00e9szet\u00fckn\u00e9l fogva egyediek, \u00edgy m\u00e9retben, alakban \u00e9s sz\u00ednben minim\u00e1lis elt\u00e9r\u00e9sek el<\/strong><strong>\u0151<\/strong><strong>fordulhatnak a k\u00e9pen l\u00e1that\u00f3 \u00e9s a val\u00f3s p\u00e9ld\u00e1nyok k\u00f6z\u00f6tt.<\/strong><\/p>\n<p><strong>\ud83e\uddfe \u00c1rak \u00e9s el\u00e1ll\u00e1si jog<\/strong><\/p>\n<ul>\n<li><strong>Az \u00e1rak egy darab\u00a0n\u00f6v\u00e9nyre vonatkoznak.<\/strong><\/li>\n<li><strong>\u00c9l<\/strong><strong>\u0151<\/strong><strong> n\u00f6v\u00e9nyek rendel\u00e9se eset\u00e9n a 14 napos el\u00e1ll\u00e1s joga nem \u00e9rv\u00e9nyes\u00edthet<\/strong><strong>\u0151<\/strong><strong>, mivel azok romland\u00f3, biol\u00f3giailag \u00e9l<\/strong><strong>\u0151<\/strong><strong> term\u00e9keknek min<\/strong><strong>\u0151<\/strong><strong>s\u00fclnek.<br \/>\n\ud83d\udd12 (17\/1999. (II. 5.) Korm. rendelet 5. \u00a7 c) pontja alapj\u00e1n)<\/strong><\/li>\n<\/ul>\n<p><strong>\ud83d\udce6 K\u00e9zbes\u00edt\u00e9s ut\u00e1ni teend<\/strong><strong>\u0151<\/strong><strong>k<\/strong><\/p>\n<p><strong>A k\u00e9zbes\u00edt\u00e9st k\u00f6vet<\/strong><strong>\u0151<\/strong><strong>en a csomagot azonnal bontsuk ki, \u00e9s a n\u00f6v\u00e9nyt helyezz\u00fck el megfelel<\/strong><strong>\u0151<\/strong><strong> k\u00f6rnyezetben.<br \/>\nFontos: ha a n\u00f6v\u00e9ny nem r\u00e9szes\u00fcl megfelel<\/strong><strong>\u0151<\/strong><strong> gondoz\u00e1sban \u00e9s ennek k\u00f6vetkezt\u00e9ben k\u00e1rosodik vagy elpusztul, felel<\/strong><strong>\u0151<\/strong><strong>ss\u00e9get nem tudunk v\u00e1llalni.<\/strong><\/p>\n<p><strong>\u00a0<\/strong><\/p>\n<p><strong>\u00a0<\/strong><\/p>\n<\/div>\n","protected":false},"excerpt":{"rendered":"<p>A n\u00f6v\u00e9ny m\u00e9rete: 20-30 cm, 2 literes kont\u00e9nerben.<\/p>\n<p>Dekorat\u00edv, s\u00f6t\u00e9tbord\u00f3 level\u0171 d\u00edszcserje. Ide\u00e1lis s\u00f6v\u00e9nynek vagy szoliter n\u00f6v\u00e9nyk\u00e9nt. F\u00e9nykedvel\u0151, sz\u00e1razs\u00e1gt\u0171r\u0151, k\u00f6nnyen gondozhat\u00f3.<\/p>\n<p><strong>K\u00e9szlet\u00fcnk napi szinten v\u00e1ltozik, \u00edgy a webshopban szerepl<\/strong><strong>\u0151<\/strong><strong> term\u00e9kek el\u00e9rhet<\/strong><strong>\u0151<\/strong><strong>s\u00e9ge nem garant\u00e1lt.<br \/>\n\ud83d\udcde A megrendel\u00e9s el<\/strong><strong>\u0151<\/strong><strong>tt k\u00e9rj\u00fck, \u00e9rdekl<\/strong><strong>\u0151<\/strong><strong>dj\u00f6n szem\u00e9lyesen, telefonon vagy e-mailben!<\/strong><\/p>","protected":false},"featured_media":23133,"template":"","meta":{"_et_pb_use_builder":"","_et_pb_old_content":"","_et_gb_content_width":""},"product_brand":[],"product_cat":[27],"product_tag":[],"class_list":{"0":"post-23132","1":"product","2":"type-product","3":"status-publish","4":"has-post-thumbnail","6":"product_cat-cserjek","8":"first","9":"instock","10":"shipping-taxable","11":"purchasable","12":"product-type-simple"},"yoast_head":"<!-- This site is optimized with the Yoast SEO plugin v27.5 - https:\/\/yoast.com\/product\/yoast-seo-wordpress\/ -->\n<title>Berberis thunbergii &#039;Carmen&#039; - Jap\u00e1n v\u00e9rborbolya - T\u00e1jkert\u00e9sz<\/title>\n<meta name=\"description\" content=\"Berberis thunbergii &#039;Carmen&#039; - Jap\u00e1n v\u00e9rborbolya egy sz\u00e9p, k\u00f6nnyen gondozhat\u00f3 n\u00f6v\u00e9ny, amely minden \u00e9vszakban d\u00edsz\u00edti a kertet.\" \/>\n<meta name=\"robots\" content=\"index, follow, max-snippet:-1, max-image-preview:large, max-video-preview:-1\" \/>\n<link rel=\"canonical\" href=\"https:\/\/tajkertesz.com\/en_US\/product\/berberis-thunbergii-carmen-japan-verborbolya\/\" \/>\n<meta property=\"og:locale\" content=\"en_US\" \/>\n<meta property=\"og:type\" content=\"article\" \/>\n<meta property=\"og:title\" content=\"Berberis thunbergii &#039;Carmen&#039; - Jap\u00e1n v\u00e9rborbolya - T\u00e1jkert\u00e9sz\" \/>\n<meta property=\"og:description\" content=\"Berberis thunbergii &#039;Carmen&#039; - Jap\u00e1n v\u00e9rborbolya egy sz\u00e9p, k\u00f6nnyen gondozhat\u00f3 n\u00f6v\u00e9ny, amely minden \u00e9vszakban d\u00edsz\u00edti a kertet.\" \/>\n<meta property=\"og:url\" content=\"https:\/\/tajkertesz.com\/en_US\/product\/berberis-thunbergii-carmen-japan-verborbolya\/\" \/>\n<meta property=\"og:site_name\" content=\"T\u00e1jkert\u00e9sz\" \/>\n<meta property=\"article:publisher\" content=\"https:\/\/www.facebook.com\/Tajkertesz\/\" \/>\n<meta property=\"article:modified_time\" content=\"2025-06-18T10:41:07+00:00\" \/>\n<meta property=\"og:image\" content=\"https:\/\/tajkertesz.com\/wp-content\/uploads\/2025\/04\/Berberis-thunbergii-Carmen.jpg\" \/>\n\t<meta property=\"og:image:width\" content=\"800\" \/>\n\t<meta property=\"og:image:height\" content=\"531\" \/>\n\t<meta property=\"og:image:type\" content=\"image\/jpeg\" \/>\n<meta name=\"twitter:card\" content=\"summary_large_image\" \/>\n<meta name=\"twitter:label1\" content=\"Est. reading time\" \/>\n\t<meta name=\"twitter:data1\" content=\"3 minutes\" \/>\n<script type=\"application\/ld+json\" class=\"yoast-schema-graph\">{\"@context\":\"https:\\\/\\\/schema.org\",\"@graph\":[{\"@type\":\"WebPage\",\"@id\":\"https:\\\/\\\/tajkertesz.com\\\/termek\\\/berberis-thunbergii-carmen-japan-verborbolya\\\/\",\"url\":\"https:\\\/\\\/tajkertesz.com\\\/termek\\\/berberis-thunbergii-carmen-japan-verborbolya\\\/\",\"name\":\"Berberis thunbergii 'Carmen' - Jap\u00e1n v\u00e9rborbolya - T\u00e1jkert\u00e9sz\",\"isPartOf\":{\"@id\":\"https:\\\/\\\/tajkertesz.com\\\/#website\"},\"primaryImageOfPage\":{\"@id\":\"https:\\\/\\\/tajkertesz.com\\\/termek\\\/berberis-thunbergii-carmen-japan-verborbolya\\\/#primaryimage\"},\"image\":{\"@id\":\"https:\\\/\\\/tajkertesz.com\\\/termek\\\/berberis-thunbergii-carmen-japan-verborbolya\\\/#primaryimage\"},\"thumbnailUrl\":\"https:\\\/\\\/tajkertesz.com\\\/wp-content\\\/uploads\\\/2025\\\/04\\\/Berberis-thunbergii-Carmen.jpg\",\"datePublished\":\"2025-06-17T09:54:57+00:00\",\"dateModified\":\"2025-06-18T10:41:07+00:00\",\"description\":\"Berberis thunbergii 'Carmen' - Jap\u00e1n v\u00e9rborbolya egy sz\u00e9p, k\u00f6nnyen gondozhat\u00f3 n\u00f6v\u00e9ny, amely minden \u00e9vszakban d\u00edsz\u00edti a kertet.\",\"breadcrumb\":{\"@id\":\"https:\\\/\\\/tajkertesz.com\\\/termek\\\/berberis-thunbergii-carmen-japan-verborbolya\\\/#breadcrumb\"},\"inLanguage\":\"en-US\",\"potentialAction\":[{\"@type\":\"ReadAction\",\"target\":[\"https:\\\/\\\/tajkertesz.com\\\/termek\\\/berberis-thunbergii-carmen-japan-verborbolya\\\/\"]}]},{\"@type\":\"ImageObject\",\"inLanguage\":\"en-US\",\"@id\":\"https:\\\/\\\/tajkertesz.com\\\/termek\\\/berberis-thunbergii-carmen-japan-verborbolya\\\/#primaryimage\",\"url\":\"https:\\\/\\\/tajkertesz.com\\\/wp-content\\\/uploads\\\/2025\\\/04\\\/Berberis-thunbergii-Carmen.jpg\",\"contentUrl\":\"https:\\\/\\\/tajkertesz.com\\\/wp-content\\\/uploads\\\/2025\\\/04\\\/Berberis-thunbergii-Carmen.jpg\",\"width\":800,\"height\":531,\"caption\":\"Berberis thunbergii 'Carmen' - Jap\u00e1n v\u00e9rborbolya\"},{\"@type\":\"BreadcrumbList\",\"@id\":\"https:\\\/\\\/tajkertesz.com\\\/termek\\\/berberis-thunbergii-carmen-japan-verborbolya\\\/#breadcrumb\",\"itemListElement\":[{\"@type\":\"ListItem\",\"position\":1,\"name\":\"Home\",\"item\":\"https:\\\/\\\/tajkertesz.com\\\/\"},{\"@type\":\"ListItem\",\"position\":2,\"name\":\"Kezd\u0151lap\",\"item\":\"https:\\\/\\\/tajkertesz.com\\\/\"},{\"@type\":\"ListItem\",\"position\":3,\"name\":\"Berberis thunbergii &#8216;Carmen&#8217; &#8211; Jap\u00e1n v\u00e9rborbolya\"}]},{\"@type\":\"WebSite\",\"@id\":\"https:\\\/\\\/tajkertesz.com\\\/#website\",\"url\":\"https:\\\/\\\/tajkertesz.com\\\/\",\"name\":\"T\u00e1j-Kert\u00e9sz 84 Kft.\",\"description\":\"Kert\u00e9szeti kis- \u00e9s nagykeresked\u00e9s, D\u00edszn\u00f6v\u00e9ny web\u00e1ruh\u00e1z orsz\u00e1gos h\u00e1zhozsz\u00e1ll\u00edt\u00e1ssal!\",\"publisher\":{\"@id\":\"https:\\\/\\\/tajkertesz.com\\\/#organization\"},\"potentialAction\":[{\"@type\":\"SearchAction\",\"target\":{\"@type\":\"EntryPoint\",\"urlTemplate\":\"https:\\\/\\\/tajkertesz.com\\\/?s={search_term_string}\"},\"query-input\":{\"@type\":\"PropertyValueSpecification\",\"valueRequired\":true,\"valueName\":\"search_term_string\"}}],\"inLanguage\":\"en-US\"},{\"@type\":\"Organization\",\"@id\":\"https:\\\/\\\/tajkertesz.com\\\/#organization\",\"name\":\"T\u00e1j-Kert\u00e9sz 84 Kft.\",\"url\":\"https:\\\/\\\/tajkertesz.com\\\/\",\"logo\":{\"@type\":\"ImageObject\",\"inLanguage\":\"en-US\",\"@id\":\"https:\\\/\\\/tajkertesz.com\\\/#\\\/schema\\\/logo\\\/image\\\/\",\"url\":\"https:\\\/\\\/tajkertesz.com\\\/wp-content\\\/uploads\\\/2018\\\/02\\\/logo-2-e1518678052539.png\",\"contentUrl\":\"https:\\\/\\\/tajkertesz.com\\\/wp-content\\\/uploads\\\/2018\\\/02\\\/logo-2-e1518678052539.png\",\"width\":81,\"height\":140,\"caption\":\"T\u00e1j-Kert\u00e9sz 84 Kft.\"},\"image\":{\"@id\":\"https:\\\/\\\/tajkertesz.com\\\/#\\\/schema\\\/logo\\\/image\\\/\"},\"sameAs\":[\"https:\\\/\\\/www.facebook.com\\\/Tajkertesz\\\/\"]}]}<\/script>\n<!-- \/ Yoast SEO plugin. -->","yoast_head_json":{"title":"Berberis thunbergii 'Carmen' - Jap\u00e1n v\u00e9rborbolya - T\u00e1jkert\u00e9sz","description":"Berberis thunbergii 'Carmen' - Jap\u00e1n v\u00e9rborbolya egy sz\u00e9p, k\u00f6nnyen gondozhat\u00f3 n\u00f6v\u00e9ny, amely minden \u00e9vszakban d\u00edsz\u00edti a kertet.","robots":{"index":"index","follow":"follow","max-snippet":"max-snippet:-1","max-image-preview":"max-image-preview:large","max-video-preview":"max-video-preview:-1"},"canonical":"https:\/\/tajkertesz.com\/en_US\/product\/berberis-thunbergii-carmen-japan-verborbolya\/","og_locale":"en_US","og_type":"article","og_title":"Berberis thunbergii 'Carmen' - Jap\u00e1n v\u00e9rborbolya - T\u00e1jkert\u00e9sz","og_description":"Berberis thunbergii 'Carmen' - Jap\u00e1n v\u00e9rborbolya egy sz\u00e9p, k\u00f6nnyen gondozhat\u00f3 n\u00f6v\u00e9ny, amely minden \u00e9vszakban d\u00edsz\u00edti a kertet.","og_url":"https:\/\/tajkertesz.com\/en_US\/product\/berberis-thunbergii-carmen-japan-verborbolya\/","og_site_name":"T\u00e1jkert\u00e9sz","article_publisher":"https:\/\/www.facebook.com\/Tajkertesz\/","article_modified_time":"2025-06-18T10:41:07+00:00","og_image":[{"width":800,"height":531,"url":"https:\/\/tajkertesz.com\/wp-content\/uploads\/2025\/04\/Berberis-thunbergii-Carmen.jpg","type":"image\/jpeg"}],"twitter_card":"summary_large_image","twitter_misc":{"Est. reading time":"3 minutes"},"schema":{"@context":"https:\/\/schema.org","@graph":[{"@type":"WebPage","@id":"https:\/\/tajkertesz.com\/termek\/berberis-thunbergii-carmen-japan-verborbolya\/","url":"https:\/\/tajkertesz.com\/termek\/berberis-thunbergii-carmen-japan-verborbolya\/","name":"Berberis thunbergii 'Carmen' - Jap\u00e1n v\u00e9rborbolya - T\u00e1jkert\u00e9sz","isPartOf":{"@id":"https:\/\/tajkertesz.com\/#website"},"primaryImageOfPage":{"@id":"https:\/\/tajkertesz.com\/termek\/berberis-thunbergii-carmen-japan-verborbolya\/#primaryimage"},"image":{"@id":"https:\/\/tajkertesz.com\/termek\/berberis-thunbergii-carmen-japan-verborbolya\/#primaryimage"},"thumbnailUrl":"https:\/\/tajkertesz.com\/wp-content\/uploads\/2025\/04\/Berberis-thunbergii-Carmen.jpg","datePublished":"2025-06-17T09:54:57+00:00","dateModified":"2025-06-18T10:41:07+00:00","description":"Berberis thunbergii 'Carmen' - Jap\u00e1n v\u00e9rborbolya egy sz\u00e9p, k\u00f6nnyen gondozhat\u00f3 n\u00f6v\u00e9ny, amely minden \u00e9vszakban d\u00edsz\u00edti a kertet.","breadcrumb":{"@id":"https:\/\/tajkertesz.com\/termek\/berberis-thunbergii-carmen-japan-verborbolya\/#breadcrumb"},"inLanguage":"en-US","potentialAction":[{"@type":"ReadAction","target":["https:\/\/tajkertesz.com\/termek\/berberis-thunbergii-carmen-japan-verborbolya\/"]}]},{"@type":"ImageObject","inLanguage":"en-US","@id":"https:\/\/tajkertesz.com\/termek\/berberis-thunbergii-carmen-japan-verborbolya\/#primaryimage","url":"https:\/\/tajkertesz.com\/wp-content\/uploads\/2025\/04\/Berberis-thunbergii-Carmen.jpg","contentUrl":"https:\/\/tajkertesz.com\/wp-content\/uploads\/2025\/04\/Berberis-thunbergii-Carmen.jpg","width":800,"height":531,"caption":"Berberis thunbergii 'Carmen' - Jap\u00e1n v\u00e9rborbolya"},{"@type":"BreadcrumbList","@id":"https:\/\/tajkertesz.com\/termek\/berberis-thunbergii-carmen-japan-verborbolya\/#breadcrumb","itemListElement":[{"@type":"ListItem","position":1,"name":"Home","item":"https:\/\/tajkertesz.com\/"},{"@type":"ListItem","position":2,"name":"Kezd\u0151lap","item":"https:\/\/tajkertesz.com\/"},{"@type":"ListItem","position":3,"name":"Berberis thunbergii &#8216;Carmen&#8217; &#8211; Jap\u00e1n v\u00e9rborbolya"}]},{"@type":"WebSite","@id":"https:\/\/tajkertesz.com\/#website","url":"https:\/\/tajkertesz.com\/","name":"T\u00e1j-Kert\u00e9sz 84 Kft.","description":"Kert\u00e9szeti kis- \u00e9s nagykeresked\u00e9s, D\u00edszn\u00f6v\u00e9ny web\u00e1ruh\u00e1z orsz\u00e1gos h\u00e1zhozsz\u00e1ll\u00edt\u00e1ssal!","publisher":{"@id":"https:\/\/tajkertesz.com\/#organization"},"potentialAction":[{"@type":"SearchAction","target":{"@type":"EntryPoint","urlTemplate":"https:\/\/tajkertesz.com\/?s={search_term_string}"},"query-input":{"@type":"PropertyValueSpecification","valueRequired":true,"valueName":"search_term_string"}}],"inLanguage":"en-US"},{"@type":"Organization","@id":"https:\/\/tajkertesz.com\/#organization","name":"T\u00e1j-Kert\u00e9sz 84 Kft.","url":"https:\/\/tajkertesz.com\/","logo":{"@type":"ImageObject","inLanguage":"en-US","@id":"https:\/\/tajkertesz.com\/#\/schema\/logo\/image\/","url":"https:\/\/tajkertesz.com\/wp-content\/uploads\/2018\/02\/logo-2-e1518678052539.png","contentUrl":"https:\/\/tajkertesz.com\/wp-content\/uploads\/2018\/02\/logo-2-e1518678052539.png","width":81,"height":140,"caption":"T\u00e1j-Kert\u00e9sz 84 Kft."},"image":{"@id":"https:\/\/tajkertesz.com\/#\/schema\/logo\/image\/"},"sameAs":["https:\/\/www.facebook.com\/Tajkertesz\/"]}]}},"_links":{"self":[{"href":"https:\/\/tajkertesz.com\/en_US\/wp-json\/wp\/v2\/product\/23132","targetHints":{"allow":["GET"]}}],"collection":[{"href":"https:\/\/tajkertesz.com\/en_US\/wp-json\/wp\/v2\/product"}],"about":[{"href":"https:\/\/tajkertesz.com\/en_US\/wp-json\/wp\/v2\/types\/product"}],"wp:featuredmedia":[{"embeddable":true,"href":"https:\/\/tajkertesz.com\/en_US\/wp-json\/wp\/v2\/media\/23133"}],"wp:attachment":[{"href":"https:\/\/tajkertesz.com\/en_US\/wp-json\/wp\/v2\/media?parent=23132"}],"wp:term":[{"taxonomy":"product_brand","embeddable":true,"href":"https:\/\/tajkertesz.com\/en_US\/wp-json\/wp\/v2\/product_brand?post=23132"},{"taxonomy":"product_cat","embeddable":true,"href":"https:\/\/tajkertesz.com\/en_US\/wp-json\/wp\/v2\/product_cat?post=23132"},{"taxonomy":"product_tag","embeddable":true,"href":"https:\/\/tajkertesz.com\/en_US\/wp-json\/wp\/v2\/product_tag?post=23132"}],"curies":[{"name":"wp","href":"https:\/\/api.w.org\/{rel}","templated":true}]}}