{"id":23137,"date":"2025-04-09T11:13:41","date_gmt":"2025-04-09T11:13:41","guid":{"rendered":"https:\/\/tajkertesz.com\/?post_type=product&#038;p=23137"},"modified":"2025-10-16T11:00:27","modified_gmt":"2025-10-16T11:00:27","slug":"agrecol-szerves-afonya-mutragya-1kg","status":"publish","type":"product","link":"https:\/\/tajkertesz.com\/en_US\/product\/agrecol-szerves-afonya-mutragya-1kg\/","title":{"rendered":"Agrecol Szerves \u00e1fonya m\u0171tr\u00e1gya 1kg"},"content":{"rendered":"<h1>Agrecol Szerves \u00e1fonya m\u0171tr\u00e1gya 1kg<\/h1>\n<p>Agrecol Szerves \u00e1fonya m\u0171tr\u00e1gya 1kg:<\/p>\n<p>\u00e1fonya \u00e9s haskap bogy\u00f3k szerves tr\u00e1gy\u00e1z\u00e1sa<br \/>\nmagas term\u00e9st \u00e9s telt gy\u00fcm\u00f6lcs\u00f6t biztos\u00edt<br \/>\np\u00f3tolja a talaj szervesanyag-hi\u00e1ny\u00e1t<br \/>\nSorozat:<br \/>\nAgrecol Natura<\/p>\n<p>Tartalom<br \/>\nnitrog\u00e9n (N) \u2013 6%<br \/>\nfoszfor (P2O5) \u2013 5%<br \/>\nk\u00e1lium (K2O) \u2013 10%<br \/>\nmagn\u00e9zium (MgO) \u2013 4<\/p>\n<p>A bio\u00e1fonya-m\u0171tr\u00e1gya kiv\u00e1l\u00f3 min\u0151s\u00e9g\u0171 granul\u00e1lt m\u0171tr\u00e1gya, amely \u00e1fonya, valamint haskap \u00e9s \u00e1fonya tr\u00e1gy\u00e1z\u00e1s\u00e1ra szolg\u00e1l. A m\u0171tr\u00e1gya \u00f6sszetev\u0151i, mint a nitrog\u00e9n, foszfor, k\u00e1lium \u00e9s magn\u00e9zium befoly\u00e1solj\u00e1k a gy\u00fcm\u00f6lcs t\u00e1panyag- \u00e9s vitamintartalm\u00e1t. A megfelel\u0151en t\u00e1pl\u00e1lt \u00e1fonya \u00e9s bogy\u00f3s gy\u00fcm\u00f6lcs\u00f6k antoci\u00e1nokat termelnek, amelyek a gy\u00fcm\u00f6lcs k\u00e9k sz\u00edn\u00e9t adj\u00e1k, \u00e9s eg\u00e9szs\u00e9g\u00fcnkre is pozit\u00edv hat\u00e1ssal vannak. A szisztematikusan haszn\u00e1lt \u00e1fonya m\u0171tr\u00e1gya hat\u00e1ssal van a term\u00e9sb\u0151s\u00e9gre, valamint a n\u00f6v\u00e9nyek megfelel\u0151 fejl\u0151d\u00e9s\u00e9re. A szerves tr\u00e1gy\u00e1k haszn\u00e1lata biztos\u00edtja a talaj megfelel\u0151 t\u00e1panyagszintj\u00e9t \u00e9s gazdag\u00edtja az aljzat szerkezet\u00e9t. A m\u0171tr\u00e1gya ide\u00e1lis a talaj el\u0151k\u00e9sz\u00edt\u00e9s\u00e9re vet\u00e9s \u00e9s \u00fcltet\u00e9s el\u0151tt.<\/p>\n<p>Hogyan kell haszn\u00e1lni<br \/>\nA m\u0171tr\u00e1gy\u00e1t m\u00e1rciust\u00f3l szeptember v\u00e9g\u00e9ig haszn\u00e1lja. A m\u0171tr\u00e1gya \u00f6sszetev\u0151i a kijuttat\u00e1s ut\u00e1n legfeljebb 3 h\u00f3napig fejtik ki hat\u00e1sukat. A m\u0171tr\u00e1gy\u00e1t egyenletesen sz\u00f3rjuk a n\u00f6v\u00e9nyek k\u00f6r\u00e9, \u00e9s lehet\u0151s\u00e9g szerint keverj\u00fck \u00f6ssze a talaj fels\u0151 r\u00e9teg\u00e9vel. 12-15\u00b0C h\u0151m\u00e9rs\u00e9kleten haszn\u00e1lja. A megterm\u00e9keny\u00edt\u00e9s id\u0151pontj\u00e1t\u00f3l f\u00fcgg\u0151en \u00e1ll\u00edtsa be a k\u00f6vetkez\u0151 adagokat:<\/p>\n<p>veget\u00e1ci\u00f3s id\u0151szakban \u2013 1 m2 aljzatonk\u00e9nt 150 g m\u0171tr\u00e1gy\u00e1t haszn\u00e1ljon 3 havonta<br \/>\nel\u0151k\u00e9sz\u00edt\u00e9s kor\u00e1bban nem m\u0171tr\u00e1gy\u00e1zott aljzat termeszt\u00e9s\u00e9re \u2013 3-5 kg-ot haszn\u00e1ljon 1 m3 aljzatra<\/p>\n<p style=\"line-height: 18.0pt; background: white; margin: 0cm 0cm 15.0pt 0cm;\"><b><span style=\"font-family: 'Ubuntu',sans-serif; color: black;\">K\u00e9szlet\u00fcnk napi szinten v\u00e1ltozik, ez\u00e9rt k\u00e9rj\u00fck, \u00e9rdekl\u0151dj\u00f6n szem\u00e9lyesen, telefonon vagy email-en.<br \/>\nA v\u00e1ltoztat\u00e1s jog\u00e1t fenntartjuk!\u00a0<\/span><\/b><\/p>\n<p><a href=\"https:\/\/tajkertesz.com\/\">https:\/\/tajkertesz.com\/<\/a><\/p>\n<p><a href=\"https:\/\/www.facebook.com\/tajkertesz\/\">https:\/\/www.facebook.com\/tajkertesz\/<\/a><\/p>\n<p>Kisz\u00e1ll\u00edt\u00e1s: 200cm-ig \u00e9s 40 kg-ig a sz\u00e1ll\u00edt\u00e1s fut\u00e1rszolg\u00e1lattal t\u00f6rt\u00e9nik.<\/p>\n<p>Szem\u00e9lyes \u00e1tv\u00e9tel nyitvatart\u00e1si id\u0151ben a 17. ker\u00fclet Bakancsos utca 7. sz\u00e1m alatti Kert\u00e9szeti \u00e1rud\u00e1nkban.<\/p>\n<p><b><u>Kert\u00e9p\u00edt\u0151k \u00e9s viszontelad\u00f3k regisztr\u00e1l\u00e1s ut\u00e1n egyedi kedvezm\u00e9nnyel v\u00e1s\u00e1rolhatnak kert\u00e9szeti kis-\u00e9s nagykeresked\u00e9s\u00fcnkben.<\/u><\/b><\/p>\n<p>A logisztikai c\u00e9ggel t\u00f6rt\u00e9n\u0151 sz\u00e1ll\u00edt\u00e1s eset\u00e9n a partnereink\u00a0esetleges a\u00a0cs\u00fasz\u00e1sai\u00e9rt nem<\/p>\n<p>v\u00e1llalunk felel\u0151ss\u00e9get!<\/p>\n<p><strong>Az \u00e1rak egy darab term\u00e9kre vonatkoznak.<\/strong><\/p>","protected":false},"excerpt":{"rendered":"<p>Agrecol Szerves \u00e1fonya m\u0171tr\u00e1gya 1kg<\/p>","protected":false},"featured_media":23139,"template":"","meta":{"_et_pb_use_builder":"","_et_pb_old_content":"","_et_gb_content_width":""},"product_brand":[5735],"product_cat":[5667,1415],"product_tag":[1435,537,5668],"class_list":{"0":"post-23137","1":"product","2":"type-product","3":"status-publish","4":"has-post-thumbnail","6":"product_brand-agrecol","7":"product_cat-agrecol-szerves-tragyak","8":"product_cat-agrecol-tapoldatok-mutragyak","9":"product_tag-afonya","10":"product_tag-agrecol","11":"product_tag-szerves-tragya","13":"first","14":"outofstock","15":"shipping-taxable","16":"product-type-simple"},"yoast_head":"<!-- This site is optimized with the Yoast SEO plugin v27.4 - https:\/\/yoast.com\/product\/yoast-seo-wordpress\/ -->\n<title>Agrecol Szerves \u00e1fonya m\u0171tr\u00e1gya 1kg - T\u00e1jkert\u00e9sz<\/title>\n<meta name=\"description\" content=\"Agrecol Szerves \u00e1fonya m\u0171tr\u00e1gya 1kg.......................................................................................\" \/>\n<meta name=\"robots\" content=\"index, follow, max-snippet:-1, max-image-preview:large, max-video-preview:-1\" \/>\n<link rel=\"canonical\" href=\"https:\/\/tajkertesz.com\/en_US\/product\/agrecol-szerves-afonya-mutragya-1kg\/\" \/>\n<meta property=\"og:locale\" content=\"en_US\" \/>\n<meta property=\"og:type\" content=\"article\" \/>\n<meta property=\"og:title\" content=\"Agrecol Szerves \u00e1fonya m\u0171tr\u00e1gya 1kg - T\u00e1jkert\u00e9sz\" \/>\n<meta property=\"og:description\" content=\"Agrecol Szerves \u00e1fonya m\u0171tr\u00e1gya 1kg.......................................................................................\" \/>\n<meta property=\"og:url\" content=\"https:\/\/tajkertesz.com\/en_US\/product\/agrecol-szerves-afonya-mutragya-1kg\/\" \/>\n<meta property=\"og:site_name\" content=\"T\u00e1jkert\u00e9sz\" \/>\n<meta property=\"article:publisher\" content=\"https:\/\/www.facebook.com\/Tajkertesz\/\" \/>\n<meta property=\"article:modified_time\" content=\"2025-10-16T11:00:27+00:00\" \/>\n<meta property=\"og:image\" content=\"https:\/\/tajkertesz.com\/wp-content\/uploads\/2025\/04\/711-AN-borowki-1kg-wiz.png\" \/>\n\t<meta property=\"og:image:width\" content=\"370\" \/>\n\t<meta property=\"og:image:height\" content=\"593\" \/>\n\t<meta property=\"og:image:type\" content=\"image\/png\" \/>\n<meta name=\"twitter:card\" content=\"summary_large_image\" \/>\n<meta name=\"twitter:label1\" content=\"Est. reading time\" \/>\n\t<meta name=\"twitter:data1\" content=\"2 minutes\" \/>\n<script type=\"application\/ld+json\" class=\"yoast-schema-graph\">{\"@context\":\"https:\\\/\\\/schema.org\",\"@graph\":[{\"@type\":\"WebPage\",\"@id\":\"https:\\\/\\\/tajkertesz.com\\\/termek\\\/agrecol-szerves-afonya-mutragya-1kg\\\/\",\"url\":\"https:\\\/\\\/tajkertesz.com\\\/termek\\\/agrecol-szerves-afonya-mutragya-1kg\\\/\",\"name\":\"Agrecol Szerves \u00e1fonya m\u0171tr\u00e1gya 1kg - T\u00e1jkert\u00e9sz\",\"isPartOf\":{\"@id\":\"https:\\\/\\\/tajkertesz.com\\\/#website\"},\"primaryImageOfPage\":{\"@id\":\"https:\\\/\\\/tajkertesz.com\\\/termek\\\/agrecol-szerves-afonya-mutragya-1kg\\\/#primaryimage\"},\"image\":{\"@id\":\"https:\\\/\\\/tajkertesz.com\\\/termek\\\/agrecol-szerves-afonya-mutragya-1kg\\\/#primaryimage\"},\"thumbnailUrl\":\"https:\\\/\\\/tajkertesz.com\\\/wp-content\\\/uploads\\\/2025\\\/04\\\/711-AN-borowki-1kg-wiz.png\",\"datePublished\":\"2025-04-09T11:13:41+00:00\",\"dateModified\":\"2025-10-16T11:00:27+00:00\",\"description\":\"Agrecol Szerves \u00e1fonya m\u0171tr\u00e1gya 1kg.......................................................................................\",\"breadcrumb\":{\"@id\":\"https:\\\/\\\/tajkertesz.com\\\/termek\\\/agrecol-szerves-afonya-mutragya-1kg\\\/#breadcrumb\"},\"inLanguage\":\"en-US\",\"potentialAction\":[{\"@type\":\"ReadAction\",\"target\":[\"https:\\\/\\\/tajkertesz.com\\\/termek\\\/agrecol-szerves-afonya-mutragya-1kg\\\/\"]}]},{\"@type\":\"ImageObject\",\"inLanguage\":\"en-US\",\"@id\":\"https:\\\/\\\/tajkertesz.com\\\/termek\\\/agrecol-szerves-afonya-mutragya-1kg\\\/#primaryimage\",\"url\":\"https:\\\/\\\/tajkertesz.com\\\/wp-content\\\/uploads\\\/2025\\\/04\\\/711-AN-borowki-1kg-wiz.png\",\"contentUrl\":\"https:\\\/\\\/tajkertesz.com\\\/wp-content\\\/uploads\\\/2025\\\/04\\\/711-AN-borowki-1kg-wiz.png\",\"width\":370,\"height\":593},{\"@type\":\"BreadcrumbList\",\"@id\":\"https:\\\/\\\/tajkertesz.com\\\/termek\\\/agrecol-szerves-afonya-mutragya-1kg\\\/#breadcrumb\",\"itemListElement\":[{\"@type\":\"ListItem\",\"position\":1,\"name\":\"Home\",\"item\":\"https:\\\/\\\/tajkertesz.com\\\/\"},{\"@type\":\"ListItem\",\"position\":2,\"name\":\"Kezd\u0151lap\",\"item\":\"https:\\\/\\\/tajkertesz.com\\\/\"},{\"@type\":\"ListItem\",\"position\":3,\"name\":\"Agrecol Szerves \u00e1fonya m\u0171tr\u00e1gya 1kg\"}]},{\"@type\":\"WebSite\",\"@id\":\"https:\\\/\\\/tajkertesz.com\\\/#website\",\"url\":\"https:\\\/\\\/tajkertesz.com\\\/\",\"name\":\"T\u00e1j-Kert\u00e9sz 84 Kft.\",\"description\":\"Kert\u00e9szeti kis- \u00e9s nagykeresked\u00e9s, D\u00edszn\u00f6v\u00e9ny web\u00e1ruh\u00e1z orsz\u00e1gos h\u00e1zhozsz\u00e1ll\u00edt\u00e1ssal!\",\"publisher\":{\"@id\":\"https:\\\/\\\/tajkertesz.com\\\/#organization\"},\"potentialAction\":[{\"@type\":\"SearchAction\",\"target\":{\"@type\":\"EntryPoint\",\"urlTemplate\":\"https:\\\/\\\/tajkertesz.com\\\/?s={search_term_string}\"},\"query-input\":{\"@type\":\"PropertyValueSpecification\",\"valueRequired\":true,\"valueName\":\"search_term_string\"}}],\"inLanguage\":\"en-US\"},{\"@type\":\"Organization\",\"@id\":\"https:\\\/\\\/tajkertesz.com\\\/#organization\",\"name\":\"T\u00e1j-Kert\u00e9sz 84 Kft.\",\"url\":\"https:\\\/\\\/tajkertesz.com\\\/\",\"logo\":{\"@type\":\"ImageObject\",\"inLanguage\":\"en-US\",\"@id\":\"https:\\\/\\\/tajkertesz.com\\\/#\\\/schema\\\/logo\\\/image\\\/\",\"url\":\"https:\\\/\\\/tajkertesz.com\\\/wp-content\\\/uploads\\\/2018\\\/02\\\/logo-2-e1518678052539.png\",\"contentUrl\":\"https:\\\/\\\/tajkertesz.com\\\/wp-content\\\/uploads\\\/2018\\\/02\\\/logo-2-e1518678052539.png\",\"width\":81,\"height\":140,\"caption\":\"T\u00e1j-Kert\u00e9sz 84 Kft.\"},\"image\":{\"@id\":\"https:\\\/\\\/tajkertesz.com\\\/#\\\/schema\\\/logo\\\/image\\\/\"},\"sameAs\":[\"https:\\\/\\\/www.facebook.com\\\/Tajkertesz\\\/\"]}]}<\/script>\n<!-- \/ Yoast SEO plugin. -->","yoast_head_json":{"title":"Agrecol Szerves \u00e1fonya m\u0171tr\u00e1gya 1kg - T\u00e1jkert\u00e9sz","description":"Agrecol Szerves \u00e1fonya m\u0171tr\u00e1gya 1kg.......................................................................................","robots":{"index":"index","follow":"follow","max-snippet":"max-snippet:-1","max-image-preview":"max-image-preview:large","max-video-preview":"max-video-preview:-1"},"canonical":"https:\/\/tajkertesz.com\/en_US\/product\/agrecol-szerves-afonya-mutragya-1kg\/","og_locale":"en_US","og_type":"article","og_title":"Agrecol Szerves \u00e1fonya m\u0171tr\u00e1gya 1kg - T\u00e1jkert\u00e9sz","og_description":"Agrecol Szerves \u00e1fonya m\u0171tr\u00e1gya 1kg.......................................................................................","og_url":"https:\/\/tajkertesz.com\/en_US\/product\/agrecol-szerves-afonya-mutragya-1kg\/","og_site_name":"T\u00e1jkert\u00e9sz","article_publisher":"https:\/\/www.facebook.com\/Tajkertesz\/","article_modified_time":"2025-10-16T11:00:27+00:00","og_image":[{"width":370,"height":593,"url":"https:\/\/tajkertesz.com\/wp-content\/uploads\/2025\/04\/711-AN-borowki-1kg-wiz.png","type":"image\/png"}],"twitter_card":"summary_large_image","twitter_misc":{"Est. reading time":"2 minutes"},"schema":{"@context":"https:\/\/schema.org","@graph":[{"@type":"WebPage","@id":"https:\/\/tajkertesz.com\/termek\/agrecol-szerves-afonya-mutragya-1kg\/","url":"https:\/\/tajkertesz.com\/termek\/agrecol-szerves-afonya-mutragya-1kg\/","name":"Agrecol Szerves \u00e1fonya m\u0171tr\u00e1gya 1kg - T\u00e1jkert\u00e9sz","isPartOf":{"@id":"https:\/\/tajkertesz.com\/#website"},"primaryImageOfPage":{"@id":"https:\/\/tajkertesz.com\/termek\/agrecol-szerves-afonya-mutragya-1kg\/#primaryimage"},"image":{"@id":"https:\/\/tajkertesz.com\/termek\/agrecol-szerves-afonya-mutragya-1kg\/#primaryimage"},"thumbnailUrl":"https:\/\/tajkertesz.com\/wp-content\/uploads\/2025\/04\/711-AN-borowki-1kg-wiz.png","datePublished":"2025-04-09T11:13:41+00:00","dateModified":"2025-10-16T11:00:27+00:00","description":"Agrecol Szerves \u00e1fonya m\u0171tr\u00e1gya 1kg.......................................................................................","breadcrumb":{"@id":"https:\/\/tajkertesz.com\/termek\/agrecol-szerves-afonya-mutragya-1kg\/#breadcrumb"},"inLanguage":"en-US","potentialAction":[{"@type":"ReadAction","target":["https:\/\/tajkertesz.com\/termek\/agrecol-szerves-afonya-mutragya-1kg\/"]}]},{"@type":"ImageObject","inLanguage":"en-US","@id":"https:\/\/tajkertesz.com\/termek\/agrecol-szerves-afonya-mutragya-1kg\/#primaryimage","url":"https:\/\/tajkertesz.com\/wp-content\/uploads\/2025\/04\/711-AN-borowki-1kg-wiz.png","contentUrl":"https:\/\/tajkertesz.com\/wp-content\/uploads\/2025\/04\/711-AN-borowki-1kg-wiz.png","width":370,"height":593},{"@type":"BreadcrumbList","@id":"https:\/\/tajkertesz.com\/termek\/agrecol-szerves-afonya-mutragya-1kg\/#breadcrumb","itemListElement":[{"@type":"ListItem","position":1,"name":"Home","item":"https:\/\/tajkertesz.com\/"},{"@type":"ListItem","position":2,"name":"Kezd\u0151lap","item":"https:\/\/tajkertesz.com\/"},{"@type":"ListItem","position":3,"name":"Agrecol Szerves \u00e1fonya m\u0171tr\u00e1gya 1kg"}]},{"@type":"WebSite","@id":"https:\/\/tajkertesz.com\/#website","url":"https:\/\/tajkertesz.com\/","name":"T\u00e1j-Kert\u00e9sz 84 Kft.","description":"Kert\u00e9szeti kis- \u00e9s nagykeresked\u00e9s, D\u00edszn\u00f6v\u00e9ny web\u00e1ruh\u00e1z orsz\u00e1gos h\u00e1zhozsz\u00e1ll\u00edt\u00e1ssal!","publisher":{"@id":"https:\/\/tajkertesz.com\/#organization"},"potentialAction":[{"@type":"SearchAction","target":{"@type":"EntryPoint","urlTemplate":"https:\/\/tajkertesz.com\/?s={search_term_string}"},"query-input":{"@type":"PropertyValueSpecification","valueRequired":true,"valueName":"search_term_string"}}],"inLanguage":"en-US"},{"@type":"Organization","@id":"https:\/\/tajkertesz.com\/#organization","name":"T\u00e1j-Kert\u00e9sz 84 Kft.","url":"https:\/\/tajkertesz.com\/","logo":{"@type":"ImageObject","inLanguage":"en-US","@id":"https:\/\/tajkertesz.com\/#\/schema\/logo\/image\/","url":"https:\/\/tajkertesz.com\/wp-content\/uploads\/2018\/02\/logo-2-e1518678052539.png","contentUrl":"https:\/\/tajkertesz.com\/wp-content\/uploads\/2018\/02\/logo-2-e1518678052539.png","width":81,"height":140,"caption":"T\u00e1j-Kert\u00e9sz 84 Kft."},"image":{"@id":"https:\/\/tajkertesz.com\/#\/schema\/logo\/image\/"},"sameAs":["https:\/\/www.facebook.com\/Tajkertesz\/"]}]}},"_links":{"self":[{"href":"https:\/\/tajkertesz.com\/en_US\/wp-json\/wp\/v2\/product\/23137","targetHints":{"allow":["GET"]}}],"collection":[{"href":"https:\/\/tajkertesz.com\/en_US\/wp-json\/wp\/v2\/product"}],"about":[{"href":"https:\/\/tajkertesz.com\/en_US\/wp-json\/wp\/v2\/types\/product"}],"wp:featuredmedia":[{"embeddable":true,"href":"https:\/\/tajkertesz.com\/en_US\/wp-json\/wp\/v2\/media\/23139"}],"wp:attachment":[{"href":"https:\/\/tajkertesz.com\/en_US\/wp-json\/wp\/v2\/media?parent=23137"}],"wp:term":[{"taxonomy":"product_brand","embeddable":true,"href":"https:\/\/tajkertesz.com\/en_US\/wp-json\/wp\/v2\/product_brand?post=23137"},{"taxonomy":"product_cat","embeddable":true,"href":"https:\/\/tajkertesz.com\/en_US\/wp-json\/wp\/v2\/product_cat?post=23137"},{"taxonomy":"product_tag","embeddable":true,"href":"https:\/\/tajkertesz.com\/en_US\/wp-json\/wp\/v2\/product_tag?post=23137"}],"curies":[{"name":"wp","href":"https:\/\/api.w.org\/{rel}","templated":true}]}}