{"id":2315,"date":"2020-10-27T12:14:08","date_gmt":"2020-10-27T12:14:08","guid":{"rendered":"https:\/\/tajkertesz.com\/?post_type=product&#038;p=2315"},"modified":"2026-02-24T11:41:36","modified_gmt":"2026-02-24T11:41:36","slug":"cupressocyparis-leylandii-leylandi-ciprus","status":"publish","type":"product","link":"https:\/\/tajkertesz.com\/en_US\/product\/cupressocyparis-leylandii-leylandi-ciprus\/","title":{"rendered":"Cupressocyparis leylandii &#8211; Leylandi ciprus 80\/100"},"content":{"rendered":"<h1>Cupressocyparis leylandii &#8211; Leylandi ciprus 80\/100<\/h1>\n<p>A Cupressocyparis leylandii &#8211; Leylandi ciprus 80\/100 az egyik legn\u00e9pszer\u0171bb s\u00f6v\u00e9nyn\u00f6v\u00e9ny, mely a leggyorsabban is n\u00f6vekszik.<\/p>\n<p>N\u00e9pszer\u0171s\u00e9g\u00e9t annak a j\u00f3 tulajdons\u00e1g\u00e1nak k\u00f6sz\u00f6nheti , hogy igen gyorsan s\u0171r\u0171 \u00e1tl\u00e1thatatlan s\u00f6v\u00e9ny k\u00e9sz\u00edthet\u0151 bel\u0151le.<\/p>\n<h2>Cupressocyparis leylandii jellemz\u0151i:<\/h2>\n<p>N\u00f6veked\u00e9si intenzit\u00e1s\u00e1ra jellemz\u0151 hogy k\u00e9pes 1 m\u00e9tert is n\u0151ni 1 \u00e9v alatt. Magass\u00e1ga el\u00e9rheti a 10-15 m-t is sz\u00e9les k\u00fap alak\u00fa ellen\u00e1ll\u00f3 fajta.<\/p>\n<p>Parkokba szoliterk\u00e9nt \u00fcltetik. A metsz\u00e9st j\u00f3l t\u0171ri. \u00c9venk\u00e9nt\u00a0 2-3 ny\u00edr\u00e1ssal gy\u00f6ny\u00f6r\u0171, t\u00f6m\u00f6r, \u00e1tl\u00e1thatatlan s\u00f6v\u00e9nyt tudunk bel\u0151le k\u00e9sz\u00edteni. Talajban nem v\u00e1logat\u00f3s.<\/p>\n<p>A\u00a0 rendszeres t\u00e1panyagut\u00e1np\u00f3tl\u00e1st viszont gy\u00f6ny\u00f6r\u0171 buja z\u00f6ld \u00e1gakkal h\u00e1l\u00e1lja meg.<\/p>\n<h3>\u00a0Leylandi ciprus 80\/100 gondoz\u00e1sa<\/h3>\n<p>\u00d6nt\u00f6z\u00e9s: A gy\u00f6keresed\u00e9si id\u0151 tavaszi \u00e9s ny\u00e1ri id\u0151szaka\u00a0 alatt alapvet\u0151en fontos a napi rendszeres locsol\u00e1s. Id\u0151j\u00e1r\u00e1s f\u00fcggv\u00e9ny\u00e9ben az \u00f6nt\u00f6z\u00e9st n\u00f6velj\u00fck vagy cs\u00f6kkents\u00fck. A \u00a0napokig tart\u00f3 folyamatos es\u0151z\u00e9s indokolja csak az \u00f6nt\u00f6z\u00e9s sz\u00fcneteltet\u00e9s\u00e9t. A locsol\u00e1st kora reggel vagy k\u00e9s\u0151 este v\u00e9gezz\u00fck el. A cser\u00e9pbe \u00fcltetett n\u00f6v\u00e9nyeket minden esetben rendszeresen \u00f6nt\u00f6zz\u00fck \u00e9s t\u00e1pozzuk , mivel a termeszt\u0151 k\u00f6zeg v\u00edz \u00e9s t\u00e1panyag mennyis\u00e9ge igen hamar ki\u00fcr\u00fcl. Csapad\u00e9kszeg\u00e9ny t\u00e9len, enyhe id\u0151ben locsoljuk meg a t\u00f6veket, mert sok esetben nem kifagynak, hanem kisz\u00e1radnak.<\/p>\n<p>&nbsp;<\/p>\n<p>A n\u00f6v\u00e9ny 80\/100 cm magas, 3,5l -es kont\u00e9nerben kaphat\u00f3.<\/p>\n<h4><strong>\ud83d\udd04 K\u00e9szletinform\u00e1ci\u00f3<\/strong><\/h4>\n<p><strong>K\u00e9szlet\u00fcnk napi szinten v\u00e1ltozik, \u00edgy a webshopban szerepl<\/strong><strong>\u0151<\/strong><strong> term\u00e9kek el\u00e9rhet<\/strong><strong>\u0151<\/strong><strong>s\u00e9ge nem garant\u00e1lt.<br \/>\n\ud83d\udcde A megrendel\u00e9s el<\/strong><strong>\u0151<\/strong><strong>tt k\u00e9rj\u00fck, \u00e9rdekl<\/strong><strong>\u0151<\/strong><strong>dj\u00f6n szem\u00e9lyesen, telefonon vagy e-mailben!<\/strong><\/p>\n<h4><strong>\u27a1\ufe0f Kapcsolat:<\/strong><\/h4>\n<ul>\n<li><strong>Weboldal: <\/strong><a href=\"https:\/\/tajkertesz.com\"><strong>tajkertesz.com<\/strong><\/a><\/li>\n<li><strong>Facebook: <\/strong><a href=\"https:\/\/www.facebook.com\/tajkertesz\/\"><strong>facebook.com\/tajkertesz<\/strong><\/a><\/li>\n<li><strong>Telefonsz\u00e1m, e-mail: +36\/20-319-3770 <\/strong><a href=\"mailto:tajkerteszaruda@gmail.com\"><strong>tajkerteszaruda@gmail.com<\/strong><\/a><\/li>\n<\/ul>\n<h4><strong>\ud83d\ude9a Sz\u00e1ll\u00edt\u00e1si inform\u00e1ci\u00f3k<\/strong><\/h4>\n<p><strong>A megrendelt n\u00f6v\u00e9nyek kisz\u00e1ll\u00edt\u00e1sa az al\u00e1bbi felt\u00e9telek mellett t\u00f6rt\u00e9nik:<\/strong><\/p>\n<h4><strong>\ud83d\udce6 Fut\u00e1rszolg\u00e1latos sz\u00e1ll\u00edt\u00e1s<\/strong><\/h4>\n<ul>\n<li><strong>Maxim\u00e1lis m\u00e9ret: 200 cm (hossz\u00fas\u00e1g)<\/strong><\/li>\n<li><strong>Maxim\u00e1lis s\u00faly: 40 kg<\/strong><\/li>\n<li><strong>Az enn\u00e9l kisebb \u00e9s k\u00f6nnyebb csomagokat fut\u00e1rszolg\u00e1lattal k\u00e9zbes\u00edtj\u00fck a lehet<\/strong><strong>\u0151<\/strong><strong> legbiztons\u00e1gosabb csomagol\u00e1sban.<\/strong><\/li>\n<\/ul>\n<h4><strong>\ud83d\udefb Szem\u00e9lyes \u00e1tv\u00e9tel<\/strong><\/h4>\n<ul>\n<li><strong>1173 Budapest, Bakancsos utca 7. sz\u00e1m alatt nyitvatart\u00e1si id<\/strong><strong>\u0151<\/strong><strong>ben szem\u00e9lyesen \u00e1tvehet<\/strong><strong>\u0151<\/strong><strong> kert\u00e9szeti \u00e1rud\u00e1nkban.<\/strong><\/li>\n<li><strong>K\u00f6lts\u00e9ghat\u00e9kony megold\u00e1s nagyobb, t\u00f6r\u00e9kenyebb vagy t\u00falm\u00e9retes n\u00f6v\u00e9nyek eset\u00e9n.<\/strong><\/li>\n<\/ul>\n<h4><strong>\ud83d\udcde Nagy m\u00e9ret<\/strong><strong>\u0171<\/strong><strong> vagy s\u00faly\u00fa n\u00f6v\u00e9nyek eset\u00e9n<\/strong><\/h4>\n<p><strong>Ha a term\u00e9k:<\/strong><\/p>\n<ul>\n<li><strong>meghaladja a 200 cm hossz\u00fas\u00e1got vagy<\/strong><\/li>\n<li><strong>meghaladja a 40 kg s\u00falyt,<\/strong><\/li>\n<\/ul>\n<p><strong>akkor szem\u00e9lyes \u00e1tv\u00e9tellel vagy egyedi, el<\/strong><strong>\u0151<\/strong><strong>re egyeztetett sz\u00e1ll\u00edt\u00e1si felt\u00e9telek mellett t\u00f6rt\u00e9nik.<br \/>\nK\u00e9rj\u00fck, ilyen esetben rendel\u00e9s el<\/strong><strong>\u0151<\/strong><strong>tt vegye fel vel\u00fcnk a kapcsolatot, hogy a lehet<\/strong><strong>\u0151<\/strong><strong> legmegfelel<\/strong><strong>\u0151<\/strong><strong>bb sz\u00e1ll\u00edt\u00e1si megold\u00e1st k\u00edn\u00e1lhassuk.<\/strong><\/p>\n<p><strong>\ud83d\udd14 Fontos: A n\u00f6v\u00e9nyeket minden esetben igyeksz\u00fcnk gondosan, egyes\u00e9vel csomagolni, azonban a sz\u00e1ll\u00edt\u00e1s sor\u00e1n kisebb eszt\u00e9tikai s\u00e9r\u00fcl\u00e9sek el<\/strong><strong>\u0151<\/strong><strong>fordulhatnak (pl. lev\u00e9lhull\u00e1s). Ez nem min<\/strong><strong>\u0151<\/strong><strong>s\u00fcl hib\u00e1s teljes\u00edt\u00e9snek.<\/strong><\/p>\n<h4><strong>\ud83d\udcf7 Fontos tudni a k\u00e9pekr<\/strong><strong>\u0151<\/strong><strong>l<\/strong><\/h4>\n<p><strong>A webshopban szerepl<\/strong><strong>\u0151<\/strong><strong> k\u00e9pek illusztr\u00e1ci\u00f3k, a n\u00f6v\u00e9nyek term\u00e9szet\u00fckn\u00e9l fogva egyediek, \u00edgy m\u00e9retben, alakban \u00e9s sz\u00ednben minim\u00e1lis elt\u00e9r\u00e9sek el<\/strong><strong>\u0151<\/strong><strong>fordulhatnak a k\u00e9pen l\u00e1that\u00f3 \u00e9s a val\u00f3s p\u00e9ld\u00e1nyok k\u00f6z\u00f6tt.<\/strong><\/p>\n<h4><strong>\ud83e\uddfe \u00c1rak \u00e9s el\u00e1ll\u00e1si jog<\/strong><\/h4>\n<ul>\n<li><strong>Az \u00e1rak egy darab\u00a0n\u00f6v\u00e9nyre vonatkoznak.<\/strong><\/li>\n<li><strong>\u00c9l<\/strong><strong>\u0151<\/strong><strong> n\u00f6v\u00e9nyek rendel\u00e9se eset\u00e9n a 14 napos el\u00e1ll\u00e1s joga nem \u00e9rv\u00e9nyes\u00edthet<\/strong><strong>\u0151<\/strong><strong>, mivel azok romland\u00f3, biol\u00f3giailag \u00e9l<\/strong><strong>\u0151<\/strong><strong> term\u00e9keknek min<\/strong><strong>\u0151<\/strong><strong>s\u00fclnek.<br \/>\n\ud83d\udd12 (17\/1999. (II. 5.) Korm. rendelet 5. \u00a7 c) pontja alapj\u00e1n)<\/strong><\/li>\n<\/ul>\n<h4><strong>\ud83d\udce6 K\u00e9zbes\u00edt\u00e9s ut\u00e1ni teend<\/strong><strong>\u0151<\/strong><strong>k<\/strong><\/h4>\n<p><strong>A k\u00e9zbes\u00edt\u00e9st k\u00f6vet<\/strong><strong>\u0151<\/strong><strong>en a csomagot azonnal bontsuk ki, \u00e9s a n\u00f6v\u00e9nyt helyezz\u00fck el megfelel<\/strong><strong>\u0151<\/strong><strong> k\u00f6rnyezetben.<br \/>\nFontos: ha a n\u00f6v\u00e9ny nem r\u00e9szes\u00fcl megfelel<\/strong><strong>\u0151<\/strong><strong> gondoz\u00e1sban \u00e9s ennek k\u00f6vetkezt\u00e9ben k\u00e1rosodik vagy elpusztul, felel<\/strong><strong>\u0151<\/strong><strong>ss\u00e9get nem tudunk v\u00e1llalni.<\/strong><\/p>","protected":false},"excerpt":{"rendered":"<p>80\/100 cm magas\u00a0 3,5L-es cser\u00e9pben.<\/p>\n<p><strong><i>A Cupressocyparis leylandii ,<\/i>Leylandi ciprus az egyik legn\u00e9pszer\u0171bb s\u00f6v\u00e9nyn\u00f6v\u00e9ny , mely a leggyorsabban is n\u00f6vekszik.\u00a0<\/strong><\/p>\n<p>N\u00e9pszer\u0171s\u00e9g\u00e9t annak a j\u00f3 tulajdons\u00e1g\u00e1nak k\u00f6sz\u00f6nheti , hogy igen gyorsan s\u0171r\u0171 \u00e1tl\u00e1thatatlan s\u00f6v\u00e9ny k\u00e9sz\u00edthet\u0151 bel\u0151le .<\/p>\n<p>N\u00f6veked\u00e9si intenzit\u00e1s\u00e1ra jellemz\u0151 hogy k\u00e9pes 1 m\u00e9tert is n\u0151ni 1 \u00e9v alatt. Magass\u00e1ga el\u00e9rheti a 10-15 m-t is sz\u00e9les k\u00fap alak\u00fa ellen\u00e1ll\u00f3 fajta.<\/p>\n<p>Parkokba szoliterk\u00e9nt \u00fcltetik. A metsz\u00e9st j\u00f3l t\u0171ri. \u00c9venk\u00e9nt\u00a0 2-3 ny\u00edr\u00e1ssal gy\u00f6ny\u00f6r\u0171, t\u00f6m\u00f6r, \u00e1tl\u00e1thatatlan s\u00f6v\u00e9nyt tudunk bel\u0151le k\u00e9sz\u00edteni. Talajban nem v\u00e1logat\u00f3s.<\/p>\n<p>A\u00a0 rendszeres t\u00e1panyagut\u00e1np\u00f3tl\u00e1st viszont gy\u00f6ny\u00f6r\u0171 buja z\u00f6ld \u00e1gakkal h\u00e1l\u00e1lja meg.<\/p>","protected":false},"featured_media":23184,"template":"","meta":{"_et_pb_use_builder":"","_et_pb_old_content":"","_et_gb_content_width":""},"product_brand":[],"product_cat":[5166],"product_tag":[6440,6441,759,6442,5938,6128,761,760,24,763],"class_list":{"0":"post-2315","1":"product","2":"type-product","3":"status-publish","4":"has-post-thumbnail","6":"product_cat-leylandii-ciprus","7":"product_tag-80-100-cm","8":"product_tag-belatasgatlo-noveny","9":"product_tag-cupressocyparis-leylandii","10":"product_tag-fagyallo-noveny","11":"product_tag-gyors-novekedesu","12":"product_tag-konteneres-noveny","13":"product_tag-lejlandi","14":"product_tag-leylandi-ciprus","15":"product_tag-orokzold","16":"product_tag-sovenynoveny","18":"first","19":"instock","20":"shipping-taxable","21":"purchasable","22":"product-type-simple"},"yoast_head":"<!-- This site is optimized with the Yoast SEO plugin v27.5 - https:\/\/yoast.com\/product\/yoast-seo-wordpress\/ -->\n<title>Cupressocyparis leylandii - Leylandi ciprus 80\/100 - T\u00e1jkert\u00e9sz<\/title>\n<meta name=\"description\" content=\"A Cupressocyparis leylandii - Leylandi ciprus 80\/100 az egyik legn\u00e9pszer\u0171bb s\u00f6v\u00e9nyn\u00f6v\u00e9ny , mely a leggyorsabban is n\u00f6vekszik.\u00a0\" \/>\n<meta name=\"robots\" content=\"index, follow, max-snippet:-1, max-image-preview:large, max-video-preview:-1\" \/>\n<link rel=\"canonical\" href=\"https:\/\/tajkertesz.com\/en_US\/product\/cupressocyparis-leylandii-leylandi-ciprus\/\" \/>\n<meta property=\"og:locale\" content=\"en_US\" \/>\n<meta property=\"og:type\" content=\"article\" \/>\n<meta property=\"og:title\" content=\"Cupressocyparis leylandii - Leylandi ciprus 80\/100 - T\u00e1jkert\u00e9sz\" \/>\n<meta property=\"og:description\" content=\"A Cupressocyparis leylandii - Leylandi ciprus 80\/100 az egyik legn\u00e9pszer\u0171bb s\u00f6v\u00e9nyn\u00f6v\u00e9ny , mely a leggyorsabban is n\u00f6vekszik.\u00a0\" \/>\n<meta property=\"og:url\" content=\"https:\/\/tajkertesz.com\/en_US\/product\/cupressocyparis-leylandii-leylandi-ciprus\/\" \/>\n<meta property=\"og:site_name\" content=\"T\u00e1jkert\u00e9sz\" \/>\n<meta property=\"article:publisher\" content=\"https:\/\/www.facebook.com\/Tajkertesz\/\" \/>\n<meta property=\"article:modified_time\" content=\"2026-02-24T11:41:36+00:00\" \/>\n<meta property=\"og:image\" content=\"https:\/\/tajkertesz.com\/wp-content\/uploads\/2020\/10\/20220211_162902-1-scaled.jpg\" \/>\n\t<meta property=\"og:image:width\" content=\"2560\" \/>\n\t<meta property=\"og:image:height\" content=\"1509\" \/>\n\t<meta property=\"og:image:type\" content=\"image\/jpeg\" \/>\n<meta name=\"twitter:card\" content=\"summary_large_image\" \/>\n<meta name=\"twitter:label1\" content=\"Est. reading time\" \/>\n\t<meta name=\"twitter:data1\" content=\"3 minutes\" \/>\n<script type=\"application\/ld+json\" class=\"yoast-schema-graph\">{\"@context\":\"https:\\\/\\\/schema.org\",\"@graph\":[{\"@type\":\"WebPage\",\"@id\":\"https:\\\/\\\/tajkertesz.com\\\/termek\\\/cupressocyparis-leylandii-leylandi-ciprus\\\/\",\"url\":\"https:\\\/\\\/tajkertesz.com\\\/termek\\\/cupressocyparis-leylandii-leylandi-ciprus\\\/\",\"name\":\"Cupressocyparis leylandii - Leylandi ciprus 80\\\/100 - T\u00e1jkert\u00e9sz\",\"isPartOf\":{\"@id\":\"https:\\\/\\\/tajkertesz.com\\\/#website\"},\"primaryImageOfPage\":{\"@id\":\"https:\\\/\\\/tajkertesz.com\\\/termek\\\/cupressocyparis-leylandii-leylandi-ciprus\\\/#primaryimage\"},\"image\":{\"@id\":\"https:\\\/\\\/tajkertesz.com\\\/termek\\\/cupressocyparis-leylandii-leylandi-ciprus\\\/#primaryimage\"},\"thumbnailUrl\":\"https:\\\/\\\/tajkertesz.com\\\/wp-content\\\/uploads\\\/2020\\\/10\\\/20220211_162902-1-scaled.jpg\",\"datePublished\":\"2020-10-27T12:14:08+00:00\",\"dateModified\":\"2026-02-24T11:41:36+00:00\",\"description\":\"A Cupressocyparis leylandii - Leylandi ciprus 80\\\/100 az egyik legn\u00e9pszer\u0171bb s\u00f6v\u00e9nyn\u00f6v\u00e9ny , mely a leggyorsabban is n\u00f6vekszik.\u00a0\",\"breadcrumb\":{\"@id\":\"https:\\\/\\\/tajkertesz.com\\\/termek\\\/cupressocyparis-leylandii-leylandi-ciprus\\\/#breadcrumb\"},\"inLanguage\":\"en-US\",\"potentialAction\":[{\"@type\":\"ReadAction\",\"target\":[\"https:\\\/\\\/tajkertesz.com\\\/termek\\\/cupressocyparis-leylandii-leylandi-ciprus\\\/\"]}]},{\"@type\":\"ImageObject\",\"inLanguage\":\"en-US\",\"@id\":\"https:\\\/\\\/tajkertesz.com\\\/termek\\\/cupressocyparis-leylandii-leylandi-ciprus\\\/#primaryimage\",\"url\":\"https:\\\/\\\/tajkertesz.com\\\/wp-content\\\/uploads\\\/2020\\\/10\\\/20220211_162902-1-scaled.jpg\",\"contentUrl\":\"https:\\\/\\\/tajkertesz.com\\\/wp-content\\\/uploads\\\/2020\\\/10\\\/20220211_162902-1-scaled.jpg\",\"width\":2560,\"height\":1509,\"caption\":\"Cupressocyparis leylandii - Leylandi ciprus 80\\\/100\"},{\"@type\":\"BreadcrumbList\",\"@id\":\"https:\\\/\\\/tajkertesz.com\\\/termek\\\/cupressocyparis-leylandii-leylandi-ciprus\\\/#breadcrumb\",\"itemListElement\":[{\"@type\":\"ListItem\",\"position\":1,\"name\":\"Home\",\"item\":\"https:\\\/\\\/tajkertesz.com\\\/\"},{\"@type\":\"ListItem\",\"position\":2,\"name\":\"Kezd\u0151lap\",\"item\":\"https:\\\/\\\/tajkertesz.com\\\/\"},{\"@type\":\"ListItem\",\"position\":3,\"name\":\"Cupressocyparis leylandii &#8211; Leylandi ciprus 80\\\/100\"}]},{\"@type\":\"WebSite\",\"@id\":\"https:\\\/\\\/tajkertesz.com\\\/#website\",\"url\":\"https:\\\/\\\/tajkertesz.com\\\/\",\"name\":\"T\u00e1j-Kert\u00e9sz 84 Kft.\",\"description\":\"Kert\u00e9szeti kis- \u00e9s nagykeresked\u00e9s, D\u00edszn\u00f6v\u00e9ny web\u00e1ruh\u00e1z orsz\u00e1gos h\u00e1zhozsz\u00e1ll\u00edt\u00e1ssal!\",\"publisher\":{\"@id\":\"https:\\\/\\\/tajkertesz.com\\\/#organization\"},\"potentialAction\":[{\"@type\":\"SearchAction\",\"target\":{\"@type\":\"EntryPoint\",\"urlTemplate\":\"https:\\\/\\\/tajkertesz.com\\\/?s={search_term_string}\"},\"query-input\":{\"@type\":\"PropertyValueSpecification\",\"valueRequired\":true,\"valueName\":\"search_term_string\"}}],\"inLanguage\":\"en-US\"},{\"@type\":\"Organization\",\"@id\":\"https:\\\/\\\/tajkertesz.com\\\/#organization\",\"name\":\"T\u00e1j-Kert\u00e9sz 84 Kft.\",\"url\":\"https:\\\/\\\/tajkertesz.com\\\/\",\"logo\":{\"@type\":\"ImageObject\",\"inLanguage\":\"en-US\",\"@id\":\"https:\\\/\\\/tajkertesz.com\\\/#\\\/schema\\\/logo\\\/image\\\/\",\"url\":\"https:\\\/\\\/tajkertesz.com\\\/wp-content\\\/uploads\\\/2018\\\/02\\\/logo-2-e1518678052539.png\",\"contentUrl\":\"https:\\\/\\\/tajkertesz.com\\\/wp-content\\\/uploads\\\/2018\\\/02\\\/logo-2-e1518678052539.png\",\"width\":81,\"height\":140,\"caption\":\"T\u00e1j-Kert\u00e9sz 84 Kft.\"},\"image\":{\"@id\":\"https:\\\/\\\/tajkertesz.com\\\/#\\\/schema\\\/logo\\\/image\\\/\"},\"sameAs\":[\"https:\\\/\\\/www.facebook.com\\\/Tajkertesz\\\/\"]}]}<\/script>\n<!-- \/ Yoast SEO plugin. -->","yoast_head_json":{"title":"Cupressocyparis leylandii - Leylandi ciprus 80\/100 - T\u00e1jkert\u00e9sz","description":"A Cupressocyparis leylandii - Leylandi ciprus 80\/100 az egyik legn\u00e9pszer\u0171bb s\u00f6v\u00e9nyn\u00f6v\u00e9ny , mely a leggyorsabban is n\u00f6vekszik.\u00a0","robots":{"index":"index","follow":"follow","max-snippet":"max-snippet:-1","max-image-preview":"max-image-preview:large","max-video-preview":"max-video-preview:-1"},"canonical":"https:\/\/tajkertesz.com\/en_US\/product\/cupressocyparis-leylandii-leylandi-ciprus\/","og_locale":"en_US","og_type":"article","og_title":"Cupressocyparis leylandii - Leylandi ciprus 80\/100 - T\u00e1jkert\u00e9sz","og_description":"A Cupressocyparis leylandii - Leylandi ciprus 80\/100 az egyik legn\u00e9pszer\u0171bb s\u00f6v\u00e9nyn\u00f6v\u00e9ny , mely a leggyorsabban is n\u00f6vekszik.\u00a0","og_url":"https:\/\/tajkertesz.com\/en_US\/product\/cupressocyparis-leylandii-leylandi-ciprus\/","og_site_name":"T\u00e1jkert\u00e9sz","article_publisher":"https:\/\/www.facebook.com\/Tajkertesz\/","article_modified_time":"2026-02-24T11:41:36+00:00","og_image":[{"width":2560,"height":1509,"url":"https:\/\/tajkertesz.com\/wp-content\/uploads\/2020\/10\/20220211_162902-1-scaled.jpg","type":"image\/jpeg"}],"twitter_card":"summary_large_image","twitter_misc":{"Est. reading time":"3 minutes"},"schema":{"@context":"https:\/\/schema.org","@graph":[{"@type":"WebPage","@id":"https:\/\/tajkertesz.com\/termek\/cupressocyparis-leylandii-leylandi-ciprus\/","url":"https:\/\/tajkertesz.com\/termek\/cupressocyparis-leylandii-leylandi-ciprus\/","name":"Cupressocyparis leylandii - Leylandi ciprus 80\/100 - T\u00e1jkert\u00e9sz","isPartOf":{"@id":"https:\/\/tajkertesz.com\/#website"},"primaryImageOfPage":{"@id":"https:\/\/tajkertesz.com\/termek\/cupressocyparis-leylandii-leylandi-ciprus\/#primaryimage"},"image":{"@id":"https:\/\/tajkertesz.com\/termek\/cupressocyparis-leylandii-leylandi-ciprus\/#primaryimage"},"thumbnailUrl":"https:\/\/tajkertesz.com\/wp-content\/uploads\/2020\/10\/20220211_162902-1-scaled.jpg","datePublished":"2020-10-27T12:14:08+00:00","dateModified":"2026-02-24T11:41:36+00:00","description":"A Cupressocyparis leylandii - Leylandi ciprus 80\/100 az egyik legn\u00e9pszer\u0171bb s\u00f6v\u00e9nyn\u00f6v\u00e9ny , mely a leggyorsabban is n\u00f6vekszik.\u00a0","breadcrumb":{"@id":"https:\/\/tajkertesz.com\/termek\/cupressocyparis-leylandii-leylandi-ciprus\/#breadcrumb"},"inLanguage":"en-US","potentialAction":[{"@type":"ReadAction","target":["https:\/\/tajkertesz.com\/termek\/cupressocyparis-leylandii-leylandi-ciprus\/"]}]},{"@type":"ImageObject","inLanguage":"en-US","@id":"https:\/\/tajkertesz.com\/termek\/cupressocyparis-leylandii-leylandi-ciprus\/#primaryimage","url":"https:\/\/tajkertesz.com\/wp-content\/uploads\/2020\/10\/20220211_162902-1-scaled.jpg","contentUrl":"https:\/\/tajkertesz.com\/wp-content\/uploads\/2020\/10\/20220211_162902-1-scaled.jpg","width":2560,"height":1509,"caption":"Cupressocyparis leylandii - Leylandi ciprus 80\/100"},{"@type":"BreadcrumbList","@id":"https:\/\/tajkertesz.com\/termek\/cupressocyparis-leylandii-leylandi-ciprus\/#breadcrumb","itemListElement":[{"@type":"ListItem","position":1,"name":"Home","item":"https:\/\/tajkertesz.com\/"},{"@type":"ListItem","position":2,"name":"Kezd\u0151lap","item":"https:\/\/tajkertesz.com\/"},{"@type":"ListItem","position":3,"name":"Cupressocyparis leylandii &#8211; Leylandi ciprus 80\/100"}]},{"@type":"WebSite","@id":"https:\/\/tajkertesz.com\/#website","url":"https:\/\/tajkertesz.com\/","name":"T\u00e1j-Kert\u00e9sz 84 Kft.","description":"Kert\u00e9szeti kis- \u00e9s nagykeresked\u00e9s, D\u00edszn\u00f6v\u00e9ny web\u00e1ruh\u00e1z orsz\u00e1gos h\u00e1zhozsz\u00e1ll\u00edt\u00e1ssal!","publisher":{"@id":"https:\/\/tajkertesz.com\/#organization"},"potentialAction":[{"@type":"SearchAction","target":{"@type":"EntryPoint","urlTemplate":"https:\/\/tajkertesz.com\/?s={search_term_string}"},"query-input":{"@type":"PropertyValueSpecification","valueRequired":true,"valueName":"search_term_string"}}],"inLanguage":"en-US"},{"@type":"Organization","@id":"https:\/\/tajkertesz.com\/#organization","name":"T\u00e1j-Kert\u00e9sz 84 Kft.","url":"https:\/\/tajkertesz.com\/","logo":{"@type":"ImageObject","inLanguage":"en-US","@id":"https:\/\/tajkertesz.com\/#\/schema\/logo\/image\/","url":"https:\/\/tajkertesz.com\/wp-content\/uploads\/2018\/02\/logo-2-e1518678052539.png","contentUrl":"https:\/\/tajkertesz.com\/wp-content\/uploads\/2018\/02\/logo-2-e1518678052539.png","width":81,"height":140,"caption":"T\u00e1j-Kert\u00e9sz 84 Kft."},"image":{"@id":"https:\/\/tajkertesz.com\/#\/schema\/logo\/image\/"},"sameAs":["https:\/\/www.facebook.com\/Tajkertesz\/"]}]}},"_links":{"self":[{"href":"https:\/\/tajkertesz.com\/en_US\/wp-json\/wp\/v2\/product\/2315","targetHints":{"allow":["GET"]}}],"collection":[{"href":"https:\/\/tajkertesz.com\/en_US\/wp-json\/wp\/v2\/product"}],"about":[{"href":"https:\/\/tajkertesz.com\/en_US\/wp-json\/wp\/v2\/types\/product"}],"wp:featuredmedia":[{"embeddable":true,"href":"https:\/\/tajkertesz.com\/en_US\/wp-json\/wp\/v2\/media\/23184"}],"wp:attachment":[{"href":"https:\/\/tajkertesz.com\/en_US\/wp-json\/wp\/v2\/media?parent=2315"}],"wp:term":[{"taxonomy":"product_brand","embeddable":true,"href":"https:\/\/tajkertesz.com\/en_US\/wp-json\/wp\/v2\/product_brand?post=2315"},{"taxonomy":"product_cat","embeddable":true,"href":"https:\/\/tajkertesz.com\/en_US\/wp-json\/wp\/v2\/product_cat?post=2315"},{"taxonomy":"product_tag","embeddable":true,"href":"https:\/\/tajkertesz.com\/en_US\/wp-json\/wp\/v2\/product_tag?post=2315"}],"curies":[{"name":"wp","href":"https:\/\/api.w.org\/{rel}","templated":true}]}}