{"id":23150,"date":"2025-04-09T13:38:05","date_gmt":"2025-04-09T13:38:05","guid":{"rendered":"https:\/\/tajkertesz.com\/?post_type=product&#038;p=23150"},"modified":"2026-02-26T15:35:08","modified_gmt":"2026-02-26T15:35:08","slug":"agrecol-bukszus-mutragya-12kg","status":"publish","type":"product","link":"https:\/\/tajkertesz.com\/en_US\/product\/agrecol-bukszus-mutragya-12kg\/","title":{"rendered":"Agrecol Bukszus m\u0171tr\u00e1gya 1,2kg"},"content":{"rendered":"<h1>Agrecol Bukszus m\u0171tr\u00e1gya 1,2kg<\/h1>\n<p>Agrecol Bukszus m\u0171tr\u00e1gya 1,2kg<\/p>\n<p>Bukszusok tr\u00e1gy\u00e1z\u00e1s\u00e1ra<br \/>\nbiztos\u00edtja a z\u00f6ldt\u00f6meg megfelel\u0151 regener\u00e1l\u00f3d\u00e1s\u00e1t a karbantart\u00f3 v\u00e1g\u00e1sok ut\u00e1n<br \/>\nhat\u00e1sfok: 1,2 kg\/30 m2<br \/>\nSorozat:<br \/>\nMegsz\u00f3rjuk<\/p>\n<p>CE m\u0171tr\u00e1gya<br \/>\nnitrog\u00e9n (N) \u2013 12%<br \/>\nfoszfor (P2O5) \u2013 10%<br \/>\nk\u00e1lium (K2O) \u2013 12%<\/p>\n<p>A Bukszus m\u0171tr\u00e1gya egy t\u00f6bbkomponens\u0171 \u00e1sv\u00e1nyi m\u0171tr\u00e1gya, amely minden fajta puszp\u00e1ng m\u0171tr\u00e1gy\u00e1z\u00e1s\u00e1ra szolg\u00e1l. Szemcs\u00e9s form\u00e1j\u00e1nak k\u00f6sz\u00f6nhet\u0151en k\u00f6nnyen haszn\u00e1lhat\u00f3,<\/p>\n<p>\u00e9s garant\u00e1lja a t\u00e1panyagok egyenletes felszabadul\u00e1s\u00e1t.<\/p>\n<p>A m\u0171tr\u00e1gya magas nitrog\u00e9n-, foszfor- \u00e9s k\u00e1liumtartalma fedezi a n\u00f6v\u00e9nyek t\u00e1panyagsz\u00fcks\u00e9glet\u00e9t.<\/p>\n<p>A szisztematikusan kijuttatott m\u0171tr\u00e1gya pozit\u00edv hat\u00e1ssal van a n\u00f6v\u00e9nyek \u00e1llapot\u00e1ra, seg\u00edt meg\u0151rizni a levelek buja z\u00f6ldj\u00e9t, valamint t\u00e1mogatja a bukszusok megvastagod\u00e1s\u00e1t \u00e9s a v\u00e1g\u00e1s ut\u00e1ni regener\u00e1ci\u00f3t.<\/p>\n<p>Hogyan kell haszn\u00e1lni:<br \/>\nHaszn\u00e1lja m\u00e1rciust\u00f3l augusztusig, 60 naponta. Az \u0151szi m\u0171tr\u00e1gy\u00e1t szeptembert\u0151l kell kijuttatni.<\/p>\n<p>1. M\u00e9rje ki a megfelel\u0151 mennyis\u00e9g\u0171 m\u0171tr\u00e1gy\u00e1t, att\u00f3l f\u00fcgg\u0151en, hogy hogyan k\u00edv\u00e1nja termeszteni a n\u00f6v\u00e9nyeket:<br \/>\n\u2022 kont\u00e9nerben termesztett n\u00f6v\u00e9nyek \u2013 haszn\u00e1ljon 40 g m\u0171tr\u00e1gy\u00e1t minden 20 liter cser\u00e9pt\u00e9rfogathoz<br \/>\n\u2022 f\u00f6ldben termesztett n\u00f6v\u00e9nyek \u2013 40-60 g m\u0171tr\u00e1gy\u00e1t haszn\u00e1ljon minden 1 m\u00e9ter n\u00f6v\u00e9nymagass\u00e1g\/sz\u00e9less\u00e9g<br \/>\n\u2022 s\u00f6v\u00e9ny \u2013 minden 1 m2 s\u00f6v\u00e9nyhez 40-80 g m\u0171tr\u00e1gy\u00e1t haszn\u00e1ljon<\/p>\n<p>2. A m\u0171tr\u00e1gy\u00e1t egyenletesen sz\u00f3rjuk a n\u00f6v\u00e9ny k\u00f6r\u00e9, \u00e9s lehet\u0151s\u00e9g szerint keverj\u00fck a talaj fels\u0151 r\u00e9teg\u00e9be.<br \/>\n3. A m\u0171tr\u00e1gy\u00e1z\u00e1s ut\u00e1n alaposan \u00f6nt\u00f6zz\u00fck meg a n\u00f6v\u00e9nyt.<\/p>\n<p>1 mar\u00e9k k\u00f6r\u00fclbel\u00fcl 30-40 g m\u0171tr\u00e1gy\u00e1t jelent.<\/p>\n<p style=\"line-height: 18.0pt; background: white; margin: 0cm 0cm 15.0pt 0cm;\"><b><span style=\"font-family: 'Ubuntu',sans-serif; color: black;\">K\u00e9szlet\u00fcnk napi szinten v\u00e1ltozik, ez\u00e9rt k\u00e9rj\u00fck, \u00e9rdekl\u0151dj\u00f6n szem\u00e9lyesen, telefonon vagy email-en.<br \/>\nA v\u00e1ltoztat\u00e1s jog\u00e1t fenntartjuk!\u00a0<\/span><\/b><\/p>\n<p><a href=\"https:\/\/tajkertesz.com\/\">https:\/\/tajkertesz.com\/<\/a><\/p>\n<p><a href=\"https:\/\/www.facebook.com\/tajkertesz\/\">https:\/\/www.facebook.com\/tajkertesz\/<\/a><\/p>\n<p>Kisz\u00e1ll\u00edt\u00e1s: 200cm-ig \u00e9s 40 kg-ig a sz\u00e1ll\u00edt\u00e1s fut\u00e1rszolg\u00e1lattal t\u00f6rt\u00e9nik.<\/p>\n<p>Szem\u00e9lyes \u00e1tv\u00e9tel nyitvatart\u00e1si id\u0151ben a 17. ker\u00fclet Bakancsos utca 7. sz\u00e1m alatti Kert\u00e9szeti \u00e1rud\u00e1nkban.<\/p>\n<p>A logisztikai c\u00e9ggel t\u00f6rt\u00e9n\u0151 sz\u00e1ll\u00edt\u00e1s eset\u00e9n a partnereink\u00a0esetleges a\u00a0cs\u00fasz\u00e1sai\u00e9rt nem<\/p>\n<p>v\u00e1llalunk felel\u0151ss\u00e9get!<\/p>\n<p><strong>Az \u00e1rak egy darab term\u00e9kre vonatkoznak.<\/strong><\/p>","protected":false},"excerpt":{"rendered":"<p>Agrecol Bukszus m\u0171tr\u00e1gya 1,2kg<\/p>","protected":false},"featured_media":23151,"template":"","meta":{"_et_pb_use_builder":"","_et_pb_old_content":"","_et_gb_content_width":""},"product_brand":[],"product_cat":[1415],"product_tag":[],"class_list":{"0":"post-23150","1":"product","2":"type-product","3":"status-publish","4":"has-post-thumbnail","6":"product_cat-agrecol-tapoldatok-mutragyak","8":"first","9":"instock","10":"shipping-taxable","11":"purchasable","12":"product-type-simple"},"yoast_head":"<!-- This site is optimized with the Yoast SEO plugin v27.4 - https:\/\/yoast.com\/product\/yoast-seo-wordpress\/ -->\n<title>Agrecol Bukszus m\u0171tr\u00e1gya 1,2kg - T\u00e1jkert\u00e9sz<\/title>\n<meta name=\"description\" content=\"Agrecol Bukszus m\u0171tr\u00e1gya 1,2kg...............................................................................................\" \/>\n<meta name=\"robots\" content=\"index, follow, max-snippet:-1, max-image-preview:large, max-video-preview:-1\" \/>\n<link rel=\"canonical\" href=\"https:\/\/tajkertesz.com\/en_US\/product\/agrecol-bukszus-mutragya-12kg\/\" \/>\n<meta property=\"og:locale\" content=\"en_US\" \/>\n<meta property=\"og:type\" content=\"article\" \/>\n<meta property=\"og:title\" content=\"Agrecol Bukszus m\u0171tr\u00e1gya 1,2kg - T\u00e1jkert\u00e9sz\" \/>\n<meta property=\"og:description\" content=\"Agrecol Bukszus m\u0171tr\u00e1gya 1,2kg...............................................................................................\" \/>\n<meta property=\"og:url\" content=\"https:\/\/tajkertesz.com\/en_US\/product\/agrecol-bukszus-mutragya-12kg\/\" \/>\n<meta property=\"og:site_name\" content=\"T\u00e1jkert\u00e9sz\" \/>\n<meta property=\"article:publisher\" content=\"https:\/\/www.facebook.com\/Tajkertesz\/\" \/>\n<meta property=\"article:modified_time\" content=\"2026-02-26T15:35:08+00:00\" \/>\n<meta property=\"og:image\" content=\"https:\/\/tajkertesz.com\/wp-content\/uploads\/2025\/04\/266-bukszpan-12kg-v2-wiz_370.png\" \/>\n\t<meta property=\"og:image:width\" content=\"371\" \/>\n\t<meta property=\"og:image:height\" content=\"481\" \/>\n\t<meta property=\"og:image:type\" content=\"image\/png\" \/>\n<meta name=\"twitter:card\" content=\"summary_large_image\" \/>\n<meta name=\"twitter:label1\" content=\"Est. reading time\" \/>\n\t<meta name=\"twitter:data1\" content=\"2 minutes\" \/>\n<script type=\"application\/ld+json\" class=\"yoast-schema-graph\">{\"@context\":\"https:\\\/\\\/schema.org\",\"@graph\":[{\"@type\":\"WebPage\",\"@id\":\"https:\\\/\\\/tajkertesz.com\\\/termek\\\/agrecol-bukszus-mutragya-12kg\\\/\",\"url\":\"https:\\\/\\\/tajkertesz.com\\\/termek\\\/agrecol-bukszus-mutragya-12kg\\\/\",\"name\":\"Agrecol Bukszus m\u0171tr\u00e1gya 1,2kg - T\u00e1jkert\u00e9sz\",\"isPartOf\":{\"@id\":\"https:\\\/\\\/tajkertesz.com\\\/#website\"},\"primaryImageOfPage\":{\"@id\":\"https:\\\/\\\/tajkertesz.com\\\/termek\\\/agrecol-bukszus-mutragya-12kg\\\/#primaryimage\"},\"image\":{\"@id\":\"https:\\\/\\\/tajkertesz.com\\\/termek\\\/agrecol-bukszus-mutragya-12kg\\\/#primaryimage\"},\"thumbnailUrl\":\"https:\\\/\\\/tajkertesz.com\\\/wp-content\\\/uploads\\\/2025\\\/04\\\/266-bukszpan-12kg-v2-wiz_370.png\",\"datePublished\":\"2025-04-09T13:38:05+00:00\",\"dateModified\":\"2026-02-26T15:35:08+00:00\",\"description\":\"Agrecol Bukszus m\u0171tr\u00e1gya 1,2kg...............................................................................................\",\"breadcrumb\":{\"@id\":\"https:\\\/\\\/tajkertesz.com\\\/termek\\\/agrecol-bukszus-mutragya-12kg\\\/#breadcrumb\"},\"inLanguage\":\"en-US\",\"potentialAction\":[{\"@type\":\"ReadAction\",\"target\":[\"https:\\\/\\\/tajkertesz.com\\\/termek\\\/agrecol-bukszus-mutragya-12kg\\\/\"]}]},{\"@type\":\"ImageObject\",\"inLanguage\":\"en-US\",\"@id\":\"https:\\\/\\\/tajkertesz.com\\\/termek\\\/agrecol-bukszus-mutragya-12kg\\\/#primaryimage\",\"url\":\"https:\\\/\\\/tajkertesz.com\\\/wp-content\\\/uploads\\\/2025\\\/04\\\/266-bukszpan-12kg-v2-wiz_370.png\",\"contentUrl\":\"https:\\\/\\\/tajkertesz.com\\\/wp-content\\\/uploads\\\/2025\\\/04\\\/266-bukszpan-12kg-v2-wiz_370.png\",\"width\":371,\"height\":481},{\"@type\":\"BreadcrumbList\",\"@id\":\"https:\\\/\\\/tajkertesz.com\\\/termek\\\/agrecol-bukszus-mutragya-12kg\\\/#breadcrumb\",\"itemListElement\":[{\"@type\":\"ListItem\",\"position\":1,\"name\":\"Home\",\"item\":\"https:\\\/\\\/tajkertesz.com\\\/\"},{\"@type\":\"ListItem\",\"position\":2,\"name\":\"Kezd\u0151lap\",\"item\":\"https:\\\/\\\/tajkertesz.com\\\/\"},{\"@type\":\"ListItem\",\"position\":3,\"name\":\"Agrecol Bukszus m\u0171tr\u00e1gya 1,2kg\"}]},{\"@type\":\"WebSite\",\"@id\":\"https:\\\/\\\/tajkertesz.com\\\/#website\",\"url\":\"https:\\\/\\\/tajkertesz.com\\\/\",\"name\":\"T\u00e1j-Kert\u00e9sz 84 Kft.\",\"description\":\"Kert\u00e9szeti kis- \u00e9s nagykeresked\u00e9s, D\u00edszn\u00f6v\u00e9ny web\u00e1ruh\u00e1z orsz\u00e1gos h\u00e1zhozsz\u00e1ll\u00edt\u00e1ssal!\",\"publisher\":{\"@id\":\"https:\\\/\\\/tajkertesz.com\\\/#organization\"},\"potentialAction\":[{\"@type\":\"SearchAction\",\"target\":{\"@type\":\"EntryPoint\",\"urlTemplate\":\"https:\\\/\\\/tajkertesz.com\\\/?s={search_term_string}\"},\"query-input\":{\"@type\":\"PropertyValueSpecification\",\"valueRequired\":true,\"valueName\":\"search_term_string\"}}],\"inLanguage\":\"en-US\"},{\"@type\":\"Organization\",\"@id\":\"https:\\\/\\\/tajkertesz.com\\\/#organization\",\"name\":\"T\u00e1j-Kert\u00e9sz 84 Kft.\",\"url\":\"https:\\\/\\\/tajkertesz.com\\\/\",\"logo\":{\"@type\":\"ImageObject\",\"inLanguage\":\"en-US\",\"@id\":\"https:\\\/\\\/tajkertesz.com\\\/#\\\/schema\\\/logo\\\/image\\\/\",\"url\":\"https:\\\/\\\/tajkertesz.com\\\/wp-content\\\/uploads\\\/2018\\\/02\\\/logo-2-e1518678052539.png\",\"contentUrl\":\"https:\\\/\\\/tajkertesz.com\\\/wp-content\\\/uploads\\\/2018\\\/02\\\/logo-2-e1518678052539.png\",\"width\":81,\"height\":140,\"caption\":\"T\u00e1j-Kert\u00e9sz 84 Kft.\"},\"image\":{\"@id\":\"https:\\\/\\\/tajkertesz.com\\\/#\\\/schema\\\/logo\\\/image\\\/\"},\"sameAs\":[\"https:\\\/\\\/www.facebook.com\\\/Tajkertesz\\\/\"]}]}<\/script>\n<!-- \/ Yoast SEO plugin. -->","yoast_head_json":{"title":"Agrecol Bukszus m\u0171tr\u00e1gya 1,2kg - T\u00e1jkert\u00e9sz","description":"Agrecol Bukszus m\u0171tr\u00e1gya 1,2kg...............................................................................................","robots":{"index":"index","follow":"follow","max-snippet":"max-snippet:-1","max-image-preview":"max-image-preview:large","max-video-preview":"max-video-preview:-1"},"canonical":"https:\/\/tajkertesz.com\/en_US\/product\/agrecol-bukszus-mutragya-12kg\/","og_locale":"en_US","og_type":"article","og_title":"Agrecol Bukszus m\u0171tr\u00e1gya 1,2kg - T\u00e1jkert\u00e9sz","og_description":"Agrecol Bukszus m\u0171tr\u00e1gya 1,2kg...............................................................................................","og_url":"https:\/\/tajkertesz.com\/en_US\/product\/agrecol-bukszus-mutragya-12kg\/","og_site_name":"T\u00e1jkert\u00e9sz","article_publisher":"https:\/\/www.facebook.com\/Tajkertesz\/","article_modified_time":"2026-02-26T15:35:08+00:00","og_image":[{"width":371,"height":481,"url":"https:\/\/tajkertesz.com\/wp-content\/uploads\/2025\/04\/266-bukszpan-12kg-v2-wiz_370.png","type":"image\/png"}],"twitter_card":"summary_large_image","twitter_misc":{"Est. reading time":"2 minutes"},"schema":{"@context":"https:\/\/schema.org","@graph":[{"@type":"WebPage","@id":"https:\/\/tajkertesz.com\/termek\/agrecol-bukszus-mutragya-12kg\/","url":"https:\/\/tajkertesz.com\/termek\/agrecol-bukszus-mutragya-12kg\/","name":"Agrecol Bukszus m\u0171tr\u00e1gya 1,2kg - T\u00e1jkert\u00e9sz","isPartOf":{"@id":"https:\/\/tajkertesz.com\/#website"},"primaryImageOfPage":{"@id":"https:\/\/tajkertesz.com\/termek\/agrecol-bukszus-mutragya-12kg\/#primaryimage"},"image":{"@id":"https:\/\/tajkertesz.com\/termek\/agrecol-bukszus-mutragya-12kg\/#primaryimage"},"thumbnailUrl":"https:\/\/tajkertesz.com\/wp-content\/uploads\/2025\/04\/266-bukszpan-12kg-v2-wiz_370.png","datePublished":"2025-04-09T13:38:05+00:00","dateModified":"2026-02-26T15:35:08+00:00","description":"Agrecol Bukszus m\u0171tr\u00e1gya 1,2kg...............................................................................................","breadcrumb":{"@id":"https:\/\/tajkertesz.com\/termek\/agrecol-bukszus-mutragya-12kg\/#breadcrumb"},"inLanguage":"en-US","potentialAction":[{"@type":"ReadAction","target":["https:\/\/tajkertesz.com\/termek\/agrecol-bukszus-mutragya-12kg\/"]}]},{"@type":"ImageObject","inLanguage":"en-US","@id":"https:\/\/tajkertesz.com\/termek\/agrecol-bukszus-mutragya-12kg\/#primaryimage","url":"https:\/\/tajkertesz.com\/wp-content\/uploads\/2025\/04\/266-bukszpan-12kg-v2-wiz_370.png","contentUrl":"https:\/\/tajkertesz.com\/wp-content\/uploads\/2025\/04\/266-bukszpan-12kg-v2-wiz_370.png","width":371,"height":481},{"@type":"BreadcrumbList","@id":"https:\/\/tajkertesz.com\/termek\/agrecol-bukszus-mutragya-12kg\/#breadcrumb","itemListElement":[{"@type":"ListItem","position":1,"name":"Home","item":"https:\/\/tajkertesz.com\/"},{"@type":"ListItem","position":2,"name":"Kezd\u0151lap","item":"https:\/\/tajkertesz.com\/"},{"@type":"ListItem","position":3,"name":"Agrecol Bukszus m\u0171tr\u00e1gya 1,2kg"}]},{"@type":"WebSite","@id":"https:\/\/tajkertesz.com\/#website","url":"https:\/\/tajkertesz.com\/","name":"T\u00e1j-Kert\u00e9sz 84 Kft.","description":"Kert\u00e9szeti kis- \u00e9s nagykeresked\u00e9s, D\u00edszn\u00f6v\u00e9ny web\u00e1ruh\u00e1z orsz\u00e1gos h\u00e1zhozsz\u00e1ll\u00edt\u00e1ssal!","publisher":{"@id":"https:\/\/tajkertesz.com\/#organization"},"potentialAction":[{"@type":"SearchAction","target":{"@type":"EntryPoint","urlTemplate":"https:\/\/tajkertesz.com\/?s={search_term_string}"},"query-input":{"@type":"PropertyValueSpecification","valueRequired":true,"valueName":"search_term_string"}}],"inLanguage":"en-US"},{"@type":"Organization","@id":"https:\/\/tajkertesz.com\/#organization","name":"T\u00e1j-Kert\u00e9sz 84 Kft.","url":"https:\/\/tajkertesz.com\/","logo":{"@type":"ImageObject","inLanguage":"en-US","@id":"https:\/\/tajkertesz.com\/#\/schema\/logo\/image\/","url":"https:\/\/tajkertesz.com\/wp-content\/uploads\/2018\/02\/logo-2-e1518678052539.png","contentUrl":"https:\/\/tajkertesz.com\/wp-content\/uploads\/2018\/02\/logo-2-e1518678052539.png","width":81,"height":140,"caption":"T\u00e1j-Kert\u00e9sz 84 Kft."},"image":{"@id":"https:\/\/tajkertesz.com\/#\/schema\/logo\/image\/"},"sameAs":["https:\/\/www.facebook.com\/Tajkertesz\/"]}]}},"_links":{"self":[{"href":"https:\/\/tajkertesz.com\/en_US\/wp-json\/wp\/v2\/product\/23150","targetHints":{"allow":["GET"]}}],"collection":[{"href":"https:\/\/tajkertesz.com\/en_US\/wp-json\/wp\/v2\/product"}],"about":[{"href":"https:\/\/tajkertesz.com\/en_US\/wp-json\/wp\/v2\/types\/product"}],"wp:featuredmedia":[{"embeddable":true,"href":"https:\/\/tajkertesz.com\/en_US\/wp-json\/wp\/v2\/media\/23151"}],"wp:attachment":[{"href":"https:\/\/tajkertesz.com\/en_US\/wp-json\/wp\/v2\/media?parent=23150"}],"wp:term":[{"taxonomy":"product_brand","embeddable":true,"href":"https:\/\/tajkertesz.com\/en_US\/wp-json\/wp\/v2\/product_brand?post=23150"},{"taxonomy":"product_cat","embeddable":true,"href":"https:\/\/tajkertesz.com\/en_US\/wp-json\/wp\/v2\/product_cat?post=23150"},{"taxonomy":"product_tag","embeddable":true,"href":"https:\/\/tajkertesz.com\/en_US\/wp-json\/wp\/v2\/product_tag?post=23150"}],"curies":[{"name":"wp","href":"https:\/\/api.w.org\/{rel}","templated":true}]}}